{"id":4290,"date":"2026-03-12T09:11:37","date_gmt":"2026-03-12T09:11:37","guid":{"rendered":"https:\/\/softplaysupply.com\/?post_type=product&#038;p=4290"},"modified":"2026-02-11T08:24:53","modified_gmt":"2026-02-11T08:24:53","slug":"corner-soft-play-foam-softscape-corner-climber","status":"publish","type":"product","link":"https:\/\/softplaysupply.com\/pt\/produto\/corner-soft-play-foam-softscape-corner-climber\/","title":{"rendered":"Escalador de canto Soft Play Foam Softscape Corner Escalador de balan\u00e7o interativo para crian\u00e7as para caf\u00e9s e parques infantis"},"content":{"rendered":"<div style=\"margin: 40px auto; padding: 35px; background: #ffffff; border-radius: 18px; box-shadow: 0 12px 35px rgba(0,0,0,0.08);\">\n<div style=\"width: 1280px;\" class=\"wp-video\"><video class=\"wp-video-shortcode\" id=\"video-4290-1\" width=\"1280\" height=\"720\" preload=\"metadata\" controls=\"controls\"><source type=\"video\/mp4\" src=\"https:\/\/softplaysupply.com\/wp-content\/uploads\/2026\/02\/Foam-Softscape-Corner-Climber.mp4?_=1\" \/><a href=\"https:\/\/softplaysupply.com\/wp-content\/uploads\/2026\/02\/Foam-Softscape-Corner-Climber.mp4\">https:\/\/softplaysupply.com\/wp-content\/uploads\/2026\/02\/Foam-Softscape-Corner-Climber.mp4<\/a><\/video><\/div>\n<p>Esta estrutura de jogo suave de canto de grande escala \u00e9 uma zona de atividade modular concebida profissionalmente e criada para maximizar o espa\u00e7o de canto n\u00e3o utilizado, ao mesmo tempo que proporciona um valor de jogo de grande impacto. Como uma estrutura de <strong style=\"color: #2563eb;\">trepadeira de canto em espuma<\/strong>, O sistema de ilumina\u00e7\u00e3o de interiores transforma \u00e1reas interiores normais em ambientes din\u00e2micos para brincar com a primeira inf\u00e2ncia, ideais para caf\u00e9s, centros comerciais, escolas, creches e parques infantis.<\/p>\n<p>Fabricada em espuma de alta densidade e n\u00e3o t\u00f3xica e estofada em vinil resistente de qualidade comercial, esta estrutura expansiva integra elementos de baloi\u00e7o, rampas de escalada, degraus almofadados, t\u00faneis de rastejamento, arcos e plataformas deslizantes num sistema interligado. As superf\u00edcies macias e absorventes de impacto garantem que as crian\u00e7as podem explorar com confian\u00e7a num ambiente seguro e totalmente almofadado.<\/p>\n<hr style=\"border: none; border-top: 2px solid #e0e7ff; margin: 35px 0;\" \/>\n<p style=\"font-size: 20px; font-weight: bold; color: #1e40af;\">Sistema integrado de baloi\u00e7o e trepadeira multiactividades<\/p>\n<p>No centro deste design est\u00e1 uma grande estrutura de baloi\u00e7o interactiva, muitas vezes inspirada em formas imaginativas como um barco, uma montanha ou uma estrutura abstrata. Os elementos modulares ligados criam um circuito de jogo cont\u00ednuo, incentivando as crian\u00e7as a subir, rastejar, balan\u00e7ar suavemente e deslizar para baixo num fluxo de movimento cont\u00ednuo.<\/p>\n<p>Este projeto cuidadosamente concebido <strong style=\"color: #2563eb;\">trepadeira de canto softscape<\/strong> suporta a explora\u00e7\u00e3o ativa, mantendo a efici\u00eancia espacial - o que o torna especialmente adequado para a instala\u00e7\u00e3o em cantos de espa\u00e7os interiores comerciais.<\/p>\n<hr style=\"border: none; border-top: 2px solid #e0e7ff; margin: 35px 0;\" \/>\n<p style=\"font-size: 20px; font-weight: bold; color: #1e40af;\">Promove o desenvolvimento da motricidade grossa<\/p>\n<p>Subir por diferentes eleva\u00e7\u00f5es, equilibrar-se em rampas inclinadas e balan\u00e7ar suavemente fortalece os m\u00fasculos das pernas, a estabilidade do n\u00facleo e a coordena\u00e7\u00e3o. A constru\u00e7\u00e3o suave e almofadada proporciona um ambiente seguro para o desenvolvimento de capacidades motoras grossas essenciais durante a primeira inf\u00e2ncia.<\/p>\n<hr style=\"border: none; border-top: 2px solid #e0e7ff; margin: 35px 0;\" \/>\n<p style=\"font-size: 20px; font-weight: bold; color: #1e40af;\">Melhora a consci\u00eancia espacial e a resolu\u00e7\u00e3o de problemas<\/p>\n<p>A disposi\u00e7\u00e3o em v\u00e1rios n\u00edveis representa um desafio f\u00edsico natural. As crian\u00e7as aprendem a avaliar dist\u00e2ncias, a planear percursos e a navegar o seu corpo no espa\u00e7o. Estas decis\u00f5es baseadas no movimento ajudam a promover o desenvolvimento cognitivo precoce e as capacidades de racioc\u00ednio espacial.<\/p>\n<hr style=\"border: none; border-top: 2px solid #e0e7ff; margin: 35px 0;\" \/>\n<p style=\"font-size: 20px; font-weight: bold; color: #1e40af;\">Incentiva a intera\u00e7\u00e3o social e a brincadeira imaginativa<\/p>\n<p>A espa\u00e7osa estrutura partilhada promove a tomada de decis\u00f5es, a coopera\u00e7\u00e3o e o jogo em grupo. Quer seja imaginado como um barco a navegar pelo mar ou como uma expedi\u00e7\u00e3o \u00e0 montanha, este <strong style=\"color: #2563eb;\">trepador de canto soft play<\/strong> estimula a narra\u00e7\u00e3o de hist\u00f3rias criativas e a encena\u00e7\u00e3o de pap\u00e9is que fomentam o crescimento emocional e social.<\/p>\n<hr style=\"border: none; border-top: 2px solid #e0e7ff; margin: 35px 0;\" \/>\n<p style=\"font-size: 20px; font-weight: bold; color: #1e40af;\">Est\u00e9tica moderna e calma<\/p>\n<p>Concebida com uma paleta de cores brancas e neutras, a estrutura cria um ambiente visualmente relaxante. Ao contr\u00e1rio do equipamento de pl\u00e1stico de cores vivas, a sua est\u00e9tica minimalista reduz a sobre-estimula\u00e7\u00e3o e combina na perfei\u00e7\u00e3o com os interiores de caf\u00e9s modernos, salas de jogos contempor\u00e2neas, escolas e \u00e1reas de espera de cl\u00ednicas.<\/p>\n<hr style=\"border: none; border-top: 2px solid #e0e7ff; margin: 35px 0;\" \/>\n<p style=\"font-size: 20px; font-weight: bold; color: #1e40af;\">Constru\u00e7\u00e3o dur\u00e1vel, higi\u00e9nica e de n\u00edvel comercial<\/p>\n<p style=\"background: #f1f5ff; padding: 18px; border-radius: 12px;\">* Interior em espuma multicamadas de elevada resist\u00eancia<br \/>\n* Revestimento em vinil ou nylon imperme\u00e1vel e resistente aos rasg\u00f5es<br \/>\n* Superf\u00edcies n\u00e3o porosas e f\u00e1ceis de limpar<br \/>\n* Constru\u00eddo para utiliza\u00e7\u00e3o comercial a longo prazo<\/p>\n<p>Todos os materiais s\u00e3o seguros para as crian\u00e7as e f\u00e1ceis de desinfetar com solu\u00e7\u00f5es de limpeza suaves, garantindo uma higiene superior em espa\u00e7os de jogo partilhados.<\/p>\n<\/div>\n<p>&nbsp;<\/p>","protected":false},"excerpt":{"rendered":"<p>Trepadeira de espuma macia de canto grande de qualidade comercial com elementos de balan\u00e7o interactivos, rampas, t\u00faneis e degraus almofadados. Ideal para caf\u00e9s com parques infantis interiores, centros comerciais, creches e ambientes de aprendizagem precoce. Design modular eficiente em termos de espa\u00e7o com superf\u00edcie de vinil dur\u00e1vel e f\u00e1cil de limpar.<\/p>","protected":false},"featured_media":4292,"parent":0,"template":"","meta":{"_acf_changed":false,"_kad_blocks_custom_css":"","_kad_blocks_head_custom_js":"","_kad_blocks_body_custom_js":"","_kad_blocks_footer_custom_js":"","_kadence_starter_templates_imported_post":false,"_kad_post_transparent":"default","_kad_post_title":"","_kad_post_layout":"default","_kad_post_sidebar_id":"","_kad_post_content_style":"default","_kad_post_vertical_padding":"default","_kad_post_feature":"","_kad_post_feature_position":"","_kad_post_header":false,"_kad_post_footer":false},"pcategory":[37,22,44],"ptag":[],"class_list":["post-4290","product","type-product","status-publish","has-post-thumbnail","hentry","pcategory-indoor-play-set","pcategory-soft-play-equipment","pcategory-soft-play-climber"],"acf":[],"yoast_head":"<!-- This site is optimized with the Yoast SEO plugin v26.8 - https:\/\/yoast.com\/product\/yoast-seo-wordpress\/ -->\n<title>Corner Soft Play Foam Softscape Corner Climber Kid Interactive Rocking Climber for Cafe and Playground<\/title>\n<meta name=\"robots\" content=\"index, follow, max-snippet:-1, max-image-preview:large, max-video-preview:-1\" \/>\n<link rel=\"canonical\" href=\"https:\/\/softplaysupply.com\/pt\/produto\/corner-soft-play-foam-softscape-corner-climber\/\" \/>\n<meta property=\"og:locale\" content=\"pt_PT\" \/>\n<meta property=\"og:type\" content=\"article\" \/>\n<meta property=\"og:title\" content=\"Corner Soft Play Foam Softscape Corner Climber Kid Interactive Rocking Climber for Cafe and Playground\" \/>\n<meta property=\"og:description\" content=\"Commercial-grade large corner soft play foam climber featuring interactive rocking elements, ramps, tunnels, and padded steps. Ideal for indoor playground cafes, malls, daycare centers, and early learning environments. Space-efficient modular design with durable, easy-clean vinyl surface.\" \/>\n<meta property=\"og:url\" content=\"https:\/\/softplaysupply.com\/pt\/produto\/corner-soft-play-foam-softscape-corner-climber\/\" \/>\n<meta property=\"og:site_name\" content=\"Nanpak\" \/>\n<meta property=\"og:image\" content=\"https:\/\/softplaysupply.com\/wp-content\/uploads\/2026\/02\/Foam-Softscape-Corner-Climber-1.jpg\" \/>\n\t<meta property=\"og:image:width\" content=\"900\" \/>\n\t<meta property=\"og:image:height\" content=\"800\" \/>\n\t<meta property=\"og:image:type\" content=\"image\/jpeg\" \/>\n<meta name=\"twitter:card\" content=\"summary_large_image\" \/>\n<meta name=\"twitter:label1\" content=\"Tempo estimado de leitura\" \/>\n\t<meta name=\"twitter:data1\" content=\"2 minutos\" \/>\n<script type=\"application\/ld+json\" class=\"yoast-schema-graph\">{\"@context\":\"https:\/\/schema.org\",\"@graph\":[{\"@type\":\"WebPage\",\"@id\":\"https:\/\/softplaysupply.com\/product\/corner-soft-play-foam-softscape-corner-climber\/\",\"url\":\"https:\/\/softplaysupply.com\/product\/corner-soft-play-foam-softscape-corner-climber\/\",\"name\":\"Corner Soft Play Foam Softscape Corner Climber Kid Interactive Rocking Climber for Cafe and Playground\",\"isPartOf\":{\"@id\":\"https:\/\/softplaysupply.com\/#website\"},\"primaryImageOfPage\":{\"@id\":\"https:\/\/softplaysupply.com\/product\/corner-soft-play-foam-softscape-corner-climber\/#primaryimage\"},\"image\":{\"@id\":\"https:\/\/softplaysupply.com\/product\/corner-soft-play-foam-softscape-corner-climber\/#primaryimage\"},\"thumbnailUrl\":\"https:\/\/softplaysupply.com\/wp-content\/uploads\/2026\/02\/Foam-Softscape-Corner-Climber-1.jpg\",\"datePublished\":\"2026-03-12T09:11:37+00:00\",\"breadcrumb\":{\"@id\":\"https:\/\/softplaysupply.com\/product\/corner-soft-play-foam-softscape-corner-climber\/#breadcrumb\"},\"inLanguage\":\"pt-PT\",\"potentialAction\":[{\"@type\":\"ReadAction\",\"target\":[\"https:\/\/softplaysupply.com\/product\/corner-soft-play-foam-softscape-corner-climber\/\"]}]},{\"@type\":\"ImageObject\",\"inLanguage\":\"pt-PT\",\"@id\":\"https:\/\/softplaysupply.com\/product\/corner-soft-play-foam-softscape-corner-climber\/#primaryimage\",\"url\":\"https:\/\/softplaysupply.com\/wp-content\/uploads\/2026\/02\/Foam-Softscape-Corner-Climber-1.jpg\",\"contentUrl\":\"https:\/\/softplaysupply.com\/wp-content\/uploads\/2026\/02\/Foam-Softscape-Corner-Climber-1.jpg\",\"width\":900,\"height\":800},{\"@type\":\"BreadcrumbList\",\"@id\":\"https:\/\/softplaysupply.com\/product\/corner-soft-play-foam-softscape-corner-climber\/#breadcrumb\",\"itemListElement\":[{\"@type\":\"ListItem\",\"position\":1,\"name\":\"Home\",\"item\":\"https:\/\/softplaysupply.com\/\"},{\"@type\":\"ListItem\",\"position\":2,\"name\":\"Soft Play Equipment\",\"item\":\"https:\/\/softplaysupply.com\/pcategory\/soft-play-equipment\/\"},{\"@type\":\"ListItem\",\"position\":3,\"name\":\"Soft Play Climber\",\"item\":\"https:\/\/softplaysupply.com\/pcategory\/soft-play-equipment\/soft-play-climber\/\"},{\"@type\":\"ListItem\",\"position\":4,\"name\":\"Corner Soft Play Foam Softscape Corner Climber Kid Interactive Rocking Climber for Cafe and Playground\"}]},{\"@type\":\"WebSite\",\"@id\":\"https:\/\/softplaysupply.com\/#website\",\"url\":\"https:\/\/softplaysupply.com\/\",\"name\":\"Soft Play Supplier\",\"description\":\"Soft Play Supplier\",\"publisher\":{\"@id\":\"https:\/\/softplaysupply.com\/#organization\"},\"potentialAction\":[{\"@type\":\"SearchAction\",\"target\":{\"@type\":\"EntryPoint\",\"urlTemplate\":\"https:\/\/softplaysupply.com\/?s={search_term_string}\"},\"query-input\":{\"@type\":\"PropertyValueSpecification\",\"valueRequired\":true,\"valueName\":\"search_term_string\"}}],\"inLanguage\":\"pt-PT\"},{\"@type\":\"Organization\",\"@id\":\"https:\/\/softplaysupply.com\/#organization\",\"name\":\"Nanpak\",\"url\":\"https:\/\/softplaysupply.com\/\",\"logo\":{\"@type\":\"ImageObject\",\"inLanguage\":\"pt-PT\",\"@id\":\"https:\/\/softplaysupply.com\/#\/schema\/logo\/image\/\",\"url\":\"https:\/\/softplaysupply.com\/wp-content\/uploads\/2025\/12\/cropped-mobile-logo.png\",\"contentUrl\":\"https:\/\/softplaysupply.com\/wp-content\/uploads\/2025\/12\/cropped-mobile-logo.png\",\"width\":263,\"height\":84,\"caption\":\"Nanpak\"},\"image\":{\"@id\":\"https:\/\/softplaysupply.com\/#\/schema\/logo\/image\/\"}}]}<\/script>\n<!-- \/ Yoast SEO plugin. -->","yoast_head_json":{"title":"Escalador de canto Soft Play Foam Softscape Corner Escalador de balan\u00e7o interativo para crian\u00e7as para caf\u00e9s e parques infantis","robots":{"index":"index","follow":"follow","max-snippet":"max-snippet:-1","max-image-preview":"max-image-preview:large","max-video-preview":"max-video-preview:-1"},"canonical":"https:\/\/softplaysupply.com\/pt\/produto\/corner-soft-play-foam-softscape-corner-climber\/","og_locale":"pt_PT","og_type":"article","og_title":"Corner Soft Play Foam Softscape Corner Climber Kid Interactive Rocking Climber for Cafe and Playground","og_description":"Commercial-grade large corner soft play foam climber featuring interactive rocking elements, ramps, tunnels, and padded steps. Ideal for indoor playground cafes, malls, daycare centers, and early learning environments. Space-efficient modular design with durable, easy-clean vinyl surface.","og_url":"https:\/\/softplaysupply.com\/pt\/produto\/corner-soft-play-foam-softscape-corner-climber\/","og_site_name":"Nanpak","og_image":[{"width":900,"height":800,"url":"https:\/\/softplaysupply.com\/wp-content\/uploads\/2026\/02\/Foam-Softscape-Corner-Climber-1.jpg","type":"image\/jpeg"}],"twitter_card":"summary_large_image","twitter_misc":{"Tempo estimado de leitura":"2 minutos"},"schema":{"@context":"https:\/\/schema.org","@graph":[{"@type":"WebPage","@id":"https:\/\/softplaysupply.com\/product\/corner-soft-play-foam-softscape-corner-climber\/","url":"https:\/\/softplaysupply.com\/product\/corner-soft-play-foam-softscape-corner-climber\/","name":"Escalador de canto Soft Play Foam Softscape Corner Escalador de balan\u00e7o interativo para crian\u00e7as para caf\u00e9s e parques infantis","isPartOf":{"@id":"https:\/\/softplaysupply.com\/#website"},"primaryImageOfPage":{"@id":"https:\/\/softplaysupply.com\/product\/corner-soft-play-foam-softscape-corner-climber\/#primaryimage"},"image":{"@id":"https:\/\/softplaysupply.com\/product\/corner-soft-play-foam-softscape-corner-climber\/#primaryimage"},"thumbnailUrl":"https:\/\/softplaysupply.com\/wp-content\/uploads\/2026\/02\/Foam-Softscape-Corner-Climber-1.jpg","datePublished":"2026-03-12T09:11:37+00:00","breadcrumb":{"@id":"https:\/\/softplaysupply.com\/product\/corner-soft-play-foam-softscape-corner-climber\/#breadcrumb"},"inLanguage":"pt-PT","potentialAction":[{"@type":"ReadAction","target":["https:\/\/softplaysupply.com\/product\/corner-soft-play-foam-softscape-corner-climber\/"]}]},{"@type":"ImageObject","inLanguage":"pt-PT","@id":"https:\/\/softplaysupply.com\/product\/corner-soft-play-foam-softscape-corner-climber\/#primaryimage","url":"https:\/\/softplaysupply.com\/wp-content\/uploads\/2026\/02\/Foam-Softscape-Corner-Climber-1.jpg","contentUrl":"https:\/\/softplaysupply.com\/wp-content\/uploads\/2026\/02\/Foam-Softscape-Corner-Climber-1.jpg","width":900,"height":800},{"@type":"BreadcrumbList","@id":"https:\/\/softplaysupply.com\/product\/corner-soft-play-foam-softscape-corner-climber\/#breadcrumb","itemListElement":[{"@type":"ListItem","position":1,"name":"Home","item":"https:\/\/softplaysupply.com\/"},{"@type":"ListItem","position":2,"name":"Soft Play Equipment","item":"https:\/\/softplaysupply.com\/pcategory\/soft-play-equipment\/"},{"@type":"ListItem","position":3,"name":"Soft Play Climber","item":"https:\/\/softplaysupply.com\/pcategory\/soft-play-equipment\/soft-play-climber\/"},{"@type":"ListItem","position":4,"name":"Corner Soft Play Foam Softscape Corner Climber Kid Interactive Rocking Climber for Cafe and Playground"}]},{"@type":"WebSite","@id":"https:\/\/softplaysupply.com\/#website","url":"https:\/\/softplaysupply.com\/","name":"Fornecedor de brinquedos macios","description":"Fornecedor de brinquedos macios","publisher":{"@id":"https:\/\/softplaysupply.com\/#organization"},"potentialAction":[{"@type":"SearchAction","target":{"@type":"EntryPoint","urlTemplate":"https:\/\/softplaysupply.com\/?s={search_term_string}"},"query-input":{"@type":"PropertyValueSpecification","valueRequired":true,"valueName":"search_term_string"}}],"inLanguage":"pt-PT"},{"@type":"Organization","@id":"https:\/\/softplaysupply.com\/#organization","name":"Nanpak","url":"https:\/\/softplaysupply.com\/","logo":{"@type":"ImageObject","inLanguage":"pt-PT","@id":"https:\/\/softplaysupply.com\/#\/schema\/logo\/image\/","url":"https:\/\/softplaysupply.com\/wp-content\/uploads\/2025\/12\/cropped-mobile-logo.png","contentUrl":"https:\/\/softplaysupply.com\/wp-content\/uploads\/2025\/12\/cropped-mobile-logo.png","width":263,"height":84,"caption":"Nanpak"},"image":{"@id":"https:\/\/softplaysupply.com\/#\/schema\/logo\/image\/"}}]}},"taxonomy_info":{"pcategory":[{"value":37,"label":"Indoor Play Set"},{"value":22,"label":"Soft Play Equipment"},{"value":44,"label":"Soft Play Climber"}]},"featured_image_src_large":["https:\/\/softplaysupply.com\/wp-content\/uploads\/2026\/02\/Foam-Softscape-Corner-Climber-1.jpg",900,800,false],"author_info":[],"comment_info":"","_links":{"self":[{"href":"https:\/\/softplaysupply.com\/pt\/wp-json\/wp\/v2\/product\/4290","targetHints":{"allow":["GET"]}}],"collection":[{"href":"https:\/\/softplaysupply.com\/pt\/wp-json\/wp\/v2\/product"}],"about":[{"href":"https:\/\/softplaysupply.com\/pt\/wp-json\/wp\/v2\/types\/product"}],"wp:featuredmedia":[{"embeddable":true,"href":"https:\/\/softplaysupply.com\/pt\/wp-json\/wp\/v2\/media\/4292"}],"wp:attachment":[{"href":"https:\/\/softplaysupply.com\/pt\/wp-json\/wp\/v2\/media?parent=4290"}],"wp:term":[{"taxonomy":"pcategory","embeddable":true,"href":"https:\/\/softplaysupply.com\/pt\/wp-json\/wp\/v2\/pcategory?post=4290"},{"taxonomy":"ptag","embeddable":true,"href":"https:\/\/softplaysupply.com\/pt\/wp-json\/wp\/v2\/ptag?post=4290"}],"curies":[{"name":"wp","href":"https:\/\/api.w.org\/{rel}","templated":true}]}}