{"id":3986,"date":"2026-04-13T05:44:43","date_gmt":"2026-04-13T05:44:43","guid":{"rendered":"https:\/\/softplaysupply.com\/?post_type=product&#038;p=3986"},"modified":"2026-01-22T05:55:26","modified_gmt":"2026-01-22T05:55:26","slug":"outdoor-mini-trampoline-park","status":"publish","type":"product","link":"https:\/\/softplaysupply.com\/pt\/produto\/outdoor-mini-trampoline-park\/","title":{"rendered":"Pequeno parque de trampolins retangular para exterior com rede de prote\u00e7\u00e3o para venda"},"content":{"rendered":"<div style=\"background: linear-gradient(to bottom, #ffffff, #f1f5f9); padding: 45px; border-radius: 16px; box-shadow: 0 8px 30px rgba(0,0,0,0.08); border: 1px solid #e2e8f0;\">\n<p><strong style=\"font-size: 34px; color: #1e40af; display: block; text-align: center; margin-bottom: 35px; padding-bottom: 18px; border-bottom: 6px solid #3b82f6; letter-spacing: 0.6px;\">Pequeno parque de trampolins retangular para exterior com rede de prote\u00e7\u00e3o - Trampolim seguro e personaliz\u00e1vel para jardins infantis, escolas, parques e \u00e1reas de lazer exteriores<br \/>\n<\/strong><\/p>\n<p style=\"font-size: 17px; color: #334155; margin-bottom: 35px; text-align: justify;\">O Small Retangular Outdoor Mini Trampoline Park with Protective Net \u00e9 um parque de trampolins para exterior compacto e seguro, concebido para crian\u00e7as de todas as idades. Este pequeno sistema de trampolim para exterior combina materiais de alta qualidade, instala\u00e7\u00e3o f\u00e1cil e designs personaliz\u00e1veis para se adaptar a v\u00e1rios espa\u00e7os exteriores, como jardins, escolas, parques infantis e \u00e1reas recreativas.<\/p>\n<p>Perfeito para quintais familiares, escolas, parques ou parques infantis comerciais ao ar livre, este pequeno trampolim para exterior proporciona experi\u00eancias de salto seguras e divertidas, ao mesmo tempo que proporciona paz de esp\u00edrito com a sua rede de prote\u00e7\u00e3o.<\/p>\n<p><img loading=\"lazy\" decoding=\"async\" class=\"alignnone size-full wp-image-3993\" src=\"https:\/\/softplaysupply.com\/wp-content\/uploads\/2026\/04\/mini-trampoline-outdoor-9.jpg\" alt=\"\" width=\"750\" height=\"750\" srcset=\"https:\/\/softplaysupply.com\/wp-content\/uploads\/2026\/04\/mini-trampoline-outdoor-9.jpg 750w, https:\/\/softplaysupply.com\/wp-content\/uploads\/2026\/04\/mini-trampoline-outdoor-9-300x300.jpg 300w, https:\/\/softplaysupply.com\/wp-content\/uploads\/2026\/04\/mini-trampoline-outdoor-9-150x150.jpg 150w, https:\/\/softplaysupply.com\/wp-content\/uploads\/2026\/04\/mini-trampoline-outdoor-9-12x12.jpg 12w\" sizes=\"auto, (max-width: 750px) 100vw, 750px\" \/> <img loading=\"lazy\" decoding=\"async\" class=\"alignnone size-full wp-image-3994\" src=\"https:\/\/softplaysupply.com\/wp-content\/uploads\/2026\/04\/mini-trampoline-outdoor-10.jpg\" alt=\"\" width=\"750\" height=\"750\" srcset=\"https:\/\/softplaysupply.com\/wp-content\/uploads\/2026\/04\/mini-trampoline-outdoor-10.jpg 750w, https:\/\/softplaysupply.com\/wp-content\/uploads\/2026\/04\/mini-trampoline-outdoor-10-300x300.jpg 300w, https:\/\/softplaysupply.com\/wp-content\/uploads\/2026\/04\/mini-trampoline-outdoor-10-150x150.jpg 150w, https:\/\/softplaysupply.com\/wp-content\/uploads\/2026\/04\/mini-trampoline-outdoor-10-12x12.jpg 12w\" sizes=\"auto, (max-width: 750px) 100vw, 750px\" \/> <img loading=\"lazy\" decoding=\"async\" class=\"alignnone size-full wp-image-3995\" src=\"https:\/\/softplaysupply.com\/wp-content\/uploads\/2026\/04\/mini-trampoline-outdoor-5.jpg\" alt=\"\" width=\"750\" height=\"533\" srcset=\"https:\/\/softplaysupply.com\/wp-content\/uploads\/2026\/04\/mini-trampoline-outdoor-5.jpg 750w, https:\/\/softplaysupply.com\/wp-content\/uploads\/2026\/04\/mini-trampoline-outdoor-5-300x213.jpg 300w, https:\/\/softplaysupply.com\/wp-content\/uploads\/2026\/04\/mini-trampoline-outdoor-5-18x12.jpg 18w\" sizes=\"auto, (max-width: 750px) 100vw, 750px\" \/> <img loading=\"lazy\" decoding=\"async\" class=\"alignnone size-full wp-image-3996\" src=\"https:\/\/softplaysupply.com\/wp-content\/uploads\/2026\/04\/mini-trampoline-outdoor-6.jpg\" alt=\"\" width=\"750\" height=\"562\" srcset=\"https:\/\/softplaysupply.com\/wp-content\/uploads\/2026\/04\/mini-trampoline-outdoor-6.jpg 750w, https:\/\/softplaysupply.com\/wp-content\/uploads\/2026\/04\/mini-trampoline-outdoor-6-300x225.jpg 300w, https:\/\/softplaysupply.com\/wp-content\/uploads\/2026\/04\/mini-trampoline-outdoor-6-16x12.jpg 16w\" sizes=\"auto, (max-width: 750px) 100vw, 750px\" \/> <img loading=\"lazy\" decoding=\"async\" class=\"alignnone size-full wp-image-3989\" src=\"https:\/\/softplaysupply.com\/wp-content\/uploads\/2026\/04\/mini-trampoline-outdoor-3.jpg\" alt=\"mini trampolim exterior\" width=\"750\" height=\"750\" srcset=\"https:\/\/softplaysupply.com\/wp-content\/uploads\/2026\/04\/mini-trampoline-outdoor-3.jpg 750w, https:\/\/softplaysupply.com\/wp-content\/uploads\/2026\/04\/mini-trampoline-outdoor-3-300x300.jpg 300w, https:\/\/softplaysupply.com\/wp-content\/uploads\/2026\/04\/mini-trampoline-outdoor-3-150x150.jpg 150w, https:\/\/softplaysupply.com\/wp-content\/uploads\/2026\/04\/mini-trampoline-outdoor-3-12x12.jpg 12w\" sizes=\"auto, (max-width: 750px) 100vw, 750px\" \/><\/p>\n<p style=\"font-size: 23px; color: #1d4ed8; margin: 45px 0 20px 0; font-weight: bold; border-left: 7px solid #3b82f6; padding-left: 18px;\">Par\u00e2metros t\u00e9cnicos<\/p>\n<ul style=\"color: #334155; list-style-type: none; padding-left: 0; margin-bottom: 30px; font-size: 16px;\">\n<li style=\"margin-bottom: 16px;\">- Tamanho: Personaliz\u00e1vel de acordo com o seu espa\u00e7o dispon\u00edvel. Forne\u00e7a um plano CAD ou as dimens\u00f5es da sua \u00e1rea, incluindo a localiza\u00e7\u00e3o de portas e pilares.<\/li>\n<li style=\"margin-bottom: 16px;\">- Tapetes de saltos: Fabricado em materiais PP duradouros com personaliza\u00e7\u00e3o opcional do rebordo.<\/li>\n<li style=\"margin-bottom: 16px;\">- Almofada: Espuma de c\u00e9lulas fechadas EPE que \u00e9 imperme\u00e1vel, resistente ao bolor e mant\u00e9m a forma. Largura: 80\/40cm, espessura: 7cm.<\/li>\n<li style=\"margin-bottom: 16px;\">- Capa de vinil: 0,55 mm de espessura, prote\u00e7\u00e3o UV, dispon\u00edvel em qualquer cor.<\/li>\n<li style=\"margin-bottom: 16px;\">- Molas: A\u00e7o galvanizado, 21,5 cm de comprimento.<\/li>\n<li style=\"margin-bottom: 16px;\">- Rede de seguran\u00e7a: Material em polietileno ou poli\u00e9ster, com uma largura de 3 m, que proporciona uma prote\u00e7\u00e3o total \u00e0s crian\u00e7as quando saltam.<\/li>\n<li style=\"margin-bottom: 16px;\">- Instala\u00e7\u00e3o: Inclui instru\u00e7\u00f5es profissionais em 3D, v\u00eddeos de montagem e apoio t\u00e9cnico opcional no local para uma instala\u00e7\u00e3o sem problemas.<\/li>\n<\/ul>\n<p style=\"font-size: 23px; color: #059669; margin: 45px 0 20px 0; font-weight: bold; border-left: 7px solid #059669; padding-left: 18px;\">Principais vantagens<\/p>\n<ol style=\"color: #334155; padding-left: 28px; margin-bottom: 35px; font-size: 16px; counter-reset: item;\">\n<li style=\"margin-bottom: 14px; counter-increment: item; position: relative;\">Instala\u00e7\u00e3o f\u00e1cil e design personaliz\u00e1vel: Concebida para uma montagem r\u00e1pida com instru\u00e7\u00f5es profissionais. Totalmente personaliz\u00e1vel em termos de tamanho, cor e disposi\u00e7\u00e3o para se adaptar a qualquer espa\u00e7o exterior.<\/li>\n<li style=\"margin-bottom: 14px; counter-increment: item; position: relative;\">Elevados padr\u00f5es de seguran\u00e7a: Certifica\u00e7\u00e3o CE, ISO9001, SGS, TUV, ASTM. A rede de prote\u00e7\u00e3o e o acolchoamento macio garantem a seguran\u00e7a das crian\u00e7as durante as brincadeiras.<\/li>\n<li style=\"margin-bottom: 14px; counter-increment: item; position: relative;\">Materiais duradouros: Tapetes de saltos anti-est\u00e1ticos, anti-derrapantes e anti-rachas e capas de vinil resistentes \u00e0s intemp\u00e9ries.<\/li>\n<li style=\"margin-bottom: 14px; counter-increment: item; position: relative;\">Experi\u00eancia profissional: Mais de 10 anos de experi\u00eancia no fabrico de trampolins, tendo fornecido centenas de mini trampolins a mais de 50 pa\u00edses.<\/li>\n<li style=\"margin-bottom: 14px; counter-increment: item; position: relative;\">Grande capacidade de produ\u00e7\u00e3o: 18.400\u33a1 oficina de produ\u00e7\u00e3o com salas de amostra e equipe de design profissional para projetos personalizados.<\/li>\n<\/ol>\n<p style=\"font-size: 23px; color: #7c3aed; margin: 45px 0 20px 0; font-weight: bold; border-left: 7px solid #7c3aed; padding-left: 18px;\">Aplica\u00e7\u00f5es de produtos<\/p>\n<p style=\"color: #334155; margin-bottom: 20px; font-weight: bold;\">Este trampolim exterior retangular \u00e9 ideal para:<\/p>\n<ul style=\"color: #334155; list-style-type: disc; padding-left: 28px; margin-bottom: 30px; font-size: 16px;\">\n<li>Quintais e jardins<\/li>\n<li>Escolas e centros de dia<\/li>\n<li>Parques infantis e parques exteriores<\/li>\n<li>Zonas de recreio comerciais<\/li>\n<\/ul>\n<p style=\"color: #334155; font-weight: bold;\">\u00c9 adequado tanto para uso dom\u00e9stico individual como para instala\u00e7\u00f5es comerciais, oferecendo experi\u00eancias de saltos divertidas e seguras para as crian\u00e7as.<\/p>\n<p style=\"font-size: 23px; color: #ea580c; margin: 45px 0 20px 0; font-weight: bold; border-left: 7px solid #ea580c; padding-left: 18px;\">Embalagem e entrega<\/p>\n<ul style=\"color: #334155; list-style-type: none; padding-left: 0; font-size: 16px;\">\n<li style=\"margin-bottom: 14px;\">- Embalado com pel\u00edcula de bolhas, pel\u00edcula extens\u00edvel, caixa de cart\u00e3o e saco de nylon para garantir uma entrega segura.<\/li>\n<li style=\"margin-bottom: 14px;\">- Tempo de produ\u00e7\u00e3o: 20-25 dias \u00fateis ap\u00f3s o dep\u00f3sito, consoante o tamanho.<\/li>\n<\/ul>\n<\/div>","protected":false},"excerpt":{"rendered":"<p>Pequeno parque de trampolins retangular para exterior com rede de prote\u00e7\u00e3o, concebido para a seguran\u00e7a e a divers\u00e3o das crian\u00e7as. Adequado para parques infantis exteriores, jardins, escolas e centros de jogos comerciais. Instala\u00e7\u00e3o r\u00e1pida, tamanho personaliz\u00e1vel e materiais de alta qualidade.<\/p>","protected":false},"featured_media":3989,"parent":0,"template":"","meta":{"_acf_changed":false,"_kad_blocks_custom_css":"","_kad_blocks_head_custom_js":"","_kad_blocks_body_custom_js":"","_kad_blocks_footer_custom_js":"","_kadence_starter_templates_imported_post":false,"_kad_post_transparent":"default","_kad_post_title":"","_kad_post_layout":"default","_kad_post_sidebar_id":"","_kad_post_content_style":"default","_kad_post_vertical_padding":"default","_kad_post_feature":"","_kad_post_feature_position":"","_kad_post_header":false,"_kad_post_footer":false},"pcategory":[5,36,35],"ptag":[],"class_list":["post-3986","product","type-product","status-publish","has-post-thumbnail","hentry","pcategory-indoor-playground-equipment","pcategory-indoor-play-structure","pcategory-indoor-trampoline"],"acf":[],"yoast_head":"<!-- This site is optimized with the Yoast SEO plugin v26.8 - https:\/\/yoast.com\/product\/yoast-seo-wordpress\/ -->\n<title>Small Rectangular Outdoor Mini Trampoline Park with Protective Net for Sale<\/title>\n<meta name=\"robots\" content=\"index, follow, max-snippet:-1, max-image-preview:large, max-video-preview:-1\" \/>\n<link rel=\"canonical\" href=\"https:\/\/softplaysupply.com\/pt\/produto\/outdoor-mini-trampoline-park\/\" \/>\n<meta property=\"og:locale\" content=\"pt_PT\" \/>\n<meta property=\"og:type\" content=\"article\" \/>\n<meta property=\"og:title\" content=\"Small Rectangular Outdoor Mini Trampoline Park with Protective Net for Sale\" \/>\n<meta property=\"og:description\" content=\"Small rectangular outdoor trampoline park with protective net, designed for children\u2019s safety and fun. Suitable for outdoor playgrounds, gardens, schools, and commercial play centers. Quick installation, customizable size, and high-quality materials.\" \/>\n<meta property=\"og:url\" content=\"https:\/\/softplaysupply.com\/pt\/produto\/outdoor-mini-trampoline-park\/\" \/>\n<meta property=\"og:site_name\" content=\"Nanpak\" \/>\n<meta property=\"og:image\" content=\"https:\/\/softplaysupply.com\/wp-content\/uploads\/2026\/04\/mini-trampoline-outdoor-3.jpg\" \/>\n\t<meta property=\"og:image:width\" content=\"750\" \/>\n\t<meta property=\"og:image:height\" content=\"750\" \/>\n\t<meta property=\"og:image:type\" content=\"image\/jpeg\" \/>\n<meta name=\"twitter:card\" content=\"summary_large_image\" \/>\n<meta name=\"twitter:label1\" content=\"Tempo estimado de leitura\" \/>\n\t<meta name=\"twitter:data1\" content=\"3 minutos\" \/>\n<script type=\"application\/ld+json\" class=\"yoast-schema-graph\">{\"@context\":\"https:\/\/schema.org\",\"@graph\":[{\"@type\":\"WebPage\",\"@id\":\"https:\/\/softplaysupply.com\/product\/outdoor-mini-trampoline-park\/\",\"url\":\"https:\/\/softplaysupply.com\/product\/outdoor-mini-trampoline-park\/\",\"name\":\"Small Rectangular Outdoor Mini Trampoline Park with Protective Net for Sale\",\"isPartOf\":{\"@id\":\"https:\/\/softplaysupply.com\/#website\"},\"primaryImageOfPage\":{\"@id\":\"https:\/\/softplaysupply.com\/product\/outdoor-mini-trampoline-park\/#primaryimage\"},\"image\":{\"@id\":\"https:\/\/softplaysupply.com\/product\/outdoor-mini-trampoline-park\/#primaryimage\"},\"thumbnailUrl\":\"https:\/\/softplaysupply.com\/wp-content\/uploads\/2026\/04\/mini-trampoline-outdoor-3.jpg\",\"datePublished\":\"2026-04-13T05:44:43+00:00\",\"breadcrumb\":{\"@id\":\"https:\/\/softplaysupply.com\/product\/outdoor-mini-trampoline-park\/#breadcrumb\"},\"inLanguage\":\"pt-PT\",\"potentialAction\":[{\"@type\":\"ReadAction\",\"target\":[\"https:\/\/softplaysupply.com\/product\/outdoor-mini-trampoline-park\/\"]}]},{\"@type\":\"ImageObject\",\"inLanguage\":\"pt-PT\",\"@id\":\"https:\/\/softplaysupply.com\/product\/outdoor-mini-trampoline-park\/#primaryimage\",\"url\":\"https:\/\/softplaysupply.com\/wp-content\/uploads\/2026\/04\/mini-trampoline-outdoor-3.jpg\",\"contentUrl\":\"https:\/\/softplaysupply.com\/wp-content\/uploads\/2026\/04\/mini-trampoline-outdoor-3.jpg\",\"width\":750,\"height\":750,\"caption\":\"mini trampoline outdoor\"},{\"@type\":\"BreadcrumbList\",\"@id\":\"https:\/\/softplaysupply.com\/product\/outdoor-mini-trampoline-park\/#breadcrumb\",\"itemListElement\":[{\"@type\":\"ListItem\",\"position\":1,\"name\":\"Home\",\"item\":\"https:\/\/softplaysupply.com\/\"},{\"@type\":\"ListItem\",\"position\":2,\"name\":\"Indoor Playground Equipment\",\"item\":\"https:\/\/softplaysupply.com\/pcategory\/indoor-playground-equipment\/\"},{\"@type\":\"ListItem\",\"position\":3,\"name\":\"Indoor Trampoline\",\"item\":\"https:\/\/softplaysupply.com\/pcategory\/indoor-playground-equipment\/indoor-trampoline\/\"},{\"@type\":\"ListItem\",\"position\":4,\"name\":\"Small Rectangular Outdoor Mini Trampoline Park with Protective Net for Sale\"}]},{\"@type\":\"WebSite\",\"@id\":\"https:\/\/softplaysupply.com\/#website\",\"url\":\"https:\/\/softplaysupply.com\/\",\"name\":\"Soft Play Supplier\",\"description\":\"Soft Play Supplier\",\"publisher\":{\"@id\":\"https:\/\/softplaysupply.com\/#organization\"},\"potentialAction\":[{\"@type\":\"SearchAction\",\"target\":{\"@type\":\"EntryPoint\",\"urlTemplate\":\"https:\/\/softplaysupply.com\/?s={search_term_string}\"},\"query-input\":{\"@type\":\"PropertyValueSpecification\",\"valueRequired\":true,\"valueName\":\"search_term_string\"}}],\"inLanguage\":\"pt-PT\"},{\"@type\":\"Organization\",\"@id\":\"https:\/\/softplaysupply.com\/#organization\",\"name\":\"Nanpak\",\"url\":\"https:\/\/softplaysupply.com\/\",\"logo\":{\"@type\":\"ImageObject\",\"inLanguage\":\"pt-PT\",\"@id\":\"https:\/\/softplaysupply.com\/#\/schema\/logo\/image\/\",\"url\":\"https:\/\/softplaysupply.com\/wp-content\/uploads\/2025\/12\/cropped-mobile-logo.png\",\"contentUrl\":\"https:\/\/softplaysupply.com\/wp-content\/uploads\/2025\/12\/cropped-mobile-logo.png\",\"width\":263,\"height\":84,\"caption\":\"Nanpak\"},\"image\":{\"@id\":\"https:\/\/softplaysupply.com\/#\/schema\/logo\/image\/\"}}]}<\/script>\n<!-- \/ Yoast SEO plugin. -->","yoast_head_json":{"title":"Pequeno parque de trampolins retangular para exterior com rede de prote\u00e7\u00e3o para venda","robots":{"index":"index","follow":"follow","max-snippet":"max-snippet:-1","max-image-preview":"max-image-preview:large","max-video-preview":"max-video-preview:-1"},"canonical":"https:\/\/softplaysupply.com\/pt\/produto\/outdoor-mini-trampoline-park\/","og_locale":"pt_PT","og_type":"article","og_title":"Small Rectangular Outdoor Mini Trampoline Park with Protective Net for Sale","og_description":"Small rectangular outdoor trampoline park with protective net, designed for children\u2019s safety and fun. Suitable for outdoor playgrounds, gardens, schools, and commercial play centers. Quick installation, customizable size, and high-quality materials.","og_url":"https:\/\/softplaysupply.com\/pt\/produto\/outdoor-mini-trampoline-park\/","og_site_name":"Nanpak","og_image":[{"width":750,"height":750,"url":"https:\/\/softplaysupply.com\/wp-content\/uploads\/2026\/04\/mini-trampoline-outdoor-3.jpg","type":"image\/jpeg"}],"twitter_card":"summary_large_image","twitter_misc":{"Tempo estimado de leitura":"3 minutos"},"schema":{"@context":"https:\/\/schema.org","@graph":[{"@type":"WebPage","@id":"https:\/\/softplaysupply.com\/product\/outdoor-mini-trampoline-park\/","url":"https:\/\/softplaysupply.com\/product\/outdoor-mini-trampoline-park\/","name":"Pequeno parque de trampolins retangular para exterior com rede de prote\u00e7\u00e3o para venda","isPartOf":{"@id":"https:\/\/softplaysupply.com\/#website"},"primaryImageOfPage":{"@id":"https:\/\/softplaysupply.com\/product\/outdoor-mini-trampoline-park\/#primaryimage"},"image":{"@id":"https:\/\/softplaysupply.com\/product\/outdoor-mini-trampoline-park\/#primaryimage"},"thumbnailUrl":"https:\/\/softplaysupply.com\/wp-content\/uploads\/2026\/04\/mini-trampoline-outdoor-3.jpg","datePublished":"2026-04-13T05:44:43+00:00","breadcrumb":{"@id":"https:\/\/softplaysupply.com\/product\/outdoor-mini-trampoline-park\/#breadcrumb"},"inLanguage":"pt-PT","potentialAction":[{"@type":"ReadAction","target":["https:\/\/softplaysupply.com\/product\/outdoor-mini-trampoline-park\/"]}]},{"@type":"ImageObject","inLanguage":"pt-PT","@id":"https:\/\/softplaysupply.com\/product\/outdoor-mini-trampoline-park\/#primaryimage","url":"https:\/\/softplaysupply.com\/wp-content\/uploads\/2026\/04\/mini-trampoline-outdoor-3.jpg","contentUrl":"https:\/\/softplaysupply.com\/wp-content\/uploads\/2026\/04\/mini-trampoline-outdoor-3.jpg","width":750,"height":750,"caption":"mini trampoline outdoor"},{"@type":"BreadcrumbList","@id":"https:\/\/softplaysupply.com\/product\/outdoor-mini-trampoline-park\/#breadcrumb","itemListElement":[{"@type":"ListItem","position":1,"name":"Home","item":"https:\/\/softplaysupply.com\/"},{"@type":"ListItem","position":2,"name":"Indoor Playground Equipment","item":"https:\/\/softplaysupply.com\/pcategory\/indoor-playground-equipment\/"},{"@type":"ListItem","position":3,"name":"Indoor Trampoline","item":"https:\/\/softplaysupply.com\/pcategory\/indoor-playground-equipment\/indoor-trampoline\/"},{"@type":"ListItem","position":4,"name":"Small Rectangular Outdoor Mini Trampoline Park with Protective Net for Sale"}]},{"@type":"WebSite","@id":"https:\/\/softplaysupply.com\/#website","url":"https:\/\/softplaysupply.com\/","name":"Fornecedor de brinquedos macios","description":"Fornecedor de brinquedos macios","publisher":{"@id":"https:\/\/softplaysupply.com\/#organization"},"potentialAction":[{"@type":"SearchAction","target":{"@type":"EntryPoint","urlTemplate":"https:\/\/softplaysupply.com\/?s={search_term_string}"},"query-input":{"@type":"PropertyValueSpecification","valueRequired":true,"valueName":"search_term_string"}}],"inLanguage":"pt-PT"},{"@type":"Organization","@id":"https:\/\/softplaysupply.com\/#organization","name":"Nanpak","url":"https:\/\/softplaysupply.com\/","logo":{"@type":"ImageObject","inLanguage":"pt-PT","@id":"https:\/\/softplaysupply.com\/#\/schema\/logo\/image\/","url":"https:\/\/softplaysupply.com\/wp-content\/uploads\/2025\/12\/cropped-mobile-logo.png","contentUrl":"https:\/\/softplaysupply.com\/wp-content\/uploads\/2025\/12\/cropped-mobile-logo.png","width":263,"height":84,"caption":"Nanpak"},"image":{"@id":"https:\/\/softplaysupply.com\/#\/schema\/logo\/image\/"}}]}},"taxonomy_info":{"pcategory":[{"value":5,"label":"Indoor Playground Equipment"},{"value":36,"label":"Indoor Play Structure"},{"value":35,"label":"Indoor Trampoline"}]},"featured_image_src_large":["https:\/\/softplaysupply.com\/wp-content\/uploads\/2026\/04\/mini-trampoline-outdoor-3.jpg",750,750,false],"author_info":[],"comment_info":"","_links":{"self":[{"href":"https:\/\/softplaysupply.com\/pt\/wp-json\/wp\/v2\/product\/3986","targetHints":{"allow":["GET"]}}],"collection":[{"href":"https:\/\/softplaysupply.com\/pt\/wp-json\/wp\/v2\/product"}],"about":[{"href":"https:\/\/softplaysupply.com\/pt\/wp-json\/wp\/v2\/types\/product"}],"wp:featuredmedia":[{"embeddable":true,"href":"https:\/\/softplaysupply.com\/pt\/wp-json\/wp\/v2\/media\/3989"}],"wp:attachment":[{"href":"https:\/\/softplaysupply.com\/pt\/wp-json\/wp\/v2\/media?parent=3986"}],"wp:term":[{"taxonomy":"pcategory","embeddable":true,"href":"https:\/\/softplaysupply.com\/pt\/wp-json\/wp\/v2\/pcategory?post=3986"},{"taxonomy":"ptag","embeddable":true,"href":"https:\/\/softplaysupply.com\/pt\/wp-json\/wp\/v2\/ptag?post=3986"}],"curies":[{"name":"wp","href":"https:\/\/api.w.org\/{rel}","templated":true}]}}