{"id":3551,"date":"2026-01-31T06:12:11","date_gmt":"2026-01-31T06:12:11","guid":{"rendered":"https:\/\/softplaysupply.com\/?post_type=product&#038;p=3551"},"modified":"2025-12-25T07:27:26","modified_gmt":"2025-12-25T07:27:26","slug":"custom-dinosaur-themed-indoor-playground","status":"publish","type":"product","link":"https:\/\/softplaysupply.com\/pt\/produto\/custom-dinosaur-themed-indoor-playground\/","title":{"rendered":"Equipamento de gin\u00e1stica para playground interno com tema de dinossauros personalizado para zonas de recrea\u00e7\u00e3o comerciais"},"content":{"rendered":"<p style=\"font-size: 19px; color: #34495e; margin: 0 0 50px; font-weight: 500; text-align: left;\">D\u00ea vida \u00e0 aventura pr\u00e9-hist\u00f3rica com o nosso dinossauro <a href=\"https:\/\/softplaysupply.com\/pt\/pcategoria\/indoor-playground-equipment\/themed-playground\/\" data-internallinksmanager029f6b8e52c=\"7\" title=\"parque infantil tem\u00e1tico\" target=\"_blank\" rel=\"noopener\">parque infantil tem\u00e1tico<\/a> Uma experi\u00eancia de brincadeira interior vibrante e envolvente, concebida para emocionar e cativar crian\u00e7as de todas as idades. Este parque infantil transforma qualquer zona de brincadeira comercial num mundo pr\u00e9-hist\u00f3rico onde as crian\u00e7as podem trepar, deslizar, rastejar e explorar entre estruturas realistas com tem\u00e1tica de dinossauros. Com escorregas de v\u00e1rios n\u00edveis, piscinas de bolas, t\u00faneis de escalada, pontes de corda e elementos interativos, incentiva a atividade f\u00edsica, a brincadeira imaginativa e a intera\u00e7\u00e3o social. Perfeito para centros comerciais, centros de entretenimento familiar e parques de divers\u00f5es interiores, este parque infantil \u00e9 totalmente personaliz\u00e1vel para se adaptar aos seus requisitos de espa\u00e7o e tema. Cada detalhe \u00e9 concebido a pensar na seguran\u00e7a, durabilidade e divers\u00e3o, tornando-o o melhor parque infantil com tema de dinossauros para crian\u00e7as dos 3 aos 15 anos.<\/p>\n<p><img loading=\"lazy\" decoding=\"async\" class=\"alignnone size-full wp-image-3553\" src=\"https:\/\/softplaysupply.com\/wp-content\/uploads\/2026\/01\/dinosaur-themed-playground-2-1.jpg\" alt=\"\" width=\"800\" height=\"502\" srcset=\"https:\/\/softplaysupply.com\/wp-content\/uploads\/2026\/01\/dinosaur-themed-playground-2-1.jpg 800w, https:\/\/softplaysupply.com\/wp-content\/uploads\/2026\/01\/dinosaur-themed-playground-2-1-300x188.jpg 300w, https:\/\/softplaysupply.com\/wp-content\/uploads\/2026\/01\/dinosaur-themed-playground-2-1-768x482.jpg 768w, https:\/\/softplaysupply.com\/wp-content\/uploads\/2026\/01\/dinosaur-themed-playground-2-1-18x12.jpg 18w\" sizes=\"auto, (max-width: 800px) 100vw, 800px\" \/> <img loading=\"lazy\" decoding=\"async\" class=\"alignnone size-full wp-image-3554\" src=\"https:\/\/softplaysupply.com\/wp-content\/uploads\/2026\/01\/dinosaur-themed-playground-3.jpg\" alt=\"\" width=\"749\" height=\"749\" srcset=\"https:\/\/softplaysupply.com\/wp-content\/uploads\/2026\/01\/dinosaur-themed-playground-3.jpg 749w, https:\/\/softplaysupply.com\/wp-content\/uploads\/2026\/01\/dinosaur-themed-playground-3-300x300.jpg 300w, https:\/\/softplaysupply.com\/wp-content\/uploads\/2026\/01\/dinosaur-themed-playground-3-150x150.jpg 150w, https:\/\/softplaysupply.com\/wp-content\/uploads\/2026\/01\/dinosaur-themed-playground-3-12x12.jpg 12w\" sizes=\"auto, (max-width: 749px) 100vw, 749px\" \/> <img loading=\"lazy\" decoding=\"async\" class=\"alignnone size-full wp-image-3558\" src=\"https:\/\/softplaysupply.com\/wp-content\/uploads\/2026\/01\/dinosaur-themed-playground-7.jpg\" alt=\"\" width=\"800\" height=\"707\" srcset=\"https:\/\/softplaysupply.com\/wp-content\/uploads\/2026\/01\/dinosaur-themed-playground-7.jpg 800w, https:\/\/softplaysupply.com\/wp-content\/uploads\/2026\/01\/dinosaur-themed-playground-7-300x265.jpg 300w, https:\/\/softplaysupply.com\/wp-content\/uploads\/2026\/01\/dinosaur-themed-playground-7-768x679.jpg 768w, https:\/\/softplaysupply.com\/wp-content\/uploads\/2026\/01\/dinosaur-themed-playground-7-14x12.jpg 14w\" sizes=\"auto, (max-width: 800px) 100vw, 800px\" \/> <img loading=\"lazy\" decoding=\"async\" class=\"alignnone size-full wp-image-3559\" src=\"https:\/\/softplaysupply.com\/wp-content\/uploads\/2026\/01\/dinosaur-themed-playground-8.jpg\" alt=\"\" width=\"640\" height=\"640\" srcset=\"https:\/\/softplaysupply.com\/wp-content\/uploads\/2026\/01\/dinosaur-themed-playground-8.jpg 640w, https:\/\/softplaysupply.com\/wp-content\/uploads\/2026\/01\/dinosaur-themed-playground-8-300x300.jpg 300w, https:\/\/softplaysupply.com\/wp-content\/uploads\/2026\/01\/dinosaur-themed-playground-8-150x150.jpg 150w, https:\/\/softplaysupply.com\/wp-content\/uploads\/2026\/01\/dinosaur-themed-playground-8-12x12.jpg 12w\" sizes=\"auto, (max-width: 640px) 100vw, 640px\" \/> <img loading=\"lazy\" decoding=\"async\" class=\"alignnone size-full wp-image-3562\" src=\"https:\/\/softplaysupply.com\/wp-content\/uploads\/2026\/01\/dinosaur-themed-playground-11.jpg\" alt=\"parque infantil com tema de dinossauros\" width=\"749\" height=\"749\" srcset=\"https:\/\/softplaysupply.com\/wp-content\/uploads\/2026\/01\/dinosaur-themed-playground-11.jpg 749w, https:\/\/softplaysupply.com\/wp-content\/uploads\/2026\/01\/dinosaur-themed-playground-11-300x300.jpg 300w, https:\/\/softplaysupply.com\/wp-content\/uploads\/2026\/01\/dinosaur-themed-playground-11-150x150.jpg 150w, https:\/\/softplaysupply.com\/wp-content\/uploads\/2026\/01\/dinosaur-themed-playground-11-12x12.jpg 12w\" sizes=\"auto, (max-width: 749px) 100vw, 749px\" \/> <img loading=\"lazy\" decoding=\"async\" class=\"alignnone size-full wp-image-3563\" src=\"https:\/\/softplaysupply.com\/wp-content\/uploads\/2026\/01\/dinosaur-themed-playground-12.jpg\" alt=\"\" width=\"800\" height=\"700\" srcset=\"https:\/\/softplaysupply.com\/wp-content\/uploads\/2026\/01\/dinosaur-themed-playground-12.jpg 800w, https:\/\/softplaysupply.com\/wp-content\/uploads\/2026\/01\/dinosaur-themed-playground-12-300x263.jpg 300w, https:\/\/softplaysupply.com\/wp-content\/uploads\/2026\/01\/dinosaur-themed-playground-12-768x672.jpg 768w, https:\/\/softplaysupply.com\/wp-content\/uploads\/2026\/01\/dinosaur-themed-playground-12-14x12.jpg 14w\" sizes=\"auto, (max-width: 800px) 100vw, 800px\" \/> <img loading=\"lazy\" decoding=\"async\" class=\"alignnone size-full wp-image-3560\" src=\"https:\/\/softplaysupply.com\/wp-content\/uploads\/2026\/01\/dinosaur-themed-playground-9.jpg\" alt=\"\" width=\"790\" height=\"1063\" srcset=\"https:\/\/softplaysupply.com\/wp-content\/uploads\/2026\/01\/dinosaur-themed-playground-9.jpg 790w, https:\/\/softplaysupply.com\/wp-content\/uploads\/2026\/01\/dinosaur-themed-playground-9-223x300.jpg 223w, https:\/\/softplaysupply.com\/wp-content\/uploads\/2026\/01\/dinosaur-themed-playground-9-761x1024.jpg 761w, https:\/\/softplaysupply.com\/wp-content\/uploads\/2026\/01\/dinosaur-themed-playground-9-768x1033.jpg 768w, https:\/\/softplaysupply.com\/wp-content\/uploads\/2026\/01\/dinosaur-themed-playground-9-9x12.jpg 9w\" sizes=\"auto, (max-width: 790px) 100vw, 790px\" \/> <img loading=\"lazy\" decoding=\"async\" class=\"alignnone size-full wp-image-3561\" src=\"https:\/\/softplaysupply.com\/wp-content\/uploads\/2026\/01\/dinosaur-themed-playground-10.jpg\" alt=\"\" width=\"638\" height=\"768\" srcset=\"https:\/\/softplaysupply.com\/wp-content\/uploads\/2026\/01\/dinosaur-themed-playground-10.jpg 638w, https:\/\/softplaysupply.com\/wp-content\/uploads\/2026\/01\/dinosaur-themed-playground-10-249x300.jpg 249w, https:\/\/softplaysupply.com\/wp-content\/uploads\/2026\/01\/dinosaur-themed-playground-10-10x12.jpg 10w\" sizes=\"auto, (max-width: 638px) 100vw, 638px\" \/><\/p>\n<p style=\"font-size: 28px; font-weight: bold; color: #2e7d32; margin: 70px 0 25px; text-align: left;\">Par\u00e2metros do produto<\/p>\n<div style=\"margin: 0 0 60px;\">\n<p style=\"font-size: 19px; font-weight: bold; color: #1a5c38; margin: 0 0 12px; text-align: left;\">Produto<\/p>\n<p style=\"font-size: 17px; color: #424242; margin: 0 0 25px; padding-left: 20px; text-align: left;\">Parque infantil interior<\/p>\n<p style=\"font-size: 19px; font-weight: bold; color: #1a5c38; margin: 0 0 12px; text-align: left;\">Tamanho\/Cor<\/p>\n<p style=\"font-size: 17px; color: #424242; margin: 0 0 25px; padding-left: 20px; text-align: left;\">Personalizado<\/p>\n<p style=\"font-size: 19px; font-weight: bold; color: #1a5c38; margin: 0 0 12px; text-align: left;\">Certificados<\/p>\n<p style=\"font-size: 17px; color: #424242; margin: 0 0 25px; padding-left: 20px; text-align: left;\">CE, ISO9001, ISO8124, EN1176, STU, etc.<\/p>\n<p style=\"font-size: 19px; font-weight: bold; color: #1a5c38; margin: 0 0 12px; text-align: left;\">Faixa et\u00e1ria<\/p>\n<p style=\"font-size: 17px; color: #424242; margin: 0 0 25px; padding-left: 20px; text-align: left;\">3 a 15 anos<\/p>\n<p style=\"font-size: 19px; font-weight: bold; color: #1a5c38; margin: 0 0 12px; text-align: left;\">Material principal<\/p>\n<p style=\"font-size: 17px; color: #424242; margin: 0 0 25px; padding-left: 20px; text-align: left;\">Tubo de a\u00e7o galvanizado + contraplacado ou pl\u00e1stico de alta densidade + enchimento EPE de alta densidade + revestimento PU de qualidade + ferragens em a\u00e7o inoxid\u00e1vel<\/p>\n<p style=\"font-size: 19px; font-weight: bold; color: #1a5c38; margin: 0 0 12px; text-align: left;\">Temas dispon\u00edveis<\/p>\n<p style=\"font-size: 17px; color: #424242; margin: 0 0 25px; padding-left: 20px; text-align: left;\">Espa\u00e7o, Doces, Oceano, Macaron, Floresta, Neve Rom\u00e2ntica, Brit\u00e2nico, S\u00e9rie Trampolim, Dinossauro, etc.<\/p>\n<p style=\"font-size: 19px; font-weight: bold; color: #1a5c38; margin: 0 0 12px; text-align: left;\">Instala\u00e7\u00e3o<\/p>\n<p style=\"font-size: 17px; color: #424242; margin: 0 0 25px; padding-left: 20px; text-align: left;\">Instru\u00e7\u00e3o profissional em CAD, procedimentos de montagem e casos de projetos<\/p>\n<p style=\"font-size: 19px; font-weight: bold; color: #1a5c38; margin: 0 0 12px; text-align: left;\">Embalagem<\/p>\n<p style=\"font-size: 17px; color: #424242; margin: 0 0 25px; padding-left: 20px; text-align: left;\">Embalagem padr\u00e3o para exporta\u00e7\u00e3o<\/p>\n<p style=\"font-size: 19px; font-weight: bold; color: #1a5c38; margin: 0 0 12px; text-align: left;\">Vantagens<\/p>\n<p style=\"font-size: 17px; color: #424242; margin: 0 0 25px; padding-left: 20px; text-align: left;\">Anti-rachaduras, anti-desbotamento, n\u00e3o t\u00f3xico, resist\u00eancia anti-UV<\/p>\n<p style=\"font-size: 19px; font-weight: bold; color: #1a5c38; margin: 0 0 12px; text-align: left;\">Zonas ou atra\u00e7\u00f5es<\/p>\n<p style=\"font-size: 17px; color: #424242; margin: 0 0 25px; padding-left: 20px; text-align: left;\">Piscina de areia, piscina de bolinhas, blocos de constru\u00e7\u00e3o de espuma EPP, ponte de corrente de ferro, bicicleta el\u00e9trica, balde girat\u00f3rio, bola de ioga, carrossel, balan\u00e7o de bolas, coqueiro girat\u00f3rio macio, ponte de corda, balan\u00e7o de boxe, lan\u00e7ador de bolas, t\u00fanel espacial, t\u00fanel para rastejar, ringue de boxe infl\u00e1vel, pula-pula<\/p>\n<p style=\"font-size: 19px; font-weight: bold; color: #1a5c38; margin: 0 0 12px; text-align: left;\">Tempo de envio<\/p>\n<p style=\"font-size: 17px; color: #424242; margin: 0 0 25px; padding-left: 20px; text-align: left;\">30 dias<\/p>\n<\/div>\n<p style=\"font-size: 28px; font-weight: bold; color: #2e7d32; margin: 70px 0 25px; text-align: left;\">Por que nos escolher<\/p>\n<div style=\"margin: 0 0 60px;\">\n<p style=\"font-size: 20px; font-weight: bold; color: #1a5c38; margin: 0 0 15px; text-align: left;\">\u2022 F\u00e1brica de origem e alto desempenho em termos de custos<\/p>\n<p style=\"font-size: 17px; color: #424242; margin: 0 0 30px; text-align: left;\">A Smart Sports \u00e9 a fonte direta da f\u00e1brica, oferecendo fornecimento suficiente e os pre\u00e7os mais competitivos para compras sem preocupa\u00e7\u00f5es.<\/p>\n<p style=\"font-size: 20px; font-weight: bold; color: #1a5c38; margin: 0 0 15px; text-align: left;\">\u2022 Lideran\u00e7a em inova\u00e7\u00e3o<\/p>\n<p style=\"font-size: 17px; color: #424242; margin: 0 0 30px; text-align: left;\">A investiga\u00e7\u00e3o e desenvolvimento cont\u00ednuos garantem avan\u00e7os tecnol\u00f3gicos e melhorias em todos os departamentos, aumentando a qualidade e a efici\u00eancia dos produtos.<\/p>\n<p style=\"font-size: 20px; font-weight: bold; color: #1a5c38; margin: 0 0 15px; text-align: left;\">\u2022 Excel\u00eancia e produtos de qualidade<\/p>\n<p style=\"font-size: 17px; color: #424242; margin: 0 0 30px; text-align: left;\">A rigorosa inspe\u00e7\u00e3o dos produtos garante uma longa vida \u00fatil e uma baixa taxa de devolu\u00e7\u00e3o, proporcionando os parques infantis mais fi\u00e1veis.<\/p>\n<p style=\"font-size: 20px; font-weight: bold; color: #1a5c38; margin: 0 0 15px; text-align: left;\">\u2022 Servi\u00e7o completo e assist\u00eancia p\u00f3s-venda<\/p>\n<p style=\"font-size: 17px; color: #424242; margin: 0 0 30px; text-align: left;\">Oferecemos servi\u00e7os completos de aquisi\u00e7\u00e3o, desde o design e produ\u00e7\u00e3o at\u00e9 a instala\u00e7\u00e3o e suporte p\u00f3s-venda, garantindo tranquilidade aos clientes comerciais.<\/p>\n<\/div>\n<div style=\"margin: 80px 0 40px; padding: 50px 35px; background: linear-gradient(135deg, #e8f5e9, #f0fff0); border-radius: 30px; text-align: left;\">\n<p style=\"font-size: 26px; font-weight: bold; color: #1a5c38; margin: 0 0 25px;\">Pronto para trazer o mundo pr\u00e9-hist\u00f3rico para o seu espa\u00e7o?<\/p>\n<p style=\"font-size: 20px; font-weight: 600; color: #2e7d32; margin: 0;\">Entre em contacto connosco hoje mesmo para obter o seu parque infantil totalmente personalizado com tema de dinossauros!<\/p>\n<p><iframe loading=\"lazy\" title=\"Parque infantil coberto com escorregas e piscina de bolinhas para crian\u00e7as com tema de dinossauros #dinosaurthemedplayground\" width=\"563\" height=\"1000\" src=\"https:\/\/www.youtube.com\/embed\/Qbyyu4XOd5k?feature=oembed\" frameborder=\"0\" allow=\"accelerometer; autoplay; clipboard-write; encrypted-media; gyroscope; picture-in-picture; web-share\" referrerpolicy=\"strict-origin-when-cross-origin\" allowfullscreen><\/iframe><\/p>\n<\/div>","protected":false},"excerpt":{"rendered":"<p>D\u00ea vida \u00e0 aventura pr\u00e9-hist\u00f3rica com o nosso parque infantil tem\u00e1tico de dinossauros, uma experi\u00eancia de brincadeira interior vibrante e envolvente, concebida para emocionar e envolver crian\u00e7as de todas as idades. Este parque infantil transforma qualquer zona de brincadeira comercial num mundo pr\u00e9-hist\u00f3rico onde as crian\u00e7as podem trepar, deslizar, rastejar e explorar entre estruturas realistas com tem\u00e1tica de dinossauros. Com escorregas de v\u00e1rios n\u00edveis, piscinas de bolas, trepa-trepas...<\/p>","protected":false},"featured_media":3562,"parent":0,"template":"","meta":{"_acf_changed":false,"_kad_blocks_custom_css":"","_kad_blocks_head_custom_js":"","_kad_blocks_body_custom_js":"","_kad_blocks_footer_custom_js":"","_kadence_starter_templates_imported_post":false,"_kad_post_transparent":"default","_kad_post_title":"","_kad_post_layout":"default","_kad_post_sidebar_id":"","_kad_post_content_style":"default","_kad_post_vertical_padding":"default","_kad_post_feature":"","_kad_post_feature_position":"","_kad_post_header":false,"_kad_post_footer":false},"pcategory":[5,34],"ptag":[],"class_list":["post-3551","product","type-product","status-publish","has-post-thumbnail","hentry","pcategory-indoor-playground-equipment","pcategory-themed-playground"],"acf":[],"yoast_head":"<!-- This site is optimized with the Yoast SEO plugin v26.8 - https:\/\/yoast.com\/product\/yoast-seo-wordpress\/ -->\n<title>Custom Dinosaur Themed Indoor Playground Gym Equipment for Commercial Play Zones<\/title>\n<meta name=\"robots\" content=\"index, follow, max-snippet:-1, max-image-preview:large, max-video-preview:-1\" \/>\n<link rel=\"canonical\" href=\"https:\/\/softplaysupply.com\/pt\/produto\/custom-dinosaur-themed-indoor-playground\/\" \/>\n<meta property=\"og:locale\" content=\"pt_PT\" \/>\n<meta property=\"og:type\" content=\"article\" \/>\n<meta property=\"og:title\" content=\"Custom Dinosaur Themed Indoor Playground Gym Equipment for Commercial Play Zones\" \/>\n<meta property=\"og:description\" content=\"Bring prehistoric adventure to life with our dinosaur themed playground a vibrant and immersive indoor play experience designed to thrill and engage children of all ages. This playground transforms any commercial play zone into a prehistoric world where kids can climb, slide, crawl, and explore among life-like dinosaur-themed structures. Featuring multi-level slides, ball pits, climbing...\" \/>\n<meta property=\"og:url\" content=\"https:\/\/softplaysupply.com\/pt\/produto\/custom-dinosaur-themed-indoor-playground\/\" \/>\n<meta property=\"og:site_name\" content=\"Nanpak\" \/>\n<meta property=\"og:image\" content=\"https:\/\/softplaysupply.com\/wp-content\/uploads\/2026\/01\/dinosaur-themed-playground-11.jpg\" \/>\n\t<meta property=\"og:image:width\" content=\"749\" \/>\n\t<meta property=\"og:image:height\" content=\"749\" \/>\n\t<meta property=\"og:image:type\" content=\"image\/jpeg\" \/>\n<meta name=\"twitter:card\" content=\"summary_large_image\" \/>\n<meta name=\"twitter:label1\" content=\"Tempo estimado de leitura\" \/>\n\t<meta name=\"twitter:data1\" content=\"4 minutos\" \/>\n<script type=\"application\/ld+json\" class=\"yoast-schema-graph\">{\"@context\":\"https:\/\/schema.org\",\"@graph\":[{\"@type\":\"WebPage\",\"@id\":\"https:\/\/softplaysupply.com\/product\/custom-dinosaur-themed-indoor-playground\/\",\"url\":\"https:\/\/softplaysupply.com\/product\/custom-dinosaur-themed-indoor-playground\/\",\"name\":\"Custom Dinosaur Themed Indoor Playground Gym Equipment for Commercial Play Zones\",\"isPartOf\":{\"@id\":\"https:\/\/softplaysupply.com\/#website\"},\"primaryImageOfPage\":{\"@id\":\"https:\/\/softplaysupply.com\/product\/custom-dinosaur-themed-indoor-playground\/#primaryimage\"},\"image\":{\"@id\":\"https:\/\/softplaysupply.com\/product\/custom-dinosaur-themed-indoor-playground\/#primaryimage\"},\"thumbnailUrl\":\"https:\/\/softplaysupply.com\/wp-content\/uploads\/2026\/01\/dinosaur-themed-playground-11.jpg\",\"datePublished\":\"2026-01-31T06:12:11+00:00\",\"breadcrumb\":{\"@id\":\"https:\/\/softplaysupply.com\/product\/custom-dinosaur-themed-indoor-playground\/#breadcrumb\"},\"inLanguage\":\"pt-PT\",\"potentialAction\":[{\"@type\":\"ReadAction\",\"target\":[\"https:\/\/softplaysupply.com\/product\/custom-dinosaur-themed-indoor-playground\/\"]}]},{\"@type\":\"ImageObject\",\"inLanguage\":\"pt-PT\",\"@id\":\"https:\/\/softplaysupply.com\/product\/custom-dinosaur-themed-indoor-playground\/#primaryimage\",\"url\":\"https:\/\/softplaysupply.com\/wp-content\/uploads\/2026\/01\/dinosaur-themed-playground-11.jpg\",\"contentUrl\":\"https:\/\/softplaysupply.com\/wp-content\/uploads\/2026\/01\/dinosaur-themed-playground-11.jpg\",\"width\":749,\"height\":749,\"caption\":\"dinosaur themed playground\"},{\"@type\":\"BreadcrumbList\",\"@id\":\"https:\/\/softplaysupply.com\/product\/custom-dinosaur-themed-indoor-playground\/#breadcrumb\",\"itemListElement\":[{\"@type\":\"ListItem\",\"position\":1,\"name\":\"Home\",\"item\":\"https:\/\/softplaysupply.com\/\"},{\"@type\":\"ListItem\",\"position\":2,\"name\":\"Indoor Playground Equipment\",\"item\":\"https:\/\/softplaysupply.com\/pcategory\/indoor-playground-equipment\/\"},{\"@type\":\"ListItem\",\"position\":3,\"name\":\"Custom Dinosaur Themed Indoor Playground Gym Equipment for Commercial Play Zones\"}]},{\"@type\":\"WebSite\",\"@id\":\"https:\/\/softplaysupply.com\/#website\",\"url\":\"https:\/\/softplaysupply.com\/\",\"name\":\"Soft Play Supplier\",\"description\":\"Soft Play Supplier\",\"publisher\":{\"@id\":\"https:\/\/softplaysupply.com\/#organization\"},\"potentialAction\":[{\"@type\":\"SearchAction\",\"target\":{\"@type\":\"EntryPoint\",\"urlTemplate\":\"https:\/\/softplaysupply.com\/?s={search_term_string}\"},\"query-input\":{\"@type\":\"PropertyValueSpecification\",\"valueRequired\":true,\"valueName\":\"search_term_string\"}}],\"inLanguage\":\"pt-PT\"},{\"@type\":\"Organization\",\"@id\":\"https:\/\/softplaysupply.com\/#organization\",\"name\":\"Nanpak\",\"url\":\"https:\/\/softplaysupply.com\/\",\"logo\":{\"@type\":\"ImageObject\",\"inLanguage\":\"pt-PT\",\"@id\":\"https:\/\/softplaysupply.com\/#\/schema\/logo\/image\/\",\"url\":\"https:\/\/softplaysupply.com\/wp-content\/uploads\/2025\/12\/cropped-mobile-logo.png\",\"contentUrl\":\"https:\/\/softplaysupply.com\/wp-content\/uploads\/2025\/12\/cropped-mobile-logo.png\",\"width\":263,\"height\":84,\"caption\":\"Nanpak\"},\"image\":{\"@id\":\"https:\/\/softplaysupply.com\/#\/schema\/logo\/image\/\"}}]}<\/script>\n<!-- \/ Yoast SEO plugin. -->","yoast_head_json":{"title":"Equipamento de gin\u00e1stica para playground interno com tema de dinossauros personalizado para zonas de recrea\u00e7\u00e3o comerciais","robots":{"index":"index","follow":"follow","max-snippet":"max-snippet:-1","max-image-preview":"max-image-preview:large","max-video-preview":"max-video-preview:-1"},"canonical":"https:\/\/softplaysupply.com\/pt\/produto\/custom-dinosaur-themed-indoor-playground\/","og_locale":"pt_PT","og_type":"article","og_title":"Custom Dinosaur Themed Indoor Playground Gym Equipment for Commercial Play Zones","og_description":"Bring prehistoric adventure to life with our dinosaur themed playground a vibrant and immersive indoor play experience designed to thrill and engage children of all ages. This playground transforms any commercial play zone into a prehistoric world where kids can climb, slide, crawl, and explore among life-like dinosaur-themed structures. Featuring multi-level slides, ball pits, climbing...","og_url":"https:\/\/softplaysupply.com\/pt\/produto\/custom-dinosaur-themed-indoor-playground\/","og_site_name":"Nanpak","og_image":[{"width":749,"height":749,"url":"https:\/\/softplaysupply.com\/wp-content\/uploads\/2026\/01\/dinosaur-themed-playground-11.jpg","type":"image\/jpeg"}],"twitter_card":"summary_large_image","twitter_misc":{"Tempo estimado de leitura":"4 minutos"},"schema":{"@context":"https:\/\/schema.org","@graph":[{"@type":"WebPage","@id":"https:\/\/softplaysupply.com\/product\/custom-dinosaur-themed-indoor-playground\/","url":"https:\/\/softplaysupply.com\/product\/custom-dinosaur-themed-indoor-playground\/","name":"Equipamento de gin\u00e1stica para playground interno com tema de dinossauros personalizado para zonas de recrea\u00e7\u00e3o comerciais","isPartOf":{"@id":"https:\/\/softplaysupply.com\/#website"},"primaryImageOfPage":{"@id":"https:\/\/softplaysupply.com\/product\/custom-dinosaur-themed-indoor-playground\/#primaryimage"},"image":{"@id":"https:\/\/softplaysupply.com\/product\/custom-dinosaur-themed-indoor-playground\/#primaryimage"},"thumbnailUrl":"https:\/\/softplaysupply.com\/wp-content\/uploads\/2026\/01\/dinosaur-themed-playground-11.jpg","datePublished":"2026-01-31T06:12:11+00:00","breadcrumb":{"@id":"https:\/\/softplaysupply.com\/product\/custom-dinosaur-themed-indoor-playground\/#breadcrumb"},"inLanguage":"pt-PT","potentialAction":[{"@type":"ReadAction","target":["https:\/\/softplaysupply.com\/product\/custom-dinosaur-themed-indoor-playground\/"]}]},{"@type":"ImageObject","inLanguage":"pt-PT","@id":"https:\/\/softplaysupply.com\/product\/custom-dinosaur-themed-indoor-playground\/#primaryimage","url":"https:\/\/softplaysupply.com\/wp-content\/uploads\/2026\/01\/dinosaur-themed-playground-11.jpg","contentUrl":"https:\/\/softplaysupply.com\/wp-content\/uploads\/2026\/01\/dinosaur-themed-playground-11.jpg","width":749,"height":749,"caption":"dinosaur themed playground"},{"@type":"BreadcrumbList","@id":"https:\/\/softplaysupply.com\/product\/custom-dinosaur-themed-indoor-playground\/#breadcrumb","itemListElement":[{"@type":"ListItem","position":1,"name":"Home","item":"https:\/\/softplaysupply.com\/"},{"@type":"ListItem","position":2,"name":"Indoor Playground Equipment","item":"https:\/\/softplaysupply.com\/pcategory\/indoor-playground-equipment\/"},{"@type":"ListItem","position":3,"name":"Custom Dinosaur Themed Indoor Playground Gym Equipment for Commercial Play Zones"}]},{"@type":"WebSite","@id":"https:\/\/softplaysupply.com\/#website","url":"https:\/\/softplaysupply.com\/","name":"Fornecedor de brinquedos macios","description":"Fornecedor de brinquedos macios","publisher":{"@id":"https:\/\/softplaysupply.com\/#organization"},"potentialAction":[{"@type":"SearchAction","target":{"@type":"EntryPoint","urlTemplate":"https:\/\/softplaysupply.com\/?s={search_term_string}"},"query-input":{"@type":"PropertyValueSpecification","valueRequired":true,"valueName":"search_term_string"}}],"inLanguage":"pt-PT"},{"@type":"Organization","@id":"https:\/\/softplaysupply.com\/#organization","name":"Nanpak","url":"https:\/\/softplaysupply.com\/","logo":{"@type":"ImageObject","inLanguage":"pt-PT","@id":"https:\/\/softplaysupply.com\/#\/schema\/logo\/image\/","url":"https:\/\/softplaysupply.com\/wp-content\/uploads\/2025\/12\/cropped-mobile-logo.png","contentUrl":"https:\/\/softplaysupply.com\/wp-content\/uploads\/2025\/12\/cropped-mobile-logo.png","width":263,"height":84,"caption":"Nanpak"},"image":{"@id":"https:\/\/softplaysupply.com\/#\/schema\/logo\/image\/"}}]}},"taxonomy_info":{"pcategory":[{"value":5,"label":"Indoor Playground Equipment"},{"value":34,"label":"Themed Playground"}]},"featured_image_src_large":["https:\/\/softplaysupply.com\/wp-content\/uploads\/2026\/01\/dinosaur-themed-playground-11.jpg",749,749,false],"author_info":[],"comment_info":"","_links":{"self":[{"href":"https:\/\/softplaysupply.com\/pt\/wp-json\/wp\/v2\/product\/3551","targetHints":{"allow":["GET"]}}],"collection":[{"href":"https:\/\/softplaysupply.com\/pt\/wp-json\/wp\/v2\/product"}],"about":[{"href":"https:\/\/softplaysupply.com\/pt\/wp-json\/wp\/v2\/types\/product"}],"wp:featuredmedia":[{"embeddable":true,"href":"https:\/\/softplaysupply.com\/pt\/wp-json\/wp\/v2\/media\/3562"}],"wp:attachment":[{"href":"https:\/\/softplaysupply.com\/pt\/wp-json\/wp\/v2\/media?parent=3551"}],"wp:term":[{"taxonomy":"pcategory","embeddable":true,"href":"https:\/\/softplaysupply.com\/pt\/wp-json\/wp\/v2\/pcategory?post=3551"},{"taxonomy":"ptag","embeddable":true,"href":"https:\/\/softplaysupply.com\/pt\/wp-json\/wp\/v2\/ptag?post=3551"}],"curies":[{"name":"wp","href":"https:\/\/api.w.org\/{rel}","templated":true}]}}