{"id":3470,"date":"2026-01-13T03:54:57","date_gmt":"2026-01-13T03:54:57","guid":{"rendered":"https:\/\/softplaysupply.com\/?post_type=product&#038;p=3470"},"modified":"2025-12-22T04:47:59","modified_gmt":"2025-12-22T04:47:59","slug":"lancador-de-balas-de-canhao-de-morteiro","status":"publish","type":"product","link":"https:\/\/softplaysupply.com\/pt\/produto\/lancador-de-balas-de-canhao-de-morteiro\/","title":{"rendered":"Equipamento para playground interno com canh\u00e3o girat\u00f3rio de bolas de argamassa, lan\u00e7ador de bolas e lan\u00e7ador"},"content":{"rendered":"<p>O equipamento para playground interno Rotate Mortar Cannon Ball Blaster Machine com lan\u00e7ador de bolas e lan\u00e7ador \u00e9 uma solu\u00e7\u00e3o de lazer moderna e interativa projetada para ambientes de divers\u00e3o internos. Ele combina seguran\u00e7a, durabilidade e emo\u00e7\u00e3o, tornando-o ideal para shoppings, creches, centros de entretenimento familiar e playgrounds internos. Este Mortar Cannon Ball Blaster foi especialmente projetado para lan\u00e7ar bolas macias de forma divertida e envolvente, garantindo uma opera\u00e7\u00e3o adequada para crian\u00e7as.<\/p>\n<div style=\"width: 480px;\" class=\"wp-video\"><video class=\"wp-video-shortcode\" id=\"video-3470-1\" width=\"480\" height=\"480\" preload=\"metadata\" controls=\"controls\"><source type=\"video\/mp4\" src=\"https:\/\/softplaysupply.com\/wp-content\/uploads\/2026\/01\/Cannon-Ball-Blaster.mp4?_=1\" \/><a href=\"https:\/\/softplaysupply.com\/wp-content\/uploads\/2026\/01\/Cannon-Ball-Blaster.mp4\">https:\/\/softplaysupply.com\/wp-content\/uploads\/2026\/01\/Cannon-Ball-Blaster.mp4<\/a><\/video><\/div>\n<p><strong>O que \u00e9 um canh\u00e3o de morteiro?<\/strong><\/p>\n<p>Um Mortar Cannon Ball Blaster \u00e9 um dispositivo recreativo para playgrounds internos usado para lan\u00e7ar v\u00e1rias bolas macias usando um fluxo de ar controlado. A m\u00e1quina inclui normalmente um cano rotativo, um sistema de carregamento de bolas e um mecanismo de sopro acionado a ar. Ao contr\u00e1rio dos lan\u00e7adores de tiro \u00fanico, o Mortar Cannon Ball Blaster cria um efeito de pulveriza\u00e7\u00e3o cont\u00ednua, lan\u00e7ando v\u00e1rias bolas ao mesmo tempo para aumentar o impacto visual e a intera\u00e7\u00e3o. Este tipo de equipamento \u00e9 amplamente utilizado em zonas de jogo de pit ball e \u00e1reas sensoriais interativas. Oferece uma alternativa segura aos brinquedos de proj\u00e9til tradicionais e incentiva o jogo em grupo.<\/p>\n<p><img loading=\"lazy\" decoding=\"async\" class=\"alignnone size-full wp-image-3480\" src=\"https:\/\/softplaysupply.com\/wp-content\/uploads\/2026\/01\/Ocean-Ball-Spraying-for-Amusement-Parks-4.jpg\" alt=\"\" width=\"750\" height=\"1243\" srcset=\"https:\/\/softplaysupply.com\/wp-content\/uploads\/2026\/01\/Ocean-Ball-Spraying-for-Amusement-Parks-4.jpg 750w, https:\/\/softplaysupply.com\/wp-content\/uploads\/2026\/01\/Ocean-Ball-Spraying-for-Amusement-Parks-4-181x300.jpg 181w, https:\/\/softplaysupply.com\/wp-content\/uploads\/2026\/01\/Ocean-Ball-Spraying-for-Amusement-Parks-4-618x1024.jpg 618w, https:\/\/softplaysupply.com\/wp-content\/uploads\/2026\/01\/Ocean-Ball-Spraying-for-Amusement-Parks-4-7x12.jpg 7w\" sizes=\"auto, (max-width: 750px) 100vw, 750px\" \/> <img loading=\"lazy\" decoding=\"async\" class=\"alignnone size-full wp-image-3479\" src=\"https:\/\/softplaysupply.com\/wp-content\/uploads\/2026\/01\/Ocean-Ball-Spraying-for-Amusement-Parks-3.jpg\" alt=\"\" width=\"750\" height=\"1094\" srcset=\"https:\/\/softplaysupply.com\/wp-content\/uploads\/2026\/01\/Ocean-Ball-Spraying-for-Amusement-Parks-3.jpg 750w, https:\/\/softplaysupply.com\/wp-content\/uploads\/2026\/01\/Ocean-Ball-Spraying-for-Amusement-Parks-3-206x300.jpg 206w, https:\/\/softplaysupply.com\/wp-content\/uploads\/2026\/01\/Ocean-Ball-Spraying-for-Amusement-Parks-3-702x1024.jpg 702w, https:\/\/softplaysupply.com\/wp-content\/uploads\/2026\/01\/Ocean-Ball-Spraying-for-Amusement-Parks-3-8x12.jpg 8w\" sizes=\"auto, (max-width: 750px) 100vw, 750px\" \/> <img loading=\"lazy\" decoding=\"async\" class=\"alignnone size-full wp-image-3478\" src=\"https:\/\/softplaysupply.com\/wp-content\/uploads\/2026\/01\/Ocean-Ball-Spraying-for-Amusement-Parks-2.jpg\" alt=\"\" width=\"750\" height=\"1083\" srcset=\"https:\/\/softplaysupply.com\/wp-content\/uploads\/2026\/01\/Ocean-Ball-Spraying-for-Amusement-Parks-2.jpg 750w, https:\/\/softplaysupply.com\/wp-content\/uploads\/2026\/01\/Ocean-Ball-Spraying-for-Amusement-Parks-2-208x300.jpg 208w, https:\/\/softplaysupply.com\/wp-content\/uploads\/2026\/01\/Ocean-Ball-Spraying-for-Amusement-Parks-2-709x1024.jpg 709w, https:\/\/softplaysupply.com\/wp-content\/uploads\/2026\/01\/Ocean-Ball-Spraying-for-Amusement-Parks-2-8x12.jpg 8w\" sizes=\"auto, (max-width: 750px) 100vw, 750px\" \/> <img loading=\"lazy\" decoding=\"async\" class=\"alignnone size-full wp-image-3477\" src=\"https:\/\/softplaysupply.com\/wp-content\/uploads\/2026\/01\/Ocean-Ball-Spraying-for-Amusement-Parks-1.jpg\" alt=\"\" width=\"750\" height=\"1030\" srcset=\"https:\/\/softplaysupply.com\/wp-content\/uploads\/2026\/01\/Ocean-Ball-Spraying-for-Amusement-Parks-1.jpg 750w, https:\/\/softplaysupply.com\/wp-content\/uploads\/2026\/01\/Ocean-Ball-Spraying-for-Amusement-Parks-1-218x300.jpg 218w, https:\/\/softplaysupply.com\/wp-content\/uploads\/2026\/01\/Ocean-Ball-Spraying-for-Amusement-Parks-1-746x1024.jpg 746w, https:\/\/softplaysupply.com\/wp-content\/uploads\/2026\/01\/Ocean-Ball-Spraying-for-Amusement-Parks-1-9x12.jpg 9w\" sizes=\"auto, (max-width: 750px) 100vw, 750px\" \/> \u00a0<img loading=\"lazy\" decoding=\"async\" class=\"alignnone size-full wp-image-3473\" src=\"https:\/\/softplaysupply.com\/wp-content\/uploads\/2026\/01\/Cannon-Ball-Blaster-Machine-2.jpg\" alt=\"\" width=\"800\" height=\"800\" srcset=\"https:\/\/softplaysupply.com\/wp-content\/uploads\/2026\/01\/Cannon-Ball-Blaster-Machine-2.jpg 800w, https:\/\/softplaysupply.com\/wp-content\/uploads\/2026\/01\/Cannon-Ball-Blaster-Machine-2-300x300.jpg 300w, https:\/\/softplaysupply.com\/wp-content\/uploads\/2026\/01\/Cannon-Ball-Blaster-Machine-2-150x150.jpg 150w, https:\/\/softplaysupply.com\/wp-content\/uploads\/2026\/01\/Cannon-Ball-Blaster-Machine-2-768x768.jpg 768w, https:\/\/softplaysupply.com\/wp-content\/uploads\/2026\/01\/Cannon-Ball-Blaster-Machine-2-12x12.jpg 12w\" sizes=\"auto, (max-width: 800px) 100vw, 800px\" \/>\u00a0<img loading=\"lazy\" decoding=\"async\" class=\"alignnone size-full wp-image-3475\" src=\"https:\/\/softplaysupply.com\/wp-content\/uploads\/2026\/01\/Cannon-Ball-Blaster-Machine-4.jpg\" alt=\"M\u00e1quina de disparo de balas de canh\u00e3o\" width=\"800\" height=\"800\" srcset=\"https:\/\/softplaysupply.com\/wp-content\/uploads\/2026\/01\/Cannon-Ball-Blaster-Machine-4.jpg 800w, https:\/\/softplaysupply.com\/wp-content\/uploads\/2026\/01\/Cannon-Ball-Blaster-Machine-4-300x300.jpg 300w, https:\/\/softplaysupply.com\/wp-content\/uploads\/2026\/01\/Cannon-Ball-Blaster-Machine-4-150x150.jpg 150w, https:\/\/softplaysupply.com\/wp-content\/uploads\/2026\/01\/Cannon-Ball-Blaster-Machine-4-768x768.jpg 768w, https:\/\/softplaysupply.com\/wp-content\/uploads\/2026\/01\/Cannon-Ball-Blaster-Machine-4-12x12.jpg 12w\" sizes=\"auto, (max-width: 800px) 100vw, 800px\" \/><\/p>\n<p><strong>Experi\u00eancia de jogo interior melhorada<\/strong><\/p>\n<p>A m\u00e1quina de brincar para interiores Rotate Mortar Cannon Ball Blaster melhora significativamente a experi\u00eancia geral de brincar. A intera\u00e7\u00e3o movida a ar mant\u00e9m as crian\u00e7as ativas e envolvidas. A fun\u00e7\u00e3o rotativa, at\u00e9 45 graus, permite que os jogadores mudem de dire\u00e7\u00e3o e explorem diferentes \u00e2ngulos de jogo. Isso torna o Mortar Cannon Ball Blaster mais din\u00e2mico do que os lan\u00e7adores de bolas fixos.<\/p>\n<p>O movimento de pulveriza\u00e7\u00e3o e lan\u00e7amento adiciona emo\u00e7\u00e3o \u00e0s piscinas de bolinhas. As crian\u00e7as podem mirar, soltar e ver v\u00e1rias bolas voarem pelo ar, criando divers\u00e3o sem fim.<\/p>\n<p><strong>Design seguro e adequado para crian\u00e7as<\/strong><\/p>\n<p>A seguran\u00e7a \u00e9 uma vantagem fundamental do Mortar Cannon Ball Blaster. Ele usa bolas de espuma leves ou bolas de praia macias que s\u00e3o seguras para crian\u00e7as de diferentes faixas et\u00e1rias. A intensidade do fluxo de ar pode ser ajustada, permitindo que os operadores controlem a velocidade da bola e a for\u00e7a de proje\u00e7\u00e3o.<\/p>\n<p>Isso torna o Mortar Cannon Ball Blaster adequado tanto para crian\u00e7as mais novas quanto para crian\u00e7as mais velhas, garantindo o uso inclusivo do parque infantil interno.<\/p>\n<p><strong>Materiais dur\u00e1veis e constru\u00e7\u00e3o OEM<\/strong><\/p>\n<p>Este equipamento para parques infantis interiores \u00e9 fabricado com materiais de alta qualidade. As pe\u00e7as transparentes s\u00e3o feitas de acr\u00edlico, combinadas com pain\u00e9is de PE, pl\u00e1stico ABS, estrutura de a\u00e7o e revestimento de couro PU. Estes materiais conferem ao Mortar Cannon Ball Blaster uma apar\u00eancia realista e um acabamento luxuoso, garantindo ao mesmo tempo uma durabilidade a longo prazo.<\/p>\n<p><strong>Aplica\u00e7\u00f5es funcionais em parques infantis interiores<\/strong><\/p>\n<p>O Mortar Cannon Ball Blaster foi concebido para brincadeiras com bolas em piscinas e intera\u00e7\u00e3o em parques infantis interiores. Adapta-se bem a zonas sensoriais, \u00e1reas com piscinas de bolas e espa\u00e7os de brincadeira tem\u00e1ticos. Tamb\u00e9m pode funcionar em conjunto com um Ocean Ball Shooter para criar um sistema interativo completo de bolas dentro de um parque infantil.<\/p>\n<p>Al\u00e9m disso, a m\u00e1quina pode ser combinada com um lan\u00e7ador de bolas Pit Ball Launcher para criar um ambiente de jogo competitivo ou cooperativo que promove o trabalho em equipa e a coordena\u00e7\u00e3o.<\/p>\n<p><strong>Desenvolvimento de compet\u00eancias e benef\u00edcios interativos<\/strong><\/p>\n<p>Usar um Mortar Cannon Ball Blaster ajuda as crian\u00e7as a desenvolver a coordena\u00e7\u00e3o motora e as habilidades motoras. O ato de mirar, girar e controlar o fluxo de ar estimula o movimento f\u00edsico e o pensamento estrat\u00e9gico. Brincar em grupo com o Mortar Cannon Ball Blaster tamb\u00e9m promove a intera\u00e7\u00e3o social e o trabalho em equipa.<\/p>\n<p>Isso torna o equipamento n\u00e3o apenas divertido, mas tamb\u00e9m educativo, de uma forma subtil e agrad\u00e1vel.<\/p>\n<p><strong>Personaliza\u00e7\u00e3o e integra\u00e7\u00e3o de temas<\/strong><\/p>\n<p>A m\u00e1quina Rotate Mortar Cannon Ball Blaster para parques infantis interiores pode ser personalizada em termos de cor, tema e design. Podem ser aplicados temas oce\u00e2nicos, estilos modernos ou marcas personalizadas para combinar com o conceito geral do parque infantil. Esta flexibilidade torna a Mortar Cannon Ball Blaster uma forte atra\u00e7\u00e3o visual em projetos comerciais de parques infantis interiores.<\/p>\n<p><strong>A escolha ideal para espa\u00e7os comerciais<\/strong><\/p>\n<p>Seja em centros comerciais, creches, parques de divers\u00f5es cobertos ou centros de entretenimento familiar, o Mortar Cannon Ball Blaster oferece um valor duradouro. O seu design de baixa manuten\u00e7\u00e3o, estrutura dur\u00e1vel e jogabilidade envolvente tornam-no uma escolha fi\u00e1vel para operadores que procuram melhorar as suas ofertas de parques infantis cobertos.<\/p>\n<p>Ao combinar seguran\u00e7a, interatividade e personaliza\u00e7\u00e3o, o equipamento Indoor Playground Rotate Mortar Cannon Ball Blaster Machine Equipment com Ball Shooter e Launcher destaca-se como uma solu\u00e7\u00e3o premium para espa\u00e7os de lazer interiores modernos.<\/p>","protected":false},"excerpt":{"rendered":"<p>O equipamento para playground interno Rotate Mortar Cannon Ball Blaster Machine com lan\u00e7ador de bolas e lan\u00e7ador \u00e9 uma solu\u00e7\u00e3o de lazer moderna e interativa projetada para ambientes de divers\u00e3o internos. Ele combina seguran\u00e7a, durabilidade e emo\u00e7\u00e3o, tornando-o ideal para shoppings, creches, centros de entretenimento familiar e playgrounds internos. Este Mortar Cannon Ball Blaster foi especialmente projetado para...<\/p>","protected":false},"featured_media":3475,"parent":0,"template":"","meta":{"_acf_changed":false,"_kad_blocks_custom_css":"","_kad_blocks_head_custom_js":"","_kad_blocks_body_custom_js":"","_kad_blocks_footer_custom_js":"","_kadence_starter_templates_imported_post":false,"_kad_post_transparent":"default","_kad_post_title":"","_kad_post_layout":"default","_kad_post_sidebar_id":"","_kad_post_content_style":"default","_kad_post_vertical_padding":"default","_kad_post_feature":"","_kad_post_feature_position":"","_kad_post_header":false,"_kad_post_footer":false},"pcategory":[26],"ptag":[],"class_list":["post-3470","product","type-product","status-publish","has-post-thumbnail","hentry","pcategory-cannon-ball-blower"],"acf":[],"yoast_head":"<!-- This site is optimized with the Yoast SEO plugin v26.8 - https:\/\/yoast.com\/product\/yoast-seo-wordpress\/ -->\n<title>Indoor Playground Rotate Mortar Cannon Ball Blaster Machine Equipment with Ball Shooter and Launcher<\/title>\n<meta name=\"robots\" content=\"index, follow, max-snippet:-1, max-image-preview:large, max-video-preview:-1\" \/>\n<link rel=\"canonical\" href=\"https:\/\/softplaysupply.com\/pt\/produto\/lancador-de-balas-de-canhao-de-morteiro\/\" \/>\n<meta property=\"og:locale\" content=\"pt_PT\" \/>\n<meta property=\"og:type\" content=\"article\" \/>\n<meta property=\"og:title\" content=\"Indoor Playground Rotate Mortar Cannon Ball Blaster Machine Equipment with Ball Shooter and Launcher\" \/>\n<meta property=\"og:description\" content=\"The Indoor Playground Rotate Mortar Cannon Ball Blaster Machine Equipment with Ball Shooter and Launcher is a modern and interactive play solution designed for indoor amusement environments. It combines safety, durability, and excitement, making it ideal for malls, daycare centers, family entertainment centers, and indoor playgrounds. This Mortar Cannon Ball Blaster is specially designed to...\" \/>\n<meta property=\"og:url\" content=\"https:\/\/softplaysupply.com\/pt\/produto\/lancador-de-balas-de-canhao-de-morteiro\/\" \/>\n<meta property=\"og:site_name\" content=\"Nanpak\" \/>\n<meta property=\"og:image\" content=\"https:\/\/softplaysupply.com\/wp-content\/uploads\/2026\/01\/Cannon-Ball-Blaster-Machine-4.jpg\" \/>\n\t<meta property=\"og:image:width\" content=\"800\" \/>\n\t<meta property=\"og:image:height\" content=\"800\" \/>\n\t<meta property=\"og:image:type\" content=\"image\/jpeg\" \/>\n<meta name=\"twitter:card\" content=\"summary_large_image\" \/>\n<meta name=\"twitter:label1\" content=\"Tempo estimado de leitura\" \/>\n\t<meta name=\"twitter:data1\" content=\"5 minutos\" \/>\n<script type=\"application\/ld+json\" class=\"yoast-schema-graph\">{\"@context\":\"https:\/\/schema.org\",\"@graph\":[{\"@type\":\"WebPage\",\"@id\":\"https:\/\/softplaysupply.com\/product\/mortar-cannon-ball-blaster\/\",\"url\":\"https:\/\/softplaysupply.com\/product\/mortar-cannon-ball-blaster\/\",\"name\":\"Indoor Playground Rotate Mortar Cannon Ball Blaster Machine Equipment with Ball Shooter and Launcher\",\"isPartOf\":{\"@id\":\"https:\/\/softplaysupply.com\/#website\"},\"primaryImageOfPage\":{\"@id\":\"https:\/\/softplaysupply.com\/product\/mortar-cannon-ball-blaster\/#primaryimage\"},\"image\":{\"@id\":\"https:\/\/softplaysupply.com\/product\/mortar-cannon-ball-blaster\/#primaryimage\"},\"thumbnailUrl\":\"https:\/\/softplaysupply.com\/wp-content\/uploads\/2026\/01\/Cannon-Ball-Blaster-Machine-4.jpg\",\"datePublished\":\"2026-01-13T03:54:57+00:00\",\"breadcrumb\":{\"@id\":\"https:\/\/softplaysupply.com\/product\/mortar-cannon-ball-blaster\/#breadcrumb\"},\"inLanguage\":\"pt-PT\",\"potentialAction\":[{\"@type\":\"ReadAction\",\"target\":[\"https:\/\/softplaysupply.com\/product\/mortar-cannon-ball-blaster\/\"]}]},{\"@type\":\"ImageObject\",\"inLanguage\":\"pt-PT\",\"@id\":\"https:\/\/softplaysupply.com\/product\/mortar-cannon-ball-blaster\/#primaryimage\",\"url\":\"https:\/\/softplaysupply.com\/wp-content\/uploads\/2026\/01\/Cannon-Ball-Blaster-Machine-4.jpg\",\"contentUrl\":\"https:\/\/softplaysupply.com\/wp-content\/uploads\/2026\/01\/Cannon-Ball-Blaster-Machine-4.jpg\",\"width\":800,\"height\":800,\"caption\":\"Cannon Ball Blaster Machine\"},{\"@type\":\"BreadcrumbList\",\"@id\":\"https:\/\/softplaysupply.com\/product\/mortar-cannon-ball-blaster\/#breadcrumb\",\"itemListElement\":[{\"@type\":\"ListItem\",\"position\":1,\"name\":\"Home\",\"item\":\"https:\/\/softplaysupply.com\/\"},{\"@type\":\"ListItem\",\"position\":2,\"name\":\"Cannon Ball Blower\",\"item\":\"https:\/\/softplaysupply.com\/pcategory\/cannon-ball-blower\/\"},{\"@type\":\"ListItem\",\"position\":3,\"name\":\"Indoor Playground Rotate Mortar Cannon Ball Blaster Machine Equipment with Ball Shooter and Launcher\"}]},{\"@type\":\"WebSite\",\"@id\":\"https:\/\/softplaysupply.com\/#website\",\"url\":\"https:\/\/softplaysupply.com\/\",\"name\":\"Soft Play Supplier\",\"description\":\"Soft Play Supplier\",\"publisher\":{\"@id\":\"https:\/\/softplaysupply.com\/#organization\"},\"potentialAction\":[{\"@type\":\"SearchAction\",\"target\":{\"@type\":\"EntryPoint\",\"urlTemplate\":\"https:\/\/softplaysupply.com\/?s={search_term_string}\"},\"query-input\":{\"@type\":\"PropertyValueSpecification\",\"valueRequired\":true,\"valueName\":\"search_term_string\"}}],\"inLanguage\":\"pt-PT\"},{\"@type\":\"Organization\",\"@id\":\"https:\/\/softplaysupply.com\/#organization\",\"name\":\"Nanpak\",\"url\":\"https:\/\/softplaysupply.com\/\",\"logo\":{\"@type\":\"ImageObject\",\"inLanguage\":\"pt-PT\",\"@id\":\"https:\/\/softplaysupply.com\/#\/schema\/logo\/image\/\",\"url\":\"https:\/\/softplaysupply.com\/wp-content\/uploads\/2025\/12\/cropped-mobile-logo.png\",\"contentUrl\":\"https:\/\/softplaysupply.com\/wp-content\/uploads\/2025\/12\/cropped-mobile-logo.png\",\"width\":263,\"height\":84,\"caption\":\"Nanpak\"},\"image\":{\"@id\":\"https:\/\/softplaysupply.com\/#\/schema\/logo\/image\/\"}}]}<\/script>\n<!-- \/ Yoast SEO plugin. -->","yoast_head_json":{"title":"Equipamento para playground interno com canh\u00e3o girat\u00f3rio de bolas de argamassa, lan\u00e7ador de bolas e lan\u00e7ador","robots":{"index":"index","follow":"follow","max-snippet":"max-snippet:-1","max-image-preview":"max-image-preview:large","max-video-preview":"max-video-preview:-1"},"canonical":"https:\/\/softplaysupply.com\/pt\/produto\/lancador-de-balas-de-canhao-de-morteiro\/","og_locale":"pt_PT","og_type":"article","og_title":"Indoor Playground Rotate Mortar Cannon Ball Blaster Machine Equipment with Ball Shooter and Launcher","og_description":"The Indoor Playground Rotate Mortar Cannon Ball Blaster Machine Equipment with Ball Shooter and Launcher is a modern and interactive play solution designed for indoor amusement environments. It combines safety, durability, and excitement, making it ideal for malls, daycare centers, family entertainment centers, and indoor playgrounds. This Mortar Cannon Ball Blaster is specially designed to...","og_url":"https:\/\/softplaysupply.com\/pt\/produto\/lancador-de-balas-de-canhao-de-morteiro\/","og_site_name":"Nanpak","og_image":[{"width":800,"height":800,"url":"https:\/\/softplaysupply.com\/wp-content\/uploads\/2026\/01\/Cannon-Ball-Blaster-Machine-4.jpg","type":"image\/jpeg"}],"twitter_card":"summary_large_image","twitter_misc":{"Tempo estimado de leitura":"5 minutos"},"schema":{"@context":"https:\/\/schema.org","@graph":[{"@type":"WebPage","@id":"https:\/\/softplaysupply.com\/product\/mortar-cannon-ball-blaster\/","url":"https:\/\/softplaysupply.com\/product\/mortar-cannon-ball-blaster\/","name":"Equipamento para playground interno com canh\u00e3o girat\u00f3rio de bolas de argamassa, lan\u00e7ador de bolas e lan\u00e7ador","isPartOf":{"@id":"https:\/\/softplaysupply.com\/#website"},"primaryImageOfPage":{"@id":"https:\/\/softplaysupply.com\/product\/mortar-cannon-ball-blaster\/#primaryimage"},"image":{"@id":"https:\/\/softplaysupply.com\/product\/mortar-cannon-ball-blaster\/#primaryimage"},"thumbnailUrl":"https:\/\/softplaysupply.com\/wp-content\/uploads\/2026\/01\/Cannon-Ball-Blaster-Machine-4.jpg","datePublished":"2026-01-13T03:54:57+00:00","breadcrumb":{"@id":"https:\/\/softplaysupply.com\/product\/mortar-cannon-ball-blaster\/#breadcrumb"},"inLanguage":"pt-PT","potentialAction":[{"@type":"ReadAction","target":["https:\/\/softplaysupply.com\/product\/mortar-cannon-ball-blaster\/"]}]},{"@type":"ImageObject","inLanguage":"pt-PT","@id":"https:\/\/softplaysupply.com\/product\/mortar-cannon-ball-blaster\/#primaryimage","url":"https:\/\/softplaysupply.com\/wp-content\/uploads\/2026\/01\/Cannon-Ball-Blaster-Machine-4.jpg","contentUrl":"https:\/\/softplaysupply.com\/wp-content\/uploads\/2026\/01\/Cannon-Ball-Blaster-Machine-4.jpg","width":800,"height":800,"caption":"Cannon Ball Blaster Machine"},{"@type":"BreadcrumbList","@id":"https:\/\/softplaysupply.com\/product\/mortar-cannon-ball-blaster\/#breadcrumb","itemListElement":[{"@type":"ListItem","position":1,"name":"Home","item":"https:\/\/softplaysupply.com\/"},{"@type":"ListItem","position":2,"name":"Cannon Ball Blower","item":"https:\/\/softplaysupply.com\/pcategory\/cannon-ball-blower\/"},{"@type":"ListItem","position":3,"name":"Indoor Playground Rotate Mortar Cannon Ball Blaster Machine Equipment with Ball Shooter and Launcher"}]},{"@type":"WebSite","@id":"https:\/\/softplaysupply.com\/#website","url":"https:\/\/softplaysupply.com\/","name":"Fornecedor de brinquedos macios","description":"Fornecedor de brinquedos macios","publisher":{"@id":"https:\/\/softplaysupply.com\/#organization"},"potentialAction":[{"@type":"SearchAction","target":{"@type":"EntryPoint","urlTemplate":"https:\/\/softplaysupply.com\/?s={search_term_string}"},"query-input":{"@type":"PropertyValueSpecification","valueRequired":true,"valueName":"search_term_string"}}],"inLanguage":"pt-PT"},{"@type":"Organization","@id":"https:\/\/softplaysupply.com\/#organization","name":"Nanpak","url":"https:\/\/softplaysupply.com\/","logo":{"@type":"ImageObject","inLanguage":"pt-PT","@id":"https:\/\/softplaysupply.com\/#\/schema\/logo\/image\/","url":"https:\/\/softplaysupply.com\/wp-content\/uploads\/2025\/12\/cropped-mobile-logo.png","contentUrl":"https:\/\/softplaysupply.com\/wp-content\/uploads\/2025\/12\/cropped-mobile-logo.png","width":263,"height":84,"caption":"Nanpak"},"image":{"@id":"https:\/\/softplaysupply.com\/#\/schema\/logo\/image\/"}}]}},"taxonomy_info":{"pcategory":[{"value":26,"label":"Cannon Ball Blower"}]},"featured_image_src_large":["https:\/\/softplaysupply.com\/wp-content\/uploads\/2026\/01\/Cannon-Ball-Blaster-Machine-4.jpg",800,800,false],"author_info":[],"comment_info":"","_links":{"self":[{"href":"https:\/\/softplaysupply.com\/pt\/wp-json\/wp\/v2\/product\/3470","targetHints":{"allow":["GET"]}}],"collection":[{"href":"https:\/\/softplaysupply.com\/pt\/wp-json\/wp\/v2\/product"}],"about":[{"href":"https:\/\/softplaysupply.com\/pt\/wp-json\/wp\/v2\/types\/product"}],"wp:featuredmedia":[{"embeddable":true,"href":"https:\/\/softplaysupply.com\/pt\/wp-json\/wp\/v2\/media\/3475"}],"wp:attachment":[{"href":"https:\/\/softplaysupply.com\/pt\/wp-json\/wp\/v2\/media?parent=3470"}],"wp:term":[{"taxonomy":"pcategory","embeddable":true,"href":"https:\/\/softplaysupply.com\/pt\/wp-json\/wp\/v2\/pcategory?post=3470"},{"taxonomy":"ptag","embeddable":true,"href":"https:\/\/softplaysupply.com\/pt\/wp-json\/wp\/v2\/ptag?post=3470"}],"curies":[{"name":"wp","href":"https:\/\/api.w.org\/{rel}","templated":true}]}}