{"id":3404,"date":"2025-12-31T07:04:42","date_gmt":"2025-12-31T07:04:42","guid":{"rendered":"https:\/\/softplaysupply.com\/?post_type=product&#038;p=3404"},"modified":"2025-12-20T08:21:52","modified_gmt":"2025-12-20T08:21:52","slug":"kitchen-role-play-house","status":"publish","type":"product","link":"https:\/\/softplaysupply.com\/pt\/produto\/kitchen-role-play-house\/","title":{"rendered":"Cozinha infantil de madeira para brincar com brinquedos educativos para brincar \u00e0s cozinhas"},"content":{"rendered":"<div class=\"entry-content-asset videofit\"><iframe loading=\"lazy\" title=\"Casinha de cozinha com brinquedo para brincar de cozinheiro #PretendPlayKitchen #KitchenPlayHouse\" width=\"720\" height=\"540\" src=\"https:\/\/www.youtube.com\/embed\/rMK8Q5_iIlE?feature=oembed\" frameborder=\"0\" allow=\"accelerometer; autoplay; clipboard-write; encrypted-media; gyroscope; picture-in-picture; web-share\" referrerpolicy=\"strict-origin-when-cross-origin\" allowfullscreen><\/iframe><\/div>\n<p style=\"font-size: 16px; text-align: justify;\">Uma casinha de cozinha bem projetada \u00e9 mais do que uma estrutura de brincar. \u00c9 um ambiente completo de aprendizagem e dramatiza\u00e7\u00e3o criado para crian\u00e7as pequenas. Esta casinha de cozinha infantil em madeira combina conceitos seguros de brincadeiras suaves em ambientes fechados com elementos educativos de brincadeiras de faz-de-conta, tornando-a ideal para beb\u00e9s e crian\u00e7as em idade pr\u00e9-escolar em parques infantis comerciais fechados.<\/p>\n<p style=\"font-size: 16px; text-align: justify;\">Como fabricante experiente de brinquedos infl\u00e1veis para interiores, focamo-nos em fornecer esta\u00e7\u00f5es de brincadeiras imersivas que estimulam a imagina\u00e7\u00e3o, a intera\u00e7\u00e3o social e a aprendizagem pr\u00e1tica. Cada casinha de brincar com cozinha \u00e9 concebida para simular cenas da vida real numa cozinha, de uma forma adequada \u00e0s crian\u00e7as, ajudando-as a aprender compet\u00eancias da vida quotidiana atrav\u00e9s da brincadeira.<\/p>\n<p><img loading=\"lazy\" decoding=\"async\" class=\"alignnone size-full wp-image-3413\" src=\"https:\/\/softplaysupply.com\/wp-content\/uploads\/2025\/12\/Kitchen-Role-Play-House-1-1.jpg\" alt=\"\" width=\"750\" height=\"600\" srcset=\"https:\/\/softplaysupply.com\/wp-content\/uploads\/2025\/12\/Kitchen-Role-Play-House-1-1.jpg 750w, https:\/\/softplaysupply.com\/wp-content\/uploads\/2025\/12\/Kitchen-Role-Play-House-1-1-300x240.jpg 300w, https:\/\/softplaysupply.com\/wp-content\/uploads\/2025\/12\/Kitchen-Role-Play-House-1-1-15x12.jpg 15w\" sizes=\"auto, (max-width: 750px) 100vw, 750px\" \/> <img loading=\"lazy\" decoding=\"async\" class=\"alignnone size-full wp-image-3414\" src=\"https:\/\/softplaysupply.com\/wp-content\/uploads\/2025\/12\/Kitchen-Role-Play-House-2-1.jpg\" alt=\"\" width=\"800\" height=\"800\" srcset=\"https:\/\/softplaysupply.com\/wp-content\/uploads\/2025\/12\/Kitchen-Role-Play-House-2-1.jpg 800w, https:\/\/softplaysupply.com\/wp-content\/uploads\/2025\/12\/Kitchen-Role-Play-House-2-1-300x300.jpg 300w, https:\/\/softplaysupply.com\/wp-content\/uploads\/2025\/12\/Kitchen-Role-Play-House-2-1-150x150.jpg 150w, https:\/\/softplaysupply.com\/wp-content\/uploads\/2025\/12\/Kitchen-Role-Play-House-2-1-768x768.jpg 768w, https:\/\/softplaysupply.com\/wp-content\/uploads\/2025\/12\/Kitchen-Role-Play-House-2-1-12x12.jpg 12w\" sizes=\"auto, (max-width: 800px) 100vw, 800px\" \/> <img loading=\"lazy\" decoding=\"async\" class=\"alignnone size-full wp-image-3415\" src=\"https:\/\/softplaysupply.com\/wp-content\/uploads\/2025\/12\/Kitchen-Role-Play-House-3-1.jpg\" alt=\"\" width=\"800\" height=\"800\" srcset=\"https:\/\/softplaysupply.com\/wp-content\/uploads\/2025\/12\/Kitchen-Role-Play-House-3-1.jpg 800w, https:\/\/softplaysupply.com\/wp-content\/uploads\/2025\/12\/Kitchen-Role-Play-House-3-1-300x300.jpg 300w, https:\/\/softplaysupply.com\/wp-content\/uploads\/2025\/12\/Kitchen-Role-Play-House-3-1-150x150.jpg 150w, https:\/\/softplaysupply.com\/wp-content\/uploads\/2025\/12\/Kitchen-Role-Play-House-3-1-768x768.jpg 768w, https:\/\/softplaysupply.com\/wp-content\/uploads\/2025\/12\/Kitchen-Role-Play-House-3-1-12x12.jpg 12w\" sizes=\"auto, (max-width: 800px) 100vw, 800px\" \/> <img loading=\"lazy\" decoding=\"async\" class=\"alignnone size-full wp-image-3416\" src=\"https:\/\/softplaysupply.com\/wp-content\/uploads\/2025\/12\/Kitchen-Role-Play-House-4-1.jpg\" alt=\"\" width=\"750\" height=\"450\" srcset=\"https:\/\/softplaysupply.com\/wp-content\/uploads\/2025\/12\/Kitchen-Role-Play-House-4-1.jpg 750w, https:\/\/softplaysupply.com\/wp-content\/uploads\/2025\/12\/Kitchen-Role-Play-House-4-1-300x180.jpg 300w, https:\/\/softplaysupply.com\/wp-content\/uploads\/2025\/12\/Kitchen-Role-Play-House-4-1-18x12.jpg 18w\" sizes=\"auto, (max-width: 750px) 100vw, 750px\" \/> <img loading=\"lazy\" decoding=\"async\" class=\"alignnone size-full wp-image-3417\" src=\"https:\/\/softplaysupply.com\/wp-content\/uploads\/2025\/12\/Kitchen-Role-Play-House-5-1.jpg\" alt=\"\" width=\"750\" height=\"450\" srcset=\"https:\/\/softplaysupply.com\/wp-content\/uploads\/2025\/12\/Kitchen-Role-Play-House-5-1.jpg 750w, https:\/\/softplaysupply.com\/wp-content\/uploads\/2025\/12\/Kitchen-Role-Play-House-5-1-300x180.jpg 300w, https:\/\/softplaysupply.com\/wp-content\/uploads\/2025\/12\/Kitchen-Role-Play-House-5-1-18x12.jpg 18w\" sizes=\"auto, (max-width: 750px) 100vw, 750px\" \/> \u00a0<img loading=\"lazy\" decoding=\"async\" class=\"alignnone size-full wp-image-3419\" src=\"https:\/\/softplaysupply.com\/wp-content\/uploads\/2025\/12\/Kitchen-Role-Play-House-7-1.jpg\" alt=\"\" width=\"800\" height=\"800\" srcset=\"https:\/\/softplaysupply.com\/wp-content\/uploads\/2025\/12\/Kitchen-Role-Play-House-7-1.jpg 800w, https:\/\/softplaysupply.com\/wp-content\/uploads\/2025\/12\/Kitchen-Role-Play-House-7-1-300x300.jpg 300w, https:\/\/softplaysupply.com\/wp-content\/uploads\/2025\/12\/Kitchen-Role-Play-House-7-1-150x150.jpg 150w, https:\/\/softplaysupply.com\/wp-content\/uploads\/2025\/12\/Kitchen-Role-Play-House-7-1-768x768.jpg 768w, https:\/\/softplaysupply.com\/wp-content\/uploads\/2025\/12\/Kitchen-Role-Play-House-7-1-12x12.jpg 12w\" sizes=\"auto, (max-width: 800px) 100vw, 800px\" \/> <img loading=\"lazy\" decoding=\"async\" class=\"alignnone size-full wp-image-3420\" src=\"https:\/\/softplaysupply.com\/wp-content\/uploads\/2025\/12\/Kitchen-Role-Play-House-8.jpg\" alt=\"\" width=\"800\" height=\"800\" srcset=\"https:\/\/softplaysupply.com\/wp-content\/uploads\/2025\/12\/Kitchen-Role-Play-House-8.jpg 800w, https:\/\/softplaysupply.com\/wp-content\/uploads\/2025\/12\/Kitchen-Role-Play-House-8-300x300.jpg 300w, https:\/\/softplaysupply.com\/wp-content\/uploads\/2025\/12\/Kitchen-Role-Play-House-8-150x150.jpg 150w, https:\/\/softplaysupply.com\/wp-content\/uploads\/2025\/12\/Kitchen-Role-Play-House-8-768x768.jpg 768w, https:\/\/softplaysupply.com\/wp-content\/uploads\/2025\/12\/Kitchen-Role-Play-House-8-12x12.jpg 12w\" sizes=\"auto, (max-width: 800px) 100vw, 800px\" \/> <img loading=\"lazy\" decoding=\"async\" class=\"alignnone size-full wp-image-3421\" src=\"https:\/\/softplaysupply.com\/wp-content\/uploads\/2025\/12\/Kitchen-Role-Play-House-9.jpg\" alt=\"\" width=\"1000\" height=\"1000\" srcset=\"https:\/\/softplaysupply.com\/wp-content\/uploads\/2025\/12\/Kitchen-Role-Play-House-9.jpg 1000w, https:\/\/softplaysupply.com\/wp-content\/uploads\/2025\/12\/Kitchen-Role-Play-House-9-300x300.jpg 300w, https:\/\/softplaysupply.com\/wp-content\/uploads\/2025\/12\/Kitchen-Role-Play-House-9-150x150.jpg 150w, https:\/\/softplaysupply.com\/wp-content\/uploads\/2025\/12\/Kitchen-Role-Play-House-9-768x768.jpg 768w, https:\/\/softplaysupply.com\/wp-content\/uploads\/2025\/12\/Kitchen-Role-Play-House-9-12x12.jpg 12w\" sizes=\"auto, (max-width: 1000px) 100vw, 1000px\" \/> <img loading=\"lazy\" decoding=\"async\" class=\"alignnone size-full wp-image-3422\" src=\"https:\/\/softplaysupply.com\/wp-content\/uploads\/2025\/12\/Kitchen-Role-Play-House-10.jpg\" alt=\"\" width=\"800\" height=\"800\" srcset=\"https:\/\/softplaysupply.com\/wp-content\/uploads\/2025\/12\/Kitchen-Role-Play-House-10.jpg 800w, https:\/\/softplaysupply.com\/wp-content\/uploads\/2025\/12\/Kitchen-Role-Play-House-10-300x300.jpg 300w, https:\/\/softplaysupply.com\/wp-content\/uploads\/2025\/12\/Kitchen-Role-Play-House-10-150x150.jpg 150w, https:\/\/softplaysupply.com\/wp-content\/uploads\/2025\/12\/Kitchen-Role-Play-House-10-768x768.jpg 768w, https:\/\/softplaysupply.com\/wp-content\/uploads\/2025\/12\/Kitchen-Role-Play-House-10-12x12.jpg 12w\" sizes=\"auto, (max-width: 800px) 100vw, 800px\" \/> <img loading=\"lazy\" decoding=\"async\" class=\"alignnone size-full wp-image-3423\" src=\"https:\/\/softplaysupply.com\/wp-content\/uploads\/2025\/12\/play-house-with-kitchen-1.jpg\" alt=\"\" width=\"800\" height=\"600\" srcset=\"https:\/\/softplaysupply.com\/wp-content\/uploads\/2025\/12\/play-house-with-kitchen-1.jpg 800w, https:\/\/softplaysupply.com\/wp-content\/uploads\/2025\/12\/play-house-with-kitchen-1-300x225.jpg 300w, https:\/\/softplaysupply.com\/wp-content\/uploads\/2025\/12\/play-house-with-kitchen-1-768x576.jpg 768w, https:\/\/softplaysupply.com\/wp-content\/uploads\/2025\/12\/play-house-with-kitchen-1-16x12.jpg 16w\" sizes=\"auto, (max-width: 800px) 100vw, 800px\" \/><\/p>\n<h3 style=\"color: #4ecdc4; font-size: 22px; margin-top: 30px; border-bottom: 2px solid #4ecdc4; padding-bottom: 8px;\">Experi\u00eancia imersiva de dramatiza\u00e7\u00e3o para crian\u00e7as<\/h3>\n<p style=\"font-size: 16px; text-align: justify;\">Este produto foi concebido como uma pequena esta\u00e7\u00e3o de brincar de faz-de-conta. As crian\u00e7as podem explorar uma casinha realista com cozinha, onde podem fingir que cozinham, limpam e organizam, tal como os adultos. Atrav\u00e9s de atividades interativas, as crian\u00e7as desenvolvem naturalmente compet\u00eancias de comunica\u00e7\u00e3o, consci\u00eancia de coopera\u00e7\u00e3o e pensamento criativo.<\/p>\n<p style=\"font-size: 16px; text-align: justify;\">A \u00e1rea da cozinha para brincar foi cuidadosamente planeada para se adequar a centros de recrea\u00e7\u00e3o infantis, centros comerciais e centros de entretenimento familiar. Combinada com os brinquedos de cozinha, as crian\u00e7as podem desfrutar de horas de divers\u00e3o imersiva enquanto aprendem conceitos b\u00e1sicos de prepara\u00e7\u00e3o de alimentos e responsabilidades dom\u00e9sticas.<\/p>\n<h3 style=\"color: #4ecdc4; font-size: 22px; margin-top: 30px; border-bottom: 2px solid #4ecdc4; padding-bottom: 8px;\">Materiais seguros e fabrico certificado<\/h3>\n<p style=\"font-size: 16px; text-align: justify;\">A seguran\u00e7a \u00e9 sempre a primeira prioridade em todas as casinhas de cozinha que produzimos. A estrutura \u00e9 constru\u00edda com tubos galvanizados para maior estabilidade, enquanto os tapetes de EVA proporcionam uma prote\u00e7\u00e3o suave e sem odores para o ch\u00e3o. Os pain\u00e9is de espuma de PVC e as redes de PE garantem durabilidade e seguran\u00e7a para as crian\u00e7as durante as brincadeiras. A nossa f\u00e1brica \u00e9 certificada pela ISO9001 e cumpre as normas internacionais, tais como CE, EN e ASTM. Isto garante que todas as casinhas de cozinha cumprem os requisitos globais de seguran\u00e7a e qualidade para uso comercial em interiores.<\/p>\n<h3 style=\"color: #4ecdc4; font-size: 22px; margin-top: 30px; border-bottom: 2px solid #4ecdc4; padding-bottom: 8px;\">Design personalizado e solu\u00e7\u00f5es completas<\/h3>\n<p style=\"font-size: 16px; text-align: justify;\">Oferecemos servi\u00e7os de design totalmente personalizados para se adequar a diferentes tamanhos de locais, temas e or\u00e7amentos. Seja integrado a um playground interno maior ou instalado como uma \u00e1rea de cozinha independente, cada projeto \u00e9 cuidadosamente planeado pela nossa equipa de design profissional.<\/p>\n<h3 style=\"color: #4ecdc4; font-size: 22px; margin-top: 30px; border-bottom: 2px solid #4ecdc4; padding-bottom: 8px;\">Instala\u00e7\u00e3o f\u00e1cil e suporte global<\/h3>\n<p style=\"font-size: 16px; text-align: justify;\">Para garantir a execu\u00e7\u00e3o tranquila do projeto, engenheiros de montagem internacionais est\u00e3o dispon\u00edveis para instala\u00e7\u00e3o no local. Desde o design e produ\u00e7\u00e3o at\u00e9 a entrega e configura\u00e7\u00e3o, oferecemos uma solu\u00e7\u00e3o de entretenimento verdadeiramente completa. Com uma quantidade m\u00ednima de encomenda de apenas um conjunto, este produto \u00e9 adequado tanto para novos projetos como para atualiza\u00e7\u00f5es de locais.<\/p>\n<p style=\"font-size: 16px; text-align: justify;\">As formas de pagamento aceites incluem T\/T, Western Union, e-Checking e VISA, com garantia comercial dispon\u00edvel para fornecedores verificados.<\/p>\n<h3 style=\"color: #4ecdc4; font-size: 22px; margin-top: 30px; border-bottom: 2px solid #4ecdc4; padding-bottom: 8px;\">Um parceiro de confian\u00e7a para projetos de recrea\u00e7\u00e3o interior<\/h3>\n<p style=\"font-size: 16px; text-align: justify;\">A Nanpak dedica-se a fornecer solu\u00e7\u00f5es inovadoras e seguras de entretenimento interior em todo o mundo. Com uma vasta experi\u00eancia internacional e uma equipa profissional, ajudamos os clientes a criar ambientes envolventes de cozinhas l\u00fadicas que inspiram a imagina\u00e7\u00e3o e proporcionam valor comercial a longo prazo. Este conceito de cozinha l\u00fadica \u00e9 ideal para operadores que procuram melhorar o conte\u00fado educativo, mantendo ao mesmo tempo um forte apelo de entretenimento em parques infantis interiores modernos.<\/p>","protected":false},"excerpt":{"rendered":"<p>A nossa casinha de cozinha oferece uma experi\u00eancia de jogo de cidade em miniatura com brinquedos de cozinha de faz-de-conta. Ideal para centros de recrea\u00e7\u00e3o interiores, esta casinha de cozinha proporciona uma aprendizagem envolvente e divers\u00e3o sem fim.<\/p>","protected":false},"featured_media":3407,"parent":0,"template":"","meta":{"_acf_changed":false,"_kad_blocks_custom_css":"","_kad_blocks_head_custom_js":"","_kad_blocks_body_custom_js":"","_kad_blocks_footer_custom_js":"","_kadence_starter_templates_imported_post":false,"_kad_post_transparent":"default","_kad_post_title":"","_kad_post_layout":"default","_kad_post_sidebar_id":"","_kad_post_content_style":"default","_kad_post_vertical_padding":"default","_kad_post_feature":"","_kad_post_feature_position":"","_kad_post_header":false,"_kad_post_footer":false},"pcategory":[20],"ptag":[],"class_list":["post-3404","product","type-product","status-publish","has-post-thumbnail","hentry","pcategory-role-playhouse"],"acf":[],"yoast_head":"<!-- This site is optimized with the Yoast SEO plugin v26.8 - https:\/\/yoast.com\/product\/yoast-seo-wordpress\/ -->\n<title>Children Wooden Kitchen Role Play House with Educational Pretend Play Cooking Toys<\/title>\n<meta name=\"robots\" content=\"index, follow, max-snippet:-1, max-image-preview:large, max-video-preview:-1\" \/>\n<link rel=\"canonical\" href=\"https:\/\/softplaysupply.com\/pt\/produto\/kitchen-role-play-house\/\" \/>\n<meta property=\"og:locale\" content=\"pt_PT\" \/>\n<meta property=\"og:type\" content=\"article\" \/>\n<meta property=\"og:title\" content=\"Children Wooden Kitchen Role Play House with Educational Pretend Play Cooking Toys\" \/>\n<meta property=\"og:description\" content=\"Our kitchen playhouse offers a tiny town game experience with pretend cooking toys. Ideal for indoor play centers, this play house kitchen provides immersive learning and endless fun.\" \/>\n<meta property=\"og:url\" content=\"https:\/\/softplaysupply.com\/pt\/produto\/kitchen-role-play-house\/\" \/>\n<meta property=\"og:site_name\" content=\"Nanpak\" \/>\n<meta property=\"og:image\" content=\"https:\/\/softplaysupply.com\/wp-content\/uploads\/2025\/12\/Kitchen-Role-Play-House-3.jpg\" \/>\n\t<meta property=\"og:image:width\" content=\"800\" \/>\n\t<meta property=\"og:image:height\" content=\"800\" \/>\n\t<meta property=\"og:image:type\" content=\"image\/jpeg\" \/>\n<meta name=\"twitter:card\" content=\"summary_large_image\" \/>\n<meta name=\"twitter:label1\" content=\"Tempo estimado de leitura\" \/>\n\t<meta name=\"twitter:data1\" content=\"5 minutos\" \/>\n<script type=\"application\/ld+json\" class=\"yoast-schema-graph\">{\"@context\":\"https:\/\/schema.org\",\"@graph\":[{\"@type\":\"WebPage\",\"@id\":\"https:\/\/softplaysupply.com\/product\/kitchen-role-play-house\/\",\"url\":\"https:\/\/softplaysupply.com\/product\/kitchen-role-play-house\/\",\"name\":\"Children Wooden Kitchen Role Play House with Educational Pretend Play Cooking Toys\",\"isPartOf\":{\"@id\":\"https:\/\/softplaysupply.com\/#website\"},\"primaryImageOfPage\":{\"@id\":\"https:\/\/softplaysupply.com\/product\/kitchen-role-play-house\/#primaryimage\"},\"image\":{\"@id\":\"https:\/\/softplaysupply.com\/product\/kitchen-role-play-house\/#primaryimage\"},\"thumbnailUrl\":\"https:\/\/softplaysupply.com\/wp-content\/uploads\/2025\/12\/Kitchen-Role-Play-House-3.jpg\",\"datePublished\":\"2025-12-31T07:04:42+00:00\",\"breadcrumb\":{\"@id\":\"https:\/\/softplaysupply.com\/product\/kitchen-role-play-house\/#breadcrumb\"},\"inLanguage\":\"pt-PT\",\"potentialAction\":[{\"@type\":\"ReadAction\",\"target\":[\"https:\/\/softplaysupply.com\/product\/kitchen-role-play-house\/\"]}]},{\"@type\":\"ImageObject\",\"inLanguage\":\"pt-PT\",\"@id\":\"https:\/\/softplaysupply.com\/product\/kitchen-role-play-house\/#primaryimage\",\"url\":\"https:\/\/softplaysupply.com\/wp-content\/uploads\/2025\/12\/Kitchen-Role-Play-House-3.jpg\",\"contentUrl\":\"https:\/\/softplaysupply.com\/wp-content\/uploads\/2025\/12\/Kitchen-Role-Play-House-3.jpg\",\"width\":800,\"height\":800,\"caption\":\"Kitchen Role Play House\"},{\"@type\":\"BreadcrumbList\",\"@id\":\"https:\/\/softplaysupply.com\/product\/kitchen-role-play-house\/#breadcrumb\",\"itemListElement\":[{\"@type\":\"ListItem\",\"position\":1,\"name\":\"Home\",\"item\":\"https:\/\/softplaysupply.com\/\"},{\"@type\":\"ListItem\",\"position\":2,\"name\":\"Role Playhouse\",\"item\":\"https:\/\/softplaysupply.com\/pcategory\/role-playhouse\/\"},{\"@type\":\"ListItem\",\"position\":3,\"name\":\"Children Wooden Kitchen Role Play House with Educational Pretend Play Cooking Toys\"}]},{\"@type\":\"WebSite\",\"@id\":\"https:\/\/softplaysupply.com\/#website\",\"url\":\"https:\/\/softplaysupply.com\/\",\"name\":\"Soft Play Supplier\",\"description\":\"Soft Play Supplier\",\"publisher\":{\"@id\":\"https:\/\/softplaysupply.com\/#organization\"},\"potentialAction\":[{\"@type\":\"SearchAction\",\"target\":{\"@type\":\"EntryPoint\",\"urlTemplate\":\"https:\/\/softplaysupply.com\/?s={search_term_string}\"},\"query-input\":{\"@type\":\"PropertyValueSpecification\",\"valueRequired\":true,\"valueName\":\"search_term_string\"}}],\"inLanguage\":\"pt-PT\"},{\"@type\":\"Organization\",\"@id\":\"https:\/\/softplaysupply.com\/#organization\",\"name\":\"Nanpak\",\"url\":\"https:\/\/softplaysupply.com\/\",\"logo\":{\"@type\":\"ImageObject\",\"inLanguage\":\"pt-PT\",\"@id\":\"https:\/\/softplaysupply.com\/#\/schema\/logo\/image\/\",\"url\":\"https:\/\/softplaysupply.com\/wp-content\/uploads\/2025\/12\/cropped-mobile-logo.png\",\"contentUrl\":\"https:\/\/softplaysupply.com\/wp-content\/uploads\/2025\/12\/cropped-mobile-logo.png\",\"width\":263,\"height\":84,\"caption\":\"Nanpak\"},\"image\":{\"@id\":\"https:\/\/softplaysupply.com\/#\/schema\/logo\/image\/\"}}]}<\/script>\n<!-- \/ Yoast SEO plugin. -->","yoast_head_json":{"title":"Cozinha infantil de madeira para brincar com brinquedos educativos para brincar \u00e0s cozinhas","robots":{"index":"index","follow":"follow","max-snippet":"max-snippet:-1","max-image-preview":"max-image-preview:large","max-video-preview":"max-video-preview:-1"},"canonical":"https:\/\/softplaysupply.com\/pt\/produto\/kitchen-role-play-house\/","og_locale":"pt_PT","og_type":"article","og_title":"Children Wooden Kitchen Role Play House with Educational Pretend Play Cooking Toys","og_description":"Our kitchen playhouse offers a tiny town game experience with pretend cooking toys. Ideal for indoor play centers, this play house kitchen provides immersive learning and endless fun.","og_url":"https:\/\/softplaysupply.com\/pt\/produto\/kitchen-role-play-house\/","og_site_name":"Nanpak","og_image":[{"width":800,"height":800,"url":"https:\/\/softplaysupply.com\/wp-content\/uploads\/2025\/12\/Kitchen-Role-Play-House-3.jpg","type":"image\/jpeg"}],"twitter_card":"summary_large_image","twitter_misc":{"Tempo estimado de leitura":"5 minutos"},"schema":{"@context":"https:\/\/schema.org","@graph":[{"@type":"WebPage","@id":"https:\/\/softplaysupply.com\/product\/kitchen-role-play-house\/","url":"https:\/\/softplaysupply.com\/product\/kitchen-role-play-house\/","name":"Cozinha infantil de madeira para brincar com brinquedos educativos para brincar \u00e0s cozinhas","isPartOf":{"@id":"https:\/\/softplaysupply.com\/#website"},"primaryImageOfPage":{"@id":"https:\/\/softplaysupply.com\/product\/kitchen-role-play-house\/#primaryimage"},"image":{"@id":"https:\/\/softplaysupply.com\/product\/kitchen-role-play-house\/#primaryimage"},"thumbnailUrl":"https:\/\/softplaysupply.com\/wp-content\/uploads\/2025\/12\/Kitchen-Role-Play-House-3.jpg","datePublished":"2025-12-31T07:04:42+00:00","breadcrumb":{"@id":"https:\/\/softplaysupply.com\/product\/kitchen-role-play-house\/#breadcrumb"},"inLanguage":"pt-PT","potentialAction":[{"@type":"ReadAction","target":["https:\/\/softplaysupply.com\/product\/kitchen-role-play-house\/"]}]},{"@type":"ImageObject","inLanguage":"pt-PT","@id":"https:\/\/softplaysupply.com\/product\/kitchen-role-play-house\/#primaryimage","url":"https:\/\/softplaysupply.com\/wp-content\/uploads\/2025\/12\/Kitchen-Role-Play-House-3.jpg","contentUrl":"https:\/\/softplaysupply.com\/wp-content\/uploads\/2025\/12\/Kitchen-Role-Play-House-3.jpg","width":800,"height":800,"caption":"Kitchen Role Play House"},{"@type":"BreadcrumbList","@id":"https:\/\/softplaysupply.com\/product\/kitchen-role-play-house\/#breadcrumb","itemListElement":[{"@type":"ListItem","position":1,"name":"Home","item":"https:\/\/softplaysupply.com\/"},{"@type":"ListItem","position":2,"name":"Role Playhouse","item":"https:\/\/softplaysupply.com\/pcategory\/role-playhouse\/"},{"@type":"ListItem","position":3,"name":"Children Wooden Kitchen Role Play House with Educational Pretend Play Cooking Toys"}]},{"@type":"WebSite","@id":"https:\/\/softplaysupply.com\/#website","url":"https:\/\/softplaysupply.com\/","name":"Fornecedor de brinquedos macios","description":"Fornecedor de brinquedos macios","publisher":{"@id":"https:\/\/softplaysupply.com\/#organization"},"potentialAction":[{"@type":"SearchAction","target":{"@type":"EntryPoint","urlTemplate":"https:\/\/softplaysupply.com\/?s={search_term_string}"},"query-input":{"@type":"PropertyValueSpecification","valueRequired":true,"valueName":"search_term_string"}}],"inLanguage":"pt-PT"},{"@type":"Organization","@id":"https:\/\/softplaysupply.com\/#organization","name":"Nanpak","url":"https:\/\/softplaysupply.com\/","logo":{"@type":"ImageObject","inLanguage":"pt-PT","@id":"https:\/\/softplaysupply.com\/#\/schema\/logo\/image\/","url":"https:\/\/softplaysupply.com\/wp-content\/uploads\/2025\/12\/cropped-mobile-logo.png","contentUrl":"https:\/\/softplaysupply.com\/wp-content\/uploads\/2025\/12\/cropped-mobile-logo.png","width":263,"height":84,"caption":"Nanpak"},"image":{"@id":"https:\/\/softplaysupply.com\/#\/schema\/logo\/image\/"}}]}},"taxonomy_info":{"pcategory":[{"value":20,"label":"Role Playhouse"}]},"featured_image_src_large":["https:\/\/softplaysupply.com\/wp-content\/uploads\/2025\/12\/Kitchen-Role-Play-House-3.jpg",800,800,false],"author_info":[],"comment_info":"","_links":{"self":[{"href":"https:\/\/softplaysupply.com\/pt\/wp-json\/wp\/v2\/product\/3404","targetHints":{"allow":["GET"]}}],"collection":[{"href":"https:\/\/softplaysupply.com\/pt\/wp-json\/wp\/v2\/product"}],"about":[{"href":"https:\/\/softplaysupply.com\/pt\/wp-json\/wp\/v2\/types\/product"}],"wp:featuredmedia":[{"embeddable":true,"href":"https:\/\/softplaysupply.com\/pt\/wp-json\/wp\/v2\/media\/3407"}],"wp:attachment":[{"href":"https:\/\/softplaysupply.com\/pt\/wp-json\/wp\/v2\/media?parent=3404"}],"wp:term":[{"taxonomy":"pcategory","embeddable":true,"href":"https:\/\/softplaysupply.com\/pt\/wp-json\/wp\/v2\/pcategory?post=3404"},{"taxonomy":"ptag","embeddable":true,"href":"https:\/\/softplaysupply.com\/pt\/wp-json\/wp\/v2\/ptag?post=3404"}],"curies":[{"name":"wp","href":"https:\/\/api.w.org\/{rel}","templated":true}]}}