{"id":3397,"date":"2025-12-29T07:02:03","date_gmt":"2025-12-29T07:02:03","guid":{"rendered":"https:\/\/softplaysupply.com\/?post_type=product&#038;p=3397"},"modified":"2025-12-18T07:47:15","modified_gmt":"2025-12-18T07:47:15","slug":"fire-station-playhouse","status":"publish","type":"product","link":"https:\/\/softplaysupply.com\/pt\/produto\/fire-station-playhouse\/","title":{"rendered":"Casinha de bombeiros Equipamento para playground interno Playtown Brincadeiras de faz-de-conta Casinha de bombeiros"},"content":{"rendered":"<p style=\"font-size: 16px; margin-bottom: 20px;\">Uma casinha de brincar em forma de quartel de bombeiros \u00e9 um espa\u00e7o emocionante e interativo que d\u00e1 vida \u00e0 emo\u00e7\u00e3o de um quartel de bombeiros para as crian\u00e7as. Imagine uma casa de aventuras projetada para despertar a criatividade e a imagina\u00e7\u00e3o, combinando atividades divertidas com um tema envolvente. Esta casinha de brincar \u00e9 um sonho tornado realidade para qualquer crian\u00e7a que adora fingir ser bombeiro, oferecendo tudo, desde sinos de inc\u00eandio a t\u00faneis de fuga, tudo num ambiente seguro e emocionante.<\/p>\n<p><img loading=\"lazy\" decoding=\"async\" class=\"alignnone size-full wp-image-3396\" src=\"https:\/\/softplaysupply.com\/wp-content\/uploads\/2025\/12\/kids-role-play-house-6.jpg\" alt=\"\" width=\"750\" height=\"750\" srcset=\"https:\/\/softplaysupply.com\/wp-content\/uploads\/2025\/12\/kids-role-play-house-6.jpg 750w, https:\/\/softplaysupply.com\/wp-content\/uploads\/2025\/12\/kids-role-play-house-6-300x300.jpg 300w, https:\/\/softplaysupply.com\/wp-content\/uploads\/2025\/12\/kids-role-play-house-6-150x150.jpg 150w, https:\/\/softplaysupply.com\/wp-content\/uploads\/2025\/12\/kids-role-play-house-6-12x12.jpg 12w\" sizes=\"auto, (max-width: 750px) 100vw, 750px\" \/> <img loading=\"lazy\" decoding=\"async\" class=\"alignnone size-full wp-image-3398\" src=\"https:\/\/softplaysupply.com\/wp-content\/uploads\/2025\/12\/role-play-firehouse-1.jpg\" alt=\"\" width=\"750\" height=\"750\" srcset=\"https:\/\/softplaysupply.com\/wp-content\/uploads\/2025\/12\/role-play-firehouse-1.jpg 750w, https:\/\/softplaysupply.com\/wp-content\/uploads\/2025\/12\/role-play-firehouse-1-300x300.jpg 300w, https:\/\/softplaysupply.com\/wp-content\/uploads\/2025\/12\/role-play-firehouse-1-150x150.jpg 150w, https:\/\/softplaysupply.com\/wp-content\/uploads\/2025\/12\/role-play-firehouse-1-12x12.jpg 12w\" sizes=\"auto, (max-width: 750px) 100vw, 750px\" \/> <img loading=\"lazy\" decoding=\"async\" class=\"alignnone size-full wp-image-3400\" src=\"https:\/\/softplaysupply.com\/wp-content\/uploads\/2025\/12\/role-play-firehouse-3.jpg\" alt=\"\" width=\"750\" height=\"750\" srcset=\"https:\/\/softplaysupply.com\/wp-content\/uploads\/2025\/12\/role-play-firehouse-3.jpg 750w, https:\/\/softplaysupply.com\/wp-content\/uploads\/2025\/12\/role-play-firehouse-3-300x300.jpg 300w, https:\/\/softplaysupply.com\/wp-content\/uploads\/2025\/12\/role-play-firehouse-3-150x150.jpg 150w, https:\/\/softplaysupply.com\/wp-content\/uploads\/2025\/12\/role-play-firehouse-3-12x12.jpg 12w\" sizes=\"auto, (max-width: 750px) 100vw, 750px\" \/> <img loading=\"lazy\" decoding=\"async\" class=\"alignnone size-full wp-image-3401\" src=\"https:\/\/softplaysupply.com\/wp-content\/uploads\/2025\/12\/role-play-firehouse-4.jpg\" alt=\"brincar aos bombeiros\" width=\"750\" height=\"750\" srcset=\"https:\/\/softplaysupply.com\/wp-content\/uploads\/2025\/12\/role-play-firehouse-4.jpg 750w, https:\/\/softplaysupply.com\/wp-content\/uploads\/2025\/12\/role-play-firehouse-4-300x300.jpg 300w, https:\/\/softplaysupply.com\/wp-content\/uploads\/2025\/12\/role-play-firehouse-4-150x150.jpg 150w, https:\/\/softplaysupply.com\/wp-content\/uploads\/2025\/12\/role-play-firehouse-4-12x12.jpg 12w\" sizes=\"auto, (max-width: 750px) 100vw, 750px\" \/> <img loading=\"lazy\" decoding=\"async\" class=\"alignnone size-full wp-image-3402\" src=\"https:\/\/softplaysupply.com\/wp-content\/uploads\/2025\/12\/role-play-firehouse-5.jpg\" alt=\"\" width=\"750\" height=\"750\" srcset=\"https:\/\/softplaysupply.com\/wp-content\/uploads\/2025\/12\/role-play-firehouse-5.jpg 750w, https:\/\/softplaysupply.com\/wp-content\/uploads\/2025\/12\/role-play-firehouse-5-300x300.jpg 300w, https:\/\/softplaysupply.com\/wp-content\/uploads\/2025\/12\/role-play-firehouse-5-150x150.jpg 150w, https:\/\/softplaysupply.com\/wp-content\/uploads\/2025\/12\/role-play-firehouse-5-12x12.jpg 12w\" sizes=\"auto, (max-width: 750px) 100vw, 750px\" \/> <img loading=\"lazy\" decoding=\"async\" class=\"alignnone size-full wp-image-3399\" src=\"https:\/\/softplaysupply.com\/wp-content\/uploads\/2025\/12\/role-play-firehouse-2.jpg\" alt=\"\" width=\"750\" height=\"750\" srcset=\"https:\/\/softplaysupply.com\/wp-content\/uploads\/2025\/12\/role-play-firehouse-2.jpg 750w, https:\/\/softplaysupply.com\/wp-content\/uploads\/2025\/12\/role-play-firehouse-2-300x300.jpg 300w, https:\/\/softplaysupply.com\/wp-content\/uploads\/2025\/12\/role-play-firehouse-2-150x150.jpg 150w, https:\/\/softplaysupply.com\/wp-content\/uploads\/2025\/12\/role-play-firehouse-2-12x12.jpg 12w\" sizes=\"auto, (max-width: 750px) 100vw, 750px\" \/><\/p>\n<p style=\"font-size: 22px; font-weight: bold; color: #d32f2f; margin: 30px 0 15px;\">Um tema de bombeiros que incentiva brincadeiras de faz-de-conta<\/p>\n<p style=\"font-size: 16px; margin-bottom: 20px;\">A casinha de brincar interior est\u00e1 concebida para imitar uma verdadeira esta\u00e7\u00e3o de bombeiros, com uma s\u00e9rie de caracter\u00edsticas emocionantes. Inclui uma grande garagem com porta dupla, uma parede de escalada, um poste de bombeiros para deslizar e um baloi\u00e7o, tudo cuidadosamente concebido para criar a derradeira experi\u00eancia de bombeiro. No interior, existem al\u00e7ap\u00f5es e escadas escondidos que ligam as diferentes \u00e1reas, tornando-a num local perfeito para as crian\u00e7as explorarem e brincarem. Este layout garante que as crian\u00e7as possam trepar, deslizar e explorar livremente, mantendo-as entretidas durante horas.<\/p>\n<p style=\"font-size: 16px; margin-bottom: 30px;\">Esta casinha de brincar em forma de quartel de bombeiros \u00e9 ideal para uso dom\u00e9stico, escolas, centros comunit\u00e1rios ou parques infantis interiores. Cria um espa\u00e7o seguro onde as crian\u00e7as podem brincar e simular a vida num quartel de bombeiros. Quer estejam a tocar o alarme, a deslizar pelo poste de bombeiros ou a correr pela porta da garagem para combater inc\u00eandios, as oportunidades de brincadeiras imaginativas s\u00e3o infinitas.<\/p>\n<p style=\"font-size: 22px; font-weight: bold; color: #d32f2f; margin: 30px 0 15px;\">O espa\u00e7o ideal para as crian\u00e7as explorarem<\/p>\n<p style=\"font-size: 16px; margin-bottom: 20px;\">Uma das principais caracter\u00edsticas desta casinha de brincar interior em forma de quartel de bombeiros \u00e9 o seu design espa\u00e7oso. Com um teto alto e janelas grandes, garante um amplo espa\u00e7o livre e muita luz natural. Isto cria uma atmosfera luminosa e aberta, onde as crian\u00e7as podem movimentar-se livremente e desfrutar das suas aventuras. A estrutura \u00e9 feita com materiais dur\u00e1veis, incluindo madeira, silicone, PVC e outros componentes adequados para crian\u00e7as, garantindo que a casinha de brincar \u00e9 segura e duradoura.<\/p>\n<p style=\"font-size: 16px; margin-bottom: 30px;\">Seja colocada num quintal ou num parque infantil, a casinha de brincar em forma de quartel de bombeiros oferece um ambiente envolvente e seguro para as crian\u00e7as explorarem a sua imagina\u00e7\u00e3o. A casinha vem com planos de design detalhados, facilitando a constru\u00e7\u00e3o e personaliza\u00e7\u00e3o para os entusiastas do fa\u00e7a voc\u00ea mesmo, de acordo com o seu espa\u00e7o.<\/p>\n<p style=\"font-size: 22px; font-weight: bold; color: #d32f2f; margin: 30px 0 15px;\">Ideal para casas de brincar<\/p>\n<p style=\"font-size: 16px; margin-bottom: 20px;\">Se pretende trazer a emo\u00e7\u00e3o de um quartel de bombeiros fict\u00edcio para a sua casa ou instala\u00e7\u00e3o, a casinha de brincar quartel de bombeiros para interior \u00e9 o complemento perfeito. N\u00e3o \u00e9 apenas um parque infantil; \u00e9 uma experi\u00eancia completa. Desde o sino de inc\u00eandio at\u00e9 \u00e0s bocas de inc\u00eandio, foi concebida para incentivar a divers\u00e3o ativa e a dramatiza\u00e7\u00e3o que as crian\u00e7as podem desfrutar com os amigos ou a fam\u00edlia.<\/p>\n<p style=\"font-size: 16px; margin-bottom: 30px;\">Al\u00e9m das suas caracter\u00edsticas impressionantes, a casinha de brincar em forma de quartel de bombeiros pode ser personalizada de acordo com as suas necessidades. Pode at\u00e9 adicionar elementos adicionais, como um escorrega ou um t\u00fanel secreto de fuga que leva a um edif\u00edcio em chamas simulado ou um cami\u00e3o de bombeiros de brincar. N\u00e3o h\u00e1 limites para as aventuras que as crian\u00e7as podem viver neste espa\u00e7o emocionante!<\/p>\n<p style=\"font-size: 22px; font-weight: bold; color: #d32f2f; margin: 30px 0 15px;\">Perfeito para v\u00e1rios ambientes<\/p>\n<p style=\"font-size: 16px; margin-bottom: 30px;\">Esta vers\u00e1til casinha pode ser usada em diversos ambientes, incluindo escolas, jardins, restaurantes, shoppings, hot\u00e9is e hospitais. \u00c9 uma excelente maneira de envolver as crian\u00e7as em brincadeiras criativas, proporcionando-lhes um ambiente seguro e divertido. Seja num parque infantil comunit\u00e1rio ou num quintal privado, esta casinha de bombeiros para uso interno certamente se tornar\u00e1 a favorita das crian\u00e7as.<\/p>\n<p style=\"font-size: 22px; font-weight: bold; color: #d32f2f; margin: 30px 0 15px;\">Porqu\u00ea escolher a casinha de brincar Fire Station da Nanpak?<\/p>\n<div style=\"background-color: #fff; padding: 20px; border-radius: 10px; box-shadow: 0 2px 10px rgba(0,0,0,0.1); margin-bottom: 30px;\">\n<p style=\"font-size: 16px;\"><strong>Material:<\/strong> Madeira, silicone, PVC, vinil, nylon, pel\u00facia, PE, ABS, PP, PC, liga, pl\u00e1stico, metal, fibra de vidro, LLDPE, a\u00e7o, alum\u00ednio, outros<\/p>\n<p style=\"font-size: 16px;\"><strong>Tipo:<\/strong> Interior, Exterior<\/p>\n<p style=\"font-size: 16px;\"><strong>Marca:<\/strong> Nanpak<\/p>\n<p style=\"font-size: 16px;\"><strong>Tamanho:<\/strong> Pode ser personalizado<\/p>\n<p style=\"font-size: 16px;\"><strong>Design:<\/strong> Gratuito, a tradu\u00e7\u00e3o ser\u00e1 lan\u00e7ada no mesmo dia.<\/p>\n<p style=\"font-size: 16px;\"><strong>Utiliza\u00e7\u00e3o:<\/strong> Escolas, jardins, restaurantes, centros comerciais, hot\u00e9is, hospitais<\/p>\n<p style=\"font-size: 16px; margin-top: 20px;\"><strong>Por que escolher-nos:<\/strong><\/p>\n<ol style=\"font-size: 16px; padding-left: 20px;\">\n<li>Servi\u00e7o de consultoria totalmente personalizado e feito \u00e0 medida do cliente.<\/li>\n<li>Cumprimento de todas as normas de seguran\u00e7a e desempenho; conformidade com a norma ISO9001 e certifica\u00e7\u00f5es CE.<\/li>\n<li>Suporte t\u00e9cnico no local.<\/li>\n<li>Pre\u00e7os acess\u00edveis que se adaptam a qualquer or\u00e7amento.<\/li>\n<\/ol>\n<\/div>","protected":false},"excerpt":{"rendered":"<p>A casinha de brincar em forma de quartel de bombeiros \u00e9 um ambiente envolvente e divertido para as crian\u00e7as, com paredes para escalada, postes de bombeiros e garagens que incentivam brincadeiras imaginativas e aventuras em escolas, centros recreativos ou parques infantis cobertos.<\/p>","protected":false},"featured_media":3401,"parent":0,"template":"","meta":{"_acf_changed":false,"_kad_blocks_custom_css":"","_kad_blocks_head_custom_js":"","_kad_blocks_body_custom_js":"","_kad_blocks_footer_custom_js":"","_kadence_starter_templates_imported_post":false,"_kad_post_transparent":"default","_kad_post_title":"","_kad_post_layout":"default","_kad_post_sidebar_id":"","_kad_post_content_style":"default","_kad_post_vertical_padding":"default","_kad_post_feature":"","_kad_post_feature_position":"","_kad_post_header":false,"_kad_post_footer":false},"pcategory":[20],"ptag":[],"class_list":["post-3397","product","type-product","status-publish","has-post-thumbnail","hentry","pcategory-role-playhouse"],"acf":[],"yoast_head":"<!-- This site is optimized with the Yoast SEO plugin v26.8 - https:\/\/yoast.com\/product\/yoast-seo-wordpress\/ -->\n<title>Fire Station Playhouse Indoor Playtown Playground Equipment Role Pretend Play Firehouse<\/title>\n<meta name=\"description\" content=\"The fire station playhouse indoor offers an exciting, interactive experience for children with features like fire poles, climbing walls, and escape tunnels, making it perfect for homes, schools, and playgrounds.\" \/>\n<meta name=\"robots\" content=\"index, follow, max-snippet:-1, max-image-preview:large, max-video-preview:-1\" \/>\n<link rel=\"canonical\" href=\"https:\/\/softplaysupply.com\/pt\/produto\/fire-station-playhouse\/\" \/>\n<meta property=\"og:locale\" content=\"pt_PT\" \/>\n<meta property=\"og:type\" content=\"article\" \/>\n<meta property=\"og:title\" content=\"Fire Station Playhouse Indoor Playtown Playground Equipment Role Pretend Play Firehouse\" \/>\n<meta property=\"og:description\" content=\"The fire station playhouse indoor offers an exciting, interactive experience for children with features like fire poles, climbing walls, and escape tunnels, making it perfect for homes, schools, and playgrounds.\" \/>\n<meta property=\"og:url\" content=\"https:\/\/softplaysupply.com\/pt\/produto\/fire-station-playhouse\/\" \/>\n<meta property=\"og:site_name\" content=\"Nanpak\" \/>\n<meta property=\"og:image\" content=\"https:\/\/softplaysupply.com\/wp-content\/uploads\/2025\/12\/role-play-firehouse-4.jpg\" \/>\n\t<meta property=\"og:image:width\" content=\"750\" \/>\n\t<meta property=\"og:image:height\" content=\"750\" \/>\n\t<meta property=\"og:image:type\" content=\"image\/jpeg\" \/>\n<meta name=\"twitter:card\" content=\"summary_large_image\" \/>\n<meta name=\"twitter:label1\" content=\"Tempo estimado de leitura\" \/>\n\t<meta name=\"twitter:data1\" content=\"5 minutos\" \/>\n<script type=\"application\/ld+json\" class=\"yoast-schema-graph\">{\"@context\":\"https:\/\/schema.org\",\"@graph\":[{\"@type\":\"WebPage\",\"@id\":\"https:\/\/softplaysupply.com\/product\/fire-station-playhouse\/\",\"url\":\"https:\/\/softplaysupply.com\/product\/fire-station-playhouse\/\",\"name\":\"Fire Station Playhouse Indoor Playtown Playground Equipment Role Pretend Play Firehouse\",\"isPartOf\":{\"@id\":\"https:\/\/softplaysupply.com\/#website\"},\"primaryImageOfPage\":{\"@id\":\"https:\/\/softplaysupply.com\/product\/fire-station-playhouse\/#primaryimage\"},\"image\":{\"@id\":\"https:\/\/softplaysupply.com\/product\/fire-station-playhouse\/#primaryimage\"},\"thumbnailUrl\":\"https:\/\/softplaysupply.com\/wp-content\/uploads\/2025\/12\/role-play-firehouse-4.jpg\",\"datePublished\":\"2025-12-29T07:02:03+00:00\",\"description\":\"The fire station playhouse indoor offers an exciting, interactive experience for children with features like fire poles, climbing walls, and escape tunnels, making it perfect for homes, schools, and playgrounds.\",\"breadcrumb\":{\"@id\":\"https:\/\/softplaysupply.com\/product\/fire-station-playhouse\/#breadcrumb\"},\"inLanguage\":\"pt-PT\",\"potentialAction\":[{\"@type\":\"ReadAction\",\"target\":[\"https:\/\/softplaysupply.com\/product\/fire-station-playhouse\/\"]}]},{\"@type\":\"ImageObject\",\"inLanguage\":\"pt-PT\",\"@id\":\"https:\/\/softplaysupply.com\/product\/fire-station-playhouse\/#primaryimage\",\"url\":\"https:\/\/softplaysupply.com\/wp-content\/uploads\/2025\/12\/role-play-firehouse-4.jpg\",\"contentUrl\":\"https:\/\/softplaysupply.com\/wp-content\/uploads\/2025\/12\/role-play-firehouse-4.jpg\",\"width\":750,\"height\":750,\"caption\":\"role play firehouse\"},{\"@type\":\"BreadcrumbList\",\"@id\":\"https:\/\/softplaysupply.com\/product\/fire-station-playhouse\/#breadcrumb\",\"itemListElement\":[{\"@type\":\"ListItem\",\"position\":1,\"name\":\"Home\",\"item\":\"https:\/\/softplaysupply.com\/\"},{\"@type\":\"ListItem\",\"position\":2,\"name\":\"Role Playhouse\",\"item\":\"https:\/\/softplaysupply.com\/pcategory\/role-playhouse\/\"},{\"@type\":\"ListItem\",\"position\":3,\"name\":\"Fire Station Playhouse Indoor Playtown Playground Equipment Role Pretend Play Firehouse\"}]},{\"@type\":\"WebSite\",\"@id\":\"https:\/\/softplaysupply.com\/#website\",\"url\":\"https:\/\/softplaysupply.com\/\",\"name\":\"Soft Play Supplier\",\"description\":\"Soft Play Supplier\",\"publisher\":{\"@id\":\"https:\/\/softplaysupply.com\/#organization\"},\"potentialAction\":[{\"@type\":\"SearchAction\",\"target\":{\"@type\":\"EntryPoint\",\"urlTemplate\":\"https:\/\/softplaysupply.com\/?s={search_term_string}\"},\"query-input\":{\"@type\":\"PropertyValueSpecification\",\"valueRequired\":true,\"valueName\":\"search_term_string\"}}],\"inLanguage\":\"pt-PT\"},{\"@type\":\"Organization\",\"@id\":\"https:\/\/softplaysupply.com\/#organization\",\"name\":\"Nanpak\",\"url\":\"https:\/\/softplaysupply.com\/\",\"logo\":{\"@type\":\"ImageObject\",\"inLanguage\":\"pt-PT\",\"@id\":\"https:\/\/softplaysupply.com\/#\/schema\/logo\/image\/\",\"url\":\"https:\/\/softplaysupply.com\/wp-content\/uploads\/2025\/12\/cropped-mobile-logo.png\",\"contentUrl\":\"https:\/\/softplaysupply.com\/wp-content\/uploads\/2025\/12\/cropped-mobile-logo.png\",\"width\":263,\"height\":84,\"caption\":\"Nanpak\"},\"image\":{\"@id\":\"https:\/\/softplaysupply.com\/#\/schema\/logo\/image\/\"}}]}<\/script>\n<!-- \/ Yoast SEO plugin. -->","yoast_head_json":{"title":"Casinha de bombeiros Equipamento para playground interno Playtown Brincadeiras de faz-de-conta Casinha de bombeiros","description":"A casinha de brincar para interiores em forma de quartel de bombeiros oferece uma experi\u00eancia emocionante e interativa para as crian\u00e7as, com recursos como postes de bombeiros, paredes de escalada e t\u00faneis de fuga, tornando-a perfeita para casas, escolas e parques infantis.","robots":{"index":"index","follow":"follow","max-snippet":"max-snippet:-1","max-image-preview":"max-image-preview:large","max-video-preview":"max-video-preview:-1"},"canonical":"https:\/\/softplaysupply.com\/pt\/produto\/fire-station-playhouse\/","og_locale":"pt_PT","og_type":"article","og_title":"Fire Station Playhouse Indoor Playtown Playground Equipment Role Pretend Play Firehouse","og_description":"The fire station playhouse indoor offers an exciting, interactive experience for children with features like fire poles, climbing walls, and escape tunnels, making it perfect for homes, schools, and playgrounds.","og_url":"https:\/\/softplaysupply.com\/pt\/produto\/fire-station-playhouse\/","og_site_name":"Nanpak","og_image":[{"width":750,"height":750,"url":"https:\/\/softplaysupply.com\/wp-content\/uploads\/2025\/12\/role-play-firehouse-4.jpg","type":"image\/jpeg"}],"twitter_card":"summary_large_image","twitter_misc":{"Tempo estimado de leitura":"5 minutos"},"schema":{"@context":"https:\/\/schema.org","@graph":[{"@type":"WebPage","@id":"https:\/\/softplaysupply.com\/product\/fire-station-playhouse\/","url":"https:\/\/softplaysupply.com\/product\/fire-station-playhouse\/","name":"Casinha de bombeiros Equipamento para playground interno Playtown Brincadeiras de faz-de-conta Casinha de bombeiros","isPartOf":{"@id":"https:\/\/softplaysupply.com\/#website"},"primaryImageOfPage":{"@id":"https:\/\/softplaysupply.com\/product\/fire-station-playhouse\/#primaryimage"},"image":{"@id":"https:\/\/softplaysupply.com\/product\/fire-station-playhouse\/#primaryimage"},"thumbnailUrl":"https:\/\/softplaysupply.com\/wp-content\/uploads\/2025\/12\/role-play-firehouse-4.jpg","datePublished":"2025-12-29T07:02:03+00:00","description":"A casinha de brincar para interiores em forma de quartel de bombeiros oferece uma experi\u00eancia emocionante e interativa para as crian\u00e7as, com recursos como postes de bombeiros, paredes de escalada e t\u00faneis de fuga, tornando-a perfeita para casas, escolas e parques infantis.","breadcrumb":{"@id":"https:\/\/softplaysupply.com\/product\/fire-station-playhouse\/#breadcrumb"},"inLanguage":"pt-PT","potentialAction":[{"@type":"ReadAction","target":["https:\/\/softplaysupply.com\/product\/fire-station-playhouse\/"]}]},{"@type":"ImageObject","inLanguage":"pt-PT","@id":"https:\/\/softplaysupply.com\/product\/fire-station-playhouse\/#primaryimage","url":"https:\/\/softplaysupply.com\/wp-content\/uploads\/2025\/12\/role-play-firehouse-4.jpg","contentUrl":"https:\/\/softplaysupply.com\/wp-content\/uploads\/2025\/12\/role-play-firehouse-4.jpg","width":750,"height":750,"caption":"role play firehouse"},{"@type":"BreadcrumbList","@id":"https:\/\/softplaysupply.com\/product\/fire-station-playhouse\/#breadcrumb","itemListElement":[{"@type":"ListItem","position":1,"name":"Home","item":"https:\/\/softplaysupply.com\/"},{"@type":"ListItem","position":2,"name":"Role Playhouse","item":"https:\/\/softplaysupply.com\/pcategory\/role-playhouse\/"},{"@type":"ListItem","position":3,"name":"Fire Station Playhouse Indoor Playtown Playground Equipment Role Pretend Play Firehouse"}]},{"@type":"WebSite","@id":"https:\/\/softplaysupply.com\/#website","url":"https:\/\/softplaysupply.com\/","name":"Fornecedor de brinquedos macios","description":"Fornecedor de brinquedos macios","publisher":{"@id":"https:\/\/softplaysupply.com\/#organization"},"potentialAction":[{"@type":"SearchAction","target":{"@type":"EntryPoint","urlTemplate":"https:\/\/softplaysupply.com\/?s={search_term_string}"},"query-input":{"@type":"PropertyValueSpecification","valueRequired":true,"valueName":"search_term_string"}}],"inLanguage":"pt-PT"},{"@type":"Organization","@id":"https:\/\/softplaysupply.com\/#organization","name":"Nanpak","url":"https:\/\/softplaysupply.com\/","logo":{"@type":"ImageObject","inLanguage":"pt-PT","@id":"https:\/\/softplaysupply.com\/#\/schema\/logo\/image\/","url":"https:\/\/softplaysupply.com\/wp-content\/uploads\/2025\/12\/cropped-mobile-logo.png","contentUrl":"https:\/\/softplaysupply.com\/wp-content\/uploads\/2025\/12\/cropped-mobile-logo.png","width":263,"height":84,"caption":"Nanpak"},"image":{"@id":"https:\/\/softplaysupply.com\/#\/schema\/logo\/image\/"}}]}},"taxonomy_info":{"pcategory":[{"value":20,"label":"Role Playhouse"}]},"featured_image_src_large":["https:\/\/softplaysupply.com\/wp-content\/uploads\/2025\/12\/role-play-firehouse-4.jpg",750,750,false],"author_info":[],"comment_info":"","_links":{"self":[{"href":"https:\/\/softplaysupply.com\/pt\/wp-json\/wp\/v2\/product\/3397","targetHints":{"allow":["GET"]}}],"collection":[{"href":"https:\/\/softplaysupply.com\/pt\/wp-json\/wp\/v2\/product"}],"about":[{"href":"https:\/\/softplaysupply.com\/pt\/wp-json\/wp\/v2\/types\/product"}],"wp:featuredmedia":[{"embeddable":true,"href":"https:\/\/softplaysupply.com\/pt\/wp-json\/wp\/v2\/media\/3401"}],"wp:attachment":[{"href":"https:\/\/softplaysupply.com\/pt\/wp-json\/wp\/v2\/media?parent=3397"}],"wp:term":[{"taxonomy":"pcategory","embeddable":true,"href":"https:\/\/softplaysupply.com\/pt\/wp-json\/wp\/v2\/pcategory?post=3397"},{"taxonomy":"ptag","embeddable":true,"href":"https:\/\/softplaysupply.com\/pt\/wp-json\/wp\/v2\/ptag?post=3397"}],"curies":[{"name":"wp","href":"https:\/\/api.w.org\/{rel}","templated":true}]}}