{"id":3389,"date":"2025-12-26T14:20:47","date_gmt":"2025-12-26T14:20:47","guid":{"rendered":"https:\/\/softplaysupply.com\/?post_type=product&#038;p=3389"},"modified":"2025-12-17T15:31:23","modified_gmt":"2025-12-17T15:31:23","slug":"kids-role-play-houses","status":"publish","type":"product","link":"https:\/\/softplaysupply.com\/pt\/produto\/kids-role-play-houses\/","title":{"rendered":"Equipamentos personalizados para playgrounds internos, para brincadeiras comerciais e dramatiza\u00e7\u00f5es infantis"},"content":{"rendered":"<div style=\"width: 1280px;\" class=\"wp-video\"><video class=\"wp-video-shortcode\" id=\"video-3389-1\" width=\"1280\" height=\"720\" preload=\"metadata\" controls=\"controls\"><source type=\"video\/mp4\" src=\"https:\/\/softplaysupply.com\/wp-content\/uploads\/2025\/12\/role-play-houses.mp4?_=1\" \/><a href=\"https:\/\/softplaysupply.com\/wp-content\/uploads\/2025\/12\/role-play-houses.mp4\">https:\/\/softplaysupply.com\/wp-content\/uploads\/2025\/12\/role-play-houses.mp4<\/a><\/video><\/div>\n<p style=\"text-align: justify; font-size: 16px; margin-bottom: 30px;\">O Customized Commercial Pretend Play City Kids Role Play House Indoor Playground Equipments \u00e9 uma solu\u00e7\u00e3o de parque infantil interior altamente interativa e atraente, concebida para estimular a imagina\u00e7\u00e3o, as compet\u00eancias sociais e a compreens\u00e3o das crian\u00e7as sobre cen\u00e1rios da vida real atrav\u00e9s de experi\u00eancias imersivas de dramatiza\u00e7\u00e3o. Ao recriar ambientes urbanos quotidianos da perspetiva de uma crian\u00e7a, este sistema permite que as crian\u00e7as aprendam verdadeiramente atrav\u00e9s da brincadeira num ambiente seguro, envolvente e alegre.<\/p>\n<p><img loading=\"lazy\" decoding=\"async\" class=\"alignnone size-full wp-image-3396\" src=\"https:\/\/softplaysupply.com\/wp-content\/uploads\/2025\/12\/kids-role-play-house-6.jpg\" alt=\"\" width=\"750\" height=\"750\" srcset=\"https:\/\/softplaysupply.com\/wp-content\/uploads\/2025\/12\/kids-role-play-house-6.jpg 750w, https:\/\/softplaysupply.com\/wp-content\/uploads\/2025\/12\/kids-role-play-house-6-300x300.jpg 300w, https:\/\/softplaysupply.com\/wp-content\/uploads\/2025\/12\/kids-role-play-house-6-150x150.jpg 150w, https:\/\/softplaysupply.com\/wp-content\/uploads\/2025\/12\/kids-role-play-house-6-12x12.jpg 12w\" sizes=\"auto, (max-width: 750px) 100vw, 750px\" \/> <img loading=\"lazy\" decoding=\"async\" class=\"alignnone size-full wp-image-3395\" src=\"https:\/\/softplaysupply.com\/wp-content\/uploads\/2025\/12\/kids-role-play-house-5.jpg\" alt=\"\" width=\"750\" height=\"513\" srcset=\"https:\/\/softplaysupply.com\/wp-content\/uploads\/2025\/12\/kids-role-play-house-5.jpg 750w, https:\/\/softplaysupply.com\/wp-content\/uploads\/2025\/12\/kids-role-play-house-5-300x205.jpg 300w, https:\/\/softplaysupply.com\/wp-content\/uploads\/2025\/12\/kids-role-play-house-5-18x12.jpg 18w\" sizes=\"auto, (max-width: 750px) 100vw, 750px\" \/> <img loading=\"lazy\" decoding=\"async\" class=\"alignnone size-full wp-image-3394\" src=\"https:\/\/softplaysupply.com\/wp-content\/uploads\/2025\/12\/kids-role-play-house-4.jpg\" alt=\"\" width=\"800\" height=\"800\" srcset=\"https:\/\/softplaysupply.com\/wp-content\/uploads\/2025\/12\/kids-role-play-house-4.jpg 800w, https:\/\/softplaysupply.com\/wp-content\/uploads\/2025\/12\/kids-role-play-house-4-300x300.jpg 300w, https:\/\/softplaysupply.com\/wp-content\/uploads\/2025\/12\/kids-role-play-house-4-150x150.jpg 150w, https:\/\/softplaysupply.com\/wp-content\/uploads\/2025\/12\/kids-role-play-house-4-768x768.jpg 768w, https:\/\/softplaysupply.com\/wp-content\/uploads\/2025\/12\/kids-role-play-house-4-12x12.jpg 12w\" sizes=\"auto, (max-width: 800px) 100vw, 800px\" \/> <img loading=\"lazy\" decoding=\"async\" class=\"alignnone size-full wp-image-3393\" src=\"https:\/\/softplaysupply.com\/wp-content\/uploads\/2025\/12\/kids-role-play-house-3.jpg\" alt=\"\" width=\"800\" height=\"800\" srcset=\"https:\/\/softplaysupply.com\/wp-content\/uploads\/2025\/12\/kids-role-play-house-3.jpg 800w, https:\/\/softplaysupply.com\/wp-content\/uploads\/2025\/12\/kids-role-play-house-3-300x300.jpg 300w, https:\/\/softplaysupply.com\/wp-content\/uploads\/2025\/12\/kids-role-play-house-3-150x150.jpg 150w, https:\/\/softplaysupply.com\/wp-content\/uploads\/2025\/12\/kids-role-play-house-3-768x768.jpg 768w, https:\/\/softplaysupply.com\/wp-content\/uploads\/2025\/12\/kids-role-play-house-3-12x12.jpg 12w\" sizes=\"auto, (max-width: 800px) 100vw, 800px\" \/> <img loading=\"lazy\" decoding=\"async\" class=\"alignnone size-full wp-image-3392\" src=\"https:\/\/softplaysupply.com\/wp-content\/uploads\/2025\/12\/kids-role-play-house-2.jpg\" alt=\"casa de brincar para crian\u00e7as\" width=\"800\" height=\"800\" srcset=\"https:\/\/softplaysupply.com\/wp-content\/uploads\/2025\/12\/kids-role-play-house-2.jpg 800w, https:\/\/softplaysupply.com\/wp-content\/uploads\/2025\/12\/kids-role-play-house-2-300x300.jpg 300w, https:\/\/softplaysupply.com\/wp-content\/uploads\/2025\/12\/kids-role-play-house-2-150x150.jpg 150w, https:\/\/softplaysupply.com\/wp-content\/uploads\/2025\/12\/kids-role-play-house-2-768x768.jpg 768w, https:\/\/softplaysupply.com\/wp-content\/uploads\/2025\/12\/kids-role-play-house-2-12x12.jpg 12w\" sizes=\"auto, (max-width: 800px) 100vw, 800px\" \/><\/p>\n<p style=\"font-weight: bold; font-size: 22px; color: #e74c3c; margin: 40px 0 20px;\">Experi\u00eancia imersiva de brincar de faz-de-conta na mini cidade<\/p>\n<p style=\"text-align: justify; font-size: 16px; margin-bottom: 30px;\">Este sistema de brincadeiras de faz-de-conta transforma um parque infantil interior numa animada mini-cidade, com uma variedade de casas tem\u00e1ticas para brincar, tais como supermercados, cozinhas, caf\u00e9s, hospitais, quart\u00e9is de bombeiros, esquadras de pol\u00edcia e correios. As crian\u00e7as podem trocar livremente de pap\u00e9is \u2014 lojista, cozinheiro, bombeiro, m\u00e9dico ou cliente \u2014 trazendo cenas da vida quotidiana para o seu mundo imaginativo. Estas casas de brincar aumentam significativamente a participa\u00e7\u00e3o, prolongam o tempo de brincadeira e aumentam as visitas repetidas.<\/p>\n<p style=\"font-weight: bold; font-size: 22px; color: #e74c3c; margin: 40px 0 20px;\">Design seguro, dur\u00e1vel e realista<\/p>\n<p style=\"text-align: justify; font-size: 16px; margin-bottom: 30px;\">A Nanpak utiliza materiais dur\u00e1veis, seguros para crian\u00e7as e ecol\u00f3gicos para construir todas as suas casinhas de brincar. Todos os produtos cumprem as normas internacionais de seguran\u00e7a, incluindo ASTM e EN. Detalhes como portas que abrem, balc\u00f5es de brincar, adere\u00e7os tem\u00e1ticos e acess\u00f3rios realistas tornam a experi\u00eancia mais envolvente e aut\u00eantica, tornando estas casinhas de brincar a escolha ideal para parques infantis comerciais interiores.<\/p>\n<p style=\"font-weight: bold; font-size: 22px; color: #e74c3c; margin: 40px 0 20px;\">Totalmente personalizado para necessidades comerciais<\/p>\n<p style=\"text-align: justify; font-size: 16px; margin-bottom: 30px;\">Cada solu\u00e7\u00e3o de parque infantil interior com casinha para brincar \u00e9 totalmente personaliz\u00e1vel. Quer pretenda adicionar uma \u00fanica casinha para brincar ou projetar um parque infantil interior completo com uma \u201ccidade para brincar\u201d, a nossa equipa profissional ir\u00e1 ajud\u00e1-lo a criar o layout mais adequado para o seu espa\u00e7o. Est\u00e3o dispon\u00edveis solu\u00e7\u00f5es para recantos compactos para brincar, bem como para projetos de equipamentos para parques infantis interiores comerciais de grande escala.<\/p>\n<p style=\"font-weight: bold; font-size: 22px; color: #e74c3c; margin: 40px 0 20px;\">Temas populares para brincadeiras de faz-de-conta<\/p>\n<p style=\"text-align: justify; font-size: 16px; margin-bottom: 10px;\">As casas de brincar mais comuns incluem:<\/p>\n<ul style=\"font-size: 16px; padding-left: 40px; margin-bottom: 30px;\">\n<li><strong>Supermercado<\/strong> \u2013 Foco na l\u00f3gica matem\u00e1tica e na intera\u00e7\u00e3o social, equipado com carrinhos de compras, alimentos de brinquedo, scanners e balc\u00f5es de caixa<\/li>\n<li><strong>Hospital<\/strong> \u2013 Desenvolva empatia e curiosidade cient\u00edfica com estetosc\u00f3pios, m\u00e1quinas de raios X de brinquedo e camas hospitalares.<\/li>\n<li><strong>Corpo de Bombeiros<\/strong> \u2013 Desenvolva coragem e coordena\u00e7\u00e3o f\u00edsica usando uniformes de bombeiro, capacetes e adere\u00e7os de fogo macios.<\/li>\n<li><strong>Sal\u00e3o de cabeleireiro<\/strong> \u2013 Incentive a criatividade e a est\u00e9tica com espelhos, ferramentas de styling e toucadores.<\/li>\n<li><strong>Canteiro de obras<\/strong> \u2013 Fortale\u00e7a o racioc\u00ednio l\u00f3gico e as habilidades pr\u00e1ticas com capacetes de seguran\u00e7a, tijolos de espuma e desenhos de projeto.<\/li>\n<\/ul>\n<p style=\"font-weight: bold; font-size: 22px; color: #e74c3c; margin: 40px 0 20px;\">Carater\u00edsticas principais<\/p>\n<ul style=\"font-size: 16px; padding-left: 40px; margin-bottom: 30px;\">\n<li><strong>Alta personaliza\u00e7\u00e3o:<\/strong> As cores, os temas, os layouts e a escala podem ser ajustados para se adequarem ao seu espa\u00e7o e \u00e0 sua marca. Os elementos interativos opcionais incluem piscinas de bolinhas, escorregas, <a href=\"https:\/\/softplaysupply.com\/pt\/pcategoria\/paredes-de-escalada\/\" data-internallinksmanager029f6b8e52c=\"3\" title=\"paredes de escalada\" target=\"_blank\" rel=\"noopener\">paredes de escalada<\/a>, e jogos de proje\u00e7\u00e3o.<\/li>\n<li><strong>Seguran\u00e7a em primeiro lugar:<\/strong> Bordas arredondadas, materiais at\u00f3xicos de qualidade alimentar, piso antiderrapante e estofamento macio garantem seguran\u00e7a e durabilidade para uso comercial em locais de alto tr\u00e1fego.<\/li>\n<li><strong>Temas ricos:<\/strong> Dezenas de cen\u00e1rios realistas para dramatiza\u00e7\u00f5es com adere\u00e7os detalhados, como utens\u00edlios de cozinha, kits m\u00e9dicos e m\u00e1quinas de caixa registradora para uma brincadeira imersiva.<\/li>\n<li><strong>F\u00e1cil instala\u00e7\u00e3o e manuten\u00e7\u00e3o:<\/strong> O design modular permite f\u00e1cil transporte, instala\u00e7\u00e3o e limpeza, ideal para ambientes internos com climatiza\u00e7\u00e3o controlada.<\/li>\n<\/ul>\n<p style=\"font-weight: bold; font-size: 22px; color: #e74c3c; margin: 40px 0 20px;\">Benef\u00edcios educacionais e de desenvolvimento<\/p>\n<p style=\"text-align: justify; font-size: 16px; margin-bottom: 30px;\">Brincar de faz-de-conta \u00e9 uma parte essencial do desenvolvimento na primeira inf\u00e2ncia. Estas casinhas de brincar n\u00e3o s\u00e3o apenas equipamentos de recreio, mas tamb\u00e9m poderosas ferramentas de aprendizagem:<\/p>\n<ul style=\"font-size: 16px; padding-left: 40px; margin-bottom: 30px;\">\n<li>Estimule a imagina\u00e7\u00e3o e a criatividade explorando diferentes profiss\u00f5es<\/li>\n<li>Melhorar as compet\u00eancias sociais e de comunica\u00e7\u00e3o atrav\u00e9s da intera\u00e7\u00e3o em grupo<\/li>\n<li>Desenvolva empatia compreendendo diferentes pap\u00e9is e emo\u00e7\u00f5es<\/li>\n<li>Melhorar as compet\u00eancias lingu\u00edsticas e as capacidades de resolu\u00e7\u00e3o de problemas<\/li>\n<li>Apoie a coordena\u00e7\u00e3o f\u00edsica atrav\u00e9s da escalada, corrida e brincadeiras ativas<\/li>\n<\/ul>\n<p style=\"font-weight: bold; font-size: 22px; color: #e74c3c; margin: 40px 0 20px;\">Um investimento inteligente para parques infantis interiores<\/p>\n<p style=\"text-align: justify; font-size: 16px; margin-bottom: 30px;\">Em compara\u00e7\u00e3o com grandes brinquedos radicais ou jogos eletr\u00f3nicos, os equipamentos para parques infantis internos com brinquedos de encena\u00e7\u00e3o oferecem custos de manuten\u00e7\u00e3o mais baixos, maior valor educativo, intera\u00e7\u00e3o mais forte entre pais e filhos, maior dura\u00e7\u00e3o de brincadeira e maior satisfa\u00e7\u00e3o do cliente. \u00c9 uma solu\u00e7\u00e3o comercial econ\u00f4mica para parques infantis, com retornos est\u00e1veis a longo prazo.<\/p>\n<p style=\"font-weight: bold; font-size: 22px; color: #e74c3c; margin: 40px 0 20px;\">Cen\u00e1rios de aplica\u00e7\u00e3o<\/p>\n<ul style=\"font-size: 16px; padding-left: 40px; margin-bottom: 30px;\">\n<li>Parques infantis comerciais interiores<\/li>\n<li>Centros de entretenimento familiar (FEC)<\/li>\n<li>Pr\u00e9-escolas e centros de educa\u00e7\u00e3o infantil<\/li>\n<li>\u00c1reas infantis em centros comerciais<\/li>\n<li>Museus infantis e espa\u00e7os de aprendizagem experiencial<\/li>\n<\/ul>\n<p style=\"font-weight: bold; font-size: 22px; color: #e74c3c; margin: 40px 0 20px;\">Conclus\u00e3o<\/p>\n<p style=\"text-align: justify; font-size: 16px; margin-bottom: 30px;\">A Casa de Brincar Personalizada para Crian\u00e7as com Equipamentos para Parques Infantis Internos combina perfeitamente entretenimento, educa\u00e7\u00e3o e criatividade. Ao oferecer \u00e0s crian\u00e7as uma mini cidade realista, mas imaginativa, repleta de casas de brincar envolventes, ela aumenta o apelo geral dos parques infantis internos, ao mesmo tempo em que proporciona experi\u00eancias de brincadeiras significativas que fazem com que as fam\u00edlias voltem sempre.<\/p>","protected":false},"excerpt":{"rendered":"<p>Equipamento comercial para parques infantis interiores com temas personaliz\u00e1veis para brincadeiras de faz-de-conta, tais como supermercado, hospital e quartel de bombeiros, ideal para \u00e1reas de recrea\u00e7\u00e3o infantis lucrativas. Crie uma alegre cidade para brincadeiras de faz-de-conta com o equipamento para parques infantis interiores Role Play House, onde casas imersivas para brincadeiras de faz-de-conta transformam o quotidiano em divertidas aventuras.<\/p>","protected":false},"featured_media":3392,"parent":0,"template":"","meta":{"_acf_changed":false,"_kad_blocks_custom_css":"","_kad_blocks_head_custom_js":"","_kad_blocks_body_custom_js":"","_kad_blocks_footer_custom_js":"","_kadence_starter_templates_imported_post":false,"_kad_post_transparent":"default","_kad_post_title":"","_kad_post_layout":"default","_kad_post_sidebar_id":"","_kad_post_content_style":"default","_kad_post_vertical_padding":"default","_kad_post_feature":"","_kad_post_feature_position":"","_kad_post_header":false,"_kad_post_footer":false},"pcategory":[5,20],"ptag":[],"class_list":["post-3389","product","type-product","status-publish","has-post-thumbnail","hentry","pcategory-indoor-playground-equipment","pcategory-role-playhouse"],"acf":[],"yoast_head":"<!-- This site is optimized with the Yoast SEO plugin v26.8 - https:\/\/yoast.com\/product\/yoast-seo-wordpress\/ -->\n<title>Customized Commercial Pretend Play City Kids Role Play House Indoor Playground Equipments<\/title>\n<meta name=\"description\" content=\"Customized Commercial Pretend Play City Kids Role Play House indoor playground equipment featuring immersive pretend play houses, safe materials, and flexible customization to inspire creativity, social skills, and repeat visits.\" \/>\n<meta name=\"robots\" content=\"index, follow, max-snippet:-1, max-image-preview:large, max-video-preview:-1\" \/>\n<link rel=\"canonical\" href=\"https:\/\/softplaysupply.com\/pt\/produto\/kids-role-play-houses\/\" \/>\n<meta property=\"og:locale\" content=\"pt_PT\" \/>\n<meta property=\"og:type\" content=\"article\" \/>\n<meta property=\"og:title\" content=\"Customized Commercial Pretend Play City Kids Role Play House Indoor Playground Equipments\" \/>\n<meta property=\"og:description\" content=\"Customized Commercial Pretend Play City Kids Role Play House indoor playground equipment featuring immersive pretend play houses, safe materials, and flexible customization to inspire creativity, social skills, and repeat visits.\" \/>\n<meta property=\"og:url\" content=\"https:\/\/softplaysupply.com\/pt\/produto\/kids-role-play-houses\/\" \/>\n<meta property=\"og:site_name\" content=\"Nanpak\" \/>\n<meta property=\"og:image\" content=\"https:\/\/softplaysupply.com\/wp-content\/uploads\/2025\/12\/kids-role-play-house-2.jpg\" \/>\n\t<meta property=\"og:image:width\" content=\"800\" \/>\n\t<meta property=\"og:image:height\" content=\"800\" \/>\n\t<meta property=\"og:image:type\" content=\"image\/jpeg\" \/>\n<meta name=\"twitter:card\" content=\"summary_large_image\" \/>\n<meta name=\"twitter:label1\" content=\"Tempo estimado de leitura\" \/>\n\t<meta name=\"twitter:data1\" content=\"5 minutos\" \/>\n<script type=\"application\/ld+json\" class=\"yoast-schema-graph\">{\"@context\":\"https:\/\/schema.org\",\"@graph\":[{\"@type\":\"WebPage\",\"@id\":\"https:\/\/softplaysupply.com\/product\/kids-role-play-houses\/\",\"url\":\"https:\/\/softplaysupply.com\/product\/kids-role-play-houses\/\",\"name\":\"Customized Commercial Pretend Play City Kids Role Play House Indoor Playground Equipments\",\"isPartOf\":{\"@id\":\"https:\/\/softplaysupply.com\/#website\"},\"primaryImageOfPage\":{\"@id\":\"https:\/\/softplaysupply.com\/product\/kids-role-play-houses\/#primaryimage\"},\"image\":{\"@id\":\"https:\/\/softplaysupply.com\/product\/kids-role-play-houses\/#primaryimage\"},\"thumbnailUrl\":\"https:\/\/softplaysupply.com\/wp-content\/uploads\/2025\/12\/kids-role-play-house-2.jpg\",\"datePublished\":\"2025-12-26T14:20:47+00:00\",\"description\":\"Customized Commercial Pretend Play City Kids Role Play House indoor playground equipment featuring immersive pretend play houses, safe materials, and flexible customization to inspire creativity, social skills, and repeat visits.\",\"breadcrumb\":{\"@id\":\"https:\/\/softplaysupply.com\/product\/kids-role-play-houses\/#breadcrumb\"},\"inLanguage\":\"pt-PT\",\"potentialAction\":[{\"@type\":\"ReadAction\",\"target\":[\"https:\/\/softplaysupply.com\/product\/kids-role-play-houses\/\"]}]},{\"@type\":\"ImageObject\",\"inLanguage\":\"pt-PT\",\"@id\":\"https:\/\/softplaysupply.com\/product\/kids-role-play-houses\/#primaryimage\",\"url\":\"https:\/\/softplaysupply.com\/wp-content\/uploads\/2025\/12\/kids-role-play-house-2.jpg\",\"contentUrl\":\"https:\/\/softplaysupply.com\/wp-content\/uploads\/2025\/12\/kids-role-play-house-2.jpg\",\"width\":800,\"height\":800,\"caption\":\"kids role play house\"},{\"@type\":\"BreadcrumbList\",\"@id\":\"https:\/\/softplaysupply.com\/product\/kids-role-play-houses\/#breadcrumb\",\"itemListElement\":[{\"@type\":\"ListItem\",\"position\":1,\"name\":\"Home\",\"item\":\"https:\/\/softplaysupply.com\/\"},{\"@type\":\"ListItem\",\"position\":2,\"name\":\"Role Playhouse\",\"item\":\"https:\/\/softplaysupply.com\/pcategory\/role-playhouse\/\"},{\"@type\":\"ListItem\",\"position\":3,\"name\":\"Customized Commercial Pretend Play City Kids Role Play House Indoor Playground Equipments\"}]},{\"@type\":\"WebSite\",\"@id\":\"https:\/\/softplaysupply.com\/#website\",\"url\":\"https:\/\/softplaysupply.com\/\",\"name\":\"Soft Play Supplier\",\"description\":\"Soft Play Supplier\",\"publisher\":{\"@id\":\"https:\/\/softplaysupply.com\/#organization\"},\"potentialAction\":[{\"@type\":\"SearchAction\",\"target\":{\"@type\":\"EntryPoint\",\"urlTemplate\":\"https:\/\/softplaysupply.com\/?s={search_term_string}\"},\"query-input\":{\"@type\":\"PropertyValueSpecification\",\"valueRequired\":true,\"valueName\":\"search_term_string\"}}],\"inLanguage\":\"pt-PT\"},{\"@type\":\"Organization\",\"@id\":\"https:\/\/softplaysupply.com\/#organization\",\"name\":\"Nanpak\",\"url\":\"https:\/\/softplaysupply.com\/\",\"logo\":{\"@type\":\"ImageObject\",\"inLanguage\":\"pt-PT\",\"@id\":\"https:\/\/softplaysupply.com\/#\/schema\/logo\/image\/\",\"url\":\"https:\/\/softplaysupply.com\/wp-content\/uploads\/2025\/12\/cropped-mobile-logo.png\",\"contentUrl\":\"https:\/\/softplaysupply.com\/wp-content\/uploads\/2025\/12\/cropped-mobile-logo.png\",\"width\":263,\"height\":84,\"caption\":\"Nanpak\"},\"image\":{\"@id\":\"https:\/\/softplaysupply.com\/#\/schema\/logo\/image\/\"}}]}<\/script>\n<!-- \/ Yoast SEO plugin. -->","yoast_head_json":{"title":"Equipamentos personalizados para playgrounds internos, para brincadeiras comerciais e dramatiza\u00e7\u00f5es infantis","description":"Equipamento personalizado para playground interno com tema de brincadeiras comerciais, casas de brincar imersivas, materiais seguros e personaliza\u00e7\u00e3o flex\u00edvel para inspirar a criatividade, as habilidades sociais e visitas repetidas.","robots":{"index":"index","follow":"follow","max-snippet":"max-snippet:-1","max-image-preview":"max-image-preview:large","max-video-preview":"max-video-preview:-1"},"canonical":"https:\/\/softplaysupply.com\/pt\/produto\/kids-role-play-houses\/","og_locale":"pt_PT","og_type":"article","og_title":"Customized Commercial Pretend Play City Kids Role Play House Indoor Playground Equipments","og_description":"Customized Commercial Pretend Play City Kids Role Play House indoor playground equipment featuring immersive pretend play houses, safe materials, and flexible customization to inspire creativity, social skills, and repeat visits.","og_url":"https:\/\/softplaysupply.com\/pt\/produto\/kids-role-play-houses\/","og_site_name":"Nanpak","og_image":[{"width":800,"height":800,"url":"https:\/\/softplaysupply.com\/wp-content\/uploads\/2025\/12\/kids-role-play-house-2.jpg","type":"image\/jpeg"}],"twitter_card":"summary_large_image","twitter_misc":{"Tempo estimado de leitura":"5 minutos"},"schema":{"@context":"https:\/\/schema.org","@graph":[{"@type":"WebPage","@id":"https:\/\/softplaysupply.com\/product\/kids-role-play-houses\/","url":"https:\/\/softplaysupply.com\/product\/kids-role-play-houses\/","name":"Equipamentos personalizados para playgrounds internos, para brincadeiras comerciais e dramatiza\u00e7\u00f5es infantis","isPartOf":{"@id":"https:\/\/softplaysupply.com\/#website"},"primaryImageOfPage":{"@id":"https:\/\/softplaysupply.com\/product\/kids-role-play-houses\/#primaryimage"},"image":{"@id":"https:\/\/softplaysupply.com\/product\/kids-role-play-houses\/#primaryimage"},"thumbnailUrl":"https:\/\/softplaysupply.com\/wp-content\/uploads\/2025\/12\/kids-role-play-house-2.jpg","datePublished":"2025-12-26T14:20:47+00:00","description":"Equipamento personalizado para playground interno com tema de brincadeiras comerciais, casas de brincar imersivas, materiais seguros e personaliza\u00e7\u00e3o flex\u00edvel para inspirar a criatividade, as habilidades sociais e visitas repetidas.","breadcrumb":{"@id":"https:\/\/softplaysupply.com\/product\/kids-role-play-houses\/#breadcrumb"},"inLanguage":"pt-PT","potentialAction":[{"@type":"ReadAction","target":["https:\/\/softplaysupply.com\/product\/kids-role-play-houses\/"]}]},{"@type":"ImageObject","inLanguage":"pt-PT","@id":"https:\/\/softplaysupply.com\/product\/kids-role-play-houses\/#primaryimage","url":"https:\/\/softplaysupply.com\/wp-content\/uploads\/2025\/12\/kids-role-play-house-2.jpg","contentUrl":"https:\/\/softplaysupply.com\/wp-content\/uploads\/2025\/12\/kids-role-play-house-2.jpg","width":800,"height":800,"caption":"kids role play house"},{"@type":"BreadcrumbList","@id":"https:\/\/softplaysupply.com\/product\/kids-role-play-houses\/#breadcrumb","itemListElement":[{"@type":"ListItem","position":1,"name":"Home","item":"https:\/\/softplaysupply.com\/"},{"@type":"ListItem","position":2,"name":"Role Playhouse","item":"https:\/\/softplaysupply.com\/pcategory\/role-playhouse\/"},{"@type":"ListItem","position":3,"name":"Customized Commercial Pretend Play City Kids Role Play House Indoor Playground Equipments"}]},{"@type":"WebSite","@id":"https:\/\/softplaysupply.com\/#website","url":"https:\/\/softplaysupply.com\/","name":"Fornecedor de brinquedos macios","description":"Fornecedor de brinquedos macios","publisher":{"@id":"https:\/\/softplaysupply.com\/#organization"},"potentialAction":[{"@type":"SearchAction","target":{"@type":"EntryPoint","urlTemplate":"https:\/\/softplaysupply.com\/?s={search_term_string}"},"query-input":{"@type":"PropertyValueSpecification","valueRequired":true,"valueName":"search_term_string"}}],"inLanguage":"pt-PT"},{"@type":"Organization","@id":"https:\/\/softplaysupply.com\/#organization","name":"Nanpak","url":"https:\/\/softplaysupply.com\/","logo":{"@type":"ImageObject","inLanguage":"pt-PT","@id":"https:\/\/softplaysupply.com\/#\/schema\/logo\/image\/","url":"https:\/\/softplaysupply.com\/wp-content\/uploads\/2025\/12\/cropped-mobile-logo.png","contentUrl":"https:\/\/softplaysupply.com\/wp-content\/uploads\/2025\/12\/cropped-mobile-logo.png","width":263,"height":84,"caption":"Nanpak"},"image":{"@id":"https:\/\/softplaysupply.com\/#\/schema\/logo\/image\/"}}]}},"taxonomy_info":{"pcategory":[{"value":5,"label":"Indoor Playground Equipment"},{"value":20,"label":"Role Playhouse"}]},"featured_image_src_large":["https:\/\/softplaysupply.com\/wp-content\/uploads\/2025\/12\/kids-role-play-house-2.jpg",800,800,false],"author_info":[],"comment_info":"","_links":{"self":[{"href":"https:\/\/softplaysupply.com\/pt\/wp-json\/wp\/v2\/product\/3389","targetHints":{"allow":["GET"]}}],"collection":[{"href":"https:\/\/softplaysupply.com\/pt\/wp-json\/wp\/v2\/product"}],"about":[{"href":"https:\/\/softplaysupply.com\/pt\/wp-json\/wp\/v2\/types\/product"}],"wp:featuredmedia":[{"embeddable":true,"href":"https:\/\/softplaysupply.com\/pt\/wp-json\/wp\/v2\/media\/3392"}],"wp:attachment":[{"href":"https:\/\/softplaysupply.com\/pt\/wp-json\/wp\/v2\/media?parent=3389"}],"wp:term":[{"taxonomy":"pcategory","embeddable":true,"href":"https:\/\/softplaysupply.com\/pt\/wp-json\/wp\/v2\/pcategory?post=3389"},{"taxonomy":"ptag","embeddable":true,"href":"https:\/\/softplaysupply.com\/pt\/wp-json\/wp\/v2\/ptag?post=3389"}],"curies":[{"name":"wp","href":"https:\/\/api.w.org\/{rel}","templated":true}]}}