{"id":3343,"date":"2025-12-15T04:50:49","date_gmt":"2025-12-15T04:50:49","guid":{"rendered":"https:\/\/softplaysupply.com\/?post_type=product&#038;p=3343"},"modified":"2025-12-15T05:52:39","modified_gmt":"2025-12-15T05:52:39","slug":"all-in-one-ball-pit-washing-ball-cleaning-machine","status":"publish","type":"product","link":"https:\/\/softplaysupply.com\/pt\/produto\/all-in-one-ball-pit-washing-ball-cleaning-machine\/","title":{"rendered":"M\u00e1quina multifuncional para lavagem e limpeza de bolas para piscinas de bolinhas"},"content":{"rendered":"<div style=\"width: 1280px;\" class=\"wp-video\"><video class=\"wp-video-shortcode\" id=\"video-3343-1\" width=\"1280\" height=\"720\" preload=\"auto\" controls=\"controls\"><source type=\"video\/mp4\" src=\"https:\/\/softplaysupply.com\/wp-content\/uploads\/2025\/12\/all-in-one-ball-washing-machine.mp4?_=1\" \/><a href=\"https:\/\/softplaysupply.com\/wp-content\/uploads\/2025\/12\/all-in-one-ball-washing-machine.mp4\">https:\/\/softplaysupply.com\/wp-content\/uploads\/2025\/12\/all-in-one-ball-washing-machine.mp4<\/a><\/video><\/div>\n<p>As piscinas de bolinhas s\u00e3o uma atra\u00e7\u00e3o central em parques infantis, shopping centers e parques tem\u00e1ticos cobertos, mas tamb\u00e9m representam desafios significativos em termos de higiene. O grande n\u00famero de bolinhas de pl\u00e1stico exige limpeza cont\u00ednua, e os m\u00e9todos tradicionais s\u00e3o demorados e trabalhosos, muitas vezes n\u00e3o proporcionando a esteriliza\u00e7\u00e3o profunda necess\u00e1ria para garantir um ambiente verdadeiramente limpo.<\/p>\n<p>Conhe\u00e7a a M\u00e1quina Multifuncional de Lavagem de Bolas \u2013 um dispositivo de limpeza revolucion\u00e1rio e eficiente, projetado especificamente para piscinas de bolas grandes. Esta m\u00e1quina de lavar bolas tudo-em-um transforma a sua abordagem \u00e0 higiene, oferecendo uma solu\u00e7\u00e3o automatizada e de alto padr\u00e3o para a limpeza de piscinas de bolas.<\/p>\n<p><img loading=\"lazy\" decoding=\"async\" class=\"alignnone size-medium wp-image-3348\" src=\"https:\/\/softplaysupply.com\/wp-content\/uploads\/2025\/12\/ball-pit-cleaning-machine-2-300x300.jpg\" alt=\"\" width=\"300\" height=\"300\" srcset=\"https:\/\/softplaysupply.com\/wp-content\/uploads\/2025\/12\/ball-pit-cleaning-machine-2-300x300.jpg 300w, https:\/\/softplaysupply.com\/wp-content\/uploads\/2025\/12\/ball-pit-cleaning-machine-2-150x150.jpg 150w, https:\/\/softplaysupply.com\/wp-content\/uploads\/2025\/12\/ball-pit-cleaning-machine-2-768x768.jpg 768w, https:\/\/softplaysupply.com\/wp-content\/uploads\/2025\/12\/ball-pit-cleaning-machine-2-12x12.jpg 12w, https:\/\/softplaysupply.com\/wp-content\/uploads\/2025\/12\/ball-pit-cleaning-machine-2.jpg 800w\" sizes=\"auto, (max-width: 300px) 100vw, 300px\" \/> <img loading=\"lazy\" decoding=\"async\" class=\"alignnone size-medium wp-image-3349\" src=\"https:\/\/softplaysupply.com\/wp-content\/uploads\/2025\/12\/ball-pit-cleaning-machine-3-300x300.jpg\" alt=\"\" width=\"300\" height=\"300\" srcset=\"https:\/\/softplaysupply.com\/wp-content\/uploads\/2025\/12\/ball-pit-cleaning-machine-3-300x300.jpg 300w, https:\/\/softplaysupply.com\/wp-content\/uploads\/2025\/12\/ball-pit-cleaning-machine-3-150x150.jpg 150w, https:\/\/softplaysupply.com\/wp-content\/uploads\/2025\/12\/ball-pit-cleaning-machine-3-768x768.jpg 768w, https:\/\/softplaysupply.com\/wp-content\/uploads\/2025\/12\/ball-pit-cleaning-machine-3-12x12.jpg 12w, https:\/\/softplaysupply.com\/wp-content\/uploads\/2025\/12\/ball-pit-cleaning-machine-3.jpg 800w\" sizes=\"auto, (max-width: 300px) 100vw, 300px\" \/> <img loading=\"lazy\" decoding=\"async\" class=\"alignnone size-medium wp-image-3351\" src=\"https:\/\/softplaysupply.com\/wp-content\/uploads\/2025\/12\/ball-pit-cleaning-machine-5-300x300.jpg\" alt=\"m\u00e1quina de limpeza para piscinas de bolinhas\" width=\"300\" height=\"300\" srcset=\"https:\/\/softplaysupply.com\/wp-content\/uploads\/2025\/12\/ball-pit-cleaning-machine-5-300x300.jpg 300w, https:\/\/softplaysupply.com\/wp-content\/uploads\/2025\/12\/ball-pit-cleaning-machine-5-150x150.jpg 150w, https:\/\/softplaysupply.com\/wp-content\/uploads\/2025\/12\/ball-pit-cleaning-machine-5-12x12.jpg 12w, https:\/\/softplaysupply.com\/wp-content\/uploads\/2025\/12\/ball-pit-cleaning-machine-5.jpg 750w\" sizes=\"auto, (max-width: 300px) 100vw, 300px\" \/><\/p>\n<h2 style=\"color: #2980b9;\"><strong>Principais vantagens: Por que escolher a nossa m\u00e1quina multifuncional de lavagem de bolas?<\/strong><\/h2>\n<ol>\n<li style=\"margin-bottom: 20px;\"><strong>Efici\u00eancia extrema, economia de custos<\/strong><br \/>\n<strong>Efici\u00eancia ultra-alta<\/strong>: Capaz de limpar at\u00e9 25.000 bolas oce\u00e2nicas em apenas uma hora.<br \/>\n<strong>Retorno sobre o investimento<\/strong>: Ao reduzir o trabalho e o tempo necess\u00e1rios para a limpeza manual, a nossa m\u00e1quina de limpeza de bolas garante um r\u00e1pido retorno do investimento.<\/li>\n<li style=\"margin-bottom: 20px;\"><strong>Esteriliza\u00e7\u00e3o profunda, seguran\u00e7a fi\u00e1vel<\/strong><br \/>\n<strong>Esteriliza\u00e7\u00e3o por luz azul<\/strong>: O sistema integrado de esteriliza\u00e7\u00e3o por luz azul garante que as bolas sejam profundamente desinfetadas durante o processo de lavagem, alcan\u00e7ando um n\u00edvel de limpeza muito superior ao da lavagem normal com \u00e1gua.<br \/>\n<strong>Sistema de limpeza especial<\/strong>: Um desinfetante exclusivo \u00e9 adicionado \u00e0 \u00e1gua, combinado com um sistema de filtragem multicamadas, para obter esteriliza\u00e7\u00e3o e limpeza superiores. Isso torna a nossa m\u00e1quina de lavar bolinhas indispens\u00e1vel para propriet\u00e1rios de parques comprometidos em manter altos padr\u00f5es de sa\u00fade e seguran\u00e7a.<\/li>\n<li style=\"margin-bottom: 20px;\"><strong>Opera\u00e7\u00e3o inteligente, f\u00e1cil de usar<\/strong><br \/>\n<strong>Controlo inteligente por ecr\u00e3 t\u00e1til<\/strong>: A interface intuitiva do ecr\u00e3 t\u00e1til inteligente torna a opera\u00e7\u00e3o f\u00e1cil e direta.<br \/>\n<strong>In\u00edcio com um bot\u00e3o<\/strong>Simplifica o processo para funcion\u00e1rios n\u00e3o profissionais, tornando-o acess\u00edvel para qualquer pessoa operar com facilidade.<\/li>\n<\/ol>\n<h2 style=\"color: #2980b9;\"><strong>Especifica\u00e7\u00f5es e caracter\u00edsticas detalhadas<\/strong><\/h2>\n<table style=\"width: 100%; border-collapse: collapse; margin: 20px 0; background-color: #fff;\">\n<thead>\n<tr style=\"background-color: #3498db; color: white;\">\n<th style=\"padding: 12px; text-align: left; border: 1px solid #ddd;\">Carater\u00edstica<\/th>\n<th style=\"padding: 12px; text-align: left; border: 1px solid #ddd;\">Detalhes da especifica\u00e7\u00e3o<\/th>\n<th style=\"padding: 12px; text-align: left; border: 1px solid #ddd;\">Explica\u00e7\u00e3o das vantagens<\/th>\n<\/tr>\n<\/thead>\n<tbody>\n<tr>\n<td style=\"padding: 12px; border: 1px solid #ddd;\"><strong>Nome do produto<\/strong><\/td>\n<td style=\"padding: 12px; border: 1px solid #ddd;\">M\u00e1quina multifuncional para lavagem de bolas<\/td>\n<td style=\"padding: 12px; border: 1px solid #ddd;\">Design integrado que satisfaz as necessidades de limpeza, desinfe\u00e7\u00e3o e secagem.<\/td>\n<\/tr>\n<tr style=\"background-color: #ecf0f1;\">\n<td style=\"padding: 12px; border: 1px solid #ddd;\"><strong>Efici\u00eancia de limpeza<\/strong><\/td>\n<td style=\"padding: 12px; border: 1px solid #ddd;\">25.000 PCS\/BOLAS \/ Hora<\/td>\n<td style=\"padding: 12px; border: 1px solid #ddd;\">Capacidade de limpeza de alta velocidade incompar\u00e1vel na ind\u00fastria.<\/td>\n<\/tr>\n<tr>\n<td style=\"padding: 12px; border: 1px solid #ddd;\"><strong>Esteriliza\u00e7\u00e3o<\/strong><\/td>\n<td style=\"padding: 12px; border: 1px solid #ddd;\">Esteriliza\u00e7\u00e3o por luz azul<\/td>\n<td style=\"padding: 12px; border: 1px solid #ddd;\">Elimina eficazmente bact\u00e9rias e v\u00edrus da superf\u00edcie da bola.<\/td>\n<\/tr>\n<tr style=\"background-color: #ecf0f1;\">\n<td style=\"padding: 12px; border: 1px solid #ddd;\"><strong>Par\u00e2metros do dispositivo<\/strong><\/td>\n<td style=\"padding: 12px; border: 1px solid #ddd;\">Pot\u00eancia total 2,5 kW, corrente de 16 amperes<\/td>\n<td style=\"padding: 12px; border: 1px solid #ddd;\">Pot\u00eancia do motor elevada, personaliz\u00e1vel para satisfazer diferentes requisitos operacionais.<\/td>\n<\/tr>\n<tr>\n<td style=\"padding: 12px; border: 1px solid #ddd;\"><strong>Tecnologia central<\/strong><\/td>\n<td style=\"padding: 12px; border: 1px solid #ddd;\">Escova supermacia de 360\u00b0 + Sistema de filtragem multicamadas<\/td>\n<td style=\"padding: 12px; border: 1px solid #ddd;\">Esfrega suavemente e limpa cada cent\u00edmetro da bola, ao mesmo tempo que recicla a \u00e1gua de forma eficiente.<\/td>\n<\/tr>\n<tr style=\"background-color: #ecf0f1;\">\n<td style=\"padding: 12px; border: 1px solid #ddd;\"><strong>Tecnologia de secagem<\/strong><\/td>\n<td style=\"padding: 12px; border: 1px solid #ddd;\">\u201cFun\u00e7\u00e3o \u201dMore Dry Ball\u00bb (Mais bola seca)<\/td>\n<td style=\"padding: 12px; border: 1px solid #ddd;\">A secagem ao ar de alta efici\u00eancia e a limpeza com pano de algod\u00e3o garantem que as bolas fiquem prontas instantaneamente.<\/td>\n<\/tr>\n<tr>\n<td style=\"padding: 12px; border: 1px solid #ddd;\"><strong>Tamanho\/Peso<\/strong><\/td>\n<td style=\"padding: 12px; border: 1px solid #ddd;\">Tamanho: 140*65*120 cm, Peso: 110 kg<\/td>\n<td style=\"padding: 12px; border: 1px solid #ddd;\">Design compacto e leve, f\u00e1cil de transportar dentro do recinto.<\/td>\n<\/tr>\n<tr style=\"background-color: #ecf0f1;\">\n<td style=\"padding: 12px; border: 1px solid #ddd;\"><strong>Informa\u00e7\u00f5es sobre embalagem<\/strong><\/td>\n<td style=\"padding: 12px; border: 1px solid #ddd;\">Tamanho: 168*78*150 cm, Peso bruto: 180 kg<\/td>\n<td style=\"padding: 12px; border: 1px solid #ddd;\">A embalagem robusta garante um transporte seguro e protegido.<\/td>\n<\/tr>\n<\/tbody>\n<\/table>\n<h2 style=\"color: #2980b9;\"><strong>Fluxo de trabalho da fun\u00e7\u00e3o: de sujo a limpo em uma \u00fanica etapa<\/strong><\/h2>\n<p>O nosso <strong><a href=\"https:\/\/softplaysupply.com\/pt\/produto\/all-in-one-ball-pit-washing-ball-cleaning-machine\/\" data-internallinksmanager029f6b8e52c=\"4\" title=\"m\u00e1quina de limpeza para piscinas de bolinhas\" target=\"_blank\" rel=\"noopener\">m\u00e1quina de limpeza para piscinas de bolinhas<\/a><\/strong> foi concebido para parques com um elevado volume de bolas. O processo \u00e9 simples e eficiente:<\/p>\n<ol>\n<li><strong>Cole\u00e7\u00e3o e imers\u00e3o<\/strong>: As bolas s\u00e3o automaticamente aspiradas ou introduzidas na m\u00e1quina.<\/li>\n<li><strong>Lavagem profunda a 360\u00b0<\/strong>: A escova supermacia de 360\u00b0 esfrega as bolas completamente, enquanto a \u00e1gua misturada com um desinfetante especial garante uma limpeza adequada.<\/li>\n<li><strong>Filtragem de \u00e1gua<\/strong>: A \u00e1gua suja \u00e9 filtrada e reciclada atrav\u00e9s de um sistema de filtragem multicamadas.<\/li>\n<li><strong>Desinfec\u00e7\u00e3o com luz azul<\/strong>: A esteriliza\u00e7\u00e3o por luz azul funciona simultaneamente com a lavagem, garantindo que todas as bolas fiquem livres de bact\u00e9rias nocivas.<\/li>\n<li><strong>Secagem de ar de alta efici\u00eancia<\/strong>: As bolas passam por um processo de secagem e s\u00e3o limpas com um pano de algod\u00e3o para um acabamento seco instant\u00e2neo. Esta caracter\u00edstica ajuda a manter o tempo de atividade m\u00e1ximo da sua \u00e1rea de recrea\u00e7\u00e3o.<\/li>\n<\/ol>\n<h2 style=\"color: #2980b9;\"><strong>Aja agora: eleve os seus padr\u00f5es operacionais<\/strong><\/h2>\n<p>Investir na nossa m\u00e1quina multifuncional de lavagem de bolas \u00e9 mais do que apenas comprar equipamento \u2014 \u00e9 um investimento na sa\u00fade, seguran\u00e7a e efici\u00eancia operacional geral dos seus clientes. Pare de perder tempo com limpezas manuais ineficazes. Esta m\u00e1quina de lavagem de bolas tudo-em-um ir\u00e1 otimizar os seus processos, garantir higiene de alto n\u00edvel e ajudar a manter um ambiente limpo e seguro para todos os visitantes.<\/p>\n<p>Se pretende comprar uma m\u00e1quina de limpeza de piscinas de bolinhas ou est\u00e1 interessado em alugar uma, n\u00e3o hesite em contactar-nos hoje mesmo para garantir a sua solu\u00e7\u00e3o!<\/p>\n<div id=\"gtx-trans\" style=\"position: absolute; left: 460px; top: 39px;\">\n<div class=\"gtx-trans-icon\"><\/div>\n<\/div>","protected":false},"excerpt":{"rendered":"<p>M\u00e1quina profissional de limpeza de piscinas de bolinhas projetada para parques infantis e parques tem\u00e1ticos internos. Lavagem automatizada, esteriliza\u00e7\u00e3o com luz azul, secagem ao ar e filtragem de \u00e1gua garantem um ambiente de brincadeiras seguro e higi\u00eanico.<\/p>","protected":false},"featured_media":3351,"parent":0,"template":"","meta":{"_acf_changed":false,"_kad_blocks_custom_css":"","_kad_blocks_head_custom_js":"","_kad_blocks_body_custom_js":"","_kad_blocks_footer_custom_js":"","_kadence_starter_templates_imported_post":false,"_kad_post_transparent":"default","_kad_post_title":"","_kad_post_layout":"default","_kad_post_sidebar_id":"","_kad_post_content_style":"default","_kad_post_vertical_padding":"default","_kad_post_feature":"","_kad_post_feature_position":"","_kad_post_header":false,"_kad_post_footer":false},"pcategory":[5],"ptag":[],"class_list":["post-3343","product","type-product","status-publish","has-post-thumbnail","hentry","pcategory-indoor-playground-equipment"],"acf":[],"yoast_head":"<!-- This site is optimized with the Yoast SEO plugin v26.8 - https:\/\/yoast.com\/product\/yoast-seo-wordpress\/ -->\n<title>Multi-Functional All In One Ball Pit Washing Ball Cleaning Machine<\/title>\n<meta name=\"description\" content=\"Multi-Functional all in one ball pit washing ball cleaning machine reduce labor costs and improve hygiene with our automatic ball pit washing machine. Features 360\u00b0 soft brush cleaning, blue light sterilization, smart touch screen, and fast ROI for commercial venues.\" \/>\n<meta name=\"robots\" content=\"index, follow, max-snippet:-1, max-image-preview:large, max-video-preview:-1\" \/>\n<link rel=\"canonical\" href=\"https:\/\/softplaysupply.com\/pt\/produto\/all-in-one-ball-pit-washing-ball-cleaning-machine\/\" \/>\n<meta property=\"og:locale\" content=\"pt_PT\" \/>\n<meta property=\"og:type\" content=\"article\" \/>\n<meta property=\"og:title\" content=\"Multi-Functional All In One Ball Pit Washing Ball Cleaning Machine\" \/>\n<meta property=\"og:description\" content=\"Multi-Functional all in one ball pit washing ball cleaning machine reduce labor costs and improve hygiene with our automatic ball pit washing machine. Features 360\u00b0 soft brush cleaning, blue light sterilization, smart touch screen, and fast ROI for commercial venues.\" \/>\n<meta property=\"og:url\" content=\"https:\/\/softplaysupply.com\/pt\/produto\/all-in-one-ball-pit-washing-ball-cleaning-machine\/\" \/>\n<meta property=\"og:site_name\" content=\"Nanpak\" \/>\n<meta property=\"article:modified_time\" content=\"2025-12-15T05:52:39+00:00\" \/>\n<meta property=\"og:image\" content=\"https:\/\/softplaysupply.com\/wp-content\/uploads\/2025\/12\/ball-pit-cleaning-machine-5.jpg\" \/>\n\t<meta property=\"og:image:width\" content=\"750\" \/>\n\t<meta property=\"og:image:height\" content=\"750\" \/>\n\t<meta property=\"og:image:type\" content=\"image\/jpeg\" \/>\n<meta name=\"twitter:card\" content=\"summary_large_image\" \/>\n<meta name=\"twitter:label1\" content=\"Tempo estimado de leitura\" \/>\n\t<meta name=\"twitter:data1\" content=\"4 minutos\" \/>\n<script type=\"application\/ld+json\" class=\"yoast-schema-graph\">{\"@context\":\"https:\/\/schema.org\",\"@graph\":[{\"@type\":\"WebPage\",\"@id\":\"https:\/\/softplaysupply.com\/product\/all-in-one-ball-pit-washing-ball-cleaning-machine\/\",\"url\":\"https:\/\/softplaysupply.com\/product\/all-in-one-ball-pit-washing-ball-cleaning-machine\/\",\"name\":\"Multi-Functional All In One Ball Pit Washing Ball Cleaning Machine\",\"isPartOf\":{\"@id\":\"https:\/\/softplaysupply.com\/#website\"},\"primaryImageOfPage\":{\"@id\":\"https:\/\/softplaysupply.com\/product\/all-in-one-ball-pit-washing-ball-cleaning-machine\/#primaryimage\"},\"image\":{\"@id\":\"https:\/\/softplaysupply.com\/product\/all-in-one-ball-pit-washing-ball-cleaning-machine\/#primaryimage\"},\"thumbnailUrl\":\"https:\/\/softplaysupply.com\/wp-content\/uploads\/2025\/12\/ball-pit-cleaning-machine-5.jpg\",\"datePublished\":\"2025-12-15T04:50:49+00:00\",\"dateModified\":\"2025-12-15T05:52:39+00:00\",\"description\":\"Multi-Functional all in one ball pit washing ball cleaning machine reduce labor costs and improve hygiene with our automatic ball pit washing machine. Features 360\u00b0 soft brush cleaning, blue light sterilization, smart touch screen, and fast ROI for commercial venues.\",\"breadcrumb\":{\"@id\":\"https:\/\/softplaysupply.com\/product\/all-in-one-ball-pit-washing-ball-cleaning-machine\/#breadcrumb\"},\"inLanguage\":\"pt-PT\",\"potentialAction\":[{\"@type\":\"ReadAction\",\"target\":[\"https:\/\/softplaysupply.com\/product\/all-in-one-ball-pit-washing-ball-cleaning-machine\/\"]}]},{\"@type\":\"ImageObject\",\"inLanguage\":\"pt-PT\",\"@id\":\"https:\/\/softplaysupply.com\/product\/all-in-one-ball-pit-washing-ball-cleaning-machine\/#primaryimage\",\"url\":\"https:\/\/softplaysupply.com\/wp-content\/uploads\/2025\/12\/ball-pit-cleaning-machine-5.jpg\",\"contentUrl\":\"https:\/\/softplaysupply.com\/wp-content\/uploads\/2025\/12\/ball-pit-cleaning-machine-5.jpg\",\"width\":750,\"height\":750,\"caption\":\"ball pit cleaning machine\"},{\"@type\":\"BreadcrumbList\",\"@id\":\"https:\/\/softplaysupply.com\/product\/all-in-one-ball-pit-washing-ball-cleaning-machine\/#breadcrumb\",\"itemListElement\":[{\"@type\":\"ListItem\",\"position\":1,\"name\":\"Home\",\"item\":\"https:\/\/softplaysupply.com\/\"},{\"@type\":\"ListItem\",\"position\":2,\"name\":\"Indoor Playground Equipment\",\"item\":\"https:\/\/softplaysupply.com\/pcategory\/indoor-playground-equipment\/\"},{\"@type\":\"ListItem\",\"position\":3,\"name\":\"Multi-Functional All In One Ball Pit Washing Ball Cleaning Machine\"}]},{\"@type\":\"WebSite\",\"@id\":\"https:\/\/softplaysupply.com\/#website\",\"url\":\"https:\/\/softplaysupply.com\/\",\"name\":\"Soft Play Supplier\",\"description\":\"Soft Play Supplier\",\"publisher\":{\"@id\":\"https:\/\/softplaysupply.com\/#organization\"},\"potentialAction\":[{\"@type\":\"SearchAction\",\"target\":{\"@type\":\"EntryPoint\",\"urlTemplate\":\"https:\/\/softplaysupply.com\/?s={search_term_string}\"},\"query-input\":{\"@type\":\"PropertyValueSpecification\",\"valueRequired\":true,\"valueName\":\"search_term_string\"}}],\"inLanguage\":\"pt-PT\"},{\"@type\":\"Organization\",\"@id\":\"https:\/\/softplaysupply.com\/#organization\",\"name\":\"Nanpak\",\"url\":\"https:\/\/softplaysupply.com\/\",\"logo\":{\"@type\":\"ImageObject\",\"inLanguage\":\"pt-PT\",\"@id\":\"https:\/\/softplaysupply.com\/#\/schema\/logo\/image\/\",\"url\":\"https:\/\/softplaysupply.com\/wp-content\/uploads\/2025\/12\/cropped-mobile-logo.png\",\"contentUrl\":\"https:\/\/softplaysupply.com\/wp-content\/uploads\/2025\/12\/cropped-mobile-logo.png\",\"width\":263,\"height\":84,\"caption\":\"Nanpak\"},\"image\":{\"@id\":\"https:\/\/softplaysupply.com\/#\/schema\/logo\/image\/\"}}]}<\/script>\n<!-- \/ Yoast SEO plugin. -->","yoast_head_json":{"title":"M\u00e1quina multifuncional para lavagem e limpeza de bolas para piscinas de bolinhas","description":"A m\u00e1quina multifuncional de lavagem e limpeza de bolas para piscinas de bolas reduz os custos de m\u00e3o de obra e melhora a higiene com a nossa m\u00e1quina autom\u00e1tica de lavagem de piscinas de bolas. Possui limpeza com escova macia de 360\u00b0, esteriliza\u00e7\u00e3o com luz azul, ecr\u00e3 t\u00e1til inteligente e r\u00e1pido retorno do investimento para locais comerciais.","robots":{"index":"index","follow":"follow","max-snippet":"max-snippet:-1","max-image-preview":"max-image-preview:large","max-video-preview":"max-video-preview:-1"},"canonical":"https:\/\/softplaysupply.com\/pt\/produto\/all-in-one-ball-pit-washing-ball-cleaning-machine\/","og_locale":"pt_PT","og_type":"article","og_title":"Multi-Functional All In One Ball Pit Washing Ball Cleaning Machine","og_description":"Multi-Functional all in one ball pit washing ball cleaning machine reduce labor costs and improve hygiene with our automatic ball pit washing machine. Features 360\u00b0 soft brush cleaning, blue light sterilization, smart touch screen, and fast ROI for commercial venues.","og_url":"https:\/\/softplaysupply.com\/pt\/produto\/all-in-one-ball-pit-washing-ball-cleaning-machine\/","og_site_name":"Nanpak","article_modified_time":"2025-12-15T05:52:39+00:00","og_image":[{"width":750,"height":750,"url":"https:\/\/softplaysupply.com\/wp-content\/uploads\/2025\/12\/ball-pit-cleaning-machine-5.jpg","type":"image\/jpeg"}],"twitter_card":"summary_large_image","twitter_misc":{"Tempo estimado de leitura":"4 minutos"},"schema":{"@context":"https:\/\/schema.org","@graph":[{"@type":"WebPage","@id":"https:\/\/softplaysupply.com\/product\/all-in-one-ball-pit-washing-ball-cleaning-machine\/","url":"https:\/\/softplaysupply.com\/product\/all-in-one-ball-pit-washing-ball-cleaning-machine\/","name":"M\u00e1quina multifuncional para lavagem e limpeza de bolas para piscinas de bolinhas","isPartOf":{"@id":"https:\/\/softplaysupply.com\/#website"},"primaryImageOfPage":{"@id":"https:\/\/softplaysupply.com\/product\/all-in-one-ball-pit-washing-ball-cleaning-machine\/#primaryimage"},"image":{"@id":"https:\/\/softplaysupply.com\/product\/all-in-one-ball-pit-washing-ball-cleaning-machine\/#primaryimage"},"thumbnailUrl":"https:\/\/softplaysupply.com\/wp-content\/uploads\/2025\/12\/ball-pit-cleaning-machine-5.jpg","datePublished":"2025-12-15T04:50:49+00:00","dateModified":"2025-12-15T05:52:39+00:00","description":"A m\u00e1quina multifuncional de lavagem e limpeza de bolas para piscinas de bolas reduz os custos de m\u00e3o de obra e melhora a higiene com a nossa m\u00e1quina autom\u00e1tica de lavagem de piscinas de bolas. Possui limpeza com escova macia de 360\u00b0, esteriliza\u00e7\u00e3o com luz azul, ecr\u00e3 t\u00e1til inteligente e r\u00e1pido retorno do investimento para locais comerciais.","breadcrumb":{"@id":"https:\/\/softplaysupply.com\/product\/all-in-one-ball-pit-washing-ball-cleaning-machine\/#breadcrumb"},"inLanguage":"pt-PT","potentialAction":[{"@type":"ReadAction","target":["https:\/\/softplaysupply.com\/product\/all-in-one-ball-pit-washing-ball-cleaning-machine\/"]}]},{"@type":"ImageObject","inLanguage":"pt-PT","@id":"https:\/\/softplaysupply.com\/product\/all-in-one-ball-pit-washing-ball-cleaning-machine\/#primaryimage","url":"https:\/\/softplaysupply.com\/wp-content\/uploads\/2025\/12\/ball-pit-cleaning-machine-5.jpg","contentUrl":"https:\/\/softplaysupply.com\/wp-content\/uploads\/2025\/12\/ball-pit-cleaning-machine-5.jpg","width":750,"height":750,"caption":"ball pit cleaning machine"},{"@type":"BreadcrumbList","@id":"https:\/\/softplaysupply.com\/product\/all-in-one-ball-pit-washing-ball-cleaning-machine\/#breadcrumb","itemListElement":[{"@type":"ListItem","position":1,"name":"Home","item":"https:\/\/softplaysupply.com\/"},{"@type":"ListItem","position":2,"name":"Indoor Playground Equipment","item":"https:\/\/softplaysupply.com\/pcategory\/indoor-playground-equipment\/"},{"@type":"ListItem","position":3,"name":"Multi-Functional All In One Ball Pit Washing Ball Cleaning Machine"}]},{"@type":"WebSite","@id":"https:\/\/softplaysupply.com\/#website","url":"https:\/\/softplaysupply.com\/","name":"Fornecedor de brinquedos macios","description":"Fornecedor de brinquedos macios","publisher":{"@id":"https:\/\/softplaysupply.com\/#organization"},"potentialAction":[{"@type":"SearchAction","target":{"@type":"EntryPoint","urlTemplate":"https:\/\/softplaysupply.com\/?s={search_term_string}"},"query-input":{"@type":"PropertyValueSpecification","valueRequired":true,"valueName":"search_term_string"}}],"inLanguage":"pt-PT"},{"@type":"Organization","@id":"https:\/\/softplaysupply.com\/#organization","name":"Nanpak","url":"https:\/\/softplaysupply.com\/","logo":{"@type":"ImageObject","inLanguage":"pt-PT","@id":"https:\/\/softplaysupply.com\/#\/schema\/logo\/image\/","url":"https:\/\/softplaysupply.com\/wp-content\/uploads\/2025\/12\/cropped-mobile-logo.png","contentUrl":"https:\/\/softplaysupply.com\/wp-content\/uploads\/2025\/12\/cropped-mobile-logo.png","width":263,"height":84,"caption":"Nanpak"},"image":{"@id":"https:\/\/softplaysupply.com\/#\/schema\/logo\/image\/"}}]}},"taxonomy_info":{"pcategory":[{"value":5,"label":"Indoor Playground Equipment"}]},"featured_image_src_large":["https:\/\/softplaysupply.com\/wp-content\/uploads\/2025\/12\/ball-pit-cleaning-machine-5.jpg",750,750,false],"author_info":[],"comment_info":"","_links":{"self":[{"href":"https:\/\/softplaysupply.com\/pt\/wp-json\/wp\/v2\/product\/3343","targetHints":{"allow":["GET"]}}],"collection":[{"href":"https:\/\/softplaysupply.com\/pt\/wp-json\/wp\/v2\/product"}],"about":[{"href":"https:\/\/softplaysupply.com\/pt\/wp-json\/wp\/v2\/types\/product"}],"wp:featuredmedia":[{"embeddable":true,"href":"https:\/\/softplaysupply.com\/pt\/wp-json\/wp\/v2\/media\/3351"}],"wp:attachment":[{"href":"https:\/\/softplaysupply.com\/pt\/wp-json\/wp\/v2\/media?parent=3343"}],"wp:term":[{"taxonomy":"pcategory","embeddable":true,"href":"https:\/\/softplaysupply.com\/pt\/wp-json\/wp\/v2\/pcategory?post=3343"},{"taxonomy":"ptag","embeddable":true,"href":"https:\/\/softplaysupply.com\/pt\/wp-json\/wp\/v2\/ptag?post=3343"}],"curies":[{"name":"wp","href":"https:\/\/api.w.org\/{rel}","templated":true}]}}