{"id":4920,"date":"2026-03-30T12:33:00","date_gmt":"2026-03-30T12:33:00","guid":{"rendered":"https:\/\/softplaysupply.com\/?post_type=product&#038;p=4920"},"modified":"2026-03-09T04:38:49","modified_gmt":"2026-03-09T04:38:49","slug":"interactive-wall-tube-games-with-light-panel-ball-pool","status":"publish","type":"product","link":"https:\/\/softplaysupply.com\/pl\/produkt\/interactive-wall-tube-games-with-light-panel-ball-pool\/","title":{"rendered":"Fioletowe interaktywne gry \u015bcienne dla dzieci z panelem \u015bwietlnym Basen z pi\u0142eczkami do centrum handlowego Play Cafe Mall"},"content":{"rendered":"<div style=\"margin: auto; background: #ffffff; padding: 35px; border-radius: 12px; box-shadow: 0 6px 18px rgba(0,0,0,0.08);\">\n<p>Purple Kids Sensory Interactive Wall Tube Games with Light Panel Ball Pool for Play Cafe Mall to nowoczesne rozwi\u0105zanie do zabawy sensorycznej zaprojektowane w celu po\u0142\u0105czenia interaktywnej nauki, aktywno\u015bci fizycznej i stymulacji wizualnej w komercyjnych wn\u0119trzach plac\u00f3w zabaw. Wyposa\u017cony w \u017cyw\u0105 fioletow\u0105 estetyk\u0119, przezroczyste \u015bcie\u017cki rurowe, pod\u015bwietlane panele aktywno\u015bci i wci\u0105gaj\u0105cy basen z pi\u0142eczkami, system ten tworzy wci\u0105gaj\u0105ce wra\u017cenia z zabawy, kt\u00f3re przyci\u0105gaj\u0105 dzieci, jednocze\u015bnie zwi\u0119kszaj\u0105c atrakcyjno\u015b\u0107 miejsca.<\/p>\n<p>Zaprojektowany z my\u015bl\u0105 o maluchach i ma\u0142ych dzieciach, ten interaktywny plac zabaw zach\u0119ca do eksploracji poprzez ruch, dotyk i reakcje wizualne. Kompaktowy uk\u0142ad oparty na \u015bcianach maksymalizuje powierzchni\u0119 u\u017cytkow\u0105, dzi\u0119ki czemu jest idealnym dodatkiem do kawiarni, centr\u00f3w handlowych i rodzinnych centr\u00f3w rozrywki poszukuj\u0105cych wysokiej warto\u015bci zabawy na ograniczonej powierzchni.<\/p>\n<p><img loading=\"lazy\" decoding=\"async\" class=\"alignnone size-full wp-image-4927\" src=\"https:\/\/softplaysupply.com\/wp-content\/uploads\/2026\/08\/Purple-Interactive-Wall-Tube-Games-with-Ball-Pool-1.jpg\" alt=\"\" width=\"800\" height=\"800\" srcset=\"https:\/\/softplaysupply.com\/wp-content\/uploads\/2026\/08\/Purple-Interactive-Wall-Tube-Games-with-Ball-Pool-1.jpg 800w, https:\/\/softplaysupply.com\/wp-content\/uploads\/2026\/08\/Purple-Interactive-Wall-Tube-Games-with-Ball-Pool-1-300x300.jpg 300w, https:\/\/softplaysupply.com\/wp-content\/uploads\/2026\/08\/Purple-Interactive-Wall-Tube-Games-with-Ball-Pool-1-150x150.jpg 150w, https:\/\/softplaysupply.com\/wp-content\/uploads\/2026\/08\/Purple-Interactive-Wall-Tube-Games-with-Ball-Pool-1-768x768.jpg 768w, https:\/\/softplaysupply.com\/wp-content\/uploads\/2026\/08\/Purple-Interactive-Wall-Tube-Games-with-Ball-Pool-1-12x12.jpg 12w\" sizes=\"auto, (max-width: 800px) 100vw, 800px\" \/> <img loading=\"lazy\" decoding=\"async\" class=\"alignnone size-full wp-image-4929\" src=\"https:\/\/softplaysupply.com\/wp-content\/uploads\/2026\/08\/Purple-Interactive-Wall-Tube-Games-with-Ball-Pool-3-1.jpg\" alt=\"\" width=\"800\" height=\"800\" srcset=\"https:\/\/softplaysupply.com\/wp-content\/uploads\/2026\/08\/Purple-Interactive-Wall-Tube-Games-with-Ball-Pool-3-1.jpg 800w, https:\/\/softplaysupply.com\/wp-content\/uploads\/2026\/08\/Purple-Interactive-Wall-Tube-Games-with-Ball-Pool-3-1-300x300.jpg 300w, https:\/\/softplaysupply.com\/wp-content\/uploads\/2026\/08\/Purple-Interactive-Wall-Tube-Games-with-Ball-Pool-3-1-150x150.jpg 150w, https:\/\/softplaysupply.com\/wp-content\/uploads\/2026\/08\/Purple-Interactive-Wall-Tube-Games-with-Ball-Pool-3-1-768x768.jpg 768w, https:\/\/softplaysupply.com\/wp-content\/uploads\/2026\/08\/Purple-Interactive-Wall-Tube-Games-with-Ball-Pool-3-1-12x12.jpg 12w\" sizes=\"auto, (max-width: 800px) 100vw, 800px\" \/> <img loading=\"lazy\" decoding=\"async\" class=\"alignnone size-full wp-image-4928\" src=\"https:\/\/softplaysupply.com\/wp-content\/uploads\/2026\/08\/Purple-Interactive-Wall-Tube-Games-with-Ball-Pool-2-1.jpg\" alt=\"\" width=\"800\" height=\"800\" srcset=\"https:\/\/softplaysupply.com\/wp-content\/uploads\/2026\/08\/Purple-Interactive-Wall-Tube-Games-with-Ball-Pool-2-1.jpg 800w, https:\/\/softplaysupply.com\/wp-content\/uploads\/2026\/08\/Purple-Interactive-Wall-Tube-Games-with-Ball-Pool-2-1-300x300.jpg 300w, https:\/\/softplaysupply.com\/wp-content\/uploads\/2026\/08\/Purple-Interactive-Wall-Tube-Games-with-Ball-Pool-2-1-150x150.jpg 150w, https:\/\/softplaysupply.com\/wp-content\/uploads\/2026\/08\/Purple-Interactive-Wall-Tube-Games-with-Ball-Pool-2-1-768x768.jpg 768w, https:\/\/softplaysupply.com\/wp-content\/uploads\/2026\/08\/Purple-Interactive-Wall-Tube-Games-with-Ball-Pool-2-1-12x12.jpg 12w\" sizes=\"auto, (max-width: 800px) 100vw, 800px\" \/> <img loading=\"lazy\" decoding=\"async\" class=\"alignnone size-full wp-image-4930\" src=\"https:\/\/softplaysupply.com\/wp-content\/uploads\/2026\/08\/Purple-Interactive-Wall-Tube-Games-with-Ball-Pool-4-1.jpg\" alt=\"\" width=\"800\" height=\"800\" srcset=\"https:\/\/softplaysupply.com\/wp-content\/uploads\/2026\/08\/Purple-Interactive-Wall-Tube-Games-with-Ball-Pool-4-1.jpg 800w, https:\/\/softplaysupply.com\/wp-content\/uploads\/2026\/08\/Purple-Interactive-Wall-Tube-Games-with-Ball-Pool-4-1-300x300.jpg 300w, https:\/\/softplaysupply.com\/wp-content\/uploads\/2026\/08\/Purple-Interactive-Wall-Tube-Games-with-Ball-Pool-4-1-150x150.jpg 150w, https:\/\/softplaysupply.com\/wp-content\/uploads\/2026\/08\/Purple-Interactive-Wall-Tube-Games-with-Ball-Pool-4-1-768x768.jpg 768w, https:\/\/softplaysupply.com\/wp-content\/uploads\/2026\/08\/Purple-Interactive-Wall-Tube-Games-with-Ball-Pool-4-1-12x12.jpg 12w\" sizes=\"auto, (max-width: 800px) 100vw, 800px\" \/> <img loading=\"lazy\" decoding=\"async\" class=\"alignnone size-full wp-image-4931\" src=\"https:\/\/softplaysupply.com\/wp-content\/uploads\/2026\/08\/Purple-Interactive-Wall-Tube-Games-with-Ball-Pool-5-1.jpg\" alt=\"\" width=\"800\" height=\"800\" srcset=\"https:\/\/softplaysupply.com\/wp-content\/uploads\/2026\/08\/Purple-Interactive-Wall-Tube-Games-with-Ball-Pool-5-1.jpg 800w, https:\/\/softplaysupply.com\/wp-content\/uploads\/2026\/08\/Purple-Interactive-Wall-Tube-Games-with-Ball-Pool-5-1-300x300.jpg 300w, https:\/\/softplaysupply.com\/wp-content\/uploads\/2026\/08\/Purple-Interactive-Wall-Tube-Games-with-Ball-Pool-5-1-150x150.jpg 150w, https:\/\/softplaysupply.com\/wp-content\/uploads\/2026\/08\/Purple-Interactive-Wall-Tube-Games-with-Ball-Pool-5-1-768x768.jpg 768w, https:\/\/softplaysupply.com\/wp-content\/uploads\/2026\/08\/Purple-Interactive-Wall-Tube-Games-with-Ball-Pool-5-1-12x12.jpg 12w\" sizes=\"auto, (max-width: 800px) 100vw, 800px\" \/><\/p>\n<p style=\"font-weight: bold; color: #5a3fb0; font-size: 18px;\">Kluczowe cechy<\/p>\n<p><span style=\"color: #6a4bc3; font-weight: bold;\">Interaktywne sensoryczne gry \u015bcienne<\/span><br \/>\nZintegrowane panele aktywno\u015bci promuj\u0105 koordynacj\u0119 r\u0119ka-oko, umiej\u0119tno\u015bci rozwi\u0105zywania problem\u00f3w i rozw\u00f3j sensoryczny poprzez interakcj\u0119 opart\u0105 na dotyku.<\/p>\n<p><span style=\"color: #6a4bc3; font-weight: bold;\">System przezroczystych rurek<\/span><br \/>\nPrzezroczyste rury do pe\u0142zania umo\u017cliwiaj\u0105 dzieciom bezpieczne wspinanie si\u0119, pe\u0142zanie i eksploracj\u0119 przy zachowaniu pe\u0142nej widoczno\u015bci dla nadzoru.<\/p>\n<p><span style=\"color: #6a4bc3; font-weight: bold;\">Do\u015bwiadczenie z panelami \u015bwietlnymi LED<\/span><br \/>\nMi\u0119kkie elementy o\u015bwietleniowe zwi\u0119kszaj\u0105 stymulacj\u0119 wizualn\u0105 i tworz\u0105 wci\u0105gaj\u0105c\u0105 atmosfer\u0119 bez ostrego ol\u015bnienia lub ciep\u0142a.<\/p>\n<p><span style=\"color: #6a4bc3; font-weight: bold;\">Strefa gry w bilard<\/span><br \/>\nWygodna strefa do gry w pi\u0142k\u0119 zach\u0119ca m\u0142odsze dzieci do aktywnej zabawy, interakcji spo\u0142ecznych i zaanga\u017cowania sensorycznego.<\/p>\n<p><span style=\"color: #6a4bc3; font-weight: bold;\">Efektywna przestrzennie konstrukcja pionowa<\/span><br \/>\nKompaktowa konstrukcja do monta\u017cu na\u015bciennego optymalizuje uk\u0142ady wewn\u0105trz pomieszcze\u0144, idealnie sprawdzaj\u0105c si\u0119 w obiektach komercyjnych o ograniczonej powierzchni.<\/p>\n<p style=\"font-weight: bold; color: #5a3fb0; font-size: 18px;\">Zastosowania<\/p>\n<p>Doskonale nadaje si\u0119 do szerokiej gamy \u015brodowisk komercyjnych i edukacyjnych:<\/p>\n<ul style=\"color: #444444;\">\n<li>Kawiarnie i kryte place zabaw dla dzieci<\/li>\n<li>Strefy aktywno\u015bci dla dzieci w centrach handlowych<\/li>\n<li>Rodzinne centra rozrywki (FEC)<\/li>\n<li>Przestrzenie do zabawy w \u017c\u0142obkach i przedszkolach<\/li>\n<li>O\u015brodki wczesnej edukacji i rozwoju sensorycznego<\/li>\n<li>Muzea dla dzieci i strefy interaktywne<\/li>\n<li>Miejsca oczekiwania w obiektach komercyjnych<\/li>\n<\/ul>\n<p>Ten sensoryczny plac zabaw wyd\u0142u\u017ca czas przebywania klient\u00f3w, jednocze\u015bnie tworz\u0105c niezapomniane miejsce przyjazne rodzinom.<\/p>\n<p style=\"font-weight: bold; color: #5a3fb0; font-size: 18px;\">Opcje dostosowywania<\/p>\n<p>Elastyczne us\u0142ugi OEM i ODM umo\u017cliwiaj\u0105 pe\u0142n\u0105 personalizacj\u0119 projektu:<\/p>\n<ul style=\"color: #444444;\">\n<li>Niestandardowe motywy kolorystyczne i efekty \u015bwietlne<\/li>\n<li>Dostosowanie uk\u0142adu i rozmiaru w oparciu o wymiary obiektu<\/li>\n<li>Branding logo i integracja grafiki tematycznej<\/li>\n<li>Konfiguracje rurek i wyb\u00f3r panelu aktywno\u015bci<\/li>\n<li>Dostosowanie rozmiaru i koloru puli pi\u0142ek<\/li>\n<li>Profesjonalne wsparcie w zakresie projektowania 3D i planowania projekt\u00f3w<\/li>\n<\/ul>\n<p>Indywidualne rozwi\u0105zania pomagaj\u0105 operatorom dostosowa\u0107 projekt placu zabaw do koncepcji marki i cel\u00f3w biznesowych.<\/p>\n<p style=\"font-weight: bold; color: #5a3fb0; font-size: 18px;\">Bezpiecze\u0144stwo i normy materia\u0142owe<\/p>\n<p>Zaprojektowany z my\u015bl\u0105 o bezpiecznej pracy komercyjnej i d\u0142ugoterminowej trwa\u0142o\u015bci:<\/p>\n<ul style=\"color: #444444;\">\n<li>Nietoksyczne, bezpieczne dla dzieci materia\u0142y zgodne z mi\u0119dzynarodowymi standardami<\/li>\n<li>G\u0142adkie, zaokr\u0105glone kraw\u0119dzie i zamkni\u0119te struktury rurowe<\/li>\n<li>Wy\u015bci\u00f3\u0142ka z pianki o wysokiej g\u0119sto\u015bci w obszarach uderzenia<\/li>\n<li>Stabilna, wzmocniona rama do intensywnego codziennego u\u017cytkowania<\/li>\n<li>Niskonapi\u0119ciowe o\u015bwietlenie LED dla bezpiecznej interakcji<\/li>\n<li>\u0141atwe w czyszczeniu powierzchnie u\u0142atwiaj\u0105ce higieniczn\u0105 konserwacj\u0119<\/li>\n<\/ul>\n<p>Ka\u017cdy szczeg\u00f3\u0142 zosta\u0142 zaprojektowany tak, aby zapewni\u0107 bezpieczne i wygodne \u015brodowisko dla dzieci, zapewniaj\u0105c jednocze\u015bnie niezawodno\u015b\u0107 dla operator\u00f3w.<\/p>\n<div style=\"width: 1280px;\" class=\"wp-video\"><video class=\"wp-video-shortcode\" id=\"video-4920-1\" width=\"1280\" height=\"720\" preload=\"metadata\" controls=\"controls\"><source type=\"video\/mp4\" src=\"https:\/\/softplaysupply.com\/wp-content\/uploads\/2026\/08\/Purple-Interactive-Wall-Tube-Games-with-Ball-Pool-1.mp4?_=1\" \/><a href=\"https:\/\/softplaysupply.com\/wp-content\/uploads\/2026\/08\/Purple-Interactive-Wall-Tube-Games-with-Ball-Pool-1.mp4\">https:\/\/softplaysupply.com\/wp-content\/uploads\/2026\/08\/Purple-Interactive-Wall-Tube-Games-with-Ball-Pool-1.mp4<\/a><\/video><\/div>\n<p style=\"font-weight: bold; color: #5a3fb0; font-size: 18px;\">Zapytanie teraz<\/p>\n<p>Ulepsz swoj\u0105 kawiarni\u0119 lub plac zabaw w centrum handlowym dzi\u0119ki interaktywnemu sensorycznemu placowi zabaw, kt\u00f3ry \u0142\u0105czy ruch, nauk\u0119 i wizualne emocje.<\/p>\n<\/div>","protected":false},"excerpt":{"rendered":"<p>Purple Kids Sensory Interactive Wall Tube Games with Light Panel Ball Pool for Play Cafe Mall to nowoczesne rozwi\u0105zanie do zabawy sensorycznej zaprojektowane w celu po\u0142\u0105czenia interaktywnej nauki, aktywno\u015bci fizycznej i stymulacji wizualnej w komercyjnych wn\u0119trzach plac\u00f3w zabaw. Charakteryzuj\u0105cy si\u0119 \u017cyw\u0105 fioletow\u0105 estetyk\u0105, przezroczystymi \u015bcie\u017ckami rurowymi, pod\u015bwietlanymi panelami aktywno\u015bci i wci\u0105gaj\u0105cym basenem z pi\u0142eczkami, system ten...<\/p>","protected":false},"featured_media":4927,"parent":0,"template":"","meta":{"_acf_changed":false,"_kad_blocks_custom_css":"","_kad_blocks_head_custom_js":"","_kad_blocks_body_custom_js":"","_kad_blocks_footer_custom_js":"","_kadence_starter_templates_imported_post":false,"_kad_post_transparent":"default","_kad_post_title":"","_kad_post_layout":"default","_kad_post_sidebar_id":"","_kad_post_content_style":"default","_kad_post_vertical_padding":"default","_kad_post_feature":"","_kad_post_feature_position":"","_kad_post_header":false,"_kad_post_footer":false},"pcategory":[5,17],"ptag":[],"class_list":["post-4920","product","type-product","status-publish","has-post-thumbnail","hentry","pcategory-indoor-playground-equipment","pcategory-interactive-ball-wall-games"],"acf":[],"yoast_head":"<!-- This site is optimized with the Yoast SEO plugin v26.8 - https:\/\/yoast.com\/product\/yoast-seo-wordpress\/ -->\n<title>Purple Kids Sensory Interactive Wall Tube Games with Light Panel Ball Pool for Play Cafe Mall<\/title>\n<meta name=\"robots\" content=\"index, follow, max-snippet:-1, max-image-preview:large, max-video-preview:-1\" \/>\n<link rel=\"canonical\" href=\"https:\/\/softplaysupply.com\/pl\/produkt\/interactive-wall-tube-games-with-light-panel-ball-pool\/\" \/>\n<meta property=\"og:locale\" content=\"pl_PL\" \/>\n<meta property=\"og:type\" content=\"article\" \/>\n<meta property=\"og:title\" content=\"Purple Kids Sensory Interactive Wall Tube Games with Light Panel Ball Pool for Play Cafe Mall\" \/>\n<meta property=\"og:description\" content=\"Purple Kids Sensory Interactive Wall Tube Games with Light Panel Ball Pool for Play Cafe Mall is a modern sensory play solution designed to combine interactive learning, physical activity, and visual stimulation within commercial indoor playground environments. Featuring vibrant purple-themed aesthetics, transparent tube pathways, illuminated activity panels, and an engaging ball pool area, this system...\" \/>\n<meta property=\"og:url\" content=\"https:\/\/softplaysupply.com\/pl\/produkt\/interactive-wall-tube-games-with-light-panel-ball-pool\/\" \/>\n<meta property=\"og:site_name\" content=\"Nanpak\" \/>\n<meta property=\"og:image\" content=\"https:\/\/softplaysupply.com\/wp-content\/uploads\/2026\/08\/Purple-Interactive-Wall-Tube-Games-with-Ball-Pool-1.jpg\" \/>\n\t<meta property=\"og:image:width\" content=\"800\" \/>\n\t<meta property=\"og:image:height\" content=\"800\" \/>\n\t<meta property=\"og:image:type\" content=\"image\/jpeg\" \/>\n<meta name=\"twitter:card\" content=\"summary_large_image\" \/>\n<meta name=\"twitter:label1\" content=\"Szacowany czas czytania\" \/>\n\t<meta name=\"twitter:data1\" content=\"4 minuty\" \/>\n<script type=\"application\/ld+json\" class=\"yoast-schema-graph\">{\"@context\":\"https:\/\/schema.org\",\"@graph\":[{\"@type\":\"WebPage\",\"@id\":\"https:\/\/softplaysupply.com\/product\/interactive-wall-tube-games-with-light-panel-ball-pool\/\",\"url\":\"https:\/\/softplaysupply.com\/product\/interactive-wall-tube-games-with-light-panel-ball-pool\/\",\"name\":\"Purple Kids Sensory Interactive Wall Tube Games with Light Panel Ball Pool for Play Cafe Mall\",\"isPartOf\":{\"@id\":\"https:\/\/softplaysupply.com\/#website\"},\"primaryImageOfPage\":{\"@id\":\"https:\/\/softplaysupply.com\/product\/interactive-wall-tube-games-with-light-panel-ball-pool\/#primaryimage\"},\"image\":{\"@id\":\"https:\/\/softplaysupply.com\/product\/interactive-wall-tube-games-with-light-panel-ball-pool\/#primaryimage\"},\"thumbnailUrl\":\"https:\/\/softplaysupply.com\/wp-content\/uploads\/2026\/08\/Purple-Interactive-Wall-Tube-Games-with-Ball-Pool-1.jpg\",\"datePublished\":\"2026-03-30T12:33:00+00:00\",\"breadcrumb\":{\"@id\":\"https:\/\/softplaysupply.com\/product\/interactive-wall-tube-games-with-light-panel-ball-pool\/#breadcrumb\"},\"inLanguage\":\"pl-PL\",\"potentialAction\":[{\"@type\":\"ReadAction\",\"target\":[\"https:\/\/softplaysupply.com\/product\/interactive-wall-tube-games-with-light-panel-ball-pool\/\"]}]},{\"@type\":\"ImageObject\",\"inLanguage\":\"pl-PL\",\"@id\":\"https:\/\/softplaysupply.com\/product\/interactive-wall-tube-games-with-light-panel-ball-pool\/#primaryimage\",\"url\":\"https:\/\/softplaysupply.com\/wp-content\/uploads\/2026\/08\/Purple-Interactive-Wall-Tube-Games-with-Ball-Pool-1.jpg\",\"contentUrl\":\"https:\/\/softplaysupply.com\/wp-content\/uploads\/2026\/08\/Purple-Interactive-Wall-Tube-Games-with-Ball-Pool-1.jpg\",\"width\":800,\"height\":800},{\"@type\":\"BreadcrumbList\",\"@id\":\"https:\/\/softplaysupply.com\/product\/interactive-wall-tube-games-with-light-panel-ball-pool\/#breadcrumb\",\"itemListElement\":[{\"@type\":\"ListItem\",\"position\":1,\"name\":\"Home\",\"item\":\"https:\/\/softplaysupply.com\/\"},{\"@type\":\"ListItem\",\"position\":2,\"name\":\"Interactive Ball Wall Games\",\"item\":\"https:\/\/softplaysupply.com\/pcategory\/interactive-ball-wall-games\/\"},{\"@type\":\"ListItem\",\"position\":3,\"name\":\"Purple Kids Sensory Interactive Wall Tube Games with Light Panel Ball Pool for Play Cafe Mall\"}]},{\"@type\":\"WebSite\",\"@id\":\"https:\/\/softplaysupply.com\/#website\",\"url\":\"https:\/\/softplaysupply.com\/\",\"name\":\"Soft Play Supplier\",\"description\":\"Soft Play Supplier\",\"publisher\":{\"@id\":\"https:\/\/softplaysupply.com\/#organization\"},\"potentialAction\":[{\"@type\":\"SearchAction\",\"target\":{\"@type\":\"EntryPoint\",\"urlTemplate\":\"https:\/\/softplaysupply.com\/?s={search_term_string}\"},\"query-input\":{\"@type\":\"PropertyValueSpecification\",\"valueRequired\":true,\"valueName\":\"search_term_string\"}}],\"inLanguage\":\"pl-PL\"},{\"@type\":\"Organization\",\"@id\":\"https:\/\/softplaysupply.com\/#organization\",\"name\":\"Nanpak\",\"url\":\"https:\/\/softplaysupply.com\/\",\"logo\":{\"@type\":\"ImageObject\",\"inLanguage\":\"pl-PL\",\"@id\":\"https:\/\/softplaysupply.com\/#\/schema\/logo\/image\/\",\"url\":\"https:\/\/softplaysupply.com\/wp-content\/uploads\/2025\/12\/cropped-mobile-logo.png\",\"contentUrl\":\"https:\/\/softplaysupply.com\/wp-content\/uploads\/2025\/12\/cropped-mobile-logo.png\",\"width\":263,\"height\":84,\"caption\":\"Nanpak\"},\"image\":{\"@id\":\"https:\/\/softplaysupply.com\/#\/schema\/logo\/image\/\"}}]}<\/script>\n<!-- \/ Yoast SEO plugin. -->","yoast_head_json":{"title":"Fioletowe interaktywne gry \u015bcienne dla dzieci z panelem \u015bwietlnym Basen z pi\u0142eczkami do centrum handlowego Play Cafe Mall","robots":{"index":"index","follow":"follow","max-snippet":"max-snippet:-1","max-image-preview":"max-image-preview:large","max-video-preview":"max-video-preview:-1"},"canonical":"https:\/\/softplaysupply.com\/pl\/produkt\/interactive-wall-tube-games-with-light-panel-ball-pool\/","og_locale":"pl_PL","og_type":"article","og_title":"Purple Kids Sensory Interactive Wall Tube Games with Light Panel Ball Pool for Play Cafe Mall","og_description":"Purple Kids Sensory Interactive Wall Tube Games with Light Panel Ball Pool for Play Cafe Mall is a modern sensory play solution designed to combine interactive learning, physical activity, and visual stimulation within commercial indoor playground environments. Featuring vibrant purple-themed aesthetics, transparent tube pathways, illuminated activity panels, and an engaging ball pool area, this system...","og_url":"https:\/\/softplaysupply.com\/pl\/produkt\/interactive-wall-tube-games-with-light-panel-ball-pool\/","og_site_name":"Nanpak","og_image":[{"width":800,"height":800,"url":"https:\/\/softplaysupply.com\/wp-content\/uploads\/2026\/08\/Purple-Interactive-Wall-Tube-Games-with-Ball-Pool-1.jpg","type":"image\/jpeg"}],"twitter_card":"summary_large_image","twitter_misc":{"Szacowany czas czytania":"4 minuty"},"schema":{"@context":"https:\/\/schema.org","@graph":[{"@type":"WebPage","@id":"https:\/\/softplaysupply.com\/product\/interactive-wall-tube-games-with-light-panel-ball-pool\/","url":"https:\/\/softplaysupply.com\/product\/interactive-wall-tube-games-with-light-panel-ball-pool\/","name":"Fioletowe interaktywne gry \u015bcienne dla dzieci z panelem \u015bwietlnym Basen z pi\u0142eczkami do centrum handlowego Play Cafe Mall","isPartOf":{"@id":"https:\/\/softplaysupply.com\/#website"},"primaryImageOfPage":{"@id":"https:\/\/softplaysupply.com\/product\/interactive-wall-tube-games-with-light-panel-ball-pool\/#primaryimage"},"image":{"@id":"https:\/\/softplaysupply.com\/product\/interactive-wall-tube-games-with-light-panel-ball-pool\/#primaryimage"},"thumbnailUrl":"https:\/\/softplaysupply.com\/wp-content\/uploads\/2026\/08\/Purple-Interactive-Wall-Tube-Games-with-Ball-Pool-1.jpg","datePublished":"2026-03-30T12:33:00+00:00","breadcrumb":{"@id":"https:\/\/softplaysupply.com\/product\/interactive-wall-tube-games-with-light-panel-ball-pool\/#breadcrumb"},"inLanguage":"pl-PL","potentialAction":[{"@type":"ReadAction","target":["https:\/\/softplaysupply.com\/product\/interactive-wall-tube-games-with-light-panel-ball-pool\/"]}]},{"@type":"ImageObject","inLanguage":"pl-PL","@id":"https:\/\/softplaysupply.com\/product\/interactive-wall-tube-games-with-light-panel-ball-pool\/#primaryimage","url":"https:\/\/softplaysupply.com\/wp-content\/uploads\/2026\/08\/Purple-Interactive-Wall-Tube-Games-with-Ball-Pool-1.jpg","contentUrl":"https:\/\/softplaysupply.com\/wp-content\/uploads\/2026\/08\/Purple-Interactive-Wall-Tube-Games-with-Ball-Pool-1.jpg","width":800,"height":800},{"@type":"BreadcrumbList","@id":"https:\/\/softplaysupply.com\/product\/interactive-wall-tube-games-with-light-panel-ball-pool\/#breadcrumb","itemListElement":[{"@type":"ListItem","position":1,"name":"Home","item":"https:\/\/softplaysupply.com\/"},{"@type":"ListItem","position":2,"name":"Interactive Ball Wall Games","item":"https:\/\/softplaysupply.com\/pcategory\/interactive-ball-wall-games\/"},{"@type":"ListItem","position":3,"name":"Purple Kids Sensory Interactive Wall Tube Games with Light Panel Ball Pool for Play Cafe Mall"}]},{"@type":"WebSite","@id":"https:\/\/softplaysupply.com\/#website","url":"https:\/\/softplaysupply.com\/","name":"Dostawca mi\u0119kkich zabawek","description":"Dostawca mi\u0119kkich zabawek","publisher":{"@id":"https:\/\/softplaysupply.com\/#organization"},"potentialAction":[{"@type":"SearchAction","target":{"@type":"EntryPoint","urlTemplate":"https:\/\/softplaysupply.com\/?s={search_term_string}"},"query-input":{"@type":"PropertyValueSpecification","valueRequired":true,"valueName":"search_term_string"}}],"inLanguage":"pl-PL"},{"@type":"Organization","@id":"https:\/\/softplaysupply.com\/#organization","name":"Nanpak","url":"https:\/\/softplaysupply.com\/","logo":{"@type":"ImageObject","inLanguage":"pl-PL","@id":"https:\/\/softplaysupply.com\/#\/schema\/logo\/image\/","url":"https:\/\/softplaysupply.com\/wp-content\/uploads\/2025\/12\/cropped-mobile-logo.png","contentUrl":"https:\/\/softplaysupply.com\/wp-content\/uploads\/2025\/12\/cropped-mobile-logo.png","width":263,"height":84,"caption":"Nanpak"},"image":{"@id":"https:\/\/softplaysupply.com\/#\/schema\/logo\/image\/"}}]}},"taxonomy_info":{"pcategory":[{"value":5,"label":"Indoor Playground Equipment"},{"value":17,"label":"Interactive Ball Wall Games"}]},"featured_image_src_large":["https:\/\/softplaysupply.com\/wp-content\/uploads\/2026\/08\/Purple-Interactive-Wall-Tube-Games-with-Ball-Pool-1.jpg",800,800,false],"author_info":[],"comment_info":"","_links":{"self":[{"href":"https:\/\/softplaysupply.com\/pl\/wp-json\/wp\/v2\/product\/4920","targetHints":{"allow":["GET"]}}],"collection":[{"href":"https:\/\/softplaysupply.com\/pl\/wp-json\/wp\/v2\/product"}],"about":[{"href":"https:\/\/softplaysupply.com\/pl\/wp-json\/wp\/v2\/types\/product"}],"wp:featuredmedia":[{"embeddable":true,"href":"https:\/\/softplaysupply.com\/pl\/wp-json\/wp\/v2\/media\/4927"}],"wp:attachment":[{"href":"https:\/\/softplaysupply.com\/pl\/wp-json\/wp\/v2\/media?parent=4920"}],"wp:term":[{"taxonomy":"pcategory","embeddable":true,"href":"https:\/\/softplaysupply.com\/pl\/wp-json\/wp\/v2\/pcategory?post=4920"},{"taxonomy":"ptag","embeddable":true,"href":"https:\/\/softplaysupply.com\/pl\/wp-json\/wp\/v2\/ptag?post=4920"}],"curies":[{"name":"wp","href":"https:\/\/api.w.org\/{rel}","templated":true}]}}