{"id":4290,"date":"2026-03-12T09:11:37","date_gmt":"2026-03-12T09:11:37","guid":{"rendered":"https:\/\/softplaysupply.com\/?post_type=product&#038;p=4290"},"modified":"2026-02-11T08:24:53","modified_gmt":"2026-02-11T08:24:53","slug":"corner-soft-play-foam-softscape-corner-climber","status":"publish","type":"product","link":"https:\/\/softplaysupply.com\/pl\/produkt\/corner-soft-play-foam-softscape-corner-climber\/","title":{"rendered":"Corner Soft Play Foam Softscape Corner Climber Interaktywny wspinacz dla dzieci do kawiarni i na plac zabaw"},"content":{"rendered":"<div style=\"margin: 40px auto; padding: 35px; background: #ffffff; border-radius: 18px; box-shadow: 0 12px 35px rgba(0,0,0,0.08);\">\n<div style=\"width: 1280px;\" class=\"wp-video\"><video class=\"wp-video-shortcode\" id=\"video-4290-1\" width=\"1280\" height=\"720\" preload=\"metadata\" controls=\"controls\"><source type=\"video\/mp4\" src=\"https:\/\/softplaysupply.com\/wp-content\/uploads\/2026\/02\/Foam-Softscape-Corner-Climber.mp4?_=1\" \/><a href=\"https:\/\/softplaysupply.com\/wp-content\/uploads\/2026\/02\/Foam-Softscape-Corner-Climber.mp4\">https:\/\/softplaysupply.com\/wp-content\/uploads\/2026\/02\/Foam-Softscape-Corner-Climber.mp4<\/a><\/video><\/div>\n<p>Ta wielkoskalowa naro\u017cna mi\u0119kka konstrukcja do zabawy to profesjonalnie zaprojektowana, modu\u0142owa strefa aktywno\u015bci stworzona w celu zmaksymalizowania niewykorzystanej przestrzeni naro\u017cnej przy jednoczesnym zapewnieniu wysokiej warto\u015bci zabawy. Jako produkt premium <strong style=\"color: #2563eb;\">piankowy wspinacz naro\u017cny<\/strong>, Przekszta\u0142ca zwyk\u0142e pomieszczenia w dynamiczne \u015brodowiska zabaw dla ma\u0142ych dzieci, idealne do kawiarni, centr\u00f3w handlowych, szk\u00f3\u0142, przedszkoli i plac\u00f3w zabaw.<\/p>\n<p>Wykonana z nietoksycznej pianki o wysokiej g\u0119sto\u015bci i tapicerowana wytrzyma\u0142ym winylem klasy komercyjnej, ta rozleg\u0142a konstrukcja integruje elementy bujane, rampy wspinaczkowe, amortyzowane stopnie, tunele do czo\u0142gania, \u0142uki i platformy przesuwne w jeden po\u0142\u0105czony system. Mi\u0119kkie, poch\u0142aniaj\u0105ce uderzenia powierzchnie sprawiaj\u0105, \u017ce dzieci mog\u0105 pewnie odkrywa\u0107 \u015bwiat w bezpiecznym i w pe\u0142ni wy\u015bcie\u0142anym \u015brodowisku.<\/p>\n<hr style=\"border: none; border-top: 2px solid #e0e7ff; margin: 35px 0;\" \/>\n<p style=\"font-size: 20px; font-weight: bold; color: #1e40af;\">Zintegrowany wielofunkcyjny system do bujania i wspinaczki<\/p>\n<p>Sercem tego projektu jest du\u017ca interaktywna bujana rama wspinaczkowa, cz\u0119sto inspirowana pomys\u0142owymi formami, takimi jak \u0142\u00f3d\u017a, g\u00f3ra lub abstrakcyjna struktura. Do\u0142\u0105czone elementy modu\u0142owe tworz\u0105 p\u0142ynny obw\u00f3d zabawy, zach\u0119caj\u0105c dzieci do wspinania si\u0119, czo\u0142gania, delikatnego ko\u0142ysania i zje\u017cd\u017cania w ci\u0105g\u0142ym ruchu.<\/p>\n<p>Ten starannie zaprojektowany <strong style=\"color: #2563eb;\">pn\u0105cze naro\u017cne softscape<\/strong> wspiera aktywn\u0105 eksploracj\u0119 przy jednoczesnym zachowaniu wydajno\u015bci przestrzennej, dzi\u0119ki czemu szczeg\u00f3lnie nadaje si\u0119 do instalacji naro\u017cnej w komercyjnych przestrzeniach wewn\u0119trznych.<\/p>\n<hr style=\"border: none; border-top: 2px solid #e0e7ff; margin: 35px 0;\" \/>\n<p style=\"font-size: 20px; font-weight: bold; color: #1e40af;\">Promuje rozw\u00f3j umiej\u0119tno\u015bci motorycznych<\/p>\n<p>Wspinanie si\u0119 na r\u00f3\u017cne wysoko\u015bci, balansowanie na pochy\u0142ych rampach i delikatne ko\u0142ysanie wzmacnia mi\u0119\u015bnie n\u00f3g, stabilno\u015b\u0107 rdzenia i koordynacj\u0119. Mi\u0119kka, wy\u015bcie\u0142ana konstrukcja zapewnia bezpieczne \u015brodowisko do rozwijania podstawowych umiej\u0119tno\u015bci motorycznych we wczesnym dzieci\u0144stwie.<\/p>\n<hr style=\"border: none; border-top: 2px solid #e0e7ff; margin: 35px 0;\" \/>\n<p style=\"font-size: 20px; font-weight: bold; color: #1e40af;\">Poprawia \u015bwiadomo\u015b\u0107 przestrzenn\u0105 i rozwi\u0105zywanie problem\u00f3w<\/p>\n<p>Wielopoziomowy uk\u0142ad stanowi naturalne wyzwanie fizyczne. Dzieci ucz\u0105 si\u0119 ocenia\u0107 odleg\u0142o\u015bci, planowa\u0107 trasy i porusza\u0107 si\u0119 w przestrzeni. Te decyzje oparte na ruchu pomagaj\u0105 wspiera\u0107 wczesny rozw\u00f3j poznawczy i zdolno\u015bci rozumowania przestrzennego.<\/p>\n<hr style=\"border: none; border-top: 2px solid #e0e7ff; margin: 35px 0;\" \/>\n<p style=\"font-size: 20px; font-weight: bold; color: #1e40af;\">Zach\u0119ca do interakcji spo\u0142ecznych i pomys\u0142owej zabawy<\/p>\n<p>Przestronna, wsp\u00f3\u0142dzielona struktura promuje zmian\u0119, wsp\u00f3\u0142prac\u0119 i zabaw\u0119 w grupie. Niezale\u017cnie od tego, czy wyobra\u017casz sobie bujany statek p\u0142yn\u0105cy przez morze, czy g\u00f3rsk\u0105 wypraw\u0119, ten <strong style=\"color: #2563eb;\">mi\u0119kki k\u0105cik zabaw wspinaczkowy<\/strong> stymuluje kreatywne opowiadanie historii i odgrywanie scenariuszy, kt\u00f3re wspieraj\u0105 rozw\u00f3j emocjonalny i spo\u0142eczny.<\/p>\n<hr style=\"border: none; border-top: 2px solid #e0e7ff; margin: 35px 0;\" \/>\n<p style=\"font-size: 20px; font-weight: bold; color: #1e40af;\">Uspokajaj\u0105ca nowoczesna estetyka<\/p>\n<p>Zaprojektowana z czyst\u0105 biel\u0105 i neutraln\u0105 palet\u0105 kolor\u00f3w, konstrukcja tworzy wizualnie koj\u0105ce \u015brodowisko. W przeciwie\u0144stwie do plastikowych urz\u0105dze\u0144 w jaskrawych kolorach, jej minimalistyczna estetyka zmniejsza nadmiern\u0105 stymulacj\u0119 i p\u0142ynnie \u0142\u0105czy si\u0119 z nowoczesnymi wn\u0119trzami kawiarni, wsp\u00f3\u0142czesnymi salami zabaw, szko\u0142ami i poczekalniami klinik.<\/p>\n<hr style=\"border: none; border-top: 2px solid #e0e7ff; margin: 35px 0;\" \/>\n<p style=\"font-size: 20px; font-weight: bold; color: #1e40af;\">Trwa\u0142a, higieniczna i komercyjna konstrukcja<\/p>\n<p style=\"background: #f1f5ff; padding: 18px; border-radius: 12px;\">* Wielowarstwowe wn\u0119trze z pianki o wysokiej spr\u0119\u017cysto\u015bci<br \/>\n* Odporne na rozdarcia, wodoodporne pokrycie winylowe lub nylonowe<br \/>\n* Nieporowate, \u0142atwe do czyszczenia powierzchnie<br \/>\n* Zbudowany do d\u0142ugotrwa\u0142ego u\u017cytku komercyjnego<\/p>\n<p>Wszystkie materia\u0142y s\u0105 bezpieczne dla dzieci i \u0142atwe do dezynfekcji za pomoc\u0105 \u0142agodnych \u015brodk\u00f3w czyszcz\u0105cych, zapewniaj\u0105c doskona\u0142\u0105 higien\u0119 we wsp\u00f3lnych przestrzeniach do zabawy.<\/p>\n<\/div>\n<p>&nbsp;<\/p>","protected":false},"excerpt":{"rendered":"<p>Komercyjny du\u017cy naro\u017cny wspinacz z mi\u0119kkiej pianki do zabawy z interaktywnymi elementami bujanymi, rampami, tunelami i wy\u015bcie\u0142anymi stopniami. Idealny do wewn\u0119trznych plac\u00f3w zabaw, kawiarni, centr\u00f3w handlowych, o\u015brodk\u00f3w opieki dziennej i \u015brodowisk wczesnej edukacji. Zajmuj\u0105ca niewiele miejsca modu\u0142owa konstrukcja z trwa\u0142\u0105, \u0142atw\u0105 w czyszczeniu powierzchni\u0105 winylow\u0105.<\/p>","protected":false},"featured_media":4292,"parent":0,"template":"","meta":{"_acf_changed":false,"_kad_blocks_custom_css":"","_kad_blocks_head_custom_js":"","_kad_blocks_body_custom_js":"","_kad_blocks_footer_custom_js":"","_kadence_starter_templates_imported_post":false,"_kad_post_transparent":"default","_kad_post_title":"","_kad_post_layout":"default","_kad_post_sidebar_id":"","_kad_post_content_style":"default","_kad_post_vertical_padding":"default","_kad_post_feature":"","_kad_post_feature_position":"","_kad_post_header":false,"_kad_post_footer":false},"pcategory":[37,22,44],"ptag":[],"class_list":["post-4290","product","type-product","status-publish","has-post-thumbnail","hentry","pcategory-indoor-play-set","pcategory-soft-play-equipment","pcategory-soft-play-climber"],"acf":[],"yoast_head":"<!-- This site is optimized with the Yoast SEO plugin v26.8 - https:\/\/yoast.com\/product\/yoast-seo-wordpress\/ -->\n<title>Corner Soft Play Foam Softscape Corner Climber Kid Interactive Rocking Climber for Cafe and Playground<\/title>\n<meta name=\"robots\" content=\"index, follow, max-snippet:-1, max-image-preview:large, max-video-preview:-1\" \/>\n<link rel=\"canonical\" href=\"https:\/\/softplaysupply.com\/pl\/produkt\/corner-soft-play-foam-softscape-corner-climber\/\" \/>\n<meta property=\"og:locale\" content=\"pl_PL\" \/>\n<meta property=\"og:type\" content=\"article\" \/>\n<meta property=\"og:title\" content=\"Corner Soft Play Foam Softscape Corner Climber Kid Interactive Rocking Climber for Cafe and Playground\" \/>\n<meta property=\"og:description\" content=\"Commercial-grade large corner soft play foam climber featuring interactive rocking elements, ramps, tunnels, and padded steps. Ideal for indoor playground cafes, malls, daycare centers, and early learning environments. Space-efficient modular design with durable, easy-clean vinyl surface.\" \/>\n<meta property=\"og:url\" content=\"https:\/\/softplaysupply.com\/pl\/produkt\/corner-soft-play-foam-softscape-corner-climber\/\" \/>\n<meta property=\"og:site_name\" content=\"Nanpak\" \/>\n<meta property=\"og:image\" content=\"https:\/\/softplaysupply.com\/wp-content\/uploads\/2026\/02\/Foam-Softscape-Corner-Climber-1.jpg\" \/>\n\t<meta property=\"og:image:width\" content=\"900\" \/>\n\t<meta property=\"og:image:height\" content=\"800\" \/>\n\t<meta property=\"og:image:type\" content=\"image\/jpeg\" \/>\n<meta name=\"twitter:card\" content=\"summary_large_image\" \/>\n<meta name=\"twitter:label1\" content=\"Szacowany czas czytania\" \/>\n\t<meta name=\"twitter:data1\" content=\"2 minuty\" \/>\n<script type=\"application\/ld+json\" class=\"yoast-schema-graph\">{\"@context\":\"https:\/\/schema.org\",\"@graph\":[{\"@type\":\"WebPage\",\"@id\":\"https:\/\/softplaysupply.com\/product\/corner-soft-play-foam-softscape-corner-climber\/\",\"url\":\"https:\/\/softplaysupply.com\/product\/corner-soft-play-foam-softscape-corner-climber\/\",\"name\":\"Corner Soft Play Foam Softscape Corner Climber Kid Interactive Rocking Climber for Cafe and Playground\",\"isPartOf\":{\"@id\":\"https:\/\/softplaysupply.com\/#website\"},\"primaryImageOfPage\":{\"@id\":\"https:\/\/softplaysupply.com\/product\/corner-soft-play-foam-softscape-corner-climber\/#primaryimage\"},\"image\":{\"@id\":\"https:\/\/softplaysupply.com\/product\/corner-soft-play-foam-softscape-corner-climber\/#primaryimage\"},\"thumbnailUrl\":\"https:\/\/softplaysupply.com\/wp-content\/uploads\/2026\/02\/Foam-Softscape-Corner-Climber-1.jpg\",\"datePublished\":\"2026-03-12T09:11:37+00:00\",\"breadcrumb\":{\"@id\":\"https:\/\/softplaysupply.com\/product\/corner-soft-play-foam-softscape-corner-climber\/#breadcrumb\"},\"inLanguage\":\"pl-PL\",\"potentialAction\":[{\"@type\":\"ReadAction\",\"target\":[\"https:\/\/softplaysupply.com\/product\/corner-soft-play-foam-softscape-corner-climber\/\"]}]},{\"@type\":\"ImageObject\",\"inLanguage\":\"pl-PL\",\"@id\":\"https:\/\/softplaysupply.com\/product\/corner-soft-play-foam-softscape-corner-climber\/#primaryimage\",\"url\":\"https:\/\/softplaysupply.com\/wp-content\/uploads\/2026\/02\/Foam-Softscape-Corner-Climber-1.jpg\",\"contentUrl\":\"https:\/\/softplaysupply.com\/wp-content\/uploads\/2026\/02\/Foam-Softscape-Corner-Climber-1.jpg\",\"width\":900,\"height\":800},{\"@type\":\"BreadcrumbList\",\"@id\":\"https:\/\/softplaysupply.com\/product\/corner-soft-play-foam-softscape-corner-climber\/#breadcrumb\",\"itemListElement\":[{\"@type\":\"ListItem\",\"position\":1,\"name\":\"Home\",\"item\":\"https:\/\/softplaysupply.com\/\"},{\"@type\":\"ListItem\",\"position\":2,\"name\":\"Soft Play Equipment\",\"item\":\"https:\/\/softplaysupply.com\/pcategory\/soft-play-equipment\/\"},{\"@type\":\"ListItem\",\"position\":3,\"name\":\"Soft Play Climber\",\"item\":\"https:\/\/softplaysupply.com\/pcategory\/soft-play-equipment\/soft-play-climber\/\"},{\"@type\":\"ListItem\",\"position\":4,\"name\":\"Corner Soft Play Foam Softscape Corner Climber Kid Interactive Rocking Climber for Cafe and Playground\"}]},{\"@type\":\"WebSite\",\"@id\":\"https:\/\/softplaysupply.com\/#website\",\"url\":\"https:\/\/softplaysupply.com\/\",\"name\":\"Soft Play Supplier\",\"description\":\"Soft Play Supplier\",\"publisher\":{\"@id\":\"https:\/\/softplaysupply.com\/#organization\"},\"potentialAction\":[{\"@type\":\"SearchAction\",\"target\":{\"@type\":\"EntryPoint\",\"urlTemplate\":\"https:\/\/softplaysupply.com\/?s={search_term_string}\"},\"query-input\":{\"@type\":\"PropertyValueSpecification\",\"valueRequired\":true,\"valueName\":\"search_term_string\"}}],\"inLanguage\":\"pl-PL\"},{\"@type\":\"Organization\",\"@id\":\"https:\/\/softplaysupply.com\/#organization\",\"name\":\"Nanpak\",\"url\":\"https:\/\/softplaysupply.com\/\",\"logo\":{\"@type\":\"ImageObject\",\"inLanguage\":\"pl-PL\",\"@id\":\"https:\/\/softplaysupply.com\/#\/schema\/logo\/image\/\",\"url\":\"https:\/\/softplaysupply.com\/wp-content\/uploads\/2025\/12\/cropped-mobile-logo.png\",\"contentUrl\":\"https:\/\/softplaysupply.com\/wp-content\/uploads\/2025\/12\/cropped-mobile-logo.png\",\"width\":263,\"height\":84,\"caption\":\"Nanpak\"},\"image\":{\"@id\":\"https:\/\/softplaysupply.com\/#\/schema\/logo\/image\/\"}}]}<\/script>\n<!-- \/ Yoast SEO plugin. -->","yoast_head_json":{"title":"Corner Soft Play Foam Softscape Corner Climber Interaktywny wspinacz dla dzieci do kawiarni i na plac zabaw","robots":{"index":"index","follow":"follow","max-snippet":"max-snippet:-1","max-image-preview":"max-image-preview:large","max-video-preview":"max-video-preview:-1"},"canonical":"https:\/\/softplaysupply.com\/pl\/produkt\/corner-soft-play-foam-softscape-corner-climber\/","og_locale":"pl_PL","og_type":"article","og_title":"Corner Soft Play Foam Softscape Corner Climber Kid Interactive Rocking Climber for Cafe and Playground","og_description":"Commercial-grade large corner soft play foam climber featuring interactive rocking elements, ramps, tunnels, and padded steps. Ideal for indoor playground cafes, malls, daycare centers, and early learning environments. Space-efficient modular design with durable, easy-clean vinyl surface.","og_url":"https:\/\/softplaysupply.com\/pl\/produkt\/corner-soft-play-foam-softscape-corner-climber\/","og_site_name":"Nanpak","og_image":[{"width":900,"height":800,"url":"https:\/\/softplaysupply.com\/wp-content\/uploads\/2026\/02\/Foam-Softscape-Corner-Climber-1.jpg","type":"image\/jpeg"}],"twitter_card":"summary_large_image","twitter_misc":{"Szacowany czas czytania":"2 minuty"},"schema":{"@context":"https:\/\/schema.org","@graph":[{"@type":"WebPage","@id":"https:\/\/softplaysupply.com\/product\/corner-soft-play-foam-softscape-corner-climber\/","url":"https:\/\/softplaysupply.com\/product\/corner-soft-play-foam-softscape-corner-climber\/","name":"Corner Soft Play Foam Softscape Corner Climber Interaktywny wspinacz dla dzieci do kawiarni i na plac zabaw","isPartOf":{"@id":"https:\/\/softplaysupply.com\/#website"},"primaryImageOfPage":{"@id":"https:\/\/softplaysupply.com\/product\/corner-soft-play-foam-softscape-corner-climber\/#primaryimage"},"image":{"@id":"https:\/\/softplaysupply.com\/product\/corner-soft-play-foam-softscape-corner-climber\/#primaryimage"},"thumbnailUrl":"https:\/\/softplaysupply.com\/wp-content\/uploads\/2026\/02\/Foam-Softscape-Corner-Climber-1.jpg","datePublished":"2026-03-12T09:11:37+00:00","breadcrumb":{"@id":"https:\/\/softplaysupply.com\/product\/corner-soft-play-foam-softscape-corner-climber\/#breadcrumb"},"inLanguage":"pl-PL","potentialAction":[{"@type":"ReadAction","target":["https:\/\/softplaysupply.com\/product\/corner-soft-play-foam-softscape-corner-climber\/"]}]},{"@type":"ImageObject","inLanguage":"pl-PL","@id":"https:\/\/softplaysupply.com\/product\/corner-soft-play-foam-softscape-corner-climber\/#primaryimage","url":"https:\/\/softplaysupply.com\/wp-content\/uploads\/2026\/02\/Foam-Softscape-Corner-Climber-1.jpg","contentUrl":"https:\/\/softplaysupply.com\/wp-content\/uploads\/2026\/02\/Foam-Softscape-Corner-Climber-1.jpg","width":900,"height":800},{"@type":"BreadcrumbList","@id":"https:\/\/softplaysupply.com\/product\/corner-soft-play-foam-softscape-corner-climber\/#breadcrumb","itemListElement":[{"@type":"ListItem","position":1,"name":"Home","item":"https:\/\/softplaysupply.com\/"},{"@type":"ListItem","position":2,"name":"Soft Play Equipment","item":"https:\/\/softplaysupply.com\/pcategory\/soft-play-equipment\/"},{"@type":"ListItem","position":3,"name":"Soft Play Climber","item":"https:\/\/softplaysupply.com\/pcategory\/soft-play-equipment\/soft-play-climber\/"},{"@type":"ListItem","position":4,"name":"Corner Soft Play Foam Softscape Corner Climber Kid Interactive Rocking Climber for Cafe and Playground"}]},{"@type":"WebSite","@id":"https:\/\/softplaysupply.com\/#website","url":"https:\/\/softplaysupply.com\/","name":"Dostawca mi\u0119kkich zabawek","description":"Dostawca mi\u0119kkich zabawek","publisher":{"@id":"https:\/\/softplaysupply.com\/#organization"},"potentialAction":[{"@type":"SearchAction","target":{"@type":"EntryPoint","urlTemplate":"https:\/\/softplaysupply.com\/?s={search_term_string}"},"query-input":{"@type":"PropertyValueSpecification","valueRequired":true,"valueName":"search_term_string"}}],"inLanguage":"pl-PL"},{"@type":"Organization","@id":"https:\/\/softplaysupply.com\/#organization","name":"Nanpak","url":"https:\/\/softplaysupply.com\/","logo":{"@type":"ImageObject","inLanguage":"pl-PL","@id":"https:\/\/softplaysupply.com\/#\/schema\/logo\/image\/","url":"https:\/\/softplaysupply.com\/wp-content\/uploads\/2025\/12\/cropped-mobile-logo.png","contentUrl":"https:\/\/softplaysupply.com\/wp-content\/uploads\/2025\/12\/cropped-mobile-logo.png","width":263,"height":84,"caption":"Nanpak"},"image":{"@id":"https:\/\/softplaysupply.com\/#\/schema\/logo\/image\/"}}]}},"taxonomy_info":{"pcategory":[{"value":37,"label":"Indoor Play Set"},{"value":22,"label":"Soft Play Equipment"},{"value":44,"label":"Soft Play Climber"}]},"featured_image_src_large":["https:\/\/softplaysupply.com\/wp-content\/uploads\/2026\/02\/Foam-Softscape-Corner-Climber-1.jpg",900,800,false],"author_info":[],"comment_info":"","_links":{"self":[{"href":"https:\/\/softplaysupply.com\/pl\/wp-json\/wp\/v2\/product\/4290","targetHints":{"allow":["GET"]}}],"collection":[{"href":"https:\/\/softplaysupply.com\/pl\/wp-json\/wp\/v2\/product"}],"about":[{"href":"https:\/\/softplaysupply.com\/pl\/wp-json\/wp\/v2\/types\/product"}],"wp:featuredmedia":[{"embeddable":true,"href":"https:\/\/softplaysupply.com\/pl\/wp-json\/wp\/v2\/media\/4292"}],"wp:attachment":[{"href":"https:\/\/softplaysupply.com\/pl\/wp-json\/wp\/v2\/media?parent=4290"}],"wp:term":[{"taxonomy":"pcategory","embeddable":true,"href":"https:\/\/softplaysupply.com\/pl\/wp-json\/wp\/v2\/pcategory?post=4290"},{"taxonomy":"ptag","embeddable":true,"href":"https:\/\/softplaysupply.com\/pl\/wp-json\/wp\/v2\/ptag?post=4290"}],"curies":[{"name":"wp","href":"https:\/\/api.w.org\/{rel}","templated":true}]}}