{"id":4117,"date":"2026-03-03T04:38:52","date_gmt":"2026-03-03T04:38:52","guid":{"rendered":"https:\/\/softplaysupply.com\/?post_type=product&#038;p=4117"},"modified":"2026-02-20T06:01:10","modified_gmt":"2026-02-20T06:01:10","slug":"face-to-face-interactive-soft-play-kids-seesaw","status":"publish","type":"product","link":"https:\/\/softplaysupply.com\/pl\/produkt\/face-to-face-interactive-soft-play-kids-seesaw\/","title":{"rendered":"Interaktywna hu\u015btawka dla dzieci Face to Face do wyposa\u017cenia plac\u00f3w zabaw wewn\u0105trz i na zewn\u0105trz budynk\u00f3w"},"content":{"rendered":"<div style=\"font-family: Arial, Helvetica, sans-serif; line-height: 1.7; color: #2c3e50; margin: 0 auto; padding: 25px; background: linear-gradient(to bottom, #f8fbff, #ffffff); border-radius: 12px; box-shadow: 0 4px 20px rgba(0,0,0,0.08);\">\n<div style=\"width: 1280px;\" class=\"wp-video\"><video class=\"wp-video-shortcode\" id=\"video-4117-1\" width=\"1280\" height=\"720\" preload=\"metadata\" controls=\"controls\"><source type=\"video\/mp4\" src=\"https:\/\/softplaysupply.com\/wp-content\/uploads\/2026\/05\/Face-to-Face-Interactive-Soft-Play-Kids-Seesaw.mp4?_=1\" \/><a href=\"https:\/\/softplaysupply.com\/wp-content\/uploads\/2026\/05\/Face-to-Face-Interactive-Soft-Play-Kids-Seesaw.mp4\">https:\/\/softplaysupply.com\/wp-content\/uploads\/2026\/05\/Face-to-Face-Interactive-Soft-Play-Kids-Seesaw.mp4<\/a><\/video><\/div>\n<p style=\"font-size: 16px; margin-bottom: 20px;\">To <span style=\"font-weight: bold;\">hu\u015btawka twarz\u0105 w twarz<\/span> jest g\u0142\u00f3wn\u0105 atrakcj\u0105 ka\u017cdego nowoczesnego placu zabaw, zaprojektowanego specjalnie dla maluch\u00f3w i dzieci w wieku przedszkolnym. Ca\u0142kowicie zast\u0119puje tradycyjne, twarde hu\u015btawki bezpieczn\u0105 i zabawn\u0105 konstrukcj\u0105. <span style=\"font-weight: bold;\">mi\u0119kka hu\u015btawka do zabawy<\/span> Wyposa\u017cony w dwa wyprofilowane siedziska po\u0142\u0105czone solidn\u0105 centraln\u0105 podstaw\u0105, zawiera wytrzyma\u0142\u0105 spr\u0119\u017cyn\u0119 wewn\u0119trzn\u0105, kt\u00f3ra zapewnia delikatne ko\u0142ysanie i lekkie podskakiwanie. Ca\u0142o\u015b\u0107 jest wype\u0142niona piank\u0105 o wysokiej g\u0119sto\u015bci i owini\u0119ta trwa\u0142ym, nietoksycznym, \u0142atwym do wycierania materia\u0142em PVC. Jego jasne i zach\u0119caj\u0105ce kolory wzbudzaj\u0105 entuzjazm dzieci do zabawy, dzi\u0119ki czemu idealnie nadaje si\u0119 do przedszkoli, \u017c\u0142obk\u00f3w, wewn\u0119trznych centr\u00f3w zabaw i imprez plenerowych.<\/p>\n<p style=\"font-size: 16px; margin-bottom: 25px;\">Jako <span style=\"font-weight: bold;\">hu\u015btawka bujana dla dzieci<\/span>, to <span style=\"font-weight: bold;\">hu\u015btawka dwuosobowa<\/span> pozwala dw\u00f3jce dzieci siedzie\u0107 twarz\u0105 w twarz, wsp\u00f3\u0142pracuj\u0105c przy tworzeniu ruchu ko\u0142ysania i dziel\u0105c si\u0119 nieko\u0144cz\u0105c\u0105 si\u0119 zabaw\u0105. Niezale\u017cnie od tego, czy jest u\u017cywany jako <span style=\"font-weight: bold;\">Mi\u0119kka hu\u015btawka dla maluch\u00f3w<\/span> lub jako cz\u0119\u015b\u0107 szerszego <span style=\"font-weight: bold;\">wyposa\u017cenie plac\u00f3w zabaw wewn\u0105trz i na zewn\u0105trz<\/span>, to <span style=\"font-weight: bold;\">mi\u0119kki sprz\u0119t do bujania<\/span> idealnie pasuje do r\u00f3\u017cnych \u015brodowisk.<\/p>\n<div style=\"background: #f0f7ff; padding: 25px; border-radius: 10px; margin: 30px 0; border-left: 5px solid #3498db;\">\n<div style=\"font-size: 22px; font-weight: bold; color: #2980b9; margin-bottom: 18px;\">Kluczowe cechy<\/div>\n<ul style=\"list-style: none; padding-left: 0; font-size: 16px;\">\n<li style=\"margin-bottom: 16px; padding-left: 25px; position: relative;\"><span style=\"position: absolute; left: 0; color: #e74c3c; font-size: 20px; line-height: 1;\">\u2022<\/span><strong style=\"color: #2c3e50;\">Najwy\u017csze bezpiecze\u0144stwo<\/strong>: Klasyka <span style=\"color: #e67e22; font-weight: bold;\">bezpieczna hu\u015btawka dla przedszkola<\/span> - W pe\u0142ni amortyzowane mi\u0119kkie powierzchnie poch\u0142aniaj\u0105 uderzenia, nisko po\u0142o\u017cony \u015brodek ci\u0119\u017cko\u015bci z szerok\u0105 podstaw\u0105 zapobiega przewr\u00f3ceniu si\u0119, a ca\u0142kowicie pozbawiona uszczypni\u0119\u0107 konstrukcja znacznie przewy\u017csza tradycyjny sprz\u0119t.<\/li>\n<li style=\"margin-bottom: 16px; padding-left: 25px; position: relative;\"><span style=\"position: absolute; left: 0; color: #e74c3c; font-size: 20px; line-height: 1;\">\u2022<\/span><strong style=\"color: #2c3e50;\">Promuje rozw\u00f3j spo\u0142eczny<\/strong>: Jako <span style=\"color: #e67e22; font-weight: bold;\">hu\u015btawka do gry kooperacyjnej<\/span>, W naturalny spos\u00f3b zach\u0119ca do komunikacji, kontaktu wzrokowego, wsp\u00f3\u0142pracy i radosnego dzielenia si\u0119, wspieraj\u0105c prac\u0119 zespo\u0142ow\u0105 i rozw\u00f3j emocjonalny.<\/li>\n<li style=\"margin-bottom: 16px; padding-left: 25px; position: relative;\"><span style=\"position: absolute; left: 0; color: #e74c3c; font-size: 20px; line-height: 1;\">\u2022<\/span><strong style=\"color: #2c3e50;\">Rozw\u00f3j umiej\u0119tno\u015bci fizycznych<\/strong>: Ci\u0105g\u0142e korekty postawy poprawiaj\u0105 r\u00f3wnowag\u0119 i koordynacj\u0119; delikatne ko\u0142ysanie zapewnia stymulacj\u0119 przedsionkow\u0105 dla integracji sensorycznej i \u015bwiadomo\u015bci przestrzennej.<\/li>\n<li style=\"margin-bottom: 16px; padding-left: 25px; position: relative;\"><span style=\"position: absolute; left: 0; color: #e74c3c; font-size: 20px; line-height: 1;\">\u2022<\/span><strong style=\"color: #2c3e50;\">Dostosowane dla ma\u0142ych dzieci<\/strong>: Prosta obs\u0142uga i kontrolowany ruch doskonale odpowiadaj\u0105 potrzebom rozwojowym ma\u0142ych dzieci i przedszkolak\u00f3w.<\/li>\n<li style=\"margin-bottom: 16px; padding-left: 25px; position: relative;\"><span style=\"position: absolute; left: 0; color: #e74c3c; font-size: 20px; line-height: 1;\">\u2022<\/span><strong style=\"color: #2c3e50;\">Trwa\u0142o\u015b\u0107 i niskie koszty utrzymania<\/strong>: Solidna konstrukcja wytrzymuje cz\u0119ste u\u017cytkowanie; bezszwowa powierzchnia do wycierania umo\u017cliwia szybk\u0105 i higieniczn\u0105 konserwacj\u0119.<\/li>\n<\/ul>\n<\/div>\n<p style=\"font-size: 16px; margin-top: 25px; text-align: center; font-style: italic; color: #7f8c8d;\">Niezale\u017cnie od tego, czy znajduje si\u0119 w wewn\u0119trznej strefie mi\u0119kkiej zabawy, czy na zewn\u0119trznym placu zabaw, ta interaktywna mi\u0119kka hu\u015btawka jest idealnym wyborem, aby poprawi\u0107 wra\u017cenia z zabawy i pom\u00f3c dzieciom rosn\u0105\u0107 szcz\u0119\u015bliwie i zdrowo!<\/p>\n<\/div>","protected":false},"excerpt":{"rendered":"<p>Bezpieczna hu\u015btawka dla przedszkolak\u00f3w! Interaktywna hu\u015btawka dla maluch\u00f3w twarz\u0105 w twarz z delikatnym ruchem ko\u0142ysania. Hu\u015btawka do wsp\u00f3lnej zabawy w trwa\u0142ym, mi\u0119kkim sprz\u0119cie bujanym. Idealna do u\u017cytku w przedszkolu i na zewn\u0105trz Podw\u00f3jna hu\u015btawka \u0142\u0105czy w sobie mi\u0119kk\u0105 zabaw\u0119! Nasza bujana hu\u015btawka dla dzieci oferuje interakcj\u0119 twarz\u0105 w twarz, wysokie bezpiecze\u0144stwo i korzy\u015bci przedsionkowe. Najlepsza mi\u0119kka hu\u015btawka dla maluch\u00f3w i sprz\u0119t do zabawy na \u015bwie\u017cym powietrzu.<\/p>","protected":false},"featured_media":4119,"parent":0,"template":"","meta":{"_acf_changed":false,"_kad_blocks_custom_css":"","_kad_blocks_head_custom_js":"","_kad_blocks_body_custom_js":"","_kad_blocks_footer_custom_js":"","_kadence_starter_templates_imported_post":false,"_kad_post_transparent":"default","_kad_post_title":"","_kad_post_layout":"default","_kad_post_sidebar_id":"","_kad_post_content_style":"default","_kad_post_vertical_padding":"default","_kad_post_feature":"","_kad_post_feature_position":"","_kad_post_header":false,"_kad_post_footer":false},"pcategory":[5,37,22,47],"ptag":[],"class_list":["post-4117","product","type-product","status-publish","has-post-thumbnail","hentry","pcategory-indoor-playground-equipment","pcategory-indoor-play-set","pcategory-soft-play-equipment","pcategory-soft-play-seesaw"],"acf":[],"yoast_head":"<!-- This site is optimized with the Yoast SEO plugin v26.8 - https:\/\/yoast.com\/product\/yoast-seo-wordpress\/ -->\n<title>Face to Face Interactive Soft Play Kids\u2019 Seesaw for Indoor &amp; Outdoor Playground Equipment<\/title>\n<meta name=\"robots\" content=\"index, follow, max-snippet:-1, max-image-preview:large, max-video-preview:-1\" \/>\n<link rel=\"canonical\" href=\"https:\/\/softplaysupply.com\/pl\/produkt\/face-to-face-interactive-soft-play-kids-seesaw\/\" \/>\n<meta property=\"og:locale\" content=\"pl_PL\" \/>\n<meta property=\"og:type\" content=\"article\" \/>\n<meta property=\"og:title\" content=\"Face to Face Interactive Soft Play Kids\u2019 Seesaw for Indoor &amp; Outdoor Playground Equipment\" \/>\n<meta property=\"og:description\" content=\"Safe seesaw for preschool! Face to face interactive toddler soft seesaw with gentle rocking motion. Cooperative play seesaw in durable soft play rocking equipment. Ideal for kindergarten &amp; indoor outdoor use Double rider seesaw meets soft play fun! Our rocking seesaw for kids offers face to face interaction, high safety &amp; vestibular benefits. Best toddler soft seesaw &amp; indoor outdoor playground equipment choice.\" \/>\n<meta property=\"og:url\" content=\"https:\/\/softplaysupply.com\/pl\/produkt\/face-to-face-interactive-soft-play-kids-seesaw\/\" \/>\n<meta property=\"og:site_name\" content=\"Nanpak\" \/>\n<meta property=\"og:image\" content=\"https:\/\/softplaysupply.com\/wp-content\/uploads\/2026\/05\/Face-to-Face-Interactive-Soft-Play-Kids-Seesaw-1.jpg\" \/>\n\t<meta property=\"og:image:width\" content=\"800\" \/>\n\t<meta property=\"og:image:height\" content=\"800\" \/>\n\t<meta property=\"og:image:type\" content=\"image\/jpeg\" \/>\n<meta name=\"twitter:card\" content=\"summary_large_image\" \/>\n<meta name=\"twitter:label1\" content=\"Szacowany czas czytania\" \/>\n\t<meta name=\"twitter:data1\" content=\"2 minuty\" \/>\n<script type=\"application\/ld+json\" class=\"yoast-schema-graph\">{\"@context\":\"https:\/\/schema.org\",\"@graph\":[{\"@type\":\"WebPage\",\"@id\":\"https:\/\/softplaysupply.com\/product\/face-to-face-interactive-soft-play-kids-seesaw\/\",\"url\":\"https:\/\/softplaysupply.com\/product\/face-to-face-interactive-soft-play-kids-seesaw\/\",\"name\":\"Face to Face Interactive Soft Play Kids\u2019 Seesaw for Indoor & Outdoor Playground Equipment\",\"isPartOf\":{\"@id\":\"https:\/\/softplaysupply.com\/#website\"},\"primaryImageOfPage\":{\"@id\":\"https:\/\/softplaysupply.com\/product\/face-to-face-interactive-soft-play-kids-seesaw\/#primaryimage\"},\"image\":{\"@id\":\"https:\/\/softplaysupply.com\/product\/face-to-face-interactive-soft-play-kids-seesaw\/#primaryimage\"},\"thumbnailUrl\":\"https:\/\/softplaysupply.com\/wp-content\/uploads\/2026\/05\/Face-to-Face-Interactive-Soft-Play-Kids-Seesaw-1.jpg\",\"datePublished\":\"2026-03-03T04:38:52+00:00\",\"breadcrumb\":{\"@id\":\"https:\/\/softplaysupply.com\/product\/face-to-face-interactive-soft-play-kids-seesaw\/#breadcrumb\"},\"inLanguage\":\"pl-PL\",\"potentialAction\":[{\"@type\":\"ReadAction\",\"target\":[\"https:\/\/softplaysupply.com\/product\/face-to-face-interactive-soft-play-kids-seesaw\/\"]}]},{\"@type\":\"ImageObject\",\"inLanguage\":\"pl-PL\",\"@id\":\"https:\/\/softplaysupply.com\/product\/face-to-face-interactive-soft-play-kids-seesaw\/#primaryimage\",\"url\":\"https:\/\/softplaysupply.com\/wp-content\/uploads\/2026\/05\/Face-to-Face-Interactive-Soft-Play-Kids-Seesaw-1.jpg\",\"contentUrl\":\"https:\/\/softplaysupply.com\/wp-content\/uploads\/2026\/05\/Face-to-Face-Interactive-Soft-Play-Kids-Seesaw-1.jpg\",\"width\":800,\"height\":800},{\"@type\":\"BreadcrumbList\",\"@id\":\"https:\/\/softplaysupply.com\/product\/face-to-face-interactive-soft-play-kids-seesaw\/#breadcrumb\",\"itemListElement\":[{\"@type\":\"ListItem\",\"position\":1,\"name\":\"Home\",\"item\":\"https:\/\/softplaysupply.com\/\"},{\"@type\":\"ListItem\",\"position\":2,\"name\":\"Soft Play Equipment\",\"item\":\"https:\/\/softplaysupply.com\/pcategory\/soft-play-equipment\/\"},{\"@type\":\"ListItem\",\"position\":3,\"name\":\"Soft Play Seesaw\",\"item\":\"https:\/\/softplaysupply.com\/pcategory\/soft-play-equipment\/soft-play-seesaw\/\"},{\"@type\":\"ListItem\",\"position\":4,\"name\":\"Face to Face Interactive Soft Play Kids\u2019 Seesaw for Indoor &#038; Outdoor Playground Equipment\"}]},{\"@type\":\"WebSite\",\"@id\":\"https:\/\/softplaysupply.com\/#website\",\"url\":\"https:\/\/softplaysupply.com\/\",\"name\":\"Soft Play Supplier\",\"description\":\"Soft Play Supplier\",\"publisher\":{\"@id\":\"https:\/\/softplaysupply.com\/#organization\"},\"potentialAction\":[{\"@type\":\"SearchAction\",\"target\":{\"@type\":\"EntryPoint\",\"urlTemplate\":\"https:\/\/softplaysupply.com\/?s={search_term_string}\"},\"query-input\":{\"@type\":\"PropertyValueSpecification\",\"valueRequired\":true,\"valueName\":\"search_term_string\"}}],\"inLanguage\":\"pl-PL\"},{\"@type\":\"Organization\",\"@id\":\"https:\/\/softplaysupply.com\/#organization\",\"name\":\"Nanpak\",\"url\":\"https:\/\/softplaysupply.com\/\",\"logo\":{\"@type\":\"ImageObject\",\"inLanguage\":\"pl-PL\",\"@id\":\"https:\/\/softplaysupply.com\/#\/schema\/logo\/image\/\",\"url\":\"https:\/\/softplaysupply.com\/wp-content\/uploads\/2025\/12\/cropped-mobile-logo.png\",\"contentUrl\":\"https:\/\/softplaysupply.com\/wp-content\/uploads\/2025\/12\/cropped-mobile-logo.png\",\"width\":263,\"height\":84,\"caption\":\"Nanpak\"},\"image\":{\"@id\":\"https:\/\/softplaysupply.com\/#\/schema\/logo\/image\/\"}}]}<\/script>\n<!-- \/ Yoast SEO plugin. -->","yoast_head_json":{"title":"Interaktywna hu\u015btawka dla dzieci Face to Face do wyposa\u017cenia plac\u00f3w zabaw wewn\u0105trz i na zewn\u0105trz budynk\u00f3w","robots":{"index":"index","follow":"follow","max-snippet":"max-snippet:-1","max-image-preview":"max-image-preview:large","max-video-preview":"max-video-preview:-1"},"canonical":"https:\/\/softplaysupply.com\/pl\/produkt\/face-to-face-interactive-soft-play-kids-seesaw\/","og_locale":"pl_PL","og_type":"article","og_title":"Face to Face Interactive Soft Play Kids\u2019 Seesaw for Indoor & Outdoor Playground Equipment","og_description":"Safe seesaw for preschool! Face to face interactive toddler soft seesaw with gentle rocking motion. Cooperative play seesaw in durable soft play rocking equipment. Ideal for kindergarten & indoor outdoor use Double rider seesaw meets soft play fun! Our rocking seesaw for kids offers face to face interaction, high safety & vestibular benefits. Best toddler soft seesaw & indoor outdoor playground equipment choice.","og_url":"https:\/\/softplaysupply.com\/pl\/produkt\/face-to-face-interactive-soft-play-kids-seesaw\/","og_site_name":"Nanpak","og_image":[{"width":800,"height":800,"url":"https:\/\/softplaysupply.com\/wp-content\/uploads\/2026\/05\/Face-to-Face-Interactive-Soft-Play-Kids-Seesaw-1.jpg","type":"image\/jpeg"}],"twitter_card":"summary_large_image","twitter_misc":{"Szacowany czas czytania":"2 minuty"},"schema":{"@context":"https:\/\/schema.org","@graph":[{"@type":"WebPage","@id":"https:\/\/softplaysupply.com\/product\/face-to-face-interactive-soft-play-kids-seesaw\/","url":"https:\/\/softplaysupply.com\/product\/face-to-face-interactive-soft-play-kids-seesaw\/","name":"Interaktywna hu\u015btawka dla dzieci Face to Face do wyposa\u017cenia plac\u00f3w zabaw wewn\u0105trz i na zewn\u0105trz budynk\u00f3w","isPartOf":{"@id":"https:\/\/softplaysupply.com\/#website"},"primaryImageOfPage":{"@id":"https:\/\/softplaysupply.com\/product\/face-to-face-interactive-soft-play-kids-seesaw\/#primaryimage"},"image":{"@id":"https:\/\/softplaysupply.com\/product\/face-to-face-interactive-soft-play-kids-seesaw\/#primaryimage"},"thumbnailUrl":"https:\/\/softplaysupply.com\/wp-content\/uploads\/2026\/05\/Face-to-Face-Interactive-Soft-Play-Kids-Seesaw-1.jpg","datePublished":"2026-03-03T04:38:52+00:00","breadcrumb":{"@id":"https:\/\/softplaysupply.com\/product\/face-to-face-interactive-soft-play-kids-seesaw\/#breadcrumb"},"inLanguage":"pl-PL","potentialAction":[{"@type":"ReadAction","target":["https:\/\/softplaysupply.com\/product\/face-to-face-interactive-soft-play-kids-seesaw\/"]}]},{"@type":"ImageObject","inLanguage":"pl-PL","@id":"https:\/\/softplaysupply.com\/product\/face-to-face-interactive-soft-play-kids-seesaw\/#primaryimage","url":"https:\/\/softplaysupply.com\/wp-content\/uploads\/2026\/05\/Face-to-Face-Interactive-Soft-Play-Kids-Seesaw-1.jpg","contentUrl":"https:\/\/softplaysupply.com\/wp-content\/uploads\/2026\/05\/Face-to-Face-Interactive-Soft-Play-Kids-Seesaw-1.jpg","width":800,"height":800},{"@type":"BreadcrumbList","@id":"https:\/\/softplaysupply.com\/product\/face-to-face-interactive-soft-play-kids-seesaw\/#breadcrumb","itemListElement":[{"@type":"ListItem","position":1,"name":"Home","item":"https:\/\/softplaysupply.com\/"},{"@type":"ListItem","position":2,"name":"Soft Play Equipment","item":"https:\/\/softplaysupply.com\/pcategory\/soft-play-equipment\/"},{"@type":"ListItem","position":3,"name":"Soft Play Seesaw","item":"https:\/\/softplaysupply.com\/pcategory\/soft-play-equipment\/soft-play-seesaw\/"},{"@type":"ListItem","position":4,"name":"Face to Face Interactive Soft Play Kids\u2019 Seesaw for Indoor &#038; Outdoor Playground Equipment"}]},{"@type":"WebSite","@id":"https:\/\/softplaysupply.com\/#website","url":"https:\/\/softplaysupply.com\/","name":"Dostawca mi\u0119kkich zabawek","description":"Dostawca mi\u0119kkich zabawek","publisher":{"@id":"https:\/\/softplaysupply.com\/#organization"},"potentialAction":[{"@type":"SearchAction","target":{"@type":"EntryPoint","urlTemplate":"https:\/\/softplaysupply.com\/?s={search_term_string}"},"query-input":{"@type":"PropertyValueSpecification","valueRequired":true,"valueName":"search_term_string"}}],"inLanguage":"pl-PL"},{"@type":"Organization","@id":"https:\/\/softplaysupply.com\/#organization","name":"Nanpak","url":"https:\/\/softplaysupply.com\/","logo":{"@type":"ImageObject","inLanguage":"pl-PL","@id":"https:\/\/softplaysupply.com\/#\/schema\/logo\/image\/","url":"https:\/\/softplaysupply.com\/wp-content\/uploads\/2025\/12\/cropped-mobile-logo.png","contentUrl":"https:\/\/softplaysupply.com\/wp-content\/uploads\/2025\/12\/cropped-mobile-logo.png","width":263,"height":84,"caption":"Nanpak"},"image":{"@id":"https:\/\/softplaysupply.com\/#\/schema\/logo\/image\/"}}]}},"taxonomy_info":{"pcategory":[{"value":5,"label":"Indoor Playground Equipment"},{"value":37,"label":"Indoor Play Set"},{"value":22,"label":"Soft Play Equipment"},{"value":47,"label":"Soft Play Seesaw"}]},"featured_image_src_large":["https:\/\/softplaysupply.com\/wp-content\/uploads\/2026\/05\/Face-to-Face-Interactive-Soft-Play-Kids-Seesaw-1.jpg",800,800,false],"author_info":[],"comment_info":"","_links":{"self":[{"href":"https:\/\/softplaysupply.com\/pl\/wp-json\/wp\/v2\/product\/4117","targetHints":{"allow":["GET"]}}],"collection":[{"href":"https:\/\/softplaysupply.com\/pl\/wp-json\/wp\/v2\/product"}],"about":[{"href":"https:\/\/softplaysupply.com\/pl\/wp-json\/wp\/v2\/types\/product"}],"wp:featuredmedia":[{"embeddable":true,"href":"https:\/\/softplaysupply.com\/pl\/wp-json\/wp\/v2\/media\/4119"}],"wp:attachment":[{"href":"https:\/\/softplaysupply.com\/pl\/wp-json\/wp\/v2\/media?parent=4117"}],"wp:term":[{"taxonomy":"pcategory","embeddable":true,"href":"https:\/\/softplaysupply.com\/pl\/wp-json\/wp\/v2\/pcategory?post=4117"},{"taxonomy":"ptag","embeddable":true,"href":"https:\/\/softplaysupply.com\/pl\/wp-json\/wp\/v2\/ptag?post=4117"}],"curies":[{"name":"wp","href":"https:\/\/api.w.org\/{rel}","templated":true}]}}