{"id":4037,"date":"2026-04-23T03:18:01","date_gmt":"2026-04-23T03:18:01","guid":{"rendered":"https:\/\/softplaysupply.com\/?post_type=product&#038;p=4037"},"modified":"2026-01-23T04:05:11","modified_gmt":"2026-01-23T04:05:11","slug":"indoor-trampoline-park-with-ocean-ball-pool","status":"publish","type":"product","link":"https:\/\/softplaysupply.com\/pl\/produkt\/indoor-trampoline-park-with-ocean-ball-pool\/","title":{"rendered":"Niestandardowy kryty park trampolin Jump Arena z basenem z pi\u0142kami oceanicznymi dla placu zabaw dla dzieci"},"content":{"rendered":"<div style=\"background: white; border-radius: 16px; box-shadow: 0 8px 30px rgba(0,0,0,0.08); padding: 40px 35px; border: 1px solid #e0e7ff;\">\n<div style=\"text-align: center; margin-bottom: 35px; padding-bottom: 25px; border-bottom: 3px solid #6366f1;\">\n<div style=\"font-size: 32px; font-weight: 800; color: #4f46e5; letter-spacing: -0.5px;\">Niestandardowy park trampolin All-in-One z basenem z pi\u0142eczkami oceanicznymi - zwi\u0119ksz zaanga\u017cowanie w krytych placach zabaw dla dzieci<\/div>\n<\/div>\n<div style=\"margin-bottom: 40px;\">\n<div style=\"font-size: 24px; font-weight: bold; color: #1e40af; margin-bottom: 18px;\"><span style=\"color: #374151; font-size: 16px; font-weight: normal;\">Niestandardowy skok <a href=\"https:\/\/softplaysupply.com\/pl\/pcategoria\/indoor-playground-equipment\/indoor-trampoline\/\" data-internallinksmanager029f6b8e52c=\"6\" title=\"trampolina domowa\" target=\"_blank\" rel=\"noopener\">Trampolina do u\u017cytku w pomieszczeniach<\/a> Park with Ocean Ball Pool to komercyjny kryty plac zabaw zaprojektowany specjalnie dla dzieci i rodzinnych centr\u00f3w rozrywki. \u0141\u0105cz\u0105c energiczny park trampolin z interaktywnym basenem z kulkami oceanicznymi, ten plac zabaw tworzy bardzo atrakcyjne \u015brodowisko do zabawy, kt\u00f3re zach\u0119ca do aktywnej zabawy, odkrywania zmys\u0142\u00f3w i d\u0142ugotrwa\u0142ego zaanga\u017cowania klient\u00f3w. <\/span><span style=\"color: #374151; font-size: 16px; font-weight: normal;\">Ten park trampolin z basenem Ocean Ball jest idealny dla centr\u00f3w handlowych, krytych plac\u00f3w zabaw, rodzinnych centr\u00f3w rozrywki i miejsc aktywno\u015bci dla dzieci, kt\u00f3re chc\u0105 zwi\u0119kszy\u0107 ruch pieszy i czas zabawy.<\/span><\/div>\n<div><img loading=\"lazy\" decoding=\"async\" class=\"alignnone size-full wp-image-4045\" src=\"https:\/\/softplaysupply.com\/wp-content\/uploads\/2026\/04\/Indoor-Trampoline-Parks-with-Pool-4.jpg\" alt=\"\" width=\"750\" height=\"562\" srcset=\"https:\/\/softplaysupply.com\/wp-content\/uploads\/2026\/04\/Indoor-Trampoline-Parks-with-Pool-4.jpg 750w, https:\/\/softplaysupply.com\/wp-content\/uploads\/2026\/04\/Indoor-Trampoline-Parks-with-Pool-4-300x225.jpg 300w, https:\/\/softplaysupply.com\/wp-content\/uploads\/2026\/04\/Indoor-Trampoline-Parks-with-Pool-4-16x12.jpg 16w\" sizes=\"auto, (max-width: 750px) 100vw, 750px\" \/><\/div>\n<div><img loading=\"lazy\" decoding=\"async\" class=\"alignnone size-full wp-image-4043\" src=\"https:\/\/softplaysupply.com\/wp-content\/uploads\/2026\/04\/Indoor-Trampoline-Parks-with-Pool-1.jpg\" alt=\"\" width=\"750\" height=\"1136\" srcset=\"https:\/\/softplaysupply.com\/wp-content\/uploads\/2026\/04\/Indoor-Trampoline-Parks-with-Pool-1.jpg 750w, https:\/\/softplaysupply.com\/wp-content\/uploads\/2026\/04\/Indoor-Trampoline-Parks-with-Pool-1-198x300.jpg 198w, https:\/\/softplaysupply.com\/wp-content\/uploads\/2026\/04\/Indoor-Trampoline-Parks-with-Pool-1-676x1024.jpg 676w, https:\/\/softplaysupply.com\/wp-content\/uploads\/2026\/04\/Indoor-Trampoline-Parks-with-Pool-1-8x12.jpg 8w\" sizes=\"auto, (max-width: 750px) 100vw, 750px\" \/> <img loading=\"lazy\" decoding=\"async\" class=\"alignnone size-full wp-image-4044\" src=\"https:\/\/softplaysupply.com\/wp-content\/uploads\/2026\/04\/Indoor-Trampoline-Parks-with-Pool-3.jpg\" alt=\"\" width=\"750\" height=\"563\" srcset=\"https:\/\/softplaysupply.com\/wp-content\/uploads\/2026\/04\/Indoor-Trampoline-Parks-with-Pool-3.jpg 750w, https:\/\/softplaysupply.com\/wp-content\/uploads\/2026\/04\/Indoor-Trampoline-Parks-with-Pool-3-300x225.jpg 300w, https:\/\/softplaysupply.com\/wp-content\/uploads\/2026\/04\/Indoor-Trampoline-Parks-with-Pool-3-16x12.jpg 16w\" sizes=\"auto, (max-width: 750px) 100vw, 750px\" \/><\/div>\n<\/div>\n<div style=\"margin-bottom: 40px;\">\n<div style=\"font-size: 24px; font-weight: bold; color: #1e40af; margin-bottom: 18px;\">Kluczowe cechy parku trampolin z basenem z pi\u0142eczkami oceanicznymi<\/div>\n<div style=\"margin: 30px 0 20px;\">\n<div style=\"font-size: 20px; font-weight: bold; color: #4338ca;\">1. Park trampolin zintegrowany z basenem z pi\u0142eczkami oceanicznymi<\/div>\n<div style=\"margin-top: 12px; color: #374151;\">\n<p>Ten plac zabaw p\u0142ynnie integruje dynamiczn\u0105 stref\u0119 skok\u00f3w na trampolinie z kolorowym basenem z pi\u0142eczkami oceanicznymi. Dzieci mog\u0105 skaka\u0107, nurkowa\u0107, czo\u0142ga\u0107 si\u0119 i swobodnie eksplorowa\u0107, tworz\u0105c bogatsze wra\u017cenia z zabawy w por\u00f3wnaniu do tradycyjnych park\u00f3w trampolin.<\/p>\n<ul style=\"margin: 14px 0 0 25px; padding: 0; list-style-type: disc; color: #4b5563;\">\n<li>Wysokoelastyczne maty do skakania dla bezpiecznego i energicznego skakania<\/li>\n<li>Basen z kulkami oceanicznymi o du\u017cej pojemno\u015bci w jasnych, przyci\u0105gaj\u0105cych wzrok kolorach<\/li>\n<li>P\u0142ynne przej\u015bcia mi\u0119dzy obszarem trampoliny a stref\u0105 basenu z pi\u0142eczkami<\/li>\n<\/ul>\n<p>Park trampolin z basenem z pi\u0142kami oceanicznymi znacznie zwi\u0119ksza r\u00f3\u017cnorodno\u015b\u0107 zabawy i liczb\u0119 ponownych odwiedzin.<\/p>\n<\/div>\n<\/div>\n<div style=\"margin: 30px 0 20px;\">\n<div style=\"font-size: 20px; font-weight: bold; color: #4338ca;\">2. Niestandardowy projekt dla plac\u00f3w zabaw dla dzieci<\/div>\n<div style=\"margin-top: 12px; color: #374151;\">\n<p>Ka\u017cdy kryty park trampolin z basenem Ocean Ball jest w pe\u0142ni dostosowany do indywidualnych potrzeb:<\/p>\n<ul style=\"margin: 14px 0 0 25px; padding: 0; list-style-type: disc; color: #4b5563;\">\n<li>Rozmiar sali i wysoko\u015b\u0107 sufitu<\/li>\n<li>Docelowa grupa wiekowa (maluchy, dzieci lub osoby w r\u00f3\u017cnym wieku)<\/li>\n<li>Wymagania dotycz\u0105ce motywu, schematu kolor\u00f3w i marki<\/li>\n<\/ul>\n<p>Profesjonalni projektanci zapewniaj\u0105 planowanie uk\u0142adu i rysunki 3D, aby zapewni\u0107 optymalne wykorzystanie przestrzeni i przep\u0142yw ruchu.<\/p>\n<\/div>\n<\/div>\n<div style=\"margin: 30px 0 20px;\">\n<div style=\"font-size: 20px; font-weight: bold; color: #4338ca;\">3. Struktura i materia\u0142y klasy komercyjnej<\/div>\n<div style=\"margin-top: 12px; color: #374151;\">\n<p>Zbudowany do cz\u0119stego u\u017cytku komercyjnego, ten park trampolin z basenem z pi\u0142eczkami oceanicznymi oferuje:<\/p>\n<ul style=\"margin: 14px 0 0 25px; padding: 0; list-style-type: disc; color: #4b5563;\">\n<li>Wytrzyma\u0142a rama ze stali galwanizowanej<\/li>\n<li>Wytrzyma\u0142e spr\u0119\u017cyny trampoliny i wysokiej jako\u015bci tkanina do skakania<\/li>\n<li>Gruba piankowa wy\u015bci\u00f3\u0142ka i mi\u0119kka ochrona kraw\u0119dzi<\/li>\n<li>Wysokiej jako\u015bci kule oceaniczne wykonane z nietoksycznych, przyjaznych dla \u015brodowiska materia\u0142\u00f3w<\/li>\n<\/ul>\n<p>Wszystkie komponenty zosta\u0142y zaprojektowane z my\u015bl\u0105 o d\u0142ugotrwa\u0142ej pracy i minimalnej konserwacji.<\/p>\n<\/div>\n<\/div>\n<div style=\"margin: 30px 0 20px;\">\n<div style=\"font-size: 20px; font-weight: bold; color: #4338ca;\">4. Wysokie standardy bezpiecze\u0144stwa dla dzieci<\/div>\n<div style=\"margin-top: 12px; color: #374151;\">\n<p>Bezpiecze\u0144stwo jest najwy\u017cszym priorytetem w ka\u017cdym parku trampolin z basenem Ocean Ball:<\/p>\n<ul style=\"margin: 14px 0 0 25px; padding: 0; list-style-type: disc; color: #4b5563;\">\n<li>W pe\u0142ni zamkni\u0119ta siatka zabezpieczaj\u0105ca<\/li>\n<li>Ochrona z pianki poch\u0142aniaj\u0105cej uderzenia<\/li>\n<li>Zaokr\u0105glone kraw\u0119dzie i wzmocnione po\u0142\u0105czenia<\/li>\n<li>Antypo\u015blizgowe powierzchnie w kluczowych obszarach zabawy<\/li>\n<\/ul>\n<p>Konstrukcja zosta\u0142a zaprojektowana tak, aby spe\u0142nia\u0107 mi\u0119dzynarodowe wymogi bezpiecze\u0144stwa komercyjnych plac\u00f3w zabaw.<\/p>\n<\/div>\n<\/div>\n<div style=\"margin: 30px 0 20px;\">\n<div style=\"font-size: 20px; font-weight: bold; color: #4338ca;\">5. Sprawno\u015b\u0107 fizyczna, zabawa i rozw\u00f3j sensoryczny<\/div>\n<div style=\"margin-top: 12px; color: #374151;\">\n<p>Po\u0142\u0105czenie skok\u00f3w na trampolinie i gry w pi\u0142k\u0119 oceaniczn\u0105 pomaga dzieciom:<\/p>\n<ul style=\"margin: 14px 0 0 25px; padding: 0; list-style-type: disc; color: #4b5563;\">\n<li>Poprawa r\u00f3wnowagi, koordynacji i si\u0142y mi\u0119\u015bni<\/li>\n<li>Poprawa percepcji sensorycznej i kontroli cia\u0142a<\/li>\n<li>Uwalnianie energii w bezpiecznym i kontrolowanym \u015brodowisku<\/li>\n<\/ul>\n<p>Sprawia to, \u017ce park trampolin z basenem Ocean Ball jest zar\u00f3wno atrakcj\u0105 rozrywkow\u0105, jak i przestrzeni\u0105 rozwoju fizycznego.<\/p>\n<\/div>\n<\/div>\n<\/div>\n<div style=\"margin: 40px 0;\">\n<div style=\"font-size: 24px; font-weight: bold; color: #1e40af; margin-bottom: 18px;\">Scenariusze zastosowa\u0144<\/div>\n<div style=\"color: #374151;\">\n<p>Kryty park trampolin Custom Jump z basenem Ocean Ball jest szeroko stosowany w:<\/p>\n<ul style=\"margin: 14px 0 0 25px; padding: 0; list-style-type: disc; color: #4b5563;\">\n<li>Kryte place zabaw dla dzieci<\/li>\n<li>Strefy rozrywki w centrach handlowych<\/li>\n<li>Centra rozrywki rodzinnej (FEC)<\/li>\n<li>Centra sportu i aktywno\u015bci dla dzieci<\/li>\n<li>Projekty komercyjnych plac\u00f3w zabaw<\/li>\n<\/ul>\n<\/div>\n<\/div>\n<div style=\"margin: 40px 0;\">\n<div style=\"font-size: 24px; font-weight: bold; color: #1e40af; margin-bottom: 18px;\">Kompleksowe rozwi\u0105zanie dla park\u00f3w trampolin<\/div>\n<div style=\"color: #374151;\">\n<p>Zapewniamy kompletny park trampolin z rozwi\u0105zaniem Ocean Ball Pool, w tym:<\/p>\n<ul style=\"margin: 14px 0 0 25px; padding: 0; list-style-type: disc; color: #4b5563;\">\n<li>Projekt koncepcyjny i planowanie przestrzeni<\/li>\n<li>Produkcja na zam\u00f3wienie i kontrola jako\u015bci<\/li>\n<li>Wskaz\u00f3wki dotycz\u0105ce pakowania, dostawy i instalacji<\/li>\n<li>Wsparcie techniczne po sprzeda\u017cy<\/li>\n<\/ul>\n<\/div>\n<\/div>\n<div style=\"margin-top: 40px; padding-top: 30px; border-top: 2px dashed #c7d2fe;\">\n<div style=\"font-size: 24px; font-weight: bold; color: #1e40af; margin-bottom: 18px;\">Dlaczego warto wybra\u0107 ten park trampolin z basenem Ocean Ball?<\/div>\n<ul style=\"margin: 14px 0 0 25px; padding: 0; list-style-type: none; color: #374151;\">\n<li style=\"margin-bottom: 12px; position: relative; padding-left: 30px;\">\u2022 <span style=\"color: #6366f1; font-weight: 600;\">Wysoka atrakcyjno\u015b\u0107 wizualna<\/span> kt\u00f3ra przyci\u0105ga dzieci i rodzic\u00f3w<\/li>\n<li style=\"margin-bottom: 12px; position: relative; padding-left: 30px;\">\u2022 <span style=\"color: #6366f1; font-weight: 600;\">Zwi\u0119kszona warto\u015b\u0107 gry<\/span> w por\u00f3wnaniu do standardowych park\u00f3w trampolin<\/li>\n<li style=\"margin-bottom: 12px; position: relative; padding-left: 30px;\">\u2022 <span style=\"color: #6366f1; font-weight: 600;\">Projekt z mo\u017cliwo\u015bci\u0105 dostosowania<\/span> dla r\u00f3\u017cnych przestrzeni komercyjnych<\/li>\n<li style=\"position: relative; padding-left: 30px;\">\u2022 <span style=\"color: #6366f1; font-weight: 600;\">Sprawdzona struktura<\/span> dla d\u0142ugoterminowej dzia\u0142alno\u015bci komercyjnej<\/li>\n<\/ul>\n<\/div>\n<\/div>","protected":false},"excerpt":{"rendered":"<p>Zaprojektowany na zam\u00f3wienie kryty park trampolin z basenem z pi\u0142eczkami oceanicznymi dla plac\u00f3w zabaw dla dzieci i rodzinnych centr\u00f3w rozrywki. Konstrukcja klasy komercyjnej, wysokie standardy bezpiecze\u0144stwa i atrakcyjny wygl\u0105d zapewniaj\u0105cy d\u0142ugotrwa\u0142\u0105 eksploatacj\u0119.<\/p>","protected":false},"featured_media":4041,"parent":0,"template":"","meta":{"_acf_changed":false,"_kad_blocks_custom_css":"","_kad_blocks_head_custom_js":"","_kad_blocks_body_custom_js":"","_kad_blocks_footer_custom_js":"","_kadence_starter_templates_imported_post":false,"_kad_post_transparent":"default","_kad_post_title":"","_kad_post_layout":"default","_kad_post_sidebar_id":"","_kad_post_content_style":"default","_kad_post_vertical_padding":"default","_kad_post_feature":"","_kad_post_feature_position":"","_kad_post_header":false,"_kad_post_footer":false},"pcategory":[5,35],"ptag":[],"class_list":["post-4037","product","type-product","status-publish","has-post-thumbnail","hentry","pcategory-indoor-playground-equipment","pcategory-indoor-trampoline"],"acf":[],"yoast_head":"<!-- This site is optimized with the Yoast SEO plugin v27.4 - https:\/\/yoast.com\/product\/yoast-seo-wordpress\/ -->\n<title>Custom Indoor Jump Arena Trampoline Park with Ocean Ball Pool for Children Playground<\/title>\n<meta name=\"description\" content=\"Custom-designed indoor trampoline park with ocean ball pool for children playgrounds and family entertainment centers. Commercial-grade structure, high safety standards, and attractive design for long-term operation.\" \/>\n<meta name=\"robots\" content=\"index, follow, max-snippet:-1, max-image-preview:large, max-video-preview:-1\" \/>\n<link rel=\"canonical\" href=\"https:\/\/softplaysupply.com\/pl\/produkt\/indoor-trampoline-park-with-ocean-ball-pool\/\" \/>\n<meta property=\"og:locale\" content=\"pl_PL\" \/>\n<meta property=\"og:type\" content=\"article\" \/>\n<meta property=\"og:title\" content=\"Custom Indoor Jump Arena Trampoline Park with Ocean Ball Pool for Children Playground\" \/>\n<meta property=\"og:description\" content=\"Custom-designed indoor trampoline park with ocean ball pool for children playgrounds and family entertainment centers. Commercial-grade structure, high safety standards, and attractive design for long-term operation.\" \/>\n<meta property=\"og:url\" content=\"https:\/\/softplaysupply.com\/pl\/produkt\/indoor-trampoline-park-with-ocean-ball-pool\/\" \/>\n<meta property=\"og:site_name\" content=\"Nanpak\" \/>\n<meta property=\"og:image\" content=\"https:\/\/softplaysupply.com\/wp-content\/uploads\/2026\/04\/Trampoline-Park-with-Ocean-Ball-Pool-1.jpg\" \/>\n\t<meta property=\"og:image:width\" content=\"800\" \/>\n\t<meta property=\"og:image:height\" content=\"800\" \/>\n\t<meta property=\"og:image:type\" content=\"image\/jpeg\" \/>\n<meta name=\"twitter:card\" content=\"summary_large_image\" \/>\n<meta name=\"twitter:label1\" content=\"Szacowany czas czytania\" \/>\n\t<meta name=\"twitter:data1\" content=\"4 minuty\" \/>\n<script type=\"application\/ld+json\" class=\"yoast-schema-graph\">{\"@context\":\"https:\\\/\\\/schema.org\",\"@graph\":[{\"@type\":\"WebPage\",\"@id\":\"https:\\\/\\\/softplaysupply.com\\\/product\\\/indoor-trampoline-park-with-ocean-ball-pool\\\/\",\"url\":\"https:\\\/\\\/softplaysupply.com\\\/product\\\/indoor-trampoline-park-with-ocean-ball-pool\\\/\",\"name\":\"Custom Indoor Jump Arena Trampoline Park with Ocean Ball Pool for Children Playground\",\"isPartOf\":{\"@id\":\"https:\\\/\\\/softplaysupply.com\\\/#website\"},\"primaryImageOfPage\":{\"@id\":\"https:\\\/\\\/softplaysupply.com\\\/product\\\/indoor-trampoline-park-with-ocean-ball-pool\\\/#primaryimage\"},\"image\":{\"@id\":\"https:\\\/\\\/softplaysupply.com\\\/product\\\/indoor-trampoline-park-with-ocean-ball-pool\\\/#primaryimage\"},\"thumbnailUrl\":\"https:\\\/\\\/softplaysupply.com\\\/wp-content\\\/uploads\\\/2026\\\/04\\\/Trampoline-Park-with-Ocean-Ball-Pool-1.jpg\",\"datePublished\":\"2026-04-23T03:18:01+00:00\",\"description\":\"Custom-designed indoor trampoline park with ocean ball pool for children playgrounds and family entertainment centers. Commercial-grade structure, high safety standards, and attractive design for long-term operation.\",\"breadcrumb\":{\"@id\":\"https:\\\/\\\/softplaysupply.com\\\/product\\\/indoor-trampoline-park-with-ocean-ball-pool\\\/#breadcrumb\"},\"inLanguage\":\"pl-PL\",\"potentialAction\":[{\"@type\":\"ReadAction\",\"target\":[\"https:\\\/\\\/softplaysupply.com\\\/product\\\/indoor-trampoline-park-with-ocean-ball-pool\\\/\"]}]},{\"@type\":\"ImageObject\",\"inLanguage\":\"pl-PL\",\"@id\":\"https:\\\/\\\/softplaysupply.com\\\/product\\\/indoor-trampoline-park-with-ocean-ball-pool\\\/#primaryimage\",\"url\":\"https:\\\/\\\/softplaysupply.com\\\/wp-content\\\/uploads\\\/2026\\\/04\\\/Trampoline-Park-with-Ocean-Ball-Pool-1.jpg\",\"contentUrl\":\"https:\\\/\\\/softplaysupply.com\\\/wp-content\\\/uploads\\\/2026\\\/04\\\/Trampoline-Park-with-Ocean-Ball-Pool-1.jpg\",\"width\":800,\"height\":800},{\"@type\":\"BreadcrumbList\",\"@id\":\"https:\\\/\\\/softplaysupply.com\\\/product\\\/indoor-trampoline-park-with-ocean-ball-pool\\\/#breadcrumb\",\"itemListElement\":[{\"@type\":\"ListItem\",\"position\":1,\"name\":\"Home\",\"item\":\"https:\\\/\\\/softplaysupply.com\\\/\"},{\"@type\":\"ListItem\",\"position\":2,\"name\":\"Indoor Playground Equipment\",\"item\":\"https:\\\/\\\/softplaysupply.com\\\/pcategory\\\/indoor-playground-equipment\\\/\"},{\"@type\":\"ListItem\",\"position\":3,\"name\":\"Indoor Trampoline\",\"item\":\"https:\\\/\\\/softplaysupply.com\\\/pcategory\\\/indoor-playground-equipment\\\/indoor-trampoline\\\/\"},{\"@type\":\"ListItem\",\"position\":4,\"name\":\"Custom Indoor Jump Arena Trampoline Park with Ocean Ball Pool for Children Playground\"}]},{\"@type\":\"WebSite\",\"@id\":\"https:\\\/\\\/softplaysupply.com\\\/#website\",\"url\":\"https:\\\/\\\/softplaysupply.com\\\/\",\"name\":\"Soft Play Supplier\",\"description\":\"Soft Play Supplier\",\"publisher\":{\"@id\":\"https:\\\/\\\/softplaysupply.com\\\/#organization\"},\"potentialAction\":[{\"@type\":\"SearchAction\",\"target\":{\"@type\":\"EntryPoint\",\"urlTemplate\":\"https:\\\/\\\/softplaysupply.com\\\/?s={search_term_string}\"},\"query-input\":{\"@type\":\"PropertyValueSpecification\",\"valueRequired\":true,\"valueName\":\"search_term_string\"}}],\"inLanguage\":\"pl-PL\"},{\"@type\":\"Organization\",\"@id\":\"https:\\\/\\\/softplaysupply.com\\\/#organization\",\"name\":\"Nanpak\",\"url\":\"https:\\\/\\\/softplaysupply.com\\\/\",\"logo\":{\"@type\":\"ImageObject\",\"inLanguage\":\"pl-PL\",\"@id\":\"https:\\\/\\\/softplaysupply.com\\\/#\\\/schema\\\/logo\\\/image\\\/\",\"url\":\"https:\\\/\\\/softplaysupply.com\\\/wp-content\\\/uploads\\\/2025\\\/12\\\/cropped-mobile-logo.png\",\"contentUrl\":\"https:\\\/\\\/softplaysupply.com\\\/wp-content\\\/uploads\\\/2025\\\/12\\\/cropped-mobile-logo.png\",\"width\":263,\"height\":84,\"caption\":\"Nanpak\"},\"image\":{\"@id\":\"https:\\\/\\\/softplaysupply.com\\\/#\\\/schema\\\/logo\\\/image\\\/\"}}]}<\/script>\n<!-- \/ Yoast SEO plugin. -->","yoast_head_json":{"title":"Niestandardowy kryty park trampolin Jump Arena z basenem z pi\u0142kami oceanicznymi dla placu zabaw dla dzieci","description":"Zaprojektowany na zam\u00f3wienie kryty park trampolin z basenem z pi\u0142eczkami oceanicznymi dla plac\u00f3w zabaw dla dzieci i rodzinnych centr\u00f3w rozrywki. Konstrukcja klasy komercyjnej, wysokie standardy bezpiecze\u0144stwa i atrakcyjny wygl\u0105d zapewniaj\u0105cy d\u0142ugotrwa\u0142\u0105 eksploatacj\u0119.","robots":{"index":"index","follow":"follow","max-snippet":"max-snippet:-1","max-image-preview":"max-image-preview:large","max-video-preview":"max-video-preview:-1"},"canonical":"https:\/\/softplaysupply.com\/pl\/produkt\/indoor-trampoline-park-with-ocean-ball-pool\/","og_locale":"pl_PL","og_type":"article","og_title":"Custom Indoor Jump Arena Trampoline Park with Ocean Ball Pool for Children Playground","og_description":"Custom-designed indoor trampoline park with ocean ball pool for children playgrounds and family entertainment centers. Commercial-grade structure, high safety standards, and attractive design for long-term operation.","og_url":"https:\/\/softplaysupply.com\/pl\/produkt\/indoor-trampoline-park-with-ocean-ball-pool\/","og_site_name":"Nanpak","og_image":[{"width":800,"height":800,"url":"https:\/\/softplaysupply.com\/wp-content\/uploads\/2026\/04\/Trampoline-Park-with-Ocean-Ball-Pool-1.jpg","type":"image\/jpeg"}],"twitter_card":"summary_large_image","twitter_misc":{"Szacowany czas czytania":"4 minuty"},"schema":{"@context":"https:\/\/schema.org","@graph":[{"@type":"WebPage","@id":"https:\/\/softplaysupply.com\/product\/indoor-trampoline-park-with-ocean-ball-pool\/","url":"https:\/\/softplaysupply.com\/product\/indoor-trampoline-park-with-ocean-ball-pool\/","name":"Niestandardowy kryty park trampolin Jump Arena z basenem z pi\u0142kami oceanicznymi dla placu zabaw dla dzieci","isPartOf":{"@id":"https:\/\/softplaysupply.com\/#website"},"primaryImageOfPage":{"@id":"https:\/\/softplaysupply.com\/product\/indoor-trampoline-park-with-ocean-ball-pool\/#primaryimage"},"image":{"@id":"https:\/\/softplaysupply.com\/product\/indoor-trampoline-park-with-ocean-ball-pool\/#primaryimage"},"thumbnailUrl":"https:\/\/softplaysupply.com\/wp-content\/uploads\/2026\/04\/Trampoline-Park-with-Ocean-Ball-Pool-1.jpg","datePublished":"2026-04-23T03:18:01+00:00","description":"Zaprojektowany na zam\u00f3wienie kryty park trampolin z basenem z pi\u0142eczkami oceanicznymi dla plac\u00f3w zabaw dla dzieci i rodzinnych centr\u00f3w rozrywki. Konstrukcja klasy komercyjnej, wysokie standardy bezpiecze\u0144stwa i atrakcyjny wygl\u0105d zapewniaj\u0105cy d\u0142ugotrwa\u0142\u0105 eksploatacj\u0119.","breadcrumb":{"@id":"https:\/\/softplaysupply.com\/product\/indoor-trampoline-park-with-ocean-ball-pool\/#breadcrumb"},"inLanguage":"pl-PL","potentialAction":[{"@type":"ReadAction","target":["https:\/\/softplaysupply.com\/product\/indoor-trampoline-park-with-ocean-ball-pool\/"]}]},{"@type":"ImageObject","inLanguage":"pl-PL","@id":"https:\/\/softplaysupply.com\/product\/indoor-trampoline-park-with-ocean-ball-pool\/#primaryimage","url":"https:\/\/softplaysupply.com\/wp-content\/uploads\/2026\/04\/Trampoline-Park-with-Ocean-Ball-Pool-1.jpg","contentUrl":"https:\/\/softplaysupply.com\/wp-content\/uploads\/2026\/04\/Trampoline-Park-with-Ocean-Ball-Pool-1.jpg","width":800,"height":800},{"@type":"BreadcrumbList","@id":"https:\/\/softplaysupply.com\/product\/indoor-trampoline-park-with-ocean-ball-pool\/#breadcrumb","itemListElement":[{"@type":"ListItem","position":1,"name":"Home","item":"https:\/\/softplaysupply.com\/"},{"@type":"ListItem","position":2,"name":"Indoor Playground Equipment","item":"https:\/\/softplaysupply.com\/pcategory\/indoor-playground-equipment\/"},{"@type":"ListItem","position":3,"name":"Indoor Trampoline","item":"https:\/\/softplaysupply.com\/pcategory\/indoor-playground-equipment\/indoor-trampoline\/"},{"@type":"ListItem","position":4,"name":"Custom Indoor Jump Arena Trampoline Park with Ocean Ball Pool for Children Playground"}]},{"@type":"WebSite","@id":"https:\/\/softplaysupply.com\/#website","url":"https:\/\/softplaysupply.com\/","name":"Dostawca mi\u0119kkich zabawek","description":"Dostawca mi\u0119kkich zabawek","publisher":{"@id":"https:\/\/softplaysupply.com\/#organization"},"potentialAction":[{"@type":"SearchAction","target":{"@type":"EntryPoint","urlTemplate":"https:\/\/softplaysupply.com\/?s={search_term_string}"},"query-input":{"@type":"PropertyValueSpecification","valueRequired":true,"valueName":"search_term_string"}}],"inLanguage":"pl-PL"},{"@type":"Organization","@id":"https:\/\/softplaysupply.com\/#organization","name":"Nanpak","url":"https:\/\/softplaysupply.com\/","logo":{"@type":"ImageObject","inLanguage":"pl-PL","@id":"https:\/\/softplaysupply.com\/#\/schema\/logo\/image\/","url":"https:\/\/softplaysupply.com\/wp-content\/uploads\/2025\/12\/cropped-mobile-logo.png","contentUrl":"https:\/\/softplaysupply.com\/wp-content\/uploads\/2025\/12\/cropped-mobile-logo.png","width":263,"height":84,"caption":"Nanpak"},"image":{"@id":"https:\/\/softplaysupply.com\/#\/schema\/logo\/image\/"}}]}},"taxonomy_info":{"pcategory":[{"value":5,"label":"Indoor Playground Equipment"},{"value":35,"label":"Indoor Trampoline"}]},"featured_image_src_large":["https:\/\/softplaysupply.com\/wp-content\/uploads\/2026\/04\/Trampoline-Park-with-Ocean-Ball-Pool-1.jpg",800,800,false],"author_info":[],"comment_info":"","_links":{"self":[{"href":"https:\/\/softplaysupply.com\/pl\/wp-json\/wp\/v2\/product\/4037","targetHints":{"allow":["GET"]}}],"collection":[{"href":"https:\/\/softplaysupply.com\/pl\/wp-json\/wp\/v2\/product"}],"about":[{"href":"https:\/\/softplaysupply.com\/pl\/wp-json\/wp\/v2\/types\/product"}],"wp:featuredmedia":[{"embeddable":true,"href":"https:\/\/softplaysupply.com\/pl\/wp-json\/wp\/v2\/media\/4041"}],"wp:attachment":[{"href":"https:\/\/softplaysupply.com\/pl\/wp-json\/wp\/v2\/media?parent=4037"}],"wp:term":[{"taxonomy":"pcategory","embeddable":true,"href":"https:\/\/softplaysupply.com\/pl\/wp-json\/wp\/v2\/pcategory?post=4037"},{"taxonomy":"ptag","embeddable":true,"href":"https:\/\/softplaysupply.com\/pl\/wp-json\/wp\/v2\/ptag?post=4037"}],"curies":[{"name":"wp","href":"https:\/\/api.w.org\/{rel}","templated":true}]}}