{"id":3986,"date":"2026-04-13T05:44:43","date_gmt":"2026-04-13T05:44:43","guid":{"rendered":"https:\/\/softplaysupply.com\/?post_type=product&#038;p=3986"},"modified":"2026-01-22T05:55:26","modified_gmt":"2026-01-22T05:55:26","slug":"outdoor-mini-trampoline-park","status":"publish","type":"product","link":"https:\/\/softplaysupply.com\/pl\/produkt\/outdoor-mini-trampoline-park\/","title":{"rendered":"Ma\u0142y prostok\u0105tny zewn\u0119trzny mini park trampolin z siatk\u0105 ochronn\u0105 na sprzeda\u017c"},"content":{"rendered":"<div style=\"background: linear-gradient(to bottom, #ffffff, #f1f5f9); padding: 45px; border-radius: 16px; box-shadow: 0 8px 30px rgba(0,0,0,0.08); border: 1px solid #e2e8f0;\">\n<p><strong style=\"font-size: 34px; color: #1e40af; display: block; text-align: center; margin-bottom: 35px; padding-bottom: 18px; border-bottom: 6px solid #3b82f6; letter-spacing: 0.6px;\">Ma\u0142y prostok\u0105tny zewn\u0119trzny mini park trampolin z siatk\u0105 ochronn\u0105 - bezpieczna i konfigurowalna trampolina do ogrod\u00f3w dzieci\u0119cych, szk\u00f3\u0142, park\u00f3w i plac\u00f3w zabaw na \u015bwie\u017cym powietrzu<br \/>\n<\/strong><\/p>\n<p style=\"font-size: 17px; color: #334155; margin-bottom: 35px; text-align: justify;\">Ma\u0142y prostok\u0105tny zewn\u0119trzny mini park trampolin z siatk\u0105 ochronn\u0105 to kompaktowy i bezpieczny zewn\u0119trzny park trampolin przeznaczony dla dzieci w ka\u017cdym wieku. Ten ma\u0142y system trampolin zewn\u0119trznych \u0142\u0105czy w sobie wysokiej jako\u015bci materia\u0142y, \u0142atw\u0105 instalacj\u0119 i konfigurowalne projekty, kt\u00f3re pasuj\u0105 do r\u00f3\u017cnych przestrzeni zewn\u0119trznych, takich jak ogrody, szko\u0142y, place zabaw i tereny rekreacyjne.<\/p>\n<p>Idealna na rodzinne podw\u00f3rka, do szk\u00f3\u0142, park\u00f3w lub na komercyjne place zabaw, ta ma\u0142a trampolina na zewn\u0105trz zapewnia bezpieczne i zabawne wra\u017cenia podczas skakania, zapewniaj\u0105c jednocze\u015bnie spok\u00f3j dzi\u0119ki siatce ochronnej.<\/p>\n<p><img loading=\"lazy\" decoding=\"async\" class=\"alignnone size-full wp-image-3993\" src=\"https:\/\/softplaysupply.com\/wp-content\/uploads\/2026\/04\/mini-trampoline-outdoor-9.jpg\" alt=\"\" width=\"750\" height=\"750\" srcset=\"https:\/\/softplaysupply.com\/wp-content\/uploads\/2026\/04\/mini-trampoline-outdoor-9.jpg 750w, https:\/\/softplaysupply.com\/wp-content\/uploads\/2026\/04\/mini-trampoline-outdoor-9-300x300.jpg 300w, https:\/\/softplaysupply.com\/wp-content\/uploads\/2026\/04\/mini-trampoline-outdoor-9-150x150.jpg 150w, https:\/\/softplaysupply.com\/wp-content\/uploads\/2026\/04\/mini-trampoline-outdoor-9-12x12.jpg 12w\" sizes=\"auto, (max-width: 750px) 100vw, 750px\" \/> <img loading=\"lazy\" decoding=\"async\" class=\"alignnone size-full wp-image-3994\" src=\"https:\/\/softplaysupply.com\/wp-content\/uploads\/2026\/04\/mini-trampoline-outdoor-10.jpg\" alt=\"\" width=\"750\" height=\"750\" srcset=\"https:\/\/softplaysupply.com\/wp-content\/uploads\/2026\/04\/mini-trampoline-outdoor-10.jpg 750w, https:\/\/softplaysupply.com\/wp-content\/uploads\/2026\/04\/mini-trampoline-outdoor-10-300x300.jpg 300w, https:\/\/softplaysupply.com\/wp-content\/uploads\/2026\/04\/mini-trampoline-outdoor-10-150x150.jpg 150w, https:\/\/softplaysupply.com\/wp-content\/uploads\/2026\/04\/mini-trampoline-outdoor-10-12x12.jpg 12w\" sizes=\"auto, (max-width: 750px) 100vw, 750px\" \/> <img loading=\"lazy\" decoding=\"async\" class=\"alignnone size-full wp-image-3995\" src=\"https:\/\/softplaysupply.com\/wp-content\/uploads\/2026\/04\/mini-trampoline-outdoor-5.jpg\" alt=\"\" width=\"750\" height=\"533\" srcset=\"https:\/\/softplaysupply.com\/wp-content\/uploads\/2026\/04\/mini-trampoline-outdoor-5.jpg 750w, https:\/\/softplaysupply.com\/wp-content\/uploads\/2026\/04\/mini-trampoline-outdoor-5-300x213.jpg 300w, https:\/\/softplaysupply.com\/wp-content\/uploads\/2026\/04\/mini-trampoline-outdoor-5-18x12.jpg 18w\" sizes=\"auto, (max-width: 750px) 100vw, 750px\" \/> <img loading=\"lazy\" decoding=\"async\" class=\"alignnone size-full wp-image-3996\" src=\"https:\/\/softplaysupply.com\/wp-content\/uploads\/2026\/04\/mini-trampoline-outdoor-6.jpg\" alt=\"\" width=\"750\" height=\"562\" srcset=\"https:\/\/softplaysupply.com\/wp-content\/uploads\/2026\/04\/mini-trampoline-outdoor-6.jpg 750w, https:\/\/softplaysupply.com\/wp-content\/uploads\/2026\/04\/mini-trampoline-outdoor-6-300x225.jpg 300w, https:\/\/softplaysupply.com\/wp-content\/uploads\/2026\/04\/mini-trampoline-outdoor-6-16x12.jpg 16w\" sizes=\"auto, (max-width: 750px) 100vw, 750px\" \/> <img loading=\"lazy\" decoding=\"async\" class=\"alignnone size-full wp-image-3989\" src=\"https:\/\/softplaysupply.com\/wp-content\/uploads\/2026\/04\/mini-trampoline-outdoor-3.jpg\" alt=\"mini trampolina zewn\u0119trzna\" width=\"750\" height=\"750\" srcset=\"https:\/\/softplaysupply.com\/wp-content\/uploads\/2026\/04\/mini-trampoline-outdoor-3.jpg 750w, https:\/\/softplaysupply.com\/wp-content\/uploads\/2026\/04\/mini-trampoline-outdoor-3-300x300.jpg 300w, https:\/\/softplaysupply.com\/wp-content\/uploads\/2026\/04\/mini-trampoline-outdoor-3-150x150.jpg 150w, https:\/\/softplaysupply.com\/wp-content\/uploads\/2026\/04\/mini-trampoline-outdoor-3-12x12.jpg 12w\" sizes=\"auto, (max-width: 750px) 100vw, 750px\" \/><\/p>\n<p style=\"font-size: 23px; color: #1d4ed8; margin: 45px 0 20px 0; font-weight: bold; border-left: 7px solid #3b82f6; padding-left: 18px;\">Parametry techniczne<\/p>\n<ul style=\"color: #334155; list-style-type: none; padding-left: 0; margin-bottom: 30px; font-size: 16px;\">\n<li style=\"margin-bottom: 16px;\">- Rozmiar: Mo\u017cliwo\u015b\u0107 dostosowania do dost\u0119pnej przestrzeni. Prosimy o dostarczenie planu CAD lub wymiar\u00f3w obszaru, w tym lokalizacji drzwi i s\u0142up\u00f3w.<\/li>\n<li style=\"margin-bottom: 16px;\">- Maty do skakania: Wykonane z trwa\u0142ych materia\u0142\u00f3w PP z opcjonaln\u0105 personalizacj\u0105 obramowania.<\/li>\n<li style=\"margin-bottom: 16px;\">- Podk\u0142adka: Pianka EPE o zamkni\u0119tych kom\u00f3rkach, kt\u00f3ra jest wodoodporna, odporna na ple\u015b\u0144 i zachowuje kszta\u0142t. Szeroko\u015b\u0107: 80\/40 cm, grubo\u015b\u0107: 7 cm.<\/li>\n<li style=\"margin-bottom: 16px;\">- Winylowa os\u0142ona: Grubo\u015b\u0107 0,55 mm, zabezpieczona przed promieniowaniem UV, dost\u0119pna w dowolnym kolorze.<\/li>\n<li style=\"margin-bottom: 16px;\">- Spr\u0119\u017cyny: Stal ocynkowana, d\u0142ugo\u015b\u0107 21,5 cm.<\/li>\n<li style=\"margin-bottom: 16px;\">- Siatka zabezpieczaj\u0105ca: Materia\u0142 polietylenowy lub poliestrowy, szeroko\u015b\u0107 3 m, zapewniaj\u0105ca pe\u0142n\u0105 ochron\u0119 dzieci podczas skakania.<\/li>\n<li style=\"margin-bottom: 16px;\">- Instalacja: W zestawie profesjonalna instrukcja 3D, filmy monta\u017cowe i opcjonalne wsparcie in\u017cyniera technicznego na miejscu dla bezproblemowej instalacji.<\/li>\n<\/ul>\n<p style=\"font-size: 23px; color: #059669; margin: 45px 0 20px 0; font-weight: bold; border-left: 7px solid #059669; padding-left: 18px;\">G\u0142\u00f3wne zalety<\/p>\n<ol style=\"color: #334155; padding-left: 28px; margin-bottom: 35px; font-size: 16px; counter-reset: item;\">\n<li style=\"margin-bottom: 14px; counter-increment: item; position: relative;\">\u0141atwa instalacja i mo\u017cliwo\u015b\u0107 dostosowania: Zaprojektowany do szybkiego monta\u017cu z profesjonalnymi instrukcjami. W pe\u0142ni konfigurowalny pod wzgl\u0119dem rozmiaru, koloru i uk\u0142adu, aby pasowa\u0142 do ka\u017cdej przestrzeni zewn\u0119trznej.<\/li>\n<li style=\"margin-bottom: 14px; counter-increment: item; position: relative;\">Wysokie standardy bezpiecze\u0144stwa: CE, ISO9001, SGS, TUV, certyfikat ASTM. Siatka ochronna i mi\u0119kka wy\u015bci\u00f3\u0142ka zapewniaj\u0105 bezpiecze\u0144stwo dzieci podczas zabawy.<\/li>\n<li style=\"margin-bottom: 14px; counter-increment: item; position: relative;\">Trwa\u0142e materia\u0142y: Antystatyczne, antypo\u015blizgowe i zapobiegaj\u0105ce p\u0119kaniu maty do skakania oraz odporne na warunki atmosferyczne winylowe pokrowce.<\/li>\n<li style=\"margin-bottom: 14px; counter-increment: item; position: relative;\">Do\u015bwiadczenie zawodowe: Ponad 10 lat do\u015bwiadczenia w produkcji trampolin, dostarczenie setek mini trampolin do ponad 50 kraj\u00f3w.<\/li>\n<li style=\"margin-bottom: 14px; counter-increment: item; position: relative;\">Du\u017ca zdolno\u015b\u0107 produkcyjna: 18 400\u33a1 warsztat produkcyjny z pokojami pr\u00f3bek i profesjonalnym zespo\u0142em projektowym do niestandardowych projekt\u00f3w.<\/li>\n<\/ol>\n<p style=\"font-size: 23px; color: #7c3aed; margin: 45px 0 20px 0; font-weight: bold; border-left: 7px solid #7c3aed; padding-left: 18px;\">Zastosowania produktu<\/p>\n<p style=\"color: #334155; margin-bottom: 20px; font-weight: bold;\">Ta prostok\u0105tna trampolina zewn\u0119trzna jest idealna do:<\/p>\n<ul style=\"color: #334155; list-style-type: disc; padding-left: 28px; margin-bottom: 30px; font-size: 16px;\">\n<li>Podw\u00f3rka i ogrody<\/li>\n<li>Szko\u0142y i o\u015brodki opieki dziennej<\/li>\n<li>Zewn\u0119trzne place zabaw i parki<\/li>\n<li>Komercyjne obszary rekreacyjne<\/li>\n<\/ul>\n<p style=\"color: #334155; font-weight: bold;\">Nadaje si\u0119 zar\u00f3wno do indywidualnego u\u017cytku domowego, jak i instalacji komercyjnych, oferuj\u0105c dzieciom zabawne i bezpieczne wra\u017cenia z odbijania.<\/p>\n<p style=\"font-size: 23px; color: #ea580c; margin: 45px 0 20px 0; font-weight: bold; border-left: 7px solid #ea580c; padding-left: 18px;\">Pakowanie i dostawa<\/p>\n<ul style=\"color: #334155; list-style-type: none; padding-left: 0; font-size: 16px;\">\n<li style=\"margin-bottom: 14px;\">- Pakowane w foli\u0119 b\u0105belkow\u0105, foli\u0119 stretch, karton i nylonow\u0105 torb\u0119, aby zapewni\u0107 bezpieczn\u0105 dostaw\u0119.<\/li>\n<li style=\"margin-bottom: 14px;\">- Czas produkcji: 20-25 dni roboczych od wp\u0142aty, w zale\u017cno\u015bci od rozmiaru.<\/li>\n<\/ul>\n<\/div>","protected":false},"excerpt":{"rendered":"<p>Ma\u0142y prostok\u0105tny park trampolin z siatk\u0105 ochronn\u0105, zaprojektowany z my\u015bl\u0105 o bezpiecze\u0144stwie i zabawie dzieci. Nadaje si\u0119 do zewn\u0119trznych plac\u00f3w zabaw, ogrod\u00f3w, szk\u00f3\u0142 i komercyjnych centr\u00f3w zabaw. Szybka instalacja, mo\u017cliwo\u015b\u0107 dostosowania rozmiaru i wysokiej jako\u015bci materia\u0142y.<\/p>","protected":false},"featured_media":3989,"parent":0,"template":"","meta":{"_acf_changed":false,"_kad_blocks_custom_css":"","_kad_blocks_head_custom_js":"","_kad_blocks_body_custom_js":"","_kad_blocks_footer_custom_js":"","_kadence_starter_templates_imported_post":false,"_kad_post_transparent":"default","_kad_post_title":"","_kad_post_layout":"default","_kad_post_sidebar_id":"","_kad_post_content_style":"default","_kad_post_vertical_padding":"default","_kad_post_feature":"","_kad_post_feature_position":"","_kad_post_header":false,"_kad_post_footer":false},"pcategory":[5,36,35],"ptag":[],"class_list":["post-3986","product","type-product","status-publish","has-post-thumbnail","hentry","pcategory-indoor-playground-equipment","pcategory-indoor-play-structure","pcategory-indoor-trampoline"],"acf":[],"yoast_head":"<!-- This site is optimized with the Yoast SEO plugin v26.8 - https:\/\/yoast.com\/product\/yoast-seo-wordpress\/ -->\n<title>Small Rectangular Outdoor Mini Trampoline Park with Protective Net for Sale<\/title>\n<meta name=\"robots\" content=\"index, follow, max-snippet:-1, max-image-preview:large, max-video-preview:-1\" \/>\n<link rel=\"canonical\" href=\"https:\/\/softplaysupply.com\/pl\/produkt\/outdoor-mini-trampoline-park\/\" \/>\n<meta property=\"og:locale\" content=\"pl_PL\" \/>\n<meta property=\"og:type\" content=\"article\" \/>\n<meta property=\"og:title\" content=\"Small Rectangular Outdoor Mini Trampoline Park with Protective Net for Sale\" \/>\n<meta property=\"og:description\" content=\"Small rectangular outdoor trampoline park with protective net, designed for children\u2019s safety and fun. Suitable for outdoor playgrounds, gardens, schools, and commercial play centers. Quick installation, customizable size, and high-quality materials.\" \/>\n<meta property=\"og:url\" content=\"https:\/\/softplaysupply.com\/pl\/produkt\/outdoor-mini-trampoline-park\/\" \/>\n<meta property=\"og:site_name\" content=\"Nanpak\" \/>\n<meta property=\"og:image\" content=\"https:\/\/softplaysupply.com\/wp-content\/uploads\/2026\/04\/mini-trampoline-outdoor-3.jpg\" \/>\n\t<meta property=\"og:image:width\" content=\"750\" \/>\n\t<meta property=\"og:image:height\" content=\"750\" \/>\n\t<meta property=\"og:image:type\" content=\"image\/jpeg\" \/>\n<meta name=\"twitter:card\" content=\"summary_large_image\" \/>\n<meta name=\"twitter:label1\" content=\"Szacowany czas czytania\" \/>\n\t<meta name=\"twitter:data1\" content=\"3 minuty\" \/>\n<script type=\"application\/ld+json\" class=\"yoast-schema-graph\">{\"@context\":\"https:\/\/schema.org\",\"@graph\":[{\"@type\":\"WebPage\",\"@id\":\"https:\/\/softplaysupply.com\/product\/outdoor-mini-trampoline-park\/\",\"url\":\"https:\/\/softplaysupply.com\/product\/outdoor-mini-trampoline-park\/\",\"name\":\"Small Rectangular Outdoor Mini Trampoline Park with Protective Net for Sale\",\"isPartOf\":{\"@id\":\"https:\/\/softplaysupply.com\/#website\"},\"primaryImageOfPage\":{\"@id\":\"https:\/\/softplaysupply.com\/product\/outdoor-mini-trampoline-park\/#primaryimage\"},\"image\":{\"@id\":\"https:\/\/softplaysupply.com\/product\/outdoor-mini-trampoline-park\/#primaryimage\"},\"thumbnailUrl\":\"https:\/\/softplaysupply.com\/wp-content\/uploads\/2026\/04\/mini-trampoline-outdoor-3.jpg\",\"datePublished\":\"2026-04-13T05:44:43+00:00\",\"breadcrumb\":{\"@id\":\"https:\/\/softplaysupply.com\/product\/outdoor-mini-trampoline-park\/#breadcrumb\"},\"inLanguage\":\"pl-PL\",\"potentialAction\":[{\"@type\":\"ReadAction\",\"target\":[\"https:\/\/softplaysupply.com\/product\/outdoor-mini-trampoline-park\/\"]}]},{\"@type\":\"ImageObject\",\"inLanguage\":\"pl-PL\",\"@id\":\"https:\/\/softplaysupply.com\/product\/outdoor-mini-trampoline-park\/#primaryimage\",\"url\":\"https:\/\/softplaysupply.com\/wp-content\/uploads\/2026\/04\/mini-trampoline-outdoor-3.jpg\",\"contentUrl\":\"https:\/\/softplaysupply.com\/wp-content\/uploads\/2026\/04\/mini-trampoline-outdoor-3.jpg\",\"width\":750,\"height\":750,\"caption\":\"mini trampoline outdoor\"},{\"@type\":\"BreadcrumbList\",\"@id\":\"https:\/\/softplaysupply.com\/product\/outdoor-mini-trampoline-park\/#breadcrumb\",\"itemListElement\":[{\"@type\":\"ListItem\",\"position\":1,\"name\":\"Home\",\"item\":\"https:\/\/softplaysupply.com\/\"},{\"@type\":\"ListItem\",\"position\":2,\"name\":\"Indoor Playground Equipment\",\"item\":\"https:\/\/softplaysupply.com\/pcategory\/indoor-playground-equipment\/\"},{\"@type\":\"ListItem\",\"position\":3,\"name\":\"Indoor Trampoline\",\"item\":\"https:\/\/softplaysupply.com\/pcategory\/indoor-playground-equipment\/indoor-trampoline\/\"},{\"@type\":\"ListItem\",\"position\":4,\"name\":\"Small Rectangular Outdoor Mini Trampoline Park with Protective Net for Sale\"}]},{\"@type\":\"WebSite\",\"@id\":\"https:\/\/softplaysupply.com\/#website\",\"url\":\"https:\/\/softplaysupply.com\/\",\"name\":\"Soft Play Supplier\",\"description\":\"Soft Play Supplier\",\"publisher\":{\"@id\":\"https:\/\/softplaysupply.com\/#organization\"},\"potentialAction\":[{\"@type\":\"SearchAction\",\"target\":{\"@type\":\"EntryPoint\",\"urlTemplate\":\"https:\/\/softplaysupply.com\/?s={search_term_string}\"},\"query-input\":{\"@type\":\"PropertyValueSpecification\",\"valueRequired\":true,\"valueName\":\"search_term_string\"}}],\"inLanguage\":\"pl-PL\"},{\"@type\":\"Organization\",\"@id\":\"https:\/\/softplaysupply.com\/#organization\",\"name\":\"Nanpak\",\"url\":\"https:\/\/softplaysupply.com\/\",\"logo\":{\"@type\":\"ImageObject\",\"inLanguage\":\"pl-PL\",\"@id\":\"https:\/\/softplaysupply.com\/#\/schema\/logo\/image\/\",\"url\":\"https:\/\/softplaysupply.com\/wp-content\/uploads\/2025\/12\/cropped-mobile-logo.png\",\"contentUrl\":\"https:\/\/softplaysupply.com\/wp-content\/uploads\/2025\/12\/cropped-mobile-logo.png\",\"width\":263,\"height\":84,\"caption\":\"Nanpak\"},\"image\":{\"@id\":\"https:\/\/softplaysupply.com\/#\/schema\/logo\/image\/\"}}]}<\/script>\n<!-- \/ Yoast SEO plugin. -->","yoast_head_json":{"title":"Ma\u0142y prostok\u0105tny zewn\u0119trzny mini park trampolin z siatk\u0105 ochronn\u0105 na sprzeda\u017c","robots":{"index":"index","follow":"follow","max-snippet":"max-snippet:-1","max-image-preview":"max-image-preview:large","max-video-preview":"max-video-preview:-1"},"canonical":"https:\/\/softplaysupply.com\/pl\/produkt\/outdoor-mini-trampoline-park\/","og_locale":"pl_PL","og_type":"article","og_title":"Small Rectangular Outdoor Mini Trampoline Park with Protective Net for Sale","og_description":"Small rectangular outdoor trampoline park with protective net, designed for children\u2019s safety and fun. Suitable for outdoor playgrounds, gardens, schools, and commercial play centers. Quick installation, customizable size, and high-quality materials.","og_url":"https:\/\/softplaysupply.com\/pl\/produkt\/outdoor-mini-trampoline-park\/","og_site_name":"Nanpak","og_image":[{"width":750,"height":750,"url":"https:\/\/softplaysupply.com\/wp-content\/uploads\/2026\/04\/mini-trampoline-outdoor-3.jpg","type":"image\/jpeg"}],"twitter_card":"summary_large_image","twitter_misc":{"Szacowany czas czytania":"3 minuty"},"schema":{"@context":"https:\/\/schema.org","@graph":[{"@type":"WebPage","@id":"https:\/\/softplaysupply.com\/product\/outdoor-mini-trampoline-park\/","url":"https:\/\/softplaysupply.com\/product\/outdoor-mini-trampoline-park\/","name":"Ma\u0142y prostok\u0105tny zewn\u0119trzny mini park trampolin z siatk\u0105 ochronn\u0105 na sprzeda\u017c","isPartOf":{"@id":"https:\/\/softplaysupply.com\/#website"},"primaryImageOfPage":{"@id":"https:\/\/softplaysupply.com\/product\/outdoor-mini-trampoline-park\/#primaryimage"},"image":{"@id":"https:\/\/softplaysupply.com\/product\/outdoor-mini-trampoline-park\/#primaryimage"},"thumbnailUrl":"https:\/\/softplaysupply.com\/wp-content\/uploads\/2026\/04\/mini-trampoline-outdoor-3.jpg","datePublished":"2026-04-13T05:44:43+00:00","breadcrumb":{"@id":"https:\/\/softplaysupply.com\/product\/outdoor-mini-trampoline-park\/#breadcrumb"},"inLanguage":"pl-PL","potentialAction":[{"@type":"ReadAction","target":["https:\/\/softplaysupply.com\/product\/outdoor-mini-trampoline-park\/"]}]},{"@type":"ImageObject","inLanguage":"pl-PL","@id":"https:\/\/softplaysupply.com\/product\/outdoor-mini-trampoline-park\/#primaryimage","url":"https:\/\/softplaysupply.com\/wp-content\/uploads\/2026\/04\/mini-trampoline-outdoor-3.jpg","contentUrl":"https:\/\/softplaysupply.com\/wp-content\/uploads\/2026\/04\/mini-trampoline-outdoor-3.jpg","width":750,"height":750,"caption":"mini trampoline outdoor"},{"@type":"BreadcrumbList","@id":"https:\/\/softplaysupply.com\/product\/outdoor-mini-trampoline-park\/#breadcrumb","itemListElement":[{"@type":"ListItem","position":1,"name":"Home","item":"https:\/\/softplaysupply.com\/"},{"@type":"ListItem","position":2,"name":"Indoor Playground Equipment","item":"https:\/\/softplaysupply.com\/pcategory\/indoor-playground-equipment\/"},{"@type":"ListItem","position":3,"name":"Indoor Trampoline","item":"https:\/\/softplaysupply.com\/pcategory\/indoor-playground-equipment\/indoor-trampoline\/"},{"@type":"ListItem","position":4,"name":"Small Rectangular Outdoor Mini Trampoline Park with Protective Net for Sale"}]},{"@type":"WebSite","@id":"https:\/\/softplaysupply.com\/#website","url":"https:\/\/softplaysupply.com\/","name":"Dostawca mi\u0119kkich zabawek","description":"Dostawca mi\u0119kkich zabawek","publisher":{"@id":"https:\/\/softplaysupply.com\/#organization"},"potentialAction":[{"@type":"SearchAction","target":{"@type":"EntryPoint","urlTemplate":"https:\/\/softplaysupply.com\/?s={search_term_string}"},"query-input":{"@type":"PropertyValueSpecification","valueRequired":true,"valueName":"search_term_string"}}],"inLanguage":"pl-PL"},{"@type":"Organization","@id":"https:\/\/softplaysupply.com\/#organization","name":"Nanpak","url":"https:\/\/softplaysupply.com\/","logo":{"@type":"ImageObject","inLanguage":"pl-PL","@id":"https:\/\/softplaysupply.com\/#\/schema\/logo\/image\/","url":"https:\/\/softplaysupply.com\/wp-content\/uploads\/2025\/12\/cropped-mobile-logo.png","contentUrl":"https:\/\/softplaysupply.com\/wp-content\/uploads\/2025\/12\/cropped-mobile-logo.png","width":263,"height":84,"caption":"Nanpak"},"image":{"@id":"https:\/\/softplaysupply.com\/#\/schema\/logo\/image\/"}}]}},"taxonomy_info":{"pcategory":[{"value":5,"label":"Indoor Playground Equipment"},{"value":36,"label":"Indoor Play Structure"},{"value":35,"label":"Indoor Trampoline"}]},"featured_image_src_large":["https:\/\/softplaysupply.com\/wp-content\/uploads\/2026\/04\/mini-trampoline-outdoor-3.jpg",750,750,false],"author_info":[],"comment_info":"","_links":{"self":[{"href":"https:\/\/softplaysupply.com\/pl\/wp-json\/wp\/v2\/product\/3986","targetHints":{"allow":["GET"]}}],"collection":[{"href":"https:\/\/softplaysupply.com\/pl\/wp-json\/wp\/v2\/product"}],"about":[{"href":"https:\/\/softplaysupply.com\/pl\/wp-json\/wp\/v2\/types\/product"}],"wp:featuredmedia":[{"embeddable":true,"href":"https:\/\/softplaysupply.com\/pl\/wp-json\/wp\/v2\/media\/3989"}],"wp:attachment":[{"href":"https:\/\/softplaysupply.com\/pl\/wp-json\/wp\/v2\/media?parent=3986"}],"wp:term":[{"taxonomy":"pcategory","embeddable":true,"href":"https:\/\/softplaysupply.com\/pl\/wp-json\/wp\/v2\/pcategory?post=3986"},{"taxonomy":"ptag","embeddable":true,"href":"https:\/\/softplaysupply.com\/pl\/wp-json\/wp\/v2\/ptag?post=3986"}],"curies":[{"name":"wp","href":"https:\/\/api.w.org\/{rel}","templated":true}]}}