{"id":3898,"date":"2026-01-16T07:52:32","date_gmt":"2026-01-16T07:52:32","guid":{"rendered":"https:\/\/softplaysupply.com\/?post_type=product&#038;p=3898"},"modified":"2026-01-16T07:52:32","modified_gmt":"2026-01-16T07:52:32","slug":"plastic-soft-play-slide","status":"publish","type":"product","link":"https:\/\/softplaysupply.com\/pl\/produkt\/plastic-soft-play-slide\/","title":{"rendered":"Komercyjna luksusowa plastikowa zje\u017cd\u017calnia do zabawy dla dzieci"},"content":{"rendered":"<div style=\"background: linear-gradient(145deg, #ffffff 0%, #f0f7ff 100%); border-radius: 20px; padding: 45px 40px; box-shadow: 0 10px 35px rgba(0,0,0,0.07); border: 1px solid #e2e8f0;\">\n<p style=\"font-size: 16px; color: #4b5563; margin: 12px 0;\">Commercial Luxury Plastic Soft Play Slide to najwy\u017cszej jako\u015bci sprz\u0119t rozrywkowy zaprojektowany specjalnie na imprezy dla dzieci, wewn\u0119trzne place zabaw i wynajem imprez. Ta zje\u017cd\u017calnia ma g\u0142adkie podw\u00f3jne tory \u015blizgowe w po\u0142\u0105czeniu z w pe\u0142ni wy\u015bcie\u0142an\u0105 mi\u0119kk\u0105 konstrukcj\u0105, zapewniaj\u0105c ekscytuj\u0105ce i zabawne wra\u017cenia \u015blizgowe, jednocze\u015bnie w pe\u0142ni spe\u0142niaj\u0105c standardy bezpiecze\u0144stwa i trwa\u0142o\u015bci wymagane do u\u017cytku komercyjnego. Powszechnie dost\u0119pne rozmiary to 4 stopy, 5 st\u00f3p, 7 st\u00f3p, 9 st\u00f3p i wi\u0119cej.<\/p>\n<p><img loading=\"lazy\" decoding=\"async\" class=\"alignnone size-full wp-image-3905\" src=\"https:\/\/softplaysupply.com\/wp-content\/uploads\/2026\/01\/Soft-Play-Slide-7.jpg\" alt=\"\" width=\"750\" height=\"750\" srcset=\"https:\/\/softplaysupply.com\/wp-content\/uploads\/2026\/01\/Soft-Play-Slide-7.jpg 750w, https:\/\/softplaysupply.com\/wp-content\/uploads\/2026\/01\/Soft-Play-Slide-7-300x300.jpg 300w, https:\/\/softplaysupply.com\/wp-content\/uploads\/2026\/01\/Soft-Play-Slide-7-150x150.jpg 150w, https:\/\/softplaysupply.com\/wp-content\/uploads\/2026\/01\/Soft-Play-Slide-7-12x12.jpg 12w\" sizes=\"auto, (max-width: 750px) 100vw, 750px\" \/> <img loading=\"lazy\" decoding=\"async\" class=\"alignnone size-full wp-image-3904\" src=\"https:\/\/softplaysupply.com\/wp-content\/uploads\/2026\/01\/Soft-Play-Slide-6.jpg\" alt=\"\" width=\"750\" height=\"750\" srcset=\"https:\/\/softplaysupply.com\/wp-content\/uploads\/2026\/01\/Soft-Play-Slide-6.jpg 750w, https:\/\/softplaysupply.com\/wp-content\/uploads\/2026\/01\/Soft-Play-Slide-6-300x300.jpg 300w, https:\/\/softplaysupply.com\/wp-content\/uploads\/2026\/01\/Soft-Play-Slide-6-150x150.jpg 150w, https:\/\/softplaysupply.com\/wp-content\/uploads\/2026\/01\/Soft-Play-Slide-6-12x12.jpg 12w\" sizes=\"auto, (max-width: 750px) 100vw, 750px\" \/> <img loading=\"lazy\" decoding=\"async\" class=\"alignnone size-full wp-image-3902\" src=\"https:\/\/softplaysupply.com\/wp-content\/uploads\/2026\/01\/Soft-Play-Slide-4.jpg\" alt=\"\" width=\"750\" height=\"750\" srcset=\"https:\/\/softplaysupply.com\/wp-content\/uploads\/2026\/01\/Soft-Play-Slide-4.jpg 750w, https:\/\/softplaysupply.com\/wp-content\/uploads\/2026\/01\/Soft-Play-Slide-4-300x300.jpg 300w, https:\/\/softplaysupply.com\/wp-content\/uploads\/2026\/01\/Soft-Play-Slide-4-150x150.jpg 150w, https:\/\/softplaysupply.com\/wp-content\/uploads\/2026\/01\/Soft-Play-Slide-4-12x12.jpg 12w\" sizes=\"auto, (max-width: 750px) 100vw, 750px\" \/> <img loading=\"lazy\" decoding=\"async\" class=\"alignnone size-full wp-image-3900\" src=\"https:\/\/softplaysupply.com\/wp-content\/uploads\/2026\/01\/Soft-Play-Slide-2.jpg\" alt=\"\" width=\"750\" height=\"750\" srcset=\"https:\/\/softplaysupply.com\/wp-content\/uploads\/2026\/01\/Soft-Play-Slide-2.jpg 750w, https:\/\/softplaysupply.com\/wp-content\/uploads\/2026\/01\/Soft-Play-Slide-2-300x300.jpg 300w, https:\/\/softplaysupply.com\/wp-content\/uploads\/2026\/01\/Soft-Play-Slide-2-150x150.jpg 150w, https:\/\/softplaysupply.com\/wp-content\/uploads\/2026\/01\/Soft-Play-Slide-2-12x12.jpg 12w\" sizes=\"auto, (max-width: 750px) 100vw, 750px\" \/> <img loading=\"lazy\" decoding=\"async\" class=\"alignnone size-full wp-image-3899\" src=\"https:\/\/softplaysupply.com\/wp-content\/uploads\/2026\/01\/Soft-Play-Slide-1.jpg\" alt=\"\" width=\"750\" height=\"750\" srcset=\"https:\/\/softplaysupply.com\/wp-content\/uploads\/2026\/01\/Soft-Play-Slide-1.jpg 750w, https:\/\/softplaysupply.com\/wp-content\/uploads\/2026\/01\/Soft-Play-Slide-1-300x300.jpg 300w, https:\/\/softplaysupply.com\/wp-content\/uploads\/2026\/01\/Soft-Play-Slide-1-150x150.jpg 150w, https:\/\/softplaysupply.com\/wp-content\/uploads\/2026\/01\/Soft-Play-Slide-1-12x12.jpg 12w\" sizes=\"auto, (max-width: 750px) 100vw, 750px\" \/><\/p>\n<p style=\"font-size: 22px; font-weight: bold; color: #1e40af; margin: 45px 0 20px 0;\">Projekt i materia\u0142y<\/p>\n<p style=\"font-size: 16px; color: #4b5563; margin: 12px 0;\">Bezpiecze\u0144stwo dzieci jest najwy\u017cszym priorytetem w konstrukcji tej zje\u017cd\u017calni. <strong>drewniana konstrukcja no\u015bna<\/strong> w po\u0142\u0105czeniu z <strong>Wysokiej jako\u015bci plastikowe panele \u015blizgowe<\/strong>.<\/p>\n<p style=\"font-size: 16px; color: #4b5563; margin: 12px 0;\">G\u0142adkie, zakrzywione tory zje\u017cd\u017calni zapewniaj\u0105 p\u0142ynn\u0105 i przyjemn\u0105 jazd\u0119, a podwy\u017cszone os\u0142ony boczne skutecznie zapobiegaj\u0105 wypadni\u0119ciu dzieci.<\/p>\n<p style=\"font-size: 16px; color: #4b5563; margin: 12px 0;\">Czysta, bia\u0142a obudowa emanuje nowoczesno\u015bci\u0105 i luksusem, z \u0142atwo\u015bci\u0105 integruj\u0105c si\u0119 z imprezami o neutralnej tematyce, wewn\u0119trznymi placami zabaw lub wysokiej klasy zestawami do mi\u0119kkiej zabawy.<\/p>\n<p style=\"font-size: 22px; font-weight: bold; color: #1e40af; margin: 45px 0 20px 0;\">Zje\u017cd\u017calnia zintegrowana z basenem z pi\u0142eczkami<\/p>\n<p style=\"font-size: 16px; color: #4b5563; margin: 12px 0;\">Zje\u017cd\u017calnia p\u0142ynnie \u0142\u0105czy si\u0119 z basenem z pi\u0142eczkami, tworz\u0105c kompletne i wci\u0105gaj\u0105ce do\u015bwiadczenie zabawy.<\/p>\n<p style=\"font-size: 16px; color: #4b5563; margin: 12px 0;\">Dzieci mog\u0105 p\u0142ynnie zje\u017cd\u017ca\u0107 w d\u00f3\u0142 i bezpiecznie l\u0105dowa\u0107 w mi\u0119kkim dole wype\u0142nionym lekkimi, odpornymi na nacisk plastikowymi pi\u0142kami.<\/p>\n<p style=\"font-size: 16px; color: #4b5563; margin: 12px 0;\">Dzieci mog\u0105 zje\u017cd\u017ca\u0107 stopami lub g\u0142ow\u0105 (wymagany nadz\u00f3r osoby doros\u0142ej), a nast\u0119pnie wskakiwa\u0107, czo\u0142ga\u0107 si\u0119 lub swobodnie bawi\u0107 w basenie z pi\u0142kami, promuj\u0105c aktywno\u015b\u0107 fizyczn\u0105, stymulacj\u0119 sensoryczn\u0105 i rozw\u00f3j wyobra\u017ani.<\/p>\n<p style=\"font-size: 22px; font-weight: bold; color: #1e40af; margin: 45px 0 20px 0;\">Funkcje zabawy i korzy\u015bci dla rozwoju dziecka<\/p>\n<p style=\"font-size: 16px; color: #4b5563; margin: 12px 0;\">Zje\u017cd\u017calnia Soft Play pomaga dzieciom:<\/p>\n<ul style=\"font-size: 16px; color: #4b5563; margin: 12px 0 12px 30px; padding: 0; list-style-type: disc;\">\n<li>Poprawa r\u00f3wnowagi i koordynacji cia\u0142a<\/li>\n<li>Rozwija du\u017ce grupy mi\u0119\u015bni i si\u0142\u0119 rdzenia<\/li>\n<li>Budowanie pewno\u015bci siebie poprzez wielokrotne po\u015blizgi<\/li>\n<li>Wzbudzenie zainteresowania aktywnym ruchem i eksploracj\u0105<\/li>\n<\/ul>\n<p style=\"font-size: 16px; color: #4b5563; margin: 12px 0;\">Jednocze\u015bnie zje\u017cd\u017canie i interakcja na zmian\u0119 rozwija umiej\u0119tno\u015bci spo\u0142eczne i \u015bwiadomo\u015b\u0107 pracy zespo\u0142owej.<\/p>\n<p style=\"font-size: 22px; font-weight: bold; color: #1e40af; margin: 45px 0 20px 0;\">Zastosowania<\/p>\n<ul style=\"font-size: 16px; color: #4b5563; margin: 12px 0 12px 30px; padding: 0; list-style-type: disc;\">\n<li>Wypo\u017cyczalnie i miejsca na imprezy dla dzieci<\/li>\n<li>Kryte place zabaw dla dzieci<\/li>\n<li>Rodzinne centra rozrywki<\/li>\n<li>Przedszkola i o\u015brodki opieki dziennej<\/li>\n<li>Trening integracji sensorycznej i przestrzenie wczesnej edukacji<\/li>\n<\/ul>\n<p style=\"font-size: 22px; font-weight: bold; color: #1e40af; margin: 45px 0 20px 0;\">Us\u0142ugi dostosowywania<\/p>\n<ul style=\"font-size: 16px; color: #4b5563; margin: 12px 0 12px 30px; padding: 0; list-style-type: disc;\">\n<li>Mo\u017cliwo\u015b\u0107 dostosowania koloru i rozmiaru<\/li>\n<li>Modu\u0142owe kombinacje z boiskami do gry w pi\u0142k\u0119 i innym mi\u0119kkim sprz\u0119tem do zabawy<\/li>\n<li>Wsparcie dla LOGO klient\u00f3w komercyjnych i dostosowywanie marki<\/li>\n<\/ul>\n<p style=\"font-size: 22px; font-weight: bold; color: #1e40af; margin: 45px 0 20px 0;\">Instalacja i konserwacja<\/p>\n<p style=\"font-size: 16px; color: #4b5563; margin: 12px 0;\">Zje\u017cd\u017calnia jest \u0142atwa w instalacji i doskonale nadaje si\u0119 do cz\u0119stego u\u017cytku komercyjnego. G\u0142adka plastikowa powierzchnia jest odporna na plamy i \u0142atwa do czyszczenia, a plastikowe kulki w do\u0142ku mo\u017cna szybko zdezynfekowa\u0107 za pomoc\u0105 standardowego sprz\u0119tu - idealnego do wynajmu na imprezy i w miejscach o du\u017cym nat\u0119\u017ceniu ruchu.<\/p>\n<p style=\"font-size: 22px; font-weight: bold; color: #1e40af; margin: 45px 0 20px 0;\">Dlaczego warto wybra\u0107 t\u0119 zje\u017cd\u017calni\u0119 Soft Play?<\/p>\n<ul style=\"font-size: 16px; color: #4b5563; margin: 12px 0 12px 30px; padding: 0; list-style-type: disc;\">\n<li>Jako\u015b\u0107 klasy komercyjnej, zaprojektowana specjalnie dla wypo\u017cyczalni imprezowych<\/li>\n<li>Luksusowy wygl\u0105d po\u0142\u0105czony z bezpieczn\u0105 konstrukcj\u0105 przyjazn\u0105 dzieciom<\/li>\n<li>Trwa\u0142e, bezpieczne i \u0142atwe w utrzymaniu<\/li>\n<li>Idealny wyb\u00f3r na przyj\u0119cia dla dzieci, wynajem na imprezy i do zabawy w pomieszczeniach.<\/li>\n<\/ul>\n<\/div>","protected":false},"excerpt":{"rendered":"<p>Zje\u017cd\u017calnia Commercial Luxury Plastic Soft Play Slide to najwy\u017cszej jako\u015bci sprz\u0119t rozrywkowy zaprojektowany specjalnie na imprezy dla dzieci, wewn\u0119trzne place zabaw i wynajem na imprezy. Ta zje\u017cd\u017calnia ma g\u0142adkie podw\u00f3jne tory \u015blizgowe w po\u0142\u0105czeniu z w pe\u0142ni wy\u015bcie\u0142an\u0105 mi\u0119kk\u0105 konstrukcj\u0105, zapewniaj\u0105c ekscytuj\u0105ce i zabawne wra\u017cenia ze zje\u017cd\u017cania, jednocze\u015bnie w pe\u0142ni spe\u0142niaj\u0105c standardy bezpiecze\u0144stwa i trwa\u0142o\u015bci wymagane do u\u017cytku komercyjnego....<\/p>","protected":false},"featured_media":3902,"parent":0,"template":"","meta":{"_acf_changed":false,"_kad_blocks_custom_css":"","_kad_blocks_head_custom_js":"","_kad_blocks_body_custom_js":"","_kad_blocks_footer_custom_js":"","_kadence_starter_templates_imported_post":false,"_kad_post_transparent":"default","_kad_post_title":"","_kad_post_layout":"default","_kad_post_sidebar_id":"","_kad_post_content_style":"default","_kad_post_vertical_padding":"default","_kad_post_feature":"","_kad_post_feature_position":"","_kad_post_header":false,"_kad_post_footer":false},"pcategory":[22,46],"ptag":[],"class_list":["post-3898","product","type-product","status-publish","has-post-thumbnail","hentry","pcategory-soft-play-equipment","pcategory-soft-play-slide"],"acf":[],"yoast_head":"<!-- This site is optimized with the Yoast SEO plugin v26.8 - https:\/\/yoast.com\/product\/yoast-seo-wordpress\/ -->\n<title>Commercial Luxury Plastic Soft Play Slide for Kids Party<\/title>\n<meta name=\"description\" content=\"Commercial Luxury Soft Play Slide \u2013 4ft\/5ft\/7ft\/9ft options. Dual smooth slides + soft ball pit combo. Boosts balance, confidence &amp; motor skills. Built for high-traffic party rentals &amp; indoor fun!\" \/>\n<meta name=\"robots\" content=\"index, follow, max-snippet:-1, max-image-preview:large, max-video-preview:-1\" \/>\n<link rel=\"canonical\" href=\"https:\/\/softplaysupply.com\/pl\/produkt\/plastic-soft-play-slide\/\" \/>\n<meta property=\"og:locale\" content=\"pl_PL\" \/>\n<meta property=\"og:type\" content=\"article\" \/>\n<meta property=\"og:title\" content=\"Commercial Luxury Plastic Soft Play Slide for Kids Party\" \/>\n<meta property=\"og:description\" content=\"Commercial Luxury Soft Play Slide \u2013 4ft\/5ft\/7ft\/9ft options. Dual smooth slides + soft ball pit combo. Boosts balance, confidence &amp; motor skills. Built for high-traffic party rentals &amp; indoor fun!\" \/>\n<meta property=\"og:url\" content=\"https:\/\/softplaysupply.com\/pl\/produkt\/plastic-soft-play-slide\/\" \/>\n<meta property=\"og:site_name\" content=\"Nanpak\" \/>\n<meta property=\"og:image\" content=\"https:\/\/softplaysupply.com\/wp-content\/uploads\/2026\/01\/Soft-Play-Slide-4.jpg\" \/>\n\t<meta property=\"og:image:width\" content=\"750\" \/>\n\t<meta property=\"og:image:height\" content=\"750\" \/>\n\t<meta property=\"og:image:type\" content=\"image\/jpeg\" \/>\n<meta name=\"twitter:card\" content=\"summary_large_image\" \/>\n<meta name=\"twitter:label1\" content=\"Szacowany czas czytania\" \/>\n\t<meta name=\"twitter:data1\" content=\"3 minuty\" \/>\n<script type=\"application\/ld+json\" class=\"yoast-schema-graph\">{\"@context\":\"https:\/\/schema.org\",\"@graph\":[{\"@type\":\"WebPage\",\"@id\":\"https:\/\/softplaysupply.com\/product\/plastic-soft-play-slide\/\",\"url\":\"https:\/\/softplaysupply.com\/product\/plastic-soft-play-slide\/\",\"name\":\"Commercial Luxury Plastic Soft Play Slide for Kids Party\",\"isPartOf\":{\"@id\":\"https:\/\/softplaysupply.com\/#website\"},\"primaryImageOfPage\":{\"@id\":\"https:\/\/softplaysupply.com\/product\/plastic-soft-play-slide\/#primaryimage\"},\"image\":{\"@id\":\"https:\/\/softplaysupply.com\/product\/plastic-soft-play-slide\/#primaryimage\"},\"thumbnailUrl\":\"https:\/\/softplaysupply.com\/wp-content\/uploads\/2026\/01\/Soft-Play-Slide-4.jpg\",\"datePublished\":\"2026-01-16T07:52:32+00:00\",\"description\":\"Commercial Luxury Soft Play Slide \u2013 4ft\/5ft\/7ft\/9ft options. Dual smooth slides + soft ball pit combo. Boosts balance, confidence & motor skills. Built for high-traffic party rentals & indoor fun!\",\"breadcrumb\":{\"@id\":\"https:\/\/softplaysupply.com\/product\/plastic-soft-play-slide\/#breadcrumb\"},\"inLanguage\":\"pl-PL\",\"potentialAction\":[{\"@type\":\"ReadAction\",\"target\":[\"https:\/\/softplaysupply.com\/product\/plastic-soft-play-slide\/\"]}]},{\"@type\":\"ImageObject\",\"inLanguage\":\"pl-PL\",\"@id\":\"https:\/\/softplaysupply.com\/product\/plastic-soft-play-slide\/#primaryimage\",\"url\":\"https:\/\/softplaysupply.com\/wp-content\/uploads\/2026\/01\/Soft-Play-Slide-4.jpg\",\"contentUrl\":\"https:\/\/softplaysupply.com\/wp-content\/uploads\/2026\/01\/Soft-Play-Slide-4.jpg\",\"width\":750,\"height\":750},{\"@type\":\"BreadcrumbList\",\"@id\":\"https:\/\/softplaysupply.com\/product\/plastic-soft-play-slide\/#breadcrumb\",\"itemListElement\":[{\"@type\":\"ListItem\",\"position\":1,\"name\":\"Home\",\"item\":\"https:\/\/softplaysupply.com\/\"},{\"@type\":\"ListItem\",\"position\":2,\"name\":\"Soft Play Equipment\",\"item\":\"https:\/\/softplaysupply.com\/pcategory\/soft-play-equipment\/\"},{\"@type\":\"ListItem\",\"position\":3,\"name\":\"Soft Play Slide\",\"item\":\"https:\/\/softplaysupply.com\/pcategory\/soft-play-equipment\/soft-play-slide\/\"},{\"@type\":\"ListItem\",\"position\":4,\"name\":\"Commercial Luxury Plastic Soft Play Slide for Kids Party\"}]},{\"@type\":\"WebSite\",\"@id\":\"https:\/\/softplaysupply.com\/#website\",\"url\":\"https:\/\/softplaysupply.com\/\",\"name\":\"Soft Play Supplier\",\"description\":\"Soft Play Supplier\",\"publisher\":{\"@id\":\"https:\/\/softplaysupply.com\/#organization\"},\"potentialAction\":[{\"@type\":\"SearchAction\",\"target\":{\"@type\":\"EntryPoint\",\"urlTemplate\":\"https:\/\/softplaysupply.com\/?s={search_term_string}\"},\"query-input\":{\"@type\":\"PropertyValueSpecification\",\"valueRequired\":true,\"valueName\":\"search_term_string\"}}],\"inLanguage\":\"pl-PL\"},{\"@type\":\"Organization\",\"@id\":\"https:\/\/softplaysupply.com\/#organization\",\"name\":\"Nanpak\",\"url\":\"https:\/\/softplaysupply.com\/\",\"logo\":{\"@type\":\"ImageObject\",\"inLanguage\":\"pl-PL\",\"@id\":\"https:\/\/softplaysupply.com\/#\/schema\/logo\/image\/\",\"url\":\"https:\/\/softplaysupply.com\/wp-content\/uploads\/2025\/12\/cropped-mobile-logo.png\",\"contentUrl\":\"https:\/\/softplaysupply.com\/wp-content\/uploads\/2025\/12\/cropped-mobile-logo.png\",\"width\":263,\"height\":84,\"caption\":\"Nanpak\"},\"image\":{\"@id\":\"https:\/\/softplaysupply.com\/#\/schema\/logo\/image\/\"}}]}<\/script>\n<!-- \/ Yoast SEO plugin. -->","yoast_head_json":{"title":"Komercyjna luksusowa plastikowa zje\u017cd\u017calnia do zabawy dla dzieci","description":"Komercyjna luksusowa zje\u017cd\u017calnia Soft Play - opcje 4ft\/5ft\/7ft\/9ft. Podw\u00f3jne g\u0142adkie zje\u017cd\u017calnie + zestaw z mi\u0119kk\u0105 pi\u0142k\u0105. Zwi\u0119ksza r\u00f3wnowag\u0119, pewno\u015b\u0107 siebie i umiej\u0119tno\u015bci motoryczne. Stworzony do wynajmu na imprezy o du\u017cym nat\u0119\u017ceniu ruchu i zabawy w pomieszczeniach!","robots":{"index":"index","follow":"follow","max-snippet":"max-snippet:-1","max-image-preview":"max-image-preview:large","max-video-preview":"max-video-preview:-1"},"canonical":"https:\/\/softplaysupply.com\/pl\/produkt\/plastic-soft-play-slide\/","og_locale":"pl_PL","og_type":"article","og_title":"Commercial Luxury Plastic Soft Play Slide for Kids Party","og_description":"Commercial Luxury Soft Play Slide \u2013 4ft\/5ft\/7ft\/9ft options. Dual smooth slides + soft ball pit combo. Boosts balance, confidence & motor skills. Built for high-traffic party rentals & indoor fun!","og_url":"https:\/\/softplaysupply.com\/pl\/produkt\/plastic-soft-play-slide\/","og_site_name":"Nanpak","og_image":[{"width":750,"height":750,"url":"https:\/\/softplaysupply.com\/wp-content\/uploads\/2026\/01\/Soft-Play-Slide-4.jpg","type":"image\/jpeg"}],"twitter_card":"summary_large_image","twitter_misc":{"Szacowany czas czytania":"3 minuty"},"schema":{"@context":"https:\/\/schema.org","@graph":[{"@type":"WebPage","@id":"https:\/\/softplaysupply.com\/product\/plastic-soft-play-slide\/","url":"https:\/\/softplaysupply.com\/product\/plastic-soft-play-slide\/","name":"Komercyjna luksusowa plastikowa zje\u017cd\u017calnia do zabawy dla dzieci","isPartOf":{"@id":"https:\/\/softplaysupply.com\/#website"},"primaryImageOfPage":{"@id":"https:\/\/softplaysupply.com\/product\/plastic-soft-play-slide\/#primaryimage"},"image":{"@id":"https:\/\/softplaysupply.com\/product\/plastic-soft-play-slide\/#primaryimage"},"thumbnailUrl":"https:\/\/softplaysupply.com\/wp-content\/uploads\/2026\/01\/Soft-Play-Slide-4.jpg","datePublished":"2026-01-16T07:52:32+00:00","description":"Komercyjna luksusowa zje\u017cd\u017calnia Soft Play - opcje 4ft\/5ft\/7ft\/9ft. Podw\u00f3jne g\u0142adkie zje\u017cd\u017calnie + zestaw z mi\u0119kk\u0105 pi\u0142k\u0105. Zwi\u0119ksza r\u00f3wnowag\u0119, pewno\u015b\u0107 siebie i umiej\u0119tno\u015bci motoryczne. Stworzony do wynajmu na imprezy o du\u017cym nat\u0119\u017ceniu ruchu i zabawy w pomieszczeniach!","breadcrumb":{"@id":"https:\/\/softplaysupply.com\/product\/plastic-soft-play-slide\/#breadcrumb"},"inLanguage":"pl-PL","potentialAction":[{"@type":"ReadAction","target":["https:\/\/softplaysupply.com\/product\/plastic-soft-play-slide\/"]}]},{"@type":"ImageObject","inLanguage":"pl-PL","@id":"https:\/\/softplaysupply.com\/product\/plastic-soft-play-slide\/#primaryimage","url":"https:\/\/softplaysupply.com\/wp-content\/uploads\/2026\/01\/Soft-Play-Slide-4.jpg","contentUrl":"https:\/\/softplaysupply.com\/wp-content\/uploads\/2026\/01\/Soft-Play-Slide-4.jpg","width":750,"height":750},{"@type":"BreadcrumbList","@id":"https:\/\/softplaysupply.com\/product\/plastic-soft-play-slide\/#breadcrumb","itemListElement":[{"@type":"ListItem","position":1,"name":"Home","item":"https:\/\/softplaysupply.com\/"},{"@type":"ListItem","position":2,"name":"Soft Play Equipment","item":"https:\/\/softplaysupply.com\/pcategory\/soft-play-equipment\/"},{"@type":"ListItem","position":3,"name":"Soft Play Slide","item":"https:\/\/softplaysupply.com\/pcategory\/soft-play-equipment\/soft-play-slide\/"},{"@type":"ListItem","position":4,"name":"Commercial Luxury Plastic Soft Play Slide for Kids Party"}]},{"@type":"WebSite","@id":"https:\/\/softplaysupply.com\/#website","url":"https:\/\/softplaysupply.com\/","name":"Dostawca mi\u0119kkich zabawek","description":"Dostawca mi\u0119kkich zabawek","publisher":{"@id":"https:\/\/softplaysupply.com\/#organization"},"potentialAction":[{"@type":"SearchAction","target":{"@type":"EntryPoint","urlTemplate":"https:\/\/softplaysupply.com\/?s={search_term_string}"},"query-input":{"@type":"PropertyValueSpecification","valueRequired":true,"valueName":"search_term_string"}}],"inLanguage":"pl-PL"},{"@type":"Organization","@id":"https:\/\/softplaysupply.com\/#organization","name":"Nanpak","url":"https:\/\/softplaysupply.com\/","logo":{"@type":"ImageObject","inLanguage":"pl-PL","@id":"https:\/\/softplaysupply.com\/#\/schema\/logo\/image\/","url":"https:\/\/softplaysupply.com\/wp-content\/uploads\/2025\/12\/cropped-mobile-logo.png","contentUrl":"https:\/\/softplaysupply.com\/wp-content\/uploads\/2025\/12\/cropped-mobile-logo.png","width":263,"height":84,"caption":"Nanpak"},"image":{"@id":"https:\/\/softplaysupply.com\/#\/schema\/logo\/image\/"}}]}},"taxonomy_info":{"pcategory":[{"value":22,"label":"Soft Play Equipment"},{"value":46,"label":"Soft Play Slide"}]},"featured_image_src_large":["https:\/\/softplaysupply.com\/wp-content\/uploads\/2026\/01\/Soft-Play-Slide-4.jpg",750,750,false],"author_info":[],"comment_info":"","_links":{"self":[{"href":"https:\/\/softplaysupply.com\/pl\/wp-json\/wp\/v2\/product\/3898","targetHints":{"allow":["GET"]}}],"collection":[{"href":"https:\/\/softplaysupply.com\/pl\/wp-json\/wp\/v2\/product"}],"about":[{"href":"https:\/\/softplaysupply.com\/pl\/wp-json\/wp\/v2\/types\/product"}],"wp:featuredmedia":[{"embeddable":true,"href":"https:\/\/softplaysupply.com\/pl\/wp-json\/wp\/v2\/media\/3902"}],"wp:attachment":[{"href":"https:\/\/softplaysupply.com\/pl\/wp-json\/wp\/v2\/media?parent=3898"}],"wp:term":[{"taxonomy":"pcategory","embeddable":true,"href":"https:\/\/softplaysupply.com\/pl\/wp-json\/wp\/v2\/pcategory?post=3898"},{"taxonomy":"ptag","embeddable":true,"href":"https:\/\/softplaysupply.com\/pl\/wp-json\/wp\/v2\/ptag?post=3898"}],"curies":[{"name":"wp","href":"https:\/\/api.w.org\/{rel}","templated":true}]}}