{"id":3880,"date":"2026-01-15T07:55:22","date_gmt":"2026-01-15T07:55:22","guid":{"rendered":"https:\/\/softplaysupply.com\/?post_type=product&#038;p=3880"},"modified":"2026-01-15T08:04:11","modified_gmt":"2026-01-15T08:04:11","slug":"pastel-color-soft-play-pyramid-climber","status":"publish","type":"product","link":"https:\/\/softplaysupply.com\/pl\/produkt\/pastel-color-soft-play-pyramid-climber\/","title":{"rendered":"Mi\u0119kka piramida do zabawy w pastelowych kolorach i zje\u017cd\u017calnia - sprz\u0119t do wypo\u017cyczenia na imprez\u0119"},"content":{"rendered":"<div style=\"text-align: center; margin-bottom: 40px;\"><\/div>\n<div style=\"background: white; border-radius: 16px; padding: 32px; box-shadow: 0 8px 30px rgba(107, 72, 255, 0.12); margin-bottom: 30px;\">\n<div style=\"font-size: 1.8em; color: #ff6bcb; font-weight: bold; margin-bottom: 20px; border-bottom: 3px solid #ffe6f2; padding-bottom: 10px;\">Soft Play Pyramid Climber: Bezpieczna, zabawna i wci\u0105gaj\u0105ca dla maluch\u00f3w<\/div>\n<p style=\"font-size: 1.1em; color: #444;\">Nasz zestaw do wspinaczki Soft Play Climber zosta\u0142 starannie zaprojektowany dla dzieci w r\u00f3\u017cnym wieku i jest idealny na wewn\u0119trzne place zabaw, do przedszkoli, o\u015brodk\u00f3w opieki dziennej, rodzinnych plac\u00f3w zabaw i innych przestrzeni rekreacyjnych. Wykonany z wysokiej jako\u015bci, nietoksycznych materia\u0142\u00f3w, takich jak ekologiczna pianka, trwa\u0142a sk\u00f3ra PVC\/PU i g\u0105bka o wysokiej spr\u0119\u017cysto\u015bci, ten zestaw do wspinaczki \u0142\u0105czy w sobie bezpiecze\u0144stwo, rozrywk\u0119 i korzy\u015bci rozwojowe, zach\u0119caj\u0105c dzieci do aktywnego ruchu, r\u00f3wnowagi, koordynacji i odkrywania wyobra\u017ani. Sta\u0142 si\u0119 on niezb\u0119dnym elementem ka\u017cdego \u015brodowiska do zabawy w domu.<\/p>\n<\/div>\n<div style=\"background: white; border-radius: 16px; padding: 32px; box-shadow: 0 8px 30px rgba(107, 72, 255, 0.12); margin-bottom: 30px;\">\n<div style=\"font-size: 1.7em; color: #4a6bff; font-weight: bold; margin-bottom: 24px;\">Kluczowe cechy strukturalne<\/div>\n<ul style=\"list-style: none; padding: 0; margin: 0;\">\n<li style=\"margin-bottom: 20px; padding-left: 30px; position: relative;\"><span style=\"color: #ff6bcb; font-size: 1.4em; position: absolute; left: 0; top: -4px;\">\u2022<\/span><strong style=\"color: #333;\">Otwarta okr\u0105g\u0142a konstrukcja 360\u00b0:<\/strong> Ca\u0142a konstrukcja ma du\u017c\u0105 okr\u0105g\u0142\u0105 podstaw\u0119 (\u015brednica ok. 2,2-2,5 m). Centralny obszar aktywno\u015bci jest przestronny, umo\u017cliwiaj\u0105c dzieciom \u0142atwe wchodzenie i wychodzenie pod dowolnym k\u0105tem bez martwych punkt\u00f3w, zwi\u0119kszaj\u0105c zar\u00f3wno bezpiecze\u0144stwo, jak i wykorzystanie przestrzeni.<\/li>\n<li style=\"margin-bottom: 20px; padding-left: 30px; position: relative;\"><span style=\"color: #ff6bcb; font-size: 1.4em; position: absolute; left: 0; top: -4px;\">\u2022<\/span><strong style=\"color: #333;\">Niski k\u0105t \u0142agodnego po\u015blizgu:<\/strong> G\u0142\u00f3wna zje\u017cd\u017calnia ma \u0142agodne nachylenie (~25\u00b0-30\u00b0) z poszerzon\u0105 powierzchni\u0105 \u015blizgow\u0105 zapewniaj\u0105c\u0105 p\u0142ynny, powolny po\u015blizg, idealny dla maluch\u00f3w ucz\u0105cych si\u0119 chodzi\u0107 do oko\u0142o 4 roku \u017cycia. Mi\u0119kkie r\u00f3\u017cowe barierki boczne z wy\u015bcie\u0142anymi kraw\u0119dziami zapobiegaj\u0105 przewr\u00f3ceniu si\u0119.<\/li>\n<li style=\"margin-bottom: 20px; padding-left: 30px; position: relative;\"><span style=\"color: #ff6bcb; font-size: 1.4em; position: absolute; left: 0; top: -4px;\">\u2022<\/span><strong style=\"color: #333;\">Wielopoziomowe progresywne wyzwania wspinaczkowe:<\/strong><br \/>\n- Dolny poziom: Zakrzywione niskie stopnie (\u017c\u00f3\u0142te\/zielone) o wysoko\u015bci ok. 15-20 cm, idealne dla maluch\u00f3w \u0107wicz\u0105cych st\u0105panie i podnoszenie n\u00f3g.<br \/>\n- Poziom \u015bredni: Okr\u0105g\u0142e, mi\u0119kkie stopnie i ma\u0142e rampy z falami, dodaj\u0105ce zabawy podczas treningu r\u00f3wnowagi i koordynacji.<br \/>\n- G\u00f3rna platforma: P\u0142aska kwadratowa platforma (niebieska) o wysoko\u015bci ok. 40-50 cm, zapewniaj\u0105ca poczucie spe\u0142nienia i kr\u00f3tkie miejsce do odpoczynku.<\/li>\n<li style=\"margin-bottom: 20px; padding-left: 30px; position: relative;\"><span style=\"color: #ff6bcb; font-size: 1.4em; position: absolute; left: 0; top: -4px;\">\u2022<\/span><strong style=\"color: #333;\">W pe\u0142ni wy\u015bcie\u0142ane, zaokr\u0105glone kraw\u0119dzie:<\/strong> Wszystkie naro\u017cniki maj\u0105 g\u0142adkie, zaokr\u0105glone przej\u015bcia bez twardych kraw\u0119dzi. Por\u0119cze boczne s\u0105 wystarczaj\u0105co wysokie, aby zapewni\u0107 bezpiecze\u0144stwo, ale nie blokuj\u0105 widoczno\u015bci, umo\u017cliwiaj\u0105c rodzicom lub nauczycielom \u0142atwe monitorowanie dzieci.<\/li>\n<\/ul>\n<\/div>\n<div style=\"background: white; border-radius: 16px; padding: 32px; box-shadow: 0 8px 30px rgba(107, 72, 255, 0.12); margin-bottom: 30px;\">\n<div style=\"font-size: 1.7em; color: #4a6bff; font-weight: bold; margin-bottom: 24px;\">Szczeg\u00f3\u0142y produktu<\/div>\n<ul style=\"list-style: none; padding: 0; margin: 0; color: #444;\">\n<li style=\"margin-bottom: 12px;\"><strong>Typ produktu:<\/strong> Mi\u0119kki zestaw do zabawy dla maluch\u00f3w<\/li>\n<li style=\"margin-bottom: 12px;\"><strong>Materia\u0142:<\/strong> Sk\u00f3ra PVC\/PU + g\u0105bka o wysokiej g\u0119sto\u015bci + sklejka<\/li>\n<li style=\"margin-bottom: 12px;\"><strong>Rozmiar:<\/strong> 2 m \u00d7 2 m \u00d7 0,5 m (z mo\u017cliwo\u015bci\u0105 dostosowania)<\/li>\n<li style=\"margin-bottom: 12px;\"><strong>Odpowiednie miejsca:<\/strong> O\u015brodki opieki dziennej, kryte publiczne place zabaw, sale zabaw dla dzieci, przedszkola, edukacyjne place zabaw, komercyjne przestrzenie rozrywkowe i inne miejsca publiczne.<\/li>\n<li style=\"margin-bottom: 12px;\"><strong>Certyfikaty:<\/strong> Certyfikat CE, EN71<\/li>\n<li style=\"margin-bottom: 12px;\"><strong>Opcje kolor\u00f3w:<\/strong> Pokazane jak na zdj\u0119ciu; w pe\u0142ni konfigurowalne, aby pasowa\u0142y do Twojego motywu<\/li>\n<li style=\"margin-bottom: 12px;\"><strong>Gwarancja:<\/strong> 3 lata<\/li>\n<li style=\"margin-bottom: 12px;\"><strong>Minimalna ilo\u015b\u0107 zam\u00f3wienia:<\/strong> 1 sztuka<\/li>\n<\/ul>\n<\/div>\n<div style=\"background: white; border-radius: 16px; padding: 32px; box-shadow: 0 8px 30px rgba(107, 72, 255, 0.12); margin-bottom: 30px;\">\n<div style=\"font-size: 1.7em; color: #4a6bff; font-weight: bold; margin-bottom: 24px;\">Wydajno\u015b\u0107 materia\u0142owa i bezpiecze\u0144stwo<\/div>\n<ul style=\"list-style: none; padding: 0; margin: 0;\">\n<li style=\"margin-bottom: 14px; padding-left: 30px; position: relative;\"><span style=\"color: #ff9f43; font-size: 1.4em; position: absolute; left: 0;\">\u2605<\/span>Materia\u0142y rdzenia: Ekologiczna pianka EPE o wysokiej g\u0119sto\u015bci + pokrywa z PVC o grubo\u015bci 0,8-1,0 mm<\/li>\n<li style=\"margin-bottom: 14px; padding-left: 30px; position: relative;\"><span style=\"color: #ff9f43; font-size: 1.4em; position: absolute; left: 0;\">\u2605<\/span>Ognioodporno\u015b\u0107: Spe\u0142nia norm\u0119 ognioodporno\u015bci B1<\/li>\n<li style=\"margin-bottom: 14px; padding-left: 30px; position: relative;\"><span style=\"color: #ff9f43; font-size: 1.4em; position: absolute; left: 0;\">\u2605<\/span>Nietoksyczny: Nie zawiera formaldehydu, metali ci\u0119\u017ckich i szkodliwych zapach\u00f3w.<\/li>\n<li style=\"margin-bottom: 14px; padding-left: 30px; position: relative;\"><span style=\"color: #ff9f43; font-size: 1.4em; position: absolute; left: 0;\">\u2605<\/span>Powierzchnia antypo\u015blizgowa: Umiarkowane tarcie, bezpieczne podczas wspinaczki<\/li>\n<li style=\"margin-bottom: 14px; padding-left: 30px; position: relative;\"><span style=\"color: #ff9f43; font-size: 1.4em; position: absolute; left: 0;\">\u2605<\/span>Trwa\u0142e kolory: Jasne i trwa\u0142e, odporne na blakni\u0119cie<\/li>\n<\/ul>\n<\/div>\n<div style=\"background: white; border-radius: 16px; padding: 32px; box-shadow: 0 8px 30px rgba(107, 72, 255, 0.12);\">\n<div style=\"font-size: 1.7em; color: #4a6bff; font-weight: bold; margin-bottom: 24px;\">Zalecane u\u017cycie i korzy\u015bci rozwojowe<\/div>\n<ul style=\"list-style: none; padding: 0; margin: 0; color: #444;\">\n<li style=\"margin-bottom: 12px;\">- Wspiera rozw\u00f3j motoryki du\u017cej (wspinanie si\u0119, raczkowanie, \u015blizganie, balansowanie, obracanie)<\/li>\n<li style=\"margin-bottom: 12px;\">- Poprawia \u015bwiadomo\u015b\u0107 przestrzenn\u0105, koordynacj\u0119 cia\u0142a i umiej\u0119tno\u015bci kierunkowe.<\/li>\n<li style=\"margin-bottom: 12px;\">- Okr\u0105g\u0142a, nisko osadzona konstrukcja znacznie zmniejsza ryzyko upadku<\/li>\n<li style=\"margin-bottom: 12px;\">- Jasne, pastelowe kolory (niebieski, r\u00f3\u017cowy, \u017c\u00f3\u0142ty, zielony, pomara\u0144czowy) zapewniaj\u0105 siln\u0105 stymulacj\u0119 wizualn\u0105 i przyci\u0105gaj\u0105 uwag\u0119 dzieci.<\/li>\n<li style=\"margin-bottom: 12px;\">- Kompaktowy rozmiar z wieloma opcjami odtwarzania, oferuj\u0105cy wysok\u0105 warto\u015b\u0107 i wszechstronno\u015b\u0107 do wynajmu na imprezy, do u\u017cytku komercyjnego lub domowego<\/li>\n<\/ul>\n<\/div>","protected":false},"excerpt":{"rendered":"<p>Soft Play Climber z piramid\u0105 w pastelowych kolorach i \u0142agodn\u0105 zje\u017cd\u017calni\u0105, zaprojektowany do bezpiecznej wspinaczki dla maluch\u00f3w i wynajmu plac\u00f3w zabaw.<\/p>","protected":false},"featured_media":3881,"parent":0,"template":"","meta":{"_acf_changed":false,"_kad_blocks_custom_css":"","_kad_blocks_head_custom_js":"","_kad_blocks_body_custom_js":"","_kad_blocks_footer_custom_js":"","_kadence_starter_templates_imported_post":false,"_kad_post_transparent":"default","_kad_post_title":"","_kad_post_layout":"default","_kad_post_sidebar_id":"","_kad_post_content_style":"default","_kad_post_vertical_padding":"default","_kad_post_feature":"","_kad_post_feature_position":"","_kad_post_header":false,"_kad_post_footer":false},"pcategory":[22,44],"ptag":[],"class_list":["post-3880","product","type-product","status-publish","has-post-thumbnail","hentry","pcategory-soft-play-equipment","pcategory-soft-play-climber"],"acf":[],"yoast_head":"<!-- This site is optimized with the Yoast SEO plugin v26.8 - https:\/\/yoast.com\/product\/yoast-seo-wordpress\/ -->\n<title>Pastel Color Soft Play Pyramid Climber and Slide Party Rental Equipment<\/title>\n<meta name=\"robots\" content=\"index, follow, max-snippet:-1, max-image-preview:large, max-video-preview:-1\" \/>\n<link rel=\"canonical\" href=\"https:\/\/softplaysupply.com\/pl\/produkt\/pastel-color-soft-play-pyramid-climber\/\" \/>\n<meta property=\"og:locale\" content=\"pl_PL\" \/>\n<meta property=\"og:type\" content=\"article\" \/>\n<meta property=\"og:title\" content=\"Pastel Color Soft Play Pyramid Climber and Slide Party Rental Equipment\" \/>\n<meta property=\"og:description\" content=\"Soft Play Climber featuring a pastel color pyramid and gentle slide, designed for safe toddler climbing and party rental indoor playgrounds.\" \/>\n<meta property=\"og:url\" content=\"https:\/\/softplaysupply.com\/pl\/produkt\/pastel-color-soft-play-pyramid-climber\/\" \/>\n<meta property=\"og:site_name\" content=\"Nanpak\" \/>\n<meta property=\"article:modified_time\" content=\"2026-01-15T08:04:11+00:00\" \/>\n<meta property=\"og:image\" content=\"https:\/\/softplaysupply.com\/wp-content\/uploads\/2026\/01\/Soft-Play-Pyramid-Climber-1.jpg\" \/>\n\t<meta property=\"og:image:width\" content=\"750\" \/>\n\t<meta property=\"og:image:height\" content=\"750\" \/>\n\t<meta property=\"og:image:type\" content=\"image\/jpeg\" \/>\n<meta name=\"twitter:card\" content=\"summary_large_image\" \/>\n<meta name=\"twitter:label1\" content=\"Szacowany czas czytania\" \/>\n\t<meta name=\"twitter:data1\" content=\"3 minuty\" \/>\n<script type=\"application\/ld+json\" class=\"yoast-schema-graph\">{\"@context\":\"https:\/\/schema.org\",\"@graph\":[{\"@type\":\"WebPage\",\"@id\":\"https:\/\/softplaysupply.com\/product\/pastel-color-soft-play-pyramid-climber\/\",\"url\":\"https:\/\/softplaysupply.com\/product\/pastel-color-soft-play-pyramid-climber\/\",\"name\":\"Pastel Color Soft Play Pyramid Climber and Slide Party Rental Equipment\",\"isPartOf\":{\"@id\":\"https:\/\/softplaysupply.com\/#website\"},\"primaryImageOfPage\":{\"@id\":\"https:\/\/softplaysupply.com\/product\/pastel-color-soft-play-pyramid-climber\/#primaryimage\"},\"image\":{\"@id\":\"https:\/\/softplaysupply.com\/product\/pastel-color-soft-play-pyramid-climber\/#primaryimage\"},\"thumbnailUrl\":\"https:\/\/softplaysupply.com\/wp-content\/uploads\/2026\/01\/Soft-Play-Pyramid-Climber-1.jpg\",\"datePublished\":\"2026-01-15T07:55:22+00:00\",\"dateModified\":\"2026-01-15T08:04:11+00:00\",\"breadcrumb\":{\"@id\":\"https:\/\/softplaysupply.com\/product\/pastel-color-soft-play-pyramid-climber\/#breadcrumb\"},\"inLanguage\":\"pl-PL\",\"potentialAction\":[{\"@type\":\"ReadAction\",\"target\":[\"https:\/\/softplaysupply.com\/product\/pastel-color-soft-play-pyramid-climber\/\"]}]},{\"@type\":\"ImageObject\",\"inLanguage\":\"pl-PL\",\"@id\":\"https:\/\/softplaysupply.com\/product\/pastel-color-soft-play-pyramid-climber\/#primaryimage\",\"url\":\"https:\/\/softplaysupply.com\/wp-content\/uploads\/2026\/01\/Soft-Play-Pyramid-Climber-1.jpg\",\"contentUrl\":\"https:\/\/softplaysupply.com\/wp-content\/uploads\/2026\/01\/Soft-Play-Pyramid-Climber-1.jpg\",\"width\":750,\"height\":750,\"caption\":\"Soft Play Pyramid Climber\"},{\"@type\":\"BreadcrumbList\",\"@id\":\"https:\/\/softplaysupply.com\/product\/pastel-color-soft-play-pyramid-climber\/#breadcrumb\",\"itemListElement\":[{\"@type\":\"ListItem\",\"position\":1,\"name\":\"Home\",\"item\":\"https:\/\/softplaysupply.com\/\"},{\"@type\":\"ListItem\",\"position\":2,\"name\":\"Soft Play Equipment\",\"item\":\"https:\/\/softplaysupply.com\/pcategory\/soft-play-equipment\/\"},{\"@type\":\"ListItem\",\"position\":3,\"name\":\"Soft Play Climber\",\"item\":\"https:\/\/softplaysupply.com\/pcategory\/soft-play-equipment\/soft-play-climber\/\"},{\"@type\":\"ListItem\",\"position\":4,\"name\":\"Pastel Color Soft Play Pyramid Climber and Slide Party Rental Equipment\"}]},{\"@type\":\"WebSite\",\"@id\":\"https:\/\/softplaysupply.com\/#website\",\"url\":\"https:\/\/softplaysupply.com\/\",\"name\":\"Soft Play Supplier\",\"description\":\"Soft Play Supplier\",\"publisher\":{\"@id\":\"https:\/\/softplaysupply.com\/#organization\"},\"potentialAction\":[{\"@type\":\"SearchAction\",\"target\":{\"@type\":\"EntryPoint\",\"urlTemplate\":\"https:\/\/softplaysupply.com\/?s={search_term_string}\"},\"query-input\":{\"@type\":\"PropertyValueSpecification\",\"valueRequired\":true,\"valueName\":\"search_term_string\"}}],\"inLanguage\":\"pl-PL\"},{\"@type\":\"Organization\",\"@id\":\"https:\/\/softplaysupply.com\/#organization\",\"name\":\"Nanpak\",\"url\":\"https:\/\/softplaysupply.com\/\",\"logo\":{\"@type\":\"ImageObject\",\"inLanguage\":\"pl-PL\",\"@id\":\"https:\/\/softplaysupply.com\/#\/schema\/logo\/image\/\",\"url\":\"https:\/\/softplaysupply.com\/wp-content\/uploads\/2025\/12\/cropped-mobile-logo.png\",\"contentUrl\":\"https:\/\/softplaysupply.com\/wp-content\/uploads\/2025\/12\/cropped-mobile-logo.png\",\"width\":263,\"height\":84,\"caption\":\"Nanpak\"},\"image\":{\"@id\":\"https:\/\/softplaysupply.com\/#\/schema\/logo\/image\/\"}}]}<\/script>\n<!-- \/ Yoast SEO plugin. -->","yoast_head_json":{"title":"Mi\u0119kka piramida do zabawy w pastelowych kolorach i zje\u017cd\u017calnia - sprz\u0119t do wypo\u017cyczenia na imprez\u0119","robots":{"index":"index","follow":"follow","max-snippet":"max-snippet:-1","max-image-preview":"max-image-preview:large","max-video-preview":"max-video-preview:-1"},"canonical":"https:\/\/softplaysupply.com\/pl\/produkt\/pastel-color-soft-play-pyramid-climber\/","og_locale":"pl_PL","og_type":"article","og_title":"Pastel Color Soft Play Pyramid Climber and Slide Party Rental Equipment","og_description":"Soft Play Climber featuring a pastel color pyramid and gentle slide, designed for safe toddler climbing and party rental indoor playgrounds.","og_url":"https:\/\/softplaysupply.com\/pl\/produkt\/pastel-color-soft-play-pyramid-climber\/","og_site_name":"Nanpak","article_modified_time":"2026-01-15T08:04:11+00:00","og_image":[{"width":750,"height":750,"url":"https:\/\/softplaysupply.com\/wp-content\/uploads\/2026\/01\/Soft-Play-Pyramid-Climber-1.jpg","type":"image\/jpeg"}],"twitter_card":"summary_large_image","twitter_misc":{"Szacowany czas czytania":"3 minuty"},"schema":{"@context":"https:\/\/schema.org","@graph":[{"@type":"WebPage","@id":"https:\/\/softplaysupply.com\/product\/pastel-color-soft-play-pyramid-climber\/","url":"https:\/\/softplaysupply.com\/product\/pastel-color-soft-play-pyramid-climber\/","name":"Mi\u0119kka piramida do zabawy w pastelowych kolorach i zje\u017cd\u017calnia - sprz\u0119t do wypo\u017cyczenia na imprez\u0119","isPartOf":{"@id":"https:\/\/softplaysupply.com\/#website"},"primaryImageOfPage":{"@id":"https:\/\/softplaysupply.com\/product\/pastel-color-soft-play-pyramid-climber\/#primaryimage"},"image":{"@id":"https:\/\/softplaysupply.com\/product\/pastel-color-soft-play-pyramid-climber\/#primaryimage"},"thumbnailUrl":"https:\/\/softplaysupply.com\/wp-content\/uploads\/2026\/01\/Soft-Play-Pyramid-Climber-1.jpg","datePublished":"2026-01-15T07:55:22+00:00","dateModified":"2026-01-15T08:04:11+00:00","breadcrumb":{"@id":"https:\/\/softplaysupply.com\/product\/pastel-color-soft-play-pyramid-climber\/#breadcrumb"},"inLanguage":"pl-PL","potentialAction":[{"@type":"ReadAction","target":["https:\/\/softplaysupply.com\/product\/pastel-color-soft-play-pyramid-climber\/"]}]},{"@type":"ImageObject","inLanguage":"pl-PL","@id":"https:\/\/softplaysupply.com\/product\/pastel-color-soft-play-pyramid-climber\/#primaryimage","url":"https:\/\/softplaysupply.com\/wp-content\/uploads\/2026\/01\/Soft-Play-Pyramid-Climber-1.jpg","contentUrl":"https:\/\/softplaysupply.com\/wp-content\/uploads\/2026\/01\/Soft-Play-Pyramid-Climber-1.jpg","width":750,"height":750,"caption":"Soft Play Pyramid Climber"},{"@type":"BreadcrumbList","@id":"https:\/\/softplaysupply.com\/product\/pastel-color-soft-play-pyramid-climber\/#breadcrumb","itemListElement":[{"@type":"ListItem","position":1,"name":"Home","item":"https:\/\/softplaysupply.com\/"},{"@type":"ListItem","position":2,"name":"Soft Play Equipment","item":"https:\/\/softplaysupply.com\/pcategory\/soft-play-equipment\/"},{"@type":"ListItem","position":3,"name":"Soft Play Climber","item":"https:\/\/softplaysupply.com\/pcategory\/soft-play-equipment\/soft-play-climber\/"},{"@type":"ListItem","position":4,"name":"Pastel Color Soft Play Pyramid Climber and Slide Party Rental Equipment"}]},{"@type":"WebSite","@id":"https:\/\/softplaysupply.com\/#website","url":"https:\/\/softplaysupply.com\/","name":"Dostawca mi\u0119kkich zabawek","description":"Dostawca mi\u0119kkich zabawek","publisher":{"@id":"https:\/\/softplaysupply.com\/#organization"},"potentialAction":[{"@type":"SearchAction","target":{"@type":"EntryPoint","urlTemplate":"https:\/\/softplaysupply.com\/?s={search_term_string}"},"query-input":{"@type":"PropertyValueSpecification","valueRequired":true,"valueName":"search_term_string"}}],"inLanguage":"pl-PL"},{"@type":"Organization","@id":"https:\/\/softplaysupply.com\/#organization","name":"Nanpak","url":"https:\/\/softplaysupply.com\/","logo":{"@type":"ImageObject","inLanguage":"pl-PL","@id":"https:\/\/softplaysupply.com\/#\/schema\/logo\/image\/","url":"https:\/\/softplaysupply.com\/wp-content\/uploads\/2025\/12\/cropped-mobile-logo.png","contentUrl":"https:\/\/softplaysupply.com\/wp-content\/uploads\/2025\/12\/cropped-mobile-logo.png","width":263,"height":84,"caption":"Nanpak"},"image":{"@id":"https:\/\/softplaysupply.com\/#\/schema\/logo\/image\/"}}]}},"taxonomy_info":{"pcategory":[{"value":22,"label":"Soft Play Equipment"},{"value":44,"label":"Soft Play Climber"}]},"featured_image_src_large":["https:\/\/softplaysupply.com\/wp-content\/uploads\/2026\/01\/Soft-Play-Pyramid-Climber-1.jpg",750,750,false],"author_info":[],"comment_info":"","_links":{"self":[{"href":"https:\/\/softplaysupply.com\/pl\/wp-json\/wp\/v2\/product\/3880","targetHints":{"allow":["GET"]}}],"collection":[{"href":"https:\/\/softplaysupply.com\/pl\/wp-json\/wp\/v2\/product"}],"about":[{"href":"https:\/\/softplaysupply.com\/pl\/wp-json\/wp\/v2\/types\/product"}],"wp:featuredmedia":[{"embeddable":true,"href":"https:\/\/softplaysupply.com\/pl\/wp-json\/wp\/v2\/media\/3881"}],"wp:attachment":[{"href":"https:\/\/softplaysupply.com\/pl\/wp-json\/wp\/v2\/media?parent=3880"}],"wp:term":[{"taxonomy":"pcategory","embeddable":true,"href":"https:\/\/softplaysupply.com\/pl\/wp-json\/wp\/v2\/pcategory?post=3880"},{"taxonomy":"ptag","embeddable":true,"href":"https:\/\/softplaysupply.com\/pl\/wp-json\/wp\/v2\/ptag?post=3880"}],"curies":[{"name":"wp","href":"https:\/\/api.w.org\/{rel}","templated":true}]}}