{"id":3814,"date":"2026-01-14T03:59:30","date_gmt":"2026-01-14T03:59:30","guid":{"rendered":"https:\/\/softplaysupply.com\/?post_type=product&#038;p=3814"},"modified":"2026-01-13T14:24:56","modified_gmt":"2026-01-13T14:24:56","slug":"commercial-soft-play-carousel","status":"publish","type":"product","link":"https:\/\/softplaysupply.com\/pl\/produkt\/commercial-soft-play-carousel\/","title":{"rendered":"Komercyjna karuzela do zabawy dla dzieci na wewn\u0119trznych i zewn\u0119trznych placach zabaw"},"content":{"rendered":"<div style=\"background: white; border-radius: 16px; padding: 40px 35px; box-shadow: 0 8px 30px rgba(0,0,0,0.08);\">\n<p style=\"font-size: 18px; color: #444; text-align: justify; margin-bottom: 28px;\">Komercyjna karuzela do mi\u0119kkiej zabawy to interaktywny sprz\u0119t do zabawy zaprojektowany specjalnie dla dzieci, odpowiedni do r\u00f3\u017cnych miejsc rozrywki wewn\u0105trz i na zewn\u0105trz, takich jak parki rozrywki, centra handlowe, centra edukacyjne dla dzieci i rodzinne obszary rozrywki. Wszechstronna konstrukcja i funkcjonalno\u015b\u0107 sprawiaj\u0105, \u017ce jest to centralny punkt w ka\u017cdej strefie zabaw dla dzieci, zapewniaj\u0105c im bezpieczn\u0105 i nieko\u0144cz\u0105c\u0105 si\u0119 zabaw\u0119.<\/p>\n<p style=\"font-size: 18px; color: #444; text-align: justify; margin-bottom: 35px;\">Komercyjna karuzela do mi\u0119kkiej zabawy wykonana jest z wysokiej jako\u015bci materia\u0142\u00f3w, w tym drewnianej ramy, pianki o wysokiej g\u0119sto\u015bci, PVC, \u015bwiate\u0142 LED i PU, zapewniaj\u0105c zar\u00f3wno solidn\u0105 konstrukcj\u0119, jak i mi\u0119kk\u0105, wygodn\u0105 zabaw\u0119. Po\u0142\u0105czenie drewnianej ramy i pianki o wysokiej g\u0119sto\u015bci nie tylko zapewnia bezpiecze\u0144stwo, ale tak\u017ce zwi\u0119ksza trwa\u0142o\u015b\u0107 produktu, dzi\u0119ki czemu idealnie nadaje si\u0119 do miejsc komercyjnych o du\u017cym nat\u0119\u017ceniu ruchu. Karuzela jest wyposa\u017cona w dynamiczne efekty \u015bwietlne i d\u017awi\u0119kowe, zwi\u0119kszaj\u0105c rozrywk\u0119 i interaktywno\u015b\u0107, oferuj\u0105c dzieciom wzbogacone wra\u017cenia sensoryczne.<\/p>\n<p><img loading=\"lazy\" decoding=\"async\" class=\"alignnone size-full wp-image-3821\" src=\"https:\/\/softplaysupply.com\/wp-content\/uploads\/2026\/01\/soft-play-carousel-7.jpg\" alt=\"\" width=\"750\" height=\"750\" srcset=\"https:\/\/softplaysupply.com\/wp-content\/uploads\/2026\/01\/soft-play-carousel-7.jpg 750w, https:\/\/softplaysupply.com\/wp-content\/uploads\/2026\/01\/soft-play-carousel-7-300x300.jpg 300w, https:\/\/softplaysupply.com\/wp-content\/uploads\/2026\/01\/soft-play-carousel-7-150x150.jpg 150w, https:\/\/softplaysupply.com\/wp-content\/uploads\/2026\/01\/soft-play-carousel-7-12x12.jpg 12w\" sizes=\"auto, (max-width: 750px) 100vw, 750px\" \/> <img loading=\"lazy\" decoding=\"async\" class=\"alignnone size-full wp-image-3818\" src=\"https:\/\/softplaysupply.com\/wp-content\/uploads\/2026\/01\/soft-play-carousel-4.jpg\" alt=\"\" width=\"750\" height=\"750\" srcset=\"https:\/\/softplaysupply.com\/wp-content\/uploads\/2026\/01\/soft-play-carousel-4.jpg 750w, https:\/\/softplaysupply.com\/wp-content\/uploads\/2026\/01\/soft-play-carousel-4-300x300.jpg 300w, https:\/\/softplaysupply.com\/wp-content\/uploads\/2026\/01\/soft-play-carousel-4-150x150.jpg 150w, https:\/\/softplaysupply.com\/wp-content\/uploads\/2026\/01\/soft-play-carousel-4-12x12.jpg 12w\" sizes=\"auto, (max-width: 750px) 100vw, 750px\" \/> <img loading=\"lazy\" decoding=\"async\" class=\"alignnone size-full wp-image-3823\" src=\"https:\/\/softplaysupply.com\/wp-content\/uploads\/2026\/01\/soft-play-carousel-9.jpg\" alt=\"\" width=\"750\" height=\"750\" srcset=\"https:\/\/softplaysupply.com\/wp-content\/uploads\/2026\/01\/soft-play-carousel-9.jpg 750w, https:\/\/softplaysupply.com\/wp-content\/uploads\/2026\/01\/soft-play-carousel-9-300x300.jpg 300w, https:\/\/softplaysupply.com\/wp-content\/uploads\/2026\/01\/soft-play-carousel-9-150x150.jpg 150w, https:\/\/softplaysupply.com\/wp-content\/uploads\/2026\/01\/soft-play-carousel-9-12x12.jpg 12w\" sizes=\"auto, (max-width: 750px) 100vw, 750px\" \/> <img loading=\"lazy\" decoding=\"async\" class=\"alignnone size-full wp-image-3822\" src=\"https:\/\/softplaysupply.com\/wp-content\/uploads\/2026\/01\/soft-play-carousel-8.jpg\" alt=\"\" width=\"750\" height=\"750\" srcset=\"https:\/\/softplaysupply.com\/wp-content\/uploads\/2026\/01\/soft-play-carousel-8.jpg 750w, https:\/\/softplaysupply.com\/wp-content\/uploads\/2026\/01\/soft-play-carousel-8-300x300.jpg 300w, https:\/\/softplaysupply.com\/wp-content\/uploads\/2026\/01\/soft-play-carousel-8-150x150.jpg 150w, https:\/\/softplaysupply.com\/wp-content\/uploads\/2026\/01\/soft-play-carousel-8-12x12.jpg 12w\" sizes=\"auto, (max-width: 750px) 100vw, 750px\" \/> <img loading=\"lazy\" decoding=\"async\" class=\"alignnone size-full wp-image-3816\" src=\"https:\/\/softplaysupply.com\/wp-content\/uploads\/2026\/01\/soft-play-carousel-2.jpg\" alt=\"\" width=\"750\" height=\"750\" srcset=\"https:\/\/softplaysupply.com\/wp-content\/uploads\/2026\/01\/soft-play-carousel-2.jpg 750w, https:\/\/softplaysupply.com\/wp-content\/uploads\/2026\/01\/soft-play-carousel-2-300x300.jpg 300w, https:\/\/softplaysupply.com\/wp-content\/uploads\/2026\/01\/soft-play-carousel-2-150x150.jpg 150w, https:\/\/softplaysupply.com\/wp-content\/uploads\/2026\/01\/soft-play-carousel-2-12x12.jpg 12w\" sizes=\"auto, (max-width: 750px) 100vw, 750px\" \/> <img loading=\"lazy\" decoding=\"async\" class=\"alignnone size-full wp-image-3824\" src=\"https:\/\/softplaysupply.com\/wp-content\/uploads\/2026\/01\/soft-play-merry-go-round.jpg\" alt=\"mi\u0119kka karuzela do zabawy\" width=\"750\" height=\"750\" srcset=\"https:\/\/softplaysupply.com\/wp-content\/uploads\/2026\/01\/soft-play-merry-go-round.jpg 750w, https:\/\/softplaysupply.com\/wp-content\/uploads\/2026\/01\/soft-play-merry-go-round-300x300.jpg 300w, https:\/\/softplaysupply.com\/wp-content\/uploads\/2026\/01\/soft-play-merry-go-round-150x150.jpg 150w, https:\/\/softplaysupply.com\/wp-content\/uploads\/2026\/01\/soft-play-merry-go-round-12x12.jpg 12w\" sizes=\"auto, (max-width: 750px) 100vw, 750px\" \/><\/p>\n<div style=\"font-size: 26px; font-weight: bold; color: #7b2cbf; margin: 45px 0 20px; border-left: 6px solid #7b2cbf; padding-left: 15px;\">Popularne typy:<\/div>\n<ul style=\"list-style: none; padding-left: 0; font-size: 17px; color: #333;\">\n<li style=\"margin-bottom: 22px; padding-left: 35px; position: relative;\"><span style=\"position: absolute; left: 0; color: #ff6b6b; font-size: 24px; line-height: 1;\">\u2022<\/span><strong style=\"color: #d63384;\">R\u0119czne obracanie (dzieci same pchaj\u0105\/obracaj\u0105)<\/strong><br \/>\nTa r\u0119czna karuzela pozwala dzieciom samodzielnie pcha\u0107 pojazd, dodaj\u0105c zabawny element fizycznej interakcji. Zaprojektowana z my\u015bl\u0105 o cieple i bezpiecze\u0144stwie, jest idealna do u\u017cytku domowego, przedszkoli lub ma\u0142ych plac\u00f3w zabaw. Wykonana z mi\u0119kkich materia\u0142\u00f3w i w od\u015bwie\u017caj\u0105cej bia\u0142ej lub r\u00f3\u017cowej kolorystyce, stanie si\u0119 wyr\u00f3\u017cniaj\u0105cym si\u0119 elementem przestrzeni do zabawy dla maluch\u00f3w, zw\u0142aszcza dla dzieci w wieku od 1 do 4 lat.<\/li>\n<li style=\"margin-bottom: 22px; padding-left: 35px; position: relative;\"><span style=\"position: absolute; left: 0; color: #4ecdc4; font-size: 24px; line-height: 1;\">\u2022<\/span><strong style=\"color: #d63384;\">Wersja r\u0119czna z kierownic\u0105<\/strong><br \/>\nR\u0119czna karuzela z kierownic\u0105 pozwala dzieciom nie tylko cieszy\u0107 si\u0119 wiruj\u0105c\u0105 zabaw\u0105, ale tak\u017ce symulowa\u0107 jazd\u0119 samochodem, pomagaj\u0105c rozwija\u0107 umiej\u0119tno\u015bci koordynacji. Obracaj\u0105c kierownic\u0119, mo\u017cna kontrolowa\u0107 kierunek jazdy, zwi\u0119kszaj\u0105c poziom interakcji i zabawy. Jest to idealne rozwi\u0105zanie dla dzieci w wieku od 2 do 5 lat, odpowiednie do u\u017cytku domowego, przedszkoli lub wypo\u017cyczalni.<\/li>\n<li style=\"margin-bottom: 22px; padding-left: 35px; position: relative;\"><span style=\"position: absolute; left: 0; color: #45b7d1; font-size: 24px; line-height: 1;\">\u2022<\/span><strong style=\"color: #d63384;\">Obroty elektryczne (nap\u0119dzane silnikiem)<\/strong><br \/>\nElektryczna karuzela soft play jest obecnie jednym z najpopularniejszych wybor\u00f3w w obiektach komercyjnych. Jest wyposa\u017cona w zmotoryzowany system, kt\u00f3ry zapewnia p\u0142ynny i stabilny obr\u00f3t. Dzi\u0119ki dynamicznemu o\u015bwietleniu i funkcjom muzycznym tworzy magiczne \u015brodowisko zabawy i jest bardzo atrakcyjna, szczeg\u00f3lnie w przestrzeniach komercyjnych, du\u017cych parkach rozrywki lub wysokiej klasy wypo\u017cyczalniach, szczeg\u00f3lnie odpowiednich dla dzieci w wieku od 1,5 do 6 lat.<\/li>\n<li style=\"margin-bottom: 22px; padding-left: 35px; position: relative;\"><span style=\"position: absolute; left: 0; color: #f4a261; font-size: 24px; line-height: 1;\">\u2022<\/span><strong style=\"color: #d63384;\">Wersja elektryczna Animal\/Theme<\/strong><br \/>\nTa elektryczna karuzela do mi\u0119kkiej zabawy o tematyce zwierz\u0119cej ma wiele uroczych kszta\u0142t\u00f3w zwierz\u0105t, takich jak konie, nied\u017awiedzie, lwy i inne, a jej wzornictwo inspirowane jest bajkami. Karuzela jest nie tylko zmotoryzowana, ale tak\u017ce wyposa\u017cona w dynamiczn\u0105 muzyk\u0119 i kolorowe o\u015bwietlenie, dodaj\u0105c rozrywki wizualnej i s\u0142uchowej. Idealnie nadaje si\u0119 do park\u00f3w rozrywki, centr\u00f3w handlowych i innych miejsc, pozwalaj\u0105c dzieciom cieszy\u0107 si\u0119 jazd\u0105, a jednocze\u015bnie staj\u0105c si\u0119 popularnym miejscem do robienia zdj\u0119\u0107 dla rodzic\u00f3w. Odpowiedni dla dzieci w wieku od 2 do 6 lat.<\/li>\n<\/ul>\n<div style=\"font-size: 26px; font-weight: bold; color: #7b2cbf; margin: 50px 0 20px; border-left: 6px solid #7b2cbf; padding-left: 15px;\">G\u0142\u00f3wne cechy:<\/div>\n<ul style=\"list-style: none; padding-left: 0; font-size: 17px; color: #333;\">\n<li style=\"margin: 18px 0; padding-left: 35px; position: relative;\"><span style=\"position: absolute; left: 0; color: #ff9f1c; font-weight: bold;\">\u2605<\/span> <strong>1111Wielofunkcyjny projekt<\/strong>: Nadaje si\u0119 do u\u017cytku wewn\u0105trz i na zewn\u0105trz...<\/li>\n<li style=\"margin: 18px 0; padding-left: 35px; position: relative;\"><span style=\"position: absolute; left: 0; color: #ff9f1c; font-weight: bold;\">\u2605<\/span> <strong>Bezpieczny i trwa\u0142y<\/strong>: Wykonane z wysokiej jako\u015bci materia\u0142\u00f3w przyjaznych dzieciom...<\/li>\n<li style=\"margin: 18px 0; padding-left: 35px; position: relative;\"><span style=\"position: absolute; left: 0; color: #ff9f1c; font-weight: bold;\">\u2605<\/span> <strong>Interaktywna zabawa<\/strong>: W razie potrzeby nasza karuzela mo\u017ce by\u0107 wyposa\u017cona w interaktywne funkcje...<\/li>\n<li style=\"margin: 18px 0; padding-left: 35px; position: relative;\"><span style=\"position: absolute; left: 0; color: #ff9f1c; font-weight: bold;\">\u2605<\/span> <strong>Konfigurowalne motywy<\/strong>: Niezale\u017cnie od tego, czy wolisz klasyczne kszta\u0142ty zwierz\u0105t...<\/li>\n<li style=\"margin: 18px 0; padding-left: 35px; position: relative;\"><span style=\"position: absolute; left: 0; color: #ff9f1c; font-weight: bold;\">\u2605<\/span> <strong>\u0141atwa instalacja i konserwacja<\/strong>: Zaprojektowany z my\u015bl\u0105 o \u0142atwej i szybkiej instalacji...<\/li>\n<li style=\"margin: 18px 0; padding-left: 35px; position: relative;\"><span style=\"position: absolute; left: 0; color: #ff9f1c; font-weight: bold;\">\u2605<\/span> <strong>Konstrukcja dostosowana do wieku<\/strong>: Odpowiedni dla dzieci w wieku od 2 lat...<\/li>\n<\/ul>\n<p style=\"font-size: 19px; font-weight: bold; color: #c71585; text-align: center; margin: 50px 0 25px; padding: 20px; background: rgba(199,21,133,0.08); border-radius: 12px; border: 2px dashed #ffb3d9;\">Idealna do u\u017cytku komercyjnego: Dzi\u0119ki \u017cywym kolorom, atrakcyjnemu designowi i solidnej konstrukcji, karuzela do zabawy jest idealnym wyborem do przestrzeni komercyjnych o du\u017cym nat\u0119\u017ceniu ruchu.<\/p>\n<div style=\"font-size: 22px; font-weight: bold; color: #d63384; margin: 45px 0 18px;\">Specyfikacja:<\/div>\n<ul style=\"font-size: 17px; color: #444;\">\n<li><strong>Materia\u0142y:<\/strong> Drewniana rama, pianka o wysokiej g\u0119sto\u015bci, PVC, o\u015bwietlenie LED, PU<\/li>\n<li><strong>Opcje rozmiaru:<\/strong> Dost\u0119pne w r\u00f3\u017cnych rozmiarach dostosowanych do r\u00f3\u017cnych wymaga\u0144 przestrzennych<\/li>\n<li><strong>Zalecany wiek:<\/strong> Odpowiednie dla dzieci w wieku od 2 do 12 lat<\/li>\n<li><strong>Bezpiecze\u0144stwo:<\/strong> Zgodno\u015b\u0107 z mi\u0119dzynarodowymi standardami bezpiecze\u0144stwa urz\u0105dze\u0144 do zabawy dla dzieci<\/li>\n<\/ul>\n<p style=\"font-size: 19px; color: #444; margin-top: 45px; text-align: center; font-weight: 500; background: linear-gradient(to right, #f48fb1, #ce93d8); -webkit-background-clip: text; -webkit-text-fill-color: transparent;\">Komercyjna karuzela do mi\u0119kkiej zabawy mo\u017ce by\u0107 u\u017cywana niezale\u017cnie lub w po\u0142\u0105czeniu z innymi urz\u0105dzeniami do mi\u0119kkiej zabawy (takimi jak mi\u0119kkie miejsca do raczkowania, zje\u017cd\u017calnie, do\u0142y z pi\u0142kami itp.), tworz\u0105c kompletny system mi\u0119kkiej zabawy. Oferujemy r\u00f3wnie\u017c us\u0142ugi niestandardowe, projektuj\u0105c i tworz\u0105c unikalne do\u015bwiadczenia zabawy dostosowane do potrzeb ka\u017cdego klienta.<\/p>\n<div style=\"text-align: center; margin-top: 60px; padding: 30px; background: linear-gradient(135deg, #ff9a9e, #fad0c4); border-radius: 20px; color: white; font-size: 24px; font-weight: bold; text-shadow: 1px 1px 4px rgba(0,0,0,0.3);\">Wnie\u015b rado\u015b\u0107 z kr\u0119cenia si\u0119 na sw\u00f3j plac zabaw dzi\u0119ki komercyjnej karuzeli do mi\u0119kkiej zabawy,<br \/>\ngdzie przygoda, wyobra\u017ania i bezpiecze\u0144stwo doskonale \u0142\u0105cz\u0105 si\u0119 w ekscytuj\u0105cym do\u015bwiadczeniu sprz\u0119tu do zabawy!<\/div>\n<\/div>","protected":false},"excerpt":{"rendered":"<p>Komercyjna karuzela Soft Play do plac\u00f3w zabaw wewn\u0105trz i na zewn\u0105trz, oferuj\u0105ca zar\u00f3wno opcje r\u0119czne, jak i zmotoryzowane. Idealne dla dzieci w wieku 1-6 lat, karuzele te zapewniaj\u0105 interaktywn\u0105 zabaw\u0119, bezpiecze\u0144stwo i rozrywk\u0119 w parkach rozrywki, centrach handlowych i przedszkolach.<\/p>","protected":false},"featured_media":3815,"parent":0,"template":"","meta":{"_acf_changed":false,"_kad_blocks_custom_css":"","_kad_blocks_head_custom_js":"","_kad_blocks_body_custom_js":"","_kad_blocks_footer_custom_js":"","_kadence_starter_templates_imported_post":false,"_kad_post_transparent":"default","_kad_post_title":"","_kad_post_layout":"default","_kad_post_sidebar_id":"","_kad_post_content_style":"default","_kad_post_vertical_padding":"default","_kad_post_feature":"","_kad_post_feature_position":"","_kad_post_header":false,"_kad_post_footer":false},"pcategory":[19],"ptag":[],"class_list":["post-3814","product","type-product","status-publish","has-post-thumbnail","hentry","pcategory-merry-go-round"],"acf":[],"yoast_head":"<!-- This site is optimized with the Yoast SEO plugin v26.8 - https:\/\/yoast.com\/product\/yoast-seo-wordpress\/ -->\n<title>Commercial Soft Play Carousel for Kids&#039; Indoor &amp; Outdoor Playgrounds<\/title>\n<meta name=\"description\" content=\"Commercial Soft Play Carousel for indoor and outdoor playgrounds, offering both manual and motorized options. Perfect for kids aged 1-6, these carousels bring interactive fun, safety, and entertainment to theme parks, shopping malls, and daycare centers.\" \/>\n<meta name=\"robots\" content=\"index, follow, max-snippet:-1, max-image-preview:large, max-video-preview:-1\" \/>\n<link rel=\"canonical\" href=\"https:\/\/softplaysupply.com\/pl\/produkt\/commercial-soft-play-carousel\/\" \/>\n<meta property=\"og:locale\" content=\"pl_PL\" \/>\n<meta property=\"og:type\" content=\"article\" \/>\n<meta property=\"og:title\" content=\"Commercial Soft Play Carousel for Kids&#039; Indoor &amp; Outdoor Playgrounds\" \/>\n<meta property=\"og:description\" content=\"Commercial Soft Play Carousel for indoor and outdoor playgrounds, offering both manual and motorized options. Perfect for kids aged 1-6, these carousels bring interactive fun, safety, and entertainment to theme parks, shopping malls, and daycare centers.\" \/>\n<meta property=\"og:url\" content=\"https:\/\/softplaysupply.com\/pl\/produkt\/commercial-soft-play-carousel\/\" \/>\n<meta property=\"og:site_name\" content=\"Nanpak\" \/>\n<meta property=\"og:image\" content=\"https:\/\/softplaysupply.com\/wp-content\/uploads\/2026\/01\/soft-play-carousel-1.jpg\" \/>\n\t<meta property=\"og:image:width\" content=\"750\" \/>\n\t<meta property=\"og:image:height\" content=\"750\" \/>\n\t<meta property=\"og:image:type\" content=\"image\/jpeg\" \/>\n<meta name=\"twitter:card\" content=\"summary_large_image\" \/>\n<meta name=\"twitter:label1\" content=\"Szacowany czas czytania\" \/>\n\t<meta name=\"twitter:data1\" content=\"5 minut\" \/>\n<script type=\"application\/ld+json\" class=\"yoast-schema-graph\">{\"@context\":\"https:\/\/schema.org\",\"@graph\":[{\"@type\":\"WebPage\",\"@id\":\"https:\/\/softplaysupply.com\/product\/commercial-soft-play-carousel\/\",\"url\":\"https:\/\/softplaysupply.com\/product\/commercial-soft-play-carousel\/\",\"name\":\"Commercial Soft Play Carousel for Kids' Indoor & Outdoor Playgrounds\",\"isPartOf\":{\"@id\":\"https:\/\/softplaysupply.com\/#website\"},\"primaryImageOfPage\":{\"@id\":\"https:\/\/softplaysupply.com\/product\/commercial-soft-play-carousel\/#primaryimage\"},\"image\":{\"@id\":\"https:\/\/softplaysupply.com\/product\/commercial-soft-play-carousel\/#primaryimage\"},\"thumbnailUrl\":\"https:\/\/softplaysupply.com\/wp-content\/uploads\/2026\/01\/soft-play-carousel-1.jpg\",\"datePublished\":\"2026-01-14T03:59:30+00:00\",\"description\":\"Commercial Soft Play Carousel for indoor and outdoor playgrounds, offering both manual and motorized options. Perfect for kids aged 1-6, these carousels bring interactive fun, safety, and entertainment to theme parks, shopping malls, and daycare centers.\",\"breadcrumb\":{\"@id\":\"https:\/\/softplaysupply.com\/product\/commercial-soft-play-carousel\/#breadcrumb\"},\"inLanguage\":\"pl-PL\",\"potentialAction\":[{\"@type\":\"ReadAction\",\"target\":[\"https:\/\/softplaysupply.com\/product\/commercial-soft-play-carousel\/\"]}]},{\"@type\":\"ImageObject\",\"inLanguage\":\"pl-PL\",\"@id\":\"https:\/\/softplaysupply.com\/product\/commercial-soft-play-carousel\/#primaryimage\",\"url\":\"https:\/\/softplaysupply.com\/wp-content\/uploads\/2026\/01\/soft-play-carousel-1.jpg\",\"contentUrl\":\"https:\/\/softplaysupply.com\/wp-content\/uploads\/2026\/01\/soft-play-carousel-1.jpg\",\"width\":750,\"height\":750,\"caption\":\"soft play carousel\"},{\"@type\":\"BreadcrumbList\",\"@id\":\"https:\/\/softplaysupply.com\/product\/commercial-soft-play-carousel\/#breadcrumb\",\"itemListElement\":[{\"@type\":\"ListItem\",\"position\":1,\"name\":\"Home\",\"item\":\"https:\/\/softplaysupply.com\/\"},{\"@type\":\"ListItem\",\"position\":2,\"name\":\"Merry Go Round\",\"item\":\"https:\/\/softplaysupply.com\/pcategory\/merry-go-round\/\"},{\"@type\":\"ListItem\",\"position\":3,\"name\":\"Commercial Soft Play Carousel for Kids&#8217; Indoor &#038; Outdoor Playgrounds\"}]},{\"@type\":\"WebSite\",\"@id\":\"https:\/\/softplaysupply.com\/#website\",\"url\":\"https:\/\/softplaysupply.com\/\",\"name\":\"Soft Play Supplier\",\"description\":\"Soft Play Supplier\",\"publisher\":{\"@id\":\"https:\/\/softplaysupply.com\/#organization\"},\"potentialAction\":[{\"@type\":\"SearchAction\",\"target\":{\"@type\":\"EntryPoint\",\"urlTemplate\":\"https:\/\/softplaysupply.com\/?s={search_term_string}\"},\"query-input\":{\"@type\":\"PropertyValueSpecification\",\"valueRequired\":true,\"valueName\":\"search_term_string\"}}],\"inLanguage\":\"pl-PL\"},{\"@type\":\"Organization\",\"@id\":\"https:\/\/softplaysupply.com\/#organization\",\"name\":\"Nanpak\",\"url\":\"https:\/\/softplaysupply.com\/\",\"logo\":{\"@type\":\"ImageObject\",\"inLanguage\":\"pl-PL\",\"@id\":\"https:\/\/softplaysupply.com\/#\/schema\/logo\/image\/\",\"url\":\"https:\/\/softplaysupply.com\/wp-content\/uploads\/2025\/12\/cropped-mobile-logo.png\",\"contentUrl\":\"https:\/\/softplaysupply.com\/wp-content\/uploads\/2025\/12\/cropped-mobile-logo.png\",\"width\":263,\"height\":84,\"caption\":\"Nanpak\"},\"image\":{\"@id\":\"https:\/\/softplaysupply.com\/#\/schema\/logo\/image\/\"}}]}<\/script>\n<!-- \/ Yoast SEO plugin. -->","yoast_head_json":{"title":"Komercyjna karuzela do zabawy dla dzieci na wewn\u0119trznych i zewn\u0119trznych placach zabaw","description":"Komercyjna karuzela Soft Play do plac\u00f3w zabaw wewn\u0105trz i na zewn\u0105trz, oferuj\u0105ca zar\u00f3wno opcje r\u0119czne, jak i zmotoryzowane. Idealne dla dzieci w wieku 1-6 lat, karuzele te zapewniaj\u0105 interaktywn\u0105 zabaw\u0119, bezpiecze\u0144stwo i rozrywk\u0119 w parkach rozrywki, centrach handlowych i przedszkolach.","robots":{"index":"index","follow":"follow","max-snippet":"max-snippet:-1","max-image-preview":"max-image-preview:large","max-video-preview":"max-video-preview:-1"},"canonical":"https:\/\/softplaysupply.com\/pl\/produkt\/commercial-soft-play-carousel\/","og_locale":"pl_PL","og_type":"article","og_title":"Commercial Soft Play Carousel for Kids' Indoor & Outdoor Playgrounds","og_description":"Commercial Soft Play Carousel for indoor and outdoor playgrounds, offering both manual and motorized options. Perfect for kids aged 1-6, these carousels bring interactive fun, safety, and entertainment to theme parks, shopping malls, and daycare centers.","og_url":"https:\/\/softplaysupply.com\/pl\/produkt\/commercial-soft-play-carousel\/","og_site_name":"Nanpak","og_image":[{"width":750,"height":750,"url":"https:\/\/softplaysupply.com\/wp-content\/uploads\/2026\/01\/soft-play-carousel-1.jpg","type":"image\/jpeg"}],"twitter_card":"summary_large_image","twitter_misc":{"Szacowany czas czytania":"5 minut"},"schema":{"@context":"https:\/\/schema.org","@graph":[{"@type":"WebPage","@id":"https:\/\/softplaysupply.com\/product\/commercial-soft-play-carousel\/","url":"https:\/\/softplaysupply.com\/product\/commercial-soft-play-carousel\/","name":"Komercyjna karuzela do zabawy dla dzieci na wewn\u0119trznych i zewn\u0119trznych placach zabaw","isPartOf":{"@id":"https:\/\/softplaysupply.com\/#website"},"primaryImageOfPage":{"@id":"https:\/\/softplaysupply.com\/product\/commercial-soft-play-carousel\/#primaryimage"},"image":{"@id":"https:\/\/softplaysupply.com\/product\/commercial-soft-play-carousel\/#primaryimage"},"thumbnailUrl":"https:\/\/softplaysupply.com\/wp-content\/uploads\/2026\/01\/soft-play-carousel-1.jpg","datePublished":"2026-01-14T03:59:30+00:00","description":"Komercyjna karuzela Soft Play do plac\u00f3w zabaw wewn\u0105trz i na zewn\u0105trz, oferuj\u0105ca zar\u00f3wno opcje r\u0119czne, jak i zmotoryzowane. Idealne dla dzieci w wieku 1-6 lat, karuzele te zapewniaj\u0105 interaktywn\u0105 zabaw\u0119, bezpiecze\u0144stwo i rozrywk\u0119 w parkach rozrywki, centrach handlowych i przedszkolach.","breadcrumb":{"@id":"https:\/\/softplaysupply.com\/product\/commercial-soft-play-carousel\/#breadcrumb"},"inLanguage":"pl-PL","potentialAction":[{"@type":"ReadAction","target":["https:\/\/softplaysupply.com\/product\/commercial-soft-play-carousel\/"]}]},{"@type":"ImageObject","inLanguage":"pl-PL","@id":"https:\/\/softplaysupply.com\/product\/commercial-soft-play-carousel\/#primaryimage","url":"https:\/\/softplaysupply.com\/wp-content\/uploads\/2026\/01\/soft-play-carousel-1.jpg","contentUrl":"https:\/\/softplaysupply.com\/wp-content\/uploads\/2026\/01\/soft-play-carousel-1.jpg","width":750,"height":750,"caption":"soft play carousel"},{"@type":"BreadcrumbList","@id":"https:\/\/softplaysupply.com\/product\/commercial-soft-play-carousel\/#breadcrumb","itemListElement":[{"@type":"ListItem","position":1,"name":"Home","item":"https:\/\/softplaysupply.com\/"},{"@type":"ListItem","position":2,"name":"Merry Go Round","item":"https:\/\/softplaysupply.com\/pcategory\/merry-go-round\/"},{"@type":"ListItem","position":3,"name":"Commercial Soft Play Carousel for Kids&#8217; Indoor &#038; Outdoor Playgrounds"}]},{"@type":"WebSite","@id":"https:\/\/softplaysupply.com\/#website","url":"https:\/\/softplaysupply.com\/","name":"Dostawca mi\u0119kkich zabawek","description":"Dostawca mi\u0119kkich zabawek","publisher":{"@id":"https:\/\/softplaysupply.com\/#organization"},"potentialAction":[{"@type":"SearchAction","target":{"@type":"EntryPoint","urlTemplate":"https:\/\/softplaysupply.com\/?s={search_term_string}"},"query-input":{"@type":"PropertyValueSpecification","valueRequired":true,"valueName":"search_term_string"}}],"inLanguage":"pl-PL"},{"@type":"Organization","@id":"https:\/\/softplaysupply.com\/#organization","name":"Nanpak","url":"https:\/\/softplaysupply.com\/","logo":{"@type":"ImageObject","inLanguage":"pl-PL","@id":"https:\/\/softplaysupply.com\/#\/schema\/logo\/image\/","url":"https:\/\/softplaysupply.com\/wp-content\/uploads\/2025\/12\/cropped-mobile-logo.png","contentUrl":"https:\/\/softplaysupply.com\/wp-content\/uploads\/2025\/12\/cropped-mobile-logo.png","width":263,"height":84,"caption":"Nanpak"},"image":{"@id":"https:\/\/softplaysupply.com\/#\/schema\/logo\/image\/"}}]}},"taxonomy_info":{"pcategory":[{"value":19,"label":"Merry Go Round"}]},"featured_image_src_large":["https:\/\/softplaysupply.com\/wp-content\/uploads\/2026\/01\/soft-play-carousel-1.jpg",750,750,false],"author_info":[],"comment_info":"","_links":{"self":[{"href":"https:\/\/softplaysupply.com\/pl\/wp-json\/wp\/v2\/product\/3814","targetHints":{"allow":["GET"]}}],"collection":[{"href":"https:\/\/softplaysupply.com\/pl\/wp-json\/wp\/v2\/product"}],"about":[{"href":"https:\/\/softplaysupply.com\/pl\/wp-json\/wp\/v2\/types\/product"}],"wp:featuredmedia":[{"embeddable":true,"href":"https:\/\/softplaysupply.com\/pl\/wp-json\/wp\/v2\/media\/3815"}],"wp:attachment":[{"href":"https:\/\/softplaysupply.com\/pl\/wp-json\/wp\/v2\/media?parent=3814"}],"wp:term":[{"taxonomy":"pcategory","embeddable":true,"href":"https:\/\/softplaysupply.com\/pl\/wp-json\/wp\/v2\/pcategory?post=3814"},{"taxonomy":"ptag","embeddable":true,"href":"https:\/\/softplaysupply.com\/pl\/wp-json\/wp\/v2\/ptag?post=3814"}],"curies":[{"name":"wp","href":"https:\/\/api.w.org\/{rel}","templated":true}]}}