{"id":3794,"date":"2026-02-17T05:22:53","date_gmt":"2026-02-17T05:22:53","guid":{"rendered":"https:\/\/softplaysupply.com\/?post_type=product&#038;p=3794"},"modified":"2026-02-11T08:14:45","modified_gmt":"2026-02-11T08:14:45","slug":"pink-soft-play-set","status":"publish","type":"product","link":"https:\/\/softplaysupply.com\/pl\/produkt\/pink-soft-play-set\/","title":{"rendered":"R\u00f3\u017cowy zestaw do zabawy z klockami, pn\u0105czem, dmuchanym zamkiem i zje\u017cd\u017calni\u0105 - wyposa\u017cenie placu zabaw"},"content":{"rendered":"<p style=\"font-size: 1.16em; color: #444; margin-bottom: 30px;\">The <a href=\"https:\/\/softplaysupply.com\/pl\/produkt\/pink-soft-play-set\/\" data-internallinksmanager029f6b8e52c=\"21\" title=\"r\u00f3\u017cowy mi\u0119kki zestaw do zabawy\" target=\"_blank\" rel=\"noopener\">R\u00f3\u017cowy mi\u0119kki zestaw do zabawy<\/a> z klockami, wspinaczk\u0105, dmuchanym zamkiem i zje\u017cd\u017calni\u0105 to kompletne i wszechstronne rozwi\u0105zanie do mi\u0119kkiej zabawy przeznaczone dla maluch\u00f3w i ma\u0142ych dzieci. Jego delikatna r\u00f3\u017cowa paleta kolor\u00f3w i starannie zaprojektowane elementy do zabawy tworz\u0105 bezpieczne, wci\u0105gaj\u0105ce i atrakcyjne wizualnie \u015brodowisko do zabawy, odpowiednie dla wewn\u0119trznych plac\u00f3w zabaw, o\u015brodk\u00f3w opieki dziennej, przedszkoli i mieszkalnych plac\u00f3w zabaw.<\/p>\n<div style=\"width: 1280px;\" class=\"wp-video\"><video class=\"wp-video-shortcode\" id=\"video-3794-1\" width=\"1280\" height=\"720\" preload=\"metadata\" controls=\"controls\"><source type=\"video\/mp4\" src=\"https:\/\/softplaysupply.com\/wp-content\/uploads\/2026\/01\/pink-soft-play-package.mp4?_=1\" \/><a href=\"https:\/\/softplaysupply.com\/wp-content\/uploads\/2026\/01\/pink-soft-play-package.mp4\">https:\/\/softplaysupply.com\/wp-content\/uploads\/2026\/01\/pink-soft-play-package.mp4<\/a><\/video><\/div>\n<p style=\"margin-bottom: 30px;\">Ten zestaw zawiera mi\u0119kkie klocki do zabawy, delikatn\u0105 wspinaczk\u0119, g\u0142adk\u0105 zje\u017cd\u017calni\u0119 i kompaktowy dmuchany zamek, oferuj\u0105c dzieciom wiele sposob\u00f3w na odkrywanie, wspinanie si\u0119, zje\u017cd\u017canie i odbijanie. Ka\u017cdy element zach\u0119ca do rozwoju umiej\u0119tno\u015bci motorycznych, r\u00f3wnowagi, koordynacji i pomys\u0142owej zabawy, dzi\u0119ki czemu jest idealny dla dzieci w wieku 1-5 lat.<\/p>\n<p style=\"margin-bottom: 30px;\">Wykonane ze sk\u00f3ry PVC lub PU, g\u0105bki o wysokiej g\u0119sto\u015bci i wzmocnionej sklejki, wszystkie elementy s\u0105 mi\u0119kkie, ale wspieraj\u0105ce, trwa\u0142e do u\u017cytku komercyjnego i \u0142atwe do czyszczenia. Materia\u0142y s\u0105 nietoksyczne, bezpieczne i przyjazne dla dzieci, spe\u0142niaj\u0105c mi\u0119dzynarodowe normy bezpiecze\u0144stwa, takie jak CE i EN71, zapewniaj\u0105c przydatno\u015b\u0107 do \u015brodowisk o du\u017cym nat\u0119\u017ceniu ruchu i wielokrotnego u\u017cytku w wypo\u017cyczalniach imprezowych lub na krytych placach zabaw.<\/p>\n<p style=\"margin-bottom: 30px;\">Delikatny r\u00f3\u017cowy kolor zapewnia czyst\u0105, nowoczesn\u0105 estetyk\u0119, kt\u00f3ra doskonale sprawdza si\u0119 na przyj\u0119ciach urodzinowych, imprezach tematycznych i przestrzeniach do zabawy w stylu butikowym. Lekkie modu\u0142owe komponenty pozwalaj\u0105 na elastyczne aran\u017cacje uk\u0142adu, szybk\u0105 konfiguracj\u0119, \u0142atwy transport i efektywne przechowywanie - idealne dla komercyjnych operator\u00f3w mi\u0119kkich zabaw i mobilnych wypo\u017cyczalni.<\/p>\n<div style=\"background: linear-gradient(135deg, #fce4ec 0%, #f8bbd0 100%); border-radius: 18px; padding: 32px; margin: 40px 0; border: 1px solid #f48fb1; box-shadow: 0 6px 20px rgba(233,30,99,0.08);\">\n<div style=\"font-weight: bold; font-size: 1.55em; color: #ad1457; margin-bottom: 24px; text-align: center;\">Specyfikacje<\/div>\n<div style=\"display: grid; grid-template-columns: 1fr 2fr; gap: 18px 28px; font-size: 1.06em;\">\n<div style=\"font-weight: 600; color: #880e4f;\">Materia\u0142<\/div>\n<div>PVC \/ PU + g\u0105bka + sklejka<\/div>\n<div style=\"font-weight: 600; color: #880e4f;\">Rozmiar<\/div>\n<div>Dostosowane do wymaga\u0144 lokalizacji<\/div>\n<div style=\"font-weight: 600; color: #880e4f;\">Kolor<\/div>\n<div>Jak na zdj\u0119ciu lub w pe\u0142ni konfigurowalny<\/div>\n<div style=\"font-weight: 600; color: #880e4f;\">Certyfikaty<\/div>\n<div>CE, EN71<\/div>\n<div style=\"font-weight: 600; color: #880e4f;\">Gwarancja<\/div>\n<div>3 lata<\/div>\n<div style=\"font-weight: 600; color: #880e4f;\">Minimalna ilo\u015b\u0107 zam\u00f3wienia<\/div>\n<div>1 sztuka<\/div>\n<div style=\"font-weight: 600; color: #880e4f;\">Odpowiednie okazje<\/div>\n<div>O\u015brodki opieki dziennej, przedszkola, edukacyjne place zabaw, kryte publiczne place zabaw, mieszkalne przestrzenie zabaw, komercyjne i publiczne miejsca zabaw, wynajem na imprezy i wydarzenia<\/div>\n<\/div>\n<\/div>\n<p style=\"font-size: 1.17em; font-weight: 500; color: #ad1457; text-align: center; margin-top: 45px; margin-bottom: 25px;\">R\u00f3\u017cowy zestaw do mi\u0119kkiej zabawy z klockami, wspinaczk\u0105, dmuchanym zamkiem i zje\u017cd\u017calni\u0105 to doskona\u0142y wyb\u00f3r dla firm poszukuj\u0105cych bezpiecznego, anga\u017cuj\u0105cego i atrakcyjnego wizualnie rozwi\u0105zania do mi\u0119kkiej zabawy, kt\u00f3re mo\u017ce niezawodnie dzia\u0142a\u0107 zar\u00f3wno w codziennej pracy, jak i podczas specjalnych wydarze\u0144.<\/p>\n<p><img loading=\"lazy\" decoding=\"async\" class=\"alignnone size-full wp-image-3800\" src=\"https:\/\/softplaysupply.com\/wp-content\/uploads\/2026\/01\/pink-soft-play-package-6.jpg\" alt=\"\" width=\"750\" height=\"1340\" srcset=\"https:\/\/softplaysupply.com\/wp-content\/uploads\/2026\/01\/pink-soft-play-package-6.jpg 750w, https:\/\/softplaysupply.com\/wp-content\/uploads\/2026\/01\/pink-soft-play-package-6-168x300.jpg 168w, https:\/\/softplaysupply.com\/wp-content\/uploads\/2026\/01\/pink-soft-play-package-6-573x1024.jpg 573w, https:\/\/softplaysupply.com\/wp-content\/uploads\/2026\/01\/pink-soft-play-package-6-7x12.jpg 7w\" sizes=\"auto, (max-width: 750px) 100vw, 750px\" \/> <img loading=\"lazy\" decoding=\"async\" class=\"alignnone size-full wp-image-3804\" src=\"https:\/\/softplaysupply.com\/wp-content\/uploads\/2026\/01\/pink-soft-play-sets-scaled.jpg\" alt=\"\" width=\"640\" height=\"2560\" srcset=\"https:\/\/softplaysupply.com\/wp-content\/uploads\/2026\/01\/pink-soft-play-sets-scaled.jpg 640w, https:\/\/softplaysupply.com\/wp-content\/uploads\/2026\/01\/pink-soft-play-sets-75x300.jpg 75w, https:\/\/softplaysupply.com\/wp-content\/uploads\/2026\/01\/pink-soft-play-sets-256x1024.jpg 256w, https:\/\/softplaysupply.com\/wp-content\/uploads\/2026\/01\/pink-soft-play-sets-384x1536.jpg 384w, https:\/\/softplaysupply.com\/wp-content\/uploads\/2026\/01\/pink-soft-play-sets-512x2048.jpg 512w, https:\/\/softplaysupply.com\/wp-content\/uploads\/2026\/01\/pink-soft-play-sets-3x12.jpg 3w\" sizes=\"auto, (max-width: 640px) 100vw, 640px\" \/> <img loading=\"lazy\" decoding=\"async\" class=\"alignnone size-full wp-image-3797\" src=\"https:\/\/softplaysupply.com\/wp-content\/uploads\/2026\/01\/pink-soft-play-package-3-1.jpg\" alt=\"\" width=\"750\" height=\"663\" srcset=\"https:\/\/softplaysupply.com\/wp-content\/uploads\/2026\/01\/pink-soft-play-package-3-1.jpg 750w, https:\/\/softplaysupply.com\/wp-content\/uploads\/2026\/01\/pink-soft-play-package-3-1-300x265.jpg 300w, https:\/\/softplaysupply.com\/wp-content\/uploads\/2026\/01\/pink-soft-play-package-3-1-14x12.jpg 14w\" sizes=\"auto, (max-width: 750px) 100vw, 750px\" \/> <img loading=\"lazy\" decoding=\"async\" class=\"alignnone size-full wp-image-3799\" src=\"https:\/\/softplaysupply.com\/wp-content\/uploads\/2026\/01\/pink-soft-play-package-5.jpg\" alt=\"\" width=\"750\" height=\"709\" srcset=\"https:\/\/softplaysupply.com\/wp-content\/uploads\/2026\/01\/pink-soft-play-package-5.jpg 750w, https:\/\/softplaysupply.com\/wp-content\/uploads\/2026\/01\/pink-soft-play-package-5-300x284.jpg 300w, https:\/\/softplaysupply.com\/wp-content\/uploads\/2026\/01\/pink-soft-play-package-5-13x12.jpg 13w\" sizes=\"auto, (max-width: 750px) 100vw, 750px\" \/><\/p>","protected":false},"excerpt":{"rendered":"<p>R\u00f3\u017cowy mi\u0119kki zestaw do zabawy z klockami, wspinaczk\u0105, dmuchanym zamkiem i zje\u017cd\u017calni\u0105 oferuje bezpieczne, stylowe i wszechstronne rozwi\u0105zanie do zabawy dla dzieci. Idealny do wynajmu na imprezy, do przedszkoli i centr\u00f3w zabaw w pomieszczeniach, promuje wspinaczk\u0119, zje\u017cd\u017canie i pomys\u0142ow\u0105 zabaw\u0119.<\/p>","protected":false},"featured_media":3795,"parent":0,"template":"","meta":{"_acf_changed":false,"_kad_blocks_custom_css":"","_kad_blocks_head_custom_js":"","_kad_blocks_body_custom_js":"","_kad_blocks_footer_custom_js":"","_kadence_starter_templates_imported_post":false,"_kad_post_transparent":"default","_kad_post_title":"","_kad_post_layout":"default","_kad_post_sidebar_id":"","_kad_post_content_style":"default","_kad_post_vertical_padding":"default","_kad_post_feature":"","_kad_post_feature_position":"","_kad_post_header":false,"_kad_post_footer":false},"pcategory":[22,40],"ptag":[],"class_list":["post-3794","product","type-product","status-publish","has-post-thumbnail","hentry","pcategory-soft-play-equipment","pcategory-soft-play-set"],"acf":[],"yoast_head":"<!-- This site is optimized with the Yoast SEO plugin v26.8 - https:\/\/yoast.com\/product\/yoast-seo-wordpress\/ -->\n<title>Pink Soft Play Set with Blocks, Climber, Bouncy Castle &amp; Slide Playground Equipment<\/title>\n<meta name=\"description\" content=\"The Pink Soft Play Set with Blocks, Climber, Bouncy Castle &amp; Slide Playground Equipment offers a safe, stylish, and versatile play solution for children. Perfect for party rentals, kindergartens, and indoor play centers, it promotes climbing, sliding, and imaginative play.\" \/>\n<meta name=\"robots\" content=\"index, follow, max-snippet:-1, max-image-preview:large, max-video-preview:-1\" \/>\n<link rel=\"canonical\" href=\"https:\/\/softplaysupply.com\/pl\/produkt\/pink-soft-play-set\/\" \/>\n<meta property=\"og:locale\" content=\"pl_PL\" \/>\n<meta property=\"og:type\" content=\"article\" \/>\n<meta property=\"og:title\" content=\"Pink Soft Play Set with Blocks, Climber, Bouncy Castle &amp; Slide Playground Equipment\" \/>\n<meta property=\"og:description\" content=\"The Pink Soft Play Set with Blocks, Climber, Bouncy Castle &amp; Slide Playground Equipment offers a safe, stylish, and versatile play solution for children. Perfect for party rentals, kindergartens, and indoor play centers, it promotes climbing, sliding, and imaginative play.\" \/>\n<meta property=\"og:url\" content=\"https:\/\/softplaysupply.com\/pl\/produkt\/pink-soft-play-set\/\" \/>\n<meta property=\"og:site_name\" content=\"Nanpak\" \/>\n<meta property=\"og:image\" content=\"https:\/\/softplaysupply.com\/wp-content\/uploads\/2026\/01\/pink-soft-play-package-1-1.jpg\" \/>\n\t<meta property=\"og:image:width\" content=\"750\" \/>\n\t<meta property=\"og:image:height\" content=\"743\" \/>\n\t<meta property=\"og:image:type\" content=\"image\/jpeg\" \/>\n<meta name=\"twitter:card\" content=\"summary_large_image\" \/>\n<meta name=\"twitter:label1\" content=\"Szacowany czas czytania\" \/>\n\t<meta name=\"twitter:data1\" content=\"3 minuty\" \/>\n<script type=\"application\/ld+json\" class=\"yoast-schema-graph\">{\"@context\":\"https:\/\/schema.org\",\"@graph\":[{\"@type\":\"WebPage\",\"@id\":\"https:\/\/softplaysupply.com\/product\/pink-soft-play-set\/\",\"url\":\"https:\/\/softplaysupply.com\/product\/pink-soft-play-set\/\",\"name\":\"Pink Soft Play Set with Blocks, Climber, Bouncy Castle & Slide Playground Equipment\",\"isPartOf\":{\"@id\":\"https:\/\/softplaysupply.com\/#website\"},\"primaryImageOfPage\":{\"@id\":\"https:\/\/softplaysupply.com\/product\/pink-soft-play-set\/#primaryimage\"},\"image\":{\"@id\":\"https:\/\/softplaysupply.com\/product\/pink-soft-play-set\/#primaryimage\"},\"thumbnailUrl\":\"https:\/\/softplaysupply.com\/wp-content\/uploads\/2026\/01\/pink-soft-play-package-1-1.jpg\",\"datePublished\":\"2026-02-17T05:22:53+00:00\",\"description\":\"The Pink Soft Play Set with Blocks, Climber, Bouncy Castle & Slide Playground Equipment offers a safe, stylish, and versatile play solution for children. Perfect for party rentals, kindergartens, and indoor play centers, it promotes climbing, sliding, and imaginative play.\",\"breadcrumb\":{\"@id\":\"https:\/\/softplaysupply.com\/product\/pink-soft-play-set\/#breadcrumb\"},\"inLanguage\":\"pl-PL\",\"potentialAction\":[{\"@type\":\"ReadAction\",\"target\":[\"https:\/\/softplaysupply.com\/product\/pink-soft-play-set\/\"]}]},{\"@type\":\"ImageObject\",\"inLanguage\":\"pl-PL\",\"@id\":\"https:\/\/softplaysupply.com\/product\/pink-soft-play-set\/#primaryimage\",\"url\":\"https:\/\/softplaysupply.com\/wp-content\/uploads\/2026\/01\/pink-soft-play-package-1-1.jpg\",\"contentUrl\":\"https:\/\/softplaysupply.com\/wp-content\/uploads\/2026\/01\/pink-soft-play-package-1-1.jpg\",\"width\":750,\"height\":743},{\"@type\":\"BreadcrumbList\",\"@id\":\"https:\/\/softplaysupply.com\/product\/pink-soft-play-set\/#breadcrumb\",\"itemListElement\":[{\"@type\":\"ListItem\",\"position\":1,\"name\":\"Home\",\"item\":\"https:\/\/softplaysupply.com\/\"},{\"@type\":\"ListItem\",\"position\":2,\"name\":\"Soft Play Equipment\",\"item\":\"https:\/\/softplaysupply.com\/pcategory\/soft-play-equipment\/\"},{\"@type\":\"ListItem\",\"position\":3,\"name\":\"Soft Play Set\",\"item\":\"https:\/\/softplaysupply.com\/pcategory\/soft-play-equipment\/soft-play-set\/\"},{\"@type\":\"ListItem\",\"position\":4,\"name\":\"Pink Soft Play Set with Blocks, Climber, Bouncy Castle &#038; Slide Playground Equipment\"}]},{\"@type\":\"WebSite\",\"@id\":\"https:\/\/softplaysupply.com\/#website\",\"url\":\"https:\/\/softplaysupply.com\/\",\"name\":\"Soft Play Supplier\",\"description\":\"Soft Play Supplier\",\"publisher\":{\"@id\":\"https:\/\/softplaysupply.com\/#organization\"},\"potentialAction\":[{\"@type\":\"SearchAction\",\"target\":{\"@type\":\"EntryPoint\",\"urlTemplate\":\"https:\/\/softplaysupply.com\/?s={search_term_string}\"},\"query-input\":{\"@type\":\"PropertyValueSpecification\",\"valueRequired\":true,\"valueName\":\"search_term_string\"}}],\"inLanguage\":\"pl-PL\"},{\"@type\":\"Organization\",\"@id\":\"https:\/\/softplaysupply.com\/#organization\",\"name\":\"Nanpak\",\"url\":\"https:\/\/softplaysupply.com\/\",\"logo\":{\"@type\":\"ImageObject\",\"inLanguage\":\"pl-PL\",\"@id\":\"https:\/\/softplaysupply.com\/#\/schema\/logo\/image\/\",\"url\":\"https:\/\/softplaysupply.com\/wp-content\/uploads\/2025\/12\/cropped-mobile-logo.png\",\"contentUrl\":\"https:\/\/softplaysupply.com\/wp-content\/uploads\/2025\/12\/cropped-mobile-logo.png\",\"width\":263,\"height\":84,\"caption\":\"Nanpak\"},\"image\":{\"@id\":\"https:\/\/softplaysupply.com\/#\/schema\/logo\/image\/\"}}]}<\/script>\n<!-- \/ Yoast SEO plugin. -->","yoast_head_json":{"title":"R\u00f3\u017cowy zestaw do zabawy z klockami, pn\u0105czem, dmuchanym zamkiem i zje\u017cd\u017calni\u0105 - wyposa\u017cenie placu zabaw","description":"R\u00f3\u017cowy mi\u0119kki zestaw do zabawy z klockami, wspinaczk\u0105, dmuchanym zamkiem i zje\u017cd\u017calni\u0105 oferuje bezpieczne, stylowe i wszechstronne rozwi\u0105zanie do zabawy dla dzieci. Idealny do wynajmu na imprezy, do przedszkoli i centr\u00f3w zabaw w pomieszczeniach, promuje wspinaczk\u0119, zje\u017cd\u017canie i pomys\u0142ow\u0105 zabaw\u0119.","robots":{"index":"index","follow":"follow","max-snippet":"max-snippet:-1","max-image-preview":"max-image-preview:large","max-video-preview":"max-video-preview:-1"},"canonical":"https:\/\/softplaysupply.com\/pl\/produkt\/pink-soft-play-set\/","og_locale":"pl_PL","og_type":"article","og_title":"Pink Soft Play Set with Blocks, Climber, Bouncy Castle & Slide Playground Equipment","og_description":"The Pink Soft Play Set with Blocks, Climber, Bouncy Castle & Slide Playground Equipment offers a safe, stylish, and versatile play solution for children. Perfect for party rentals, kindergartens, and indoor play centers, it promotes climbing, sliding, and imaginative play.","og_url":"https:\/\/softplaysupply.com\/pl\/produkt\/pink-soft-play-set\/","og_site_name":"Nanpak","og_image":[{"width":750,"height":743,"url":"https:\/\/softplaysupply.com\/wp-content\/uploads\/2026\/01\/pink-soft-play-package-1-1.jpg","type":"image\/jpeg"}],"twitter_card":"summary_large_image","twitter_misc":{"Szacowany czas czytania":"3 minuty"},"schema":{"@context":"https:\/\/schema.org","@graph":[{"@type":"WebPage","@id":"https:\/\/softplaysupply.com\/product\/pink-soft-play-set\/","url":"https:\/\/softplaysupply.com\/product\/pink-soft-play-set\/","name":"R\u00f3\u017cowy zestaw do zabawy z klockami, pn\u0105czem, dmuchanym zamkiem i zje\u017cd\u017calni\u0105 - wyposa\u017cenie placu zabaw","isPartOf":{"@id":"https:\/\/softplaysupply.com\/#website"},"primaryImageOfPage":{"@id":"https:\/\/softplaysupply.com\/product\/pink-soft-play-set\/#primaryimage"},"image":{"@id":"https:\/\/softplaysupply.com\/product\/pink-soft-play-set\/#primaryimage"},"thumbnailUrl":"https:\/\/softplaysupply.com\/wp-content\/uploads\/2026\/01\/pink-soft-play-package-1-1.jpg","datePublished":"2026-02-17T05:22:53+00:00","description":"R\u00f3\u017cowy mi\u0119kki zestaw do zabawy z klockami, wspinaczk\u0105, dmuchanym zamkiem i zje\u017cd\u017calni\u0105 oferuje bezpieczne, stylowe i wszechstronne rozwi\u0105zanie do zabawy dla dzieci. Idealny do wynajmu na imprezy, do przedszkoli i centr\u00f3w zabaw w pomieszczeniach, promuje wspinaczk\u0119, zje\u017cd\u017canie i pomys\u0142ow\u0105 zabaw\u0119.","breadcrumb":{"@id":"https:\/\/softplaysupply.com\/product\/pink-soft-play-set\/#breadcrumb"},"inLanguage":"pl-PL","potentialAction":[{"@type":"ReadAction","target":["https:\/\/softplaysupply.com\/product\/pink-soft-play-set\/"]}]},{"@type":"ImageObject","inLanguage":"pl-PL","@id":"https:\/\/softplaysupply.com\/product\/pink-soft-play-set\/#primaryimage","url":"https:\/\/softplaysupply.com\/wp-content\/uploads\/2026\/01\/pink-soft-play-package-1-1.jpg","contentUrl":"https:\/\/softplaysupply.com\/wp-content\/uploads\/2026\/01\/pink-soft-play-package-1-1.jpg","width":750,"height":743},{"@type":"BreadcrumbList","@id":"https:\/\/softplaysupply.com\/product\/pink-soft-play-set\/#breadcrumb","itemListElement":[{"@type":"ListItem","position":1,"name":"Home","item":"https:\/\/softplaysupply.com\/"},{"@type":"ListItem","position":2,"name":"Soft Play Equipment","item":"https:\/\/softplaysupply.com\/pcategory\/soft-play-equipment\/"},{"@type":"ListItem","position":3,"name":"Soft Play Set","item":"https:\/\/softplaysupply.com\/pcategory\/soft-play-equipment\/soft-play-set\/"},{"@type":"ListItem","position":4,"name":"Pink Soft Play Set with Blocks, Climber, Bouncy Castle &#038; Slide Playground Equipment"}]},{"@type":"WebSite","@id":"https:\/\/softplaysupply.com\/#website","url":"https:\/\/softplaysupply.com\/","name":"Dostawca mi\u0119kkich zabawek","description":"Dostawca mi\u0119kkich zabawek","publisher":{"@id":"https:\/\/softplaysupply.com\/#organization"},"potentialAction":[{"@type":"SearchAction","target":{"@type":"EntryPoint","urlTemplate":"https:\/\/softplaysupply.com\/?s={search_term_string}"},"query-input":{"@type":"PropertyValueSpecification","valueRequired":true,"valueName":"search_term_string"}}],"inLanguage":"pl-PL"},{"@type":"Organization","@id":"https:\/\/softplaysupply.com\/#organization","name":"Nanpak","url":"https:\/\/softplaysupply.com\/","logo":{"@type":"ImageObject","inLanguage":"pl-PL","@id":"https:\/\/softplaysupply.com\/#\/schema\/logo\/image\/","url":"https:\/\/softplaysupply.com\/wp-content\/uploads\/2025\/12\/cropped-mobile-logo.png","contentUrl":"https:\/\/softplaysupply.com\/wp-content\/uploads\/2025\/12\/cropped-mobile-logo.png","width":263,"height":84,"caption":"Nanpak"},"image":{"@id":"https:\/\/softplaysupply.com\/#\/schema\/logo\/image\/"}}]}},"taxonomy_info":{"pcategory":[{"value":22,"label":"Soft Play Equipment"},{"value":40,"label":"Soft Play Set"}]},"featured_image_src_large":["https:\/\/softplaysupply.com\/wp-content\/uploads\/2026\/01\/pink-soft-play-package-1-1.jpg",750,743,false],"author_info":[],"comment_info":"","_links":{"self":[{"href":"https:\/\/softplaysupply.com\/pl\/wp-json\/wp\/v2\/product\/3794","targetHints":{"allow":["GET"]}}],"collection":[{"href":"https:\/\/softplaysupply.com\/pl\/wp-json\/wp\/v2\/product"}],"about":[{"href":"https:\/\/softplaysupply.com\/pl\/wp-json\/wp\/v2\/types\/product"}],"wp:featuredmedia":[{"embeddable":true,"href":"https:\/\/softplaysupply.com\/pl\/wp-json\/wp\/v2\/media\/3795"}],"wp:attachment":[{"href":"https:\/\/softplaysupply.com\/pl\/wp-json\/wp\/v2\/media?parent=3794"}],"wp:term":[{"taxonomy":"pcategory","embeddable":true,"href":"https:\/\/softplaysupply.com\/pl\/wp-json\/wp\/v2\/pcategory?post=3794"},{"taxonomy":"ptag","embeddable":true,"href":"https:\/\/softplaysupply.com\/pl\/wp-json\/wp\/v2\/ptag?post=3794"}],"curies":[{"name":"wp","href":"https:\/\/api.w.org\/{rel}","templated":true}]}}