{"id":3765,"date":"2026-01-11T06:05:38","date_gmt":"2026-01-11T06:05:38","guid":{"rendered":"https:\/\/softplaysupply.com\/?post_type=product&#038;p=3765"},"modified":"2026-01-11T06:05:38","modified_gmt":"2026-01-11T06:05:38","slug":"blue-and-white-toddler-soft-play-set","status":"publish","type":"product","link":"https:\/\/softplaysupply.com\/pl\/produkt\/blue-and-white-toddler-soft-play-set\/","title":{"rendered":"Niebiesko-bia\u0142y mi\u0119kki zestaw do zabawy dla maluch\u00f3w - wyposa\u017cenie plac\u00f3w zabaw dla dzieci do wn\u0119trz i na zewn\u0105trz"},"content":{"rendered":"<p>&nbsp;<\/p>\n<div style=\"background: linear-gradient(135deg, #e6f0ff 0%, #ffffff 100%); padding: 35px; border-radius: 16px; box-shadow: 0 8px 25px rgba(0, 120, 215, 0.12); border: 1px solid #d4e7ff;\">\n<p style=\"font-size: 28px; font-weight: bold; color: #005cb2; margin: 0 0 28px 0; text-align: center; letter-spacing: 0.5px;\">Niebiesko-bia\u0142y zestaw do zabawy dla maluch\u00f3w - kompletny zestaw do bezpiecznej zabawy<\/p>\n<p style=\"font-size: 17px; color: #2c3e50; margin-bottom: 32px;\">Ten niebiesko-bia\u0142y zestaw do mi\u0119kkiej zabawy dla maluch\u00f3w to kompletny pakiet do mi\u0119kkiej zabawy zaprojektowany w celu stworzenia bezpiecznego, wci\u0105gaj\u0105cego i atrakcyjnego wizualnie \u015brodowiska do zabawy dla maluch\u00f3w. Dzi\u0119ki starannie skoordynowanej niebiesko-bia\u0142ej kolorystyce zapewnia spokojn\u0105, nowoczesn\u0105 i neutraln\u0105 pod wzgl\u0119dem p\u0142ci przestrze\u0144 idealn\u0105 na wewn\u0119trzne place zabaw, przedszkola, wypo\u017cyczalnie imprez, komercyjne miejsca rozrywki lub domowe pokoje zabaw.<\/p>\n<p style=\"font-size: 17px; color: #2c3e50; margin-bottom: 32px;\">Mi\u0119kki zestaw do zabawy nie tylko koncentruje si\u0119 na zabawie i rozrywce, ale tak\u017ce k\u0142adzie du\u017cy nacisk na bezpiecze\u0144stwo i warto\u015b\u0107 edukacyjn\u0105. Zosta\u0142 zaprojektowany tak, aby stymulowa\u0107 kreatywno\u015b\u0107 dzieci, zdolno\u015bci sportowe, koordynacj\u0119 i interakcje spo\u0142eczne, oferuj\u0105c wszechstronne do\u015bwiadczenie rozwojowe.<\/p>\n<p><img loading=\"lazy\" decoding=\"async\" class=\"alignnone size-full wp-image-3768\" src=\"https:\/\/softplaysupply.com\/wp-content\/uploads\/2026\/01\/blue-soft-play-set-3.jpg\" alt=\"\" width=\"750\" height=\"750\" srcset=\"https:\/\/softplaysupply.com\/wp-content\/uploads\/2026\/01\/blue-soft-play-set-3.jpg 750w, https:\/\/softplaysupply.com\/wp-content\/uploads\/2026\/01\/blue-soft-play-set-3-300x300.jpg 300w, https:\/\/softplaysupply.com\/wp-content\/uploads\/2026\/01\/blue-soft-play-set-3-150x150.jpg 150w, https:\/\/softplaysupply.com\/wp-content\/uploads\/2026\/01\/blue-soft-play-set-3-12x12.jpg 12w\" sizes=\"auto, (max-width: 750px) 100vw, 750px\" \/> <img loading=\"lazy\" decoding=\"async\" class=\"alignnone size-full wp-image-3766\" src=\"https:\/\/softplaysupply.com\/wp-content\/uploads\/2026\/01\/blue-soft-play-set-1.jpg\" alt=\"\" width=\"750\" height=\"750\" srcset=\"https:\/\/softplaysupply.com\/wp-content\/uploads\/2026\/01\/blue-soft-play-set-1.jpg 750w, https:\/\/softplaysupply.com\/wp-content\/uploads\/2026\/01\/blue-soft-play-set-1-300x300.jpg 300w, https:\/\/softplaysupply.com\/wp-content\/uploads\/2026\/01\/blue-soft-play-set-1-150x150.jpg 150w, https:\/\/softplaysupply.com\/wp-content\/uploads\/2026\/01\/blue-soft-play-set-1-12x12.jpg 12w\" sizes=\"auto, (max-width: 750px) 100vw, 750px\" \/> <img loading=\"lazy\" decoding=\"async\" class=\"alignnone size-full wp-image-3764\" src=\"https:\/\/softplaysupply.com\/wp-content\/uploads\/2026\/01\/blue-soft-play-packages.jpg\" alt=\"niebieski pakiet soft play\" width=\"750\" height=\"500\" srcset=\"https:\/\/softplaysupply.com\/wp-content\/uploads\/2026\/01\/blue-soft-play-packages.jpg 750w, https:\/\/softplaysupply.com\/wp-content\/uploads\/2026\/01\/blue-soft-play-packages-300x200.jpg 300w, https:\/\/softplaysupply.com\/wp-content\/uploads\/2026\/01\/blue-soft-play-packages-18x12.jpg 18w\" sizes=\"auto, (max-width: 750px) 100vw, 750px\" \/> <img loading=\"lazy\" decoding=\"async\" class=\"alignnone size-full wp-image-3762\" src=\"https:\/\/softplaysupply.com\/wp-content\/uploads\/2026\/01\/blue-soft-play-ball-pit-3.jpg\" alt=\"\" width=\"750\" height=\"750\" srcset=\"https:\/\/softplaysupply.com\/wp-content\/uploads\/2026\/01\/blue-soft-play-ball-pit-3.jpg 750w, https:\/\/softplaysupply.com\/wp-content\/uploads\/2026\/01\/blue-soft-play-ball-pit-3-300x300.jpg 300w, https:\/\/softplaysupply.com\/wp-content\/uploads\/2026\/01\/blue-soft-play-ball-pit-3-150x150.jpg 150w, https:\/\/softplaysupply.com\/wp-content\/uploads\/2026\/01\/blue-soft-play-ball-pit-3-12x12.jpg 12w\" sizes=\"auto, (max-width: 750px) 100vw, 750px\" \/><\/p>\n<p style=\"font-size: 22px; font-weight: bold; color: #0066cc; margin: 40px 0 20px 0; border-left: 5px solid #4da6ff; padding-left: 15px;\">Kompletny niebiesko-bia\u0142y zestaw do mi\u0119kkiej zabawy dla maluch\u00f3w<\/p>\n<p style=\"font-size: 17px; color: #2c3e50; margin-bottom: 24px;\">Ten pe\u0142ny zestaw do mi\u0119kkiej zabawy zawiera szerok\u0105 gam\u0119 przyjaznych dla maluch\u00f3w element\u00f3w do zabawy, wyko\u0144czonych w harmonijnych odcieniach niebieskiego i bia\u0142ego. Zestaw mo\u017ce zawiera\u0107 mi\u0119kk\u0105 pi\u0142eczk\u0119 do zabawy, mi\u0119kk\u0105 zje\u017cd\u017calni\u0119, mi\u0119kki bujak, wspinaczk\u0119, tunel, kosz, karuzel\u0119 i mi\u0119kkie ogrodzenia do zabawy. Ka\u017cdy element zosta\u0142 zaprojektowany tak, aby dzia\u0142a\u0142 razem jako sp\u00f3jny system, zach\u0119caj\u0105c do raczkowania, wspinania si\u0119, zje\u017cd\u017cania, ko\u0142ysania i bezpiecznego odkrywania.<\/p>\n<p style=\"font-size: 17px; color: #2c3e50;\">Modu\u0142owy uk\u0142ad pozwala maluchom p\u0142ynnie porusza\u0107 si\u0119 mi\u0119dzy r\u00f3\u017cnymi zabawami, buduj\u0105c pewno\u015b\u0107 siebie, umiej\u0119tno\u015bci motoryczne i zaanga\u017cowanie spo\u0142eczne w bezpiecznym \u015brodowisku.<\/p>\n<p style=\"font-size: 22px; font-weight: bold; color: #0066cc; margin: 40px 0 20px 0; border-left: 5px solid #4da6ff; padding-left: 15px;\">Opcje projektowania i dostosowywania<\/p>\n<ul style=\"font-size: 16px; color: #34495e; padding-left: 22px; margin: 20px 0 30px 0; list-style-type: none;\">\n<li style=\"margin-bottom: 14px; position: relative; padding-left: 28px;\">\u2192 <strong style=\"color: #005cb2;\">Us\u0142uga projektowania 3D:<\/strong> Dost\u0119pny jest bezp\u0142atny projekt 3D, kt\u00f3ry pozwala zaplanowa\u0107 uk\u0142ad zgodnie z przestrzeni\u0105.<\/li>\n<li style=\"margin-bottom: 14px; position: relative; padding-left: 28px;\">\u2192 <strong style=\"color: #005cb2;\">Opcje kszta\u0142tu:<\/strong> Do wyboru s\u0105 kwadraty, ko\u0142a, tr\u00f3jk\u0105ty, nieregularne kszta\u0142ty lub w pe\u0142ni spersonalizowane uk\u0142ady.<\/li>\n<li style=\"margin-bottom: 14px; position: relative; padding-left: 28px;\">\u2192 <strong style=\"color: #005cb2;\">Opcje pakietu:<\/strong> Dost\u0119pne w opakowaniach drewnianych, kartonowych lub pr\u00f3\u017cniowo-kartonowych do bezpiecznej wysy\u0142ki i przechowywania.<\/li>\n<li style=\"position: relative; padding-left: 28px;\">\u2192 <strong style=\"color: #005cb2;\">Modu\u0142owa rozbudowa:<\/strong> Komponenty mo\u017cna dodawa\u0107, usuwa\u0107 lub przestawia\u0107, zachowuj\u0105c jednolity niebiesko-bia\u0142y motyw.<\/li>\n<\/ul>\n<p style=\"font-size: 22px; font-weight: bold; color: #0066cc; margin: 40px 0 20px 0; border-left: 5px solid #4da6ff; padding-left: 15px;\">Nadaje si\u0119 do wielu ustawie\u0144<\/p>\n<p style=\"font-size: 17px; color: #2c3e50; margin-bottom: 20px;\">Ten niebiesko-bia\u0142y zestaw do zabawy dla maluch\u00f3w jest odpowiedni dla szerokiej gamy \u015brodowisk, w tym:<\/p>\n<ul style=\"font-size: 16px; color: #34495e; padding-left: 22px; margin-bottom: 30px;\">\n<li style=\"margin-bottom: 10px;\">Przedszkola i o\u015brodki wczesnej edukacji<\/li>\n<li style=\"margin-bottom: 10px;\">Kryte place zabaw i kawiarnie dla dzieci<\/li>\n<li style=\"margin-bottom: 10px;\">Komercyjne obiekty rozrywkowe<\/li>\n<li style=\"margin-bottom: 10px;\">Firmy zajmuj\u0105ce si\u0119 wynajmem imprez<\/li>\n<li>Domowe pokoje zabaw<\/li>\n<\/ul>\n<p style=\"font-size: 17px; color: #2c3e50; margin-bottom: 32px;\">Profesjonalne materia\u0142y i przemy\u015blana konstrukcja sprawiaj\u0105, \u017ce zestaw spe\u0142nia potrzeby zar\u00f3wno operator\u00f3w komercyjnych, jak i rodzin poszukuj\u0105cych bezpiecznego, stylowego i rozwojowego miejsca do zabawy.<\/p>\n<p style=\"font-size: 22px; font-weight: bold; color: #0066cc; margin: 40px 0 20px 0; border-left: 5px solid #4da6ff; padding-left: 15px;\">Bezpiecze\u0144stwo, trwa\u0142o\u015b\u0107 i \u0142atwa konserwacja<\/p>\n<p style=\"font-size: 17px; color: #2c3e50; margin-bottom: 32px;\">Wykonany z pianki o wysokiej g\u0119sto\u015bci i mi\u0119kkiego, bezpiecznego dla dzieci PVC, zestaw jest mi\u0119kki, trwa\u0142y i \u0142atwy w utrzymaniu. Zaokr\u0105glone kraw\u0119dzie i g\u0142adkie niebiesko-bia\u0142e powierzchnie zapewniaj\u0105 bezpieczne \u015brodowisko dla ma\u0142ych dzieci, a \u0142atwe do czyszczenia materia\u0142y sprawiaj\u0105, \u017ce zestaw jest praktyczny do cz\u0119stego u\u017cytku zar\u00f3wno w warunkach komercyjnych, jak i domowych.<\/p>\n<p style=\"font-size: 22px; font-weight: bold; color: #0066cc; margin: 40px 0 20px 0; border-left: 5px solid #4da6ff; padding-left: 15px;\">Dlaczego warto wybra\u0107 ten niebiesko-bia\u0142y zestaw do zabawy dla maluch\u00f3w?<\/p>\n<ul style=\"font-size: 16px; color: #34495e; padding-left: 22px; margin: 20px 0;\">\n<li style=\"margin-bottom: 12px;\">Kompletny, modu\u0142owy zestaw do zabawy dla ma\u0142ych dzieci<\/li>\n<li style=\"margin-bottom: 12px;\">Harmonijny niebiesko-bia\u0142y design odpowiedni do wielu \u015brodowisk<\/li>\n<li style=\"margin-bottom: 12px;\">Nacisk na bezpiecze\u0144stwo, edukacj\u0119 i rozrywk\u0119<\/li>\n<li style=\"margin-bottom: 12px;\">Bezp\u0142atne projektowanie 3D, konfigurowalne kszta\u0142ty i elastyczne opcje pakowania<\/li>\n<li>\u0141atwy monta\u017c, konserwacja i rozbudowa w miar\u0119 up\u0142ywu czasu<\/li>\n<\/ul>\n<\/div>","protected":false},"excerpt":{"rendered":"<p>Ten niebiesko-bia\u0142y zestaw do zabawy dla maluch\u00f3w to kompletny zestaw do zabawy wewn\u0105trz i na zewn\u0105trz przeznaczony dla ma\u0142ych dzieci. Utrzymany w uspokajaj\u0105cej niebiesko-bia\u0142ej kolorystyce, ten mi\u0119kki zestaw do zabawy \u0142\u0105czy w sobie basen z pi\u0142eczkami, zje\u017cd\u017calni\u0119, bujak, wspinaczk\u0119, tunel, kosz, karuzel\u0119 i ogrodzenie w jeden bezpieczny, modu\u0142owy system. Idealny do przedszkoli, krytych plac\u00f3w zabaw, firm zajmuj\u0105cych si\u0119 wynajmem imprez lub domowych sal zabaw, zach\u0119ca do kreatywno\u015bci, koordynacji i interakcji spo\u0142ecznych, zapewniaj\u0105c jednocze\u015bnie atrakcyjne wizualnie i \u0142atwe do czyszczenia \u015brodowisko do zabawy.<\/p>","protected":false},"featured_media":3771,"parent":0,"template":"","meta":{"_acf_changed":false,"_kad_blocks_custom_css":"","_kad_blocks_head_custom_js":"","_kad_blocks_body_custom_js":"","_kad_blocks_footer_custom_js":"","_kadence_starter_templates_imported_post":false,"_kad_post_transparent":"default","_kad_post_title":"","_kad_post_layout":"default","_kad_post_sidebar_id":"","_kad_post_content_style":"default","_kad_post_vertical_padding":"default","_kad_post_feature":"","_kad_post_feature_position":"","_kad_post_header":false,"_kad_post_footer":false},"pcategory":[22,40],"ptag":[],"class_list":["post-3765","product","type-product","status-publish","has-post-thumbnail","hentry","pcategory-soft-play-equipment","pcategory-soft-play-set"],"acf":[],"yoast_head":"<!-- This site is optimized with the Yoast SEO plugin v26.8 - https:\/\/yoast.com\/product\/yoast-seo-wordpress\/ -->\n<title>Blue and White Toddler Soft Play Set \u2013 Indoor &amp; Outdoor Playground Equipment for Kids<\/title>\n<meta name=\"robots\" content=\"index, follow, max-snippet:-1, max-image-preview:large, max-video-preview:-1\" \/>\n<link rel=\"canonical\" href=\"https:\/\/softplaysupply.com\/pl\/produkt\/blue-and-white-toddler-soft-play-set\/\" \/>\n<meta property=\"og:locale\" content=\"pl_PL\" \/>\n<meta property=\"og:type\" content=\"article\" \/>\n<meta property=\"og:title\" content=\"Blue and White Toddler Soft Play Set \u2013 Indoor &amp; Outdoor Playground Equipment for Kids\" \/>\n<meta property=\"og:description\" content=\"This blue and white toddler soft play set is a complete indoor and outdoor playground package designed for toddlers. Featuring a calming blue and white color scheme, this soft play set combines a ball pit, slide, rocker, climber, tunnel, hopper, merry-go-round, and fence into one safe, modular system. Ideal for kindergartens, indoor playgrounds, party rental businesses, or home playrooms, it encourages creativity, coordination, and social interaction while providing a visually appealing and easy-to-clean play environment.\" \/>\n<meta property=\"og:url\" content=\"https:\/\/softplaysupply.com\/pl\/produkt\/blue-and-white-toddler-soft-play-set\/\" \/>\n<meta property=\"og:site_name\" content=\"Nanpak\" \/>\n<meta property=\"og:image\" content=\"https:\/\/softplaysupply.com\/wp-content\/uploads\/2026\/01\/blue-soft-play-set-6.jpg\" \/>\n\t<meta property=\"og:image:width\" content=\"750\" \/>\n\t<meta property=\"og:image:height\" content=\"750\" \/>\n\t<meta property=\"og:image:type\" content=\"image\/jpeg\" \/>\n<meta name=\"twitter:card\" content=\"summary_large_image\" \/>\n<meta name=\"twitter:label1\" content=\"Szacowany czas czytania\" \/>\n\t<meta name=\"twitter:data1\" content=\"3 minuty\" \/>\n<script type=\"application\/ld+json\" class=\"yoast-schema-graph\">{\"@context\":\"https:\/\/schema.org\",\"@graph\":[{\"@type\":\"WebPage\",\"@id\":\"https:\/\/softplaysupply.com\/product\/blue-and-white-toddler-soft-play-set\/\",\"url\":\"https:\/\/softplaysupply.com\/product\/blue-and-white-toddler-soft-play-set\/\",\"name\":\"Blue and White Toddler Soft Play Set \u2013 Indoor & Outdoor Playground Equipment for Kids\",\"isPartOf\":{\"@id\":\"https:\/\/softplaysupply.com\/#website\"},\"primaryImageOfPage\":{\"@id\":\"https:\/\/softplaysupply.com\/product\/blue-and-white-toddler-soft-play-set\/#primaryimage\"},\"image\":{\"@id\":\"https:\/\/softplaysupply.com\/product\/blue-and-white-toddler-soft-play-set\/#primaryimage\"},\"thumbnailUrl\":\"https:\/\/softplaysupply.com\/wp-content\/uploads\/2026\/01\/blue-soft-play-set-6.jpg\",\"datePublished\":\"2026-01-11T06:05:38+00:00\",\"breadcrumb\":{\"@id\":\"https:\/\/softplaysupply.com\/product\/blue-and-white-toddler-soft-play-set\/#breadcrumb\"},\"inLanguage\":\"pl-PL\",\"potentialAction\":[{\"@type\":\"ReadAction\",\"target\":[\"https:\/\/softplaysupply.com\/product\/blue-and-white-toddler-soft-play-set\/\"]}]},{\"@type\":\"ImageObject\",\"inLanguage\":\"pl-PL\",\"@id\":\"https:\/\/softplaysupply.com\/product\/blue-and-white-toddler-soft-play-set\/#primaryimage\",\"url\":\"https:\/\/softplaysupply.com\/wp-content\/uploads\/2026\/01\/blue-soft-play-set-6.jpg\",\"contentUrl\":\"https:\/\/softplaysupply.com\/wp-content\/uploads\/2026\/01\/blue-soft-play-set-6.jpg\",\"width\":750,\"height\":750,\"caption\":\"blue soft play set\"},{\"@type\":\"BreadcrumbList\",\"@id\":\"https:\/\/softplaysupply.com\/product\/blue-and-white-toddler-soft-play-set\/#breadcrumb\",\"itemListElement\":[{\"@type\":\"ListItem\",\"position\":1,\"name\":\"Home\",\"item\":\"https:\/\/softplaysupply.com\/\"},{\"@type\":\"ListItem\",\"position\":2,\"name\":\"Soft Play Equipment\",\"item\":\"https:\/\/softplaysupply.com\/pcategory\/soft-play-equipment\/\"},{\"@type\":\"ListItem\",\"position\":3,\"name\":\"Soft Play Set\",\"item\":\"https:\/\/softplaysupply.com\/pcategory\/soft-play-equipment\/soft-play-set\/\"},{\"@type\":\"ListItem\",\"position\":4,\"name\":\"Blue and White Toddler Soft Play Set \u2013 Indoor &#038; Outdoor Playground Equipment for Kids\"}]},{\"@type\":\"WebSite\",\"@id\":\"https:\/\/softplaysupply.com\/#website\",\"url\":\"https:\/\/softplaysupply.com\/\",\"name\":\"Soft Play Supplier\",\"description\":\"Soft Play Supplier\",\"publisher\":{\"@id\":\"https:\/\/softplaysupply.com\/#organization\"},\"potentialAction\":[{\"@type\":\"SearchAction\",\"target\":{\"@type\":\"EntryPoint\",\"urlTemplate\":\"https:\/\/softplaysupply.com\/?s={search_term_string}\"},\"query-input\":{\"@type\":\"PropertyValueSpecification\",\"valueRequired\":true,\"valueName\":\"search_term_string\"}}],\"inLanguage\":\"pl-PL\"},{\"@type\":\"Organization\",\"@id\":\"https:\/\/softplaysupply.com\/#organization\",\"name\":\"Nanpak\",\"url\":\"https:\/\/softplaysupply.com\/\",\"logo\":{\"@type\":\"ImageObject\",\"inLanguage\":\"pl-PL\",\"@id\":\"https:\/\/softplaysupply.com\/#\/schema\/logo\/image\/\",\"url\":\"https:\/\/softplaysupply.com\/wp-content\/uploads\/2025\/12\/cropped-mobile-logo.png\",\"contentUrl\":\"https:\/\/softplaysupply.com\/wp-content\/uploads\/2025\/12\/cropped-mobile-logo.png\",\"width\":263,\"height\":84,\"caption\":\"Nanpak\"},\"image\":{\"@id\":\"https:\/\/softplaysupply.com\/#\/schema\/logo\/image\/\"}}]}<\/script>\n<!-- \/ Yoast SEO plugin. -->","yoast_head_json":{"title":"Niebiesko-bia\u0142y mi\u0119kki zestaw do zabawy dla maluch\u00f3w - wyposa\u017cenie plac\u00f3w zabaw dla dzieci do wn\u0119trz i na zewn\u0105trz","robots":{"index":"index","follow":"follow","max-snippet":"max-snippet:-1","max-image-preview":"max-image-preview:large","max-video-preview":"max-video-preview:-1"},"canonical":"https:\/\/softplaysupply.com\/pl\/produkt\/blue-and-white-toddler-soft-play-set\/","og_locale":"pl_PL","og_type":"article","og_title":"Blue and White Toddler Soft Play Set \u2013 Indoor & Outdoor Playground Equipment for Kids","og_description":"This blue and white toddler soft play set is a complete indoor and outdoor playground package designed for toddlers. Featuring a calming blue and white color scheme, this soft play set combines a ball pit, slide, rocker, climber, tunnel, hopper, merry-go-round, and fence into one safe, modular system. Ideal for kindergartens, indoor playgrounds, party rental businesses, or home playrooms, it encourages creativity, coordination, and social interaction while providing a visually appealing and easy-to-clean play environment.","og_url":"https:\/\/softplaysupply.com\/pl\/produkt\/blue-and-white-toddler-soft-play-set\/","og_site_name":"Nanpak","og_image":[{"width":750,"height":750,"url":"https:\/\/softplaysupply.com\/wp-content\/uploads\/2026\/01\/blue-soft-play-set-6.jpg","type":"image\/jpeg"}],"twitter_card":"summary_large_image","twitter_misc":{"Szacowany czas czytania":"3 minuty"},"schema":{"@context":"https:\/\/schema.org","@graph":[{"@type":"WebPage","@id":"https:\/\/softplaysupply.com\/product\/blue-and-white-toddler-soft-play-set\/","url":"https:\/\/softplaysupply.com\/product\/blue-and-white-toddler-soft-play-set\/","name":"Niebiesko-bia\u0142y mi\u0119kki zestaw do zabawy dla maluch\u00f3w - wyposa\u017cenie plac\u00f3w zabaw dla dzieci do wn\u0119trz i na zewn\u0105trz","isPartOf":{"@id":"https:\/\/softplaysupply.com\/#website"},"primaryImageOfPage":{"@id":"https:\/\/softplaysupply.com\/product\/blue-and-white-toddler-soft-play-set\/#primaryimage"},"image":{"@id":"https:\/\/softplaysupply.com\/product\/blue-and-white-toddler-soft-play-set\/#primaryimage"},"thumbnailUrl":"https:\/\/softplaysupply.com\/wp-content\/uploads\/2026\/01\/blue-soft-play-set-6.jpg","datePublished":"2026-01-11T06:05:38+00:00","breadcrumb":{"@id":"https:\/\/softplaysupply.com\/product\/blue-and-white-toddler-soft-play-set\/#breadcrumb"},"inLanguage":"pl-PL","potentialAction":[{"@type":"ReadAction","target":["https:\/\/softplaysupply.com\/product\/blue-and-white-toddler-soft-play-set\/"]}]},{"@type":"ImageObject","inLanguage":"pl-PL","@id":"https:\/\/softplaysupply.com\/product\/blue-and-white-toddler-soft-play-set\/#primaryimage","url":"https:\/\/softplaysupply.com\/wp-content\/uploads\/2026\/01\/blue-soft-play-set-6.jpg","contentUrl":"https:\/\/softplaysupply.com\/wp-content\/uploads\/2026\/01\/blue-soft-play-set-6.jpg","width":750,"height":750,"caption":"blue soft play set"},{"@type":"BreadcrumbList","@id":"https:\/\/softplaysupply.com\/product\/blue-and-white-toddler-soft-play-set\/#breadcrumb","itemListElement":[{"@type":"ListItem","position":1,"name":"Home","item":"https:\/\/softplaysupply.com\/"},{"@type":"ListItem","position":2,"name":"Soft Play Equipment","item":"https:\/\/softplaysupply.com\/pcategory\/soft-play-equipment\/"},{"@type":"ListItem","position":3,"name":"Soft Play Set","item":"https:\/\/softplaysupply.com\/pcategory\/soft-play-equipment\/soft-play-set\/"},{"@type":"ListItem","position":4,"name":"Blue and White Toddler Soft Play Set \u2013 Indoor &#038; Outdoor Playground Equipment for Kids"}]},{"@type":"WebSite","@id":"https:\/\/softplaysupply.com\/#website","url":"https:\/\/softplaysupply.com\/","name":"Dostawca mi\u0119kkich zabawek","description":"Dostawca mi\u0119kkich zabawek","publisher":{"@id":"https:\/\/softplaysupply.com\/#organization"},"potentialAction":[{"@type":"SearchAction","target":{"@type":"EntryPoint","urlTemplate":"https:\/\/softplaysupply.com\/?s={search_term_string}"},"query-input":{"@type":"PropertyValueSpecification","valueRequired":true,"valueName":"search_term_string"}}],"inLanguage":"pl-PL"},{"@type":"Organization","@id":"https:\/\/softplaysupply.com\/#organization","name":"Nanpak","url":"https:\/\/softplaysupply.com\/","logo":{"@type":"ImageObject","inLanguage":"pl-PL","@id":"https:\/\/softplaysupply.com\/#\/schema\/logo\/image\/","url":"https:\/\/softplaysupply.com\/wp-content\/uploads\/2025\/12\/cropped-mobile-logo.png","contentUrl":"https:\/\/softplaysupply.com\/wp-content\/uploads\/2025\/12\/cropped-mobile-logo.png","width":263,"height":84,"caption":"Nanpak"},"image":{"@id":"https:\/\/softplaysupply.com\/#\/schema\/logo\/image\/"}}]}},"taxonomy_info":{"pcategory":[{"value":22,"label":"Soft Play Equipment"},{"value":40,"label":"Soft Play Set"}]},"featured_image_src_large":["https:\/\/softplaysupply.com\/wp-content\/uploads\/2026\/01\/blue-soft-play-set-6.jpg",750,750,false],"author_info":[],"comment_info":"","_links":{"self":[{"href":"https:\/\/softplaysupply.com\/pl\/wp-json\/wp\/v2\/product\/3765","targetHints":{"allow":["GET"]}}],"collection":[{"href":"https:\/\/softplaysupply.com\/pl\/wp-json\/wp\/v2\/product"}],"about":[{"href":"https:\/\/softplaysupply.com\/pl\/wp-json\/wp\/v2\/types\/product"}],"wp:featuredmedia":[{"embeddable":true,"href":"https:\/\/softplaysupply.com\/pl\/wp-json\/wp\/v2\/media\/3771"}],"wp:attachment":[{"href":"https:\/\/softplaysupply.com\/pl\/wp-json\/wp\/v2\/media?parent=3765"}],"wp:term":[{"taxonomy":"pcategory","embeddable":true,"href":"https:\/\/softplaysupply.com\/pl\/wp-json\/wp\/v2\/pcategory?post=3765"},{"taxonomy":"ptag","embeddable":true,"href":"https:\/\/softplaysupply.com\/pl\/wp-json\/wp\/v2\/ptag?post=3765"}],"curies":[{"name":"wp","href":"https:\/\/api.w.org\/{rel}","templated":true}]}}