{"id":3664,"date":"2026-01-06T04:59:55","date_gmt":"2026-01-06T04:59:55","guid":{"rendered":"https:\/\/softplaysupply.com\/?post_type=product&#038;p=3664"},"modified":"2026-01-06T05:03:19","modified_gmt":"2026-01-06T05:03:19","slug":"flower-shaped-soft-play-ball-pit","status":"publish","type":"product","link":"https:\/\/softplaysupply.com\/pl\/produkt\/flower-shaped-soft-play-ball-pit\/","title":{"rendered":"Trwa\u0142a piankowa pi\u0142ka do basenu z kwiatami w kszta\u0142cie stokrotek na sprzeda\u017c"},"content":{"rendered":"<p>Sprz\u0119t do zabawy typu soft play sta\u0142 si\u0119 w ostatnich latach jednym z najpopularniejszych produkt\u00f3w do wynaj\u0119cia na imprezy dla dzieci, szeroko stosowanym podczas urodzin, imprez w pomieszczeniach zamkni\u0119tych i na komercyjnych placach zabaw.<br \/>\nTo <strong>mi\u0119kka pi\u0142ka do zabawy z kwiatami<\/strong>\u00a0Zestaw zosta\u0142 zaprojektowany tak, aby stworzy\u0107 zabawne, bezpieczne i atrakcyjne wizualnie \u015brodowisko do zabawy, pomagaj\u0105c firmom wynajmuj\u0105cym sprz\u0119t imprezowy w \u0142atwy spos\u00f3b podnie\u015b\u0107 warto\u015b\u0107 swoich us\u0142ug i poprawi\u0107 wra\u017cenia klient\u00f3w.<\/p>\n<p><img loading=\"lazy\" decoding=\"async\" class=\"alignnone size-full wp-image-3666\" src=\"https:\/\/softplaysupply.com\/wp-content\/uploads\/2026\/01\/soft-play-flower-ball-pit-1.jpg\" alt=\"\" width=\"750\" height=\"750\" srcset=\"https:\/\/softplaysupply.com\/wp-content\/uploads\/2026\/01\/soft-play-flower-ball-pit-1.jpg 750w, https:\/\/softplaysupply.com\/wp-content\/uploads\/2026\/01\/soft-play-flower-ball-pit-1-300x300.jpg 300w, https:\/\/softplaysupply.com\/wp-content\/uploads\/2026\/01\/soft-play-flower-ball-pit-1-150x150.jpg 150w, https:\/\/softplaysupply.com\/wp-content\/uploads\/2026\/01\/soft-play-flower-ball-pit-1-12x12.jpg 12w\" sizes=\"auto, (max-width: 750px) 100vw, 750px\" \/> <img loading=\"lazy\" decoding=\"async\" class=\"alignnone size-full wp-image-3668\" src=\"https:\/\/softplaysupply.com\/wp-content\/uploads\/2026\/01\/soft-play-flower-ball-pit-3.jpg\" alt=\"\" width=\"750\" height=\"750\" srcset=\"https:\/\/softplaysupply.com\/wp-content\/uploads\/2026\/01\/soft-play-flower-ball-pit-3.jpg 750w, https:\/\/softplaysupply.com\/wp-content\/uploads\/2026\/01\/soft-play-flower-ball-pit-3-300x300.jpg 300w, https:\/\/softplaysupply.com\/wp-content\/uploads\/2026\/01\/soft-play-flower-ball-pit-3-150x150.jpg 150w, https:\/\/softplaysupply.com\/wp-content\/uploads\/2026\/01\/soft-play-flower-ball-pit-3-12x12.jpg 12w\" sizes=\"auto, (max-width: 750px) 100vw, 750px\" \/> <img loading=\"lazy\" decoding=\"async\" class=\"alignnone size-full wp-image-3670\" src=\"https:\/\/softplaysupply.com\/wp-content\/uploads\/2026\/01\/soft-play-flower-ball-pit-5.jpg\" alt=\"\" width=\"750\" height=\"750\" srcset=\"https:\/\/softplaysupply.com\/wp-content\/uploads\/2026\/01\/soft-play-flower-ball-pit-5.jpg 750w, https:\/\/softplaysupply.com\/wp-content\/uploads\/2026\/01\/soft-play-flower-ball-pit-5-300x300.jpg 300w, https:\/\/softplaysupply.com\/wp-content\/uploads\/2026\/01\/soft-play-flower-ball-pit-5-150x150.jpg 150w, https:\/\/softplaysupply.com\/wp-content\/uploads\/2026\/01\/soft-play-flower-ball-pit-5-12x12.jpg 12w\" sizes=\"auto, (max-width: 750px) 100vw, 750px\" \/> <img loading=\"lazy\" decoding=\"async\" class=\"alignnone size-full wp-image-3669\" src=\"https:\/\/softplaysupply.com\/wp-content\/uploads\/2026\/01\/soft-play-flower-ball-pit-4.jpg\" alt=\"mi\u0119kka piaskownica z kulkami w kszta\u0142cie kwiat\u00f3w\" width=\"750\" height=\"750\" srcset=\"https:\/\/softplaysupply.com\/wp-content\/uploads\/2026\/01\/soft-play-flower-ball-pit-4.jpg 750w, https:\/\/softplaysupply.com\/wp-content\/uploads\/2026\/01\/soft-play-flower-ball-pit-4-300x300.jpg 300w, https:\/\/softplaysupply.com\/wp-content\/uploads\/2026\/01\/soft-play-flower-ball-pit-4-150x150.jpg 150w, https:\/\/softplaysupply.com\/wp-content\/uploads\/2026\/01\/soft-play-flower-ball-pit-4-12x12.jpg 12w\" sizes=\"auto, (max-width: 750px) 100vw, 750px\" \/> <img loading=\"lazy\" decoding=\"async\" class=\"alignnone size-full wp-image-3671\" src=\"https:\/\/softplaysupply.com\/wp-content\/uploads\/2026\/01\/soft-play-flower-ball-pit-7.jpg\" alt=\"\" width=\"750\" height=\"750\" srcset=\"https:\/\/softplaysupply.com\/wp-content\/uploads\/2026\/01\/soft-play-flower-ball-pit-7.jpg 750w, https:\/\/softplaysupply.com\/wp-content\/uploads\/2026\/01\/soft-play-flower-ball-pit-7-300x300.jpg 300w, https:\/\/softplaysupply.com\/wp-content\/uploads\/2026\/01\/soft-play-flower-ball-pit-7-150x150.jpg 150w, https:\/\/softplaysupply.com\/wp-content\/uploads\/2026\/01\/soft-play-flower-ball-pit-7-12x12.jpg 12w\" sizes=\"auto, (max-width: 750px) 100vw, 750px\" \/> <img loading=\"lazy\" decoding=\"async\" class=\"alignnone size-full wp-image-3672\" src=\"https:\/\/softplaysupply.com\/wp-content\/uploads\/2026\/01\/soft-play-flower-ball-pit-8.jpg\" alt=\"\" width=\"750\" height=\"750\" srcset=\"https:\/\/softplaysupply.com\/wp-content\/uploads\/2026\/01\/soft-play-flower-ball-pit-8.jpg 750w, https:\/\/softplaysupply.com\/wp-content\/uploads\/2026\/01\/soft-play-flower-ball-pit-8-300x300.jpg 300w, https:\/\/softplaysupply.com\/wp-content\/uploads\/2026\/01\/soft-play-flower-ball-pit-8-150x150.jpg 150w, https:\/\/softplaysupply.com\/wp-content\/uploads\/2026\/01\/soft-play-flower-ball-pit-8-12x12.jpg 12w\" sizes=\"auto, (max-width: 750px) 100vw, 750px\" \/><\/p>\n<p>The <strong><a href=\"https:\/\/softplaysupply.com\/pl\/produkt\/flower-shaped-soft-play-ball-pit\/\" data-internallinksmanager029f6b8e52c=\"19\" title=\"basen z pi\u0142eczkami w kszta\u0142cie kwiat\u00f3w\" target=\"_blank\" rel=\"noopener\">basen z pi\u0142eczkami w kszta\u0142cie kwiat\u00f3w<\/a><\/strong> charakteryzuje si\u0119 uroczym wzorem stokrotek i jest wyposa\u017cony w kolorowe pi\u0142ki oceaniczne, dzi\u0119ki czemu stanowi wyj\u0105tkow\u0105 ozdob\u0119 ka\u017cdego przyj\u0119cia dla dzieci. Mi\u0119kka piankowa konstrukcja zapewnia maksymalne bezpiecze\u0144stwo, umo\u017cliwiaj\u0105c dzieciom swobodne raczkowanie, siedzenie i zabaw\u0119. <strong>basen z piankowymi kulkami w kszta\u0142cie kwiat\u00f3w<\/strong> nie tylko przyci\u0105ga uwag\u0119 dzieci, ale tak\u017ce zach\u0119ca do interaktywnej i kreatywnej zabawy.<\/p>\n<p><strong>Najwa\u017cniejsze cechy i zalety<\/strong><\/p>\n<ul>\n<li><strong>Atrakcyjny projekt kwiatowy na imprezy<\/strong><br \/>\nWyj\u0105tkowy <strong>kwiat w basenie z pi\u0142eczkami<\/strong> Kszta\u0142t dodaje uroku i figlarno\u015bci aran\u017cacjom imprezowym, dzi\u0119ki czemu jest bardzo popularny podczas imprez tematycznych, w strefach fotograficznych i podczas wydarze\u0144 promowanych w mediach spo\u0142eczno\u015bciowych.<\/li>\n<li><strong>Trwa\u0142a konstrukcja o jako\u015bci wynajmowej<\/strong><br \/>\nWykonane z wysokiej jako\u015bci pokrycia z PVC\/PU, wy\u015bci\u00f3\u0142ki g\u0105bkowej i wzmocnionej sklejki, to <strong>basen z kulkami w kszta\u0142cie kwiat\u00f3w<\/strong> jest przeznaczony do cz\u0119stego wynajmu, oferuj\u0105c doskona\u0142\u0105 trwa\u0142o\u015b\u0107, zachowanie kszta\u0142tu i \u0142atwo\u015b\u0107 konserwacji.<\/li>\n<li><strong>Modu\u0142owy system mi\u0119kkich zabawek<\/strong><br \/>\nZestaw mo\u017cna dowolnie \u0142\u0105czy\u0107 z innymi elementami mi\u0119kkiej zabawki, takimi jak zestawy mi\u0119kkich basen\u00f3w z pi\u0142eczkami, mi\u0119kkie ogrodzenia, klocki do wspinania si\u0119, zje\u017cd\u017calnie i piankowe maty do zabawy z mi\u0119kkimi p\u0142ytkami pod\u0142ogowymi. Wszystkie elementy mo\u017cna szybko z\u0142o\u017cy\u0107, co pozwala zaoszcz\u0119dzi\u0107 czas potrzebny na przygotowanie zestawu przez firmy wynajmuj\u0105ce.<\/li>\n<li><strong>Bezpieczna strefa zabaw dla niemowl\u0105t i dzieci<\/strong><br \/>\nMi\u0119kkie kraw\u0119dzie, nietoksyczne materia\u0142y i wy\u015bcie\u0142ane powierzchnie zapewniaj\u0105 bezpieczn\u0105 i wygodn\u0105 przestrze\u0144 do zabawy dla niemowl\u0105t i ma\u0142ych dzieci, daj\u0105c rodzicom spok\u00f3j ducha podczas wydarze\u0144.<\/li>\n<li><strong>Idealne dopasowanie do dmuchanych domk\u00f3w do skakania<\/strong><br \/>\nTo <strong>mi\u0119kka zabawka w kszta\u0142cie kwiatu<\/strong> Zestaw mo\u017cna wykorzysta\u0107 wraz z dmuchanymi zamkami, aby stworzy\u0107 wi\u0119kszy, zamkni\u0119ty plac zabaw, idealny zar\u00f3wno do organizacji imprez w pomieszczeniach, jak i na \u015bwie\u017cym powietrzu.<\/li>\n<\/ul>\n<p><strong>Specyfikacje produktu<\/strong><\/p>\n<table border=\"1\" cellspacing=\"0\" cellpadding=\"8\">\n<tbody>\n<tr>\n<th>Nazwa produktu<\/th>\n<td>basen z pi\u0142eczkami w kszta\u0142cie kwiat\u00f3w<\/td>\n<\/tr>\n<tr>\n<th>Materia\u0142<\/th>\n<td>PVC \/ PU + g\u0105bka + sklejka<\/td>\n<\/tr>\n<tr>\n<th>Rozmiar<\/th>\n<td>Dostosowane do indywidualnych potrzeb<\/td>\n<\/tr>\n<tr>\n<th>Kolor<\/th>\n<td>Jako obraz lub z mo\u017cliwo\u015bci\u0105 dostosowania<\/td>\n<\/tr>\n<tr>\n<th>Okazja<\/th>\n<td>Przedszkola, publiczne place zabaw pod dachem, obszary mieszkalne, przedszkola,<br \/>\nplac zabaw edukacyjny, obiekty handlowe i publiczne<\/td>\n<\/tr>\n<tr>\n<th>Certyfikaty<\/th>\n<td>CE, EN71<\/td>\n<\/tr>\n<tr>\n<th>Gwarancja<\/th>\n<td>3 lata<\/td>\n<\/tr>\n<tr>\n<th>Minimalna ilo\u015b\u0107 zam\u00f3wienia<\/th>\n<td>1 sztuka<\/td>\n<\/tr>\n<\/tbody>\n<\/table>\n<p>&nbsp;<\/p>","protected":false},"excerpt":{"rendered":"<p>Mi\u0119kka pi\u0142ka do zabawy w kszta\u0142cie kwiatka, przeznaczona do wypo\u017cyczania na imprezy. Ta piankowa pi\u0142ka do zabawy ma kszta\u0142t stokrotki, jest wykonana z bezpiecznych materia\u0142\u00f3w i ma modu\u0142ow\u0105 konstrukcj\u0119, dzi\u0119ki czemu idealnie nadaje si\u0119 na imprezy i wydarzenia dla dzieci.<\/p>","protected":false},"featured_media":3669,"parent":0,"template":"","meta":{"_acf_changed":false,"_kad_blocks_custom_css":"","_kad_blocks_head_custom_js":"","_kad_blocks_body_custom_js":"","_kad_blocks_footer_custom_js":"","_kadence_starter_templates_imported_post":false,"_kad_post_transparent":"default","_kad_post_title":"","_kad_post_layout":"default","_kad_post_sidebar_id":"","_kad_post_content_style":"default","_kad_post_vertical_padding":"default","_kad_post_feature":"","_kad_post_feature_position":"","_kad_post_header":false,"_kad_post_footer":false},"pcategory":[22,39],"ptag":[],"class_list":["post-3664","product","type-product","status-publish","has-post-thumbnail","hentry","pcategory-soft-play-equipment","pcategory-soft-play-ball-pit"],"acf":[],"yoast_head":"<!-- This site is optimized with the Yoast SEO plugin v26.8 - https:\/\/yoast.com\/product\/yoast-seo-wordpress\/ -->\n<title>Durable Foam Daisy Flower shaped Soft Play Ball Pit for Sale - Nanpak<\/title>\n<meta name=\"description\" content=\"Flower soft play ball pit designed for party rentals. This foam flower ball pit features a daisy shape, safe materials and modular setup for kids parties and events.\" \/>\n<meta name=\"robots\" content=\"index, follow, max-snippet:-1, max-image-preview:large, max-video-preview:-1\" \/>\n<link rel=\"canonical\" href=\"https:\/\/softplaysupply.com\/pl\/produkt\/flower-shaped-soft-play-ball-pit\/\" \/>\n<meta property=\"og:locale\" content=\"pl_PL\" \/>\n<meta property=\"og:type\" content=\"article\" \/>\n<meta property=\"og:title\" content=\"Durable Foam Daisy Flower shaped Soft Play Ball Pit for Sale - Nanpak\" \/>\n<meta property=\"og:description\" content=\"Flower soft play ball pit designed for party rentals. This foam flower ball pit features a daisy shape, safe materials and modular setup for kids parties and events.\" \/>\n<meta property=\"og:url\" content=\"https:\/\/softplaysupply.com\/pl\/produkt\/flower-shaped-soft-play-ball-pit\/\" \/>\n<meta property=\"og:site_name\" content=\"Nanpak\" \/>\n<meta property=\"article:modified_time\" content=\"2026-01-06T05:03:19+00:00\" \/>\n<meta property=\"og:image\" content=\"https:\/\/softplaysupply.com\/wp-content\/uploads\/2026\/01\/soft-play-flower-ball-pit-4.jpg\" \/>\n\t<meta property=\"og:image:width\" content=\"750\" \/>\n\t<meta property=\"og:image:height\" content=\"750\" \/>\n\t<meta property=\"og:image:type\" content=\"image\/jpeg\" \/>\n<meta name=\"twitter:card\" content=\"summary_large_image\" \/>\n<meta name=\"twitter:label1\" content=\"Szacowany czas czytania\" \/>\n\t<meta name=\"twitter:data1\" content=\"3 minuty\" \/>\n<script type=\"application\/ld+json\" class=\"yoast-schema-graph\">{\"@context\":\"https:\/\/schema.org\",\"@graph\":[{\"@type\":\"WebPage\",\"@id\":\"https:\/\/softplaysupply.com\/product\/flower-shaped-soft-play-ball-pit\/\",\"url\":\"https:\/\/softplaysupply.com\/product\/flower-shaped-soft-play-ball-pit\/\",\"name\":\"Durable Foam Daisy Flower shaped Soft Play Ball Pit for Sale - Nanpak\",\"isPartOf\":{\"@id\":\"https:\/\/softplaysupply.com\/#website\"},\"primaryImageOfPage\":{\"@id\":\"https:\/\/softplaysupply.com\/product\/flower-shaped-soft-play-ball-pit\/#primaryimage\"},\"image\":{\"@id\":\"https:\/\/softplaysupply.com\/product\/flower-shaped-soft-play-ball-pit\/#primaryimage\"},\"thumbnailUrl\":\"https:\/\/softplaysupply.com\/wp-content\/uploads\/2026\/01\/soft-play-flower-ball-pit-4.jpg\",\"datePublished\":\"2026-01-06T04:59:55+00:00\",\"dateModified\":\"2026-01-06T05:03:19+00:00\",\"description\":\"Flower soft play ball pit designed for party rentals. This foam flower ball pit features a daisy shape, safe materials and modular setup for kids parties and events.\",\"breadcrumb\":{\"@id\":\"https:\/\/softplaysupply.com\/product\/flower-shaped-soft-play-ball-pit\/#breadcrumb\"},\"inLanguage\":\"pl-PL\",\"potentialAction\":[{\"@type\":\"ReadAction\",\"target\":[\"https:\/\/softplaysupply.com\/product\/flower-shaped-soft-play-ball-pit\/\"]}]},{\"@type\":\"ImageObject\",\"inLanguage\":\"pl-PL\",\"@id\":\"https:\/\/softplaysupply.com\/product\/flower-shaped-soft-play-ball-pit\/#primaryimage\",\"url\":\"https:\/\/softplaysupply.com\/wp-content\/uploads\/2026\/01\/soft-play-flower-ball-pit-4.jpg\",\"contentUrl\":\"https:\/\/softplaysupply.com\/wp-content\/uploads\/2026\/01\/soft-play-flower-ball-pit-4.jpg\",\"width\":750,\"height\":750,\"caption\":\"soft play flower ball pit\"},{\"@type\":\"BreadcrumbList\",\"@id\":\"https:\/\/softplaysupply.com\/product\/flower-shaped-soft-play-ball-pit\/#breadcrumb\",\"itemListElement\":[{\"@type\":\"ListItem\",\"position\":1,\"name\":\"Home\",\"item\":\"https:\/\/softplaysupply.com\/\"},{\"@type\":\"ListItem\",\"position\":2,\"name\":\"Soft Play Equipment\",\"item\":\"https:\/\/softplaysupply.com\/pcategory\/soft-play-equipment\/\"},{\"@type\":\"ListItem\",\"position\":3,\"name\":\"Soft Play Ball Pit\",\"item\":\"https:\/\/softplaysupply.com\/pcategory\/soft-play-equipment\/soft-play-ball-pit\/\"},{\"@type\":\"ListItem\",\"position\":4,\"name\":\"Durable Foam Daisy Flower shaped Soft Play Ball Pit for Sale\"}]},{\"@type\":\"WebSite\",\"@id\":\"https:\/\/softplaysupply.com\/#website\",\"url\":\"https:\/\/softplaysupply.com\/\",\"name\":\"Soft Play Supplier\",\"description\":\"Soft Play Supplier\",\"publisher\":{\"@id\":\"https:\/\/softplaysupply.com\/#organization\"},\"potentialAction\":[{\"@type\":\"SearchAction\",\"target\":{\"@type\":\"EntryPoint\",\"urlTemplate\":\"https:\/\/softplaysupply.com\/?s={search_term_string}\"},\"query-input\":{\"@type\":\"PropertyValueSpecification\",\"valueRequired\":true,\"valueName\":\"search_term_string\"}}],\"inLanguage\":\"pl-PL\"},{\"@type\":\"Organization\",\"@id\":\"https:\/\/softplaysupply.com\/#organization\",\"name\":\"Nanpak\",\"url\":\"https:\/\/softplaysupply.com\/\",\"logo\":{\"@type\":\"ImageObject\",\"inLanguage\":\"pl-PL\",\"@id\":\"https:\/\/softplaysupply.com\/#\/schema\/logo\/image\/\",\"url\":\"https:\/\/softplaysupply.com\/wp-content\/uploads\/2025\/12\/cropped-mobile-logo.png\",\"contentUrl\":\"https:\/\/softplaysupply.com\/wp-content\/uploads\/2025\/12\/cropped-mobile-logo.png\",\"width\":263,\"height\":84,\"caption\":\"Nanpak\"},\"image\":{\"@id\":\"https:\/\/softplaysupply.com\/#\/schema\/logo\/image\/\"}}]}<\/script>\n<!-- \/ Yoast SEO plugin. -->","yoast_head_json":{"title":"Trwa\u0142a piankowa pi\u0142ka do basenu z pi\u0142eczkami w kszta\u0142cie stokrotki na sprzeda\u017c \u2013 Nanpak","description":"Mi\u0119kka pi\u0142ka do zabawy w kszta\u0142cie kwiatka, przeznaczona do wypo\u017cyczania na imprezy. Ta piankowa pi\u0142ka do zabawy ma kszta\u0142t stokrotki, jest wykonana z bezpiecznych materia\u0142\u00f3w i ma modu\u0142ow\u0105 konstrukcj\u0119, dzi\u0119ki czemu idealnie nadaje si\u0119 na imprezy i wydarzenia dla dzieci.","robots":{"index":"index","follow":"follow","max-snippet":"max-snippet:-1","max-image-preview":"max-image-preview:large","max-video-preview":"max-video-preview:-1"},"canonical":"https:\/\/softplaysupply.com\/pl\/produkt\/flower-shaped-soft-play-ball-pit\/","og_locale":"pl_PL","og_type":"article","og_title":"Durable Foam Daisy Flower shaped Soft Play Ball Pit for Sale - Nanpak","og_description":"Flower soft play ball pit designed for party rentals. This foam flower ball pit features a daisy shape, safe materials and modular setup for kids parties and events.","og_url":"https:\/\/softplaysupply.com\/pl\/produkt\/flower-shaped-soft-play-ball-pit\/","og_site_name":"Nanpak","article_modified_time":"2026-01-06T05:03:19+00:00","og_image":[{"width":750,"height":750,"url":"https:\/\/softplaysupply.com\/wp-content\/uploads\/2026\/01\/soft-play-flower-ball-pit-4.jpg","type":"image\/jpeg"}],"twitter_card":"summary_large_image","twitter_misc":{"Szacowany czas czytania":"3 minuty"},"schema":{"@context":"https:\/\/schema.org","@graph":[{"@type":"WebPage","@id":"https:\/\/softplaysupply.com\/product\/flower-shaped-soft-play-ball-pit\/","url":"https:\/\/softplaysupply.com\/product\/flower-shaped-soft-play-ball-pit\/","name":"Trwa\u0142a piankowa pi\u0142ka do basenu z pi\u0142eczkami w kszta\u0142cie stokrotki na sprzeda\u017c \u2013 Nanpak","isPartOf":{"@id":"https:\/\/softplaysupply.com\/#website"},"primaryImageOfPage":{"@id":"https:\/\/softplaysupply.com\/product\/flower-shaped-soft-play-ball-pit\/#primaryimage"},"image":{"@id":"https:\/\/softplaysupply.com\/product\/flower-shaped-soft-play-ball-pit\/#primaryimage"},"thumbnailUrl":"https:\/\/softplaysupply.com\/wp-content\/uploads\/2026\/01\/soft-play-flower-ball-pit-4.jpg","datePublished":"2026-01-06T04:59:55+00:00","dateModified":"2026-01-06T05:03:19+00:00","description":"Mi\u0119kka pi\u0142ka do zabawy w kszta\u0142cie kwiatka, przeznaczona do wypo\u017cyczania na imprezy. Ta piankowa pi\u0142ka do zabawy ma kszta\u0142t stokrotki, jest wykonana z bezpiecznych materia\u0142\u00f3w i ma modu\u0142ow\u0105 konstrukcj\u0119, dzi\u0119ki czemu idealnie nadaje si\u0119 na imprezy i wydarzenia dla dzieci.","breadcrumb":{"@id":"https:\/\/softplaysupply.com\/product\/flower-shaped-soft-play-ball-pit\/#breadcrumb"},"inLanguage":"pl-PL","potentialAction":[{"@type":"ReadAction","target":["https:\/\/softplaysupply.com\/product\/flower-shaped-soft-play-ball-pit\/"]}]},{"@type":"ImageObject","inLanguage":"pl-PL","@id":"https:\/\/softplaysupply.com\/product\/flower-shaped-soft-play-ball-pit\/#primaryimage","url":"https:\/\/softplaysupply.com\/wp-content\/uploads\/2026\/01\/soft-play-flower-ball-pit-4.jpg","contentUrl":"https:\/\/softplaysupply.com\/wp-content\/uploads\/2026\/01\/soft-play-flower-ball-pit-4.jpg","width":750,"height":750,"caption":"soft play flower ball pit"},{"@type":"BreadcrumbList","@id":"https:\/\/softplaysupply.com\/product\/flower-shaped-soft-play-ball-pit\/#breadcrumb","itemListElement":[{"@type":"ListItem","position":1,"name":"Home","item":"https:\/\/softplaysupply.com\/"},{"@type":"ListItem","position":2,"name":"Soft Play Equipment","item":"https:\/\/softplaysupply.com\/pcategory\/soft-play-equipment\/"},{"@type":"ListItem","position":3,"name":"Soft Play Ball Pit","item":"https:\/\/softplaysupply.com\/pcategory\/soft-play-equipment\/soft-play-ball-pit\/"},{"@type":"ListItem","position":4,"name":"Durable Foam Daisy Flower shaped Soft Play Ball Pit for Sale"}]},{"@type":"WebSite","@id":"https:\/\/softplaysupply.com\/#website","url":"https:\/\/softplaysupply.com\/","name":"Dostawca mi\u0119kkich zabawek","description":"Dostawca mi\u0119kkich zabawek","publisher":{"@id":"https:\/\/softplaysupply.com\/#organization"},"potentialAction":[{"@type":"SearchAction","target":{"@type":"EntryPoint","urlTemplate":"https:\/\/softplaysupply.com\/?s={search_term_string}"},"query-input":{"@type":"PropertyValueSpecification","valueRequired":true,"valueName":"search_term_string"}}],"inLanguage":"pl-PL"},{"@type":"Organization","@id":"https:\/\/softplaysupply.com\/#organization","name":"Nanpak","url":"https:\/\/softplaysupply.com\/","logo":{"@type":"ImageObject","inLanguage":"pl-PL","@id":"https:\/\/softplaysupply.com\/#\/schema\/logo\/image\/","url":"https:\/\/softplaysupply.com\/wp-content\/uploads\/2025\/12\/cropped-mobile-logo.png","contentUrl":"https:\/\/softplaysupply.com\/wp-content\/uploads\/2025\/12\/cropped-mobile-logo.png","width":263,"height":84,"caption":"Nanpak"},"image":{"@id":"https:\/\/softplaysupply.com\/#\/schema\/logo\/image\/"}}]}},"taxonomy_info":{"pcategory":[{"value":22,"label":"Soft Play Equipment"},{"value":39,"label":"Soft Play Ball Pit"}]},"featured_image_src_large":["https:\/\/softplaysupply.com\/wp-content\/uploads\/2026\/01\/soft-play-flower-ball-pit-4.jpg",750,750,false],"author_info":[],"comment_info":"","_links":{"self":[{"href":"https:\/\/softplaysupply.com\/pl\/wp-json\/wp\/v2\/product\/3664","targetHints":{"allow":["GET"]}}],"collection":[{"href":"https:\/\/softplaysupply.com\/pl\/wp-json\/wp\/v2\/product"}],"about":[{"href":"https:\/\/softplaysupply.com\/pl\/wp-json\/wp\/v2\/types\/product"}],"wp:featuredmedia":[{"embeddable":true,"href":"https:\/\/softplaysupply.com\/pl\/wp-json\/wp\/v2\/media\/3669"}],"wp:attachment":[{"href":"https:\/\/softplaysupply.com\/pl\/wp-json\/wp\/v2\/media?parent=3664"}],"wp:term":[{"taxonomy":"pcategory","embeddable":true,"href":"https:\/\/softplaysupply.com\/pl\/wp-json\/wp\/v2\/pcategory?post=3664"},{"taxonomy":"ptag","embeddable":true,"href":"https:\/\/softplaysupply.com\/pl\/wp-json\/wp\/v2\/ptag?post=3664"}],"curies":[{"name":"wp","href":"https:\/\/api.w.org\/{rel}","templated":true}]}}