{"id":3625,"date":"2026-01-06T06:25:04","date_gmt":"2026-01-06T06:25:04","guid":{"rendered":"https:\/\/softplaysupply.com\/?post_type=product&#038;p=3625"},"modified":"2026-01-07T05:02:29","modified_gmt":"2026-01-07T05:02:29","slug":"black-and-white-soft-play-ball-pit","status":"publish","type":"product","link":"https:\/\/softplaysupply.com\/pl\/produkt\/black-and-white-soft-play-ball-pit\/","title":{"rendered":"Czarno-bia\u0142a mi\u0119kka pi\u0142ka do basenu z pi\u0142eczkami do zabawy w pomieszczeniach i na zewn\u0105trz"},"content":{"rendered":"<p><strong>The Black and <a href=\"https:\/\/softplaysupply.com\/pl\/produkt\/all-white-soft-play-square-ball-pit\/\" data-internallinksmanager029f6b8e52c=\"11\" title=\"bia\u0142y mi\u0119kki basen do gry w pi\u0142k\u0119\" target=\"_blank\" rel=\"noopener\">White Soft Play Ball Pit<\/a><\/strong> to stylowe i funkcjonalne rozwi\u0105zanie do zabawy, przeznaczone zar\u00f3wno do wewn\u0119trznych, jak i zewn\u0119trznych plac\u00f3w zabaw. Dzi\u0119ki nowoczesnej czarno-bia\u0142ej kolorystyce, mi\u0119kkiemu basenowi z pianki i przyci\u0105gaj\u0105cym wzrok r\u00f3\u017cowym schodkom, ten basen z pi\u0142eczkami tworzy bezpieczn\u0105, anga\u017cuj\u0105c\u0105 i atrakcyjn\u0105 wizualnie przestrze\u0144 do zabawy dla dzieci w ka\u017cdym wieku. Idealny do u\u017cytku rodzinnego, imprez dla ma\u0142ych dzieci na \u015bwie\u017cym powietrzu i komercyjnych imprez, ten mi\u0119kki basen z pi\u0142eczkami \u0142\u0105czy w sobie bezpiecze\u0144stwo, trwa\u0142o\u015b\u0107 i design. Dzieci mog\u0105 si\u0119 wspina\u0107, czo\u0142ga\u0107 i swobodnie bawi\u0107, jednocze\u015bnie poprawiaj\u0105c r\u00f3wnowag\u0119, koordynacj\u0119 i umiej\u0119tno\u015bci interakcji spo\u0142ecznych w przyjemnym i bezpiecznym otoczeniu.<\/p>\n<p><img loading=\"lazy\" decoding=\"async\" class=\"alignnone size-full wp-image-3628\" src=\"https:\/\/softplaysupply.com\/wp-content\/uploads\/2026\/01\/black-and-white-ball-pit-1.jpg\" alt=\"\" width=\"750\" height=\"577\" srcset=\"https:\/\/softplaysupply.com\/wp-content\/uploads\/2026\/01\/black-and-white-ball-pit-1.jpg 750w, https:\/\/softplaysupply.com\/wp-content\/uploads\/2026\/01\/black-and-white-ball-pit-1-300x231.jpg 300w, https:\/\/softplaysupply.com\/wp-content\/uploads\/2026\/01\/black-and-white-ball-pit-1-16x12.jpg 16w\" sizes=\"auto, (max-width: 750px) 100vw, 750px\" \/> <img loading=\"lazy\" decoding=\"async\" class=\"alignnone size-full wp-image-3629\" src=\"https:\/\/softplaysupply.com\/wp-content\/uploads\/2026\/01\/black-and-white-ball-pit-2.jpg\" alt=\"czarno-bia\u0142a mi\u0119kka pi\u0142ka do basenu z pi\u0142eczkami\" width=\"750\" height=\"750\" srcset=\"https:\/\/softplaysupply.com\/wp-content\/uploads\/2026\/01\/black-and-white-ball-pit-2.jpg 750w, https:\/\/softplaysupply.com\/wp-content\/uploads\/2026\/01\/black-and-white-ball-pit-2-300x300.jpg 300w, https:\/\/softplaysupply.com\/wp-content\/uploads\/2026\/01\/black-and-white-ball-pit-2-150x150.jpg 150w, https:\/\/softplaysupply.com\/wp-content\/uploads\/2026\/01\/black-and-white-ball-pit-2-12x12.jpg 12w\" sizes=\"auto, (max-width: 750px) 100vw, 750px\" \/> <img loading=\"lazy\" decoding=\"async\" class=\"alignnone size-full wp-image-3634\" src=\"https:\/\/softplaysupply.com\/wp-content\/uploads\/2026\/01\/soft-plays-1.jpg\" alt=\"\" width=\"750\" height=\"509\" srcset=\"https:\/\/softplaysupply.com\/wp-content\/uploads\/2026\/01\/soft-plays-1.jpg 750w, https:\/\/softplaysupply.com\/wp-content\/uploads\/2026\/01\/soft-plays-1-300x204.jpg 300w, https:\/\/softplaysupply.com\/wp-content\/uploads\/2026\/01\/soft-plays-1-18x12.jpg 18w\" sizes=\"auto, (max-width: 750px) 100vw, 750px\" \/> <img loading=\"lazy\" decoding=\"async\" class=\"alignnone size-full wp-image-3635\" src=\"https:\/\/softplaysupply.com\/wp-content\/uploads\/2026\/01\/soft-plays-2.jpg\" alt=\"\" width=\"750\" height=\"1182\" srcset=\"https:\/\/softplaysupply.com\/wp-content\/uploads\/2026\/01\/soft-plays-2.jpg 750w, https:\/\/softplaysupply.com\/wp-content\/uploads\/2026\/01\/soft-plays-2-190x300.jpg 190w, https:\/\/softplaysupply.com\/wp-content\/uploads\/2026\/01\/soft-plays-2-650x1024.jpg 650w, https:\/\/softplaysupply.com\/wp-content\/uploads\/2026\/01\/soft-plays-2-8x12.jpg 8w\" sizes=\"auto, (max-width: 750px) 100vw, 750px\" \/> <img loading=\"lazy\" decoding=\"async\" class=\"alignnone size-full wp-image-3636\" src=\"https:\/\/softplaysupply.com\/wp-content\/uploads\/2026\/01\/soft-plays-3.jpg\" alt=\"\" width=\"750\" height=\"680\" srcset=\"https:\/\/softplaysupply.com\/wp-content\/uploads\/2026\/01\/soft-plays-3.jpg 750w, https:\/\/softplaysupply.com\/wp-content\/uploads\/2026\/01\/soft-plays-3-300x272.jpg 300w, https:\/\/softplaysupply.com\/wp-content\/uploads\/2026\/01\/soft-plays-3-13x12.jpg 13w\" sizes=\"auto, (max-width: 750px) 100vw, 750px\" \/> <img loading=\"lazy\" decoding=\"async\" class=\"alignnone size-full wp-image-3637\" src=\"https:\/\/softplaysupply.com\/wp-content\/uploads\/2026\/01\/soft-plays-4.jpg\" alt=\"\" width=\"750\" height=\"1079\" srcset=\"https:\/\/softplaysupply.com\/wp-content\/uploads\/2026\/01\/soft-plays-4.jpg 750w, https:\/\/softplaysupply.com\/wp-content\/uploads\/2026\/01\/soft-plays-4-209x300.jpg 209w, https:\/\/softplaysupply.com\/wp-content\/uploads\/2026\/01\/soft-plays-4-712x1024.jpg 712w, https:\/\/softplaysupply.com\/wp-content\/uploads\/2026\/01\/soft-plays-4-8x12.jpg 8w\" sizes=\"auto, (max-width: 750px) 100vw, 750px\" \/> <img loading=\"lazy\" decoding=\"async\" class=\"alignnone size-full wp-image-3638\" src=\"https:\/\/softplaysupply.com\/wp-content\/uploads\/2026\/01\/soft-plays-5.jpg\" alt=\"\" width=\"750\" height=\"764\" srcset=\"https:\/\/softplaysupply.com\/wp-content\/uploads\/2026\/01\/soft-plays-5.jpg 750w, https:\/\/softplaysupply.com\/wp-content\/uploads\/2026\/01\/soft-plays-5-295x300.jpg 295w, https:\/\/softplaysupply.com\/wp-content\/uploads\/2026\/01\/soft-plays-5-12x12.jpg 12w\" sizes=\"auto, (max-width: 750px) 100vw, 750px\" \/> <img loading=\"lazy\" decoding=\"async\" class=\"alignnone size-full wp-image-3639\" src=\"https:\/\/softplaysupply.com\/wp-content\/uploads\/2026\/01\/soft-plays-6.jpg\" alt=\"\" width=\"750\" height=\"500\" srcset=\"https:\/\/softplaysupply.com\/wp-content\/uploads\/2026\/01\/soft-plays-6.jpg 750w, https:\/\/softplaysupply.com\/wp-content\/uploads\/2026\/01\/soft-plays-6-300x200.jpg 300w, https:\/\/softplaysupply.com\/wp-content\/uploads\/2026\/01\/soft-plays-6-18x12.jpg 18w\" sizes=\"auto, (max-width: 750px) 100vw, 750px\" \/> <img loading=\"lazy\" decoding=\"async\" class=\"alignnone size-full wp-image-3632\" src=\"https:\/\/softplaysupply.com\/wp-content\/uploads\/2026\/01\/black-and-white-ball-pit-6.jpg\" alt=\"\" width=\"750\" height=\"750\" srcset=\"https:\/\/softplaysupply.com\/wp-content\/uploads\/2026\/01\/black-and-white-ball-pit-6.jpg 750w, https:\/\/softplaysupply.com\/wp-content\/uploads\/2026\/01\/black-and-white-ball-pit-6-300x300.jpg 300w, https:\/\/softplaysupply.com\/wp-content\/uploads\/2026\/01\/black-and-white-ball-pit-6-150x150.jpg 150w, https:\/\/softplaysupply.com\/wp-content\/uploads\/2026\/01\/black-and-white-ball-pit-6-12x12.jpg 12w\" sizes=\"auto, (max-width: 750px) 100vw, 750px\" \/> <img loading=\"lazy\" decoding=\"async\" class=\"alignnone size-full wp-image-3630\" src=\"https:\/\/softplaysupply.com\/wp-content\/uploads\/2026\/01\/black-and-white-ball-pit-3.jpg\" alt=\"\" width=\"750\" height=\"750\" srcset=\"https:\/\/softplaysupply.com\/wp-content\/uploads\/2026\/01\/black-and-white-ball-pit-3.jpg 750w, https:\/\/softplaysupply.com\/wp-content\/uploads\/2026\/01\/black-and-white-ball-pit-3-300x300.jpg 300w, https:\/\/softplaysupply.com\/wp-content\/uploads\/2026\/01\/black-and-white-ball-pit-3-150x150.jpg 150w, https:\/\/softplaysupply.com\/wp-content\/uploads\/2026\/01\/black-and-white-ball-pit-3-12x12.jpg 12w\" sizes=\"auto, (max-width: 750px) 100vw, 750px\" \/> <img loading=\"lazy\" decoding=\"async\" class=\"alignnone size-full wp-image-3631\" src=\"https:\/\/softplaysupply.com\/wp-content\/uploads\/2026\/01\/black-and-white-ball-pit-5.jpg\" alt=\"\" width=\"750\" height=\"750\" srcset=\"https:\/\/softplaysupply.com\/wp-content\/uploads\/2026\/01\/black-and-white-ball-pit-5.jpg 750w, https:\/\/softplaysupply.com\/wp-content\/uploads\/2026\/01\/black-and-white-ball-pit-5-300x300.jpg 300w, https:\/\/softplaysupply.com\/wp-content\/uploads\/2026\/01\/black-and-white-ball-pit-5-150x150.jpg 150w, https:\/\/softplaysupply.com\/wp-content\/uploads\/2026\/01\/black-and-white-ball-pit-5-12x12.jpg 12w\" sizes=\"auto, (max-width: 750px) 100vw, 750px\" \/> <img loading=\"lazy\" decoding=\"async\" class=\"alignnone size-full wp-image-3640\" src=\"https:\/\/softplaysupply.com\/wp-content\/uploads\/2026\/01\/black-and-white-soft-play.jpg\" alt=\"\" width=\"750\" height=\"562\" srcset=\"https:\/\/softplaysupply.com\/wp-content\/uploads\/2026\/01\/black-and-white-soft-play.jpg 750w, https:\/\/softplaysupply.com\/wp-content\/uploads\/2026\/01\/black-and-white-soft-play-300x225.jpg 300w, https:\/\/softplaysupply.com\/wp-content\/uploads\/2026\/01\/black-and-white-soft-play-16x12.jpg 16w\" sizes=\"auto, (max-width: 750px) 100vw, 750px\" \/><\/p>\n<p><strong>Dlaczego warto wybra\u0107 nasz\u0105 czarno-bia\u0142\u0105 mi\u0119kk\u0105 pi\u0142eczk\u0119 do basenu?<\/strong><\/p>\n<ul>\n<li><strong>Gotowy do u\u017cytku wewn\u0105trz i na zewn\u0105trz<\/strong><br \/>\nZaprojektowany z my\u015bl\u0105 o elastycznym wykorzystaniu na wewn\u0119trznych placach zabaw, podw\u00f3rkach i zewn\u0119trznych przestrzeniach eventowych.<\/li>\n<li><strong>Bezpieczna konstrukcja mi\u0119kkiej zabawki<\/strong><br \/>\nMi\u0119kka struktura piankowa z zaokr\u0105glonymi kraw\u0119dziami zmniejsza si\u0142\u0119 uderzenia i zapewnia bezpiecze\u0144stwo dziecka.<\/li>\n<li><strong>Nowoczesny styl czarno-bia\u0142y<\/strong><br \/>\nMinimalistyczna paleta kolor\u00f3w, kt\u00f3ra idealnie pasuje do nowoczesnych plac\u00f3w zabaw, imprez i wypo\u017cyczalni.<\/li>\n<li><strong>Zach\u0119ca do rozwoju<\/strong><br \/>\nPomaga dzieciom poprawi\u0107 r\u00f3wnowag\u0119, koordynacj\u0119, kreatywno\u015b\u0107 i umiej\u0119tno\u015bci spo\u0142eczne poprzez interaktywn\u0105 zabaw\u0119.<\/li>\n<li><strong>Idealny do u\u017cytku komercyjnego<\/strong><br \/>\nSzeroko stosowane na przyj\u0119ciach urodzinowych, w przedszkolach, hotelach, szko\u0142ach, parkach rozrywki i wypo\u017cyczalniach sprz\u0119tu eventowego.<\/li>\n<\/ul>\n<p><strong>Specyfikacje produktu<\/strong><\/p>\n<table border=\"1\" cellspacing=\"0\" cellpadding=\"10\">\n<tbody>\n<tr>\n<th>Pozycja<\/th>\n<th>Opis<\/th>\n<\/tr>\n<tr>\n<td>Nazwa produktu<\/td>\n<td>Czarno-bia\u0142a mi\u0119kka pi\u0142ka do basenu z pi\u0142eczkami<\/td>\n<\/tr>\n<tr>\n<td>Marka<\/td>\n<td>Impreza Funworld<\/td>\n<\/tr>\n<tr>\n<td>Rozmiar<\/td>\n<td>Mo\u017cliwo\u015b\u0107 dostosowania<\/td>\n<\/tr>\n<tr>\n<td>Kolor<\/td>\n<td>Mo\u017cliwo\u015b\u0107 dostosowania<\/td>\n<\/tr>\n<tr>\n<td>Materia\u0142<\/td>\n<td>P\u0142yta wielowarstwowa + bawe\u0142na per\u0142owa + pokrycie PU<\/td>\n<\/tr>\n<tr>\n<td>Minimalna ilo\u015b\u0107 zam\u00f3wienia<\/td>\n<td>1 sztuka<\/td>\n<\/tr>\n<tr>\n<td>Czas produkcji<\/td>\n<td>7\u201310 dni roboczych<\/td>\n<\/tr>\n<tr>\n<td>Metody wysy\u0142ki<\/td>\n<td>Drog\u0105 morsk\u0105 \/ lotnicz\u0105 \/ ekspresow\u0105<\/td>\n<\/tr>\n<tr>\n<td>Gwarancja<\/td>\n<td>1 rok, z ca\u0142odobow\u0105 obs\u0142ug\u0105 posprzeda\u017cow\u0105<\/td>\n<\/tr>\n<tr>\n<td>Warunki p\u0142atno\u015bci<\/td>\n<td>T\/T, Western Union, Trade Assurance<\/td>\n<\/tr>\n<tr>\n<td>Serwis<\/td>\n<td>Skuteczne wsparcie przed sprzeda\u017c\u0105 i po sprzeda\u017cy<\/td>\n<\/tr>\n<\/tbody>\n<\/table>\n<p><strong>Zastosowania<\/strong><\/p>\n<p><strong>Czarno-bia\u0142a mi\u0119kka pi\u0142ka do basenu z pi\u0142eczkami<\/strong> nadaje si\u0119 do szerokiego zakresu zastosowa\u0144, w tym:<\/p>\n<ul>\n<li>Kryte place zabaw<\/li>\n<li>Zewn\u0119trzne place zabaw na podw\u00f3rku<\/li>\n<li>Publiczne place zabaw<\/li>\n<li>Hotele i o\u015brodki wypoczynkowe<\/li>\n<li>Przyj\u0119cia urodzinowe i imprezy dla maluch\u00f3w<\/li>\n<li>Szko\u0142y i przedszkola<\/li>\n<li>Parki rozrywki<\/li>\n<li>Festiwale i dzia\u0142ania promocyjne<\/li>\n<li>Wynajem i organizacja imprez<\/li>\n<\/ul>\n<p><strong>Wszechstronne rozwi\u0105zanie do mi\u0119kkich plac\u00f3w zabaw<\/strong><\/p>\n<p>Niezale\u017cnie od tego, czy tworzysz przytulny k\u0105cik do zabawy w domu, organizujesz przyj\u0119cie dla maluch\u00f3w na \u015bwie\u017cym powietrzu, czy wyposa\u017casz komercyjny plac zabaw, <strong>Czarno-bia\u0142a mi\u0119kka pi\u0142ka do basenu z pi\u0142eczkami<\/strong> oferuje niezawodne, atrakcyjne i przyjazne dla dzieci rozwi\u0105zanie. Dost\u0119pne s\u0105 niestandardowe rozmiary i kolory, kt\u00f3re mo\u017cna dopasowa\u0107 do potrzeb Twojej przestrzeni i marki.<\/p>","protected":false},"excerpt":{"rendered":"<p>Czarno-bia\u0142a mi\u0119kka pi\u0142ka do basenu z pi\u0142eczkami charakteryzuje si\u0119 stylowym, trwa\u0142ym i przyjaznym dla dzieci wzornictwem, przeznaczonym do u\u017cytku w pomieszczeniach i na zewn\u0105trz. Mo\u017cna j\u0105 dostosowa\u0107 do w\u0142asnych potrzeb, a dostarczana jest bezpo\u015brednio pod drzwi. Poprawia koordynacj\u0119 ruchow\u0105, r\u00f3wnowag\u0119 i zapewnia interaktywn\u0105 zabaw\u0119.<\/p>","protected":false},"featured_media":3629,"parent":0,"template":"","meta":{"_acf_changed":false,"_kad_blocks_custom_css":"","_kad_blocks_head_custom_js":"","_kad_blocks_body_custom_js":"","_kad_blocks_footer_custom_js":"","_kadence_starter_templates_imported_post":false,"_kad_post_transparent":"default","_kad_post_title":"","_kad_post_layout":"default","_kad_post_sidebar_id":"","_kad_post_content_style":"default","_kad_post_vertical_padding":"default","_kad_post_feature":"","_kad_post_feature_position":"","_kad_post_header":false,"_kad_post_footer":false},"pcategory":[5,22,39],"ptag":[],"class_list":["post-3625","product","type-product","status-publish","has-post-thumbnail","hentry","pcategory-indoor-playground-equipment","pcategory-soft-play-equipment","pcategory-soft-play-ball-pit"],"acf":[],"yoast_head":"<!-- This site is optimized with the Yoast SEO plugin v26.8 - https:\/\/yoast.com\/product\/yoast-seo-wordpress\/ -->\n<title>Black and White Soft Play Ball Pit for Indoor &amp; Outdoor Play Areas<\/title>\n<meta name=\"description\" content=\"The Black and White Soft Play Ball Pit offers a stylish, durable, and child-friendly design for indoor and outdoor play areas, customizable to your needs and delivered straight to door, enhancing coordination, balance, and interactive fun.\" \/>\n<meta name=\"robots\" content=\"index, follow, max-snippet:-1, max-image-preview:large, max-video-preview:-1\" \/>\n<link rel=\"canonical\" href=\"https:\/\/softplaysupply.com\/pl\/produkt\/black-and-white-soft-play-ball-pit\/\" \/>\n<meta property=\"og:locale\" content=\"pl_PL\" \/>\n<meta property=\"og:type\" content=\"article\" \/>\n<meta property=\"og:title\" content=\"Black and White Soft Play Ball Pit for Indoor &amp; Outdoor Play Areas\" \/>\n<meta property=\"og:description\" content=\"The Black and White Soft Play Ball Pit offers a stylish, durable, and child-friendly design for indoor and outdoor play areas, customizable to your needs and delivered straight to door, enhancing coordination, balance, and interactive fun.\" \/>\n<meta property=\"og:url\" content=\"https:\/\/softplaysupply.com\/pl\/produkt\/black-and-white-soft-play-ball-pit\/\" \/>\n<meta property=\"og:site_name\" content=\"Nanpak\" \/>\n<meta property=\"article:modified_time\" content=\"2026-01-07T05:02:29+00:00\" \/>\n<meta property=\"og:image\" content=\"https:\/\/softplaysupply.com\/wp-content\/uploads\/2026\/01\/black-and-white-ball-pit-2.jpg\" \/>\n\t<meta property=\"og:image:width\" content=\"750\" \/>\n\t<meta property=\"og:image:height\" content=\"750\" \/>\n\t<meta property=\"og:image:type\" content=\"image\/jpeg\" \/>\n<meta name=\"twitter:card\" content=\"summary_large_image\" \/>\n<meta name=\"twitter:label1\" content=\"Szacowany czas czytania\" \/>\n\t<meta name=\"twitter:data1\" content=\"5 minut\" \/>\n<script type=\"application\/ld+json\" class=\"yoast-schema-graph\">{\"@context\":\"https:\/\/schema.org\",\"@graph\":[{\"@type\":\"WebPage\",\"@id\":\"https:\/\/softplaysupply.com\/product\/black-and-white-soft-play-ball-pit\/\",\"url\":\"https:\/\/softplaysupply.com\/product\/black-and-white-soft-play-ball-pit\/\",\"name\":\"Black and White Soft Play Ball Pit for Indoor & Outdoor Play Areas\",\"isPartOf\":{\"@id\":\"https:\/\/softplaysupply.com\/#website\"},\"primaryImageOfPage\":{\"@id\":\"https:\/\/softplaysupply.com\/product\/black-and-white-soft-play-ball-pit\/#primaryimage\"},\"image\":{\"@id\":\"https:\/\/softplaysupply.com\/product\/black-and-white-soft-play-ball-pit\/#primaryimage\"},\"thumbnailUrl\":\"https:\/\/softplaysupply.com\/wp-content\/uploads\/2026\/01\/black-and-white-ball-pit-2.jpg\",\"datePublished\":\"2026-01-06T06:25:04+00:00\",\"dateModified\":\"2026-01-07T05:02:29+00:00\",\"description\":\"The Black and White Soft Play Ball Pit offers a stylish, durable, and child-friendly design for indoor and outdoor play areas, customizable to your needs and delivered straight to door, enhancing coordination, balance, and interactive fun.\",\"breadcrumb\":{\"@id\":\"https:\/\/softplaysupply.com\/product\/black-and-white-soft-play-ball-pit\/#breadcrumb\"},\"inLanguage\":\"pl-PL\",\"potentialAction\":[{\"@type\":\"ReadAction\",\"target\":[\"https:\/\/softplaysupply.com\/product\/black-and-white-soft-play-ball-pit\/\"]}]},{\"@type\":\"ImageObject\",\"inLanguage\":\"pl-PL\",\"@id\":\"https:\/\/softplaysupply.com\/product\/black-and-white-soft-play-ball-pit\/#primaryimage\",\"url\":\"https:\/\/softplaysupply.com\/wp-content\/uploads\/2026\/01\/black-and-white-ball-pit-2.jpg\",\"contentUrl\":\"https:\/\/softplaysupply.com\/wp-content\/uploads\/2026\/01\/black-and-white-ball-pit-2.jpg\",\"width\":750,\"height\":750,\"caption\":\"black and white soft play ball pit\"},{\"@type\":\"BreadcrumbList\",\"@id\":\"https:\/\/softplaysupply.com\/product\/black-and-white-soft-play-ball-pit\/#breadcrumb\",\"itemListElement\":[{\"@type\":\"ListItem\",\"position\":1,\"name\":\"Home\",\"item\":\"https:\/\/softplaysupply.com\/\"},{\"@type\":\"ListItem\",\"position\":2,\"name\":\"Soft Play Equipment\",\"item\":\"https:\/\/softplaysupply.com\/pcategory\/soft-play-equipment\/\"},{\"@type\":\"ListItem\",\"position\":3,\"name\":\"Soft Play Ball Pit\",\"item\":\"https:\/\/softplaysupply.com\/pcategory\/soft-play-equipment\/soft-play-ball-pit\/\"},{\"@type\":\"ListItem\",\"position\":4,\"name\":\"Black and White Soft Play Ball Pit for Indoor &#038; Outdoor Play Areas\"}]},{\"@type\":\"WebSite\",\"@id\":\"https:\/\/softplaysupply.com\/#website\",\"url\":\"https:\/\/softplaysupply.com\/\",\"name\":\"Soft Play Supplier\",\"description\":\"Soft Play Supplier\",\"publisher\":{\"@id\":\"https:\/\/softplaysupply.com\/#organization\"},\"potentialAction\":[{\"@type\":\"SearchAction\",\"target\":{\"@type\":\"EntryPoint\",\"urlTemplate\":\"https:\/\/softplaysupply.com\/?s={search_term_string}\"},\"query-input\":{\"@type\":\"PropertyValueSpecification\",\"valueRequired\":true,\"valueName\":\"search_term_string\"}}],\"inLanguage\":\"pl-PL\"},{\"@type\":\"Organization\",\"@id\":\"https:\/\/softplaysupply.com\/#organization\",\"name\":\"Nanpak\",\"url\":\"https:\/\/softplaysupply.com\/\",\"logo\":{\"@type\":\"ImageObject\",\"inLanguage\":\"pl-PL\",\"@id\":\"https:\/\/softplaysupply.com\/#\/schema\/logo\/image\/\",\"url\":\"https:\/\/softplaysupply.com\/wp-content\/uploads\/2025\/12\/cropped-mobile-logo.png\",\"contentUrl\":\"https:\/\/softplaysupply.com\/wp-content\/uploads\/2025\/12\/cropped-mobile-logo.png\",\"width\":263,\"height\":84,\"caption\":\"Nanpak\"},\"image\":{\"@id\":\"https:\/\/softplaysupply.com\/#\/schema\/logo\/image\/\"}}]}<\/script>\n<!-- \/ Yoast SEO plugin. -->","yoast_head_json":{"title":"Czarno-bia\u0142a mi\u0119kka pi\u0142ka do basenu z pi\u0142eczkami do zabawy w pomieszczeniach i na zewn\u0105trz","description":"Czarno-bia\u0142a mi\u0119kka pi\u0142ka do basenu z pi\u0142eczkami charakteryzuje si\u0119 stylowym, trwa\u0142ym i przyjaznym dla dzieci wzornictwem, przeznaczonym do u\u017cytku w pomieszczeniach i na zewn\u0105trz. Mo\u017cna j\u0105 dostosowa\u0107 do w\u0142asnych potrzeb, a dostarczana jest bezpo\u015brednio pod drzwi. Poprawia koordynacj\u0119 ruchow\u0105, r\u00f3wnowag\u0119 i zapewnia interaktywn\u0105 zabaw\u0119.","robots":{"index":"index","follow":"follow","max-snippet":"max-snippet:-1","max-image-preview":"max-image-preview:large","max-video-preview":"max-video-preview:-1"},"canonical":"https:\/\/softplaysupply.com\/pl\/produkt\/black-and-white-soft-play-ball-pit\/","og_locale":"pl_PL","og_type":"article","og_title":"Black and White Soft Play Ball Pit for Indoor & Outdoor Play Areas","og_description":"The Black and White Soft Play Ball Pit offers a stylish, durable, and child-friendly design for indoor and outdoor play areas, customizable to your needs and delivered straight to door, enhancing coordination, balance, and interactive fun.","og_url":"https:\/\/softplaysupply.com\/pl\/produkt\/black-and-white-soft-play-ball-pit\/","og_site_name":"Nanpak","article_modified_time":"2026-01-07T05:02:29+00:00","og_image":[{"width":750,"height":750,"url":"https:\/\/softplaysupply.com\/wp-content\/uploads\/2026\/01\/black-and-white-ball-pit-2.jpg","type":"image\/jpeg"}],"twitter_card":"summary_large_image","twitter_misc":{"Szacowany czas czytania":"5 minut"},"schema":{"@context":"https:\/\/schema.org","@graph":[{"@type":"WebPage","@id":"https:\/\/softplaysupply.com\/product\/black-and-white-soft-play-ball-pit\/","url":"https:\/\/softplaysupply.com\/product\/black-and-white-soft-play-ball-pit\/","name":"Czarno-bia\u0142a mi\u0119kka pi\u0142ka do basenu z pi\u0142eczkami do zabawy w pomieszczeniach i na zewn\u0105trz","isPartOf":{"@id":"https:\/\/softplaysupply.com\/#website"},"primaryImageOfPage":{"@id":"https:\/\/softplaysupply.com\/product\/black-and-white-soft-play-ball-pit\/#primaryimage"},"image":{"@id":"https:\/\/softplaysupply.com\/product\/black-and-white-soft-play-ball-pit\/#primaryimage"},"thumbnailUrl":"https:\/\/softplaysupply.com\/wp-content\/uploads\/2026\/01\/black-and-white-ball-pit-2.jpg","datePublished":"2026-01-06T06:25:04+00:00","dateModified":"2026-01-07T05:02:29+00:00","description":"Czarno-bia\u0142a mi\u0119kka pi\u0142ka do basenu z pi\u0142eczkami charakteryzuje si\u0119 stylowym, trwa\u0142ym i przyjaznym dla dzieci wzornictwem, przeznaczonym do u\u017cytku w pomieszczeniach i na zewn\u0105trz. Mo\u017cna j\u0105 dostosowa\u0107 do w\u0142asnych potrzeb, a dostarczana jest bezpo\u015brednio pod drzwi. Poprawia koordynacj\u0119 ruchow\u0105, r\u00f3wnowag\u0119 i zapewnia interaktywn\u0105 zabaw\u0119.","breadcrumb":{"@id":"https:\/\/softplaysupply.com\/product\/black-and-white-soft-play-ball-pit\/#breadcrumb"},"inLanguage":"pl-PL","potentialAction":[{"@type":"ReadAction","target":["https:\/\/softplaysupply.com\/product\/black-and-white-soft-play-ball-pit\/"]}]},{"@type":"ImageObject","inLanguage":"pl-PL","@id":"https:\/\/softplaysupply.com\/product\/black-and-white-soft-play-ball-pit\/#primaryimage","url":"https:\/\/softplaysupply.com\/wp-content\/uploads\/2026\/01\/black-and-white-ball-pit-2.jpg","contentUrl":"https:\/\/softplaysupply.com\/wp-content\/uploads\/2026\/01\/black-and-white-ball-pit-2.jpg","width":750,"height":750,"caption":"black and white soft play ball pit"},{"@type":"BreadcrumbList","@id":"https:\/\/softplaysupply.com\/product\/black-and-white-soft-play-ball-pit\/#breadcrumb","itemListElement":[{"@type":"ListItem","position":1,"name":"Home","item":"https:\/\/softplaysupply.com\/"},{"@type":"ListItem","position":2,"name":"Soft Play Equipment","item":"https:\/\/softplaysupply.com\/pcategory\/soft-play-equipment\/"},{"@type":"ListItem","position":3,"name":"Soft Play Ball Pit","item":"https:\/\/softplaysupply.com\/pcategory\/soft-play-equipment\/soft-play-ball-pit\/"},{"@type":"ListItem","position":4,"name":"Black and White Soft Play Ball Pit for Indoor &#038; Outdoor Play Areas"}]},{"@type":"WebSite","@id":"https:\/\/softplaysupply.com\/#website","url":"https:\/\/softplaysupply.com\/","name":"Dostawca mi\u0119kkich zabawek","description":"Dostawca mi\u0119kkich zabawek","publisher":{"@id":"https:\/\/softplaysupply.com\/#organization"},"potentialAction":[{"@type":"SearchAction","target":{"@type":"EntryPoint","urlTemplate":"https:\/\/softplaysupply.com\/?s={search_term_string}"},"query-input":{"@type":"PropertyValueSpecification","valueRequired":true,"valueName":"search_term_string"}}],"inLanguage":"pl-PL"},{"@type":"Organization","@id":"https:\/\/softplaysupply.com\/#organization","name":"Nanpak","url":"https:\/\/softplaysupply.com\/","logo":{"@type":"ImageObject","inLanguage":"pl-PL","@id":"https:\/\/softplaysupply.com\/#\/schema\/logo\/image\/","url":"https:\/\/softplaysupply.com\/wp-content\/uploads\/2025\/12\/cropped-mobile-logo.png","contentUrl":"https:\/\/softplaysupply.com\/wp-content\/uploads\/2025\/12\/cropped-mobile-logo.png","width":263,"height":84,"caption":"Nanpak"},"image":{"@id":"https:\/\/softplaysupply.com\/#\/schema\/logo\/image\/"}}]}},"taxonomy_info":{"pcategory":[{"value":5,"label":"Indoor Playground Equipment"},{"value":22,"label":"Soft Play Equipment"},{"value":39,"label":"Soft Play Ball Pit"}]},"featured_image_src_large":["https:\/\/softplaysupply.com\/wp-content\/uploads\/2026\/01\/black-and-white-ball-pit-2.jpg",750,750,false],"author_info":[],"comment_info":"","_links":{"self":[{"href":"https:\/\/softplaysupply.com\/pl\/wp-json\/wp\/v2\/product\/3625","targetHints":{"allow":["GET"]}}],"collection":[{"href":"https:\/\/softplaysupply.com\/pl\/wp-json\/wp\/v2\/product"}],"about":[{"href":"https:\/\/softplaysupply.com\/pl\/wp-json\/wp\/v2\/types\/product"}],"wp:featuredmedia":[{"embeddable":true,"href":"https:\/\/softplaysupply.com\/pl\/wp-json\/wp\/v2\/media\/3629"}],"wp:attachment":[{"href":"https:\/\/softplaysupply.com\/pl\/wp-json\/wp\/v2\/media?parent=3625"}],"wp:term":[{"taxonomy":"pcategory","embeddable":true,"href":"https:\/\/softplaysupply.com\/pl\/wp-json\/wp\/v2\/pcategory?post=3625"},{"taxonomy":"ptag","embeddable":true,"href":"https:\/\/softplaysupply.com\/pl\/wp-json\/wp\/v2\/ptag?post=3625"}],"curies":[{"name":"wp","href":"https:\/\/api.w.org\/{rel}","templated":true}]}}