{"id":3585,"date":"2026-02-08T08:18:41","date_gmt":"2026-02-08T08:18:41","guid":{"rendered":"https:\/\/softplaysupply.com\/?post_type=product&#038;p=3585"},"modified":"2026-02-08T08:42:41","modified_gmt":"2026-02-08T08:42:41","slug":"nature-inspired-themed-indoor-playground","status":"publish","type":"product","link":"https:\/\/softplaysupply.com\/pl\/produkt\/nature-inspired-themed-indoor-playground\/","title":{"rendered":"Indywidualnie dostosowane, inspirowane natur\u0105 wyposa\u017cenie plac\u00f3w zabaw do sprzeda\u017cy"},"content":{"rendered":"<div style=\"margin: 0 auto; padding: 60px 20px;\">\n<p><!-- Hero Banner Section --><\/p>\n<div style=\"background: linear-gradient(135deg, #065f46, #10b981); color: white; border-radius: 24px; overflow: hidden; margin-bottom: 80px; box-shadow: 0 20px 40px rgba(6,95,70,0.2);\">\n<div style=\"padding: 100px 40px; text-align: center;\">\n<div style=\"font-size: 48px; font-weight: 800; margin-bottom: 24px; letter-spacing: -0.5px;\">Indywidualnie dostosowane, inspirowane natur\u0105 wyposa\u017cenie plac\u00f3w zabaw do sprzeda\u017cy<\/div>\n<div style=\"font-size: 22px; max-width: 980px; margin: 0 auto; line-height: 1.6; opacity: 0.95;\">Nasza natura <a href=\"https:\/\/softplaysupply.com\/pl\/pcategoria\/indoor-playground-equipment\/themed-playground\/\" data-internallinksmanager029f6b8e52c=\"7\" title=\"plac zabaw tematyczny\" target=\"_blank\" rel=\"noopener\">plac zabaw tematyczny<\/a> Sprz\u0119t zosta\u0142 zaprojektowany tak, aby zapewni\u0107 dzieciom wci\u0105gaj\u0105ce wra\u017cenia w \u015brodowisku, kt\u00f3re \u015bci\u015ble na\u015bladuje pi\u0119kno przyrody. Wykonany z wysokiej jako\u015bci materia\u0142\u00f3w, ten inspirowany natur\u0105 sprz\u0119t do plac\u00f3w zabaw jest idealny do stworzenia ekscytuj\u0105cej strefy zabaw, kt\u00f3ra \u0142\u0105czy cuda natury z zabaw\u0105 na krytym placu zabaw. Niezale\u017cnie od tego, czy szukasz element\u00f3w placu zabaw inspirowanych natur\u0105, takich jak drzewa, zwierz\u0119ta czy ekologiczne projekty, nasz sprz\u0119t mo\u017cna w pe\u0142ni dostosowa\u0107 do konkretnych potrzeb Twojej przestrzeni.<\/div>\n<\/div>\n<\/div>\n<p><!-- Why Choose Section - Clean & Box-free Style --><\/p>\n<div style=\"margin-bottom: 100px;\">\n<div style=\"text-align: center; margin-bottom: 60px;\">\n<div>\n<div style=\"font-size: 22px; max-width: 980px; margin: 0 auto; line-height: 1.6; opacity: 0.95;\"><\/div>\n<div><img loading=\"lazy\" decoding=\"async\" class=\"alignnone size-full wp-image-3590\" src=\"https:\/\/softplaysupply.com\/wp-content\/uploads\/2025\/12\/nature-themed-playground-5.jpg\" alt=\"\" width=\"750\" height=\"705\" srcset=\"https:\/\/softplaysupply.com\/wp-content\/uploads\/2025\/12\/nature-themed-playground-5.jpg 750w, https:\/\/softplaysupply.com\/wp-content\/uploads\/2025\/12\/nature-themed-playground-5-300x282.jpg 300w, https:\/\/softplaysupply.com\/wp-content\/uploads\/2025\/12\/nature-themed-playground-5-13x12.jpg 13w\" sizes=\"auto, (max-width: 750px) 100vw, 750px\" \/> <img loading=\"lazy\" decoding=\"async\" class=\"alignnone size-full wp-image-3587\" src=\"https:\/\/softplaysupply.com\/wp-content\/uploads\/2025\/12\/nature-themed-playground-2.jpg\" alt=\"\" width=\"750\" height=\"705\" srcset=\"https:\/\/softplaysupply.com\/wp-content\/uploads\/2025\/12\/nature-themed-playground-2.jpg 750w, https:\/\/softplaysupply.com\/wp-content\/uploads\/2025\/12\/nature-themed-playground-2-300x282.jpg 300w, https:\/\/softplaysupply.com\/wp-content\/uploads\/2025\/12\/nature-themed-playground-2-13x12.jpg 13w\" sizes=\"auto, (max-width: 750px) 100vw, 750px\" \/> <img loading=\"lazy\" decoding=\"async\" class=\"alignnone size-full wp-image-3586\" src=\"https:\/\/softplaysupply.com\/wp-content\/uploads\/2025\/12\/nature-themed-playground-1.jpg\" alt=\"\" width=\"750\" height=\"705\" srcset=\"https:\/\/softplaysupply.com\/wp-content\/uploads\/2025\/12\/nature-themed-playground-1.jpg 750w, https:\/\/softplaysupply.com\/wp-content\/uploads\/2025\/12\/nature-themed-playground-1-300x282.jpg 300w, https:\/\/softplaysupply.com\/wp-content\/uploads\/2025\/12\/nature-themed-playground-1-13x12.jpg 13w\" sizes=\"auto, (max-width: 750px) 100vw, 750px\" \/> <img loading=\"lazy\" decoding=\"async\" class=\"alignnone size-full wp-image-3592\" src=\"https:\/\/softplaysupply.com\/wp-content\/uploads\/2025\/12\/nature-themed-playground-7.jpg\" alt=\"\" width=\"750\" height=\"486\" srcset=\"https:\/\/softplaysupply.com\/wp-content\/uploads\/2025\/12\/nature-themed-playground-7.jpg 750w, https:\/\/softplaysupply.com\/wp-content\/uploads\/2025\/12\/nature-themed-playground-7-300x194.jpg 300w, https:\/\/softplaysupply.com\/wp-content\/uploads\/2025\/12\/nature-themed-playground-7-18x12.jpg 18w\" sizes=\"auto, (max-width: 750px) 100vw, 750px\" \/> <img loading=\"lazy\" decoding=\"async\" class=\"alignnone size-full wp-image-3593\" src=\"https:\/\/softplaysupply.com\/wp-content\/uploads\/2025\/12\/nature-themed-playground-8.jpg\" alt=\"\" width=\"750\" height=\"705\" srcset=\"https:\/\/softplaysupply.com\/wp-content\/uploads\/2025\/12\/nature-themed-playground-8.jpg 750w, https:\/\/softplaysupply.com\/wp-content\/uploads\/2025\/12\/nature-themed-playground-8-300x282.jpg 300w, https:\/\/softplaysupply.com\/wp-content\/uploads\/2025\/12\/nature-themed-playground-8-13x12.jpg 13w\" sizes=\"auto, (max-width: 750px) 100vw, 750px\" \/> <img loading=\"lazy\" decoding=\"async\" class=\"alignnone size-full wp-image-3588\" src=\"https:\/\/softplaysupply.com\/wp-content\/uploads\/2025\/12\/nature-themed-playground-3.jpg\" alt=\"\" width=\"750\" height=\"705\" srcset=\"https:\/\/softplaysupply.com\/wp-content\/uploads\/2025\/12\/nature-themed-playground-3.jpg 750w, https:\/\/softplaysupply.com\/wp-content\/uploads\/2025\/12\/nature-themed-playground-3-300x282.jpg 300w, https:\/\/softplaysupply.com\/wp-content\/uploads\/2025\/12\/nature-themed-playground-3-13x12.jpg 13w\" sizes=\"auto, (max-width: 750px) 100vw, 750px\" \/><\/div>\n<\/div>\n<div style=\"font-size: 42px; font-weight: bold; color: #065f46; margin-bottom: 16px;\">Dlaczego warto wybra\u0107 nasze urz\u0105dzenia do plac\u00f3w zabaw inspirowane natur\u0105?<\/div>\n<div style=\"height: 4px; width: 180px; background: #fbbf24; margin: 0 auto; border-radius: 2px;\"><\/div>\n<\/div>\n<p><!-- Feature 1 --><\/p>\n<div style=\"margin-bottom: 60px;\">\n<div style=\"font-size: 30px; font-weight: bold; color: #065f46; margin-bottom: 20px; border-left: 6px solid #10b981; padding-left: 20px;\">1. W pe\u0142ni konfigurowalne projekty<\/div>\n<div style=\"font-size: 18px; color: #374151; max-width: 980px; margin: 0 auto;\">Nasze urz\u0105dzenia do plac\u00f3w zabaw s\u0105 nie tylko atrakcyjne wizualnie, ale tak\u017ce dostosowane do konkretnej przestrzeni. Niezale\u017cnie od tego, czy szukasz konkretnego motywu, takiego jak las deszczowy, las lub \u0142\u0105ka, oferujemy spersonalizowane rozwi\u0105zania do plac\u00f3w zabaw o tematyce przyrodniczej. Mo\u017cesz wybra\u0107 wszystko, od kolor\u00f3w po uk\u0142ad, dzi\u0119ki czemu ostateczny projekt b\u0119dzie idealnie pasowa\u0142 do Twojej wizji. Dostarczamy r\u00f3wnie\u017c szczeg\u00f3\u0142owe makiety, aby klienci mogli zwizualizowa\u0107 projekt przed instalacj\u0105, dzi\u0119ki czemu proces ten przebiega p\u0142ynnie i bezstresowo.<\/div>\n<\/div>\n<p><!-- Feature 2 --><\/p>\n<div style=\"margin-bottom: 60px;\">\n<div style=\"font-size: 30px; font-weight: bold; color: #065f46; margin-bottom: 20px; border-left: 6px solid #10b981; padding-left: 20px;\">2. Najwy\u017cszej jako\u015bci materia\u0142y zapewniaj\u0105ce trwa\u0142o\u015b\u0107 i bezpiecze\u0144stwo<\/div>\n<div style=\"font-size: 18px; color: #374151; max-width: 980px; margin: 0 auto;\">Nasze urz\u0105dzenia s\u0105 wykonane z LLDPE importowanego z Korei, znanego z wysokiej odporno\u015bci na temperatur\u0119 i nietoksycznych w\u0142a\u015bciwo\u015bci, dzi\u0119ki czemu plac zabaw pozostaje bezpieczny i trwa\u0142y. Rury ze stali ocynkowanej u\u017cyte do konstrukcji szkieletu maj\u0105 grubo\u015b\u0107 2,2 mm, co spe\u0142nia krajowe normy bezpiecze\u0144stwa i trwa\u0142o\u015bci. Wszystkie elementy mocuj\u0105ce s\u0105 wykonane ze stali nierdzewnej 304, co dodatkowo zwi\u0119ksza wytrzyma\u0142o\u015b\u0107 placu zabaw. Maty EVA, dost\u0119pne w r\u00f3\u017cnych rozmiarach i kolorach, zapewniaj\u0105 dodatkowe bezpiecze\u0144stwo i komfort.<\/div>\n<\/div>\n<p><!-- Feature 3 --><\/p>\n<div style=\"margin-bottom: 60px;\">\n<div style=\"font-size: 30px; font-weight: bold; color: #065f46; margin-bottom: 20px; border-left: 6px solid #10b981; padding-left: 20px;\">3. Profesjonalne projektowanie CAD i pomoc przy instalacji<\/div>\n<div style=\"font-size: 18px; color: #374151; max-width: 980px; margin: 0 auto;\">Dostarczamy profesjonalne rysunki CAD, kt\u00f3re pomog\u0105 Ci zwizualizowa\u0107 uk\u0142ad placu zabaw i zapewni\u0107 idealne dopasowanie ka\u017cdego elementu do wyznaczonej przestrzeni. Nasz zesp\u00f3\u0142 mo\u017ce zorganizowa\u0107 profesjonaln\u0105 ekip\u0119 monta\u017cow\u0105, kt\u00f3ra zajmie si\u0119 instalacj\u0105 placu zabaw, lub, je\u015bli wolisz, poprowadzimy Ci\u0119 przez proces instalacji, udzielaj\u0105c szczeg\u00f3\u0142owych instrukcji krok po kroku. Mo\u017cesz r\u00f3wnie\u017c podzieli\u0107 si\u0119 z nami swoimi niestandardowymi projektami CAD, a my zrealizujemy Tw\u00f3j wymarzony plac zabaw.<\/div>\n<\/div>\n<p><!-- Feature 4 --><\/p>\n<div style=\"margin-bottom: 40px;\">\n<div style=\"font-size: 30px; font-weight: bold; color: #065f46; margin-bottom: 20px; border-left: 6px solid #10b981; padding-left: 20px;\">4. Projekt przyjazny dla \u015brodowiska<\/div>\n<div style=\"font-size: 18px; color: #374151; max-width: 980px; margin: 0 auto;\">Nasze boisko inspirowane natur\u0105 zosta\u0142o stworzone z my\u015bl\u0105 o zasadach ekologii, przy u\u017cyciu zr\u00f3wnowa\u017conych materia\u0142\u00f3w, kt\u00f3re s\u0105 zar\u00f3wno bezpieczne dla dzieci, jak i przyjazne dla \u015brodowiska. Takie projekty pomagaj\u0105 wzbudzi\u0107 w dzieciach mi\u0142o\u015b\u0107 do natury, dzi\u0119ki czemu plac zabaw jest nie tylko miejscem zabawy, ale tak\u017ce edukacji.<\/div>\n<\/div>\n<\/div>\n<p><!-- Call to Action Section --><\/p>\n<div style=\"text-align: center; padding: 100px 40px; background: linear-gradient(135deg, #065f46, #10b981); color: white; border-radius: 24px; box-shadow: 0 20px 50px rgba(6,95,70,0.25);\">\n<div style=\"font-size: 40px; font-weight: 800; margin-bottom: 30px;\">Chcesz stworzy\u0107 fajny, bezpieczny i inspirowany natur\u0105 plac zabaw w pomieszczeniu?<\/div>\n<div style=\"font-size: 22px; max-width: 800px; margin: 0 auto 40px; line-height: 1.6; opacity: 0.95;\">Skontaktuj si\u0119 z nami ju\u017c dzi\u015b, aby uzyska\u0107 indywidualny projekt placu zabaw o tematyce przyrodniczej, a my zrealizujemy Twoje pomys\u0142y!<\/div>\n<div style=\"display: inline-block; background: #fbbf24; color: #111827; font-size: 26px; font-weight: bold; padding: 22px 80px; border-radius: 999px; box-shadow: 0 10px 30px rgba(251,191,36,0.4); cursor: pointer; transition: all 0.3s; margin-top: 30px;\"><a href=\"https:\/\/softplaysupply.com\/pl\/get-a-quote\/\" target=\"_blank\" rel=\"noopener\">Skontaktuj si\u0119 z nami teraz \u2192<\/a><\/div>\n<\/div>\n<\/div>","protected":false},"excerpt":{"rendered":"<p>Nasze inspirowane natur\u0105 urz\u0105dzenia na place zabaw zosta\u0142y zaprojektowane tak, aby pobudza\u0107 wyobra\u017ani\u0119 i kreatywno\u015b\u0107. Ka\u017cdy element mo\u017cna w pe\u0142ni dostosowa\u0107 do indywidualnych potrzeb, dzi\u0119ki czemu plac zabaw idealnie pasuje do Twojej przestrzeni i wizji. Od wysokich drzew i zabawnych zwierz\u0105t po \u017cywe kwiaty i naturalne krajobrazy \u2013 nasze projekty p\u0142ynnie przenosz\u0105 pi\u0119kno natury do wn\u0119trz, oferuj\u0105c dzieciom bezpieczne i ekscytuj\u0105ce \u015brodowisko do odkrywania i zabawy.<\/p>","protected":false},"featured_media":3593,"parent":0,"template":"","meta":{"_acf_changed":false,"_kad_blocks_custom_css":"","_kad_blocks_head_custom_js":"","_kad_blocks_body_custom_js":"","_kad_blocks_footer_custom_js":"","_kadence_starter_templates_imported_post":false,"_kad_post_transparent":"default","_kad_post_title":"","_kad_post_layout":"default","_kad_post_sidebar_id":"","_kad_post_content_style":"default","_kad_post_vertical_padding":"default","_kad_post_feature":"","_kad_post_feature_position":"","_kad_post_header":false,"_kad_post_footer":false},"pcategory":[5,34],"ptag":[],"class_list":["post-3585","product","type-product","status-publish","has-post-thumbnail","hentry","pcategory-indoor-playground-equipment","pcategory-themed-playground"],"acf":[],"yoast_head":"<!-- This site is optimized with the Yoast SEO plugin v26.8 - https:\/\/yoast.com\/product\/yoast-seo-wordpress\/ -->\n<title>Customized Nature Inspired Themed Indoor Playground Equipment for Sale<\/title>\n<meta name=\"robots\" content=\"index, follow, max-snippet:-1, max-image-preview:large, max-video-preview:-1\" \/>\n<link rel=\"canonical\" href=\"https:\/\/softplaysupply.com\/pl\/produkt\/nature-inspired-themed-indoor-playground\/\" \/>\n<meta property=\"og:locale\" content=\"pl_PL\" \/>\n<meta property=\"og:type\" content=\"article\" \/>\n<meta property=\"og:title\" content=\"Customized Nature Inspired Themed Indoor Playground Equipment for Sale\" \/>\n<meta property=\"og:description\" content=\"Our nature-inspired playground equipment is designed to ignite imagination and creativity. Every element is fully customizable, ensuring that the playground perfectly matches your space and vision. From towering trees and playful animals to vibrant flowers and natural landscapes, our designs seamlessly bring the beauty of the outdoors inside, offering children a safe and exciting environment to explore and enjoy.\" \/>\n<meta property=\"og:url\" content=\"https:\/\/softplaysupply.com\/pl\/produkt\/nature-inspired-themed-indoor-playground\/\" \/>\n<meta property=\"og:site_name\" content=\"Nanpak\" \/>\n<meta property=\"article:modified_time\" content=\"2026-02-08T08:42:41+00:00\" \/>\n<meta property=\"og:image\" content=\"https:\/\/softplaysupply.com\/wp-content\/uploads\/2025\/12\/nature-themed-playground-8.jpg\" \/>\n\t<meta property=\"og:image:width\" content=\"750\" \/>\n\t<meta property=\"og:image:height\" content=\"705\" \/>\n\t<meta property=\"og:image:type\" content=\"image\/jpeg\" \/>\n<meta name=\"twitter:card\" content=\"summary_large_image\" \/>\n<meta name=\"twitter:label1\" content=\"Szacowany czas czytania\" \/>\n\t<meta name=\"twitter:data1\" content=\"4 minuty\" \/>\n<script type=\"application\/ld+json\" class=\"yoast-schema-graph\">{\"@context\":\"https:\/\/schema.org\",\"@graph\":[{\"@type\":\"WebPage\",\"@id\":\"https:\/\/softplaysupply.com\/product\/nature-inspired-themed-indoor-playground\/\",\"url\":\"https:\/\/softplaysupply.com\/product\/nature-inspired-themed-indoor-playground\/\",\"name\":\"Customized Nature Inspired Themed Indoor Playground Equipment for Sale\",\"isPartOf\":{\"@id\":\"https:\/\/softplaysupply.com\/#website\"},\"primaryImageOfPage\":{\"@id\":\"https:\/\/softplaysupply.com\/product\/nature-inspired-themed-indoor-playground\/#primaryimage\"},\"image\":{\"@id\":\"https:\/\/softplaysupply.com\/product\/nature-inspired-themed-indoor-playground\/#primaryimage\"},\"thumbnailUrl\":\"https:\/\/softplaysupply.com\/wp-content\/uploads\/2025\/12\/nature-themed-playground-8.jpg\",\"datePublished\":\"2026-02-08T08:18:41+00:00\",\"dateModified\":\"2026-02-08T08:42:41+00:00\",\"breadcrumb\":{\"@id\":\"https:\/\/softplaysupply.com\/product\/nature-inspired-themed-indoor-playground\/#breadcrumb\"},\"inLanguage\":\"pl-PL\",\"potentialAction\":[{\"@type\":\"ReadAction\",\"target\":[\"https:\/\/softplaysupply.com\/product\/nature-inspired-themed-indoor-playground\/\"]}]},{\"@type\":\"ImageObject\",\"inLanguage\":\"pl-PL\",\"@id\":\"https:\/\/softplaysupply.com\/product\/nature-inspired-themed-indoor-playground\/#primaryimage\",\"url\":\"https:\/\/softplaysupply.com\/wp-content\/uploads\/2025\/12\/nature-themed-playground-8.jpg\",\"contentUrl\":\"https:\/\/softplaysupply.com\/wp-content\/uploads\/2025\/12\/nature-themed-playground-8.jpg\",\"width\":750,\"height\":705},{\"@type\":\"BreadcrumbList\",\"@id\":\"https:\/\/softplaysupply.com\/product\/nature-inspired-themed-indoor-playground\/#breadcrumb\",\"itemListElement\":[{\"@type\":\"ListItem\",\"position\":1,\"name\":\"Home\",\"item\":\"https:\/\/softplaysupply.com\/\"},{\"@type\":\"ListItem\",\"position\":2,\"name\":\"Indoor Playground Equipment\",\"item\":\"https:\/\/softplaysupply.com\/pcategory\/indoor-playground-equipment\/\"},{\"@type\":\"ListItem\",\"position\":3,\"name\":\"Themed Playground\",\"item\":\"https:\/\/softplaysupply.com\/pcategory\/indoor-playground-equipment\/themed-playground\/\"},{\"@type\":\"ListItem\",\"position\":4,\"name\":\"Customized Nature Inspired Themed Indoor Playground Equipment for Sale\"}]},{\"@type\":\"WebSite\",\"@id\":\"https:\/\/softplaysupply.com\/#website\",\"url\":\"https:\/\/softplaysupply.com\/\",\"name\":\"Soft Play Supplier\",\"description\":\"Soft Play Supplier\",\"publisher\":{\"@id\":\"https:\/\/softplaysupply.com\/#organization\"},\"potentialAction\":[{\"@type\":\"SearchAction\",\"target\":{\"@type\":\"EntryPoint\",\"urlTemplate\":\"https:\/\/softplaysupply.com\/?s={search_term_string}\"},\"query-input\":{\"@type\":\"PropertyValueSpecification\",\"valueRequired\":true,\"valueName\":\"search_term_string\"}}],\"inLanguage\":\"pl-PL\"},{\"@type\":\"Organization\",\"@id\":\"https:\/\/softplaysupply.com\/#organization\",\"name\":\"Nanpak\",\"url\":\"https:\/\/softplaysupply.com\/\",\"logo\":{\"@type\":\"ImageObject\",\"inLanguage\":\"pl-PL\",\"@id\":\"https:\/\/softplaysupply.com\/#\/schema\/logo\/image\/\",\"url\":\"https:\/\/softplaysupply.com\/wp-content\/uploads\/2025\/12\/cropped-mobile-logo.png\",\"contentUrl\":\"https:\/\/softplaysupply.com\/wp-content\/uploads\/2025\/12\/cropped-mobile-logo.png\",\"width\":263,\"height\":84,\"caption\":\"Nanpak\"},\"image\":{\"@id\":\"https:\/\/softplaysupply.com\/#\/schema\/logo\/image\/\"}}]}<\/script>\n<!-- \/ Yoast SEO plugin. -->","yoast_head_json":{"title":"Indywidualnie dostosowane, inspirowane natur\u0105 wyposa\u017cenie plac\u00f3w zabaw do sprzeda\u017cy","robots":{"index":"index","follow":"follow","max-snippet":"max-snippet:-1","max-image-preview":"max-image-preview:large","max-video-preview":"max-video-preview:-1"},"canonical":"https:\/\/softplaysupply.com\/pl\/produkt\/nature-inspired-themed-indoor-playground\/","og_locale":"pl_PL","og_type":"article","og_title":"Customized Nature Inspired Themed Indoor Playground Equipment for Sale","og_description":"Our nature-inspired playground equipment is designed to ignite imagination and creativity. Every element is fully customizable, ensuring that the playground perfectly matches your space and vision. From towering trees and playful animals to vibrant flowers and natural landscapes, our designs seamlessly bring the beauty of the outdoors inside, offering children a safe and exciting environment to explore and enjoy.","og_url":"https:\/\/softplaysupply.com\/pl\/produkt\/nature-inspired-themed-indoor-playground\/","og_site_name":"Nanpak","article_modified_time":"2026-02-08T08:42:41+00:00","og_image":[{"width":750,"height":705,"url":"https:\/\/softplaysupply.com\/wp-content\/uploads\/2025\/12\/nature-themed-playground-8.jpg","type":"image\/jpeg"}],"twitter_card":"summary_large_image","twitter_misc":{"Szacowany czas czytania":"4 minuty"},"schema":{"@context":"https:\/\/schema.org","@graph":[{"@type":"WebPage","@id":"https:\/\/softplaysupply.com\/product\/nature-inspired-themed-indoor-playground\/","url":"https:\/\/softplaysupply.com\/product\/nature-inspired-themed-indoor-playground\/","name":"Indywidualnie dostosowane, inspirowane natur\u0105 wyposa\u017cenie plac\u00f3w zabaw do sprzeda\u017cy","isPartOf":{"@id":"https:\/\/softplaysupply.com\/#website"},"primaryImageOfPage":{"@id":"https:\/\/softplaysupply.com\/product\/nature-inspired-themed-indoor-playground\/#primaryimage"},"image":{"@id":"https:\/\/softplaysupply.com\/product\/nature-inspired-themed-indoor-playground\/#primaryimage"},"thumbnailUrl":"https:\/\/softplaysupply.com\/wp-content\/uploads\/2025\/12\/nature-themed-playground-8.jpg","datePublished":"2026-02-08T08:18:41+00:00","dateModified":"2026-02-08T08:42:41+00:00","breadcrumb":{"@id":"https:\/\/softplaysupply.com\/product\/nature-inspired-themed-indoor-playground\/#breadcrumb"},"inLanguage":"pl-PL","potentialAction":[{"@type":"ReadAction","target":["https:\/\/softplaysupply.com\/product\/nature-inspired-themed-indoor-playground\/"]}]},{"@type":"ImageObject","inLanguage":"pl-PL","@id":"https:\/\/softplaysupply.com\/product\/nature-inspired-themed-indoor-playground\/#primaryimage","url":"https:\/\/softplaysupply.com\/wp-content\/uploads\/2025\/12\/nature-themed-playground-8.jpg","contentUrl":"https:\/\/softplaysupply.com\/wp-content\/uploads\/2025\/12\/nature-themed-playground-8.jpg","width":750,"height":705},{"@type":"BreadcrumbList","@id":"https:\/\/softplaysupply.com\/product\/nature-inspired-themed-indoor-playground\/#breadcrumb","itemListElement":[{"@type":"ListItem","position":1,"name":"Home","item":"https:\/\/softplaysupply.com\/"},{"@type":"ListItem","position":2,"name":"Indoor Playground Equipment","item":"https:\/\/softplaysupply.com\/pcategory\/indoor-playground-equipment\/"},{"@type":"ListItem","position":3,"name":"Themed Playground","item":"https:\/\/softplaysupply.com\/pcategory\/indoor-playground-equipment\/themed-playground\/"},{"@type":"ListItem","position":4,"name":"Customized Nature Inspired Themed Indoor Playground Equipment for Sale"}]},{"@type":"WebSite","@id":"https:\/\/softplaysupply.com\/#website","url":"https:\/\/softplaysupply.com\/","name":"Dostawca mi\u0119kkich zabawek","description":"Dostawca mi\u0119kkich zabawek","publisher":{"@id":"https:\/\/softplaysupply.com\/#organization"},"potentialAction":[{"@type":"SearchAction","target":{"@type":"EntryPoint","urlTemplate":"https:\/\/softplaysupply.com\/?s={search_term_string}"},"query-input":{"@type":"PropertyValueSpecification","valueRequired":true,"valueName":"search_term_string"}}],"inLanguage":"pl-PL"},{"@type":"Organization","@id":"https:\/\/softplaysupply.com\/#organization","name":"Nanpak","url":"https:\/\/softplaysupply.com\/","logo":{"@type":"ImageObject","inLanguage":"pl-PL","@id":"https:\/\/softplaysupply.com\/#\/schema\/logo\/image\/","url":"https:\/\/softplaysupply.com\/wp-content\/uploads\/2025\/12\/cropped-mobile-logo.png","contentUrl":"https:\/\/softplaysupply.com\/wp-content\/uploads\/2025\/12\/cropped-mobile-logo.png","width":263,"height":84,"caption":"Nanpak"},"image":{"@id":"https:\/\/softplaysupply.com\/#\/schema\/logo\/image\/"}}]}},"taxonomy_info":{"pcategory":[{"value":5,"label":"Indoor Playground Equipment"},{"value":34,"label":"Themed Playground"}]},"featured_image_src_large":["https:\/\/softplaysupply.com\/wp-content\/uploads\/2025\/12\/nature-themed-playground-8.jpg",750,705,false],"author_info":[],"comment_info":"","_links":{"self":[{"href":"https:\/\/softplaysupply.com\/pl\/wp-json\/wp\/v2\/product\/3585","targetHints":{"allow":["GET"]}}],"collection":[{"href":"https:\/\/softplaysupply.com\/pl\/wp-json\/wp\/v2\/product"}],"about":[{"href":"https:\/\/softplaysupply.com\/pl\/wp-json\/wp\/v2\/types\/product"}],"wp:featuredmedia":[{"embeddable":true,"href":"https:\/\/softplaysupply.com\/pl\/wp-json\/wp\/v2\/media\/3593"}],"wp:attachment":[{"href":"https:\/\/softplaysupply.com\/pl\/wp-json\/wp\/v2\/media?parent=3585"}],"wp:term":[{"taxonomy":"pcategory","embeddable":true,"href":"https:\/\/softplaysupply.com\/pl\/wp-json\/wp\/v2\/pcategory?post=3585"},{"taxonomy":"ptag","embeddable":true,"href":"https:\/\/softplaysupply.com\/pl\/wp-json\/wp\/v2\/ptag?post=3585"}],"curies":[{"name":"wp","href":"https:\/\/api.w.org\/{rel}","templated":true}]}}