{"id":3576,"date":"2026-02-05T04:13:49","date_gmt":"2026-02-05T04:13:49","guid":{"rendered":"https:\/\/softplaysupply.com\/?post_type=product&#038;p=3576"},"modified":"2025-12-26T06:01:58","modified_gmt":"2025-12-26T06:01:58","slug":"pirate-ship-themed-playground","status":"publish","type":"product","link":"https:\/\/softplaysupply.com\/pl\/produkt\/pirate-ship-themed-playground\/","title":{"rendered":"Dzieci\u0119cy plac zabaw o tematyce pirackiej w pomieszczeniu \u2013 konstrukcja do zabawy w kszta\u0142cie \u0142odzi"},"content":{"rendered":"<div class=\"product-description\">\n<p>Dzieci\u0119cy statek piracki do zabawy w pomieszczeniach <a href=\"https:\/\/softplaysupply.com\/pl\/pcategoria\/indoor-playground-equipment\/themed-playground\/\" data-internallinksmanager029f6b8e52c=\"7\" title=\"plac zabaw tematyczny\" target=\"_blank\" rel=\"noopener\">Plac zabaw tematyczny<\/a> Sprz\u0119t do zabawy na \u0142odzi, specjalnie zaprojektowany, aby stworzy\u0107 dzieciom wci\u0105gaj\u0105ce wra\u017cenia z placu zabaw o tematyce pirackiej. Zainspirowana klasycznymi opowie\u015bciami o piratach i eksploracj\u0105 ocean\u00f3w, ta konstrukcja do zabawy w pomieszczeniach zamienia ka\u017cd\u0105 przestrze\u0144 w ekscytuj\u0105c\u0105 stref\u0119 przyg\u00f3d, w kt\u00f3rej dzieci mog\u0105 si\u0119 wspina\u0107, czo\u0142ga\u0107, zje\u017cd\u017ca\u0107 i odgrywa\u0107 role dzielnych marynarzy.<\/p>\n<p>Zaprojektowany jako kompletna konstrukcja do zabawy w pirackim statku, sprz\u0119t ten zach\u0119ca do aktywno\u015bci fizycznej, interakcji spo\u0142ecznych i kreatywnej zabawy. Dzieci mog\u0105 odkrywa\u0107 pok\u0142ad, wspina\u0107 si\u0119 i wchodzi\u0107 w interakcje z elementami tematycznymi, co sprawia, \u017ce jest to wyj\u0105tkowy plac zabaw w kszta\u0142cie pirackiego statku, kt\u00f3ry zapewnia dzieciom rozrywk\u0119 na d\u0142u\u017cszy czas.<\/p>\n<p><img loading=\"lazy\" decoding=\"async\" class=\"alignnone size-full wp-image-3581\" src=\"https:\/\/softplaysupply.com\/wp-content\/uploads\/2025\/12\/Pirate-Ship-Themed-Playground-5.jpg\" alt=\"\" width=\"750\" height=\"750\" srcset=\"https:\/\/softplaysupply.com\/wp-content\/uploads\/2025\/12\/Pirate-Ship-Themed-Playground-5.jpg 750w, https:\/\/softplaysupply.com\/wp-content\/uploads\/2025\/12\/Pirate-Ship-Themed-Playground-5-300x300.jpg 300w, https:\/\/softplaysupply.com\/wp-content\/uploads\/2025\/12\/Pirate-Ship-Themed-Playground-5-150x150.jpg 150w, https:\/\/softplaysupply.com\/wp-content\/uploads\/2025\/12\/Pirate-Ship-Themed-Playground-5-12x12.jpg 12w\" sizes=\"auto, (max-width: 750px) 100vw, 750px\" \/> <img loading=\"lazy\" decoding=\"async\" class=\"alignnone size-full wp-image-3577\" src=\"https:\/\/softplaysupply.com\/wp-content\/uploads\/2025\/12\/Pirate-Ship-Themed-Playground-1.jpg\" alt=\"\" width=\"1000\" height=\"1000\" srcset=\"https:\/\/softplaysupply.com\/wp-content\/uploads\/2025\/12\/Pirate-Ship-Themed-Playground-1.jpg 1000w, https:\/\/softplaysupply.com\/wp-content\/uploads\/2025\/12\/Pirate-Ship-Themed-Playground-1-300x300.jpg 300w, https:\/\/softplaysupply.com\/wp-content\/uploads\/2025\/12\/Pirate-Ship-Themed-Playground-1-150x150.jpg 150w, https:\/\/softplaysupply.com\/wp-content\/uploads\/2025\/12\/Pirate-Ship-Themed-Playground-1-768x768.jpg 768w, https:\/\/softplaysupply.com\/wp-content\/uploads\/2025\/12\/Pirate-Ship-Themed-Playground-1-12x12.jpg 12w\" sizes=\"auto, (max-width: 1000px) 100vw, 1000px\" \/> <img loading=\"lazy\" decoding=\"async\" class=\"alignnone size-full wp-image-3578\" src=\"https:\/\/softplaysupply.com\/wp-content\/uploads\/2025\/12\/Pirate-Ship-Themed-Playground-2.jpg\" alt=\"\" width=\"1000\" height=\"1000\" srcset=\"https:\/\/softplaysupply.com\/wp-content\/uploads\/2025\/12\/Pirate-Ship-Themed-Playground-2.jpg 1000w, https:\/\/softplaysupply.com\/wp-content\/uploads\/2025\/12\/Pirate-Ship-Themed-Playground-2-300x300.jpg 300w, https:\/\/softplaysupply.com\/wp-content\/uploads\/2025\/12\/Pirate-Ship-Themed-Playground-2-150x150.jpg 150w, https:\/\/softplaysupply.com\/wp-content\/uploads\/2025\/12\/Pirate-Ship-Themed-Playground-2-768x768.jpg 768w, https:\/\/softplaysupply.com\/wp-content\/uploads\/2025\/12\/Pirate-Ship-Themed-Playground-2-12x12.jpg 12w\" sizes=\"auto, (max-width: 1000px) 100vw, 1000px\" \/><\/p>\n<p><strong>Zalety<\/strong><br \/>\na. Tworzywo sztuczne przeznaczone do kontaktu z \u017cywno\u015bci\u0105, dost\u0119pne w szerokiej gamie kolor\u00f3w, kt\u00f3re pozostaj\u0105 jasne i wygl\u0105daj\u0105 jak nowe przez lata.<br \/>\nb. Certyfikowane zgodnie z norm\u0105 UE EN1176 i wymogami bezpiecze\u0144stwa GS.<br \/>\nc. Wyprodukowane przez do\u015bwiadczon\u0105 fabryk\u0119 z ponad 30-letnim do\u015bwiadczeniem w dostawach na ca\u0142ym \u015bwiecie i wiod\u0105c\u0105 rol\u0105 w chi\u0144skiej bran\u017cy narz\u0119dzi dydaktycznych i zabawek edukacyjnych.<\/p>\n<p><strong>Specyfikacje produktu<\/strong><br \/>\nWiek u\u017cytkownika: 3\u201312 lat<br \/>\nPojemno\u015b\u0107: 25\u201360 dzieci (w zale\u017cno\u015bci od wielko\u015bci dostosowanej lokalizacji)<br \/>\nCzas monta\u017cu: oko\u0142o 3 dni przy udziale 5 os\u00f3b<br \/>\nObszary zastosowania: parki rozrywki, obszary mieszkalne, przedszkola, plac\u00f3wki przedszkolne, centra handlowe, restauracje i przestrzenie przydomowe.<\/p>\n<p>Ten produkt jest idealny do tworzenia atrakcyjnych plac\u00f3w zabaw o tematyce pirackiej, niezale\u017cnie od tego, czy planujesz kompaktowy plac zabaw w kszta\u0142cie pirackiego statku, plac zabaw o tematyce pirackiej, czy te\u017c poszukujesz niezawodnego wyposa\u017cenia placu zabaw o tematyce pirackiej. Jest on r\u00f3wnie\u017c odpowiedni dla klient\u00f3w poszukuj\u0105cych placu zabaw o tematyce pirackiej, kt\u00f3ry \u0142\u0105czy w sobie siln\u0105 narracj\u0119 wizualn\u0105 z bezpieczn\u0105 i d\u0142ugotrwa\u0142\u0105 wydajno\u015bci\u0105. Jako wszechstronne rozwi\u0105zanie w zakresie wyposa\u017cenia plac\u00f3w zabaw o tematyce pirackiej, wzbogaca ono ka\u017cdy plac zabaw o tematyce pirackiej i zapewnia niezapomniane wra\u017cenia z zabawy. Ten piracki plac zabaw do u\u017cytku w pomieszczeniach zosta\u0142 zaprojektowany z my\u015bl\u0105 o bezpiecze\u0144stwie, trwa\u0142o\u015bci i atrakcyjno\u015bci wizualnej. Elementy plastikowe s\u0105 wykonane z LLDPE (liniowego polietylenu o niskiej g\u0119sto\u015bci) dopuszczonego do kontaktu z \u017cywno\u015bci\u0105, natomiast konstrukcja metalowa wykorzystuje rury ze stali ocynkowanej o wysokiej wytrzyma\u0142o\u015bci i standardowej grubo\u015bci 2,0 mm. Pok\u0142ady i schody s\u0105 wykonane z blach stalowych pokrytych pow\u0142ok\u0105 proszkow\u0105 z tworzywa sztucznego lub pow\u0142ok\u0105 PVC, aby zwi\u0119kszy\u0107 trwa\u0142o\u015b\u0107 i odporno\u015b\u0107 na po\u015blizg. Wszystkie elementy mocuj\u0105ce s\u0105 wykonane ze stali nierdzewnej SS304, co zapewnia stabiln\u0105 i bezpieczn\u0105 konstrukcj\u0119. Na \u017cyczenie dost\u0119pne s\u0105 materia\u0142y dostosowane do indywidualnych potrzeb.<\/p>\n<p><strong>Pakowanie i gwarancja<\/strong><br \/>\nCz\u0119\u015bci plastikowe s\u0105 pakowane w worki b\u0105belkowe i foli\u0119 PP. Elementy stalowe s\u0105 zabezpieczane tkanin\u0105 bawe\u0142nian\u0105 i foli\u0105 PP. Oferujemy 5-letni\u0105 gwarancj\u0119 na cz\u0119\u015bci plastikowe, s\u0142upki stalowe, metalowe pomosty i schody oraz 3-letni\u0105 gwarancj\u0119 na elementy stalowe.<\/p>\n<\/div>","protected":false},"excerpt":{"rendered":"<p>Kojec dla dzieci z motywem pirackiego statku Kojec dla dzieci z motywem pirackiego statku, specjalnie zaprojektowany, aby zapewni\u0107 dzieciom wci\u0105gaj\u0105ce wra\u017cenia z zabawy w pirackim motywie. Zainspirowany klasycznymi opowie\u015bciami o piratach i eksploracj\u0105 ocean\u00f3w, ten kojec do zabawy w pomieszczeniach zamienia ka\u017cd\u0105 przestrze\u0144 w ekscytuj\u0105c\u0105 stref\u0119 przyg\u00f3d, w kt\u00f3rej dzieci mog\u0105 si\u0119 wspina\u0107, czo\u0142ga\u0107, zje\u017cd\u017ca\u0107 i bawi\u0107 si\u0119 w odwa\u017cnych \u017ceglarzy. Zaprojektowany jako\u2026<\/p>","protected":false},"featured_media":3584,"parent":0,"template":"","meta":{"_acf_changed":false,"_kad_blocks_custom_css":"","_kad_blocks_head_custom_js":"","_kad_blocks_body_custom_js":"","_kad_blocks_footer_custom_js":"","_kadence_starter_templates_imported_post":false,"_kad_post_transparent":"default","_kad_post_title":"","_kad_post_layout":"default","_kad_post_sidebar_id":"","_kad_post_content_style":"default","_kad_post_vertical_padding":"default","_kad_post_feature":"","_kad_post_feature_position":"","_kad_post_header":false,"_kad_post_footer":false},"pcategory":[5,34],"ptag":[],"class_list":["post-3576","product","type-product","status-publish","has-post-thumbnail","hentry","pcategory-indoor-playground-equipment","pcategory-themed-playground"],"acf":[],"yoast_head":"<!-- This site is optimized with the Yoast SEO plugin v26.8 - https:\/\/yoast.com\/product\/yoast-seo-wordpress\/ -->\n<title>Kids Indoor Pirate Ship Themed Playground Boat Play Structure Equipment<\/title>\n<meta name=\"robots\" content=\"index, follow, max-snippet:-1, max-image-preview:large, max-video-preview:-1\" \/>\n<link rel=\"canonical\" href=\"https:\/\/softplaysupply.com\/pl\/produkt\/pirate-ship-themed-playground\/\" \/>\n<meta property=\"og:locale\" content=\"pl_PL\" \/>\n<meta property=\"og:type\" content=\"article\" \/>\n<meta property=\"og:title\" content=\"Kids Indoor Pirate Ship Themed Playground Boat Play Structure Equipment\" \/>\n<meta property=\"og:description\" content=\"Kids Indoor Pirate Ship Themed Playground Boat Play Structure Equipment, specially designed to create an immersive pirate themed playground experience for children. Inspired by classic pirate stories and ocean exploration, this indoor play structure transforms any space into an exciting adventure zone where kids can climb, crawl, slide, and role-play as brave sailors. Designed as...\" \/>\n<meta property=\"og:url\" content=\"https:\/\/softplaysupply.com\/pl\/produkt\/pirate-ship-themed-playground\/\" \/>\n<meta property=\"og:site_name\" content=\"Nanpak\" \/>\n<meta property=\"og:image\" content=\"https:\/\/softplaysupply.com\/wp-content\/uploads\/2026\/02\/pirate-ship-indoor-playground.jpg\" \/>\n\t<meta property=\"og:image:width\" content=\"800\" \/>\n\t<meta property=\"og:image:height\" content=\"800\" \/>\n\t<meta property=\"og:image:type\" content=\"image\/jpeg\" \/>\n<meta name=\"twitter:card\" content=\"summary_large_image\" \/>\n<meta name=\"twitter:label1\" content=\"Szacowany czas czytania\" \/>\n\t<meta name=\"twitter:data1\" content=\"3 minuty\" \/>\n<script type=\"application\/ld+json\" class=\"yoast-schema-graph\">{\"@context\":\"https:\/\/schema.org\",\"@graph\":[{\"@type\":\"WebPage\",\"@id\":\"https:\/\/softplaysupply.com\/product\/pirate-ship-themed-playground\/\",\"url\":\"https:\/\/softplaysupply.com\/product\/pirate-ship-themed-playground\/\",\"name\":\"Kids Indoor Pirate Ship Themed Playground Boat Play Structure Equipment\",\"isPartOf\":{\"@id\":\"https:\/\/softplaysupply.com\/#website\"},\"primaryImageOfPage\":{\"@id\":\"https:\/\/softplaysupply.com\/product\/pirate-ship-themed-playground\/#primaryimage\"},\"image\":{\"@id\":\"https:\/\/softplaysupply.com\/product\/pirate-ship-themed-playground\/#primaryimage\"},\"thumbnailUrl\":\"https:\/\/softplaysupply.com\/wp-content\/uploads\/2026\/02\/pirate-ship-indoor-playground.jpg\",\"datePublished\":\"2026-02-05T04:13:49+00:00\",\"breadcrumb\":{\"@id\":\"https:\/\/softplaysupply.com\/product\/pirate-ship-themed-playground\/#breadcrumb\"},\"inLanguage\":\"pl-PL\",\"potentialAction\":[{\"@type\":\"ReadAction\",\"target\":[\"https:\/\/softplaysupply.com\/product\/pirate-ship-themed-playground\/\"]}]},{\"@type\":\"ImageObject\",\"inLanguage\":\"pl-PL\",\"@id\":\"https:\/\/softplaysupply.com\/product\/pirate-ship-themed-playground\/#primaryimage\",\"url\":\"https:\/\/softplaysupply.com\/wp-content\/uploads\/2026\/02\/pirate-ship-indoor-playground.jpg\",\"contentUrl\":\"https:\/\/softplaysupply.com\/wp-content\/uploads\/2026\/02\/pirate-ship-indoor-playground.jpg\",\"width\":800,\"height\":800,\"caption\":\"pirate ship indoor playground\"},{\"@type\":\"BreadcrumbList\",\"@id\":\"https:\/\/softplaysupply.com\/product\/pirate-ship-themed-playground\/#breadcrumb\",\"itemListElement\":[{\"@type\":\"ListItem\",\"position\":1,\"name\":\"Home\",\"item\":\"https:\/\/softplaysupply.com\/\"},{\"@type\":\"ListItem\",\"position\":2,\"name\":\"Indoor Playground Equipment\",\"item\":\"https:\/\/softplaysupply.com\/pcategory\/indoor-playground-equipment\/\"},{\"@type\":\"ListItem\",\"position\":3,\"name\":\"Kids Indoor Pirate Ship Themed Playground Boat Play Structure Equipment\"}]},{\"@type\":\"WebSite\",\"@id\":\"https:\/\/softplaysupply.com\/#website\",\"url\":\"https:\/\/softplaysupply.com\/\",\"name\":\"Soft Play Supplier\",\"description\":\"Soft Play Supplier\",\"publisher\":{\"@id\":\"https:\/\/softplaysupply.com\/#organization\"},\"potentialAction\":[{\"@type\":\"SearchAction\",\"target\":{\"@type\":\"EntryPoint\",\"urlTemplate\":\"https:\/\/softplaysupply.com\/?s={search_term_string}\"},\"query-input\":{\"@type\":\"PropertyValueSpecification\",\"valueRequired\":true,\"valueName\":\"search_term_string\"}}],\"inLanguage\":\"pl-PL\"},{\"@type\":\"Organization\",\"@id\":\"https:\/\/softplaysupply.com\/#organization\",\"name\":\"Nanpak\",\"url\":\"https:\/\/softplaysupply.com\/\",\"logo\":{\"@type\":\"ImageObject\",\"inLanguage\":\"pl-PL\",\"@id\":\"https:\/\/softplaysupply.com\/#\/schema\/logo\/image\/\",\"url\":\"https:\/\/softplaysupply.com\/wp-content\/uploads\/2025\/12\/cropped-mobile-logo.png\",\"contentUrl\":\"https:\/\/softplaysupply.com\/wp-content\/uploads\/2025\/12\/cropped-mobile-logo.png\",\"width\":263,\"height\":84,\"caption\":\"Nanpak\"},\"image\":{\"@id\":\"https:\/\/softplaysupply.com\/#\/schema\/logo\/image\/\"}}]}<\/script>\n<!-- \/ Yoast SEO plugin. -->","yoast_head_json":{"title":"Dzieci\u0119cy plac zabaw o tematyce pirackiej w pomieszczeniu \u2013 konstrukcja do zabawy w kszta\u0142cie \u0142odzi","robots":{"index":"index","follow":"follow","max-snippet":"max-snippet:-1","max-image-preview":"max-image-preview:large","max-video-preview":"max-video-preview:-1"},"canonical":"https:\/\/softplaysupply.com\/pl\/produkt\/pirate-ship-themed-playground\/","og_locale":"pl_PL","og_type":"article","og_title":"Kids Indoor Pirate Ship Themed Playground Boat Play Structure Equipment","og_description":"Kids Indoor Pirate Ship Themed Playground Boat Play Structure Equipment, specially designed to create an immersive pirate themed playground experience for children. Inspired by classic pirate stories and ocean exploration, this indoor play structure transforms any space into an exciting adventure zone where kids can climb, crawl, slide, and role-play as brave sailors. Designed as...","og_url":"https:\/\/softplaysupply.com\/pl\/produkt\/pirate-ship-themed-playground\/","og_site_name":"Nanpak","og_image":[{"width":800,"height":800,"url":"https:\/\/softplaysupply.com\/wp-content\/uploads\/2026\/02\/pirate-ship-indoor-playground.jpg","type":"image\/jpeg"}],"twitter_card":"summary_large_image","twitter_misc":{"Szacowany czas czytania":"3 minuty"},"schema":{"@context":"https:\/\/schema.org","@graph":[{"@type":"WebPage","@id":"https:\/\/softplaysupply.com\/product\/pirate-ship-themed-playground\/","url":"https:\/\/softplaysupply.com\/product\/pirate-ship-themed-playground\/","name":"Dzieci\u0119cy plac zabaw o tematyce pirackiej w pomieszczeniu \u2013 konstrukcja do zabawy w kszta\u0142cie \u0142odzi","isPartOf":{"@id":"https:\/\/softplaysupply.com\/#website"},"primaryImageOfPage":{"@id":"https:\/\/softplaysupply.com\/product\/pirate-ship-themed-playground\/#primaryimage"},"image":{"@id":"https:\/\/softplaysupply.com\/product\/pirate-ship-themed-playground\/#primaryimage"},"thumbnailUrl":"https:\/\/softplaysupply.com\/wp-content\/uploads\/2026\/02\/pirate-ship-indoor-playground.jpg","datePublished":"2026-02-05T04:13:49+00:00","breadcrumb":{"@id":"https:\/\/softplaysupply.com\/product\/pirate-ship-themed-playground\/#breadcrumb"},"inLanguage":"pl-PL","potentialAction":[{"@type":"ReadAction","target":["https:\/\/softplaysupply.com\/product\/pirate-ship-themed-playground\/"]}]},{"@type":"ImageObject","inLanguage":"pl-PL","@id":"https:\/\/softplaysupply.com\/product\/pirate-ship-themed-playground\/#primaryimage","url":"https:\/\/softplaysupply.com\/wp-content\/uploads\/2026\/02\/pirate-ship-indoor-playground.jpg","contentUrl":"https:\/\/softplaysupply.com\/wp-content\/uploads\/2026\/02\/pirate-ship-indoor-playground.jpg","width":800,"height":800,"caption":"pirate ship indoor playground"},{"@type":"BreadcrumbList","@id":"https:\/\/softplaysupply.com\/product\/pirate-ship-themed-playground\/#breadcrumb","itemListElement":[{"@type":"ListItem","position":1,"name":"Home","item":"https:\/\/softplaysupply.com\/"},{"@type":"ListItem","position":2,"name":"Indoor Playground Equipment","item":"https:\/\/softplaysupply.com\/pcategory\/indoor-playground-equipment\/"},{"@type":"ListItem","position":3,"name":"Kids Indoor Pirate Ship Themed Playground Boat Play Structure Equipment"}]},{"@type":"WebSite","@id":"https:\/\/softplaysupply.com\/#website","url":"https:\/\/softplaysupply.com\/","name":"Dostawca mi\u0119kkich zabawek","description":"Dostawca mi\u0119kkich zabawek","publisher":{"@id":"https:\/\/softplaysupply.com\/#organization"},"potentialAction":[{"@type":"SearchAction","target":{"@type":"EntryPoint","urlTemplate":"https:\/\/softplaysupply.com\/?s={search_term_string}"},"query-input":{"@type":"PropertyValueSpecification","valueRequired":true,"valueName":"search_term_string"}}],"inLanguage":"pl-PL"},{"@type":"Organization","@id":"https:\/\/softplaysupply.com\/#organization","name":"Nanpak","url":"https:\/\/softplaysupply.com\/","logo":{"@type":"ImageObject","inLanguage":"pl-PL","@id":"https:\/\/softplaysupply.com\/#\/schema\/logo\/image\/","url":"https:\/\/softplaysupply.com\/wp-content\/uploads\/2025\/12\/cropped-mobile-logo.png","contentUrl":"https:\/\/softplaysupply.com\/wp-content\/uploads\/2025\/12\/cropped-mobile-logo.png","width":263,"height":84,"caption":"Nanpak"},"image":{"@id":"https:\/\/softplaysupply.com\/#\/schema\/logo\/image\/"}}]}},"taxonomy_info":{"pcategory":[{"value":5,"label":"Indoor Playground Equipment"},{"value":34,"label":"Themed Playground"}]},"featured_image_src_large":["https:\/\/softplaysupply.com\/wp-content\/uploads\/2026\/02\/pirate-ship-indoor-playground.jpg",800,800,false],"author_info":[],"comment_info":"","_links":{"self":[{"href":"https:\/\/softplaysupply.com\/pl\/wp-json\/wp\/v2\/product\/3576","targetHints":{"allow":["GET"]}}],"collection":[{"href":"https:\/\/softplaysupply.com\/pl\/wp-json\/wp\/v2\/product"}],"about":[{"href":"https:\/\/softplaysupply.com\/pl\/wp-json\/wp\/v2\/types\/product"}],"wp:featuredmedia":[{"embeddable":true,"href":"https:\/\/softplaysupply.com\/pl\/wp-json\/wp\/v2\/media\/3584"}],"wp:attachment":[{"href":"https:\/\/softplaysupply.com\/pl\/wp-json\/wp\/v2\/media?parent=3576"}],"wp:term":[{"taxonomy":"pcategory","embeddable":true,"href":"https:\/\/softplaysupply.com\/pl\/wp-json\/wp\/v2\/pcategory?post=3576"},{"taxonomy":"ptag","embeddable":true,"href":"https:\/\/softplaysupply.com\/pl\/wp-json\/wp\/v2\/ptag?post=3576"}],"curies":[{"name":"wp","href":"https:\/\/api.w.org\/{rel}","templated":true}]}}