{"id":3551,"date":"2026-01-31T06:12:11","date_gmt":"2026-01-31T06:12:11","guid":{"rendered":"https:\/\/softplaysupply.com\/?post_type=product&#038;p=3551"},"modified":"2025-12-25T07:27:26","modified_gmt":"2025-12-25T07:27:26","slug":"custom-dinosaur-themed-indoor-playground","status":"publish","type":"product","link":"https:\/\/softplaysupply.com\/pl\/produkt\/custom-dinosaur-themed-indoor-playground\/","title":{"rendered":"Niestandardowy sprz\u0119t do sal gimnastycznych z motywem dinozaur\u00f3w do komercyjnych stref zabaw"},"content":{"rendered":"<p style=\"font-size: 19px; color: #34495e; margin: 0 0 50px; font-weight: 500; text-align: left;\">O\u017cyw prehistoryczn\u0105 przygod\u0119 dzi\u0119ki naszym dinozaurom <a href=\"https:\/\/softplaysupply.com\/pl\/pcategoria\/indoor-playground-equipment\/themed-playground\/\" data-internallinksmanager029f6b8e52c=\"7\" title=\"plac zabaw tematyczny\" target=\"_blank\" rel=\"noopener\">plac zabaw tematyczny<\/a> Energiczna i wci\u0105gaj\u0105ca zabawa w pomieszczeniu, zaprojektowana tak, aby dostarcza\u0107 emocji i anga\u017cowa\u0107 dzieci w ka\u017cdym wieku. Ten plac zabaw przekszta\u0142ca ka\u017cd\u0105 komercyjn\u0105 stref\u0119 zabaw w prehistoryczny \u015bwiat, w kt\u00f3rym dzieci mog\u0105 si\u0119 wspina\u0107, zje\u017cd\u017ca\u0107, czo\u0142ga\u0107 i odkrywa\u0107 realistyczne konstrukcje o tematyce dinozaur\u00f3w. Wyposa\u017cony w wielopoziomowe zje\u017cd\u017calnie, baseny z pi\u0142eczkami, tunele do wspinaczki, mosty linowe i elementy interaktywne, zach\u0119ca do aktywno\u015bci fizycznej, kreatywnej zabawy i interakcji spo\u0142ecznych. Idealny do centr\u00f3w handlowych, rodzinnych centr\u00f3w rozrywki i krytych park\u00f3w rozrywki, ten plac zabaw mo\u017cna w pe\u0142ni dostosowa\u0107 do wymaga\u0144 dotycz\u0105cych przestrzeni i motywu przewodniego. Ka\u017cdy szczeg\u00f3\u0142 zosta\u0142 zaprojektowany z my\u015bl\u0105 o bezpiecze\u0144stwie, trwa\u0142o\u015bci i zabawie, co czyni go najlepszym placem zabaw o tematyce dinozaur\u00f3w dla dzieci w wieku 3\u201315 lat.<\/p>\n<p><img loading=\"lazy\" decoding=\"async\" class=\"alignnone size-full wp-image-3553\" src=\"https:\/\/softplaysupply.com\/wp-content\/uploads\/2026\/01\/dinosaur-themed-playground-2-1.jpg\" alt=\"\" width=\"800\" height=\"502\" srcset=\"https:\/\/softplaysupply.com\/wp-content\/uploads\/2026\/01\/dinosaur-themed-playground-2-1.jpg 800w, https:\/\/softplaysupply.com\/wp-content\/uploads\/2026\/01\/dinosaur-themed-playground-2-1-300x188.jpg 300w, https:\/\/softplaysupply.com\/wp-content\/uploads\/2026\/01\/dinosaur-themed-playground-2-1-768x482.jpg 768w, https:\/\/softplaysupply.com\/wp-content\/uploads\/2026\/01\/dinosaur-themed-playground-2-1-18x12.jpg 18w\" sizes=\"auto, (max-width: 800px) 100vw, 800px\" \/> <img loading=\"lazy\" decoding=\"async\" class=\"alignnone size-full wp-image-3554\" src=\"https:\/\/softplaysupply.com\/wp-content\/uploads\/2026\/01\/dinosaur-themed-playground-3.jpg\" alt=\"\" width=\"749\" height=\"749\" srcset=\"https:\/\/softplaysupply.com\/wp-content\/uploads\/2026\/01\/dinosaur-themed-playground-3.jpg 749w, https:\/\/softplaysupply.com\/wp-content\/uploads\/2026\/01\/dinosaur-themed-playground-3-300x300.jpg 300w, https:\/\/softplaysupply.com\/wp-content\/uploads\/2026\/01\/dinosaur-themed-playground-3-150x150.jpg 150w, https:\/\/softplaysupply.com\/wp-content\/uploads\/2026\/01\/dinosaur-themed-playground-3-12x12.jpg 12w\" sizes=\"auto, (max-width: 749px) 100vw, 749px\" \/> <img loading=\"lazy\" decoding=\"async\" class=\"alignnone size-full wp-image-3558\" src=\"https:\/\/softplaysupply.com\/wp-content\/uploads\/2026\/01\/dinosaur-themed-playground-7.jpg\" alt=\"\" width=\"800\" height=\"707\" srcset=\"https:\/\/softplaysupply.com\/wp-content\/uploads\/2026\/01\/dinosaur-themed-playground-7.jpg 800w, https:\/\/softplaysupply.com\/wp-content\/uploads\/2026\/01\/dinosaur-themed-playground-7-300x265.jpg 300w, https:\/\/softplaysupply.com\/wp-content\/uploads\/2026\/01\/dinosaur-themed-playground-7-768x679.jpg 768w, https:\/\/softplaysupply.com\/wp-content\/uploads\/2026\/01\/dinosaur-themed-playground-7-14x12.jpg 14w\" sizes=\"auto, (max-width: 800px) 100vw, 800px\" \/> <img loading=\"lazy\" decoding=\"async\" class=\"alignnone size-full wp-image-3559\" src=\"https:\/\/softplaysupply.com\/wp-content\/uploads\/2026\/01\/dinosaur-themed-playground-8.jpg\" alt=\"\" width=\"640\" height=\"640\" srcset=\"https:\/\/softplaysupply.com\/wp-content\/uploads\/2026\/01\/dinosaur-themed-playground-8.jpg 640w, https:\/\/softplaysupply.com\/wp-content\/uploads\/2026\/01\/dinosaur-themed-playground-8-300x300.jpg 300w, https:\/\/softplaysupply.com\/wp-content\/uploads\/2026\/01\/dinosaur-themed-playground-8-150x150.jpg 150w, https:\/\/softplaysupply.com\/wp-content\/uploads\/2026\/01\/dinosaur-themed-playground-8-12x12.jpg 12w\" sizes=\"auto, (max-width: 640px) 100vw, 640px\" \/> <img loading=\"lazy\" decoding=\"async\" class=\"alignnone size-full wp-image-3562\" src=\"https:\/\/softplaysupply.com\/wp-content\/uploads\/2026\/01\/dinosaur-themed-playground-11.jpg\" alt=\"plac zabaw o tematyce dinozaur\u00f3w\" width=\"749\" height=\"749\" srcset=\"https:\/\/softplaysupply.com\/wp-content\/uploads\/2026\/01\/dinosaur-themed-playground-11.jpg 749w, https:\/\/softplaysupply.com\/wp-content\/uploads\/2026\/01\/dinosaur-themed-playground-11-300x300.jpg 300w, https:\/\/softplaysupply.com\/wp-content\/uploads\/2026\/01\/dinosaur-themed-playground-11-150x150.jpg 150w, https:\/\/softplaysupply.com\/wp-content\/uploads\/2026\/01\/dinosaur-themed-playground-11-12x12.jpg 12w\" sizes=\"auto, (max-width: 749px) 100vw, 749px\" \/> <img loading=\"lazy\" decoding=\"async\" class=\"alignnone size-full wp-image-3563\" src=\"https:\/\/softplaysupply.com\/wp-content\/uploads\/2026\/01\/dinosaur-themed-playground-12.jpg\" alt=\"\" width=\"800\" height=\"700\" srcset=\"https:\/\/softplaysupply.com\/wp-content\/uploads\/2026\/01\/dinosaur-themed-playground-12.jpg 800w, https:\/\/softplaysupply.com\/wp-content\/uploads\/2026\/01\/dinosaur-themed-playground-12-300x263.jpg 300w, https:\/\/softplaysupply.com\/wp-content\/uploads\/2026\/01\/dinosaur-themed-playground-12-768x672.jpg 768w, https:\/\/softplaysupply.com\/wp-content\/uploads\/2026\/01\/dinosaur-themed-playground-12-14x12.jpg 14w\" sizes=\"auto, (max-width: 800px) 100vw, 800px\" \/> <img loading=\"lazy\" decoding=\"async\" class=\"alignnone size-full wp-image-3560\" src=\"https:\/\/softplaysupply.com\/wp-content\/uploads\/2026\/01\/dinosaur-themed-playground-9.jpg\" alt=\"\" width=\"790\" height=\"1063\" srcset=\"https:\/\/softplaysupply.com\/wp-content\/uploads\/2026\/01\/dinosaur-themed-playground-9.jpg 790w, https:\/\/softplaysupply.com\/wp-content\/uploads\/2026\/01\/dinosaur-themed-playground-9-223x300.jpg 223w, https:\/\/softplaysupply.com\/wp-content\/uploads\/2026\/01\/dinosaur-themed-playground-9-761x1024.jpg 761w, https:\/\/softplaysupply.com\/wp-content\/uploads\/2026\/01\/dinosaur-themed-playground-9-768x1033.jpg 768w, https:\/\/softplaysupply.com\/wp-content\/uploads\/2026\/01\/dinosaur-themed-playground-9-9x12.jpg 9w\" sizes=\"auto, (max-width: 790px) 100vw, 790px\" \/> <img loading=\"lazy\" decoding=\"async\" class=\"alignnone size-full wp-image-3561\" src=\"https:\/\/softplaysupply.com\/wp-content\/uploads\/2026\/01\/dinosaur-themed-playground-10.jpg\" alt=\"\" width=\"638\" height=\"768\" srcset=\"https:\/\/softplaysupply.com\/wp-content\/uploads\/2026\/01\/dinosaur-themed-playground-10.jpg 638w, https:\/\/softplaysupply.com\/wp-content\/uploads\/2026\/01\/dinosaur-themed-playground-10-249x300.jpg 249w, https:\/\/softplaysupply.com\/wp-content\/uploads\/2026\/01\/dinosaur-themed-playground-10-10x12.jpg 10w\" sizes=\"auto, (max-width: 638px) 100vw, 638px\" \/><\/p>\n<p style=\"font-size: 28px; font-weight: bold; color: #2e7d32; margin: 70px 0 25px; text-align: left;\">Parametry produktu<\/p>\n<div style=\"margin: 0 0 60px;\">\n<p style=\"font-size: 19px; font-weight: bold; color: #1a5c38; margin: 0 0 12px; text-align: left;\">Produkt<\/p>\n<p style=\"font-size: 17px; color: #424242; margin: 0 0 25px; padding-left: 20px; text-align: left;\">Kryty plac zabaw dla dzieci<\/p>\n<p style=\"font-size: 19px; font-weight: bold; color: #1a5c38; margin: 0 0 12px; text-align: left;\">Rozmiar\/Kolor<\/p>\n<p style=\"font-size: 17px; color: #424242; margin: 0 0 25px; padding-left: 20px; text-align: left;\">Dostosowane do indywidualnych potrzeb<\/p>\n<p style=\"font-size: 19px; font-weight: bold; color: #1a5c38; margin: 0 0 12px; text-align: left;\">Certyfikaty<\/p>\n<p style=\"font-size: 17px; color: #424242; margin: 0 0 25px; padding-left: 20px; text-align: left;\">CE, ISO9001, ISO8124, EN1176, STU itp.<\/p>\n<p style=\"font-size: 19px; font-weight: bold; color: #1a5c38; margin: 0 0 12px; text-align: left;\">Zakres wiekowy<\/p>\n<p style=\"font-size: 17px; color: #424242; margin: 0 0 25px; padding-left: 20px; text-align: left;\">3\u201315 lat<\/p>\n<p style=\"font-size: 19px; font-weight: bold; color: #1a5c38; margin: 0 0 12px; text-align: left;\">G\u0142\u00f3wny materia\u0142<\/p>\n<p style=\"font-size: 17px; color: #424242; margin: 0 0 25px; padding-left: 20px; text-align: left;\">Rura stalowa ocynkowana + sklejka lub tworzywo sztuczne o wysokiej g\u0119sto\u015bci + wype\u0142nienie z pianki EPE o wysokiej g\u0119sto\u015bci + wysokiej jako\u015bci pow\u0142oka PU + elementy metalowe ze stali nierdzewnej<\/p>\n<p style=\"font-size: 19px; font-weight: bold; color: #1a5c38; margin: 0 0 12px; text-align: left;\">Dost\u0119pne motywy<\/p>\n<p style=\"font-size: 17px; color: #424242; margin: 0 0 25px; padding-left: 20px; text-align: left;\">Kosmos, S\u0142odycze, Ocean, Makaroniki, Las, Romantyczny \u015bnieg, Brytyjski, Seria trampolin, Dinozaury itp.<\/p>\n<p style=\"font-size: 19px; font-weight: bold; color: #1a5c38; margin: 0 0 12px; text-align: left;\">Instalacja<\/p>\n<p style=\"font-size: 17px; color: #424242; margin: 0 0 25px; padding-left: 20px; text-align: left;\">Profesjonalne szkolenia CAD, procedury monta\u017cu i przyk\u0142ady projekt\u00f3w<\/p>\n<p style=\"font-size: 19px; font-weight: bold; color: #1a5c38; margin: 0 0 12px; text-align: left;\">Pakowanie<\/p>\n<p style=\"font-size: 17px; color: #424242; margin: 0 0 25px; padding-left: 20px; text-align: left;\">Standardowe opakowanie eksportowe<\/p>\n<p style=\"font-size: 19px; font-weight: bold; color: #1a5c38; margin: 0 0 12px; text-align: left;\">Zalety<\/p>\n<p style=\"font-size: 17px; color: #424242; margin: 0 0 25px; padding-left: 20px; text-align: left;\">Odporny na p\u0119kanie, blakni\u0119cie, nietoksyczny, odporny na promieniowanie UV<\/p>\n<p style=\"font-size: 19px; font-weight: bold; color: #1a5c38; margin: 0 0 12px; text-align: left;\">Strefy lub atrakcje<\/p>\n<p style=\"font-size: 17px; color: #424242; margin: 0 0 25px; padding-left: 20px; text-align: left;\">Basen z piaskiem, basen z pi\u0142eczkami, klocki z pianki EPP, most z \u0142a\u0144cuch\u00f3w \u017celaznych, rower elektryczny, obrotowe wiadro, pi\u0142ka do jogi, karuzela, hu\u015btawka z pi\u0142k\u0105, mi\u0119kka obrotowa palma kokosowa, most linowy, hu\u015btawka bokserska, wyrzutnia pi\u0142ek, tunel kosmiczny, tunel do czo\u0142gania si\u0119, nadmuchiwany ring bokserski, dmuchany plac zabaw.<\/p>\n<p style=\"font-size: 19px; font-weight: bold; color: #1a5c38; margin: 0 0 12px; text-align: left;\">Czas wysy\u0142ki<\/p>\n<p style=\"font-size: 17px; color: #424242; margin: 0 0 25px; padding-left: 20px; text-align: left;\">30 dni<\/p>\n<\/div>\n<p style=\"font-size: 28px; font-weight: bold; color: #2e7d32; margin: 70px 0 25px; text-align: left;\">Dlaczego warto wybra\u0107 nas<\/p>\n<div style=\"margin: 0 0 60px;\">\n<p style=\"font-size: 20px; font-weight: bold; color: #1a5c38; margin: 0 0 15px; text-align: left;\">\u2022 Fabryka \u017ar\u00f3d\u0142owa i wysoka wydajno\u015b\u0107 kosztowa<\/p>\n<p style=\"font-size: 17px; color: #424242; margin: 0 0 30px; text-align: left;\">Smart Sports jest bezpo\u015brednim \u017ar\u00f3d\u0142em fabrycznym, oferuj\u0105cym wystarczaj\u0105ce dostawy i najbardziej konkurencyjne ceny, zapewniaj\u0105ce bezproblemowe zakupy.<\/p>\n<p style=\"font-size: 20px; font-weight: bold; color: #1a5c38; margin: 0 0 15px; text-align: left;\">\u2022 Przyw\u00f3dztwo w zakresie innowacji<\/p>\n<p style=\"font-size: 17px; color: #424242; margin: 0 0 30px; text-align: left;\">Ci\u0105g\u0142e badania i rozw\u00f3j zapewniaj\u0105 post\u0119p technologiczny i ulepszenia we wszystkich dzia\u0142ach, poprawiaj\u0105c jako\u015b\u0107 produkt\u00f3w i wydajno\u015b\u0107.<\/p>\n<p style=\"font-size: 20px; font-weight: bold; color: #1a5c38; margin: 0 0 15px; text-align: left;\">\u2022 Doskona\u0142o\u015b\u0107 i jako\u015b\u0107 produkt\u00f3w<\/p>\n<p style=\"font-size: 17px; color: #424242; margin: 0 0 30px; text-align: left;\">Rygorystyczna kontrola produkt\u00f3w gwarantuje d\u0142ug\u0105 \u017cywotno\u015b\u0107 i niski wska\u017anik zwrot\u00f3w, zapewniaj\u0105c najwy\u017csz\u0105 niezawodno\u015b\u0107 plac\u00f3w zabaw.<\/p>\n<p style=\"font-size: 20px; font-weight: bold; color: #1a5c38; margin: 0 0 15px; text-align: left;\">\u2022 Kompleksowa obs\u0142uga i wsparcie posprzeda\u017cowe<\/p>\n<p style=\"font-size: 17px; color: #424242; margin: 0 0 30px; text-align: left;\">Zapewniamy kompleksowe us\u0142ugi w zakresie zaopatrzenia, od projektu i produkcji po monta\u017c i obs\u0142ug\u0119 posprzeda\u017cow\u0105, gwarantuj\u0105c spok\u00f3j ducha klientom komercyjnym.<\/p>\n<\/div>\n<div style=\"margin: 80px 0 40px; padding: 50px 35px; background: linear-gradient(135deg, #e8f5e9, #f0fff0); border-radius: 30px; text-align: left;\">\n<p style=\"font-size: 26px; font-weight: bold; color: #1a5c38; margin: 0 0 25px;\">Gotowy, aby przenie\u015b\u0107 prehistoryczny \u015bwiat do swojej lokalizacji?<\/p>\n<p style=\"font-size: 20px; font-weight: 600; color: #2e7d32; margin: 0;\">Skontaktuj si\u0119 z nami ju\u017c dzi\u015b, aby zam\u00f3wi\u0107 w pe\u0142ni spersonalizowany plac zabaw o tematyce dinozaur\u00f3w!<\/p>\n<p><iframe loading=\"lazy\" title=\"Kryty plac zabaw z motywem dinozaur\u00f3w, ze zje\u017cd\u017calniami i basenem z pi\u0142eczkami dla dzieci #dinosaurthemedplayground\" width=\"563\" height=\"1000\" src=\"https:\/\/www.youtube.com\/embed\/Qbyyu4XOd5k?feature=oembed\" frameborder=\"0\" allow=\"accelerometer; autoplay; clipboard-write; encrypted-media; gyroscope; picture-in-picture; web-share\" referrerpolicy=\"strict-origin-when-cross-origin\" allowfullscreen><\/iframe><\/p>\n<\/div>","protected":false},"excerpt":{"rendered":"<p>O\u017cyw prehistoryczn\u0105 przygod\u0119 dzi\u0119ki naszemu placowi zabaw o tematyce dinozaur\u00f3w \u2013 t\u0119tni\u0105cemu \u017cyciem i wci\u0105gaj\u0105cemu do\u015bwiadczeniu w pomieszczeniu, zaprojektowanemu tak, aby dostarcza\u0107 emocji i anga\u017cowa\u0107 dzieci w ka\u017cdym wieku. Ten plac zabaw przekszta\u0142ca ka\u017cd\u0105 komercyjn\u0105 stref\u0119 zabaw w prehistoryczny \u015bwiat, w kt\u00f3rym dzieci mog\u0105 si\u0119 wspina\u0107, zje\u017cd\u017ca\u0107, czo\u0142ga\u0107 i odkrywa\u0107 realistyczne konstrukcje o tematyce dinozaur\u00f3w. Wyposa\u017cony w wielopoziomowe zje\u017cd\u017calnie, baseny z pi\u0142eczkami, \u015bcianki wspinaczkowe...<\/p>","protected":false},"featured_media":3562,"parent":0,"template":"","meta":{"_acf_changed":false,"_kad_blocks_custom_css":"","_kad_blocks_head_custom_js":"","_kad_blocks_body_custom_js":"","_kad_blocks_footer_custom_js":"","_kadence_starter_templates_imported_post":false,"_kad_post_transparent":"default","_kad_post_title":"","_kad_post_layout":"default","_kad_post_sidebar_id":"","_kad_post_content_style":"default","_kad_post_vertical_padding":"default","_kad_post_feature":"","_kad_post_feature_position":"","_kad_post_header":false,"_kad_post_footer":false},"pcategory":[5,34],"ptag":[],"class_list":["post-3551","product","type-product","status-publish","has-post-thumbnail","hentry","pcategory-indoor-playground-equipment","pcategory-themed-playground"],"acf":[],"yoast_head":"<!-- This site is optimized with the Yoast SEO plugin v26.8 - https:\/\/yoast.com\/product\/yoast-seo-wordpress\/ -->\n<title>Custom Dinosaur Themed Indoor Playground Gym Equipment for Commercial Play Zones<\/title>\n<meta name=\"robots\" content=\"index, follow, max-snippet:-1, max-image-preview:large, max-video-preview:-1\" \/>\n<link rel=\"canonical\" href=\"https:\/\/softplaysupply.com\/pl\/produkt\/custom-dinosaur-themed-indoor-playground\/\" \/>\n<meta property=\"og:locale\" content=\"pl_PL\" \/>\n<meta property=\"og:type\" content=\"article\" \/>\n<meta property=\"og:title\" content=\"Custom Dinosaur Themed Indoor Playground Gym Equipment for Commercial Play Zones\" \/>\n<meta property=\"og:description\" content=\"Bring prehistoric adventure to life with our dinosaur themed playground a vibrant and immersive indoor play experience designed to thrill and engage children of all ages. This playground transforms any commercial play zone into a prehistoric world where kids can climb, slide, crawl, and explore among life-like dinosaur-themed structures. Featuring multi-level slides, ball pits, climbing...\" \/>\n<meta property=\"og:url\" content=\"https:\/\/softplaysupply.com\/pl\/produkt\/custom-dinosaur-themed-indoor-playground\/\" \/>\n<meta property=\"og:site_name\" content=\"Nanpak\" \/>\n<meta property=\"og:image\" content=\"https:\/\/softplaysupply.com\/wp-content\/uploads\/2026\/01\/dinosaur-themed-playground-11.jpg\" \/>\n\t<meta property=\"og:image:width\" content=\"749\" \/>\n\t<meta property=\"og:image:height\" content=\"749\" \/>\n\t<meta property=\"og:image:type\" content=\"image\/jpeg\" \/>\n<meta name=\"twitter:card\" content=\"summary_large_image\" \/>\n<meta name=\"twitter:label1\" content=\"Szacowany czas czytania\" \/>\n\t<meta name=\"twitter:data1\" content=\"4 minuty\" \/>\n<script type=\"application\/ld+json\" class=\"yoast-schema-graph\">{\"@context\":\"https:\/\/schema.org\",\"@graph\":[{\"@type\":\"WebPage\",\"@id\":\"https:\/\/softplaysupply.com\/product\/custom-dinosaur-themed-indoor-playground\/\",\"url\":\"https:\/\/softplaysupply.com\/product\/custom-dinosaur-themed-indoor-playground\/\",\"name\":\"Custom Dinosaur Themed Indoor Playground Gym Equipment for Commercial Play Zones\",\"isPartOf\":{\"@id\":\"https:\/\/softplaysupply.com\/#website\"},\"primaryImageOfPage\":{\"@id\":\"https:\/\/softplaysupply.com\/product\/custom-dinosaur-themed-indoor-playground\/#primaryimage\"},\"image\":{\"@id\":\"https:\/\/softplaysupply.com\/product\/custom-dinosaur-themed-indoor-playground\/#primaryimage\"},\"thumbnailUrl\":\"https:\/\/softplaysupply.com\/wp-content\/uploads\/2026\/01\/dinosaur-themed-playground-11.jpg\",\"datePublished\":\"2026-01-31T06:12:11+00:00\",\"breadcrumb\":{\"@id\":\"https:\/\/softplaysupply.com\/product\/custom-dinosaur-themed-indoor-playground\/#breadcrumb\"},\"inLanguage\":\"pl-PL\",\"potentialAction\":[{\"@type\":\"ReadAction\",\"target\":[\"https:\/\/softplaysupply.com\/product\/custom-dinosaur-themed-indoor-playground\/\"]}]},{\"@type\":\"ImageObject\",\"inLanguage\":\"pl-PL\",\"@id\":\"https:\/\/softplaysupply.com\/product\/custom-dinosaur-themed-indoor-playground\/#primaryimage\",\"url\":\"https:\/\/softplaysupply.com\/wp-content\/uploads\/2026\/01\/dinosaur-themed-playground-11.jpg\",\"contentUrl\":\"https:\/\/softplaysupply.com\/wp-content\/uploads\/2026\/01\/dinosaur-themed-playground-11.jpg\",\"width\":749,\"height\":749,\"caption\":\"dinosaur themed playground\"},{\"@type\":\"BreadcrumbList\",\"@id\":\"https:\/\/softplaysupply.com\/product\/custom-dinosaur-themed-indoor-playground\/#breadcrumb\",\"itemListElement\":[{\"@type\":\"ListItem\",\"position\":1,\"name\":\"Home\",\"item\":\"https:\/\/softplaysupply.com\/\"},{\"@type\":\"ListItem\",\"position\":2,\"name\":\"Indoor Playground Equipment\",\"item\":\"https:\/\/softplaysupply.com\/pcategory\/indoor-playground-equipment\/\"},{\"@type\":\"ListItem\",\"position\":3,\"name\":\"Custom Dinosaur Themed Indoor Playground Gym Equipment for Commercial Play Zones\"}]},{\"@type\":\"WebSite\",\"@id\":\"https:\/\/softplaysupply.com\/#website\",\"url\":\"https:\/\/softplaysupply.com\/\",\"name\":\"Soft Play Supplier\",\"description\":\"Soft Play Supplier\",\"publisher\":{\"@id\":\"https:\/\/softplaysupply.com\/#organization\"},\"potentialAction\":[{\"@type\":\"SearchAction\",\"target\":{\"@type\":\"EntryPoint\",\"urlTemplate\":\"https:\/\/softplaysupply.com\/?s={search_term_string}\"},\"query-input\":{\"@type\":\"PropertyValueSpecification\",\"valueRequired\":true,\"valueName\":\"search_term_string\"}}],\"inLanguage\":\"pl-PL\"},{\"@type\":\"Organization\",\"@id\":\"https:\/\/softplaysupply.com\/#organization\",\"name\":\"Nanpak\",\"url\":\"https:\/\/softplaysupply.com\/\",\"logo\":{\"@type\":\"ImageObject\",\"inLanguage\":\"pl-PL\",\"@id\":\"https:\/\/softplaysupply.com\/#\/schema\/logo\/image\/\",\"url\":\"https:\/\/softplaysupply.com\/wp-content\/uploads\/2025\/12\/cropped-mobile-logo.png\",\"contentUrl\":\"https:\/\/softplaysupply.com\/wp-content\/uploads\/2025\/12\/cropped-mobile-logo.png\",\"width\":263,\"height\":84,\"caption\":\"Nanpak\"},\"image\":{\"@id\":\"https:\/\/softplaysupply.com\/#\/schema\/logo\/image\/\"}}]}<\/script>\n<!-- \/ Yoast SEO plugin. -->","yoast_head_json":{"title":"Niestandardowy sprz\u0119t do sal gimnastycznych z motywem dinozaur\u00f3w do komercyjnych stref zabaw","robots":{"index":"index","follow":"follow","max-snippet":"max-snippet:-1","max-image-preview":"max-image-preview:large","max-video-preview":"max-video-preview:-1"},"canonical":"https:\/\/softplaysupply.com\/pl\/produkt\/custom-dinosaur-themed-indoor-playground\/","og_locale":"pl_PL","og_type":"article","og_title":"Custom Dinosaur Themed Indoor Playground Gym Equipment for Commercial Play Zones","og_description":"Bring prehistoric adventure to life with our dinosaur themed playground a vibrant and immersive indoor play experience designed to thrill and engage children of all ages. This playground transforms any commercial play zone into a prehistoric world where kids can climb, slide, crawl, and explore among life-like dinosaur-themed structures. Featuring multi-level slides, ball pits, climbing...","og_url":"https:\/\/softplaysupply.com\/pl\/produkt\/custom-dinosaur-themed-indoor-playground\/","og_site_name":"Nanpak","og_image":[{"width":749,"height":749,"url":"https:\/\/softplaysupply.com\/wp-content\/uploads\/2026\/01\/dinosaur-themed-playground-11.jpg","type":"image\/jpeg"}],"twitter_card":"summary_large_image","twitter_misc":{"Szacowany czas czytania":"4 minuty"},"schema":{"@context":"https:\/\/schema.org","@graph":[{"@type":"WebPage","@id":"https:\/\/softplaysupply.com\/product\/custom-dinosaur-themed-indoor-playground\/","url":"https:\/\/softplaysupply.com\/product\/custom-dinosaur-themed-indoor-playground\/","name":"Niestandardowy sprz\u0119t do sal gimnastycznych z motywem dinozaur\u00f3w do komercyjnych stref zabaw","isPartOf":{"@id":"https:\/\/softplaysupply.com\/#website"},"primaryImageOfPage":{"@id":"https:\/\/softplaysupply.com\/product\/custom-dinosaur-themed-indoor-playground\/#primaryimage"},"image":{"@id":"https:\/\/softplaysupply.com\/product\/custom-dinosaur-themed-indoor-playground\/#primaryimage"},"thumbnailUrl":"https:\/\/softplaysupply.com\/wp-content\/uploads\/2026\/01\/dinosaur-themed-playground-11.jpg","datePublished":"2026-01-31T06:12:11+00:00","breadcrumb":{"@id":"https:\/\/softplaysupply.com\/product\/custom-dinosaur-themed-indoor-playground\/#breadcrumb"},"inLanguage":"pl-PL","potentialAction":[{"@type":"ReadAction","target":["https:\/\/softplaysupply.com\/product\/custom-dinosaur-themed-indoor-playground\/"]}]},{"@type":"ImageObject","inLanguage":"pl-PL","@id":"https:\/\/softplaysupply.com\/product\/custom-dinosaur-themed-indoor-playground\/#primaryimage","url":"https:\/\/softplaysupply.com\/wp-content\/uploads\/2026\/01\/dinosaur-themed-playground-11.jpg","contentUrl":"https:\/\/softplaysupply.com\/wp-content\/uploads\/2026\/01\/dinosaur-themed-playground-11.jpg","width":749,"height":749,"caption":"dinosaur themed playground"},{"@type":"BreadcrumbList","@id":"https:\/\/softplaysupply.com\/product\/custom-dinosaur-themed-indoor-playground\/#breadcrumb","itemListElement":[{"@type":"ListItem","position":1,"name":"Home","item":"https:\/\/softplaysupply.com\/"},{"@type":"ListItem","position":2,"name":"Indoor Playground Equipment","item":"https:\/\/softplaysupply.com\/pcategory\/indoor-playground-equipment\/"},{"@type":"ListItem","position":3,"name":"Custom Dinosaur Themed Indoor Playground Gym Equipment for Commercial Play Zones"}]},{"@type":"WebSite","@id":"https:\/\/softplaysupply.com\/#website","url":"https:\/\/softplaysupply.com\/","name":"Dostawca mi\u0119kkich zabawek","description":"Dostawca mi\u0119kkich zabawek","publisher":{"@id":"https:\/\/softplaysupply.com\/#organization"},"potentialAction":[{"@type":"SearchAction","target":{"@type":"EntryPoint","urlTemplate":"https:\/\/softplaysupply.com\/?s={search_term_string}"},"query-input":{"@type":"PropertyValueSpecification","valueRequired":true,"valueName":"search_term_string"}}],"inLanguage":"pl-PL"},{"@type":"Organization","@id":"https:\/\/softplaysupply.com\/#organization","name":"Nanpak","url":"https:\/\/softplaysupply.com\/","logo":{"@type":"ImageObject","inLanguage":"pl-PL","@id":"https:\/\/softplaysupply.com\/#\/schema\/logo\/image\/","url":"https:\/\/softplaysupply.com\/wp-content\/uploads\/2025\/12\/cropped-mobile-logo.png","contentUrl":"https:\/\/softplaysupply.com\/wp-content\/uploads\/2025\/12\/cropped-mobile-logo.png","width":263,"height":84,"caption":"Nanpak"},"image":{"@id":"https:\/\/softplaysupply.com\/#\/schema\/logo\/image\/"}}]}},"taxonomy_info":{"pcategory":[{"value":5,"label":"Indoor Playground Equipment"},{"value":34,"label":"Themed Playground"}]},"featured_image_src_large":["https:\/\/softplaysupply.com\/wp-content\/uploads\/2026\/01\/dinosaur-themed-playground-11.jpg",749,749,false],"author_info":[],"comment_info":"","_links":{"self":[{"href":"https:\/\/softplaysupply.com\/pl\/wp-json\/wp\/v2\/product\/3551","targetHints":{"allow":["GET"]}}],"collection":[{"href":"https:\/\/softplaysupply.com\/pl\/wp-json\/wp\/v2\/product"}],"about":[{"href":"https:\/\/softplaysupply.com\/pl\/wp-json\/wp\/v2\/types\/product"}],"wp:featuredmedia":[{"embeddable":true,"href":"https:\/\/softplaysupply.com\/pl\/wp-json\/wp\/v2\/media\/3562"}],"wp:attachment":[{"href":"https:\/\/softplaysupply.com\/pl\/wp-json\/wp\/v2\/media?parent=3551"}],"wp:term":[{"taxonomy":"pcategory","embeddable":true,"href":"https:\/\/softplaysupply.com\/pl\/wp-json\/wp\/v2\/pcategory?post=3551"},{"taxonomy":"ptag","embeddable":true,"href":"https:\/\/softplaysupply.com\/pl\/wp-json\/wp\/v2\/ptag?post=3551"}],"curies":[{"name":"wp","href":"https:\/\/api.w.org\/{rel}","templated":true}]}}