{"id":3522,"date":"2026-01-25T03:46:58","date_gmt":"2026-01-25T03:46:58","guid":{"rendered":"https:\/\/softplaysupply.com\/?post_type=product&#038;p=3522"},"modified":"2025-12-25T07:45:45","modified_gmt":"2025-12-25T07:45:45","slug":"animal-forest-theme-indoor-playground","status":"publish","type":"product","link":"https:\/\/softplaysupply.com\/pl\/produkt\/animal-forest-theme-indoor-playground\/","title":{"rendered":"Zabawki dla zwierz\u0105t i lasu Kryty plac zabaw Mi\u0119kki labirynt"},"content":{"rendered":"<p style=\"font-size: 19px; color: #34495e; margin: 0 0 50px; font-weight: 500; text-align: left;\">Zabawowy labirynt z motywem zwierz\u0105t i lasu do zabawy w pomieszczeniach \u0142\u0105czy w sobie przygod\u0119, edukacj\u0119 i aktywno\u015b\u0107 fizyczn\u0105. Charakteryzuje si\u0119 \u017cyw\u0105 sceneri\u0105 lasu i zabawnymi dekoracjami ze zwierz\u0119tami.<a href=\"https:\/\/softplaysupply.com\/pl\/pcategoria\/indoor-playground-equipment\/themed-playground\/\" data-internallinksmanager029f6b8e52c=\"7\" title=\"plac zabaw tematyczny\" target=\"_blank\" rel=\"noopener\">plac zabaw tematyczny<\/a> zach\u0119ca do kreatywnej zabawy, jednocze\u015bnie wspieraj\u0105c rozw\u00f3j fizyczny. Zawiera r\u00f3\u017cne elementy zabawowe, takie jak konstrukcje do wspinania si\u0119, zje\u017cd\u017calnie, tory przeszk\u00f3d i gry interaktywne, kt\u00f3re zapewniaj\u0105 dzieciom rozrywk\u0119 i zaj\u0119cie na wiele godzin.<\/p>\n<p><img loading=\"lazy\" decoding=\"async\" class=\"alignnone size-full wp-image-3538\" src=\"https:\/\/softplaysupply.com\/wp-content\/uploads\/2026\/01\/forest-themed-playground-13.jpg\" alt=\"\" width=\"800\" height=\"248\" srcset=\"https:\/\/softplaysupply.com\/wp-content\/uploads\/2026\/01\/forest-themed-playground-13.jpg 800w, https:\/\/softplaysupply.com\/wp-content\/uploads\/2026\/01\/forest-themed-playground-13-300x93.jpg 300w, https:\/\/softplaysupply.com\/wp-content\/uploads\/2026\/01\/forest-themed-playground-13-768x238.jpg 768w, https:\/\/softplaysupply.com\/wp-content\/uploads\/2026\/01\/forest-themed-playground-13-18x6.jpg 18w\" sizes=\"auto, (max-width: 800px) 100vw, 800px\" \/><img loading=\"lazy\" decoding=\"async\" class=\"alignnone size-full wp-image-3537\" src=\"https:\/\/softplaysupply.com\/wp-content\/uploads\/2026\/01\/forest-themed-playground-12.jpg\" alt=\"\" width=\"800\" height=\"744\" srcset=\"https:\/\/softplaysupply.com\/wp-content\/uploads\/2026\/01\/forest-themed-playground-12.jpg 800w, https:\/\/softplaysupply.com\/wp-content\/uploads\/2026\/01\/forest-themed-playground-12-300x279.jpg 300w, https:\/\/softplaysupply.com\/wp-content\/uploads\/2026\/01\/forest-themed-playground-12-768x714.jpg 768w, https:\/\/softplaysupply.com\/wp-content\/uploads\/2026\/01\/forest-themed-playground-12-13x12.jpg 13w\" sizes=\"auto, (max-width: 800px) 100vw, 800px\" \/> \u00a0<img loading=\"lazy\" decoding=\"async\" class=\"alignnone size-full wp-image-3539\" src=\"https:\/\/softplaysupply.com\/wp-content\/uploads\/2026\/01\/forest-themed-playground-7.jpg\" alt=\"\" width=\"800\" height=\"800\" srcset=\"https:\/\/softplaysupply.com\/wp-content\/uploads\/2026\/01\/forest-themed-playground-7.jpg 800w, https:\/\/softplaysupply.com\/wp-content\/uploads\/2026\/01\/forest-themed-playground-7-300x300.jpg 300w, https:\/\/softplaysupply.com\/wp-content\/uploads\/2026\/01\/forest-themed-playground-7-150x150.jpg 150w, https:\/\/softplaysupply.com\/wp-content\/uploads\/2026\/01\/forest-themed-playground-7-768x768.jpg 768w, https:\/\/softplaysupply.com\/wp-content\/uploads\/2026\/01\/forest-themed-playground-7-12x12.jpg 12w\" sizes=\"auto, (max-width: 800px) 100vw, 800px\" \/> <img loading=\"lazy\" decoding=\"async\" class=\"alignnone size-full wp-image-3533\" src=\"https:\/\/softplaysupply.com\/wp-content\/uploads\/2026\/01\/forest-themed-playground-9.jpg\" alt=\"plac zabaw o tematyce le\u015bnej\" width=\"800\" height=\"800\" srcset=\"https:\/\/softplaysupply.com\/wp-content\/uploads\/2026\/01\/forest-themed-playground-9.jpg 800w, https:\/\/softplaysupply.com\/wp-content\/uploads\/2026\/01\/forest-themed-playground-9-300x300.jpg 300w, https:\/\/softplaysupply.com\/wp-content\/uploads\/2026\/01\/forest-themed-playground-9-150x150.jpg 150w, https:\/\/softplaysupply.com\/wp-content\/uploads\/2026\/01\/forest-themed-playground-9-768x768.jpg 768w, https:\/\/softplaysupply.com\/wp-content\/uploads\/2026\/01\/forest-themed-playground-9-12x12.jpg 12w\" sizes=\"auto, (max-width: 800px) 100vw, 800px\" \/> <img loading=\"lazy\" decoding=\"async\" class=\"alignnone size-full wp-image-3532\" src=\"https:\/\/softplaysupply.com\/wp-content\/uploads\/2026\/01\/forest-themed-playground-8.jpg\" alt=\"\" width=\"800\" height=\"800\" srcset=\"https:\/\/softplaysupply.com\/wp-content\/uploads\/2026\/01\/forest-themed-playground-8.jpg 800w, https:\/\/softplaysupply.com\/wp-content\/uploads\/2026\/01\/forest-themed-playground-8-300x300.jpg 300w, https:\/\/softplaysupply.com\/wp-content\/uploads\/2026\/01\/forest-themed-playground-8-150x150.jpg 150w, https:\/\/softplaysupply.com\/wp-content\/uploads\/2026\/01\/forest-themed-playground-8-768x768.jpg 768w, https:\/\/softplaysupply.com\/wp-content\/uploads\/2026\/01\/forest-themed-playground-8-12x12.jpg 12w\" sizes=\"auto, (max-width: 800px) 100vw, 800px\" \/> <img loading=\"lazy\" decoding=\"async\" class=\"alignnone size-full wp-image-3527\" src=\"https:\/\/softplaysupply.com\/wp-content\/uploads\/2026\/01\/forest-themed-playground-3.jpg\" alt=\"\" width=\"800\" height=\"800\" srcset=\"https:\/\/softplaysupply.com\/wp-content\/uploads\/2026\/01\/forest-themed-playground-3.jpg 800w, https:\/\/softplaysupply.com\/wp-content\/uploads\/2026\/01\/forest-themed-playground-3-300x300.jpg 300w, https:\/\/softplaysupply.com\/wp-content\/uploads\/2026\/01\/forest-themed-playground-3-150x150.jpg 150w, https:\/\/softplaysupply.com\/wp-content\/uploads\/2026\/01\/forest-themed-playground-3-768x768.jpg 768w, https:\/\/softplaysupply.com\/wp-content\/uploads\/2026\/01\/forest-themed-playground-3-12x12.jpg 12w\" sizes=\"auto, (max-width: 800px) 100vw, 800px\" \/> <img loading=\"lazy\" decoding=\"async\" class=\"alignnone size-full wp-image-3526\" src=\"https:\/\/softplaysupply.com\/wp-content\/uploads\/2026\/01\/forest-themed-playground-2.jpg\" alt=\"\" width=\"800\" height=\"800\" srcset=\"https:\/\/softplaysupply.com\/wp-content\/uploads\/2026\/01\/forest-themed-playground-2.jpg 800w, https:\/\/softplaysupply.com\/wp-content\/uploads\/2026\/01\/forest-themed-playground-2-300x300.jpg 300w, https:\/\/softplaysupply.com\/wp-content\/uploads\/2026\/01\/forest-themed-playground-2-150x150.jpg 150w, https:\/\/softplaysupply.com\/wp-content\/uploads\/2026\/01\/forest-themed-playground-2-768x768.jpg 768w, https:\/\/softplaysupply.com\/wp-content\/uploads\/2026\/01\/forest-themed-playground-2-12x12.jpg 12w\" sizes=\"auto, (max-width: 800px) 100vw, 800px\" \/> <img loading=\"lazy\" decoding=\"async\" class=\"alignnone size-full wp-image-3528\" src=\"https:\/\/softplaysupply.com\/wp-content\/uploads\/2026\/01\/forest-themed-playground-4.jpg\" alt=\"\" width=\"800\" height=\"800\" srcset=\"https:\/\/softplaysupply.com\/wp-content\/uploads\/2026\/01\/forest-themed-playground-4.jpg 800w, https:\/\/softplaysupply.com\/wp-content\/uploads\/2026\/01\/forest-themed-playground-4-300x300.jpg 300w, https:\/\/softplaysupply.com\/wp-content\/uploads\/2026\/01\/forest-themed-playground-4-150x150.jpg 150w, https:\/\/softplaysupply.com\/wp-content\/uploads\/2026\/01\/forest-themed-playground-4-768x768.jpg 768w, https:\/\/softplaysupply.com\/wp-content\/uploads\/2026\/01\/forest-themed-playground-4-12x12.jpg 12w\" sizes=\"auto, (max-width: 800px) 100vw, 800px\" \/><img loading=\"lazy\" decoding=\"async\" class=\"alignnone size-full wp-image-3535\" src=\"https:\/\/softplaysupply.com\/wp-content\/uploads\/2026\/01\/forest-themed-playground-10-1.jpg\" alt=\"\" width=\"800\" height=\"800\" srcset=\"https:\/\/softplaysupply.com\/wp-content\/uploads\/2026\/01\/forest-themed-playground-10-1.jpg 800w, https:\/\/softplaysupply.com\/wp-content\/uploads\/2026\/01\/forest-themed-playground-10-1-300x300.jpg 300w, https:\/\/softplaysupply.com\/wp-content\/uploads\/2026\/01\/forest-themed-playground-10-1-150x150.jpg 150w, https:\/\/softplaysupply.com\/wp-content\/uploads\/2026\/01\/forest-themed-playground-10-1-768x768.jpg 768w, https:\/\/softplaysupply.com\/wp-content\/uploads\/2026\/01\/forest-themed-playground-10-1-12x12.jpg 12w\" sizes=\"auto, (max-width: 800px) 100vw, 800px\" \/><\/p>\n<p style=\"font-size: 26px; font-weight: bold; color: #1a5c38; margin: 60px 0 20px; text-align: left;\">Labirynt Soft Play<\/p>\n<p style=\"font-size: 18px; color: #333; margin: 0 0 60px; text-align: left;\">oferuje pe\u0142n\u0105 zabawy przygod\u0119 w labiryncie z mi\u0119kkimi, wy\u015bcie\u0142anymi \u015bcianami i pod\u0142ogami, kt\u00f3re zapewniaj\u0105 bezpiecze\u0144stwo dzieciom pokonuj\u0105cym przeszkody. Labirynt sprzyja pracy zespo\u0142owej, rozwijaniu umiej\u0119tno\u015bci rozwi\u0105zywania problem\u00f3w i koordynacji ruchowej, a jednocze\u015bnie daje dzieciom poczucie spe\u0142nienia, gdy odkrywaj\u0105 r\u00f3\u017cne \u015bcie\u017cki i obszary zabaw.<\/p>\n<p style=\"font-size: 28px; font-weight: bold; color: #1a5c38; margin: 70px 0 40px; text-align: left;\">Najwa\u017cniejsze zalety<\/p>\n<div style=\"margin: 0 0 60px;\">\n<p style=\"font-size: 20px; font-weight: bold; color: #1a5c38; margin: 0 0 15px; text-align: left;\">\u2022 Wci\u0105gaj\u0105ce do\u015bwiadczenie zwi\u0105zane ze zwierz\u0119tami i lasem<\/p>\n<p style=\"font-size: 17px; color: #444; margin: 0 0 30px; padding-left: 0; text-align: left;\">Jasne kolory wystroju wn\u0119trza, zabawne figurki zwierz\u0105t, drzewa i elementy d\u017cungli tworz\u0105 magiczn\u0105 atmosfer\u0119, sprawiaj\u0105c, \u017ce dzieci czuj\u0105 si\u0119 jak podczas prawdziwej przygody w lesie.<\/p>\n<p style=\"font-size: 20px; font-weight: bold; color: #1a5c38; margin: 0 0 15px; text-align: left;\">\u2022 R\u00f3\u017cnorodne place zabaw dla wszystkich grup wiekowych<\/p>\n<p style=\"font-size: 17px; color: #444; margin: 0 0 30px; padding-left: 0; text-align: left;\">Ten plac zabaw zosta\u0142 zaprojektowany z my\u015bl\u0105 o dzieciach w ka\u017cdym wieku. Znajduj\u0105 si\u0119 na nim sekcje dla maluch\u00f3w, konstrukcje do wspinaczki dla starszych dzieci, zje\u017cd\u017calnie, tory przeszk\u00f3d oraz anga\u017cuj\u0105ce gry interaktywne.<\/p>\n<p style=\"font-size: 20px; font-weight: bold; color: #1a5c38; margin: 0 0 15px; text-align: left;\">\u2022 Konstrukcja stawiaj\u0105ca bezpiecze\u0144stwo na pierwszym miejscu<\/p>\n<p style=\"font-size: 17px; color: #444; margin: 0 0 30px; padding-left: 0; text-align: left;\">Dzi\u0119ki mi\u0119kkiej, amortyzuj\u0105cej pod\u0142odze, nietoksycznym materia\u0142om i zabezpieczeniom na ca\u0142ym placu zabaw dzieci mog\u0105 bawi\u0107 si\u0119 swobodnie i bez obaw. Rodzice mog\u0105 by\u0107 spokojni, wiedz\u0105c, \u017ce ich dzieci bawi\u0105 si\u0119 w bezpiecznym otoczeniu.<\/p>\n<p style=\"font-size: 20px; font-weight: bold; color: #1a5c38; margin: 0 0 15px; text-align: left;\">\u2022 Korzy\u015bci edukacyjne i rozwojowe<\/p>\n<p style=\"font-size: 17px; color: #444; margin: 0 0 30px; padding-left: 0; text-align: left;\">Plac zabaw zach\u0119ca do kreatywnej zabawy, pracy zespo\u0142owej i rozwi\u0105zywania problem\u00f3w, co pomaga w rozwoju poznawczym i spo\u0142ecznym dzieci. To co\u015b wi\u0119cej ni\u017c tylko zabawa \u2013 to okazja do nauki poprzez zabaw\u0119.<\/p>\n<p style=\"font-size: 20px; font-weight: bold; color: #1a5c38; margin: 0 0 15px; text-align: left;\">\u2022 Potencja\u0142 imprezowy i imprezowy<\/p>\n<p style=\"font-size: 17px; color: #444; margin: 0 0 30px; padding-left: 0; text-align: left;\">Ten tematyczny plac zabaw jest idealnym miejscem do organizacji urodzin, imprez szkolnych lub specjalnych spotka\u0144. Mo\u017cna go dostosowa\u0107 do indywidualnych potrzeb, dodaj\u0105c dodatkowe pakiety, takie jak catering, dekoracje imprezowe i zaj\u0119cia tematyczne, dzi\u0119ki czemu jest to fantastyczne miejsce na ka\u017cd\u0105 imprez\u0119.<\/p>\n<\/div>\n<p style=\"font-size: 28px; font-weight: bold; color: #1a5c38; margin: 80px 0 30px; text-align: left;\">Dlaczego warto inwestowa\u0107?<\/p>\n<p style=\"font-size: 18px; color: #34495e; margin: 0 0 60px; text-align: left; font-style: italic;\">Nasze kryte plac zabaw o tematyce Animal Forest to nie tylko miejsce, gdzie dzieci mog\u0105 si\u0119 dobrze bawi\u0107, ale te\u017c inwestycja w ich rozw\u00f3j. Dzi\u0119ki temu placowi zabaw, kt\u00f3ry pozwala si\u0119 w pe\u0142ni zanurzy\u0107 w zabawie, tworzysz niezapomniane wra\u017cenia, kt\u00f3re przyci\u0105gn\u0105 rodziny i zach\u0119c\u0105 je do ponownych wizyt. Ten plac zabaw to du\u017ca warto\u015b\u0107 dodana dla ka\u017cdej firmy, od centr\u00f3w handlowych po parki rozrywki, i b\u0119dzie nadal anga\u017cowa\u0107 dzieci w bezpiecznym i ekscytuj\u0105cym otoczeniu.<\/p>\n<p style=\"font-size: 26px; font-weight: bold; color: #1a5c38; margin: 70px 0 25px; text-align: left;\">Dostosowanie i projektowanie<\/p>\n<p style=\"font-size: 18px; color: #333; margin: 0 0 50px; text-align: left;\">Oferujemy w pe\u0142ni dostosowane projekty oparte na konkretnych potrzebach i przestrzeni. Niezale\u017cnie od tego, czy dysponujesz ma\u0142ym placem zabaw, czy du\u017cym obiektem, mo\u017cemy stworzy\u0107 idealnie dopasowany plac zabaw. Od dekoracji o tematyce zwierz\u0119cej po elementy zabawowe inspirowane d\u017cungl\u0105 \u2013 nasz zesp\u00f3\u0142 b\u0119dzie wsp\u00f3\u0142pracowa\u0142 z Tob\u0105, aby zrealizowa\u0107 Twoj\u0105 wizj\u0119.<\/p>\n<p style=\"font-size: 26px; font-weight: bold; color: #1a5c38; margin: 70px 0 25px; text-align: left;\">Jak zacz\u0105\u0107<\/p>\n<p style=\"font-size: 18px; color: #333; margin: 0 0 60px; text-align: left;\">Je\u015bli chcesz mie\u0107 taki fajny plac zabaw z motywem zwierz\u0119cym lub le\u015bnym, po prostu wy\u015blij nam sw\u00f3j plan CAD lub podaj rozmiar placu zabaw, a tak\u017ce preferowany motyw i bud\u017cet. Nasi do\u015bwiadczeni projektanci stworz\u0105 spersonalizowany projekt i przygotuj\u0105 kosztorys. Gdy projekt b\u0119dzie Ci odpowiada\u0142, nasz zesp\u00f3\u0142 zajmie si\u0119 wszystkim, od monta\u017cu po wsparcie techniczne.<\/p>\n<div style=\"margin: 80px 0 40px; padding: 50px 30px; background: linear-gradient(135deg, #e8f5e9, #f0fff0); border-radius: 30px;\">\n<p style=\"font-size: 28px; font-weight: bold; color: #1a5c38; margin: 0 0 25px; text-align: left;\">Wnioski<\/p>\n<p style=\"font-size: 20px; color: #1a5c38; margin: 0 0 30px; font-weight: 500; text-align: left;\">Wprowad\u017a do swojej firmy przygod\u0119 ze \u015bwiata zwierz\u0105t i spok\u00f3j lasu dzi\u0119ki naszemu mi\u0119kkiemu labiryntowi do zabawy w pomieszczeniach o tematyce \u201eZabawny las zwierz\u0105t\u201d.<\/p>\n<p style=\"font-size: 22px; color: #1a5c38; margin: 0; font-weight: 600; text-align: left;\">Ten plac zabaw, zapewniaj\u0105cy nieograniczon\u0105 zabaw\u0119 i korzy\u015bci rozwojowe, jest idealnym dodatkiem do ka\u017cdej przestrzeni rekreacyjnej.<\/p>\n<p><span style=\"font-size: 26px; color: #006400; font-weight: 800;\">Skontaktuj si\u0119 z nami ju\u017c dzi\u015b, aby dowiedzie\u0107 si\u0119 wi\u0119cej o tym, jak ten ekscytuj\u0105cy motyw mo\u017ce zmieni\u0107 Twoj\u0105 firm\u0119 i zapewni\u0107 dzieciom niezwyk\u0142e wra\u017cenia podczas zabawy!<\/span><\/p>\n<\/div>","protected":false},"excerpt":{"rendered":"<p>Mi\u0119kki labirynt do zabawy w pomieszczeniach o tematyce le\u015bnej Zaprojektowany dla dzieci w ka\u017cdym wieku, ten kolorowy plac zabaw zawiera konstrukcje do wspinania si\u0119, zje\u017cd\u017calnie, tory przeszk\u00f3d i mi\u0119kki labirynt do zabawy, sprzyjaj\u0105cy kreatywno\u015bci, pracy zespo\u0142owej i aktywno\u015bci fizycznej. Dzi\u0119ki jasnym dekoracjom o tematyce zwierz\u0119cej i bezpiecznym, wy\u015bcie\u0142anym obszarom do zabawy idealnie nadaje si\u0119 do szk\u00f3\u0142, centr\u00f3w handlowych i imprez. Stw\u00f3rz niezapomniane wra\u017cenia dla dzieci, jednocze\u015bnie wspieraj\u0105c ich rozw\u00f3j \u2014 skontaktuj si\u0119 z nami, aby ju\u017c dzi\u015b spersonalizowa\u0107 sw\u00f3j plac zabaw o tematyce d\u017cungli!<\/p>","protected":false},"featured_media":3540,"parent":0,"template":"","meta":{"_acf_changed":false,"_kad_blocks_custom_css":"","_kad_blocks_head_custom_js":"","_kad_blocks_body_custom_js":"","_kad_blocks_footer_custom_js":"","_kadence_starter_templates_imported_post":false,"_kad_post_transparent":"default","_kad_post_title":"","_kad_post_layout":"default","_kad_post_sidebar_id":"","_kad_post_content_style":"default","_kad_post_vertical_padding":"default","_kad_post_feature":"","_kad_post_feature_position":"","_kad_post_header":false,"_kad_post_footer":false},"pcategory":[5,34],"ptag":[],"class_list":["post-3522","product","type-product","status-publish","has-post-thumbnail","hentry","pcategory-indoor-playground-equipment","pcategory-themed-playground"],"acf":[],"yoast_head":"<!-- This site is optimized with the Yoast SEO plugin v26.8 - https:\/\/yoast.com\/product\/yoast-seo-wordpress\/ -->\n<title>Amusement Animal &amp; Forest Theme Indoor Playground Soft Play Maze<\/title>\n<meta name=\"robots\" content=\"index, follow, max-snippet:-1, max-image-preview:large, max-video-preview:-1\" \/>\n<link rel=\"canonical\" href=\"https:\/\/softplaysupply.com\/pl\/produkt\/animal-forest-theme-indoor-playground\/\" \/>\n<meta property=\"og:locale\" content=\"pl_PL\" \/>\n<meta property=\"og:type\" content=\"article\" \/>\n<meta property=\"og:title\" content=\"Amusement Animal &amp; Forest Theme Indoor Playground Soft Play Maze\" \/>\n<meta property=\"og:description\" content=\"Animal Forest Theme Indoor Playground Soft Play Maze designed for children of all ages, this vibrant playground features climbing structures, slides, obstacle courses, and a soft play maze, fostering creativity, teamwork, and physical activity. With bright animal-themed d\u00e9cor and safe, cushioned play areas, it\u2019s perfect for schools, malls, and events. Create a memorable experience for children while promoting their development\u2014contact us to customize your own jungle-themed playground today!\" \/>\n<meta property=\"og:url\" content=\"https:\/\/softplaysupply.com\/pl\/produkt\/animal-forest-theme-indoor-playground\/\" \/>\n<meta property=\"og:site_name\" content=\"Nanpak\" \/>\n<meta property=\"og:image\" content=\"https:\/\/softplaysupply.com\/wp-content\/uploads\/2026\/01\/forest-themed-playground-7-1.jpg\" \/>\n\t<meta property=\"og:image:width\" content=\"800\" \/>\n\t<meta property=\"og:image:height\" content=\"800\" \/>\n\t<meta property=\"og:image:type\" content=\"image\/jpeg\" \/>\n<meta name=\"twitter:card\" content=\"summary_large_image\" \/>\n<meta name=\"twitter:label1\" content=\"Szacowany czas czytania\" \/>\n\t<meta name=\"twitter:data1\" content=\"5 minut\" \/>\n<script type=\"application\/ld+json\" class=\"yoast-schema-graph\">{\"@context\":\"https:\/\/schema.org\",\"@graph\":[{\"@type\":\"WebPage\",\"@id\":\"https:\/\/softplaysupply.com\/product\/animal-forest-theme-indoor-playground\/\",\"url\":\"https:\/\/softplaysupply.com\/product\/animal-forest-theme-indoor-playground\/\",\"name\":\"Amusement Animal & Forest Theme Indoor Playground Soft Play Maze\",\"isPartOf\":{\"@id\":\"https:\/\/softplaysupply.com\/#website\"},\"primaryImageOfPage\":{\"@id\":\"https:\/\/softplaysupply.com\/product\/animal-forest-theme-indoor-playground\/#primaryimage\"},\"image\":{\"@id\":\"https:\/\/softplaysupply.com\/product\/animal-forest-theme-indoor-playground\/#primaryimage\"},\"thumbnailUrl\":\"https:\/\/softplaysupply.com\/wp-content\/uploads\/2026\/01\/forest-themed-playground-7-1.jpg\",\"datePublished\":\"2026-01-25T03:46:58+00:00\",\"breadcrumb\":{\"@id\":\"https:\/\/softplaysupply.com\/product\/animal-forest-theme-indoor-playground\/#breadcrumb\"},\"inLanguage\":\"pl-PL\",\"potentialAction\":[{\"@type\":\"ReadAction\",\"target\":[\"https:\/\/softplaysupply.com\/product\/animal-forest-theme-indoor-playground\/\"]}]},{\"@type\":\"ImageObject\",\"inLanguage\":\"pl-PL\",\"@id\":\"https:\/\/softplaysupply.com\/product\/animal-forest-theme-indoor-playground\/#primaryimage\",\"url\":\"https:\/\/softplaysupply.com\/wp-content\/uploads\/2026\/01\/forest-themed-playground-7-1.jpg\",\"contentUrl\":\"https:\/\/softplaysupply.com\/wp-content\/uploads\/2026\/01\/forest-themed-playground-7-1.jpg\",\"width\":800,\"height\":800},{\"@type\":\"BreadcrumbList\",\"@id\":\"https:\/\/softplaysupply.com\/product\/animal-forest-theme-indoor-playground\/#breadcrumb\",\"itemListElement\":[{\"@type\":\"ListItem\",\"position\":1,\"name\":\"Home\",\"item\":\"https:\/\/softplaysupply.com\/\"},{\"@type\":\"ListItem\",\"position\":2,\"name\":\"Indoor Playground Equipment\",\"item\":\"https:\/\/softplaysupply.com\/pcategory\/indoor-playground-equipment\/\"},{\"@type\":\"ListItem\",\"position\":3,\"name\":\"Amusement Animal &#038; Forest Theme Indoor Playground Soft Play Maze\"}]},{\"@type\":\"WebSite\",\"@id\":\"https:\/\/softplaysupply.com\/#website\",\"url\":\"https:\/\/softplaysupply.com\/\",\"name\":\"Soft Play Supplier\",\"description\":\"Soft Play Supplier\",\"publisher\":{\"@id\":\"https:\/\/softplaysupply.com\/#organization\"},\"potentialAction\":[{\"@type\":\"SearchAction\",\"target\":{\"@type\":\"EntryPoint\",\"urlTemplate\":\"https:\/\/softplaysupply.com\/?s={search_term_string}\"},\"query-input\":{\"@type\":\"PropertyValueSpecification\",\"valueRequired\":true,\"valueName\":\"search_term_string\"}}],\"inLanguage\":\"pl-PL\"},{\"@type\":\"Organization\",\"@id\":\"https:\/\/softplaysupply.com\/#organization\",\"name\":\"Nanpak\",\"url\":\"https:\/\/softplaysupply.com\/\",\"logo\":{\"@type\":\"ImageObject\",\"inLanguage\":\"pl-PL\",\"@id\":\"https:\/\/softplaysupply.com\/#\/schema\/logo\/image\/\",\"url\":\"https:\/\/softplaysupply.com\/wp-content\/uploads\/2025\/12\/cropped-mobile-logo.png\",\"contentUrl\":\"https:\/\/softplaysupply.com\/wp-content\/uploads\/2025\/12\/cropped-mobile-logo.png\",\"width\":263,\"height\":84,\"caption\":\"Nanpak\"},\"image\":{\"@id\":\"https:\/\/softplaysupply.com\/#\/schema\/logo\/image\/\"}}]}<\/script>\n<!-- \/ Yoast SEO plugin. -->","yoast_head_json":{"title":"Zabawki dla zwierz\u0105t i lasu Kryty plac zabaw Mi\u0119kki labirynt","robots":{"index":"index","follow":"follow","max-snippet":"max-snippet:-1","max-image-preview":"max-image-preview:large","max-video-preview":"max-video-preview:-1"},"canonical":"https:\/\/softplaysupply.com\/pl\/produkt\/animal-forest-theme-indoor-playground\/","og_locale":"pl_PL","og_type":"article","og_title":"Amusement Animal & Forest Theme Indoor Playground Soft Play Maze","og_description":"Animal Forest Theme Indoor Playground Soft Play Maze designed for children of all ages, this vibrant playground features climbing structures, slides, obstacle courses, and a soft play maze, fostering creativity, teamwork, and physical activity. With bright animal-themed d\u00e9cor and safe, cushioned play areas, it\u2019s perfect for schools, malls, and events. Create a memorable experience for children while promoting their development\u2014contact us to customize your own jungle-themed playground today!","og_url":"https:\/\/softplaysupply.com\/pl\/produkt\/animal-forest-theme-indoor-playground\/","og_site_name":"Nanpak","og_image":[{"width":800,"height":800,"url":"https:\/\/softplaysupply.com\/wp-content\/uploads\/2026\/01\/forest-themed-playground-7-1.jpg","type":"image\/jpeg"}],"twitter_card":"summary_large_image","twitter_misc":{"Szacowany czas czytania":"5 minut"},"schema":{"@context":"https:\/\/schema.org","@graph":[{"@type":"WebPage","@id":"https:\/\/softplaysupply.com\/product\/animal-forest-theme-indoor-playground\/","url":"https:\/\/softplaysupply.com\/product\/animal-forest-theme-indoor-playground\/","name":"Zabawki dla zwierz\u0105t i lasu Kryty plac zabaw Mi\u0119kki labirynt","isPartOf":{"@id":"https:\/\/softplaysupply.com\/#website"},"primaryImageOfPage":{"@id":"https:\/\/softplaysupply.com\/product\/animal-forest-theme-indoor-playground\/#primaryimage"},"image":{"@id":"https:\/\/softplaysupply.com\/product\/animal-forest-theme-indoor-playground\/#primaryimage"},"thumbnailUrl":"https:\/\/softplaysupply.com\/wp-content\/uploads\/2026\/01\/forest-themed-playground-7-1.jpg","datePublished":"2026-01-25T03:46:58+00:00","breadcrumb":{"@id":"https:\/\/softplaysupply.com\/product\/animal-forest-theme-indoor-playground\/#breadcrumb"},"inLanguage":"pl-PL","potentialAction":[{"@type":"ReadAction","target":["https:\/\/softplaysupply.com\/product\/animal-forest-theme-indoor-playground\/"]}]},{"@type":"ImageObject","inLanguage":"pl-PL","@id":"https:\/\/softplaysupply.com\/product\/animal-forest-theme-indoor-playground\/#primaryimage","url":"https:\/\/softplaysupply.com\/wp-content\/uploads\/2026\/01\/forest-themed-playground-7-1.jpg","contentUrl":"https:\/\/softplaysupply.com\/wp-content\/uploads\/2026\/01\/forest-themed-playground-7-1.jpg","width":800,"height":800},{"@type":"BreadcrumbList","@id":"https:\/\/softplaysupply.com\/product\/animal-forest-theme-indoor-playground\/#breadcrumb","itemListElement":[{"@type":"ListItem","position":1,"name":"Home","item":"https:\/\/softplaysupply.com\/"},{"@type":"ListItem","position":2,"name":"Indoor Playground Equipment","item":"https:\/\/softplaysupply.com\/pcategory\/indoor-playground-equipment\/"},{"@type":"ListItem","position":3,"name":"Amusement Animal &#038; Forest Theme Indoor Playground Soft Play Maze"}]},{"@type":"WebSite","@id":"https:\/\/softplaysupply.com\/#website","url":"https:\/\/softplaysupply.com\/","name":"Dostawca mi\u0119kkich zabawek","description":"Dostawca mi\u0119kkich zabawek","publisher":{"@id":"https:\/\/softplaysupply.com\/#organization"},"potentialAction":[{"@type":"SearchAction","target":{"@type":"EntryPoint","urlTemplate":"https:\/\/softplaysupply.com\/?s={search_term_string}"},"query-input":{"@type":"PropertyValueSpecification","valueRequired":true,"valueName":"search_term_string"}}],"inLanguage":"pl-PL"},{"@type":"Organization","@id":"https:\/\/softplaysupply.com\/#organization","name":"Nanpak","url":"https:\/\/softplaysupply.com\/","logo":{"@type":"ImageObject","inLanguage":"pl-PL","@id":"https:\/\/softplaysupply.com\/#\/schema\/logo\/image\/","url":"https:\/\/softplaysupply.com\/wp-content\/uploads\/2025\/12\/cropped-mobile-logo.png","contentUrl":"https:\/\/softplaysupply.com\/wp-content\/uploads\/2025\/12\/cropped-mobile-logo.png","width":263,"height":84,"caption":"Nanpak"},"image":{"@id":"https:\/\/softplaysupply.com\/#\/schema\/logo\/image\/"}}]}},"taxonomy_info":{"pcategory":[{"value":5,"label":"Indoor Playground Equipment"},{"value":34,"label":"Themed Playground"}]},"featured_image_src_large":["https:\/\/softplaysupply.com\/wp-content\/uploads\/2026\/01\/forest-themed-playground-7-1.jpg",800,800,false],"author_info":[],"comment_info":"","_links":{"self":[{"href":"https:\/\/softplaysupply.com\/pl\/wp-json\/wp\/v2\/product\/3522","targetHints":{"allow":["GET"]}}],"collection":[{"href":"https:\/\/softplaysupply.com\/pl\/wp-json\/wp\/v2\/product"}],"about":[{"href":"https:\/\/softplaysupply.com\/pl\/wp-json\/wp\/v2\/types\/product"}],"wp:featuredmedia":[{"embeddable":true,"href":"https:\/\/softplaysupply.com\/pl\/wp-json\/wp\/v2\/media\/3540"}],"wp:attachment":[{"href":"https:\/\/softplaysupply.com\/pl\/wp-json\/wp\/v2\/media?parent=3522"}],"wp:term":[{"taxonomy":"pcategory","embeddable":true,"href":"https:\/\/softplaysupply.com\/pl\/wp-json\/wp\/v2\/pcategory?post=3522"},{"taxonomy":"ptag","embeddable":true,"href":"https:\/\/softplaysupply.com\/pl\/wp-json\/wp\/v2\/ptag?post=3522"}],"curies":[{"name":"wp","href":"https:\/\/api.w.org\/{rel}","templated":true}]}}