{"id":3492,"date":"2026-01-19T06:23:10","date_gmt":"2026-01-19T06:23:10","guid":{"rendered":"https:\/\/softplaysupply.com\/?post_type=product&#038;p=3492"},"modified":"2025-12-22T06:47:29","modified_gmt":"2025-12-22T06:47:29","slug":"interactive-spray-ball-machine","status":"publish","type":"product","link":"https:\/\/softplaysupply.com\/pl\/produkt\/interactive-spray-ball-machine\/","title":{"rendered":"Interaktywna maszyna do gry w pi\u0142ki Ocean Ball Sprinkler Ball Pit Balls Shower Game dla niegrzecznych dzieci Castle Indoor Playground"},"content":{"rendered":"<div style=\"background-color: #e3f2fd; padding: 25px; border-radius: 12px; margin: 25px 0; border-left: 6px solid #1976d2;\">Ten interaktywny system do zabawy pi\u0142kami zosta\u0142 specjalnie zaprojektowany z my\u015bl\u0105 o krytych placach zabaw i dmuchanych zamkach, aby zwi\u0119kszy\u0107 og\u00f3ln\u0105 warto\u015b\u0107 zabawy i atrakcyjno\u015b\u0107 wizualn\u0105. Dzi\u0119ki zastosowaniu systemu kontrolowanej cyrkulacji powietrza lekkie pi\u0142ki oceaniczne s\u0105 podnoszone, zawieszane i uwalniane w ci\u0105g\u0142ym ruchu, tworz\u0105c dynamiczne i anga\u017cuj\u0105ce \u015brodowisko do zabawy. W por\u00f3wnaniu z tradycyjnymi statycznymi basenami z pi\u0142kami, sprz\u0119t ten dodaje ruchu, emocji i stymulacji sensorycznej, zach\u0119caj\u0105c dzieci do aktywnego uczestnictwa, jednocze\u015bnie poprawiaj\u0105c koordynacj\u0119 wzrokowo-ruchow\u0105 i interakcje spo\u0142eczne. Przyci\u0105gaj\u0105cy wzrok efekt \u201cdeszczu pi\u0142ek\u201d szybko przyci\u0105ga uwag\u0119, pomaga operatorom plac\u00f3w zabaw wyd\u0142u\u017cy\u0107 czas przebywania dzieci na placu i zwi\u0119ksza liczb\u0119 powt\u00f3rnych wizyt, co sprawia, \u017ce jest to sprawdzone ulepszenie komercyjnych krytych plac\u00f3w zabaw.<img loading=\"lazy\" decoding=\"async\" class=\"alignnone size-full wp-image-3501\" src=\"https:\/\/softplaysupply.com\/wp-content\/uploads\/2026\/01\/Interactive-Spray-Ball-Machine-9.jpg\" alt=\"\" width=\"750\" height=\"596\" srcset=\"https:\/\/softplaysupply.com\/wp-content\/uploads\/2026\/01\/Interactive-Spray-Ball-Machine-9.jpg 750w, https:\/\/softplaysupply.com\/wp-content\/uploads\/2026\/01\/Interactive-Spray-Ball-Machine-9-300x238.jpg 300w, https:\/\/softplaysupply.com\/wp-content\/uploads\/2026\/01\/Interactive-Spray-Ball-Machine-9-15x12.jpg 15w\" sizes=\"auto, (max-width: 750px) 100vw, 750px\" \/> <img loading=\"lazy\" decoding=\"async\" class=\"alignnone size-full wp-image-3499\" src=\"https:\/\/softplaysupply.com\/wp-content\/uploads\/2026\/01\/Interactive-Spray-Ball-Machine-7.jpg\" alt=\"\" width=\"750\" height=\"460\" srcset=\"https:\/\/softplaysupply.com\/wp-content\/uploads\/2026\/01\/Interactive-Spray-Ball-Machine-7.jpg 750w, https:\/\/softplaysupply.com\/wp-content\/uploads\/2026\/01\/Interactive-Spray-Ball-Machine-7-300x184.jpg 300w, https:\/\/softplaysupply.com\/wp-content\/uploads\/2026\/01\/Interactive-Spray-Ball-Machine-7-18x12.jpg 18w\" sizes=\"auto, (max-width: 750px) 100vw, 750px\" \/> <img loading=\"lazy\" decoding=\"async\" class=\"alignnone size-full wp-image-3498\" src=\"https:\/\/softplaysupply.com\/wp-content\/uploads\/2026\/01\/Interactive-Spray-Ball-Machine-6.jpg\" alt=\"\" width=\"800\" height=\"800\" srcset=\"https:\/\/softplaysupply.com\/wp-content\/uploads\/2026\/01\/Interactive-Spray-Ball-Machine-6.jpg 800w, https:\/\/softplaysupply.com\/wp-content\/uploads\/2026\/01\/Interactive-Spray-Ball-Machine-6-300x300.jpg 300w, https:\/\/softplaysupply.com\/wp-content\/uploads\/2026\/01\/Interactive-Spray-Ball-Machine-6-150x150.jpg 150w, https:\/\/softplaysupply.com\/wp-content\/uploads\/2026\/01\/Interactive-Spray-Ball-Machine-6-768x768.jpg 768w, https:\/\/softplaysupply.com\/wp-content\/uploads\/2026\/01\/Interactive-Spray-Ball-Machine-6-12x12.jpg 12w\" sizes=\"auto, (max-width: 800px) 100vw, 800px\" \/> <img loading=\"lazy\" decoding=\"async\" class=\"alignnone size-full wp-image-3497\" src=\"https:\/\/softplaysupply.com\/wp-content\/uploads\/2026\/01\/Interactive-Spray-Ball-Machine-4.jpg\" alt=\"\" width=\"800\" height=\"800\" srcset=\"https:\/\/softplaysupply.com\/wp-content\/uploads\/2026\/01\/Interactive-Spray-Ball-Machine-4.jpg 800w, https:\/\/softplaysupply.com\/wp-content\/uploads\/2026\/01\/Interactive-Spray-Ball-Machine-4-300x300.jpg 300w, https:\/\/softplaysupply.com\/wp-content\/uploads\/2026\/01\/Interactive-Spray-Ball-Machine-4-150x150.jpg 150w, https:\/\/softplaysupply.com\/wp-content\/uploads\/2026\/01\/Interactive-Spray-Ball-Machine-4-768x768.jpg 768w, https:\/\/softplaysupply.com\/wp-content\/uploads\/2026\/01\/Interactive-Spray-Ball-Machine-4-12x12.jpg 12w\" sizes=\"auto, (max-width: 800px) 100vw, 800px\" \/> <img loading=\"lazy\" decoding=\"async\" class=\"alignnone size-full wp-image-3479\" src=\"https:\/\/softplaysupply.com\/wp-content\/uploads\/2026\/01\/Ocean-Ball-Spraying-for-Amusement-Parks-3.jpg\" alt=\"\" width=\"750\" height=\"1094\" srcset=\"https:\/\/softplaysupply.com\/wp-content\/uploads\/2026\/01\/Ocean-Ball-Spraying-for-Amusement-Parks-3.jpg 750w, https:\/\/softplaysupply.com\/wp-content\/uploads\/2026\/01\/Ocean-Ball-Spraying-for-Amusement-Parks-3-206x300.jpg 206w, https:\/\/softplaysupply.com\/wp-content\/uploads\/2026\/01\/Ocean-Ball-Spraying-for-Amusement-Parks-3-702x1024.jpg 702w, https:\/\/softplaysupply.com\/wp-content\/uploads\/2026\/01\/Ocean-Ball-Spraying-for-Amusement-Parks-3-8x12.jpg 8w\" sizes=\"auto, (max-width: 750px) 100vw, 750px\" \/> <img loading=\"lazy\" decoding=\"async\" class=\"alignnone size-full wp-image-3478\" src=\"https:\/\/softplaysupply.com\/wp-content\/uploads\/2026\/01\/Ocean-Ball-Spraying-for-Amusement-Parks-2.jpg\" alt=\"\" width=\"750\" height=\"1083\" srcset=\"https:\/\/softplaysupply.com\/wp-content\/uploads\/2026\/01\/Ocean-Ball-Spraying-for-Amusement-Parks-2.jpg 750w, https:\/\/softplaysupply.com\/wp-content\/uploads\/2026\/01\/Ocean-Ball-Spraying-for-Amusement-Parks-2-208x300.jpg 208w, https:\/\/softplaysupply.com\/wp-content\/uploads\/2026\/01\/Ocean-Ball-Spraying-for-Amusement-Parks-2-709x1024.jpg 709w, https:\/\/softplaysupply.com\/wp-content\/uploads\/2026\/01\/Ocean-Ball-Spraying-for-Amusement-Parks-2-8x12.jpg 8w\" sizes=\"auto, (max-width: 750px) 100vw, 750px\" \/> <img loading=\"lazy\" decoding=\"async\" class=\"alignnone size-full wp-image-3480\" src=\"https:\/\/softplaysupply.com\/wp-content\/uploads\/2026\/01\/Ocean-Ball-Spraying-for-Amusement-Parks-4.jpg\" alt=\"\" width=\"750\" height=\"1243\" srcset=\"https:\/\/softplaysupply.com\/wp-content\/uploads\/2026\/01\/Ocean-Ball-Spraying-for-Amusement-Parks-4.jpg 750w, https:\/\/softplaysupply.com\/wp-content\/uploads\/2026\/01\/Ocean-Ball-Spraying-for-Amusement-Parks-4-181x300.jpg 181w, https:\/\/softplaysupply.com\/wp-content\/uploads\/2026\/01\/Ocean-Ball-Spraying-for-Amusement-Parks-4-618x1024.jpg 618w, https:\/\/softplaysupply.com\/wp-content\/uploads\/2026\/01\/Ocean-Ball-Spraying-for-Amusement-Parks-4-7x12.jpg 7w\" sizes=\"auto, (max-width: 750px) 100vw, 750px\" \/> <img loading=\"lazy\" decoding=\"async\" class=\"alignnone size-full wp-image-3477\" src=\"https:\/\/softplaysupply.com\/wp-content\/uploads\/2026\/01\/Ocean-Ball-Spraying-for-Amusement-Parks-1.jpg\" alt=\"\" width=\"750\" height=\"1030\" srcset=\"https:\/\/softplaysupply.com\/wp-content\/uploads\/2026\/01\/Ocean-Ball-Spraying-for-Amusement-Parks-1.jpg 750w, https:\/\/softplaysupply.com\/wp-content\/uploads\/2026\/01\/Ocean-Ball-Spraying-for-Amusement-Parks-1-218x300.jpg 218w, https:\/\/softplaysupply.com\/wp-content\/uploads\/2026\/01\/Ocean-Ball-Spraying-for-Amusement-Parks-1-746x1024.jpg 746w, https:\/\/softplaysupply.com\/wp-content\/uploads\/2026\/01\/Ocean-Ball-Spraying-for-Amusement-Parks-1-9x12.jpg 9w\" sizes=\"auto, (max-width: 750px) 100vw, 750px\" \/><\/div>\n<div style=\"background-color: #fff3e0; padding: 25px; border-radius: 12px; margin: 25px 0; border-left: 6px solid #ff8f00;\">\n<p><strong style=\"font-size: 24px; color: #e65100;\">Kluczowe cechy<\/strong><\/p>\n<ul style=\"font-size: 18px; line-height: 1.8; color: #bf360c; margin-left: 20px; margin-top: 15px;\">\n<li>Ci\u0105g\u0142a cyrkulacja pi\u0142ki tworzy \u017cyw\u0105 i przyci\u0105gaj\u0105c\u0105 wzrok stref\u0119 zabawy.<\/li>\n<li>Wzbogaca interakcj\u0119, stymulacj\u0119 sensoryczn\u0105 i zabaw\u0119 w grupie.<\/li>\n<li>Bezpieczny system przep\u0142ywu powietrza zaprojektowany specjalnie dla dzieci<\/li>\n<li>Wytrzyma\u0142a konstrukcja odpowiednia do d\u0142ugotrwa\u0142ego u\u017cytkowania w pomieszczeniach komercyjnych<\/li>\n<li>\u0141atwa instalacja i prosta obs\u0142uga na co dzie\u0144<\/li>\n<\/ul>\n<\/div>\n<div style=\"background-color: #e8f5e8; padding: 25px; border-radius: 12px; margin: 25px 0; border-left: 6px solid #388e3c;\">\n<p><strong style=\"font-size: 24px; color: #2e7d32;\">Do\u015bwiadczenie gry<\/strong><\/p>\n<p style=\"font-size: 18px; line-height: 1.8; color: #1b5e20; margin-top: 15px;\">Dzieci uwielbiaj\u0105 patrze\u0107, jak pi\u0142ki oceaniczne unosz\u0105 si\u0119 i opadaj\u0105, zamieniaj\u0105c zwyk\u0142e baseny z pi\u0142eczkami w interaktywne i wci\u0105gaj\u0105ce miejsca do zabawy. Ten dynamiczny ruch sprawia, \u017ce dzieci s\u0105 d\u0142u\u017cej zaanga\u017cowane i zach\u0119ca je do wielokrotnej zabawy, zwi\u0119kszaj\u0105c og\u00f3ln\u0105 satysfakcj\u0119 klient\u00f3w.<\/p>\n<p style=\"font-size: 18px; line-height: 1.8; color: #1b5e20;\">System dzia\u0142a z p\u0142ynnym efektem wodospadu bil bilardowych, umo\u017cliwiaj\u0105c naturaln\u0105 cyrkulacj\u0119 bil w zamkni\u0119tych obszarach bez ostrych kraw\u0119dzi i zagro\u017ce\u0144 mechanicznych, zapewniaj\u0105c bezpieczne i przyjemne wra\u017cenia.<\/p>\n<\/div>\n<div style=\"background-color: #fce4ec; padding: 25px; border-radius: 12px; margin: 25px 0; border-left: 6px solid #c2185b;\">\n<p><strong style=\"font-size: 24px; color: #880e4f;\">Zastosowania<\/strong><\/p>\n<ul style=\"font-size: 18px; line-height: 1.8; color: #880e4f; margin-left: 20px; margin-top: 15px;\">\n<li>Kryte place zabaw<\/li>\n<li>Niegrzeczne zamki<\/li>\n<li>Strefy zabaw w centrach handlowych<\/li>\n<li>Kawiarnie dla dzieci i centra rozrywki dla rodzin<\/li>\n<li>Wynajem sprz\u0119tu imprezowego i organizacja wydarze\u0144<\/li>\n<\/ul>\n<p style=\"font-size: 18px; line-height: 1.8; color: #880e4f; margin-top: 15px;\">Dzia\u0142a r\u00f3wnie\u017c jako interaktywna maszyna do nadmuchiwania pi\u0142ek, co czyni j\u0105 idealnym rozwi\u0105zaniem dla operator\u00f3w, kt\u00f3rzy chc\u0105 zmodernizowa\u0107 istniej\u0105ce place zabaw bez wi\u0119kszych zmian konstrukcyjnych.<\/p>\n<\/div>\n<div style=\"background-color: #f3e5f5; padding: 25px; border-radius: 12px; margin: 25px 0; border-left: 6px solid #7b1fa2;\">\n<p><strong style=\"font-size: 24px; color: #4a148c;\">Dostosowanie i dostawa<\/strong><\/p>\n<ul style=\"font-size: 18px; line-height: 1.8; color: #4a148c; margin-left: 20px; margin-top: 15px;\">\n<li>Dost\u0119pne s\u0105 niestandardowe rozmiary i uk\u0142ady<\/li>\n<li>Opcjonalne kolory i ilo\u015bci pi\u0142ek oceanicznych<\/li>\n<li>Obs\u0142uga OEM i ODM<\/li>\n<li>Bezpo\u015brednia dostawa z fabryki po konkurencyjnych cenach<\/li>\n<\/ul>\n<p style=\"font-size: 18px; line-height: 1.8; color: #004d40; margin-top: 20px; text-align: center; font-weight: bold; background-color: #fff176; padding: 15px; border-radius: 8px;\">Produkt ten, zaprojektowany z my\u015bl\u0105 o rynku plac\u00f3w zabaw w pomieszczeniach, jest odpowiedni dla operator\u00f3w komercyjnych plac\u00f3w zabaw w pomieszczeniach, kt\u00f3rzy chc\u0105 przyci\u0105gn\u0105\u0107 wi\u0119cej rodzin, poprawi\u0107 jako\u015b\u0107 zabawy i zwi\u0119kszy\u0107 liczb\u0119 powt\u00f3rnych wizyt.<\/p>\n<p style=\"font-size: 18px; line-height: 1.8; color: #d32f2f; text-align: center; font-weight: bold; margin-top: 15px;\">Skontaktuj si\u0119 z nami ju\u017c dzi\u015b, aby uzyska\u0107 informacje na temat cen, opcji dostosowywania i rozwi\u0105za\u0144 w zakresie wysy\u0142ki. .<\/p>\n<div style=\"width: 720px;\" class=\"wp-video\"><video class=\"wp-video-shortcode\" id=\"video-3492-1\" width=\"720\" height=\"1280\" preload=\"metadata\" controls=\"controls\"><source type=\"video\/mp4\" src=\"https:\/\/softplaysupply.com\/wp-content\/uploads\/2026\/01\/Interactive-Spray-Ball-Machine.mp4?_=1\" \/><a href=\"https:\/\/softplaysupply.com\/wp-content\/uploads\/2026\/01\/Interactive-Spray-Ball-Machine.mp4\">https:\/\/softplaysupply.com\/wp-content\/uploads\/2026\/01\/Interactive-Spray-Ball-Machine.mp4<\/a><\/video><\/div>\n<p>&nbsp;<\/p>\n<\/div>","protected":false},"excerpt":{"rendered":"<p>Ten interaktywny system do zabawy pi\u0142kami zosta\u0142 specjalnie zaprojektowany z my\u015bl\u0105 o krytych placach zabaw i dmuchanych zamkach, aby zwi\u0119kszy\u0107 og\u00f3ln\u0105 warto\u015b\u0107 zabawy i atrakcyjno\u015b\u0107 wizualn\u0105. Dzi\u0119ki zastosowaniu systemu kontrolowanego obiegu powietrza lekkie pi\u0142ki oceaniczne s\u0105 podnoszone, zawieszane i uwalniane w ci\u0105g\u0142ym ruchu, tworz\u0105c dynamiczne i anga\u017cuj\u0105ce \u015brodowisko do zabawy. W por\u00f3wnaniu z tradycyjnymi statycznymi basenami z pi\u0142kami, ten...<\/p>","protected":false},"featured_media":3496,"parent":0,"template":"","meta":{"_acf_changed":false,"_kad_blocks_custom_css":"","_kad_blocks_head_custom_js":"","_kad_blocks_body_custom_js":"","_kad_blocks_footer_custom_js":"","_kadence_starter_templates_imported_post":false,"_kad_post_transparent":"default","_kad_post_title":"","_kad_post_layout":"default","_kad_post_sidebar_id":"","_kad_post_content_style":"default","_kad_post_vertical_padding":"default","_kad_post_feature":"","_kad_post_feature_position":"","_kad_post_header":false,"_kad_post_footer":false},"pcategory":[26],"ptag":[],"class_list":["post-3492","product","type-product","status-publish","has-post-thumbnail","hentry","pcategory-cannon-ball-blower"],"acf":[],"yoast_head":"<!-- This site is optimized with the Yoast SEO plugin v26.8 - https:\/\/yoast.com\/product\/yoast-seo-wordpress\/ -->\n<title>Interactive Spray Ball Machine Ocean Ball Sprinkler Ball Pit Balls Shower Game for Naughty Castle Indoor Playground<\/title>\n<meta name=\"robots\" content=\"index, follow, max-snippet:-1, max-image-preview:large, max-video-preview:-1\" \/>\n<link rel=\"canonical\" href=\"https:\/\/softplaysupply.com\/pl\/produkt\/interactive-spray-ball-machine\/\" \/>\n<meta property=\"og:locale\" content=\"pl_PL\" \/>\n<meta property=\"og:type\" content=\"article\" \/>\n<meta property=\"og:title\" content=\"Interactive Spray Ball Machine Ocean Ball Sprinkler Ball Pit Balls Shower Game for Naughty Castle Indoor Playground\" \/>\n<meta property=\"og:description\" content=\"This interactive ball play system is specially designed for indoor playgrounds and naughty castles to enhance overall play value and visual attraction. By using a controlled airflow circulation system, lightweight ocean balls are lifted, suspended, and released in a continuous motion, creating a dynamic and engaging play environment. Compared with traditional static ball pits, this...\" \/>\n<meta property=\"og:url\" content=\"https:\/\/softplaysupply.com\/pl\/produkt\/interactive-spray-ball-machine\/\" \/>\n<meta property=\"og:site_name\" content=\"Nanpak\" \/>\n<meta property=\"og:image\" content=\"https:\/\/softplaysupply.com\/wp-content\/uploads\/2026\/01\/Interactive-Spray-Ball-Machine-3.jpg\" \/>\n\t<meta property=\"og:image:width\" content=\"800\" \/>\n\t<meta property=\"og:image:height\" content=\"800\" \/>\n\t<meta property=\"og:image:type\" content=\"image\/jpeg\" \/>\n<meta name=\"twitter:card\" content=\"summary_large_image\" \/>\n<meta name=\"twitter:label1\" content=\"Szacowany czas czytania\" \/>\n\t<meta name=\"twitter:data1\" content=\"4 minuty\" \/>\n<script type=\"application\/ld+json\" class=\"yoast-schema-graph\">{\"@context\":\"https:\/\/schema.org\",\"@graph\":[{\"@type\":\"WebPage\",\"@id\":\"https:\/\/softplaysupply.com\/product\/interactive-spray-ball-machine\/\",\"url\":\"https:\/\/softplaysupply.com\/product\/interactive-spray-ball-machine\/\",\"name\":\"Interactive Spray Ball Machine Ocean Ball Sprinkler Ball Pit Balls Shower Game for Naughty Castle Indoor Playground\",\"isPartOf\":{\"@id\":\"https:\/\/softplaysupply.com\/#website\"},\"primaryImageOfPage\":{\"@id\":\"https:\/\/softplaysupply.com\/product\/interactive-spray-ball-machine\/#primaryimage\"},\"image\":{\"@id\":\"https:\/\/softplaysupply.com\/product\/interactive-spray-ball-machine\/#primaryimage\"},\"thumbnailUrl\":\"https:\/\/softplaysupply.com\/wp-content\/uploads\/2026\/01\/Interactive-Spray-Ball-Machine-3.jpg\",\"datePublished\":\"2026-01-19T06:23:10+00:00\",\"breadcrumb\":{\"@id\":\"https:\/\/softplaysupply.com\/product\/interactive-spray-ball-machine\/#breadcrumb\"},\"inLanguage\":\"pl-PL\",\"potentialAction\":[{\"@type\":\"ReadAction\",\"target\":[\"https:\/\/softplaysupply.com\/product\/interactive-spray-ball-machine\/\"]}]},{\"@type\":\"ImageObject\",\"inLanguage\":\"pl-PL\",\"@id\":\"https:\/\/softplaysupply.com\/product\/interactive-spray-ball-machine\/#primaryimage\",\"url\":\"https:\/\/softplaysupply.com\/wp-content\/uploads\/2026\/01\/Interactive-Spray-Ball-Machine-3.jpg\",\"contentUrl\":\"https:\/\/softplaysupply.com\/wp-content\/uploads\/2026\/01\/Interactive-Spray-Ball-Machine-3.jpg\",\"width\":800,\"height\":800,\"caption\":\"Interactive Spray Ball Machine\"},{\"@type\":\"BreadcrumbList\",\"@id\":\"https:\/\/softplaysupply.com\/product\/interactive-spray-ball-machine\/#breadcrumb\",\"itemListElement\":[{\"@type\":\"ListItem\",\"position\":1,\"name\":\"Home\",\"item\":\"https:\/\/softplaysupply.com\/\"},{\"@type\":\"ListItem\",\"position\":2,\"name\":\"Cannon Ball Blower\",\"item\":\"https:\/\/softplaysupply.com\/pcategory\/cannon-ball-blower\/\"},{\"@type\":\"ListItem\",\"position\":3,\"name\":\"Interactive Spray Ball Machine Ocean Ball Sprinkler Ball Pit Balls Shower Game for Naughty Castle Indoor Playground\"}]},{\"@type\":\"WebSite\",\"@id\":\"https:\/\/softplaysupply.com\/#website\",\"url\":\"https:\/\/softplaysupply.com\/\",\"name\":\"Soft Play Supplier\",\"description\":\"Soft Play Supplier\",\"publisher\":{\"@id\":\"https:\/\/softplaysupply.com\/#organization\"},\"potentialAction\":[{\"@type\":\"SearchAction\",\"target\":{\"@type\":\"EntryPoint\",\"urlTemplate\":\"https:\/\/softplaysupply.com\/?s={search_term_string}\"},\"query-input\":{\"@type\":\"PropertyValueSpecification\",\"valueRequired\":true,\"valueName\":\"search_term_string\"}}],\"inLanguage\":\"pl-PL\"},{\"@type\":\"Organization\",\"@id\":\"https:\/\/softplaysupply.com\/#organization\",\"name\":\"Nanpak\",\"url\":\"https:\/\/softplaysupply.com\/\",\"logo\":{\"@type\":\"ImageObject\",\"inLanguage\":\"pl-PL\",\"@id\":\"https:\/\/softplaysupply.com\/#\/schema\/logo\/image\/\",\"url\":\"https:\/\/softplaysupply.com\/wp-content\/uploads\/2025\/12\/cropped-mobile-logo.png\",\"contentUrl\":\"https:\/\/softplaysupply.com\/wp-content\/uploads\/2025\/12\/cropped-mobile-logo.png\",\"width\":263,\"height\":84,\"caption\":\"Nanpak\"},\"image\":{\"@id\":\"https:\/\/softplaysupply.com\/#\/schema\/logo\/image\/\"}}]}<\/script>\n<!-- \/ Yoast SEO plugin. -->","yoast_head_json":{"title":"Interaktywna maszyna do gry w pi\u0142ki Ocean Ball Sprinkler Ball Pit Balls Shower Game dla niegrzecznych dzieci Castle Indoor Playground","robots":{"index":"index","follow":"follow","max-snippet":"max-snippet:-1","max-image-preview":"max-image-preview:large","max-video-preview":"max-video-preview:-1"},"canonical":"https:\/\/softplaysupply.com\/pl\/produkt\/interactive-spray-ball-machine\/","og_locale":"pl_PL","og_type":"article","og_title":"Interactive Spray Ball Machine Ocean Ball Sprinkler Ball Pit Balls Shower Game for Naughty Castle Indoor Playground","og_description":"This interactive ball play system is specially designed for indoor playgrounds and naughty castles to enhance overall play value and visual attraction. By using a controlled airflow circulation system, lightweight ocean balls are lifted, suspended, and released in a continuous motion, creating a dynamic and engaging play environment. Compared with traditional static ball pits, this...","og_url":"https:\/\/softplaysupply.com\/pl\/produkt\/interactive-spray-ball-machine\/","og_site_name":"Nanpak","og_image":[{"width":800,"height":800,"url":"https:\/\/softplaysupply.com\/wp-content\/uploads\/2026\/01\/Interactive-Spray-Ball-Machine-3.jpg","type":"image\/jpeg"}],"twitter_card":"summary_large_image","twitter_misc":{"Szacowany czas czytania":"4 minuty"},"schema":{"@context":"https:\/\/schema.org","@graph":[{"@type":"WebPage","@id":"https:\/\/softplaysupply.com\/product\/interactive-spray-ball-machine\/","url":"https:\/\/softplaysupply.com\/product\/interactive-spray-ball-machine\/","name":"Interaktywna maszyna do gry w pi\u0142ki Ocean Ball Sprinkler Ball Pit Balls Shower Game dla niegrzecznych dzieci Castle Indoor Playground","isPartOf":{"@id":"https:\/\/softplaysupply.com\/#website"},"primaryImageOfPage":{"@id":"https:\/\/softplaysupply.com\/product\/interactive-spray-ball-machine\/#primaryimage"},"image":{"@id":"https:\/\/softplaysupply.com\/product\/interactive-spray-ball-machine\/#primaryimage"},"thumbnailUrl":"https:\/\/softplaysupply.com\/wp-content\/uploads\/2026\/01\/Interactive-Spray-Ball-Machine-3.jpg","datePublished":"2026-01-19T06:23:10+00:00","breadcrumb":{"@id":"https:\/\/softplaysupply.com\/product\/interactive-spray-ball-machine\/#breadcrumb"},"inLanguage":"pl-PL","potentialAction":[{"@type":"ReadAction","target":["https:\/\/softplaysupply.com\/product\/interactive-spray-ball-machine\/"]}]},{"@type":"ImageObject","inLanguage":"pl-PL","@id":"https:\/\/softplaysupply.com\/product\/interactive-spray-ball-machine\/#primaryimage","url":"https:\/\/softplaysupply.com\/wp-content\/uploads\/2026\/01\/Interactive-Spray-Ball-Machine-3.jpg","contentUrl":"https:\/\/softplaysupply.com\/wp-content\/uploads\/2026\/01\/Interactive-Spray-Ball-Machine-3.jpg","width":800,"height":800,"caption":"Interactive Spray Ball Machine"},{"@type":"BreadcrumbList","@id":"https:\/\/softplaysupply.com\/product\/interactive-spray-ball-machine\/#breadcrumb","itemListElement":[{"@type":"ListItem","position":1,"name":"Home","item":"https:\/\/softplaysupply.com\/"},{"@type":"ListItem","position":2,"name":"Cannon Ball Blower","item":"https:\/\/softplaysupply.com\/pcategory\/cannon-ball-blower\/"},{"@type":"ListItem","position":3,"name":"Interactive Spray Ball Machine Ocean Ball Sprinkler Ball Pit Balls Shower Game for Naughty Castle Indoor Playground"}]},{"@type":"WebSite","@id":"https:\/\/softplaysupply.com\/#website","url":"https:\/\/softplaysupply.com\/","name":"Dostawca mi\u0119kkich zabawek","description":"Dostawca mi\u0119kkich zabawek","publisher":{"@id":"https:\/\/softplaysupply.com\/#organization"},"potentialAction":[{"@type":"SearchAction","target":{"@type":"EntryPoint","urlTemplate":"https:\/\/softplaysupply.com\/?s={search_term_string}"},"query-input":{"@type":"PropertyValueSpecification","valueRequired":true,"valueName":"search_term_string"}}],"inLanguage":"pl-PL"},{"@type":"Organization","@id":"https:\/\/softplaysupply.com\/#organization","name":"Nanpak","url":"https:\/\/softplaysupply.com\/","logo":{"@type":"ImageObject","inLanguage":"pl-PL","@id":"https:\/\/softplaysupply.com\/#\/schema\/logo\/image\/","url":"https:\/\/softplaysupply.com\/wp-content\/uploads\/2025\/12\/cropped-mobile-logo.png","contentUrl":"https:\/\/softplaysupply.com\/wp-content\/uploads\/2025\/12\/cropped-mobile-logo.png","width":263,"height":84,"caption":"Nanpak"},"image":{"@id":"https:\/\/softplaysupply.com\/#\/schema\/logo\/image\/"}}]}},"taxonomy_info":{"pcategory":[{"value":26,"label":"Cannon Ball Blower"}]},"featured_image_src_large":["https:\/\/softplaysupply.com\/wp-content\/uploads\/2026\/01\/Interactive-Spray-Ball-Machine-3.jpg",800,800,false],"author_info":[],"comment_info":"","_links":{"self":[{"href":"https:\/\/softplaysupply.com\/pl\/wp-json\/wp\/v2\/product\/3492","targetHints":{"allow":["GET"]}}],"collection":[{"href":"https:\/\/softplaysupply.com\/pl\/wp-json\/wp\/v2\/product"}],"about":[{"href":"https:\/\/softplaysupply.com\/pl\/wp-json\/wp\/v2\/types\/product"}],"wp:featuredmedia":[{"embeddable":true,"href":"https:\/\/softplaysupply.com\/pl\/wp-json\/wp\/v2\/media\/3496"}],"wp:attachment":[{"href":"https:\/\/softplaysupply.com\/pl\/wp-json\/wp\/v2\/media?parent=3492"}],"wp:term":[{"taxonomy":"pcategory","embeddable":true,"href":"https:\/\/softplaysupply.com\/pl\/wp-json\/wp\/v2\/pcategory?post=3492"},{"taxonomy":"ptag","embeddable":true,"href":"https:\/\/softplaysupply.com\/pl\/wp-json\/wp\/v2\/ptag?post=3492"}],"curies":[{"name":"wp","href":"https:\/\/api.w.org\/{rel}","templated":true}]}}