{"id":3470,"date":"2026-01-13T03:54:57","date_gmt":"2026-01-13T03:54:57","guid":{"rendered":"https:\/\/softplaysupply.com\/?post_type=product&#038;p=3470"},"modified":"2025-12-22T04:47:59","modified_gmt":"2025-12-22T04:47:59","slug":"mortar-cannon-ball-blaster","status":"publish","type":"product","link":"https:\/\/softplaysupply.com\/pl\/produkt\/mortar-cannon-ball-blaster\/","title":{"rendered":"Wewn\u0119trzny plac zabaw Obrotowa wyrzutnia kul armatnich z wyrzutni\u0105 kul i wyrzutni\u0105"},"content":{"rendered":"<p>Wewn\u0119trzny plac zabaw Rotate Mortar Cannon Ball Blaster Machine Equipment z Ball Shooter i Launcher to nowoczesne i interaktywne rozwi\u0105zanie zabawowe przeznaczone do wewn\u0119trznych obiekt\u00f3w rozrywkowych. \u0141\u0105czy w sobie bezpiecze\u0144stwo, trwa\u0142o\u015b\u0107 i emocje, dzi\u0119ki czemu idealnie nadaje si\u0119 do centr\u00f3w handlowych, przedszkoli, rodzinnych centr\u00f3w rozrywki i wewn\u0119trznych plac\u00f3w zabaw. Mortar Cannon Ball Blaster zosta\u0142 specjalnie zaprojektowany do wystrzeliwania mi\u0119kkich pi\u0142ek w zabawny i anga\u017cuj\u0105cy spos\u00f3b, zapewniaj\u0105c jednocze\u015bnie obs\u0142ug\u0119 przyjazn\u0105 dla dzieci.<\/p>\n<div style=\"width: 480px;\" class=\"wp-video\"><video class=\"wp-video-shortcode\" id=\"video-3470-1\" width=\"480\" height=\"480\" preload=\"metadata\" controls=\"controls\"><source type=\"video\/mp4\" src=\"https:\/\/softplaysupply.com\/wp-content\/uploads\/2026\/01\/Cannon-Ball-Blaster.mp4?_=1\" \/><a href=\"https:\/\/softplaysupply.com\/wp-content\/uploads\/2026\/01\/Cannon-Ball-Blaster.mp4\">https:\/\/softplaysupply.com\/wp-content\/uploads\/2026\/01\/Cannon-Ball-Blaster.mp4<\/a><\/video><\/div>\n<p><strong>Co to jest mo\u017adzierzowa wyrzutnia kul<\/strong><\/p>\n<p>Mortar Cannon Ball Blaster to rekreacyjne urz\u0105dzenie do zabawy w pomieszczeniach, s\u0142u\u017c\u0105ce do rozpryskiwania lub wystrzeliwania wielu mi\u0119kkich pi\u0142ek za pomoc\u0105 kontrolowanego strumienia powietrza. Urz\u0105dzenie zazwyczaj sk\u0142ada si\u0119 z obrotowej lufy, systemu \u0142adowania pi\u0142ek oraz mechanizmu dmuchawy nap\u0119dzanej powietrzem. W przeciwie\u0144stwie do wyrzutni jednokrotnego u\u017cytku, Mortar Cannon Ball Blaster tworzy efekt ci\u0105g\u0142ego rozpryskiwania, wystrzeliwuj\u0105c wiele pi\u0142ek jednocze\u015bnie, co zwi\u0119ksza efekt wizualny i interakcj\u0119. Tego typu sprz\u0119t jest szeroko stosowany w strefach do gry w pit ball oraz interaktywnych obszarach sensorycznych. Stanowi bezpieczn\u0105 alternatyw\u0119 dla tradycyjnych zabawek wystrzeliwuj\u0105cych pociski i zach\u0119ca do zabawy w grupie.<\/p>\n<p><img loading=\"lazy\" decoding=\"async\" class=\"alignnone size-full wp-image-3480\" src=\"https:\/\/softplaysupply.com\/wp-content\/uploads\/2026\/01\/Ocean-Ball-Spraying-for-Amusement-Parks-4.jpg\" alt=\"\" width=\"750\" height=\"1243\" srcset=\"https:\/\/softplaysupply.com\/wp-content\/uploads\/2026\/01\/Ocean-Ball-Spraying-for-Amusement-Parks-4.jpg 750w, https:\/\/softplaysupply.com\/wp-content\/uploads\/2026\/01\/Ocean-Ball-Spraying-for-Amusement-Parks-4-181x300.jpg 181w, https:\/\/softplaysupply.com\/wp-content\/uploads\/2026\/01\/Ocean-Ball-Spraying-for-Amusement-Parks-4-618x1024.jpg 618w, https:\/\/softplaysupply.com\/wp-content\/uploads\/2026\/01\/Ocean-Ball-Spraying-for-Amusement-Parks-4-7x12.jpg 7w\" sizes=\"auto, (max-width: 750px) 100vw, 750px\" \/> <img loading=\"lazy\" decoding=\"async\" class=\"alignnone size-full wp-image-3479\" src=\"https:\/\/softplaysupply.com\/wp-content\/uploads\/2026\/01\/Ocean-Ball-Spraying-for-Amusement-Parks-3.jpg\" alt=\"\" width=\"750\" height=\"1094\" srcset=\"https:\/\/softplaysupply.com\/wp-content\/uploads\/2026\/01\/Ocean-Ball-Spraying-for-Amusement-Parks-3.jpg 750w, https:\/\/softplaysupply.com\/wp-content\/uploads\/2026\/01\/Ocean-Ball-Spraying-for-Amusement-Parks-3-206x300.jpg 206w, https:\/\/softplaysupply.com\/wp-content\/uploads\/2026\/01\/Ocean-Ball-Spraying-for-Amusement-Parks-3-702x1024.jpg 702w, https:\/\/softplaysupply.com\/wp-content\/uploads\/2026\/01\/Ocean-Ball-Spraying-for-Amusement-Parks-3-8x12.jpg 8w\" sizes=\"auto, (max-width: 750px) 100vw, 750px\" \/> <img loading=\"lazy\" decoding=\"async\" class=\"alignnone size-full wp-image-3478\" src=\"https:\/\/softplaysupply.com\/wp-content\/uploads\/2026\/01\/Ocean-Ball-Spraying-for-Amusement-Parks-2.jpg\" alt=\"\" width=\"750\" height=\"1083\" srcset=\"https:\/\/softplaysupply.com\/wp-content\/uploads\/2026\/01\/Ocean-Ball-Spraying-for-Amusement-Parks-2.jpg 750w, https:\/\/softplaysupply.com\/wp-content\/uploads\/2026\/01\/Ocean-Ball-Spraying-for-Amusement-Parks-2-208x300.jpg 208w, https:\/\/softplaysupply.com\/wp-content\/uploads\/2026\/01\/Ocean-Ball-Spraying-for-Amusement-Parks-2-709x1024.jpg 709w, https:\/\/softplaysupply.com\/wp-content\/uploads\/2026\/01\/Ocean-Ball-Spraying-for-Amusement-Parks-2-8x12.jpg 8w\" sizes=\"auto, (max-width: 750px) 100vw, 750px\" \/> <img loading=\"lazy\" decoding=\"async\" class=\"alignnone size-full wp-image-3477\" src=\"https:\/\/softplaysupply.com\/wp-content\/uploads\/2026\/01\/Ocean-Ball-Spraying-for-Amusement-Parks-1.jpg\" alt=\"\" width=\"750\" height=\"1030\" srcset=\"https:\/\/softplaysupply.com\/wp-content\/uploads\/2026\/01\/Ocean-Ball-Spraying-for-Amusement-Parks-1.jpg 750w, https:\/\/softplaysupply.com\/wp-content\/uploads\/2026\/01\/Ocean-Ball-Spraying-for-Amusement-Parks-1-218x300.jpg 218w, https:\/\/softplaysupply.com\/wp-content\/uploads\/2026\/01\/Ocean-Ball-Spraying-for-Amusement-Parks-1-746x1024.jpg 746w, https:\/\/softplaysupply.com\/wp-content\/uploads\/2026\/01\/Ocean-Ball-Spraying-for-Amusement-Parks-1-9x12.jpg 9w\" sizes=\"auto, (max-width: 750px) 100vw, 750px\" \/> \u00a0<img loading=\"lazy\" decoding=\"async\" class=\"alignnone size-full wp-image-3473\" src=\"https:\/\/softplaysupply.com\/wp-content\/uploads\/2026\/01\/Cannon-Ball-Blaster-Machine-2.jpg\" alt=\"\" width=\"800\" height=\"800\" srcset=\"https:\/\/softplaysupply.com\/wp-content\/uploads\/2026\/01\/Cannon-Ball-Blaster-Machine-2.jpg 800w, https:\/\/softplaysupply.com\/wp-content\/uploads\/2026\/01\/Cannon-Ball-Blaster-Machine-2-300x300.jpg 300w, https:\/\/softplaysupply.com\/wp-content\/uploads\/2026\/01\/Cannon-Ball-Blaster-Machine-2-150x150.jpg 150w, https:\/\/softplaysupply.com\/wp-content\/uploads\/2026\/01\/Cannon-Ball-Blaster-Machine-2-768x768.jpg 768w, https:\/\/softplaysupply.com\/wp-content\/uploads\/2026\/01\/Cannon-Ball-Blaster-Machine-2-12x12.jpg 12w\" sizes=\"auto, (max-width: 800px) 100vw, 800px\" \/>\u00a0<img loading=\"lazy\" decoding=\"async\" class=\"alignnone size-full wp-image-3475\" src=\"https:\/\/softplaysupply.com\/wp-content\/uploads\/2026\/01\/Cannon-Ball-Blaster-Machine-4.jpg\" alt=\"Wyrzutnia kul armatnich\" width=\"800\" height=\"800\" srcset=\"https:\/\/softplaysupply.com\/wp-content\/uploads\/2026\/01\/Cannon-Ball-Blaster-Machine-4.jpg 800w, https:\/\/softplaysupply.com\/wp-content\/uploads\/2026\/01\/Cannon-Ball-Blaster-Machine-4-300x300.jpg 300w, https:\/\/softplaysupply.com\/wp-content\/uploads\/2026\/01\/Cannon-Ball-Blaster-Machine-4-150x150.jpg 150w, https:\/\/softplaysupply.com\/wp-content\/uploads\/2026\/01\/Cannon-Ball-Blaster-Machine-4-768x768.jpg 768w, https:\/\/softplaysupply.com\/wp-content\/uploads\/2026\/01\/Cannon-Ball-Blaster-Machine-4-12x12.jpg 12w\" sizes=\"auto, (max-width: 800px) 100vw, 800px\" \/><\/p>\n<p><strong>Ulepszone wra\u017cenia z zabawy w pomieszczeniach<\/strong><\/p>\n<p>Wewn\u0119trzny plac zabaw Rotate Mortar Cannon Ball Blaster Machine znacznie poprawia og\u00f3lne wra\u017cenia z zabawy. Interakcja nap\u0119dzana powietrzem sprawia, \u017ce dzieci s\u0105 aktywne i zaanga\u017cowane. Funkcja obrotu do 45 stopni pozwala graczom zmienia\u0107 kierunek i odkrywa\u0107 r\u00f3\u017cne k\u0105ty zabawy. Dzi\u0119ki temu Mortar Cannon Ball Blaster jest bardziej dynamiczny ni\u017c sta\u0142e wyrzutnie pi\u0142ek.<\/p>\n<p>Ruch rzucania i wystrzeliwania dodaje emocji zabawie w basenie z pi\u0142eczkami. Dzieci mog\u0105 celowa\u0107, rzuca\u0107 i obserwowa\u0107, jak wiele pi\u0142eczek leci w powietrzu, zapewniaj\u0105c nieko\u0144cz\u0105c\u0105 si\u0119 zabaw\u0119.<\/p>\n<p><strong>Bezpieczna i przyjazna dla dzieci konstrukcja<\/strong><\/p>\n<p>Bezpiecze\u0144stwo to jedna z g\u0142\u00f3wnych zalet wyrzutni Mortar Cannon Ball Blaster. Wykorzystuje ona lekkie piankowe pi\u0142ki lub mi\u0119kkie pi\u0142ki oceaniczne, kt\u00f3re s\u0105 bezpieczne dla dzieci w r\u00f3\u017cnym wieku. Intensywno\u015b\u0107 przep\u0142ywu powietrza mo\u017cna regulowa\u0107, co pozwala operatorom kontrolowa\u0107 pr\u0119dko\u015b\u0107 pi\u0142ek i si\u0142\u0119 wyrzutu.<\/p>\n<p>Dzi\u0119ki temu Mortar Cannon Ball Blaster jest odpowiedni zar\u00f3wno dla m\u0142odszych, jak i starszych dzieci, zapewniaj\u0105c integracyjne wykorzystanie placu zabaw w pomieszczeniach.<\/p>\n<p><strong>Trwa\u0142e materia\u0142y i konstrukcja OEM<\/strong><\/p>\n<p>Ten sprz\u0119t do zabawy w pomieszczeniach jest zrobiony z wysokiej jako\u015bci materia\u0142\u00f3w. Przezroczyste cz\u0119\u015bci s\u0105 z akrylu, a do tego s\u0105 panele z PE, plastik ABS, stalowa konstrukcja i pokrycie ze sk\u00f3ry PU. Dzi\u0119ki tym materia\u0142om Mortar Cannon Ball Blaster wygl\u0105da realistycznie i ma luksusowe wyko\u0144czenie, a do tego jest trwa\u0142y.<\/p>\n<p><strong>Funkcjonalne zastosowania na krytych placach zabaw<\/strong><\/p>\n<p>Mortar Cannon Ball Blaster jest przeznaczony do zabawy pi\u0142kami w basenie i interakcji na krytych placach zabaw. Doskonale pasuje do stref sensorycznych, basen\u00f3w z pi\u0142eczkami i tematycznych przestrzeni zabaw. Mo\u017cna go r\u00f3wnie\u017c po\u0142\u0105czy\u0107 z Ocean Ball Shooter, aby stworzy\u0107 kompletny interaktywny system pi\u0142ek na placu zabaw.<\/p>\n<p>Ponadto urz\u0105dzenie mo\u017cna po\u0142\u0105czy\u0107 z wyrzutni\u0105 pi\u0142ek Pit Ball Launcher, aby stworzy\u0107 \u015brodowisko do rywalizacji lub wsp\u00f3\u0142pracy, kt\u00f3re promuje prac\u0119 zespo\u0142ow\u0105 i koordynacj\u0119.<\/p>\n<p><strong>Rozw\u00f3j umiej\u0119tno\u015bci i interaktywne korzy\u015bci<\/strong><\/p>\n<p>Korzystanie z mo\u017adzierza Mortar Cannon Ball Blaster pomaga dzieciom rozwija\u0107 koordynacj\u0119 wzrokowo-ruchow\u0105 i zdolno\u015bci motoryczne. Celowanie, obracanie i kontrolowanie przep\u0142ywu powietrza zach\u0119ca do ruchu fizycznego i strategicznego my\u015blenia. Zabawa w grupie przy u\u017cyciu mo\u017adzierza Mortar Cannon Ball Blaster sprzyja r\u00f3wnie\u017c interakcjom spo\u0142ecznym i pracy zespo\u0142owej.<\/p>\n<p>Dzi\u0119ki temu sprz\u0119t ten jest nie tylko zabawny, ale tak\u017ce edukacyjny w subtelny i przyjemny spos\u00f3b.<\/p>\n<p><strong>Dostosowywanie i integracja motyw\u00f3w<\/strong><\/p>\n<p>Wewn\u0119trzny plac zabaw Rotate Mortar Cannon Ball Blaster Machine mo\u017cna dostosowa\u0107 pod wzgl\u0119dem koloru, motywu i projektu. Motywy oceaniczne, nowoczesne style lub niestandardowe oznaczenia marki mo\u017cna zastosowa\u0107, aby dopasowa\u0107 je do og\u00f3lnej koncepcji placu zabaw. Ta elastyczno\u015b\u0107 sprawia, \u017ce Mortar Cannon Ball Blaster stanowi siln\u0105 atrakcj\u0119 wizualn\u0105 w komercyjnych projektach wewn\u0119trznych plac\u00f3w zabaw.<\/p>\n<p><strong>Idealny wyb\u00f3r dla obiekt\u00f3w komercyjnych<\/strong><\/p>\n<p>Niezale\u017cnie od tego, czy jest u\u017cywany w centrach handlowych, przedszkolach, krytych parkach rozrywki czy rodzinnych centrach rozrywki, Mortar Cannon Ball Blaster zapewnia d\u0142ugotrwa\u0142\u0105 warto\u015b\u0107. Jego konstrukcja wymagaj\u0105ca niewielkiej konserwacji, trwa\u0142a budowa i wci\u0105gaj\u0105ca rozgrywka sprawiaj\u0105, \u017ce jest to niezawodny wyb\u00f3r dla operator\u00f3w pragn\u0105cych uatrakcyjni\u0107 swoj\u0105 ofert\u0119 krytych plac\u00f3w zabaw.<\/p>\n<p>\u0141\u0105cz\u0105c bezpiecze\u0144stwo, interaktywno\u015b\u0107 i mo\u017cliwo\u015b\u0107 dostosowania do indywidualnych potrzeb, urz\u0105dzenie Indoor Playground Rotate Mortar Cannon Ball Blaster Machine Equipment z Ball Shooter i Launcher wyr\u00f3\u017cnia si\u0119 jako rozwi\u0105zanie premium dla nowoczesnych przestrzeni zabawowych wewn\u0105trz budynk\u00f3w.<\/p>","protected":false},"excerpt":{"rendered":"<p>Wewn\u0119trzny plac zabaw Rotate Mortar Cannon Ball Blaster Machine Equipment z Ball Shooter i Launcher to nowoczesne i interaktywne rozwi\u0105zanie do zabawy przeznaczone do wewn\u0119trznych obiekt\u00f3w rozrywkowych. \u0141\u0105czy w sobie bezpiecze\u0144stwo, trwa\u0142o\u015b\u0107 i emocje, dzi\u0119ki czemu idealnie nadaje si\u0119 do centr\u00f3w handlowych, przedszkoli, rodzinnych centr\u00f3w rozrywki i wewn\u0119trznych plac\u00f3w zabaw. Mortar Cannon Ball Blaster zosta\u0142 specjalnie zaprojektowany, aby...<\/p>","protected":false},"featured_media":3475,"parent":0,"template":"","meta":{"_acf_changed":false,"_kad_blocks_custom_css":"","_kad_blocks_head_custom_js":"","_kad_blocks_body_custom_js":"","_kad_blocks_footer_custom_js":"","_kadence_starter_templates_imported_post":false,"_kad_post_transparent":"default","_kad_post_title":"","_kad_post_layout":"default","_kad_post_sidebar_id":"","_kad_post_content_style":"default","_kad_post_vertical_padding":"default","_kad_post_feature":"","_kad_post_feature_position":"","_kad_post_header":false,"_kad_post_footer":false},"pcategory":[26],"ptag":[],"class_list":["post-3470","product","type-product","status-publish","has-post-thumbnail","hentry","pcategory-cannon-ball-blower"],"acf":[],"yoast_head":"<!-- This site is optimized with the Yoast SEO plugin v26.8 - https:\/\/yoast.com\/product\/yoast-seo-wordpress\/ -->\n<title>Indoor Playground Rotate Mortar Cannon Ball Blaster Machine Equipment with Ball Shooter and Launcher<\/title>\n<meta name=\"robots\" content=\"index, follow, max-snippet:-1, max-image-preview:large, max-video-preview:-1\" \/>\n<link rel=\"canonical\" href=\"https:\/\/softplaysupply.com\/pl\/produkt\/mortar-cannon-ball-blaster\/\" \/>\n<meta property=\"og:locale\" content=\"pl_PL\" \/>\n<meta property=\"og:type\" content=\"article\" \/>\n<meta property=\"og:title\" content=\"Indoor Playground Rotate Mortar Cannon Ball Blaster Machine Equipment with Ball Shooter and Launcher\" \/>\n<meta property=\"og:description\" content=\"The Indoor Playground Rotate Mortar Cannon Ball Blaster Machine Equipment with Ball Shooter and Launcher is a modern and interactive play solution designed for indoor amusement environments. It combines safety, durability, and excitement, making it ideal for malls, daycare centers, family entertainment centers, and indoor playgrounds. This Mortar Cannon Ball Blaster is specially designed to...\" \/>\n<meta property=\"og:url\" content=\"https:\/\/softplaysupply.com\/pl\/produkt\/mortar-cannon-ball-blaster\/\" \/>\n<meta property=\"og:site_name\" content=\"Nanpak\" \/>\n<meta property=\"og:image\" content=\"https:\/\/softplaysupply.com\/wp-content\/uploads\/2026\/01\/Cannon-Ball-Blaster-Machine-4.jpg\" \/>\n\t<meta property=\"og:image:width\" content=\"800\" \/>\n\t<meta property=\"og:image:height\" content=\"800\" \/>\n\t<meta property=\"og:image:type\" content=\"image\/jpeg\" \/>\n<meta name=\"twitter:card\" content=\"summary_large_image\" \/>\n<meta name=\"twitter:label1\" content=\"Szacowany czas czytania\" \/>\n\t<meta name=\"twitter:data1\" content=\"5 minut\" \/>\n<script type=\"application\/ld+json\" class=\"yoast-schema-graph\">{\"@context\":\"https:\/\/schema.org\",\"@graph\":[{\"@type\":\"WebPage\",\"@id\":\"https:\/\/softplaysupply.com\/product\/mortar-cannon-ball-blaster\/\",\"url\":\"https:\/\/softplaysupply.com\/product\/mortar-cannon-ball-blaster\/\",\"name\":\"Indoor Playground Rotate Mortar Cannon Ball Blaster Machine Equipment with Ball Shooter and Launcher\",\"isPartOf\":{\"@id\":\"https:\/\/softplaysupply.com\/#website\"},\"primaryImageOfPage\":{\"@id\":\"https:\/\/softplaysupply.com\/product\/mortar-cannon-ball-blaster\/#primaryimage\"},\"image\":{\"@id\":\"https:\/\/softplaysupply.com\/product\/mortar-cannon-ball-blaster\/#primaryimage\"},\"thumbnailUrl\":\"https:\/\/softplaysupply.com\/wp-content\/uploads\/2026\/01\/Cannon-Ball-Blaster-Machine-4.jpg\",\"datePublished\":\"2026-01-13T03:54:57+00:00\",\"breadcrumb\":{\"@id\":\"https:\/\/softplaysupply.com\/product\/mortar-cannon-ball-blaster\/#breadcrumb\"},\"inLanguage\":\"pl-PL\",\"potentialAction\":[{\"@type\":\"ReadAction\",\"target\":[\"https:\/\/softplaysupply.com\/product\/mortar-cannon-ball-blaster\/\"]}]},{\"@type\":\"ImageObject\",\"inLanguage\":\"pl-PL\",\"@id\":\"https:\/\/softplaysupply.com\/product\/mortar-cannon-ball-blaster\/#primaryimage\",\"url\":\"https:\/\/softplaysupply.com\/wp-content\/uploads\/2026\/01\/Cannon-Ball-Blaster-Machine-4.jpg\",\"contentUrl\":\"https:\/\/softplaysupply.com\/wp-content\/uploads\/2026\/01\/Cannon-Ball-Blaster-Machine-4.jpg\",\"width\":800,\"height\":800,\"caption\":\"Cannon Ball Blaster Machine\"},{\"@type\":\"BreadcrumbList\",\"@id\":\"https:\/\/softplaysupply.com\/product\/mortar-cannon-ball-blaster\/#breadcrumb\",\"itemListElement\":[{\"@type\":\"ListItem\",\"position\":1,\"name\":\"Home\",\"item\":\"https:\/\/softplaysupply.com\/\"},{\"@type\":\"ListItem\",\"position\":2,\"name\":\"Cannon Ball Blower\",\"item\":\"https:\/\/softplaysupply.com\/pcategory\/cannon-ball-blower\/\"},{\"@type\":\"ListItem\",\"position\":3,\"name\":\"Indoor Playground Rotate Mortar Cannon Ball Blaster Machine Equipment with Ball Shooter and Launcher\"}]},{\"@type\":\"WebSite\",\"@id\":\"https:\/\/softplaysupply.com\/#website\",\"url\":\"https:\/\/softplaysupply.com\/\",\"name\":\"Soft Play Supplier\",\"description\":\"Soft Play Supplier\",\"publisher\":{\"@id\":\"https:\/\/softplaysupply.com\/#organization\"},\"potentialAction\":[{\"@type\":\"SearchAction\",\"target\":{\"@type\":\"EntryPoint\",\"urlTemplate\":\"https:\/\/softplaysupply.com\/?s={search_term_string}\"},\"query-input\":{\"@type\":\"PropertyValueSpecification\",\"valueRequired\":true,\"valueName\":\"search_term_string\"}}],\"inLanguage\":\"pl-PL\"},{\"@type\":\"Organization\",\"@id\":\"https:\/\/softplaysupply.com\/#organization\",\"name\":\"Nanpak\",\"url\":\"https:\/\/softplaysupply.com\/\",\"logo\":{\"@type\":\"ImageObject\",\"inLanguage\":\"pl-PL\",\"@id\":\"https:\/\/softplaysupply.com\/#\/schema\/logo\/image\/\",\"url\":\"https:\/\/softplaysupply.com\/wp-content\/uploads\/2025\/12\/cropped-mobile-logo.png\",\"contentUrl\":\"https:\/\/softplaysupply.com\/wp-content\/uploads\/2025\/12\/cropped-mobile-logo.png\",\"width\":263,\"height\":84,\"caption\":\"Nanpak\"},\"image\":{\"@id\":\"https:\/\/softplaysupply.com\/#\/schema\/logo\/image\/\"}}]}<\/script>\n<!-- \/ Yoast SEO plugin. -->","yoast_head_json":{"title":"Wewn\u0119trzny plac zabaw Obrotowa wyrzutnia kul armatnich z wyrzutni\u0105 kul i wyrzutni\u0105","robots":{"index":"index","follow":"follow","max-snippet":"max-snippet:-1","max-image-preview":"max-image-preview:large","max-video-preview":"max-video-preview:-1"},"canonical":"https:\/\/softplaysupply.com\/pl\/produkt\/mortar-cannon-ball-blaster\/","og_locale":"pl_PL","og_type":"article","og_title":"Indoor Playground Rotate Mortar Cannon Ball Blaster Machine Equipment with Ball Shooter and Launcher","og_description":"The Indoor Playground Rotate Mortar Cannon Ball Blaster Machine Equipment with Ball Shooter and Launcher is a modern and interactive play solution designed for indoor amusement environments. It combines safety, durability, and excitement, making it ideal for malls, daycare centers, family entertainment centers, and indoor playgrounds. This Mortar Cannon Ball Blaster is specially designed to...","og_url":"https:\/\/softplaysupply.com\/pl\/produkt\/mortar-cannon-ball-blaster\/","og_site_name":"Nanpak","og_image":[{"width":800,"height":800,"url":"https:\/\/softplaysupply.com\/wp-content\/uploads\/2026\/01\/Cannon-Ball-Blaster-Machine-4.jpg","type":"image\/jpeg"}],"twitter_card":"summary_large_image","twitter_misc":{"Szacowany czas czytania":"5 minut"},"schema":{"@context":"https:\/\/schema.org","@graph":[{"@type":"WebPage","@id":"https:\/\/softplaysupply.com\/product\/mortar-cannon-ball-blaster\/","url":"https:\/\/softplaysupply.com\/product\/mortar-cannon-ball-blaster\/","name":"Wewn\u0119trzny plac zabaw Obrotowa wyrzutnia kul armatnich z wyrzutni\u0105 kul i wyrzutni\u0105","isPartOf":{"@id":"https:\/\/softplaysupply.com\/#website"},"primaryImageOfPage":{"@id":"https:\/\/softplaysupply.com\/product\/mortar-cannon-ball-blaster\/#primaryimage"},"image":{"@id":"https:\/\/softplaysupply.com\/product\/mortar-cannon-ball-blaster\/#primaryimage"},"thumbnailUrl":"https:\/\/softplaysupply.com\/wp-content\/uploads\/2026\/01\/Cannon-Ball-Blaster-Machine-4.jpg","datePublished":"2026-01-13T03:54:57+00:00","breadcrumb":{"@id":"https:\/\/softplaysupply.com\/product\/mortar-cannon-ball-blaster\/#breadcrumb"},"inLanguage":"pl-PL","potentialAction":[{"@type":"ReadAction","target":["https:\/\/softplaysupply.com\/product\/mortar-cannon-ball-blaster\/"]}]},{"@type":"ImageObject","inLanguage":"pl-PL","@id":"https:\/\/softplaysupply.com\/product\/mortar-cannon-ball-blaster\/#primaryimage","url":"https:\/\/softplaysupply.com\/wp-content\/uploads\/2026\/01\/Cannon-Ball-Blaster-Machine-4.jpg","contentUrl":"https:\/\/softplaysupply.com\/wp-content\/uploads\/2026\/01\/Cannon-Ball-Blaster-Machine-4.jpg","width":800,"height":800,"caption":"Cannon Ball Blaster Machine"},{"@type":"BreadcrumbList","@id":"https:\/\/softplaysupply.com\/product\/mortar-cannon-ball-blaster\/#breadcrumb","itemListElement":[{"@type":"ListItem","position":1,"name":"Home","item":"https:\/\/softplaysupply.com\/"},{"@type":"ListItem","position":2,"name":"Cannon Ball Blower","item":"https:\/\/softplaysupply.com\/pcategory\/cannon-ball-blower\/"},{"@type":"ListItem","position":3,"name":"Indoor Playground Rotate Mortar Cannon Ball Blaster Machine Equipment with Ball Shooter and Launcher"}]},{"@type":"WebSite","@id":"https:\/\/softplaysupply.com\/#website","url":"https:\/\/softplaysupply.com\/","name":"Dostawca mi\u0119kkich zabawek","description":"Dostawca mi\u0119kkich zabawek","publisher":{"@id":"https:\/\/softplaysupply.com\/#organization"},"potentialAction":[{"@type":"SearchAction","target":{"@type":"EntryPoint","urlTemplate":"https:\/\/softplaysupply.com\/?s={search_term_string}"},"query-input":{"@type":"PropertyValueSpecification","valueRequired":true,"valueName":"search_term_string"}}],"inLanguage":"pl-PL"},{"@type":"Organization","@id":"https:\/\/softplaysupply.com\/#organization","name":"Nanpak","url":"https:\/\/softplaysupply.com\/","logo":{"@type":"ImageObject","inLanguage":"pl-PL","@id":"https:\/\/softplaysupply.com\/#\/schema\/logo\/image\/","url":"https:\/\/softplaysupply.com\/wp-content\/uploads\/2025\/12\/cropped-mobile-logo.png","contentUrl":"https:\/\/softplaysupply.com\/wp-content\/uploads\/2025\/12\/cropped-mobile-logo.png","width":263,"height":84,"caption":"Nanpak"},"image":{"@id":"https:\/\/softplaysupply.com\/#\/schema\/logo\/image\/"}}]}},"taxonomy_info":{"pcategory":[{"value":26,"label":"Cannon Ball Blower"}]},"featured_image_src_large":["https:\/\/softplaysupply.com\/wp-content\/uploads\/2026\/01\/Cannon-Ball-Blaster-Machine-4.jpg",800,800,false],"author_info":[],"comment_info":"","_links":{"self":[{"href":"https:\/\/softplaysupply.com\/pl\/wp-json\/wp\/v2\/product\/3470","targetHints":{"allow":["GET"]}}],"collection":[{"href":"https:\/\/softplaysupply.com\/pl\/wp-json\/wp\/v2\/product"}],"about":[{"href":"https:\/\/softplaysupply.com\/pl\/wp-json\/wp\/v2\/types\/product"}],"wp:featuredmedia":[{"embeddable":true,"href":"https:\/\/softplaysupply.com\/pl\/wp-json\/wp\/v2\/media\/3475"}],"wp:attachment":[{"href":"https:\/\/softplaysupply.com\/pl\/wp-json\/wp\/v2\/media?parent=3470"}],"wp:term":[{"taxonomy":"pcategory","embeddable":true,"href":"https:\/\/softplaysupply.com\/pl\/wp-json\/wp\/v2\/pcategory?post=3470"},{"taxonomy":"ptag","embeddable":true,"href":"https:\/\/softplaysupply.com\/pl\/wp-json\/wp\/v2\/ptag?post=3470"}],"curies":[{"name":"wp","href":"https:\/\/api.w.org\/{rel}","templated":true}]}}