{"id":3404,"date":"2025-12-31T07:04:42","date_gmt":"2025-12-31T07:04:42","guid":{"rendered":"https:\/\/softplaysupply.com\/?post_type=product&#038;p=3404"},"modified":"2025-12-20T08:21:52","modified_gmt":"2025-12-20T08:21:52","slug":"domek-do-zabawy-w-kuchnie","status":"publish","type":"product","link":"https:\/\/softplaysupply.com\/pl\/produkt\/domek-do-zabawy-w-kuchnie\/","title":{"rendered":"Drewniany domek kuchenny dla dzieci z edukacyjnymi zabawkami do zabawy w gotowanie"},"content":{"rendered":"<div class=\"entry-content-asset videofit\"><iframe loading=\"lazy\" title=\"Domek kuchenny z zabawk\u0105 do zabawy w kuchni\u0119 #PretendPlayKitchen #KitchenPlayHouse\" width=\"720\" height=\"540\" src=\"https:\/\/www.youtube.com\/embed\/rMK8Q5_iIlE?feature=oembed\" frameborder=\"0\" allow=\"accelerometer; autoplay; clipboard-write; encrypted-media; gyroscope; picture-in-picture; web-share\" referrerpolicy=\"strict-origin-when-cross-origin\" allowfullscreen><\/iframe><\/div>\n<p style=\"font-size: 16px; text-align: justify;\">Dobrze zaprojektowany domek kuchenny to co\u015b wi\u0119cej ni\u017c tylko konstrukcja do zabawy. To kompletne \u015brodowisko edukacyjne i do odgrywania r\u00f3l, stworzone z my\u015bl\u0105 o ma\u0142ych dzieciach. Ten drewniany domek kuchenny do zabawy \u0142\u0105czy w sobie koncepcj\u0119 bezpiecznej zabawy w pomieszczeniach z elementami edukacyjnej zabawy w odgrywanie r\u00f3l, dzi\u0119ki czemu idealnie nadaje si\u0119 dla niemowl\u0105t i ma\u0142ych dzieci w komercyjnych placach zabaw w pomieszczeniach.<\/p>\n<p style=\"font-size: 16px; text-align: justify;\">Jako do\u015bwiadczony producent zabawek do wn\u0119trz, skupiamy si\u0119 na dostarczaniu anga\u017cuj\u0105cych stanowisk do odgrywania r\u00f3l, kt\u00f3re pobudzaj\u0105 wyobra\u017ani\u0119, interakcje spo\u0142eczne i praktyczn\u0105 nauk\u0119. Ka\u017cda kuchnia do zabawy zosta\u0142a zaprojektowana tak, aby symulowa\u0107 rzeczywiste sceny z \u017cycia codziennego w spos\u00f3b przyjazny dla dzieci, pomagaj\u0105c im w nauce codziennych umiej\u0119tno\u015bci poprzez zabaw\u0119.<\/p>\n<p><img loading=\"lazy\" decoding=\"async\" class=\"alignnone size-full wp-image-3413\" src=\"https:\/\/softplaysupply.com\/wp-content\/uploads\/2025\/12\/Kitchen-Role-Play-House-1-1.jpg\" alt=\"\" width=\"750\" height=\"600\" srcset=\"https:\/\/softplaysupply.com\/wp-content\/uploads\/2025\/12\/Kitchen-Role-Play-House-1-1.jpg 750w, https:\/\/softplaysupply.com\/wp-content\/uploads\/2025\/12\/Kitchen-Role-Play-House-1-1-300x240.jpg 300w, https:\/\/softplaysupply.com\/wp-content\/uploads\/2025\/12\/Kitchen-Role-Play-House-1-1-15x12.jpg 15w\" sizes=\"auto, (max-width: 750px) 100vw, 750px\" \/> <img loading=\"lazy\" decoding=\"async\" class=\"alignnone size-full wp-image-3414\" src=\"https:\/\/softplaysupply.com\/wp-content\/uploads\/2025\/12\/Kitchen-Role-Play-House-2-1.jpg\" alt=\"\" width=\"800\" height=\"800\" srcset=\"https:\/\/softplaysupply.com\/wp-content\/uploads\/2025\/12\/Kitchen-Role-Play-House-2-1.jpg 800w, https:\/\/softplaysupply.com\/wp-content\/uploads\/2025\/12\/Kitchen-Role-Play-House-2-1-300x300.jpg 300w, https:\/\/softplaysupply.com\/wp-content\/uploads\/2025\/12\/Kitchen-Role-Play-House-2-1-150x150.jpg 150w, https:\/\/softplaysupply.com\/wp-content\/uploads\/2025\/12\/Kitchen-Role-Play-House-2-1-768x768.jpg 768w, https:\/\/softplaysupply.com\/wp-content\/uploads\/2025\/12\/Kitchen-Role-Play-House-2-1-12x12.jpg 12w\" sizes=\"auto, (max-width: 800px) 100vw, 800px\" \/> <img loading=\"lazy\" decoding=\"async\" class=\"alignnone size-full wp-image-3415\" src=\"https:\/\/softplaysupply.com\/wp-content\/uploads\/2025\/12\/Kitchen-Role-Play-House-3-1.jpg\" alt=\"\" width=\"800\" height=\"800\" srcset=\"https:\/\/softplaysupply.com\/wp-content\/uploads\/2025\/12\/Kitchen-Role-Play-House-3-1.jpg 800w, https:\/\/softplaysupply.com\/wp-content\/uploads\/2025\/12\/Kitchen-Role-Play-House-3-1-300x300.jpg 300w, https:\/\/softplaysupply.com\/wp-content\/uploads\/2025\/12\/Kitchen-Role-Play-House-3-1-150x150.jpg 150w, https:\/\/softplaysupply.com\/wp-content\/uploads\/2025\/12\/Kitchen-Role-Play-House-3-1-768x768.jpg 768w, https:\/\/softplaysupply.com\/wp-content\/uploads\/2025\/12\/Kitchen-Role-Play-House-3-1-12x12.jpg 12w\" sizes=\"auto, (max-width: 800px) 100vw, 800px\" \/> <img loading=\"lazy\" decoding=\"async\" class=\"alignnone size-full wp-image-3416\" src=\"https:\/\/softplaysupply.com\/wp-content\/uploads\/2025\/12\/Kitchen-Role-Play-House-4-1.jpg\" alt=\"\" width=\"750\" height=\"450\" srcset=\"https:\/\/softplaysupply.com\/wp-content\/uploads\/2025\/12\/Kitchen-Role-Play-House-4-1.jpg 750w, https:\/\/softplaysupply.com\/wp-content\/uploads\/2025\/12\/Kitchen-Role-Play-House-4-1-300x180.jpg 300w, https:\/\/softplaysupply.com\/wp-content\/uploads\/2025\/12\/Kitchen-Role-Play-House-4-1-18x12.jpg 18w\" sizes=\"auto, (max-width: 750px) 100vw, 750px\" \/> <img loading=\"lazy\" decoding=\"async\" class=\"alignnone size-full wp-image-3417\" src=\"https:\/\/softplaysupply.com\/wp-content\/uploads\/2025\/12\/Kitchen-Role-Play-House-5-1.jpg\" alt=\"\" width=\"750\" height=\"450\" srcset=\"https:\/\/softplaysupply.com\/wp-content\/uploads\/2025\/12\/Kitchen-Role-Play-House-5-1.jpg 750w, https:\/\/softplaysupply.com\/wp-content\/uploads\/2025\/12\/Kitchen-Role-Play-House-5-1-300x180.jpg 300w, https:\/\/softplaysupply.com\/wp-content\/uploads\/2025\/12\/Kitchen-Role-Play-House-5-1-18x12.jpg 18w\" sizes=\"auto, (max-width: 750px) 100vw, 750px\" \/> \u00a0<img loading=\"lazy\" decoding=\"async\" class=\"alignnone size-full wp-image-3419\" src=\"https:\/\/softplaysupply.com\/wp-content\/uploads\/2025\/12\/Kitchen-Role-Play-House-7-1.jpg\" alt=\"\" width=\"800\" height=\"800\" srcset=\"https:\/\/softplaysupply.com\/wp-content\/uploads\/2025\/12\/Kitchen-Role-Play-House-7-1.jpg 800w, https:\/\/softplaysupply.com\/wp-content\/uploads\/2025\/12\/Kitchen-Role-Play-House-7-1-300x300.jpg 300w, https:\/\/softplaysupply.com\/wp-content\/uploads\/2025\/12\/Kitchen-Role-Play-House-7-1-150x150.jpg 150w, https:\/\/softplaysupply.com\/wp-content\/uploads\/2025\/12\/Kitchen-Role-Play-House-7-1-768x768.jpg 768w, https:\/\/softplaysupply.com\/wp-content\/uploads\/2025\/12\/Kitchen-Role-Play-House-7-1-12x12.jpg 12w\" sizes=\"auto, (max-width: 800px) 100vw, 800px\" \/> <img loading=\"lazy\" decoding=\"async\" class=\"alignnone size-full wp-image-3420\" src=\"https:\/\/softplaysupply.com\/wp-content\/uploads\/2025\/12\/Kitchen-Role-Play-House-8.jpg\" alt=\"\" width=\"800\" height=\"800\" srcset=\"https:\/\/softplaysupply.com\/wp-content\/uploads\/2025\/12\/Kitchen-Role-Play-House-8.jpg 800w, https:\/\/softplaysupply.com\/wp-content\/uploads\/2025\/12\/Kitchen-Role-Play-House-8-300x300.jpg 300w, https:\/\/softplaysupply.com\/wp-content\/uploads\/2025\/12\/Kitchen-Role-Play-House-8-150x150.jpg 150w, https:\/\/softplaysupply.com\/wp-content\/uploads\/2025\/12\/Kitchen-Role-Play-House-8-768x768.jpg 768w, https:\/\/softplaysupply.com\/wp-content\/uploads\/2025\/12\/Kitchen-Role-Play-House-8-12x12.jpg 12w\" sizes=\"auto, (max-width: 800px) 100vw, 800px\" \/> <img loading=\"lazy\" decoding=\"async\" class=\"alignnone size-full wp-image-3421\" src=\"https:\/\/softplaysupply.com\/wp-content\/uploads\/2025\/12\/Kitchen-Role-Play-House-9.jpg\" alt=\"\" width=\"1000\" height=\"1000\" srcset=\"https:\/\/softplaysupply.com\/wp-content\/uploads\/2025\/12\/Kitchen-Role-Play-House-9.jpg 1000w, https:\/\/softplaysupply.com\/wp-content\/uploads\/2025\/12\/Kitchen-Role-Play-House-9-300x300.jpg 300w, https:\/\/softplaysupply.com\/wp-content\/uploads\/2025\/12\/Kitchen-Role-Play-House-9-150x150.jpg 150w, https:\/\/softplaysupply.com\/wp-content\/uploads\/2025\/12\/Kitchen-Role-Play-House-9-768x768.jpg 768w, https:\/\/softplaysupply.com\/wp-content\/uploads\/2025\/12\/Kitchen-Role-Play-House-9-12x12.jpg 12w\" sizes=\"auto, (max-width: 1000px) 100vw, 1000px\" \/> <img loading=\"lazy\" decoding=\"async\" class=\"alignnone size-full wp-image-3422\" src=\"https:\/\/softplaysupply.com\/wp-content\/uploads\/2025\/12\/Kitchen-Role-Play-House-10.jpg\" alt=\"\" width=\"800\" height=\"800\" srcset=\"https:\/\/softplaysupply.com\/wp-content\/uploads\/2025\/12\/Kitchen-Role-Play-House-10.jpg 800w, https:\/\/softplaysupply.com\/wp-content\/uploads\/2025\/12\/Kitchen-Role-Play-House-10-300x300.jpg 300w, https:\/\/softplaysupply.com\/wp-content\/uploads\/2025\/12\/Kitchen-Role-Play-House-10-150x150.jpg 150w, https:\/\/softplaysupply.com\/wp-content\/uploads\/2025\/12\/Kitchen-Role-Play-House-10-768x768.jpg 768w, https:\/\/softplaysupply.com\/wp-content\/uploads\/2025\/12\/Kitchen-Role-Play-House-10-12x12.jpg 12w\" sizes=\"auto, (max-width: 800px) 100vw, 800px\" \/> <img loading=\"lazy\" decoding=\"async\" class=\"alignnone size-full wp-image-3423\" src=\"https:\/\/softplaysupply.com\/wp-content\/uploads\/2025\/12\/play-house-with-kitchen-1.jpg\" alt=\"\" width=\"800\" height=\"600\" srcset=\"https:\/\/softplaysupply.com\/wp-content\/uploads\/2025\/12\/play-house-with-kitchen-1.jpg 800w, https:\/\/softplaysupply.com\/wp-content\/uploads\/2025\/12\/play-house-with-kitchen-1-300x225.jpg 300w, https:\/\/softplaysupply.com\/wp-content\/uploads\/2025\/12\/play-house-with-kitchen-1-768x576.jpg 768w, https:\/\/softplaysupply.com\/wp-content\/uploads\/2025\/12\/play-house-with-kitchen-1-16x12.jpg 16w\" sizes=\"auto, (max-width: 800px) 100vw, 800px\" \/><\/p>\n<h3 style=\"color: #4ecdc4; font-size: 22px; margin-top: 30px; border-bottom: 2px solid #4ecdc4; padding-bottom: 8px;\">Wci\u0105gaj\u0105ca zabawa w odgrywanie r\u00f3l dla dzieci<\/h3>\n<p style=\"font-size: 16px; text-align: justify;\">Ten produkt zosta\u0142 zaprojektowany jako ma\u0142a stacja do zabawy w odgrywanie r\u00f3l w miasteczku. Dzieci mog\u0105 odkrywa\u0107 realistyczny domek do zabawy z wyposa\u017ceniem kuchennym, gdzie mog\u0105 udawa\u0107, \u017ce gotuj\u0105, sprz\u0105taj\u0105 i organizuj\u0105, tak jak doro\u015bli. Dzi\u0119ki interaktywnym zaj\u0119ciom dzieci w naturalny spos\u00f3b rozwijaj\u0105 umiej\u0119tno\u015bci komunikacyjne, \u015bwiadomo\u015b\u0107 wsp\u00f3\u0142pracy i kreatywne my\u015blenie.<\/p>\n<p style=\"font-size: 16px; text-align: justify;\">Kuchnia do zabawy zosta\u0142a starannie zaprojektowana tak, aby pasowa\u0142a do wewn\u0119trznych centr\u00f3w zabaw, centr\u00f3w handlowych i rodzinnych centr\u00f3w rozrywki. W po\u0142\u0105czeniu z zabawkami do zabawy w gotowanie dzieci mog\u0105 cieszy\u0107 si\u0119 wielogodzinn\u0105 zabaw\u0105, jednocze\u015bnie ucz\u0105c si\u0119 podstawowych poj\u0119\u0107 zwi\u0105zanych z przygotowywaniem posi\u0142k\u00f3w i obowi\u0105zkami domowymi.<\/p>\n<h3 style=\"color: #4ecdc4; font-size: 22px; margin-top: 30px; border-bottom: 2px solid #4ecdc4; padding-bottom: 8px;\">Bezpieczne materia\u0142y i certyfikowana produkcja<\/h3>\n<p style=\"font-size: 16px; text-align: justify;\">Bezpiecze\u0144stwo jest zawsze priorytetem w ka\u017cdej produkowanej przez nas kuchni dla dzieci. Konstrukcja jest zbudowana z ocynkowanych rur zapewniaj\u0105cych stabilno\u015b\u0107, a maty EVA zapewniaj\u0105 mi\u0119kk\u0105, bezwonn\u0105 ochron\u0119 pod\u0142ogi. Panele z pianki PVC i siatka PE zapewniaj\u0105 trwa\u0142o\u015b\u0107 i bezpiecze\u0144stwo dzieci podczas zabawy. Nasza fabryka posiada certyfikat ISO9001 i spe\u0142nia mi\u0119dzynarodowe normy, takie jak CE, EN i ASTM. Gwarantuje to, \u017ce ka\u017cda kuchnia dla dzieci spe\u0142nia globalne wymagania bezpiecze\u0144stwa i jako\u015bci dla komercyjnego u\u017cytku w pomieszczeniach.<\/p>\n<h3 style=\"color: #4ecdc4; font-size: 22px; margin-top: 30px; border-bottom: 2px solid #4ecdc4; padding-bottom: 8px;\">Indywidualne projekty i rozwi\u0105zania \u201epod klucz\u201d<\/h3>\n<p style=\"font-size: 16px; text-align: justify;\">Oferujemy w pe\u0142ni spersonalizowane us\u0142ugi projektowe dostosowane do r\u00f3\u017cnych rozmiar\u00f3w obiekt\u00f3w, motyw\u00f3w przewodnich i bud\u017cet\u00f3w. Niezale\u017cnie od tego, czy projekt jest zintegrowany z wi\u0119kszym placem zabaw w pomieszczeniu, czy te\u017c zainstalowany jako samodzielna strefa kuchni w domku zabaw, ka\u017cdy projekt jest starannie planowany przez nasz profesjonalny zesp\u00f3\u0142 projektant\u00f3w.<\/p>\n<h3 style=\"color: #4ecdc4; font-size: 22px; margin-top: 30px; border-bottom: 2px solid #4ecdc4; padding-bottom: 8px;\">\u0141atwa instalacja i globalne wsparcie techniczne<\/h3>\n<p style=\"font-size: 16px; text-align: justify;\">Aby zapewni\u0107 sprawne wykonanie projektu, in\u017cynierowie monta\u017cu z zagranicy s\u0105 dost\u0119pni do instalacji na miejscu. Od projektu i produkcji po dostaw\u0119 i konfiguracj\u0119 \u2014 zapewniamy kompleksowe rozwi\u0105zania rozrywkowe. Minimalna ilo\u015b\u0107 zam\u00f3wienia to tylko jeden zestaw, dzi\u0119ki czemu produkt ten nadaje si\u0119 zar\u00f3wno do nowych projekt\u00f3w, jak i modernizacji obiekt\u00f3w.<\/p>\n<p style=\"font-size: 16px; text-align: justify;\">Obs\u0142ugiwane formy p\u0142atno\u015bci obejmuj\u0105 T\/T, Western Union, e-Checking i VISA, a zweryfikowani dostawcy mog\u0105 skorzysta\u0107 z ubezpieczenia transakcji handlowych.<\/p>\n<h3 style=\"color: #4ecdc4; font-size: 22px; margin-top: 30px; border-bottom: 2px solid #4ecdc4; padding-bottom: 8px;\">Niezawodny partner w realizacji projekt\u00f3w dotycz\u0105cych zabaw w pomieszczeniach<\/h3>\n<p style=\"font-size: 16px; text-align: justify;\">Nanpak zajmuje si\u0119 dostarczaniem innowacyjnych i bezpiecznych rozwi\u0105za\u0144 w zakresie rozrywki wewn\u0119trznej na ca\u0142ym \u015bwiecie. Dzi\u0119ki bogatemu do\u015bwiadczeniu mi\u0119dzynarodowemu i profesjonalnemu zespo\u0142owi pomagamy klientom tworzy\u0107 atrakcyjne \u015brodowiska kuchni do zabawy, kt\u00f3re pobudzaj\u0105 wyobra\u017ani\u0119 i zapewniaj\u0105 d\u0142ugoterminow\u0105 warto\u015b\u0107 komercyjn\u0105. Ta koncepcja kuchni do zabawy jest idealna dla operator\u00f3w, kt\u00f3rzy chc\u0105 wzbogaci\u0107 ofert\u0119 edukacyjn\u0105, zachowuj\u0105c jednocze\u015bnie siln\u0105 atrakcyjno\u015b\u0107 rozrywkow\u0105 nowoczesnych plac\u00f3w zabaw wewn\u0119trznych.<\/p>","protected":false},"excerpt":{"rendered":"<p>Nasza kuchnia do zabawy oferuje mo\u017cliwo\u015b\u0107 zabawy w ma\u0142ym miasteczku z zabawkami do gotowania. Idealna do domowych centr\u00f3w zabaw, ta kuchnia do zabawy zapewnia wci\u0105gaj\u0105c\u0105 nauk\u0119 i nieko\u0144cz\u0105c\u0105 si\u0119 zabaw\u0119.<\/p>","protected":false},"featured_media":3407,"parent":0,"template":"","meta":{"_acf_changed":false,"_kad_blocks_custom_css":"","_kad_blocks_head_custom_js":"","_kad_blocks_body_custom_js":"","_kad_blocks_footer_custom_js":"","_kadence_starter_templates_imported_post":false,"_kad_post_transparent":"default","_kad_post_title":"","_kad_post_layout":"default","_kad_post_sidebar_id":"","_kad_post_content_style":"default","_kad_post_vertical_padding":"default","_kad_post_feature":"","_kad_post_feature_position":"","_kad_post_header":false,"_kad_post_footer":false},"pcategory":[20],"ptag":[],"class_list":["post-3404","product","type-product","status-publish","has-post-thumbnail","hentry","pcategory-role-playhouse"],"acf":[],"yoast_head":"<!-- This site is optimized with the Yoast SEO plugin v26.8 - https:\/\/yoast.com\/product\/yoast-seo-wordpress\/ -->\n<title>Children Wooden Kitchen Role Play House with Educational Pretend Play Cooking Toys<\/title>\n<meta name=\"robots\" content=\"index, follow, max-snippet:-1, max-image-preview:large, max-video-preview:-1\" \/>\n<link rel=\"canonical\" href=\"https:\/\/softplaysupply.com\/pl\/produkt\/domek-do-zabawy-w-kuchnie\/\" \/>\n<meta property=\"og:locale\" content=\"pl_PL\" \/>\n<meta property=\"og:type\" content=\"article\" \/>\n<meta property=\"og:title\" content=\"Children Wooden Kitchen Role Play House with Educational Pretend Play Cooking Toys\" \/>\n<meta property=\"og:description\" content=\"Our kitchen playhouse offers a tiny town game experience with pretend cooking toys. Ideal for indoor play centers, this play house kitchen provides immersive learning and endless fun.\" \/>\n<meta property=\"og:url\" content=\"https:\/\/softplaysupply.com\/pl\/produkt\/domek-do-zabawy-w-kuchnie\/\" \/>\n<meta property=\"og:site_name\" content=\"Nanpak\" \/>\n<meta property=\"og:image\" content=\"https:\/\/softplaysupply.com\/wp-content\/uploads\/2025\/12\/Kitchen-Role-Play-House-3.jpg\" \/>\n\t<meta property=\"og:image:width\" content=\"800\" \/>\n\t<meta property=\"og:image:height\" content=\"800\" \/>\n\t<meta property=\"og:image:type\" content=\"image\/jpeg\" \/>\n<meta name=\"twitter:card\" content=\"summary_large_image\" \/>\n<meta name=\"twitter:label1\" content=\"Szacowany czas czytania\" \/>\n\t<meta name=\"twitter:data1\" content=\"5 minut\" \/>\n<script type=\"application\/ld+json\" class=\"yoast-schema-graph\">{\"@context\":\"https:\/\/schema.org\",\"@graph\":[{\"@type\":\"WebPage\",\"@id\":\"https:\/\/softplaysupply.com\/product\/kitchen-role-play-house\/\",\"url\":\"https:\/\/softplaysupply.com\/product\/kitchen-role-play-house\/\",\"name\":\"Children Wooden Kitchen Role Play House with Educational Pretend Play Cooking Toys\",\"isPartOf\":{\"@id\":\"https:\/\/softplaysupply.com\/#website\"},\"primaryImageOfPage\":{\"@id\":\"https:\/\/softplaysupply.com\/product\/kitchen-role-play-house\/#primaryimage\"},\"image\":{\"@id\":\"https:\/\/softplaysupply.com\/product\/kitchen-role-play-house\/#primaryimage\"},\"thumbnailUrl\":\"https:\/\/softplaysupply.com\/wp-content\/uploads\/2025\/12\/Kitchen-Role-Play-House-3.jpg\",\"datePublished\":\"2025-12-31T07:04:42+00:00\",\"breadcrumb\":{\"@id\":\"https:\/\/softplaysupply.com\/product\/kitchen-role-play-house\/#breadcrumb\"},\"inLanguage\":\"pl-PL\",\"potentialAction\":[{\"@type\":\"ReadAction\",\"target\":[\"https:\/\/softplaysupply.com\/product\/kitchen-role-play-house\/\"]}]},{\"@type\":\"ImageObject\",\"inLanguage\":\"pl-PL\",\"@id\":\"https:\/\/softplaysupply.com\/product\/kitchen-role-play-house\/#primaryimage\",\"url\":\"https:\/\/softplaysupply.com\/wp-content\/uploads\/2025\/12\/Kitchen-Role-Play-House-3.jpg\",\"contentUrl\":\"https:\/\/softplaysupply.com\/wp-content\/uploads\/2025\/12\/Kitchen-Role-Play-House-3.jpg\",\"width\":800,\"height\":800,\"caption\":\"Kitchen Role Play House\"},{\"@type\":\"BreadcrumbList\",\"@id\":\"https:\/\/softplaysupply.com\/product\/kitchen-role-play-house\/#breadcrumb\",\"itemListElement\":[{\"@type\":\"ListItem\",\"position\":1,\"name\":\"Home\",\"item\":\"https:\/\/softplaysupply.com\/\"},{\"@type\":\"ListItem\",\"position\":2,\"name\":\"Role Playhouse\",\"item\":\"https:\/\/softplaysupply.com\/pcategory\/role-playhouse\/\"},{\"@type\":\"ListItem\",\"position\":3,\"name\":\"Children Wooden Kitchen Role Play House with Educational Pretend Play Cooking Toys\"}]},{\"@type\":\"WebSite\",\"@id\":\"https:\/\/softplaysupply.com\/#website\",\"url\":\"https:\/\/softplaysupply.com\/\",\"name\":\"Soft Play Supplier\",\"description\":\"Soft Play Supplier\",\"publisher\":{\"@id\":\"https:\/\/softplaysupply.com\/#organization\"},\"potentialAction\":[{\"@type\":\"SearchAction\",\"target\":{\"@type\":\"EntryPoint\",\"urlTemplate\":\"https:\/\/softplaysupply.com\/?s={search_term_string}\"},\"query-input\":{\"@type\":\"PropertyValueSpecification\",\"valueRequired\":true,\"valueName\":\"search_term_string\"}}],\"inLanguage\":\"pl-PL\"},{\"@type\":\"Organization\",\"@id\":\"https:\/\/softplaysupply.com\/#organization\",\"name\":\"Nanpak\",\"url\":\"https:\/\/softplaysupply.com\/\",\"logo\":{\"@type\":\"ImageObject\",\"inLanguage\":\"pl-PL\",\"@id\":\"https:\/\/softplaysupply.com\/#\/schema\/logo\/image\/\",\"url\":\"https:\/\/softplaysupply.com\/wp-content\/uploads\/2025\/12\/cropped-mobile-logo.png\",\"contentUrl\":\"https:\/\/softplaysupply.com\/wp-content\/uploads\/2025\/12\/cropped-mobile-logo.png\",\"width\":263,\"height\":84,\"caption\":\"Nanpak\"},\"image\":{\"@id\":\"https:\/\/softplaysupply.com\/#\/schema\/logo\/image\/\"}}]}<\/script>\n<!-- \/ Yoast SEO plugin. -->","yoast_head_json":{"title":"Drewniany domek kuchenny dla dzieci z edukacyjnymi zabawkami do zabawy w gotowanie","robots":{"index":"index","follow":"follow","max-snippet":"max-snippet:-1","max-image-preview":"max-image-preview:large","max-video-preview":"max-video-preview:-1"},"canonical":"https:\/\/softplaysupply.com\/pl\/produkt\/domek-do-zabawy-w-kuchnie\/","og_locale":"pl_PL","og_type":"article","og_title":"Children Wooden Kitchen Role Play House with Educational Pretend Play Cooking Toys","og_description":"Our kitchen playhouse offers a tiny town game experience with pretend cooking toys. Ideal for indoor play centers, this play house kitchen provides immersive learning and endless fun.","og_url":"https:\/\/softplaysupply.com\/pl\/produkt\/domek-do-zabawy-w-kuchnie\/","og_site_name":"Nanpak","og_image":[{"width":800,"height":800,"url":"https:\/\/softplaysupply.com\/wp-content\/uploads\/2025\/12\/Kitchen-Role-Play-House-3.jpg","type":"image\/jpeg"}],"twitter_card":"summary_large_image","twitter_misc":{"Szacowany czas czytania":"5 minut"},"schema":{"@context":"https:\/\/schema.org","@graph":[{"@type":"WebPage","@id":"https:\/\/softplaysupply.com\/product\/kitchen-role-play-house\/","url":"https:\/\/softplaysupply.com\/product\/kitchen-role-play-house\/","name":"Drewniany domek kuchenny dla dzieci z edukacyjnymi zabawkami do zabawy w gotowanie","isPartOf":{"@id":"https:\/\/softplaysupply.com\/#website"},"primaryImageOfPage":{"@id":"https:\/\/softplaysupply.com\/product\/kitchen-role-play-house\/#primaryimage"},"image":{"@id":"https:\/\/softplaysupply.com\/product\/kitchen-role-play-house\/#primaryimage"},"thumbnailUrl":"https:\/\/softplaysupply.com\/wp-content\/uploads\/2025\/12\/Kitchen-Role-Play-House-3.jpg","datePublished":"2025-12-31T07:04:42+00:00","breadcrumb":{"@id":"https:\/\/softplaysupply.com\/product\/kitchen-role-play-house\/#breadcrumb"},"inLanguage":"pl-PL","potentialAction":[{"@type":"ReadAction","target":["https:\/\/softplaysupply.com\/product\/kitchen-role-play-house\/"]}]},{"@type":"ImageObject","inLanguage":"pl-PL","@id":"https:\/\/softplaysupply.com\/product\/kitchen-role-play-house\/#primaryimage","url":"https:\/\/softplaysupply.com\/wp-content\/uploads\/2025\/12\/Kitchen-Role-Play-House-3.jpg","contentUrl":"https:\/\/softplaysupply.com\/wp-content\/uploads\/2025\/12\/Kitchen-Role-Play-House-3.jpg","width":800,"height":800,"caption":"Kitchen Role Play House"},{"@type":"BreadcrumbList","@id":"https:\/\/softplaysupply.com\/product\/kitchen-role-play-house\/#breadcrumb","itemListElement":[{"@type":"ListItem","position":1,"name":"Home","item":"https:\/\/softplaysupply.com\/"},{"@type":"ListItem","position":2,"name":"Role Playhouse","item":"https:\/\/softplaysupply.com\/pcategory\/role-playhouse\/"},{"@type":"ListItem","position":3,"name":"Children Wooden Kitchen Role Play House with Educational Pretend Play Cooking Toys"}]},{"@type":"WebSite","@id":"https:\/\/softplaysupply.com\/#website","url":"https:\/\/softplaysupply.com\/","name":"Dostawca mi\u0119kkich zabawek","description":"Dostawca mi\u0119kkich zabawek","publisher":{"@id":"https:\/\/softplaysupply.com\/#organization"},"potentialAction":[{"@type":"SearchAction","target":{"@type":"EntryPoint","urlTemplate":"https:\/\/softplaysupply.com\/?s={search_term_string}"},"query-input":{"@type":"PropertyValueSpecification","valueRequired":true,"valueName":"search_term_string"}}],"inLanguage":"pl-PL"},{"@type":"Organization","@id":"https:\/\/softplaysupply.com\/#organization","name":"Nanpak","url":"https:\/\/softplaysupply.com\/","logo":{"@type":"ImageObject","inLanguage":"pl-PL","@id":"https:\/\/softplaysupply.com\/#\/schema\/logo\/image\/","url":"https:\/\/softplaysupply.com\/wp-content\/uploads\/2025\/12\/cropped-mobile-logo.png","contentUrl":"https:\/\/softplaysupply.com\/wp-content\/uploads\/2025\/12\/cropped-mobile-logo.png","width":263,"height":84,"caption":"Nanpak"},"image":{"@id":"https:\/\/softplaysupply.com\/#\/schema\/logo\/image\/"}}]}},"taxonomy_info":{"pcategory":[{"value":20,"label":"Role Playhouse"}]},"featured_image_src_large":["https:\/\/softplaysupply.com\/wp-content\/uploads\/2025\/12\/Kitchen-Role-Play-House-3.jpg",800,800,false],"author_info":[],"comment_info":"","_links":{"self":[{"href":"https:\/\/softplaysupply.com\/pl\/wp-json\/wp\/v2\/product\/3404","targetHints":{"allow":["GET"]}}],"collection":[{"href":"https:\/\/softplaysupply.com\/pl\/wp-json\/wp\/v2\/product"}],"about":[{"href":"https:\/\/softplaysupply.com\/pl\/wp-json\/wp\/v2\/types\/product"}],"wp:featuredmedia":[{"embeddable":true,"href":"https:\/\/softplaysupply.com\/pl\/wp-json\/wp\/v2\/media\/3407"}],"wp:attachment":[{"href":"https:\/\/softplaysupply.com\/pl\/wp-json\/wp\/v2\/media?parent=3404"}],"wp:term":[{"taxonomy":"pcategory","embeddable":true,"href":"https:\/\/softplaysupply.com\/pl\/wp-json\/wp\/v2\/pcategory?post=3404"},{"taxonomy":"ptag","embeddable":true,"href":"https:\/\/softplaysupply.com\/pl\/wp-json\/wp\/v2\/ptag?post=3404"}],"curies":[{"name":"wp","href":"https:\/\/api.w.org\/{rel}","templated":true}]}}