{"id":3397,"date":"2025-12-29T07:02:03","date_gmt":"2025-12-29T07:02:03","guid":{"rendered":"https:\/\/softplaysupply.com\/?post_type=product&#038;p=3397"},"modified":"2025-12-18T07:47:15","modified_gmt":"2025-12-18T07:47:15","slug":"fire-station-playhouse","status":"publish","type":"product","link":"https:\/\/softplaysupply.com\/pl\/produkt\/fire-station-playhouse\/","title":{"rendered":"Stra\u017c po\u017carna Domek do zabawy Wewn\u0119trzny plac zabaw Sprz\u0119t do zabawy Zabawa w stra\u017c po\u017carn\u0105"},"content":{"rendered":"<p style=\"font-size: 16px; margin-bottom: 20px;\">Domek stra\u017cacki do zabawy w pomieszczeniach to ekscytuj\u0105ca, interaktywna przestrze\u0144, kt\u00f3ra pozwala dzieciom poczu\u0107 emocje zwi\u0105zane z prac\u0105 stra\u017caka. Wyobra\u017a sobie domek przyg\u00f3d zaprojektowany tak, aby pobudza\u0107 kreatywno\u015b\u0107 i wyobra\u017ani\u0119, \u0142\u0105cz\u0105cy zabaw\u0119 z wci\u0105gaj\u0105cym motywem przewodnim. Ten domek do zabawy to spe\u0142nienie marze\u0144 ka\u017cdego dziecka, kt\u00f3re uwielbia bawi\u0107 si\u0119 w stra\u017caka. Znajduje si\u0119 w nim wszystko, od dzwonk\u00f3w stra\u017cackich po tunele ewakuacyjne, a wszystko to w bezpiecznym, ekscytuj\u0105cym otoczeniu.<\/p>\n<p><img loading=\"lazy\" decoding=\"async\" class=\"alignnone size-full wp-image-3396\" src=\"https:\/\/softplaysupply.com\/wp-content\/uploads\/2025\/12\/kids-role-play-house-6.jpg\" alt=\"\" width=\"750\" height=\"750\" srcset=\"https:\/\/softplaysupply.com\/wp-content\/uploads\/2025\/12\/kids-role-play-house-6.jpg 750w, https:\/\/softplaysupply.com\/wp-content\/uploads\/2025\/12\/kids-role-play-house-6-300x300.jpg 300w, https:\/\/softplaysupply.com\/wp-content\/uploads\/2025\/12\/kids-role-play-house-6-150x150.jpg 150w, https:\/\/softplaysupply.com\/wp-content\/uploads\/2025\/12\/kids-role-play-house-6-12x12.jpg 12w\" sizes=\"auto, (max-width: 750px) 100vw, 750px\" \/> <img loading=\"lazy\" decoding=\"async\" class=\"alignnone size-full wp-image-3398\" src=\"https:\/\/softplaysupply.com\/wp-content\/uploads\/2025\/12\/role-play-firehouse-1.jpg\" alt=\"\" width=\"750\" height=\"750\" srcset=\"https:\/\/softplaysupply.com\/wp-content\/uploads\/2025\/12\/role-play-firehouse-1.jpg 750w, https:\/\/softplaysupply.com\/wp-content\/uploads\/2025\/12\/role-play-firehouse-1-300x300.jpg 300w, https:\/\/softplaysupply.com\/wp-content\/uploads\/2025\/12\/role-play-firehouse-1-150x150.jpg 150w, https:\/\/softplaysupply.com\/wp-content\/uploads\/2025\/12\/role-play-firehouse-1-12x12.jpg 12w\" sizes=\"auto, (max-width: 750px) 100vw, 750px\" \/> <img loading=\"lazy\" decoding=\"async\" class=\"alignnone size-full wp-image-3400\" src=\"https:\/\/softplaysupply.com\/wp-content\/uploads\/2025\/12\/role-play-firehouse-3.jpg\" alt=\"\" width=\"750\" height=\"750\" srcset=\"https:\/\/softplaysupply.com\/wp-content\/uploads\/2025\/12\/role-play-firehouse-3.jpg 750w, https:\/\/softplaysupply.com\/wp-content\/uploads\/2025\/12\/role-play-firehouse-3-300x300.jpg 300w, https:\/\/softplaysupply.com\/wp-content\/uploads\/2025\/12\/role-play-firehouse-3-150x150.jpg 150w, https:\/\/softplaysupply.com\/wp-content\/uploads\/2025\/12\/role-play-firehouse-3-12x12.jpg 12w\" sizes=\"auto, (max-width: 750px) 100vw, 750px\" \/> <img loading=\"lazy\" decoding=\"async\" class=\"alignnone size-full wp-image-3401\" src=\"https:\/\/softplaysupply.com\/wp-content\/uploads\/2025\/12\/role-play-firehouse-4.jpg\" alt=\"odgrywanie r\u00f3l w remizie stra\u017cackiej\" width=\"750\" height=\"750\" srcset=\"https:\/\/softplaysupply.com\/wp-content\/uploads\/2025\/12\/role-play-firehouse-4.jpg 750w, https:\/\/softplaysupply.com\/wp-content\/uploads\/2025\/12\/role-play-firehouse-4-300x300.jpg 300w, https:\/\/softplaysupply.com\/wp-content\/uploads\/2025\/12\/role-play-firehouse-4-150x150.jpg 150w, https:\/\/softplaysupply.com\/wp-content\/uploads\/2025\/12\/role-play-firehouse-4-12x12.jpg 12w\" sizes=\"auto, (max-width: 750px) 100vw, 750px\" \/> <img loading=\"lazy\" decoding=\"async\" class=\"alignnone size-full wp-image-3402\" src=\"https:\/\/softplaysupply.com\/wp-content\/uploads\/2025\/12\/role-play-firehouse-5.jpg\" alt=\"\" width=\"750\" height=\"750\" srcset=\"https:\/\/softplaysupply.com\/wp-content\/uploads\/2025\/12\/role-play-firehouse-5.jpg 750w, https:\/\/softplaysupply.com\/wp-content\/uploads\/2025\/12\/role-play-firehouse-5-300x300.jpg 300w, https:\/\/softplaysupply.com\/wp-content\/uploads\/2025\/12\/role-play-firehouse-5-150x150.jpg 150w, https:\/\/softplaysupply.com\/wp-content\/uploads\/2025\/12\/role-play-firehouse-5-12x12.jpg 12w\" sizes=\"auto, (max-width: 750px) 100vw, 750px\" \/> <img loading=\"lazy\" decoding=\"async\" class=\"alignnone size-full wp-image-3399\" src=\"https:\/\/softplaysupply.com\/wp-content\/uploads\/2025\/12\/role-play-firehouse-2.jpg\" alt=\"\" width=\"750\" height=\"750\" srcset=\"https:\/\/softplaysupply.com\/wp-content\/uploads\/2025\/12\/role-play-firehouse-2.jpg 750w, https:\/\/softplaysupply.com\/wp-content\/uploads\/2025\/12\/role-play-firehouse-2-300x300.jpg 300w, https:\/\/softplaysupply.com\/wp-content\/uploads\/2025\/12\/role-play-firehouse-2-150x150.jpg 150w, https:\/\/softplaysupply.com\/wp-content\/uploads\/2025\/12\/role-play-firehouse-2-12x12.jpg 12w\" sizes=\"auto, (max-width: 750px) 100vw, 750px\" \/><\/p>\n<p style=\"font-size: 22px; font-weight: bold; color: #d32f2f; margin: 30px 0 15px;\">Motyw stra\u017cy po\u017carnej, kt\u00f3ry zach\u0119ca do zabawy w udawanie<\/p>\n<p style=\"font-size: 16px; margin-bottom: 20px;\">Domek stra\u017cacki do zabawy w pomieszczeniach zosta\u0142 zaprojektowany tak, aby imitowa\u0107 prawdziw\u0105 remiz\u0119 stra\u017cack\u0105 i posiada szereg ekscytuj\u0105cych funkcji. Zawiera du\u017cy gara\u017c z podw\u00f3jnymi drzwiami, \u015bciank\u0119 wspinaczkow\u0105, rur\u0119 stra\u017cack\u0105 do zje\u017cd\u017cania oraz hu\u015btawk\u0119 \u2013 wszystko starannie wykonane, aby zapewni\u0107 dzieciom jak najlepsze wra\u017cenia z zabawy w stra\u017cak\u00f3w. Wewn\u0105trz znajduj\u0105 si\u0119 ukryte klapy i drabinki \u0142\u0105cz\u0105ce r\u00f3\u017cne obszary, dzi\u0119ki czemu jest to idealne miejsce do zabawy i odkrywania dla dzieci. Taki uk\u0142ad pozwala dzieciom swobodnie si\u0119 wspina\u0107, zje\u017cd\u017ca\u0107 i odkrywa\u0107, zapewniaj\u0105c im zaj\u0119cie na wiele godzin.<\/p>\n<p style=\"font-size: 16px; margin-bottom: 30px;\">Ta domowa stra\u017cnica po\u017carna jest idealna do u\u017cytku domowego, w szko\u0142ach, o\u015brodkach kultury lub na krytych placach zabaw. Tworzy bezpieczn\u0105 przestrze\u0144, w kt\u00f3rej dzieci mog\u0105 bawi\u0107 si\u0119 w stra\u017cak\u00f3w i symulowa\u0107 \u017cycie w remizie. Niezale\u017cnie od tego, czy dzwoni\u0105 dzwonkiem alarmowym, zje\u017cd\u017caj\u0105 po rurze stra\u017cackiej, czy wyje\u017cd\u017caj\u0105 z gara\u017cu, aby walczy\u0107 z po\u017carem, mo\u017cliwo\u015bci kreatywnej zabawy s\u0105 nieograniczone.<\/p>\n<p style=\"font-size: 22px; font-weight: bold; color: #d32f2f; margin: 30px 0 15px;\">Idealna przestrze\u0144 dla dzieci do odkrywania \u015bwiata<\/p>\n<p style=\"font-size: 16px; margin-bottom: 20px;\">Jedn\u0105 z kluczowych cech tej domku stra\u017cackiego do zabawy w pomieszczeniach jest jego przestronna konstrukcja. Dzi\u0119ki wysokiemu sufitowi i du\u017cym oknom zapewnia on du\u017co miejsca nad g\u0142ow\u0105 i mn\u00f3stwo naturalnego \u015bwiat\u0142a. Tworzy to jasn\u0105, otwart\u0105 atmosfer\u0119, w kt\u00f3rej dzieci mog\u0105 swobodnie si\u0119 porusza\u0107 i cieszy\u0107 si\u0119 swoimi przygodami. Konstrukcja zosta\u0142a wykonana z trwa\u0142ych materia\u0142\u00f3w, w tym drewna, silikonu, PVC i innych komponent\u00f3w przyjaznych dla dzieci, dzi\u0119ki czemu domek jest bezpieczny i trwa\u0142y.<\/p>\n<p style=\"font-size: 16px; margin-bottom: 30px;\">Niezale\u017cnie od tego, czy zostanie umieszczony na podw\u00f3rku, czy w centrum zabaw dla dzieci, domek stra\u017cacki do zabawy w pomieszczeniach zapewnia dzieciom anga\u017cuj\u0105ce i bezpieczne \u015brodowisko, w kt\u00f3rym mog\u0105 rozwija\u0107 swoj\u0105 wyobra\u017ani\u0119. Domek jest dostarczany wraz ze szczeg\u00f3\u0142owymi planami projektowymi, co u\u0142atwia entuzjastom majsterkowania jego budow\u0119 i dostosowanie do posiadanej przestrzeni.<\/p>\n<p style=\"font-size: 22px; font-weight: bold; color: #d32f2f; margin: 30px 0 15px;\">Idealne do zabawy w domek<\/p>\n<p style=\"font-size: 16px; margin-bottom: 20px;\">Je\u015bli chcesz wprowadzi\u0107 do swojego domu lub plac\u00f3wki emocje zwi\u0105zane z udawaniem stra\u017cnicy po\u017carnej, idealnym dodatkiem b\u0119dzie domek stra\u017cacki do zabawy w pomieszczeniach. To nie tylko plac zabaw, ale kompletne do\u015bwiadczenie. Od dzwonka stra\u017cackiego po hydranty przeciwpo\u017carowe \u2014 wszystko zosta\u0142o zaprojektowane tak, aby zach\u0119ci\u0107 dzieci do aktywnej zabawy w odgrywanie r\u00f3l, kt\u00f3r\u0105 mog\u0105 cieszy\u0107 si\u0119 wraz z przyjaci\u00f3\u0142mi lub rodzin\u0105.<\/p>\n<p style=\"font-size: 16px; margin-bottom: 30px;\">Opr\u00f3cz imponuj\u0105cych funkcji, domek stra\u017cacki do zabawy w pomieszczeniach mo\u017cna dostosowa\u0107 do w\u0142asnych potrzeb. Mo\u017cna nawet doda\u0107 dodatkowe elementy, takie jak zje\u017cd\u017calnia lub tajny tunel ewakuacyjny prowadz\u0105cy do symulowanego p\u0142on\u0105cego budynku lub zabawkowej stra\u017cackiej ci\u0119\u017car\u00f3wki. Nie ma ogranicze\u0144 co do przyg\u00f3d, jakie dzieci mog\u0105 prze\u017cy\u0107 w tej ekscytuj\u0105cej przestrzeni!<\/p>\n<p style=\"font-size: 22px; font-weight: bold; color: #d32f2f; margin: 30px 0 15px;\">Idealny do r\u00f3\u017cnych \u015brodowisk<\/p>\n<p style=\"font-size: 16px; margin-bottom: 30px;\">Ta wszechstronna budka do zabawy mo\u017ce by\u0107 u\u017cywana w r\u00f3\u017cnych miejscach, takich jak szko\u0142y, ogrody, restauracje, centra handlowe, hotele i szpitale. To doskona\u0142y spos\u00f3b na zach\u0119cenie dzieci do kreatywnej zabawy, zapewniaj\u0105c im jednocze\u015bnie bezpieczne i rozrywkowe \u015brodowisko. Niezale\u017cnie od tego, czy jest to plac zabaw w spo\u0142eczno\u015bci lokalnej, czy prywatne podw\u00f3rko, ta budka do zabawy w stra\u017cak\u00f3w z pewno\u015bci\u0105 stanie si\u0119 ulubionym miejscem dzieci.<\/p>\n<p style=\"font-size: 22px; font-weight: bold; color: #d32f2f; margin: 30px 0 15px;\">Dlaczego warto wybra\u0107 domek stra\u017cacki firmy Nanpak?<\/p>\n<div style=\"background-color: #fff; padding: 20px; border-radius: 10px; box-shadow: 0 2px 10px rgba(0,0,0,0.1); margin-bottom: 30px;\">\n<p style=\"font-size: 16px;\"><strong>Materia\u0142:<\/strong> Drewno, silikon, PVC, winyl, nylon, plusz, PE, ABS, PP, PC, stop, plastik, metal, w\u0142\u00f3kno szklane, LLDPE, stal, aluminium, inne<\/p>\n<p style=\"font-size: 16px;\"><strong>Typ:<\/strong> W pomieszczeniach, na zewn\u0105trz<\/p>\n<p style=\"font-size: 16px;\"><strong>Nazwa marki:<\/strong> Nanpak<\/p>\n<p style=\"font-size: 16px;\"><strong>Rozmiar:<\/strong> Mo\u017cliwo\u015b\u0107 dostosowania do indywidualnych potrzeb<\/p>\n<p style=\"font-size: 16px;\"><strong>Projekt:<\/strong> Bezp\u0142atnie, renderowanie zostanie opublikowane tego samego dnia.<\/p>\n<p style=\"font-size: 16px;\"><strong>Zastosowanie:<\/strong> Szko\u0142y, ogrody, restauracje, centra handlowe, hotele, szpitale<\/p>\n<p style=\"font-size: 16px; margin-top: 20px;\"><strong>Dlaczego warto wybra\u0107 nas:<\/strong><\/p>\n<ol style=\"font-size: 16px; padding-left: 20px;\">\n<li>W pe\u0142ni spersonalizowane us\u0142ugi konsultingowe dostosowane do potrzeb klienta.<\/li>\n<li>Spe\u0142nia wszystkie normy bezpiecze\u0144stwa i wydajno\u015bci; spe\u0142nia norm\u0119 ISO9001, posiada certyfikaty CE.<\/li>\n<li>Pomoc techniczna na miejscu.<\/li>\n<li>Przyst\u0119pne ceny, kt\u00f3re pasuj\u0105 do ka\u017cdego bud\u017cetu.<\/li>\n<\/ol>\n<\/div>","protected":false},"excerpt":{"rendered":"<p>Domek stra\u017cacki to wci\u0105gaj\u0105ce i zabawne miejsce dla dzieci, wyposa\u017cone w \u015bcianki wspinaczkowe, rury stra\u017cackie i gara\u017ce, kt\u00f3re zach\u0119caj\u0105 do kreatywnej zabawy i przyg\u00f3d w szko\u0142ach, centrach zabaw lub krytych placach zabaw.<\/p>","protected":false},"featured_media":3401,"parent":0,"template":"","meta":{"_acf_changed":false,"_kad_blocks_custom_css":"","_kad_blocks_head_custom_js":"","_kad_blocks_body_custom_js":"","_kad_blocks_footer_custom_js":"","_kadence_starter_templates_imported_post":false,"_kad_post_transparent":"default","_kad_post_title":"","_kad_post_layout":"default","_kad_post_sidebar_id":"","_kad_post_content_style":"default","_kad_post_vertical_padding":"default","_kad_post_feature":"","_kad_post_feature_position":"","_kad_post_header":false,"_kad_post_footer":false},"pcategory":[20],"ptag":[],"class_list":["post-3397","product","type-product","status-publish","has-post-thumbnail","hentry","pcategory-role-playhouse"],"acf":[],"yoast_head":"<!-- This site is optimized with the Yoast SEO plugin v26.8 - https:\/\/yoast.com\/product\/yoast-seo-wordpress\/ -->\n<title>Fire Station Playhouse Indoor Playtown Playground Equipment Role Pretend Play Firehouse<\/title>\n<meta name=\"description\" content=\"The fire station playhouse indoor offers an exciting, interactive experience for children with features like fire poles, climbing walls, and escape tunnels, making it perfect for homes, schools, and playgrounds.\" \/>\n<meta name=\"robots\" content=\"index, follow, max-snippet:-1, max-image-preview:large, max-video-preview:-1\" \/>\n<link rel=\"canonical\" href=\"https:\/\/softplaysupply.com\/pl\/produkt\/fire-station-playhouse\/\" \/>\n<meta property=\"og:locale\" content=\"pl_PL\" \/>\n<meta property=\"og:type\" content=\"article\" \/>\n<meta property=\"og:title\" content=\"Fire Station Playhouse Indoor Playtown Playground Equipment Role Pretend Play Firehouse\" \/>\n<meta property=\"og:description\" content=\"The fire station playhouse indoor offers an exciting, interactive experience for children with features like fire poles, climbing walls, and escape tunnels, making it perfect for homes, schools, and playgrounds.\" \/>\n<meta property=\"og:url\" content=\"https:\/\/softplaysupply.com\/pl\/produkt\/fire-station-playhouse\/\" \/>\n<meta property=\"og:site_name\" content=\"Nanpak\" \/>\n<meta property=\"og:image\" content=\"https:\/\/softplaysupply.com\/wp-content\/uploads\/2025\/12\/role-play-firehouse-4.jpg\" \/>\n\t<meta property=\"og:image:width\" content=\"750\" \/>\n\t<meta property=\"og:image:height\" content=\"750\" \/>\n\t<meta property=\"og:image:type\" content=\"image\/jpeg\" \/>\n<meta name=\"twitter:card\" content=\"summary_large_image\" \/>\n<meta name=\"twitter:label1\" content=\"Szacowany czas czytania\" \/>\n\t<meta name=\"twitter:data1\" content=\"5 minut\" \/>\n<script type=\"application\/ld+json\" class=\"yoast-schema-graph\">{\"@context\":\"https:\/\/schema.org\",\"@graph\":[{\"@type\":\"WebPage\",\"@id\":\"https:\/\/softplaysupply.com\/product\/fire-station-playhouse\/\",\"url\":\"https:\/\/softplaysupply.com\/product\/fire-station-playhouse\/\",\"name\":\"Fire Station Playhouse Indoor Playtown Playground Equipment Role Pretend Play Firehouse\",\"isPartOf\":{\"@id\":\"https:\/\/softplaysupply.com\/#website\"},\"primaryImageOfPage\":{\"@id\":\"https:\/\/softplaysupply.com\/product\/fire-station-playhouse\/#primaryimage\"},\"image\":{\"@id\":\"https:\/\/softplaysupply.com\/product\/fire-station-playhouse\/#primaryimage\"},\"thumbnailUrl\":\"https:\/\/softplaysupply.com\/wp-content\/uploads\/2025\/12\/role-play-firehouse-4.jpg\",\"datePublished\":\"2025-12-29T07:02:03+00:00\",\"description\":\"The fire station playhouse indoor offers an exciting, interactive experience for children with features like fire poles, climbing walls, and escape tunnels, making it perfect for homes, schools, and playgrounds.\",\"breadcrumb\":{\"@id\":\"https:\/\/softplaysupply.com\/product\/fire-station-playhouse\/#breadcrumb\"},\"inLanguage\":\"pl-PL\",\"potentialAction\":[{\"@type\":\"ReadAction\",\"target\":[\"https:\/\/softplaysupply.com\/product\/fire-station-playhouse\/\"]}]},{\"@type\":\"ImageObject\",\"inLanguage\":\"pl-PL\",\"@id\":\"https:\/\/softplaysupply.com\/product\/fire-station-playhouse\/#primaryimage\",\"url\":\"https:\/\/softplaysupply.com\/wp-content\/uploads\/2025\/12\/role-play-firehouse-4.jpg\",\"contentUrl\":\"https:\/\/softplaysupply.com\/wp-content\/uploads\/2025\/12\/role-play-firehouse-4.jpg\",\"width\":750,\"height\":750,\"caption\":\"role play firehouse\"},{\"@type\":\"BreadcrumbList\",\"@id\":\"https:\/\/softplaysupply.com\/product\/fire-station-playhouse\/#breadcrumb\",\"itemListElement\":[{\"@type\":\"ListItem\",\"position\":1,\"name\":\"Home\",\"item\":\"https:\/\/softplaysupply.com\/\"},{\"@type\":\"ListItem\",\"position\":2,\"name\":\"Role Playhouse\",\"item\":\"https:\/\/softplaysupply.com\/pcategory\/role-playhouse\/\"},{\"@type\":\"ListItem\",\"position\":3,\"name\":\"Fire Station Playhouse Indoor Playtown Playground Equipment Role Pretend Play Firehouse\"}]},{\"@type\":\"WebSite\",\"@id\":\"https:\/\/softplaysupply.com\/#website\",\"url\":\"https:\/\/softplaysupply.com\/\",\"name\":\"Soft Play Supplier\",\"description\":\"Soft Play Supplier\",\"publisher\":{\"@id\":\"https:\/\/softplaysupply.com\/#organization\"},\"potentialAction\":[{\"@type\":\"SearchAction\",\"target\":{\"@type\":\"EntryPoint\",\"urlTemplate\":\"https:\/\/softplaysupply.com\/?s={search_term_string}\"},\"query-input\":{\"@type\":\"PropertyValueSpecification\",\"valueRequired\":true,\"valueName\":\"search_term_string\"}}],\"inLanguage\":\"pl-PL\"},{\"@type\":\"Organization\",\"@id\":\"https:\/\/softplaysupply.com\/#organization\",\"name\":\"Nanpak\",\"url\":\"https:\/\/softplaysupply.com\/\",\"logo\":{\"@type\":\"ImageObject\",\"inLanguage\":\"pl-PL\",\"@id\":\"https:\/\/softplaysupply.com\/#\/schema\/logo\/image\/\",\"url\":\"https:\/\/softplaysupply.com\/wp-content\/uploads\/2025\/12\/cropped-mobile-logo.png\",\"contentUrl\":\"https:\/\/softplaysupply.com\/wp-content\/uploads\/2025\/12\/cropped-mobile-logo.png\",\"width\":263,\"height\":84,\"caption\":\"Nanpak\"},\"image\":{\"@id\":\"https:\/\/softplaysupply.com\/#\/schema\/logo\/image\/\"}}]}<\/script>\n<!-- \/ Yoast SEO plugin. -->","yoast_head_json":{"title":"Stra\u017c po\u017carna Domek do zabawy Wewn\u0119trzny plac zabaw Sprz\u0119t do zabawy Zabawa w stra\u017c po\u017carn\u0105","description":"Domek stra\u017cacki do zabawy w pomieszczeniach zapewnia dzieciom ekscytuj\u0105ce, interaktywne wra\u017cenia dzi\u0119ki takim elementom, jak rury stra\u017cackie, \u015bcianki wspinaczkowe i tunele ewakuacyjne, dzi\u0119ki czemu idealnie nadaje si\u0119 do dom\u00f3w, szk\u00f3\u0142 i plac\u00f3w zabaw.","robots":{"index":"index","follow":"follow","max-snippet":"max-snippet:-1","max-image-preview":"max-image-preview:large","max-video-preview":"max-video-preview:-1"},"canonical":"https:\/\/softplaysupply.com\/pl\/produkt\/fire-station-playhouse\/","og_locale":"pl_PL","og_type":"article","og_title":"Fire Station Playhouse Indoor Playtown Playground Equipment Role Pretend Play Firehouse","og_description":"The fire station playhouse indoor offers an exciting, interactive experience for children with features like fire poles, climbing walls, and escape tunnels, making it perfect for homes, schools, and playgrounds.","og_url":"https:\/\/softplaysupply.com\/pl\/produkt\/fire-station-playhouse\/","og_site_name":"Nanpak","og_image":[{"width":750,"height":750,"url":"https:\/\/softplaysupply.com\/wp-content\/uploads\/2025\/12\/role-play-firehouse-4.jpg","type":"image\/jpeg"}],"twitter_card":"summary_large_image","twitter_misc":{"Szacowany czas czytania":"5 minut"},"schema":{"@context":"https:\/\/schema.org","@graph":[{"@type":"WebPage","@id":"https:\/\/softplaysupply.com\/product\/fire-station-playhouse\/","url":"https:\/\/softplaysupply.com\/product\/fire-station-playhouse\/","name":"Stra\u017c po\u017carna Domek do zabawy Wewn\u0119trzny plac zabaw Sprz\u0119t do zabawy Zabawa w stra\u017c po\u017carn\u0105","isPartOf":{"@id":"https:\/\/softplaysupply.com\/#website"},"primaryImageOfPage":{"@id":"https:\/\/softplaysupply.com\/product\/fire-station-playhouse\/#primaryimage"},"image":{"@id":"https:\/\/softplaysupply.com\/product\/fire-station-playhouse\/#primaryimage"},"thumbnailUrl":"https:\/\/softplaysupply.com\/wp-content\/uploads\/2025\/12\/role-play-firehouse-4.jpg","datePublished":"2025-12-29T07:02:03+00:00","description":"Domek stra\u017cacki do zabawy w pomieszczeniach zapewnia dzieciom ekscytuj\u0105ce, interaktywne wra\u017cenia dzi\u0119ki takim elementom, jak rury stra\u017cackie, \u015bcianki wspinaczkowe i tunele ewakuacyjne, dzi\u0119ki czemu idealnie nadaje si\u0119 do dom\u00f3w, szk\u00f3\u0142 i plac\u00f3w zabaw.","breadcrumb":{"@id":"https:\/\/softplaysupply.com\/product\/fire-station-playhouse\/#breadcrumb"},"inLanguage":"pl-PL","potentialAction":[{"@type":"ReadAction","target":["https:\/\/softplaysupply.com\/product\/fire-station-playhouse\/"]}]},{"@type":"ImageObject","inLanguage":"pl-PL","@id":"https:\/\/softplaysupply.com\/product\/fire-station-playhouse\/#primaryimage","url":"https:\/\/softplaysupply.com\/wp-content\/uploads\/2025\/12\/role-play-firehouse-4.jpg","contentUrl":"https:\/\/softplaysupply.com\/wp-content\/uploads\/2025\/12\/role-play-firehouse-4.jpg","width":750,"height":750,"caption":"role play firehouse"},{"@type":"BreadcrumbList","@id":"https:\/\/softplaysupply.com\/product\/fire-station-playhouse\/#breadcrumb","itemListElement":[{"@type":"ListItem","position":1,"name":"Home","item":"https:\/\/softplaysupply.com\/"},{"@type":"ListItem","position":2,"name":"Role Playhouse","item":"https:\/\/softplaysupply.com\/pcategory\/role-playhouse\/"},{"@type":"ListItem","position":3,"name":"Fire Station Playhouse Indoor Playtown Playground Equipment Role Pretend Play Firehouse"}]},{"@type":"WebSite","@id":"https:\/\/softplaysupply.com\/#website","url":"https:\/\/softplaysupply.com\/","name":"Dostawca mi\u0119kkich zabawek","description":"Dostawca mi\u0119kkich zabawek","publisher":{"@id":"https:\/\/softplaysupply.com\/#organization"},"potentialAction":[{"@type":"SearchAction","target":{"@type":"EntryPoint","urlTemplate":"https:\/\/softplaysupply.com\/?s={search_term_string}"},"query-input":{"@type":"PropertyValueSpecification","valueRequired":true,"valueName":"search_term_string"}}],"inLanguage":"pl-PL"},{"@type":"Organization","@id":"https:\/\/softplaysupply.com\/#organization","name":"Nanpak","url":"https:\/\/softplaysupply.com\/","logo":{"@type":"ImageObject","inLanguage":"pl-PL","@id":"https:\/\/softplaysupply.com\/#\/schema\/logo\/image\/","url":"https:\/\/softplaysupply.com\/wp-content\/uploads\/2025\/12\/cropped-mobile-logo.png","contentUrl":"https:\/\/softplaysupply.com\/wp-content\/uploads\/2025\/12\/cropped-mobile-logo.png","width":263,"height":84,"caption":"Nanpak"},"image":{"@id":"https:\/\/softplaysupply.com\/#\/schema\/logo\/image\/"}}]}},"taxonomy_info":{"pcategory":[{"value":20,"label":"Role Playhouse"}]},"featured_image_src_large":["https:\/\/softplaysupply.com\/wp-content\/uploads\/2025\/12\/role-play-firehouse-4.jpg",750,750,false],"author_info":[],"comment_info":"","_links":{"self":[{"href":"https:\/\/softplaysupply.com\/pl\/wp-json\/wp\/v2\/product\/3397","targetHints":{"allow":["GET"]}}],"collection":[{"href":"https:\/\/softplaysupply.com\/pl\/wp-json\/wp\/v2\/product"}],"about":[{"href":"https:\/\/softplaysupply.com\/pl\/wp-json\/wp\/v2\/types\/product"}],"wp:featuredmedia":[{"embeddable":true,"href":"https:\/\/softplaysupply.com\/pl\/wp-json\/wp\/v2\/media\/3401"}],"wp:attachment":[{"href":"https:\/\/softplaysupply.com\/pl\/wp-json\/wp\/v2\/media?parent=3397"}],"wp:term":[{"taxonomy":"pcategory","embeddable":true,"href":"https:\/\/softplaysupply.com\/pl\/wp-json\/wp\/v2\/pcategory?post=3397"},{"taxonomy":"ptag","embeddable":true,"href":"https:\/\/softplaysupply.com\/pl\/wp-json\/wp\/v2\/ptag?post=3397"}],"curies":[{"name":"wp","href":"https:\/\/api.w.org\/{rel}","templated":true}]}}