{"id":3389,"date":"2025-12-26T14:20:47","date_gmt":"2025-12-26T14:20:47","guid":{"rendered":"https:\/\/softplaysupply.com\/?post_type=product&#038;p=3389"},"modified":"2025-12-17T15:31:23","modified_gmt":"2025-12-17T15:31:23","slug":"kids-role-play-houses","status":"publish","type":"product","link":"https:\/\/softplaysupply.com\/pl\/produkt\/kids-role-play-houses\/","title":{"rendered":"Indywidualnie dostosowane komercyjne wyposa\u017cenie do zabawy w udawanie dla dzieci w mie\u015bcie, domek do zabawy w odgrywanie r\u00f3l, wyposa\u017cenie do zabawy w pomieszczeniach"},"content":{"rendered":"<div style=\"width: 1280px;\" class=\"wp-video\"><video class=\"wp-video-shortcode\" id=\"video-3389-1\" width=\"1280\" height=\"720\" preload=\"metadata\" controls=\"controls\"><source type=\"video\/mp4\" src=\"https:\/\/softplaysupply.com\/wp-content\/uploads\/2025\/12\/role-play-houses.mp4?_=1\" \/><a href=\"https:\/\/softplaysupply.com\/wp-content\/uploads\/2025\/12\/role-play-houses.mp4\">https:\/\/softplaysupply.com\/wp-content\/uploads\/2025\/12\/role-play-houses.mp4<\/a><\/video><\/div>\n<p style=\"text-align: justify; font-size: 16px; margin-bottom: 30px;\">Indywidualnie dostosowane komercyjne wyposa\u017cenie do zabawy w odgrywanie r\u00f3l dla dzieci w mie\u015bcie to wysoce interaktywne i atrakcyjne rozwi\u0105zanie do zabawy w pomieszczeniach, zaprojektowane w celu stymulowania wyobra\u017ani dzieci, umiej\u0119tno\u015bci spo\u0142ecznych i zrozumienia rzeczywistych sytuacji poprzez wci\u0105gaj\u0105ce do\u015bwiadczenia zwi\u0105zane z odgrywaniem r\u00f3l. Odtwarzaj\u0105c codzienne \u015brodowisko miejskie z perspektywy dziecka, system ten pozwala dzieciom naprawd\u0119 uczy\u0107 si\u0119 poprzez zabaw\u0119 w bezpiecznym, anga\u017cuj\u0105cym i radosnym otoczeniu.<\/p>\n<p><img loading=\"lazy\" decoding=\"async\" class=\"alignnone size-full wp-image-3396\" src=\"https:\/\/softplaysupply.com\/wp-content\/uploads\/2025\/12\/kids-role-play-house-6.jpg\" alt=\"\" width=\"750\" height=\"750\" srcset=\"https:\/\/softplaysupply.com\/wp-content\/uploads\/2025\/12\/kids-role-play-house-6.jpg 750w, https:\/\/softplaysupply.com\/wp-content\/uploads\/2025\/12\/kids-role-play-house-6-300x300.jpg 300w, https:\/\/softplaysupply.com\/wp-content\/uploads\/2025\/12\/kids-role-play-house-6-150x150.jpg 150w, https:\/\/softplaysupply.com\/wp-content\/uploads\/2025\/12\/kids-role-play-house-6-12x12.jpg 12w\" sizes=\"auto, (max-width: 750px) 100vw, 750px\" \/> <img loading=\"lazy\" decoding=\"async\" class=\"alignnone size-full wp-image-3395\" src=\"https:\/\/softplaysupply.com\/wp-content\/uploads\/2025\/12\/kids-role-play-house-5.jpg\" alt=\"\" width=\"750\" height=\"513\" srcset=\"https:\/\/softplaysupply.com\/wp-content\/uploads\/2025\/12\/kids-role-play-house-5.jpg 750w, https:\/\/softplaysupply.com\/wp-content\/uploads\/2025\/12\/kids-role-play-house-5-300x205.jpg 300w, https:\/\/softplaysupply.com\/wp-content\/uploads\/2025\/12\/kids-role-play-house-5-18x12.jpg 18w\" sizes=\"auto, (max-width: 750px) 100vw, 750px\" \/> <img loading=\"lazy\" decoding=\"async\" class=\"alignnone size-full wp-image-3394\" src=\"https:\/\/softplaysupply.com\/wp-content\/uploads\/2025\/12\/kids-role-play-house-4.jpg\" alt=\"\" width=\"800\" height=\"800\" srcset=\"https:\/\/softplaysupply.com\/wp-content\/uploads\/2025\/12\/kids-role-play-house-4.jpg 800w, https:\/\/softplaysupply.com\/wp-content\/uploads\/2025\/12\/kids-role-play-house-4-300x300.jpg 300w, https:\/\/softplaysupply.com\/wp-content\/uploads\/2025\/12\/kids-role-play-house-4-150x150.jpg 150w, https:\/\/softplaysupply.com\/wp-content\/uploads\/2025\/12\/kids-role-play-house-4-768x768.jpg 768w, https:\/\/softplaysupply.com\/wp-content\/uploads\/2025\/12\/kids-role-play-house-4-12x12.jpg 12w\" sizes=\"auto, (max-width: 800px) 100vw, 800px\" \/> <img loading=\"lazy\" decoding=\"async\" class=\"alignnone size-full wp-image-3393\" src=\"https:\/\/softplaysupply.com\/wp-content\/uploads\/2025\/12\/kids-role-play-house-3.jpg\" alt=\"\" width=\"800\" height=\"800\" srcset=\"https:\/\/softplaysupply.com\/wp-content\/uploads\/2025\/12\/kids-role-play-house-3.jpg 800w, https:\/\/softplaysupply.com\/wp-content\/uploads\/2025\/12\/kids-role-play-house-3-300x300.jpg 300w, https:\/\/softplaysupply.com\/wp-content\/uploads\/2025\/12\/kids-role-play-house-3-150x150.jpg 150w, https:\/\/softplaysupply.com\/wp-content\/uploads\/2025\/12\/kids-role-play-house-3-768x768.jpg 768w, https:\/\/softplaysupply.com\/wp-content\/uploads\/2025\/12\/kids-role-play-house-3-12x12.jpg 12w\" sizes=\"auto, (max-width: 800px) 100vw, 800px\" \/> <img loading=\"lazy\" decoding=\"async\" class=\"alignnone size-full wp-image-3392\" src=\"https:\/\/softplaysupply.com\/wp-content\/uploads\/2025\/12\/kids-role-play-house-2.jpg\" alt=\"domek do zabawy dla dzieci\" width=\"800\" height=\"800\" srcset=\"https:\/\/softplaysupply.com\/wp-content\/uploads\/2025\/12\/kids-role-play-house-2.jpg 800w, https:\/\/softplaysupply.com\/wp-content\/uploads\/2025\/12\/kids-role-play-house-2-300x300.jpg 300w, https:\/\/softplaysupply.com\/wp-content\/uploads\/2025\/12\/kids-role-play-house-2-150x150.jpg 150w, https:\/\/softplaysupply.com\/wp-content\/uploads\/2025\/12\/kids-role-play-house-2-768x768.jpg 768w, https:\/\/softplaysupply.com\/wp-content\/uploads\/2025\/12\/kids-role-play-house-2-12x12.jpg 12w\" sizes=\"auto, (max-width: 800px) 100vw, 800px\" \/><\/p>\n<p style=\"font-weight: bold; font-size: 22px; color: #e74c3c; margin: 40px 0 20px;\">Wci\u0105gaj\u0105ca zabawa w odgrywanie r\u00f3l w mini mie\u015bcie<\/p>\n<p style=\"text-align: justify; font-size: 16px; margin-bottom: 30px;\">Ten system do zabawy w udawanie zamienia wewn\u0119trzny plac zabaw w t\u0119tni\u0105ce \u017cyciem mini miasteczko, oferuj\u0105ce r\u00f3\u017cnorodne domki do zabawy w odgrywanie r\u00f3l, takie jak supermarkety, kuchnie, kawiarnie, szpitale, remizy stra\u017cackie, posterunki policji i urz\u0119dy pocztowe. Dzieci mog\u0105 swobodnie zmienia\u0107 role \u2013 sprzedawcy, kucharza, stra\u017caka, lekarza lub klienta \u2013 przenosz\u0105c sceny z \u017cycia codziennego do swojego \u015bwiata wyobra\u017ani. Te domki do zabawy w udawanie znacznie zwi\u0119kszaj\u0105 zaanga\u017cowanie, wyd\u0142u\u017caj\u0105 czas zabawy i zwi\u0119kszaj\u0105 liczb\u0119 powt\u00f3rnych wizyt.<\/p>\n<p style=\"font-weight: bold; font-size: 22px; color: #e74c3c; margin: 40px 0 20px;\">Bezpieczna, trwa\u0142a i realistyczna konstrukcja<\/p>\n<p style=\"text-align: justify; font-size: 16px; margin-bottom: 30px;\">Nanpak wykorzystuje trwa\u0142e, bezpieczne dla dzieci i przyjazne dla \u015brodowiska materia\u0142y do budowy wszystkich domk\u00f3w do zabawy. Wszystkie produkty spe\u0142niaj\u0105 mi\u0119dzynarodowe normy bezpiecze\u0144stwa, w tym ASTM i EN. Detale, takie jak otwierane drzwi, lady do zabawy, rekwizyty tematyczne i realistyczne akcesoria sprawiaj\u0105, \u017ce zabawa jest bardziej wci\u0105gaj\u0105ca i autentyczna, dzi\u0119ki czemu te domki do zabawy s\u0105 idealnym wyborem dla komercyjnych plac\u00f3w zabaw w pomieszczeniach.<\/p>\n<p style=\"font-weight: bold; font-size: 22px; color: #e74c3c; margin: 40px 0 20px;\">W pe\u0142ni dostosowane do potrzeb komercyjnych<\/p>\n<p style=\"text-align: justify; font-size: 16px; margin-bottom: 30px;\">Ka\u017cde rozwi\u0105zanie w zakresie domk\u00f3w do zabawy dla dzieci jest w pe\u0142ni konfigurowalne. Niezale\u017cnie od tego, czy chcesz doda\u0107 pojedynczy domek do zabawy, czy zaprojektowa\u0107 kompletny \u201cmiasto do zabawy\u201d w formie krytego placu zabaw, nasz profesjonalny zesp\u00f3\u0142 pomo\u017ce Ci stworzy\u0107 uk\u0142ad najlepiej dopasowany do Twojej przestrzeni. Oferujemy rozwi\u0105zania zar\u00f3wno dla kompaktowych k\u0105cik\u00f3w do zabawy, jak i du\u017cych komercyjnych projekt\u00f3w wyposa\u017cenia krytych plac\u00f3w zabaw.<\/p>\n<p style=\"font-weight: bold; font-size: 22px; color: #e74c3c; margin: 40px 0 20px;\">Popularne motywy zabaw w udawanie<\/p>\n<p style=\"text-align: justify; font-size: 16px; margin-bottom: 10px;\">Najcz\u0119\u015bciej wybierane domki do zabawy w udawanie to:<\/p>\n<ul style=\"font-size: 16px; padding-left: 40px; margin-bottom: 30px;\">\n<li><strong>Supermarket<\/strong> \u2013 Skup si\u0119 na logice matematycznej i interakcjach spo\u0142ecznych, wyposa\u017cone w w\u00f3zki sklepowe, zabawki imituj\u0105ce produkty spo\u017cywcze, skanery i kasy fiskalne.<\/li>\n<li><strong>Szpital<\/strong> \u2013 Rozwijaj empati\u0119 i ciekawo\u015b\u0107 naukow\u0105 za pomoc\u0105 stetoskop\u00f3w, zabawkowych aparat\u00f3w rentgenowskich i \u0142\u00f3\u017cek szpitalnych.<\/li>\n<li><strong>Remiza stra\u017cacka<\/strong> \u2013 Budowanie odwagi i koordynacji ruchowej przy u\u017cyciu mundur\u00f3w stra\u017cackich, he\u0142m\u00f3w i mi\u0119kkich rekwizyt\u00f3w stra\u017cackich.<\/li>\n<li><strong>Salon fryzjerski<\/strong> \u2013 Zach\u0119caj do kreatywno\u015bci i dba\u0142o\u015bci o estetyk\u0119, wykorzystuj\u0105c lustra, narz\u0119dzia do stylizacji i toaletki.<\/li>\n<li><strong>Plac budowy<\/strong> \u2013 Wzmocnienie logicznego my\u015blenia i umiej\u0119tno\u015bci praktycznych dzi\u0119ki kaskom ochronnym, klockom z pianki i rysunkom projektowym.<\/li>\n<\/ul>\n<p style=\"font-weight: bold; font-size: 22px; color: #e74c3c; margin: 40px 0 20px;\">Kluczowe cechy<\/p>\n<ul style=\"font-size: 16px; padding-left: 40px; margin-bottom: 30px;\">\n<li><strong>Wysoki stopie\u0144 personalizacji:<\/strong> Kolory, motywy, uk\u0142ady i skala mog\u0105 by\u0107 dostosowane do Twojej przestrzeni i marki. Opcjonalne elementy interaktywne obejmuj\u0105 baseny z pi\u0142eczkami, zje\u017cd\u017calnie, <a href=\"https:\/\/softplaysupply.com\/pl\/pcategoria\/scianki-wspinaczkowe\/\" data-internallinksmanager029f6b8e52c=\"3\" title=\"\u015bcianki wspinaczkowe\" target=\"_blank\" rel=\"noopener\">\u015bcianki wspinaczkowe<\/a>, i gry z rzutami.<\/li>\n<li><strong>Bezpiecze\u0144stwo przede wszystkim:<\/strong> Zaokr\u0105glone kraw\u0119dzie, nietoksyczne materia\u0142y dopuszczone do kontaktu z \u017cywno\u015bci\u0105, antypo\u015blizgowa pod\u0142oga i mi\u0119kka wy\u015bci\u00f3\u0142ka zapewniaj\u0105 bezpiecze\u0144stwo i trwa\u0142o\u015b\u0107 przy intensywnym u\u017cytkowaniu komercyjnym.<\/li>\n<li><strong>Bogate motywy:<\/strong> Dziesi\u0105tki realistycznych scenariuszy do odgrywania r\u00f3l z szczeg\u00f3\u0142owymi rekwizytami, takimi jak narz\u0119dzia kuchenne, apteczki i kasy fiskalne, zapewniaj\u0105ce wci\u0105gaj\u0105c\u0105 rozgrywk\u0119.<\/li>\n<li><strong>\u0141atwa instalacja i konserwacja:<\/strong> Modu\u0142owa konstrukcja umo\u017cliwia \u0142atwy transport, monta\u017c i czyszczenie, co sprawia, \u017ce urz\u0105dzenie idealnie nadaje si\u0119 do stosowania w klimatyzowanych pomieszczeniach.<\/li>\n<\/ul>\n<p style=\"font-weight: bold; font-size: 22px; color: #e74c3c; margin: 40px 0 20px;\">Korzy\u015bci edukacyjne i rozwojowe<\/p>\n<p style=\"text-align: justify; font-size: 16px; margin-bottom: 30px;\">Zabawa w odgrywanie r\u00f3l jest kluczowym elementem wczesnego rozwoju dziecka. Te domki do zabawy s\u0105 nie tylko elementem wyposa\u017cenia placu zabaw, ale tak\u017ce pot\u0119\u017cnym narz\u0119dziem edukacyjnym:<\/p>\n<ul style=\"font-size: 16px; padding-left: 40px; margin-bottom: 30px;\">\n<li>Pobudzaj wyobra\u017ani\u0119 i kreatywno\u015b\u0107 poprzez odkrywanie r\u00f3\u017cnych zawod\u00f3w.<\/li>\n<li>Popraw umiej\u0119tno\u015bci spo\u0142eczne i komunikacyjne poprzez interakcj\u0119 w grupie.<\/li>\n<li>Buduj empati\u0119 poprzez zrozumienie r\u00f3\u017cnych r\u00f3l i emocji.<\/li>\n<li>Rozwijaj umiej\u0119tno\u015bci j\u0119zykowe i zdolno\u015bci rozwi\u0105zywania problem\u00f3w<\/li>\n<li>Wspieraj koordynacj\u0119 ruchow\u0105 poprzez wspinaczk\u0119, bieganie i aktywn\u0105 zabaw\u0119.<\/li>\n<\/ul>\n<p style=\"font-weight: bold; font-size: 22px; color: #e74c3c; margin: 40px 0 20px;\">Inteligentna inwestycja w place zabaw w pomieszczeniach<\/p>\n<p style=\"text-align: justify; font-size: 16px; margin-bottom: 30px;\">W por\u00f3wnaniu z du\u017cymi atrakcjami rozrywkowymi lub grami elektronicznymi, sprz\u0119t do zabawy w dom w pomieszczeniach zamkni\u0119tych oferuje ni\u017csze koszty utrzymania, wy\u017csz\u0105 warto\u015b\u0107 edukacyjn\u0105, silniejsz\u0105 interakcj\u0119 mi\u0119dzy rodzicami a dzie\u0107mi, d\u0142u\u017cszy czas zabawy i wi\u0119ksz\u0105 satysfakcj\u0119 klient\u00f3w. Jest to op\u0142acalne rozwi\u0105zanie w zakresie komercyjnych plac\u00f3w zabaw, zapewniaj\u0105ce stabilne d\u0142ugoterminowe zyski.<\/p>\n<p style=\"font-weight: bold; font-size: 22px; color: #e74c3c; margin: 40px 0 20px;\">Scenariusze zastosowa\u0144<\/p>\n<ul style=\"font-size: 16px; padding-left: 40px; margin-bottom: 30px;\">\n<li>Komercyjne place zabaw w pomieszczeniach<\/li>\n<li>Centra rozrywki rodzinnej (FEC)<\/li>\n<li>Przedszkola i o\u015brodki wczesnej edukacji<\/li>\n<li>Strefy zabaw dla dzieci w centrach handlowych<\/li>\n<li>Muzea dla dzieci i przestrzenie edukacyjne oparte na do\u015bwiadczeniu<\/li>\n<\/ul>\n<p style=\"font-weight: bold; font-size: 22px; color: #e74c3c; margin: 40px 0 20px;\">Wnioski<\/p>\n<p style=\"text-align: justify; font-size: 16px; margin-bottom: 30px;\">Indywidualnie dostosowane komercyjne wyposa\u017cenie do zabawy w odgrywanie r\u00f3l dla dzieci w mie\u015bcie p\u0142ynnie \u0142\u0105czy rozrywk\u0119, edukacj\u0119 i kreatywno\u015b\u0107. Oferuj\u0105c dzieciom realistyczne, a jednocze\u015bnie pobudzaj\u0105ce wyobra\u017ani\u0119 mini miasto pe\u0142ne anga\u017cuj\u0105cych domk\u00f3w do zabawy w odgrywanie r\u00f3l i domk\u00f3w do zabawy w udawanie, zwi\u0119ksza og\u00f3ln\u0105 atrakcyjno\u015b\u0107 plac\u00f3w zabaw w pomieszczeniach, zapewniaj\u0105c jednocze\u015bnie warto\u015bciowe do\u015bwiadczenia zwi\u0105zane z zabaw\u0105, kt\u00f3re sprawiaj\u0105, \u017ce rodziny ch\u0119tnie tu wracaj\u0105.<\/p>","protected":false},"excerpt":{"rendered":"<p>Komercyjne wyposa\u017cenie do zabawy w udawanie w mie\u015bcie, z mo\u017cliwo\u015bci\u0105 dostosowania motyw\u00f3w domk\u00f3w do zabawy, takich jak supermarket, szpital i remiza stra\u017cacka, idealne do dochodowych plac\u00f3w zabaw dla dzieci. Stw\u00f3rz radosne miasto do zabawy w udawanie dzi\u0119ki wyposa\u017ceniu do zabawy w udawanie dla dzieci, gdzie wci\u0105gaj\u0105ce domki do zabawy zamieniaj\u0105 codzienne \u017cycie w zabawne przygody.<\/p>","protected":false},"featured_media":3392,"parent":0,"template":"","meta":{"_acf_changed":false,"_kad_blocks_custom_css":"","_kad_blocks_head_custom_js":"","_kad_blocks_body_custom_js":"","_kad_blocks_footer_custom_js":"","_kadence_starter_templates_imported_post":false,"_kad_post_transparent":"default","_kad_post_title":"","_kad_post_layout":"default","_kad_post_sidebar_id":"","_kad_post_content_style":"default","_kad_post_vertical_padding":"default","_kad_post_feature":"","_kad_post_feature_position":"","_kad_post_header":false,"_kad_post_footer":false},"pcategory":[5,20],"ptag":[],"class_list":["post-3389","product","type-product","status-publish","has-post-thumbnail","hentry","pcategory-indoor-playground-equipment","pcategory-role-playhouse"],"acf":[],"yoast_head":"<!-- This site is optimized with the Yoast SEO plugin v26.8 - https:\/\/yoast.com\/product\/yoast-seo-wordpress\/ -->\n<title>Customized Commercial Pretend Play City Kids Role Play House Indoor Playground Equipments<\/title>\n<meta name=\"description\" content=\"Customized Commercial Pretend Play City Kids Role Play House indoor playground equipment featuring immersive pretend play houses, safe materials, and flexible customization to inspire creativity, social skills, and repeat visits.\" \/>\n<meta name=\"robots\" content=\"index, follow, max-snippet:-1, max-image-preview:large, max-video-preview:-1\" \/>\n<link rel=\"canonical\" href=\"https:\/\/softplaysupply.com\/pl\/produkt\/kids-role-play-houses\/\" \/>\n<meta property=\"og:locale\" content=\"pl_PL\" \/>\n<meta property=\"og:type\" content=\"article\" \/>\n<meta property=\"og:title\" content=\"Customized Commercial Pretend Play City Kids Role Play House Indoor Playground Equipments\" \/>\n<meta property=\"og:description\" content=\"Customized Commercial Pretend Play City Kids Role Play House indoor playground equipment featuring immersive pretend play houses, safe materials, and flexible customization to inspire creativity, social skills, and repeat visits.\" \/>\n<meta property=\"og:url\" content=\"https:\/\/softplaysupply.com\/pl\/produkt\/kids-role-play-houses\/\" \/>\n<meta property=\"og:site_name\" content=\"Nanpak\" \/>\n<meta property=\"og:image\" content=\"https:\/\/softplaysupply.com\/wp-content\/uploads\/2025\/12\/kids-role-play-house-2.jpg\" \/>\n\t<meta property=\"og:image:width\" content=\"800\" \/>\n\t<meta property=\"og:image:height\" content=\"800\" \/>\n\t<meta property=\"og:image:type\" content=\"image\/jpeg\" \/>\n<meta name=\"twitter:card\" content=\"summary_large_image\" \/>\n<meta name=\"twitter:label1\" content=\"Szacowany czas czytania\" \/>\n\t<meta name=\"twitter:data1\" content=\"5 minut\" \/>\n<script type=\"application\/ld+json\" class=\"yoast-schema-graph\">{\"@context\":\"https:\/\/schema.org\",\"@graph\":[{\"@type\":\"WebPage\",\"@id\":\"https:\/\/softplaysupply.com\/product\/kids-role-play-houses\/\",\"url\":\"https:\/\/softplaysupply.com\/product\/kids-role-play-houses\/\",\"name\":\"Customized Commercial Pretend Play City Kids Role Play House Indoor Playground Equipments\",\"isPartOf\":{\"@id\":\"https:\/\/softplaysupply.com\/#website\"},\"primaryImageOfPage\":{\"@id\":\"https:\/\/softplaysupply.com\/product\/kids-role-play-houses\/#primaryimage\"},\"image\":{\"@id\":\"https:\/\/softplaysupply.com\/product\/kids-role-play-houses\/#primaryimage\"},\"thumbnailUrl\":\"https:\/\/softplaysupply.com\/wp-content\/uploads\/2025\/12\/kids-role-play-house-2.jpg\",\"datePublished\":\"2025-12-26T14:20:47+00:00\",\"description\":\"Customized Commercial Pretend Play City Kids Role Play House indoor playground equipment featuring immersive pretend play houses, safe materials, and flexible customization to inspire creativity, social skills, and repeat visits.\",\"breadcrumb\":{\"@id\":\"https:\/\/softplaysupply.com\/product\/kids-role-play-houses\/#breadcrumb\"},\"inLanguage\":\"pl-PL\",\"potentialAction\":[{\"@type\":\"ReadAction\",\"target\":[\"https:\/\/softplaysupply.com\/product\/kids-role-play-houses\/\"]}]},{\"@type\":\"ImageObject\",\"inLanguage\":\"pl-PL\",\"@id\":\"https:\/\/softplaysupply.com\/product\/kids-role-play-houses\/#primaryimage\",\"url\":\"https:\/\/softplaysupply.com\/wp-content\/uploads\/2025\/12\/kids-role-play-house-2.jpg\",\"contentUrl\":\"https:\/\/softplaysupply.com\/wp-content\/uploads\/2025\/12\/kids-role-play-house-2.jpg\",\"width\":800,\"height\":800,\"caption\":\"kids role play house\"},{\"@type\":\"BreadcrumbList\",\"@id\":\"https:\/\/softplaysupply.com\/product\/kids-role-play-houses\/#breadcrumb\",\"itemListElement\":[{\"@type\":\"ListItem\",\"position\":1,\"name\":\"Home\",\"item\":\"https:\/\/softplaysupply.com\/\"},{\"@type\":\"ListItem\",\"position\":2,\"name\":\"Role Playhouse\",\"item\":\"https:\/\/softplaysupply.com\/pcategory\/role-playhouse\/\"},{\"@type\":\"ListItem\",\"position\":3,\"name\":\"Customized Commercial Pretend Play City Kids Role Play House Indoor Playground Equipments\"}]},{\"@type\":\"WebSite\",\"@id\":\"https:\/\/softplaysupply.com\/#website\",\"url\":\"https:\/\/softplaysupply.com\/\",\"name\":\"Soft Play Supplier\",\"description\":\"Soft Play Supplier\",\"publisher\":{\"@id\":\"https:\/\/softplaysupply.com\/#organization\"},\"potentialAction\":[{\"@type\":\"SearchAction\",\"target\":{\"@type\":\"EntryPoint\",\"urlTemplate\":\"https:\/\/softplaysupply.com\/?s={search_term_string}\"},\"query-input\":{\"@type\":\"PropertyValueSpecification\",\"valueRequired\":true,\"valueName\":\"search_term_string\"}}],\"inLanguage\":\"pl-PL\"},{\"@type\":\"Organization\",\"@id\":\"https:\/\/softplaysupply.com\/#organization\",\"name\":\"Nanpak\",\"url\":\"https:\/\/softplaysupply.com\/\",\"logo\":{\"@type\":\"ImageObject\",\"inLanguage\":\"pl-PL\",\"@id\":\"https:\/\/softplaysupply.com\/#\/schema\/logo\/image\/\",\"url\":\"https:\/\/softplaysupply.com\/wp-content\/uploads\/2025\/12\/cropped-mobile-logo.png\",\"contentUrl\":\"https:\/\/softplaysupply.com\/wp-content\/uploads\/2025\/12\/cropped-mobile-logo.png\",\"width\":263,\"height\":84,\"caption\":\"Nanpak\"},\"image\":{\"@id\":\"https:\/\/softplaysupply.com\/#\/schema\/logo\/image\/\"}}]}<\/script>\n<!-- \/ Yoast SEO plugin. -->","yoast_head_json":{"title":"Indywidualnie dostosowane komercyjne wyposa\u017cenie do zabawy w udawanie dla dzieci w mie\u015bcie, domek do zabawy w odgrywanie r\u00f3l, wyposa\u017cenie do zabawy w pomieszczeniach","description":"Indywidualnie dostosowane komercyjne wyposa\u017cenie plac\u00f3w zabaw dla dzieci do zabawy w odgrywanie r\u00f3l, obejmuj\u0105ce wci\u0105gaj\u0105ce domki do zabawy, bezpieczne materia\u0142y i elastyczne mo\u017cliwo\u015bci dostosowania, kt\u00f3re inspiruj\u0105 kreatywno\u015b\u0107, umiej\u0119tno\u015bci spo\u0142eczne i zach\u0119caj\u0105 do ponownych wizyt.","robots":{"index":"index","follow":"follow","max-snippet":"max-snippet:-1","max-image-preview":"max-image-preview:large","max-video-preview":"max-video-preview:-1"},"canonical":"https:\/\/softplaysupply.com\/pl\/produkt\/kids-role-play-houses\/","og_locale":"pl_PL","og_type":"article","og_title":"Customized Commercial Pretend Play City Kids Role Play House Indoor Playground Equipments","og_description":"Customized Commercial Pretend Play City Kids Role Play House indoor playground equipment featuring immersive pretend play houses, safe materials, and flexible customization to inspire creativity, social skills, and repeat visits.","og_url":"https:\/\/softplaysupply.com\/pl\/produkt\/kids-role-play-houses\/","og_site_name":"Nanpak","og_image":[{"width":800,"height":800,"url":"https:\/\/softplaysupply.com\/wp-content\/uploads\/2025\/12\/kids-role-play-house-2.jpg","type":"image\/jpeg"}],"twitter_card":"summary_large_image","twitter_misc":{"Szacowany czas czytania":"5 minut"},"schema":{"@context":"https:\/\/schema.org","@graph":[{"@type":"WebPage","@id":"https:\/\/softplaysupply.com\/product\/kids-role-play-houses\/","url":"https:\/\/softplaysupply.com\/product\/kids-role-play-houses\/","name":"Indywidualnie dostosowane komercyjne wyposa\u017cenie do zabawy w udawanie dla dzieci w mie\u015bcie, domek do zabawy w odgrywanie r\u00f3l, wyposa\u017cenie do zabawy w pomieszczeniach","isPartOf":{"@id":"https:\/\/softplaysupply.com\/#website"},"primaryImageOfPage":{"@id":"https:\/\/softplaysupply.com\/product\/kids-role-play-houses\/#primaryimage"},"image":{"@id":"https:\/\/softplaysupply.com\/product\/kids-role-play-houses\/#primaryimage"},"thumbnailUrl":"https:\/\/softplaysupply.com\/wp-content\/uploads\/2025\/12\/kids-role-play-house-2.jpg","datePublished":"2025-12-26T14:20:47+00:00","description":"Indywidualnie dostosowane komercyjne wyposa\u017cenie plac\u00f3w zabaw dla dzieci do zabawy w odgrywanie r\u00f3l, obejmuj\u0105ce wci\u0105gaj\u0105ce domki do zabawy, bezpieczne materia\u0142y i elastyczne mo\u017cliwo\u015bci dostosowania, kt\u00f3re inspiruj\u0105 kreatywno\u015b\u0107, umiej\u0119tno\u015bci spo\u0142eczne i zach\u0119caj\u0105 do ponownych wizyt.","breadcrumb":{"@id":"https:\/\/softplaysupply.com\/product\/kids-role-play-houses\/#breadcrumb"},"inLanguage":"pl-PL","potentialAction":[{"@type":"ReadAction","target":["https:\/\/softplaysupply.com\/product\/kids-role-play-houses\/"]}]},{"@type":"ImageObject","inLanguage":"pl-PL","@id":"https:\/\/softplaysupply.com\/product\/kids-role-play-houses\/#primaryimage","url":"https:\/\/softplaysupply.com\/wp-content\/uploads\/2025\/12\/kids-role-play-house-2.jpg","contentUrl":"https:\/\/softplaysupply.com\/wp-content\/uploads\/2025\/12\/kids-role-play-house-2.jpg","width":800,"height":800,"caption":"kids role play house"},{"@type":"BreadcrumbList","@id":"https:\/\/softplaysupply.com\/product\/kids-role-play-houses\/#breadcrumb","itemListElement":[{"@type":"ListItem","position":1,"name":"Home","item":"https:\/\/softplaysupply.com\/"},{"@type":"ListItem","position":2,"name":"Role Playhouse","item":"https:\/\/softplaysupply.com\/pcategory\/role-playhouse\/"},{"@type":"ListItem","position":3,"name":"Customized Commercial Pretend Play City Kids Role Play House Indoor Playground Equipments"}]},{"@type":"WebSite","@id":"https:\/\/softplaysupply.com\/#website","url":"https:\/\/softplaysupply.com\/","name":"Dostawca mi\u0119kkich zabawek","description":"Dostawca mi\u0119kkich zabawek","publisher":{"@id":"https:\/\/softplaysupply.com\/#organization"},"potentialAction":[{"@type":"SearchAction","target":{"@type":"EntryPoint","urlTemplate":"https:\/\/softplaysupply.com\/?s={search_term_string}"},"query-input":{"@type":"PropertyValueSpecification","valueRequired":true,"valueName":"search_term_string"}}],"inLanguage":"pl-PL"},{"@type":"Organization","@id":"https:\/\/softplaysupply.com\/#organization","name":"Nanpak","url":"https:\/\/softplaysupply.com\/","logo":{"@type":"ImageObject","inLanguage":"pl-PL","@id":"https:\/\/softplaysupply.com\/#\/schema\/logo\/image\/","url":"https:\/\/softplaysupply.com\/wp-content\/uploads\/2025\/12\/cropped-mobile-logo.png","contentUrl":"https:\/\/softplaysupply.com\/wp-content\/uploads\/2025\/12\/cropped-mobile-logo.png","width":263,"height":84,"caption":"Nanpak"},"image":{"@id":"https:\/\/softplaysupply.com\/#\/schema\/logo\/image\/"}}]}},"taxonomy_info":{"pcategory":[{"value":5,"label":"Indoor Playground Equipment"},{"value":20,"label":"Role Playhouse"}]},"featured_image_src_large":["https:\/\/softplaysupply.com\/wp-content\/uploads\/2025\/12\/kids-role-play-house-2.jpg",800,800,false],"author_info":[],"comment_info":"","_links":{"self":[{"href":"https:\/\/softplaysupply.com\/pl\/wp-json\/wp\/v2\/product\/3389","targetHints":{"allow":["GET"]}}],"collection":[{"href":"https:\/\/softplaysupply.com\/pl\/wp-json\/wp\/v2\/product"}],"about":[{"href":"https:\/\/softplaysupply.com\/pl\/wp-json\/wp\/v2\/types\/product"}],"wp:featuredmedia":[{"embeddable":true,"href":"https:\/\/softplaysupply.com\/pl\/wp-json\/wp\/v2\/media\/3392"}],"wp:attachment":[{"href":"https:\/\/softplaysupply.com\/pl\/wp-json\/wp\/v2\/media?parent=3389"}],"wp:term":[{"taxonomy":"pcategory","embeddable":true,"href":"https:\/\/softplaysupply.com\/pl\/wp-json\/wp\/v2\/pcategory?post=3389"},{"taxonomy":"ptag","embeddable":true,"href":"https:\/\/softplaysupply.com\/pl\/wp-json\/wp\/v2\/ptag?post=3389"}],"curies":[{"name":"wp","href":"https:\/\/api.w.org\/{rel}","templated":true}]}}