{"id":3364,"date":"2025-12-21T03:10:27","date_gmt":"2025-12-21T03:10:27","guid":{"rendered":"https:\/\/softplaysupply.com\/?post_type=product&#038;p=3364"},"modified":"2025-12-16T03:39:42","modified_gmt":"2025-12-16T03:39:42","slug":"teddy-bear-stuffing-machine","status":"publish","type":"product","link":"https:\/\/softplaysupply.com\/pl\/produkt\/teddy-bear-stuffing-machine\/","title":{"rendered":"Komercjalna maszyna do wype\u0142niania pluszowych misi\u00f3w i zabawek na sprzeda\u017c"},"content":{"rendered":"<div style=\"margin: 0 auto; background-color: #ffffff; padding: 40px; border-radius: 12px; box-shadow: 0 4px 20px rgba(0,0,0,0.1);\">\n<p style=\"font-size: 1.2em; color: #555555; margin-bottom: 40px; text-align: left;\">Ta maszyna do wype\u0142niania pluszowych misi\u00f3w to zautomatyzowany system przemys\u0142owy przeznaczony do wydajnego i precyzyjnego wype\u0142niania pluszowych zabawek. Jest szeroko stosowana w centrach handlowych, kawiarniach i krytych placach zabaw. Urz\u0105dzenie obs\u0142uguje zar\u00f3wno dzia\u0142alno\u015b\u0107 komercyjn\u0105, jak i interaktywne do\u015bwiadczenia typu \u201ezr\u00f3b to sam\u201d. Zaprojektowana z my\u015bl\u0105 o kwadratowych i prostok\u0105tnych pluszowych zabawkach, ta maszyna do wype\u0142niania pluszowych misi\u00f3w zapewnia r\u00f3wnomierne wype\u0142nienie i stabilny kszta\u0142t. Pomaga operatorom zapewni\u0107 sta\u0142\u0105 jako\u015b\u0107, oferuj\u0105c jednocze\u015bnie klientom zabaw\u0119 i niezapomniane wra\u017cenia zwi\u0105zane z tworzeniem pluszowych zabawek.<\/p>\n<p><img loading=\"lazy\" decoding=\"async\" class=\"alignnone  wp-image-3368\" src=\"https:\/\/softplaysupply.com\/wp-content\/uploads\/2025\/12\/bear-stuffing-machine-4.jpg\" alt=\"\" width=\"764\" height=\"767\" srcset=\"https:\/\/softplaysupply.com\/wp-content\/uploads\/2025\/12\/bear-stuffing-machine-4.jpg 593w, https:\/\/softplaysupply.com\/wp-content\/uploads\/2025\/12\/bear-stuffing-machine-4-300x300.jpg 300w, https:\/\/softplaysupply.com\/wp-content\/uploads\/2025\/12\/bear-stuffing-machine-4-150x150.jpg 150w, https:\/\/softplaysupply.com\/wp-content\/uploads\/2025\/12\/bear-stuffing-machine-4-12x12.jpg 12w\" sizes=\"auto, (max-width: 764px) 100vw, 764px\" \/> <img loading=\"lazy\" decoding=\"async\" class=\"alignnone  wp-image-3366\" src=\"https:\/\/softplaysupply.com\/wp-content\/uploads\/2025\/12\/bear-stuffing-machine-2.jpg\" alt=\"\" width=\"779\" height=\"436\" srcset=\"https:\/\/softplaysupply.com\/wp-content\/uploads\/2025\/12\/bear-stuffing-machine-2.jpg 1179w, https:\/\/softplaysupply.com\/wp-content\/uploads\/2025\/12\/bear-stuffing-machine-2-300x168.jpg 300w, https:\/\/softplaysupply.com\/wp-content\/uploads\/2025\/12\/bear-stuffing-machine-2-1024x573.jpg 1024w, https:\/\/softplaysupply.com\/wp-content\/uploads\/2025\/12\/bear-stuffing-machine-2-768x430.jpg 768w, https:\/\/softplaysupply.com\/wp-content\/uploads\/2025\/12\/bear-stuffing-machine-2-18x10.jpg 18w\" sizes=\"auto, (max-width: 779px) 100vw, 779px\" \/> <img loading=\"lazy\" decoding=\"async\" class=\"alignnone  wp-image-3370\" src=\"https:\/\/softplaysupply.com\/wp-content\/uploads\/2025\/12\/bear-stuffing-machine-6.jpg\" alt=\"\" width=\"774\" height=\"734\" srcset=\"https:\/\/softplaysupply.com\/wp-content\/uploads\/2025\/12\/bear-stuffing-machine-6.jpg 583w, https:\/\/softplaysupply.com\/wp-content\/uploads\/2025\/12\/bear-stuffing-machine-6-300x285.jpg 300w, https:\/\/softplaysupply.com\/wp-content\/uploads\/2025\/12\/bear-stuffing-machine-6-13x12.jpg 13w\" sizes=\"auto, (max-width: 774px) 100vw, 774px\" \/> <img loading=\"lazy\" decoding=\"async\" class=\"alignnone size-full wp-image-3371\" src=\"https:\/\/softplaysupply.com\/wp-content\/uploads\/2025\/12\/bear-stuffing-machine-7.jpg\" alt=\"\" width=\"800\" height=\"742\" srcset=\"https:\/\/softplaysupply.com\/wp-content\/uploads\/2025\/12\/bear-stuffing-machine-7.jpg 800w, https:\/\/softplaysupply.com\/wp-content\/uploads\/2025\/12\/bear-stuffing-machine-7-300x278.jpg 300w, https:\/\/softplaysupply.com\/wp-content\/uploads\/2025\/12\/bear-stuffing-machine-7-768x712.jpg 768w, https:\/\/softplaysupply.com\/wp-content\/uploads\/2025\/12\/bear-stuffing-machine-7-13x12.jpg 13w\" sizes=\"auto, (max-width: 800px) 100vw, 800px\" \/> <img loading=\"lazy\" decoding=\"async\" class=\"alignnone size-full wp-image-3372\" src=\"https:\/\/softplaysupply.com\/wp-content\/uploads\/2025\/12\/bear-stuffing-machine-8.jpg\" alt=\"\" width=\"800\" height=\"582\" srcset=\"https:\/\/softplaysupply.com\/wp-content\/uploads\/2025\/12\/bear-stuffing-machine-8.jpg 800w, https:\/\/softplaysupply.com\/wp-content\/uploads\/2025\/12\/bear-stuffing-machine-8-300x218.jpg 300w, https:\/\/softplaysupply.com\/wp-content\/uploads\/2025\/12\/bear-stuffing-machine-8-768x559.jpg 768w, https:\/\/softplaysupply.com\/wp-content\/uploads\/2025\/12\/bear-stuffing-machine-8-16x12.jpg 16w\" sizes=\"auto, (max-width: 800px) 100vw, 800px\" \/> <img loading=\"lazy\" decoding=\"async\" class=\"alignnone size-full wp-image-3367\" src=\"https:\/\/softplaysupply.com\/wp-content\/uploads\/2025\/12\/bear-stuffing-machine-3.jpg\" alt=\"\" width=\"800\" height=\"800\" srcset=\"https:\/\/softplaysupply.com\/wp-content\/uploads\/2025\/12\/bear-stuffing-machine-3.jpg 800w, https:\/\/softplaysupply.com\/wp-content\/uploads\/2025\/12\/bear-stuffing-machine-3-300x300.jpg 300w, https:\/\/softplaysupply.com\/wp-content\/uploads\/2025\/12\/bear-stuffing-machine-3-150x150.jpg 150w, https:\/\/softplaysupply.com\/wp-content\/uploads\/2025\/12\/bear-stuffing-machine-3-768x768.jpg 768w, https:\/\/softplaysupply.com\/wp-content\/uploads\/2025\/12\/bear-stuffing-machine-3-12x12.jpg 12w\" sizes=\"auto, (max-width: 800px) 100vw, 800px\" \/><\/p>\n<h3 style=\"color: #e74c3c; font-size: 1.6em; border-bottom: 3px solid #e74c3c; padding-bottom: 10px; margin-top: 50px;\">Technologia szybkiego automatycznego nape\u0142niania<\/h3>\n<p style=\"font-size: 1.1em; margin-bottom: 30px;\">Maszyna do wype\u0142niania nied\u017awiedzi posiada zintegrowany system rozlu\u017aniania i transportu w\u0142\u00f3kien. Materia\u0142 wype\u0142niaj\u0105cy jest automatycznie podawany z zbiornik\u00f3w na w\u0142\u00f3kna do leja maszyny. Zmniejsza to nak\u0142ad pracy r\u0119cznej i poprawia wydajno\u015b\u0107 produkcji.<\/p>\n<p style=\"font-size: 1.1em; margin-bottom: 30px;\">Wysokoprzepustowa dysza pneumatyczna wtryskuje wype\u0142nienie z w\u0142\u00f3kna poliestrowego lub bawe\u0142ny do skorupy zabawki przez otw\u00f3r szwu. W por\u00f3wnaniu z metodami r\u0119cznymi proces ten jest szybszy i czystszy. System dzia\u0142a jako niezawodna maszyna do wype\u0142niania zabawek w \u015brodowiskach komercyjnych.<\/p>\n<h3 style=\"color: #e74c3c; font-size: 1.6em; border-bottom: 3px solid #e74c3c; padding-bottom: 10px; margin-top: 50px;\">Programowalna i regulowana kontrola nape\u0142niania<\/h3>\n<p style=\"font-size: 1.1em; margin-bottom: 30px;\">Wyposa\u017cona w programowalny system sterowania maszyna do wype\u0142niania pluszowych zabawek pozwala operatorom ustawi\u0107 dok\u0142adn\u0105 wag\u0119 lub obj\u0119to\u015b\u0107 wype\u0142nienia. Ka\u017cda pluszowa zabawka ma jednakow\u0105 g\u0119sto\u015b\u0107 i kszta\u0142t.<\/p>\n<p style=\"font-size: 1.1em; margin-bottom: 30px;\">Twardo\u015b\u0107 mo\u017cna regulowa\u0107 podczas wype\u0142niania. Klienci mog\u0105 wybra\u0107 mi\u0119kko\u015b\u0107 lub twardo\u015b\u0107 podczas tworzenia pluszowego zwierz\u0105tka. Ta funkcja jest cz\u0119sto wymagana w profesjonalnych maszynach do wype\u0142niania pluszowych misi\u00f3w, u\u017cywanych w punktach sprzeda\u017cy detalicznej typu \u201ezr\u00f3b to sam\u201d.<\/p>\n<h3 style=\"color: #e74c3c; font-size: 1.6em; border-bottom: 3px solid #e74c3c; padding-bottom: 10px; margin-top: 50px;\">Kszta\u0142t kwadratowy i tworzenie si\u0119 ostrych kraw\u0119dzi<\/h3>\n<p style=\"font-size: 1.1em; margin-bottom: 30px;\">Konstrukcja dyszy i ci\u015bnienie nape\u0142niania s\u0105 zoptymalizowane tak, aby wype\u0142nia\u0107 w\u0142\u00f3knem naro\u017cniki kwadratowych pluszowych pow\u0142ok. Dzi\u0119ki temu uzyskuje si\u0119 ostre kraw\u0119dzie i strukturalny wygl\u0105d zamiast zaokr\u0105glonego kszta\u0142tu.<\/p>\n<p style=\"font-size: 1.1em; margin-bottom: 30px;\">Dzi\u0119ki temu maszyna do wype\u0142niania pluszowych misi\u00f3w nadaje si\u0119 do produkcji markowych pluszowych zabawek i niestandardowych wzor\u00f3w kwadratowych.<\/p>\n<h3 style=\"color: #e74c3c; font-size: 1.6em; border-bottom: 3px solid #e74c3c; padding-bottom: 10px; margin-top: 50px;\">Czysta, bezpieczna i \u0142atwa obs\u0142uga<\/h3>\n<p style=\"font-size: 1.1em; margin-bottom: 30px;\">Wbudowany interfejs kontroli zapylenia pomaga ograniczy\u0107 ilo\u015b\u0107 w\u0142\u00f3kien unosz\u0105cych si\u0119 w powietrzu podczas pracy. Dzi\u0119ki temu \u015brodowisko w publicznych pomieszczeniach zamkni\u0119tych pozostaje czyste i komfortowe.<\/p>\n<p style=\"font-size: 1.1em; margin-bottom: 30px;\">Maszyna do nadziewania nied\u017awiedzi jest wyposa\u017cona w os\u0142ony bezpiecze\u0144stwa i przyciski zatrzymania awaryjnego. Obs\u0142uga jest prosta i ergonomiczna, za pomoc\u0105 peda\u0142u no\u017cnego lub przycisku. Nadaje si\u0119 do codziennego, ci\u0105g\u0142ego u\u017cytkowania w warunkach komercyjnych.<\/p>\n<h3 style=\"color: #e74c3c; font-size: 1.6em; border-bottom: 3px solid #e74c3c; padding-bottom: 10px; margin-top: 50px;\">Interaktywne do\u015bwiadczenie DIY do u\u017cytku komercyjnego<\/h3>\n<p style=\"font-size: 1.1em; margin-bottom: 30px;\">Ta maszyna do wypychania misi\u00f3w obs\u0142uguje interaktywn\u0105 stacj\u0119 tworzenia pluszak\u00f3w. Klienci mog\u0105 osobi\u015bcie uczestniczy\u0107 w wypychaniu i kszta\u0142towaniu w\u0142asnych pluszowych zwierz\u0105tek, co zwi\u0119ksza zaanga\u017cowanie i satysfakcj\u0119 klient\u00f3w.<\/p>\n<p style=\"font-size: 1.1em; margin-bottom: 40px;\">Jest to sprawdzone rozwi\u0105zanie jako maszyna do wype\u0142niania zabawek przeznaczona do sprzeda\u017cy w rodzinnych centrach rozrywki. Dla operator\u00f3w poszukuj\u0105cych niezawodnej maszyny do wype\u0142niania zabawek, system ten \u0142\u0105czy w sobie wydajno\u015b\u0107 i warto\u015b\u0107 do\u015bwiadczenia. Jako inwestycja d\u0142ugoterminowa, funkcjonuje r\u00f3wnie\u017c jako trwa\u0142a komercyjna maszyna do wype\u0142niania misi\u00f3w.<\/p>\n<h3 style=\"color: #2c3e50; font-size: 1.8em; text-align: center; background-color: #ecf0f1; padding: 20px; border-radius: 8px; margin: 50px 0;\">Specyfikacje produktu<\/h3>\n<table style=\"width: 100%; border-collapse: collapse; margin: 30px 0; font-size: 1.1em;\">\n<tbody>\n<tr style=\"background-color: #f2f2f2;\">\n<td style=\"padding: 15px; border: 1px solid #ddd; font-weight: bold;\">Pozycja<\/td>\n<td style=\"padding: 15px; border: 1px solid #ddd; font-weight: bold;\">Opis<\/td>\n<\/tr>\n<tr>\n<td style=\"padding: 15px; border: 1px solid #ddd;\">Nazwa produktu<\/td>\n<td style=\"padding: 15px; border: 1px solid #ddd;\">Automatyczna, szybka dysza do nape\u0142niania Sprz\u0119t do zabaw w pomieszczeniach DIY Pluszowa zabawka Wype\u0142niacz zwierz\u0119cy Maszyna do wype\u0142niania misi\u00f3w dla kawiarni w centrum handlowym<\/td>\n<\/tr>\n<tr style=\"background-color: #f2f2f2;\">\n<td style=\"padding: 15px; border: 1px solid #ddd;\">Materia\u0142<\/td>\n<td style=\"padding: 15px; border: 1px solid #ddd;\">PE<\/td>\n<\/tr>\n<tr>\n<td style=\"padding: 15px; border: 1px solid #ddd;\">Rozmiar<\/td>\n<td style=\"padding: 15px; border: 1px solid #ddd;\">80 \u00d7 80 \u00d7 215 cm<\/td>\n<\/tr>\n<tr style=\"background-color: #f2f2f2;\">\n<td style=\"padding: 15px; border: 1px solid #ddd;\">Okazja<\/td>\n<td style=\"padding: 15px; border: 1px solid #ddd;\">Kryty plac zabaw publiczny, obszar mieszkalny, przedszkole, plac zabaw edukacyjny, przestrzenie komercyjne i publiczne<\/td>\n<\/tr>\n<tr>\n<td style=\"padding: 15px; border: 1px solid #ddd;\">Certyfikaty<\/td>\n<td style=\"padding: 15px; border: 1px solid #ddd;\">CE, EN71<\/td>\n<\/tr>\n<tr style=\"background-color: #f2f2f2;\">\n<td style=\"padding: 15px; border: 1px solid #ddd;\">Kolor<\/td>\n<td style=\"padding: 15px; border: 1px solid #ddd;\">Jak na zdj\u0119ciu, z mo\u017cliwo\u015bci\u0105 dostosowania<\/td>\n<\/tr>\n<tr>\n<td style=\"padding: 15px; border: 1px solid #ddd;\">Gwarancja<\/td>\n<td style=\"padding: 15px; border: 1px solid #ddd;\">3 lata<\/td>\n<\/tr>\n<tr style=\"background-color: #f2f2f2;\">\n<td style=\"padding: 15px; border: 1px solid #ddd;\">Minimalna ilo\u015b\u0107 zam\u00f3wienia<\/td>\n<td style=\"padding: 15px; border: 1px solid #ddd;\">1 sztuka<\/td>\n<\/tr>\n<\/tbody>\n<\/table>\n<div style=\"width: 720px;\" class=\"wp-video\"><video class=\"wp-video-shortcode\" id=\"video-3364-1\" width=\"720\" height=\"1280\" preload=\"metadata\" controls=\"controls\"><source type=\"video\/mp4\" src=\"https:\/\/softplaysupply.com\/wp-content\/uploads\/2025\/12\/bear-stuffing-machine.mp4?_=1\" \/><a href=\"https:\/\/softplaysupply.com\/wp-content\/uploads\/2025\/12\/bear-stuffing-machine.mp4\">https:\/\/softplaysupply.com\/wp-content\/uploads\/2025\/12\/bear-stuffing-machine.mp4<\/a><\/video><\/div>\n<\/div>","protected":false},"excerpt":{"rendered":"<p>Ta maszyna do wype\u0142niania pluszowych misi\u00f3w to zautomatyzowany system przemys\u0142owy przeznaczony do wydajnego i precyzyjnego wype\u0142niania pluszowych zabawek. Jest szeroko stosowana w centrach handlowych, kawiarniach i krytych placach zabaw. Urz\u0105dzenie obs\u0142uguje zar\u00f3wno dzia\u0142alno\u015b\u0107 komercyjn\u0105, jak i interaktywne do\u015bwiadczenia typu \u201ezr\u00f3b to sam\u201d. Zaprojektowana z my\u015bl\u0105 o kwadratowych i prostok\u0105tnych pluszowych zabawkach, ta maszyna do wype\u0142niania pluszowych misi\u00f3w zapewnia r\u00f3wnomierne wype\u0142nienie i stabilno\u015b\u0107...<\/p>","protected":false},"featured_media":3365,"parent":0,"template":"","meta":{"_acf_changed":false,"_kad_blocks_custom_css":"","_kad_blocks_head_custom_js":"","_kad_blocks_body_custom_js":"","_kad_blocks_footer_custom_js":"","_kadence_starter_templates_imported_post":false,"_kad_post_transparent":"default","_kad_post_title":"","_kad_post_layout":"default","_kad_post_sidebar_id":"","_kad_post_content_style":"default","_kad_post_vertical_padding":"default","_kad_post_feature":"","_kad_post_feature_position":"","_kad_post_header":false,"_kad_post_footer":false},"pcategory":[5],"ptag":[],"class_list":["post-3364","product","type-product","status-publish","has-post-thumbnail","hentry","pcategory-indoor-playground-equipment"],"acf":[],"yoast_head":"<!-- This site is optimized with the Yoast SEO plugin v26.8 - https:\/\/yoast.com\/product\/yoast-seo-wordpress\/ -->\n<title>Commercial Teddy Bear &amp; Toy Stuffing Machine for Sale<\/title>\n<meta name=\"description\" content=\"Commercial bear stuffing machine designed for malls and indoor playgrounds, featuring teddy bear stuffing machine functions and a user-friendly toy stuffing machine for sale with stable performance and high efficiency.\" \/>\n<meta name=\"robots\" content=\"index, follow, max-snippet:-1, max-image-preview:large, max-video-preview:-1\" \/>\n<link rel=\"canonical\" href=\"https:\/\/softplaysupply.com\/pl\/produkt\/teddy-bear-stuffing-machine\/\" \/>\n<meta property=\"og:locale\" content=\"pl_PL\" \/>\n<meta property=\"og:type\" content=\"article\" \/>\n<meta property=\"og:title\" content=\"Commercial Teddy Bear &amp; Toy Stuffing Machine for Sale\" \/>\n<meta property=\"og:description\" content=\"Commercial bear stuffing machine designed for malls and indoor playgrounds, featuring teddy bear stuffing machine functions and a user-friendly toy stuffing machine for sale with stable performance and high efficiency.\" \/>\n<meta property=\"og:url\" content=\"https:\/\/softplaysupply.com\/pl\/produkt\/teddy-bear-stuffing-machine\/\" \/>\n<meta property=\"og:site_name\" content=\"Nanpak\" \/>\n<meta property=\"og:image\" content=\"https:\/\/softplaysupply.com\/wp-content\/uploads\/2025\/12\/bear-stuffing-machine-1.jpg\" \/>\n\t<meta property=\"og:image:width\" content=\"800\" \/>\n\t<meta property=\"og:image:height\" content=\"1000\" \/>\n\t<meta property=\"og:image:type\" content=\"image\/jpeg\" \/>\n<meta name=\"twitter:card\" content=\"summary_large_image\" \/>\n<meta name=\"twitter:label1\" content=\"Szacowany czas czytania\" \/>\n\t<meta name=\"twitter:data1\" content=\"4 minuty\" \/>\n<script type=\"application\/ld+json\" class=\"yoast-schema-graph\">{\"@context\":\"https:\/\/schema.org\",\"@graph\":[{\"@type\":\"WebPage\",\"@id\":\"https:\/\/softplaysupply.com\/product\/teddy-bear-stuffing-machine\/\",\"url\":\"https:\/\/softplaysupply.com\/product\/teddy-bear-stuffing-machine\/\",\"name\":\"Commercial Teddy Bear & Toy Stuffing Machine for Sale\",\"isPartOf\":{\"@id\":\"https:\/\/softplaysupply.com\/#website\"},\"primaryImageOfPage\":{\"@id\":\"https:\/\/softplaysupply.com\/product\/teddy-bear-stuffing-machine\/#primaryimage\"},\"image\":{\"@id\":\"https:\/\/softplaysupply.com\/product\/teddy-bear-stuffing-machine\/#primaryimage\"},\"thumbnailUrl\":\"https:\/\/softplaysupply.com\/wp-content\/uploads\/2025\/12\/bear-stuffing-machine-1.jpg\",\"datePublished\":\"2025-12-21T03:10:27+00:00\",\"description\":\"Commercial bear stuffing machine designed for malls and indoor playgrounds, featuring teddy bear stuffing machine functions and a user-friendly toy stuffing machine for sale with stable performance and high efficiency.\",\"breadcrumb\":{\"@id\":\"https:\/\/softplaysupply.com\/product\/teddy-bear-stuffing-machine\/#breadcrumb\"},\"inLanguage\":\"pl-PL\",\"potentialAction\":[{\"@type\":\"ReadAction\",\"target\":[\"https:\/\/softplaysupply.com\/product\/teddy-bear-stuffing-machine\/\"]}]},{\"@type\":\"ImageObject\",\"inLanguage\":\"pl-PL\",\"@id\":\"https:\/\/softplaysupply.com\/product\/teddy-bear-stuffing-machine\/#primaryimage\",\"url\":\"https:\/\/softplaysupply.com\/wp-content\/uploads\/2025\/12\/bear-stuffing-machine-1.jpg\",\"contentUrl\":\"https:\/\/softplaysupply.com\/wp-content\/uploads\/2025\/12\/bear-stuffing-machine-1.jpg\",\"width\":800,\"height\":1000,\"caption\":\"bear stuffing machine\"},{\"@type\":\"BreadcrumbList\",\"@id\":\"https:\/\/softplaysupply.com\/product\/teddy-bear-stuffing-machine\/#breadcrumb\",\"itemListElement\":[{\"@type\":\"ListItem\",\"position\":1,\"name\":\"Home\",\"item\":\"https:\/\/softplaysupply.com\/\"},{\"@type\":\"ListItem\",\"position\":2,\"name\":\"Indoor Playground Equipment\",\"item\":\"https:\/\/softplaysupply.com\/pcategory\/indoor-playground-equipment\/\"},{\"@type\":\"ListItem\",\"position\":3,\"name\":\"Commercial Teddy Bear &#038; Toy Stuffing Machine for Sale\"}]},{\"@type\":\"WebSite\",\"@id\":\"https:\/\/softplaysupply.com\/#website\",\"url\":\"https:\/\/softplaysupply.com\/\",\"name\":\"Soft Play Supplier\",\"description\":\"Soft Play Supplier\",\"publisher\":{\"@id\":\"https:\/\/softplaysupply.com\/#organization\"},\"potentialAction\":[{\"@type\":\"SearchAction\",\"target\":{\"@type\":\"EntryPoint\",\"urlTemplate\":\"https:\/\/softplaysupply.com\/?s={search_term_string}\"},\"query-input\":{\"@type\":\"PropertyValueSpecification\",\"valueRequired\":true,\"valueName\":\"search_term_string\"}}],\"inLanguage\":\"pl-PL\"},{\"@type\":\"Organization\",\"@id\":\"https:\/\/softplaysupply.com\/#organization\",\"name\":\"Nanpak\",\"url\":\"https:\/\/softplaysupply.com\/\",\"logo\":{\"@type\":\"ImageObject\",\"inLanguage\":\"pl-PL\",\"@id\":\"https:\/\/softplaysupply.com\/#\/schema\/logo\/image\/\",\"url\":\"https:\/\/softplaysupply.com\/wp-content\/uploads\/2025\/12\/cropped-mobile-logo.png\",\"contentUrl\":\"https:\/\/softplaysupply.com\/wp-content\/uploads\/2025\/12\/cropped-mobile-logo.png\",\"width\":263,\"height\":84,\"caption\":\"Nanpak\"},\"image\":{\"@id\":\"https:\/\/softplaysupply.com\/#\/schema\/logo\/image\/\"}}]}<\/script>\n<!-- \/ Yoast SEO plugin. -->","yoast_head_json":{"title":"Komercjalna maszyna do wype\u0142niania pluszowych misi\u00f3w i zabawek na sprzeda\u017c","description":"Komercyjna maszyna do wype\u0142niania misi\u00f3w przeznaczona do centr\u00f3w handlowych i krytych plac\u00f3w zabaw, wyposa\u017cona w funkcje maszyny do wype\u0142niania misi\u00f3w oraz przyjazn\u0105 dla u\u017cytkownika maszyn\u0119 do wype\u0142niania zabawek, charakteryzuj\u0105ca si\u0119 stabiln\u0105 wydajno\u015bci\u0105 i wysok\u0105 efektywno\u015bci\u0105.","robots":{"index":"index","follow":"follow","max-snippet":"max-snippet:-1","max-image-preview":"max-image-preview:large","max-video-preview":"max-video-preview:-1"},"canonical":"https:\/\/softplaysupply.com\/pl\/produkt\/teddy-bear-stuffing-machine\/","og_locale":"pl_PL","og_type":"article","og_title":"Commercial Teddy Bear & Toy Stuffing Machine for Sale","og_description":"Commercial bear stuffing machine designed for malls and indoor playgrounds, featuring teddy bear stuffing machine functions and a user-friendly toy stuffing machine for sale with stable performance and high efficiency.","og_url":"https:\/\/softplaysupply.com\/pl\/produkt\/teddy-bear-stuffing-machine\/","og_site_name":"Nanpak","og_image":[{"width":800,"height":1000,"url":"https:\/\/softplaysupply.com\/wp-content\/uploads\/2025\/12\/bear-stuffing-machine-1.jpg","type":"image\/jpeg"}],"twitter_card":"summary_large_image","twitter_misc":{"Szacowany czas czytania":"4 minuty"},"schema":{"@context":"https:\/\/schema.org","@graph":[{"@type":"WebPage","@id":"https:\/\/softplaysupply.com\/product\/teddy-bear-stuffing-machine\/","url":"https:\/\/softplaysupply.com\/product\/teddy-bear-stuffing-machine\/","name":"Komercjalna maszyna do wype\u0142niania pluszowych misi\u00f3w i zabawek na sprzeda\u017c","isPartOf":{"@id":"https:\/\/softplaysupply.com\/#website"},"primaryImageOfPage":{"@id":"https:\/\/softplaysupply.com\/product\/teddy-bear-stuffing-machine\/#primaryimage"},"image":{"@id":"https:\/\/softplaysupply.com\/product\/teddy-bear-stuffing-machine\/#primaryimage"},"thumbnailUrl":"https:\/\/softplaysupply.com\/wp-content\/uploads\/2025\/12\/bear-stuffing-machine-1.jpg","datePublished":"2025-12-21T03:10:27+00:00","description":"Komercyjna maszyna do wype\u0142niania misi\u00f3w przeznaczona do centr\u00f3w handlowych i krytych plac\u00f3w zabaw, wyposa\u017cona w funkcje maszyny do wype\u0142niania misi\u00f3w oraz przyjazn\u0105 dla u\u017cytkownika maszyn\u0119 do wype\u0142niania zabawek, charakteryzuj\u0105ca si\u0119 stabiln\u0105 wydajno\u015bci\u0105 i wysok\u0105 efektywno\u015bci\u0105.","breadcrumb":{"@id":"https:\/\/softplaysupply.com\/product\/teddy-bear-stuffing-machine\/#breadcrumb"},"inLanguage":"pl-PL","potentialAction":[{"@type":"ReadAction","target":["https:\/\/softplaysupply.com\/product\/teddy-bear-stuffing-machine\/"]}]},{"@type":"ImageObject","inLanguage":"pl-PL","@id":"https:\/\/softplaysupply.com\/product\/teddy-bear-stuffing-machine\/#primaryimage","url":"https:\/\/softplaysupply.com\/wp-content\/uploads\/2025\/12\/bear-stuffing-machine-1.jpg","contentUrl":"https:\/\/softplaysupply.com\/wp-content\/uploads\/2025\/12\/bear-stuffing-machine-1.jpg","width":800,"height":1000,"caption":"bear stuffing machine"},{"@type":"BreadcrumbList","@id":"https:\/\/softplaysupply.com\/product\/teddy-bear-stuffing-machine\/#breadcrumb","itemListElement":[{"@type":"ListItem","position":1,"name":"Home","item":"https:\/\/softplaysupply.com\/"},{"@type":"ListItem","position":2,"name":"Indoor Playground Equipment","item":"https:\/\/softplaysupply.com\/pcategory\/indoor-playground-equipment\/"},{"@type":"ListItem","position":3,"name":"Commercial Teddy Bear &#038; Toy Stuffing Machine for Sale"}]},{"@type":"WebSite","@id":"https:\/\/softplaysupply.com\/#website","url":"https:\/\/softplaysupply.com\/","name":"Dostawca mi\u0119kkich zabawek","description":"Dostawca mi\u0119kkich zabawek","publisher":{"@id":"https:\/\/softplaysupply.com\/#organization"},"potentialAction":[{"@type":"SearchAction","target":{"@type":"EntryPoint","urlTemplate":"https:\/\/softplaysupply.com\/?s={search_term_string}"},"query-input":{"@type":"PropertyValueSpecification","valueRequired":true,"valueName":"search_term_string"}}],"inLanguage":"pl-PL"},{"@type":"Organization","@id":"https:\/\/softplaysupply.com\/#organization","name":"Nanpak","url":"https:\/\/softplaysupply.com\/","logo":{"@type":"ImageObject","inLanguage":"pl-PL","@id":"https:\/\/softplaysupply.com\/#\/schema\/logo\/image\/","url":"https:\/\/softplaysupply.com\/wp-content\/uploads\/2025\/12\/cropped-mobile-logo.png","contentUrl":"https:\/\/softplaysupply.com\/wp-content\/uploads\/2025\/12\/cropped-mobile-logo.png","width":263,"height":84,"caption":"Nanpak"},"image":{"@id":"https:\/\/softplaysupply.com\/#\/schema\/logo\/image\/"}}]}},"taxonomy_info":{"pcategory":[{"value":5,"label":"Indoor Playground Equipment"}]},"featured_image_src_large":["https:\/\/softplaysupply.com\/wp-content\/uploads\/2025\/12\/bear-stuffing-machine-1.jpg",800,1000,false],"author_info":[],"comment_info":"","_links":{"self":[{"href":"https:\/\/softplaysupply.com\/pl\/wp-json\/wp\/v2\/product\/3364","targetHints":{"allow":["GET"]}}],"collection":[{"href":"https:\/\/softplaysupply.com\/pl\/wp-json\/wp\/v2\/product"}],"about":[{"href":"https:\/\/softplaysupply.com\/pl\/wp-json\/wp\/v2\/types\/product"}],"wp:featuredmedia":[{"embeddable":true,"href":"https:\/\/softplaysupply.com\/pl\/wp-json\/wp\/v2\/media\/3365"}],"wp:attachment":[{"href":"https:\/\/softplaysupply.com\/pl\/wp-json\/wp\/v2\/media?parent=3364"}],"wp:term":[{"taxonomy":"pcategory","embeddable":true,"href":"https:\/\/softplaysupply.com\/pl\/wp-json\/wp\/v2\/pcategory?post=3364"},{"taxonomy":"ptag","embeddable":true,"href":"https:\/\/softplaysupply.com\/pl\/wp-json\/wp\/v2\/ptag?post=3364"}],"curies":[{"name":"wp","href":"https:\/\/api.w.org\/{rel}","templated":true}]}}