{"id":3352,"date":"2025-12-18T12:41:47","date_gmt":"2025-12-18T12:41:47","guid":{"rendered":"https:\/\/darkgrey-finch-152868.hostingersite.com\/?post_type=product&#038;p=3352"},"modified":"2025-12-15T13:15:34","modified_gmt":"2025-12-15T13:15:34","slug":"konstrukcja-placu-zabaw-o-strukturze-plastra-miodu","status":"publish","type":"product","link":"https:\/\/softplaysupply.com\/pl\/produkt\/konstrukcja-placu-zabaw-o-strukturze-plastra-miodu\/","title":{"rendered":"Plac zabaw dla dzieci z mi\u0119kk\u0105 konstrukcj\u0105 o strukturze plastra miodu, labiryntem do wspinania si\u0119 i zje\u017cd\u017calniami"},"content":{"rendered":"<div style=\"width: 1280px;\" class=\"wp-video\"><video class=\"wp-video-shortcode\" id=\"video-3352-1\" width=\"1280\" height=\"720\" preload=\"metadata\" controls=\"controls\"><source type=\"video\/mp4\" src=\"https:\/\/softplaysupply.com\/wp-content\/uploads\/2025\/12\/honeycomb-slides.mp4?_=1\" \/><a href=\"https:\/\/softplaysupply.com\/wp-content\/uploads\/2025\/12\/honeycomb-slides.mp4\">https:\/\/softplaysupply.com\/wp-content\/uploads\/2025\/12\/honeycomb-slides.mp4<\/a><\/video><\/div>\n<p style=\"margin-bottom: 14px;\">Plac zabaw o strukturze plastra miodu zosta\u0142 zaprojektowany z my\u015bl\u0105 o bezpiecznej zabawie w pomieszczeniach, tworz\u0105c interaktywne i anga\u017cuj\u0105ce \u015brodowisko dla dzieci. Nadaje si\u0119 do dom\u00f3w, przedszkoli, \u017c\u0142obk\u00f3w, centr\u00f3w handlowych i o\u015brodk\u00f3w edukacyjnych. Dzi\u0119ki mi\u0119kkiej i stabilnej konstrukcji ten plac zabaw o strukturze plastra miodu \u0142\u0105czy zabaw\u0119, nauk\u0119 i rozw\u00f3j fizyczny w jednym kompletnym rozwi\u0105zaniu do zabawy.<\/p>\n<p data-wp-editing=\"1\"><img loading=\"lazy\" decoding=\"async\" class=\"alignnone size-full wp-image-3355\" src=\"https:\/\/softplaysupply.com\/wp-content\/uploads\/2025\/12\/honeycomb-slide-2.jpg\" alt=\"\" width=\"790\" height=\"872\" srcset=\"https:\/\/softplaysupply.com\/wp-content\/uploads\/2025\/12\/honeycomb-slide-2.jpg 790w, https:\/\/softplaysupply.com\/wp-content\/uploads\/2025\/12\/honeycomb-slide-2-272x300.jpg 272w, https:\/\/softplaysupply.com\/wp-content\/uploads\/2025\/12\/honeycomb-slide-2-768x848.jpg 768w, https:\/\/softplaysupply.com\/wp-content\/uploads\/2025\/12\/honeycomb-slide-2-11x12.jpg 11w\" sizes=\"auto, (max-width: 790px) 100vw, 790px\" \/> <img loading=\"lazy\" decoding=\"async\" class=\"alignnone size-full wp-image-3356\" src=\"https:\/\/softplaysupply.com\/wp-content\/uploads\/2025\/12\/honeycomb-slide-3.jpg\" alt=\"\" width=\"790\" height=\"886\" srcset=\"https:\/\/softplaysupply.com\/wp-content\/uploads\/2025\/12\/honeycomb-slide-3.jpg 790w, https:\/\/softplaysupply.com\/wp-content\/uploads\/2025\/12\/honeycomb-slide-3-267x300.jpg 267w, https:\/\/softplaysupply.com\/wp-content\/uploads\/2025\/12\/honeycomb-slide-3-768x861.jpg 768w, https:\/\/softplaysupply.com\/wp-content\/uploads\/2025\/12\/honeycomb-slide-3-11x12.jpg 11w\" sizes=\"auto, (max-width: 790px) 100vw, 790px\" \/> <img loading=\"lazy\" decoding=\"async\" class=\"alignnone size-full wp-image-3357\" src=\"https:\/\/softplaysupply.com\/wp-content\/uploads\/2025\/12\/honeycomb-slide-4.jpg\" alt=\"\" width=\"790\" height=\"864\" srcset=\"https:\/\/softplaysupply.com\/wp-content\/uploads\/2025\/12\/honeycomb-slide-4.jpg 790w, https:\/\/softplaysupply.com\/wp-content\/uploads\/2025\/12\/honeycomb-slide-4-274x300.jpg 274w, https:\/\/softplaysupply.com\/wp-content\/uploads\/2025\/12\/honeycomb-slide-4-768x840.jpg 768w, https:\/\/softplaysupply.com\/wp-content\/uploads\/2025\/12\/honeycomb-slide-4-11x12.jpg 11w\" sizes=\"auto, (max-width: 790px) 100vw, 790px\" \/> <img loading=\"lazy\" decoding=\"async\" class=\"alignnone size-full wp-image-3358\" src=\"https:\/\/softplaysupply.com\/wp-content\/uploads\/2025\/12\/honeycomb-slide-5.jpg\" alt=\"\" width=\"790\" height=\"1898\" srcset=\"https:\/\/softplaysupply.com\/wp-content\/uploads\/2025\/12\/honeycomb-slide-5.jpg 790w, https:\/\/softplaysupply.com\/wp-content\/uploads\/2025\/12\/honeycomb-slide-5-125x300.jpg 125w, https:\/\/softplaysupply.com\/wp-content\/uploads\/2025\/12\/honeycomb-slide-5-426x1024.jpg 426w, https:\/\/softplaysupply.com\/wp-content\/uploads\/2025\/12\/honeycomb-slide-5-768x1845.jpg 768w, https:\/\/softplaysupply.com\/wp-content\/uploads\/2025\/12\/honeycomb-slide-5-639x1536.jpg 639w, https:\/\/softplaysupply.com\/wp-content\/uploads\/2025\/12\/honeycomb-slide-5-5x12.jpg 5w\" sizes=\"auto, (max-width: 790px) 100vw, 790px\" \/> <img loading=\"lazy\" decoding=\"async\" class=\"alignnone size-full wp-image-3359\" src=\"https:\/\/softplaysupply.com\/wp-content\/uploads\/2025\/12\/honeycomb-slide-6.jpg\" alt=\"\" width=\"790\" height=\"2278\" srcset=\"https:\/\/softplaysupply.com\/wp-content\/uploads\/2025\/12\/honeycomb-slide-6.jpg 790w, https:\/\/softplaysupply.com\/wp-content\/uploads\/2025\/12\/honeycomb-slide-6-104x300.jpg 104w, https:\/\/softplaysupply.com\/wp-content\/uploads\/2025\/12\/honeycomb-slide-6-355x1024.jpg 355w, https:\/\/softplaysupply.com\/wp-content\/uploads\/2025\/12\/honeycomb-slide-6-768x2215.jpg 768w, https:\/\/softplaysupply.com\/wp-content\/uploads\/2025\/12\/honeycomb-slide-6-533x1536.jpg 533w, https:\/\/softplaysupply.com\/wp-content\/uploads\/2025\/12\/honeycomb-slide-6-710x2048.jpg 710w, https:\/\/softplaysupply.com\/wp-content\/uploads\/2025\/12\/honeycomb-slide-6-4x12.jpg 4w\" sizes=\"auto, (max-width: 790px) 100vw, 790px\" \/><\/p>\n<p style=\"margin-bottom: 6px;\"><strong>Mi\u0119kka konstrukcja do codziennej zabawy i nauki<\/strong><\/p>\n<p style=\"margin-bottom: 14px;\">Ten plac zabaw o strukturze plastra miodu, przeznaczony specjalnie do u\u017cytku w pomieszczeniach, pozwala dzieciom bezpiecznie bawi\u0107 si\u0119, wspina\u0107 i zje\u017cd\u017ca\u0107. Mi\u0119kka piankowa konstrukcja zmniejsza si\u0142\u0119 uderzenia, zapewniaj\u0105c jednocze\u015bnie wystarczaj\u0105ce wsparcie dla aktywnych ruch\u00f3w. Tworzy bezpieczne \u015brodowisko dla ma\u0142ych dzieci i przedszkolak\u00f3w, kt\u00f3re mog\u0105 swobodnie odkrywa\u0107 \u015bwiat. Dobrze zaprojektowana konstrukcja placu zabaw o strukturze plastra miodu sprzyja rozwijaniu r\u00f3wnowagi, koordynacji i pewno\u015bci siebie podczas codziennych zabaw.<\/p>\n<p style=\"margin-bottom: 6px;\"><strong>Zabawa grupowa ze zje\u017cd\u017calni\u0105 o strukturze plastra miodu<\/strong><\/p>\n<p style=\"margin-bottom: 14px;\">Ten plac zabaw w kszta\u0142cie plastra miodu mo\u017ce pomie\u015bci\u0107 jednocze\u015bnie do pi\u0119ciu dzieci. Jest idealny do zaj\u0119\u0107 grupowych w salach gimnastycznych i klasach. Dzieci mog\u0105 si\u0119 integrowa\u0107, czeka\u0107 na swoj\u0105 kolej i w naturalny spos\u00f3b rozwija\u0107 umiej\u0119tno\u015bci spo\u0142eczne poprzez zabaw\u0119. Zintegrowana zje\u017cd\u017calnia w kszta\u0142cie plastra miodu dodaje emocji i zach\u0119ca do aktywno\u015bci fizycznej, zapewniaj\u0105c jednocze\u015bnie bezpiecze\u0144stwo.<\/p>\n<p style=\"margin-bottom: 6px;\"><strong>Konfigurowalne kolory i uk\u0142ad labiryntu<\/strong><\/p>\n<p style=\"margin-bottom: 14px;\">Plac zabaw o strukturze plastra miodu oferuje mo\u017cliwo\u015b\u0107 dostosowania kolor\u00f3w i motyw\u00f3w do r\u00f3\u017cnych przestrzeni wewn\u0119trznych. Jasne i kolorowe wzory przyci\u0105gaj\u0105 dzieci i zwi\u0119kszaj\u0105 stymulacj\u0119 wizualn\u0105. Jego unikalny uk\u0142ad tworzy zabawny labirynt o strukturze plastra miodu, przez kt\u00f3ry dzieci mog\u0105 si\u0119 czo\u0142ga\u0107, wspina\u0107 i odkrywa\u0107 nowe \u015bcie\u017cki.<\/p>\n<p style=\"margin-bottom: 6px;\"><strong>Trwa\u0142e materia\u0142y do mi\u0119kkich zabawek o strukturze plastra miodu<\/strong><\/p>\n<p style=\"margin-bottom: 14px;\">Wykonany z wysokiej jako\u015bci pianki i PVC, ten plac zabaw o strukturze plastra miodu jest wytrzyma\u0142y, a jednocze\u015bnie lekki. Mo\u017cna go \u0142atwo przenosi\u0107 i przestawia\u0107 bez utraty trwa\u0142o\u015bci. Wodoodporna pow\u0142oka jest zmywalna i \u0142atwa do czyszczenia. Wystarczy przetrze\u0107 j\u0105 \u0142agodnym detergentem i wod\u0105, aby powierzchnia placu zabaw o strukturze plastra miodu pozosta\u0142a higieniczna, dzi\u0119ki czemu idealnie nadaje si\u0119 do cz\u0119stego u\u017cytkowania.<\/p>\n<p style=\"margin-bottom: 6px;\"><strong>Trening sensoryczny i rozw\u00f3j fizyczny<\/strong><\/p>\n<p style=\"margin-bottom: 14px;\">Jako sprz\u0119t do treningu zmys\u0142\u00f3w, ten plac zabaw o strukturze plastra miodu wspiera rozw\u00f3j integracji sensorycznej uk\u0142adu przedsionkowego u dzieci. Pomaga poprawi\u0107 r\u00f3wnowag\u0119, koordynacj\u0119 i zdolno\u015bci motoryczne poprzez aktywn\u0105 zabaw\u0119. Po\u0142\u0105czenie element\u00f3w do wspinania si\u0119 i zje\u017cd\u017cania, w tym drabinki o strukturze plastra miodu i zje\u017cd\u017calni o tej samej strukturze, wspiera zar\u00f3wno rozw\u00f3j fizyczny, jak i nauk\u0119 sensoryczn\u0105.<\/p>\n<p style=\"margin-bottom: 6px;\"><strong>Interaktywna zabawa w labiryncie o strukturze plastra miodu<\/strong><\/p>\n<p style=\"margin-bottom: 20px;\">Konstrukcja tworzy zabawny labirynt o strukturze plastra miodu, kt\u00f3ry zach\u0119ca do odkrywania i ruchu. Dzieci s\u0105 motywowane do wielokrotnego czo\u0142gania si\u0119, wspinania i zje\u017cd\u017cania, buduj\u0105c si\u0142\u0119 i pewno\u015b\u0107 siebie. To anga\u017cuj\u0105ce \u015brodowisko zabawowe o strukturze plastra miodu pomaga dzieciom uczy\u0107 si\u0119 poprzez ruch, jednocze\u015bnie zapewniaj\u0105c im dobr\u0105 zabaw\u0119.<\/p>\n<p style=\"font-size: 16px; margin: 22px 0 10px 0;\"><strong>Specyfikacje produktu<\/strong><\/p>\n<table style=\"width: 100%; border-collapse: collapse; font-size: 14px; background: #fafafa;\">\n<tbody>\n<tr>\n<td style=\"border: 1px solid #dddddd; padding: 8px; width: 35%;\">Miejsce pochodzenia<\/td>\n<td style=\"border: 1px solid #dddddd; padding: 8px;\">Chiny<\/td>\n<\/tr>\n<tr>\n<td style=\"border: 1px solid #dddddd; padding: 8px;\">Prowincja<\/td>\n<td style=\"border: 1px solid #dddddd; padding: 8px;\">Zhejiang<\/td>\n<\/tr>\n<tr>\n<td style=\"border: 1px solid #dddddd; padding: 8px;\">Nazwa marki<\/td>\n<td style=\"border: 1px solid #dddddd; padding: 8px;\">Nanpak<\/td>\n<\/tr>\n<tr>\n<td style=\"border: 1px solid #dddddd; padding: 8px;\">Numer modelu<\/td>\n<td style=\"border: 1px solid #dddddd; padding: 8px;\">NKHC-1<\/td>\n<\/tr>\n<tr>\n<td style=\"border: 1px solid #dddddd; padding: 8px;\">Nadmuchiwany<\/td>\n<td style=\"border: 1px solid #dddddd; padding: 8px;\">Nie<\/td>\n<\/tr>\n<tr>\n<td style=\"border: 1px solid #dddddd; padding: 8px;\">Okazja<\/td>\n<td style=\"border: 1px solid #dddddd; padding: 8px;\">Dom, centrum handlowe, przedszkole, \u017c\u0142obek, o\u015brodki opieki nad dzie\u0107mi, centrum edukacyjne<\/td>\n<\/tr>\n<tr>\n<td style=\"border: 1px solid #dddddd; padding: 8px;\">Materia\u0142<\/td>\n<td style=\"border: 1px solid #dddddd; padding: 8px;\">PVC<\/td>\n<\/tr>\n<tr>\n<td style=\"border: 1px solid #dddddd; padding: 8px;\">Maksymalna pojemno\u015b\u0107<\/td>\n<td style=\"border: 1px solid #dddddd; padding: 8px;\">100\u2013500 kg<\/td>\n<\/tr>\n<tr>\n<td style=\"border: 1px solid #dddddd; padding: 8px;\">Typ<\/td>\n<td style=\"border: 1px solid #dddddd; padding: 8px;\">W pomieszczeniach, na zewn\u0105trz<\/td>\n<\/tr>\n<tr>\n<td style=\"border: 1px solid #dddddd; padding: 8px;\">Dopuszczalna liczba pasa\u017cer\u00f3w<\/td>\n<td style=\"border: 1px solid #dddddd; padding: 8px;\">&lt; 5<\/td>\n<\/tr>\n<tr>\n<td style=\"border: 1px solid #dddddd; padding: 8px;\">Nazwa produktu<\/td>\n<td style=\"border: 1px solid #dddddd; padding: 8px;\">Dzieci\u0119ca mi\u0119kka zje\u017cd\u017calnia o strukturze plastra miodu<\/td>\n<\/tr>\n<tr>\n<td style=\"border: 1px solid #dddddd; padding: 8px;\">Wiek u\u017cytkowania<\/td>\n<td style=\"border: 1px solid #dddddd; padding: 8px;\">3\u201312 lat<\/td>\n<\/tr>\n<tr>\n<td style=\"border: 1px solid #dddddd; padding: 8px;\">Rozmiar<\/td>\n<td style=\"border: 1px solid #dddddd; padding: 8px;\">230 \u00d7 230 \u00d7 158 cm lub na zam\u00f3wienie<\/td>\n<\/tr>\n<tr>\n<td style=\"border: 1px solid #dddddd; padding: 8px;\">Certyfikat<\/td>\n<td style=\"border: 1px solid #dddddd; padding: 8px;\">ASTM, CE itp.<\/td>\n<\/tr>\n<\/tbody>\n<\/table>\n<p style=\"margin-top: 18px;\">Plac zabaw o strukturze plastra miodu stanowi bezpieczne, zabawne i ukierunkowane na rozw\u00f3j rozwi\u0105zanie dla nowoczesnych przestrzeni wewn\u0119trznych. Wspiera nauk\u0119, ruch i rozw\u00f3j sensoryczny, a jednocze\u015bnie zapewnia d\u0142ugotrwa\u0142\u0105 wytrzyma\u0142o\u015b\u0107 i \u0142atwo\u015b\u0107 konserwacji.<\/p>\n<p>&nbsp;<\/p>","protected":false},"excerpt":{"rendered":"<p>Kryty plac zabaw dla dzieci o strukturze plastra miodu, z mi\u0119kk\u0105 piankow\u0105 konstrukcj\u0105, zje\u017cd\u017calni\u0105 w kszta\u0142cie plastra miodu i labiryntem. Odpowiedni dla przedszkoli, sal zabaw, centr\u00f3w handlowych i plac\u00f3wek opieki nad dzie\u0107mi.<\/p>","protected":false},"featured_media":3363,"parent":0,"template":"","meta":{"_acf_changed":false,"_kad_blocks_custom_css":"","_kad_blocks_head_custom_js":"","_kad_blocks_body_custom_js":"","_kad_blocks_footer_custom_js":"","_kadence_starter_templates_imported_post":false,"_kad_post_transparent":"default","_kad_post_title":"","_kad_post_layout":"default","_kad_post_sidebar_id":"","_kad_post_content_style":"default","_kad_post_vertical_padding":"default","_kad_post_feature":"","_kad_post_feature_position":"","_kad_post_header":false,"_kad_post_footer":false},"pcategory":[5],"ptag":[],"class_list":["post-3352","product","type-product","status-publish","has-post-thumbnail","hentry","pcategory-indoor-playground-equipment"],"acf":[],"yoast_head":"<!-- This site is optimized with the Yoast SEO plugin v26.8 - https:\/\/yoast.com\/product\/yoast-seo-wordpress\/ -->\n<title>Kids Soft Honeycomb Play Structure Playground Climber Maze with Slides<\/title>\n<meta name=\"robots\" content=\"index, follow, max-snippet:-1, max-image-preview:large, max-video-preview:-1\" \/>\n<link rel=\"canonical\" href=\"https:\/\/softplaysupply.com\/pl\/produkt\/konstrukcja-placu-zabaw-o-strukturze-plastra-miodu\/\" \/>\n<meta property=\"og:locale\" content=\"pl_PL\" \/>\n<meta property=\"og:type\" content=\"article\" \/>\n<meta property=\"og:title\" content=\"Kids Soft Honeycomb Play Structure Playground Climber Maze with Slides\" \/>\n<meta property=\"og:description\" content=\"Indoor honeycomb playground for kids with soft foam structure, honeycomb slide, and maze layout. Suitable for kindergartens, play gyms, shopping malls, and child care centers.\" \/>\n<meta property=\"og:url\" content=\"https:\/\/softplaysupply.com\/pl\/produkt\/konstrukcja-placu-zabaw-o-strukturze-plastra-miodu\/\" \/>\n<meta property=\"og:site_name\" content=\"Nanpak\" \/>\n<meta property=\"og:image\" content=\"https:\/\/softplaysupply.com\/wp-content\/uploads\/2025\/12\/honeycomb-play-structure-4.jpg\" \/>\n\t<meta property=\"og:image:width\" content=\"800\" \/>\n\t<meta property=\"og:image:height\" content=\"800\" \/>\n\t<meta property=\"og:image:type\" content=\"image\/jpeg\" \/>\n<meta name=\"twitter:card\" content=\"summary_large_image\" \/>\n<meta name=\"twitter:label1\" content=\"Szacowany czas czytania\" \/>\n\t<meta name=\"twitter:data1\" content=\"4 minuty\" \/>\n<script type=\"application\/ld+json\" class=\"yoast-schema-graph\">{\"@context\":\"https:\/\/schema.org\",\"@graph\":[{\"@type\":\"WebPage\",\"@id\":\"https:\/\/softplaysupply.com\/product\/honeycomb-play-structure-playground-climber\/\",\"url\":\"https:\/\/softplaysupply.com\/product\/honeycomb-play-structure-playground-climber\/\",\"name\":\"Kids Soft Honeycomb Play Structure Playground Climber Maze with Slides\",\"isPartOf\":{\"@id\":\"https:\/\/softplaysupply.com\/#website\"},\"primaryImageOfPage\":{\"@id\":\"https:\/\/softplaysupply.com\/product\/honeycomb-play-structure-playground-climber\/#primaryimage\"},\"image\":{\"@id\":\"https:\/\/softplaysupply.com\/product\/honeycomb-play-structure-playground-climber\/#primaryimage\"},\"thumbnailUrl\":\"https:\/\/softplaysupply.com\/wp-content\/uploads\/2025\/12\/honeycomb-play-structure-4.jpg\",\"datePublished\":\"2025-12-18T12:41:47+00:00\",\"breadcrumb\":{\"@id\":\"https:\/\/softplaysupply.com\/product\/honeycomb-play-structure-playground-climber\/#breadcrumb\"},\"inLanguage\":\"pl-PL\",\"potentialAction\":[{\"@type\":\"ReadAction\",\"target\":[\"https:\/\/softplaysupply.com\/product\/honeycomb-play-structure-playground-climber\/\"]}]},{\"@type\":\"ImageObject\",\"inLanguage\":\"pl-PL\",\"@id\":\"https:\/\/softplaysupply.com\/product\/honeycomb-play-structure-playground-climber\/#primaryimage\",\"url\":\"https:\/\/softplaysupply.com\/wp-content\/uploads\/2025\/12\/honeycomb-play-structure-4.jpg\",\"contentUrl\":\"https:\/\/softplaysupply.com\/wp-content\/uploads\/2025\/12\/honeycomb-play-structure-4.jpg\",\"width\":800,\"height\":800,\"caption\":\"honeycomb play structure\"},{\"@type\":\"BreadcrumbList\",\"@id\":\"https:\/\/softplaysupply.com\/product\/honeycomb-play-structure-playground-climber\/#breadcrumb\",\"itemListElement\":[{\"@type\":\"ListItem\",\"position\":1,\"name\":\"Home\",\"item\":\"https:\/\/softplaysupply.com\/\"},{\"@type\":\"ListItem\",\"position\":2,\"name\":\"Indoor Playground Equipment\",\"item\":\"https:\/\/softplaysupply.com\/pcategory\/indoor-playground-equipment\/\"},{\"@type\":\"ListItem\",\"position\":3,\"name\":\"Kids Soft Honeycomb Play Structure Playground Climber Maze with Slides\"}]},{\"@type\":\"WebSite\",\"@id\":\"https:\/\/softplaysupply.com\/#website\",\"url\":\"https:\/\/softplaysupply.com\/\",\"name\":\"Soft Play Supplier\",\"description\":\"Soft Play Supplier\",\"publisher\":{\"@id\":\"https:\/\/softplaysupply.com\/#organization\"},\"potentialAction\":[{\"@type\":\"SearchAction\",\"target\":{\"@type\":\"EntryPoint\",\"urlTemplate\":\"https:\/\/softplaysupply.com\/?s={search_term_string}\"},\"query-input\":{\"@type\":\"PropertyValueSpecification\",\"valueRequired\":true,\"valueName\":\"search_term_string\"}}],\"inLanguage\":\"pl-PL\"},{\"@type\":\"Organization\",\"@id\":\"https:\/\/softplaysupply.com\/#organization\",\"name\":\"Nanpak\",\"url\":\"https:\/\/softplaysupply.com\/\",\"logo\":{\"@type\":\"ImageObject\",\"inLanguage\":\"pl-PL\",\"@id\":\"https:\/\/softplaysupply.com\/#\/schema\/logo\/image\/\",\"url\":\"https:\/\/softplaysupply.com\/wp-content\/uploads\/2025\/12\/cropped-mobile-logo.png\",\"contentUrl\":\"https:\/\/softplaysupply.com\/wp-content\/uploads\/2025\/12\/cropped-mobile-logo.png\",\"width\":263,\"height\":84,\"caption\":\"Nanpak\"},\"image\":{\"@id\":\"https:\/\/softplaysupply.com\/#\/schema\/logo\/image\/\"}}]}<\/script>\n<!-- \/ Yoast SEO plugin. -->","yoast_head_json":{"title":"Plac zabaw dla dzieci z mi\u0119kk\u0105 konstrukcj\u0105 o strukturze plastra miodu, labiryntem do wspinania si\u0119 i zje\u017cd\u017calniami","robots":{"index":"index","follow":"follow","max-snippet":"max-snippet:-1","max-image-preview":"max-image-preview:large","max-video-preview":"max-video-preview:-1"},"canonical":"https:\/\/softplaysupply.com\/pl\/produkt\/konstrukcja-placu-zabaw-o-strukturze-plastra-miodu\/","og_locale":"pl_PL","og_type":"article","og_title":"Kids Soft Honeycomb Play Structure Playground Climber Maze with Slides","og_description":"Indoor honeycomb playground for kids with soft foam structure, honeycomb slide, and maze layout. Suitable for kindergartens, play gyms, shopping malls, and child care centers.","og_url":"https:\/\/softplaysupply.com\/pl\/produkt\/konstrukcja-placu-zabaw-o-strukturze-plastra-miodu\/","og_site_name":"Nanpak","og_image":[{"width":800,"height":800,"url":"https:\/\/softplaysupply.com\/wp-content\/uploads\/2025\/12\/honeycomb-play-structure-4.jpg","type":"image\/jpeg"}],"twitter_card":"summary_large_image","twitter_misc":{"Szacowany czas czytania":"4 minuty"},"schema":{"@context":"https:\/\/schema.org","@graph":[{"@type":"WebPage","@id":"https:\/\/softplaysupply.com\/product\/honeycomb-play-structure-playground-climber\/","url":"https:\/\/softplaysupply.com\/product\/honeycomb-play-structure-playground-climber\/","name":"Plac zabaw dla dzieci z mi\u0119kk\u0105 konstrukcj\u0105 o strukturze plastra miodu, labiryntem do wspinania si\u0119 i zje\u017cd\u017calniami","isPartOf":{"@id":"https:\/\/softplaysupply.com\/#website"},"primaryImageOfPage":{"@id":"https:\/\/softplaysupply.com\/product\/honeycomb-play-structure-playground-climber\/#primaryimage"},"image":{"@id":"https:\/\/softplaysupply.com\/product\/honeycomb-play-structure-playground-climber\/#primaryimage"},"thumbnailUrl":"https:\/\/softplaysupply.com\/wp-content\/uploads\/2025\/12\/honeycomb-play-structure-4.jpg","datePublished":"2025-12-18T12:41:47+00:00","breadcrumb":{"@id":"https:\/\/softplaysupply.com\/product\/honeycomb-play-structure-playground-climber\/#breadcrumb"},"inLanguage":"pl-PL","potentialAction":[{"@type":"ReadAction","target":["https:\/\/softplaysupply.com\/product\/honeycomb-play-structure-playground-climber\/"]}]},{"@type":"ImageObject","inLanguage":"pl-PL","@id":"https:\/\/softplaysupply.com\/product\/honeycomb-play-structure-playground-climber\/#primaryimage","url":"https:\/\/softplaysupply.com\/wp-content\/uploads\/2025\/12\/honeycomb-play-structure-4.jpg","contentUrl":"https:\/\/softplaysupply.com\/wp-content\/uploads\/2025\/12\/honeycomb-play-structure-4.jpg","width":800,"height":800,"caption":"honeycomb play structure"},{"@type":"BreadcrumbList","@id":"https:\/\/softplaysupply.com\/product\/honeycomb-play-structure-playground-climber\/#breadcrumb","itemListElement":[{"@type":"ListItem","position":1,"name":"Home","item":"https:\/\/softplaysupply.com\/"},{"@type":"ListItem","position":2,"name":"Indoor Playground Equipment","item":"https:\/\/softplaysupply.com\/pcategory\/indoor-playground-equipment\/"},{"@type":"ListItem","position":3,"name":"Kids Soft Honeycomb Play Structure Playground Climber Maze with Slides"}]},{"@type":"WebSite","@id":"https:\/\/softplaysupply.com\/#website","url":"https:\/\/softplaysupply.com\/","name":"Dostawca mi\u0119kkich zabawek","description":"Dostawca mi\u0119kkich zabawek","publisher":{"@id":"https:\/\/softplaysupply.com\/#organization"},"potentialAction":[{"@type":"SearchAction","target":{"@type":"EntryPoint","urlTemplate":"https:\/\/softplaysupply.com\/?s={search_term_string}"},"query-input":{"@type":"PropertyValueSpecification","valueRequired":true,"valueName":"search_term_string"}}],"inLanguage":"pl-PL"},{"@type":"Organization","@id":"https:\/\/softplaysupply.com\/#organization","name":"Nanpak","url":"https:\/\/softplaysupply.com\/","logo":{"@type":"ImageObject","inLanguage":"pl-PL","@id":"https:\/\/softplaysupply.com\/#\/schema\/logo\/image\/","url":"https:\/\/softplaysupply.com\/wp-content\/uploads\/2025\/12\/cropped-mobile-logo.png","contentUrl":"https:\/\/softplaysupply.com\/wp-content\/uploads\/2025\/12\/cropped-mobile-logo.png","width":263,"height":84,"caption":"Nanpak"},"image":{"@id":"https:\/\/softplaysupply.com\/#\/schema\/logo\/image\/"}}]}},"taxonomy_info":{"pcategory":[{"value":5,"label":"Indoor Playground Equipment"}]},"featured_image_src_large":["https:\/\/softplaysupply.com\/wp-content\/uploads\/2025\/12\/honeycomb-play-structure-4.jpg",800,800,false],"author_info":[],"comment_info":"","_links":{"self":[{"href":"https:\/\/softplaysupply.com\/pl\/wp-json\/wp\/v2\/product\/3352","targetHints":{"allow":["GET"]}}],"collection":[{"href":"https:\/\/softplaysupply.com\/pl\/wp-json\/wp\/v2\/product"}],"about":[{"href":"https:\/\/softplaysupply.com\/pl\/wp-json\/wp\/v2\/types\/product"}],"wp:featuredmedia":[{"embeddable":true,"href":"https:\/\/softplaysupply.com\/pl\/wp-json\/wp\/v2\/media\/3363"}],"wp:attachment":[{"href":"https:\/\/softplaysupply.com\/pl\/wp-json\/wp\/v2\/media?parent=3352"}],"wp:term":[{"taxonomy":"pcategory","embeddable":true,"href":"https:\/\/softplaysupply.com\/pl\/wp-json\/wp\/v2\/pcategory?post=3352"},{"taxonomy":"ptag","embeddable":true,"href":"https:\/\/softplaysupply.com\/pl\/wp-json\/wp\/v2\/ptag?post=3352"}],"curies":[{"name":"wp","href":"https:\/\/api.w.org\/{rel}","templated":true}]}}