{"id":3310,"date":"2025-12-10T04:18:01","date_gmt":"2025-12-10T04:18:01","guid":{"rendered":"https:\/\/softplaysupply.com\/?post_type=product&#038;p=3310"},"modified":"2025-12-10T04:20:16","modified_gmt":"2025-12-10T04:20:16","slug":"uchwyty-do-scianki-wspinaczkowej","status":"publish","type":"product","link":"https:\/\/softplaysupply.com\/pl\/produkt\/uchwyty-do-scianki-wspinaczkowej\/","title":{"rendered":"Wewn\u0119trzny plac zabaw \u015acianki wspinaczkowe dla dzieci na sprzeda\u017c"},"content":{"rendered":"<div style=\"margin: 0 auto; background-color: #fff; padding: 30px; box-shadow: 0 4px 8px rgba(0, 0, 0, 0.1);\">\n<div style=\"color: #2a2a2a;\">\n<p><img loading=\"lazy\" decoding=\"async\" class=\"alignnone size-full wp-image-3315\" src=\"https:\/\/softplaysupply.com\/wp-content\/uploads\/2025\/12\/Children-Rock-Climbing-Wall-Holds-1.jpg\" alt=\"\" width=\"750\" height=\"750\" srcset=\"https:\/\/softplaysupply.com\/wp-content\/uploads\/2025\/12\/Children-Rock-Climbing-Wall-Holds-1.jpg 750w, https:\/\/softplaysupply.com\/wp-content\/uploads\/2025\/12\/Children-Rock-Climbing-Wall-Holds-1-300x300.jpg 300w, https:\/\/softplaysupply.com\/wp-content\/uploads\/2025\/12\/Children-Rock-Climbing-Wall-Holds-1-150x150.jpg 150w, https:\/\/softplaysupply.com\/wp-content\/uploads\/2025\/12\/Children-Rock-Climbing-Wall-Holds-1-12x12.jpg 12w\" sizes=\"auto, (max-width: 750px) 100vw, 750px\" \/> <img loading=\"lazy\" decoding=\"async\" class=\"alignnone size-full wp-image-3316\" src=\"https:\/\/softplaysupply.com\/wp-content\/uploads\/2025\/12\/Children-Rock-Climbing-Wall-Holds-2.jpg\" alt=\"\" width=\"750\" height=\"806\" srcset=\"https:\/\/softplaysupply.com\/wp-content\/uploads\/2025\/12\/Children-Rock-Climbing-Wall-Holds-2.jpg 750w, https:\/\/softplaysupply.com\/wp-content\/uploads\/2025\/12\/Children-Rock-Climbing-Wall-Holds-2-279x300.jpg 279w, https:\/\/softplaysupply.com\/wp-content\/uploads\/2025\/12\/Children-Rock-Climbing-Wall-Holds-2-11x12.jpg 11w\" sizes=\"auto, (max-width: 750px) 100vw, 750px\" \/><\/p>\n<p style=\"font-size: 16px; margin-top: 10px;\">Nasza drewniana \u015bcianka wspinaczkowa do u\u017cytku domowego zosta\u0142a zaprojektowana, aby wprowadzi\u0107 przygod\u0119 i emocje do codziennego \u017cycia Twojego dziecka. Idealna do ka\u017cdego pokoju zabaw lub domowej si\u0142owni, ta \u015bcianka wspinaczkowa wyposa\u017cona jest w wysokiej jako\u015bci uchwyty wspinaczkowe, kt\u00f3re pomagaj\u0105 dzieciom rozwija\u0107 si\u0142\u0119, koordynacj\u0119 i pewno\u015b\u0107 siebie podczas wspinaczki i odkrywania. Wykonana z wytrzyma\u0142ego w\u0142\u00f3kna szklanego i wzmocnionego poliestru, \u015bcianka zapewnia bezpieczn\u0105 i przyjemn\u0105 wspinaczk\u0119. To fantastyczny spos\u00f3b na aktywno\u015b\u0107 i zaanga\u017cowanie dzieci w domu.<\/p>\n<p><img loading=\"lazy\" decoding=\"async\" class=\"alignnone size-full wp-image-3317\" src=\"https:\/\/softplaysupply.com\/wp-content\/uploads\/2025\/12\/Children-Rock-Climbing-Wall-Holds-3.jpg\" alt=\"\" width=\"750\" height=\"1195\" srcset=\"https:\/\/softplaysupply.com\/wp-content\/uploads\/2025\/12\/Children-Rock-Climbing-Wall-Holds-3.jpg 750w, https:\/\/softplaysupply.com\/wp-content\/uploads\/2025\/12\/Children-Rock-Climbing-Wall-Holds-3-188x300.jpg 188w, https:\/\/softplaysupply.com\/wp-content\/uploads\/2025\/12\/Children-Rock-Climbing-Wall-Holds-3-643x1024.jpg 643w, https:\/\/softplaysupply.com\/wp-content\/uploads\/2025\/12\/Children-Rock-Climbing-Wall-Holds-3-8x12.jpg 8w\" sizes=\"auto, (max-width: 750px) 100vw, 750px\" \/> <img loading=\"lazy\" decoding=\"async\" class=\"alignnone size-full wp-image-3318\" src=\"https:\/\/softplaysupply.com\/wp-content\/uploads\/2025\/12\/Children-Rock-Climbing-Wall-Holds-4.jpg\" alt=\"\" width=\"750\" height=\"839\" srcset=\"https:\/\/softplaysupply.com\/wp-content\/uploads\/2025\/12\/Children-Rock-Climbing-Wall-Holds-4.jpg 750w, https:\/\/softplaysupply.com\/wp-content\/uploads\/2025\/12\/Children-Rock-Climbing-Wall-Holds-4-268x300.jpg 268w, https:\/\/softplaysupply.com\/wp-content\/uploads\/2025\/12\/Children-Rock-Climbing-Wall-Holds-4-11x12.jpg 11w\" sizes=\"auto, (max-width: 750px) 100vw, 750px\" \/> <img loading=\"lazy\" decoding=\"async\" class=\"alignnone size-full wp-image-3319\" src=\"https:\/\/softplaysupply.com\/wp-content\/uploads\/2025\/12\/Children-Rock-Climbing-Wall-Holds-5.jpg\" alt=\"\" width=\"750\" height=\"1415\" srcset=\"https:\/\/softplaysupply.com\/wp-content\/uploads\/2025\/12\/Children-Rock-Climbing-Wall-Holds-5.jpg 750w, https:\/\/softplaysupply.com\/wp-content\/uploads\/2025\/12\/Children-Rock-Climbing-Wall-Holds-5-159x300.jpg 159w, https:\/\/softplaysupply.com\/wp-content\/uploads\/2025\/12\/Children-Rock-Climbing-Wall-Holds-5-543x1024.jpg 543w, https:\/\/softplaysupply.com\/wp-content\/uploads\/2025\/12\/Children-Rock-Climbing-Wall-Holds-5-6x12.jpg 6w\" sizes=\"auto, (max-width: 750px) 100vw, 750px\" \/> <img loading=\"lazy\" decoding=\"async\" class=\"alignnone size-full wp-image-3321\" src=\"https:\/\/softplaysupply.com\/wp-content\/uploads\/2025\/12\/Children-Rock-Climbing-Wall-Holds-7.jpg\" alt=\"\" width=\"750\" height=\"1130\" srcset=\"https:\/\/softplaysupply.com\/wp-content\/uploads\/2025\/12\/Children-Rock-Climbing-Wall-Holds-7.jpg 750w, https:\/\/softplaysupply.com\/wp-content\/uploads\/2025\/12\/Children-Rock-Climbing-Wall-Holds-7-199x300.jpg 199w, https:\/\/softplaysupply.com\/wp-content\/uploads\/2025\/12\/Children-Rock-Climbing-Wall-Holds-7-680x1024.jpg 680w, https:\/\/softplaysupply.com\/wp-content\/uploads\/2025\/12\/Children-Rock-Climbing-Wall-Holds-7-8x12.jpg 8w\" sizes=\"auto, (max-width: 750px) 100vw, 750px\" \/> <img loading=\"lazy\" decoding=\"async\" class=\"alignnone size-full wp-image-3322\" src=\"https:\/\/softplaysupply.com\/wp-content\/uploads\/2025\/12\/Children-Rock-Climbing-Wall-Holds-8.jpg\" alt=\"\" width=\"800\" height=\"800\" srcset=\"https:\/\/softplaysupply.com\/wp-content\/uploads\/2025\/12\/Children-Rock-Climbing-Wall-Holds-8.jpg 800w, https:\/\/softplaysupply.com\/wp-content\/uploads\/2025\/12\/Children-Rock-Climbing-Wall-Holds-8-300x300.jpg 300w, https:\/\/softplaysupply.com\/wp-content\/uploads\/2025\/12\/Children-Rock-Climbing-Wall-Holds-8-150x150.jpg 150w, https:\/\/softplaysupply.com\/wp-content\/uploads\/2025\/12\/Children-Rock-Climbing-Wall-Holds-8-768x768.jpg 768w, https:\/\/softplaysupply.com\/wp-content\/uploads\/2025\/12\/Children-Rock-Climbing-Wall-Holds-8-12x12.jpg 12w\" sizes=\"auto, (max-width: 800px) 100vw, 800px\" \/><\/p>\n<p style=\"font-size: 16px; font-weight: bold; color: #2a2a2a;\">Co sprawia, \u017ce nasza \u015bcianka wspinaczkowa jest wyj\u0105tkowa?<\/p>\n<p style=\"font-size: 16px;\">Nasza drewniana \u015bcianka wspinaczkowa do u\u017cytku domowego zosta\u0142a wykonana z wysokiej jako\u015bci materia\u0142\u00f3w, takich jak w\u0142\u00f3kno szklane (GRP) i wzmocniony poliester. Materia\u0142y te s\u0105 lekkie, a jednocze\u015bnie niezwykle wytrzyma\u0142e, dzi\u0119ki czemu \u015bcianka wspinaczkowa b\u0119dzie s\u0142u\u017cy\u0107 przez wiele lat. Oferujemy kilka opcji kolorystycznych, takich jak szary, \u017c\u00f3\u0142ty, czerwony i zielony, a tak\u017ce mo\u017cliwo\u015b\u0107 dostosowania projektu do wystroju Twojego domu. Dzi\u0119ki uchwytom do wspinaczki halowej dzieci mog\u0105 prze\u017cy\u0107 ekscytuj\u0105c\u0105, ale bezpieczn\u0105 przygod\u0119 we w\u0142asnym pokoju.<\/p>\n<p style=\"font-size: 16px; font-weight: bold; color: #2a2a2a;\">Korzy\u015bci p\u0142yn\u0105ce z uprawiania wspinaczki ska\u0142kowej dla dzieci<\/p>\n<p style=\"font-size: 16px;\">Chwyty do wspinaczki ska\u0142kowej to nie tylko \u015bwietna zabawa \u2014 maj\u0105 one r\u00f3wnie\u017c korzystny wp\u0142yw na rozw\u00f3j fizyczny dziecka. Wspinaj\u0105c si\u0119 na ska\u0142kach o r\u00f3\u017cnych rozmiarach i kszta\u0142tach, dzieci wzmacniaj\u0105 mi\u0119\u015bnie i poprawiaj\u0105 swoje zdolno\u015bci motoryczne. Proces ten pomaga rozwija\u0107 koncentracj\u0119, koordynacj\u0119 i r\u00f3wnowag\u0119. Umiej\u0119tno\u015bci te s\u0105 niezb\u0119dne dla rozwoju dziecka, a nasze chwyty do wspinaczki dla dzieci zapewniaj\u0105 im nauk\u0119 poprzez zabaw\u0119.<\/p>\n<p style=\"font-size: 16px;\">Niezale\u017cnie od tego, czy zainstalujesz je w pokoju zabaw swojego dziecka, czy w przedszkolu, nasze chwytaki do wspinaczki halowej zapewniaj\u0105 idealn\u0105 r\u00f3wnowag\u0119 mi\u0119dzy zabaw\u0105 a edukacj\u0105. Chwytaki do wspinaczki s\u0105 dost\u0119pne w r\u00f3\u017cnych kszta\u0142tach, kolorach i rozmiarach, co pozwala na dostosowanie ich do indywidualnych potrzeb. Od ma\u0142ych dzieci po m\u0142odych poszukiwaczy przyg\u00f3d \u2013 ka\u017cdy znajdzie co\u015b dla siebie. Chwytaki do \u015bcianek wspinaczkowych s\u0105 zaprojektowane z my\u015bl\u0105 o trwa\u0142o\u015bci i mog\u0105 wytrzyma\u0107 intensywne u\u017cytkowanie, co czyni je doskona\u0142\u0105 inwestycj\u0105 zar\u00f3wno do u\u017cytku domowego, jak i komercyjnego.<\/p>\n<p style=\"font-size: 16px; font-weight: bold; color: #2a2a2a;\">\u0141atwy w instalacji i konserwacji<\/p>\n<p style=\"font-size: 16px;\">Nasze chwyty do wspinaczki halowej s\u0105 zaprojektowane tak, aby by\u0142y \u0142atwe w monta\u017cu. Niezale\u017cnie od tego, czy jeste\u015b rodzicem, czy w\u0142a\u015bcicielem firmy, proces monta\u017cu b\u0119dzie dla Ciebie prosty i nieskomplikowany. \u015acian\u0119 mo\u017cna szybko ustawi\u0107 w ka\u017cdym pomieszczeniu, dzi\u0119ki czemu idealnie nadaje si\u0119 do u\u017cytku domowego, w salach lekcyjnych lub centrach rekreacyjnych. Ponadto nasze chwyty do wspinaczki \u015bciankowej wymagaj\u0105 minimalnej konserwacji. Materia\u0142 z w\u0142\u00f3kna szklanego jest zaprojektowany tak, aby by\u0142 trwa\u0142y i odporny na zu\u017cycie wynikaj\u0105ce z codziennego u\u017cytkowania, zapewniaj\u0105c bezpieczne i niezawodne wra\u017cenia przez wiele lat.<\/p>\n<p style=\"font-size: 16px;\">Po zamontowaniu \u015bcianka wymaga jedynie sporadycznych kontroli i konserwacji, aby zapewni\u0107 bezpiecze\u0144stwo ska\u0142ek wspinaczkowych. Dostarczamy kompleksow\u0105 instrukcj\u0119 szkoleniow\u0105, kt\u00f3ra zawiera wskaz\u00f3wki dotycz\u0105ce konserwacji i kontroli \u015bcianki pod k\u0105tem bezpiecze\u0144stwa i wydajno\u015bci. Aby zapewni\u0107 dodatkowy spok\u00f3j ducha, po up\u0142ywie roku u\u017cytkowania oferujemy szkolenie z zakresu konserwacji i kontroli.<\/p>\n<p style=\"font-size: 20px; font-weight: bold; color: #2a2a2a;\">Szczeg\u00f3\u0142y produktu<\/p>\n<table style=\"width: 100%; border-collapse: collapse; margin-top: 20px; background-color: #fff;\">\n<thead>\n<tr style=\"background-color: #f4f4f9; color: #333;\">\n<th style=\"padding: 12px; text-align: left; border: 1px solid #ddd;\">Materia\u0142<\/th>\n<th style=\"padding: 12px; text-align: left; border: 1px solid #ddd;\">W\u0142\u00f3kno szklane (GRP), wzmocniony poliester<\/th>\n<\/tr>\n<tr>\n<th style=\"padding: 12px; text-align: left; border: 1px solid #ddd; background-color: #f9f9f9;\">Dost\u0119pne kolory<\/th>\n<th style=\"padding: 12px; text-align: left; border: 1px solid #ddd;\">Szary, \u017c\u00f3\u0142ty, sienna, czerwony, fioletowy, niebieski, zielony lub niestandardowe kombinacje dw\u00f3ch kolor\u00f3w<\/th>\n<\/tr>\n<tr style=\"background-color: #f9f9f9;\">\n<th style=\"padding: 12px; text-align: left; border: 1px solid #ddd;\">Kod HS<\/th>\n<th style=\"padding: 12px; text-align: left; border: 1px solid #ddd;\">9506919000<\/th>\n<\/tr>\n<tr>\n<th style=\"padding: 12px; text-align: left; border: 1px solid #ddd; background-color: #f9f9f9;\">Standardowe funkcje<\/th>\n<th style=\"padding: 12px; text-align: left; border: 1px solid #ddd;\">\u015acianka wspinaczkowa generuje wysokie przep\u0142ywy pieni\u0119\u017cne i imponuj\u0105c\u0105 rentowno\u015b\u0107, zapewnia niezawodne wsparcie i sprawdzony sukces biznesowy.<\/th>\n<\/tr>\n<tr style=\"background-color: #f9f9f9;\">\n<th style=\"padding: 12px; text-align: left; border: 1px solid #ddd;\">Zalety<\/th>\n<th style=\"padding: 12px; text-align: left; border: 1px solid #ddd;\">1. Atrakcyjne kszta\u0142ty i kolory, mo\u017cliwo\u015b\u0107 dostosowania do indywidualnych potrzeb<br \/>\n2. Wysokiej jako\u015bci wzmocnione w\u0142\u00f3kno szklane<br \/>\n3. Lekki<br \/>\n4. Odporny na warunki atmosferyczne<br \/>\n5. Odporny na korozj\u0119<br \/>\n6. \u0141atwy w monta\u017cu<br \/>\n7. Nadaje si\u0119 zar\u00f3wno do u\u017cytku wewn\u0105trz, jak i na zewn\u0105trz<br \/>\n8. Szkolenie z zakresu konserwacji i kontroli po roku u\u017cytkowania<\/th>\n<\/tr>\n<tr>\n<th style=\"padding: 12px; text-align: left; border: 1px solid #ddd; background-color: #f9f9f9;\">Czas dostawy<\/th>\n<th style=\"padding: 12px; text-align: left; border: 1px solid #ddd;\">W oparciu o warunki wysy\u0142ki: transport morski, lotniczy lub ekspresowy<\/th>\n<\/tr>\n<tr style=\"background-color: #f9f9f9;\">\n<th style=\"padding: 12px; text-align: left; border: 1px solid #ddd;\">Warunki p\u0142atno\u015bci<\/th>\n<th style=\"padding: 12px; text-align: left; border: 1px solid #ddd;\">T\/T, L\/C, WU itp.<\/th>\n<\/tr>\n<tr>\n<th style=\"padding: 12px; text-align: left; border: 1px solid #ddd; background-color: #f9f9f9;\">Szczeg\u00f3\u0142y pakietu<\/th>\n<th style=\"padding: 12px; text-align: left; border: 1px solid #ddd;\">Standardowe opakowanie eksportowe<\/th>\n<\/tr>\n<tr style=\"background-color: #f9f9f9;\">\n<th style=\"padding: 12px; text-align: left; border: 1px solid #ddd;\">Gwarancja<\/th>\n<th style=\"padding: 12px; text-align: left; border: 1px solid #ddd;\">12 miesi\u0119cy na produkty i bezp\u0142atna do\u017cywotnia pomoc techniczna<\/th>\n<\/tr>\n<tr>\n<th style=\"padding: 12px; text-align: left; border: 1px solid #ddd; background-color: #f9f9f9;\">Serwis<\/th>\n<th style=\"padding: 12px; text-align: left; border: 1px solid #ddd;\">1. Biznesplan<br \/>\n2. Koncepcja lub plany projektowe<br \/>\n3. Produkcja<br \/>\n4. Film instalacyjny\/instrukcja obs\u0142ugi<br \/>\n5. Podr\u0119cznik szkoleniowy<br \/>\n6. Instrukcja konserwacji i przegl\u0105d\u00f3w<\/th>\n<\/tr>\n<tr style=\"background-color: #f9f9f9;\">\n<th style=\"padding: 12px; text-align: left; border: 1px solid #ddd;\">Certyfikat<\/th>\n<th style=\"padding: 12px; text-align: left; border: 1px solid #ddd;\">CE, ISO, UIAA, IFSC, RoHS<\/th>\n<\/tr>\n<tr>\n<th style=\"padding: 12px; text-align: left; border: 1px solid #ddd; background-color: #f9f9f9;\">Minimalna ilo\u015b\u0107 zam\u00f3wienia<\/th>\n<th style=\"padding: 12px; text-align: left; border: 1px solid #ddd;\">1 zestaw<\/th>\n<\/tr>\n<\/thead>\n<\/table>\n<p style=\"font-size: 20px; font-weight: bold; color: #2a2a2a; margin-top: 20px;\">Zam\u00f3w ju\u017c dzi\u015b chwyty do \u015bcianki wspinaczkowej<\/p>\n<p style=\"font-size: 16px;\">Chcesz wprowadzi\u0107 rado\u015b\u0107 i korzy\u015bci p\u0142yn\u0105ce z uprawiania wspinaczki ska\u0142kowej do swojego domu lub firmy? Nasza <strong>uchwyty do \u015bcianki wspinaczkowej<\/strong> to \u015bwietny spos\u00f3b, aby dzieci by\u0142y aktywne, zdrowe i mia\u0142y zapewnion\u0105 rozrywk\u0119. Od <strong>uchwyty do \u015bcianki wspinaczkowej<\/strong> do <strong>uchwyty do \u015bcianki wspinaczkowej<\/strong>, mamy najlepsze rozwi\u0105zania do wspinaczki. Skontaktuj si\u0119 z nami ju\u017c dzi\u015b, aby dowiedzie\u0107 si\u0119 wi\u0119cej o naszych <strong>chwyty wspinaczkowe na sprzeda\u017c<\/strong> i w jaki spos\u00f3b mog\u0105 one poprawi\u0107 Twoje wra\u017cenia z wspinaczki halowej!<\/p>\n<\/div>\n<\/div>\n<p>&nbsp;<\/p>","protected":false},"excerpt":{"rendered":"<p>Wewn\u0119trzne uchwyty do \u015bcianek wspinaczkowych dla dzieci s\u0105 wykonane z wytrzyma\u0142ego w\u0142\u00f3kna szklanego i wzmocnionego poliestru. Uchwyty te s\u0105 \u0142atwe w monta\u017cu i idealnie nadaj\u0105 si\u0119 zar\u00f3wno do u\u017cytku domowego, jak i komercyjnego. Dost\u0119pne w r\u00f3\u017cnych kszta\u0142tach, rozmiarach i kolorach, pomagaj\u0105 dzieciom rozwija\u0107 si\u0142\u0119, koordynacj\u0119 i zdolno\u015bci motoryczne podczas zabawy. Niezale\u017cnie od tego, czy s\u0105 przeznaczone do pokoju zabaw, przedszkola czy si\u0142owni, nasze uchwyty do wspinaczki zapewniaj\u0105 bezpieczne i anga\u017cuj\u0105ce wra\u017cenia, dzi\u0119ki czemu s\u0105 doskona\u0142\u0105 inwestycj\u0105 dla ka\u017cdej przestrzeni.<\/p>","protected":false},"featured_media":3313,"parent":0,"template":"","meta":{"_acf_changed":false,"_kad_blocks_custom_css":"","_kad_blocks_head_custom_js":"","_kad_blocks_body_custom_js":"","_kad_blocks_footer_custom_js":"","_kadence_starter_templates_imported_post":false,"_kad_post_transparent":"default","_kad_post_title":"","_kad_post_layout":"default","_kad_post_sidebar_id":"","_kad_post_content_style":"default","_kad_post_vertical_padding":"default","_kad_post_feature":"","_kad_post_feature_position":"","_kad_post_header":false,"_kad_post_footer":false},"pcategory":[16],"ptag":[],"class_list":["post-3310","product","type-product","status-publish","has-post-thumbnail","hentry","pcategory-climbing-walls"],"acf":[],"yoast_head":"<!-- This site is optimized with the Yoast SEO plugin v26.8 - https:\/\/yoast.com\/product\/yoast-seo-wordpress\/ -->\n<title>Indoor Playground Wooden Climbing Wall for Home<\/title>\n<meta name=\"robots\" content=\"index, follow, max-snippet:-1, max-image-preview:large, max-video-preview:-1\" \/>\n<link rel=\"canonical\" href=\"https:\/\/softplaysupply.com\/pl\/produkt\/uchwyty-do-scianki-wspinaczkowej\/\" \/>\n<meta property=\"og:locale\" content=\"pl_PL\" \/>\n<meta property=\"og:type\" content=\"article\" \/>\n<meta property=\"og:title\" content=\"Indoor Playground Wooden Climbing Wall for Home\" \/>\n<meta property=\"og:description\" content=\"indoor playground children rock climbing wall holds for sale are made from durable fiberglass and reinforced polyester. These climbing holds are easy to install and perfect for both home and commercial use. Available in various shapes, sizes, and colors, they help children develop strength, coordination, and motor skills while having fun. Whether for a playroom, daycare, or gym, our rock climbing holds offer a safe, engaging climbing experience, making them a great investment for any space.\" \/>\n<meta property=\"og:url\" content=\"https:\/\/softplaysupply.com\/pl\/produkt\/uchwyty-do-scianki-wspinaczkowej\/\" \/>\n<meta property=\"og:site_name\" content=\"Nanpak\" \/>\n<meta property=\"article:modified_time\" content=\"2025-12-10T04:20:16+00:00\" \/>\n<meta property=\"og:image\" content=\"https:\/\/softplaysupply.com\/wp-content\/uploads\/2025\/12\/Climbing-Wall-Holds-2.jpg\" \/>\n\t<meta property=\"og:image:width\" content=\"750\" \/>\n\t<meta property=\"og:image:height\" content=\"750\" \/>\n\t<meta property=\"og:image:type\" content=\"image\/jpeg\" \/>\n<meta name=\"twitter:card\" content=\"summary_large_image\" \/>\n<meta name=\"twitter:label1\" content=\"Szacowany czas czytania\" \/>\n\t<meta name=\"twitter:data1\" content=\"5 minut\" \/>\n<script type=\"application\/ld+json\" class=\"yoast-schema-graph\">{\"@context\":\"https:\/\/schema.org\",\"@graph\":[{\"@type\":\"WebPage\",\"@id\":\"https:\/\/softplaysupply.com\/product\/climbing-wall-holds\/\",\"url\":\"https:\/\/softplaysupply.com\/product\/climbing-wall-holds\/\",\"name\":\"Indoor Playground Wooden Climbing Wall for Home\",\"isPartOf\":{\"@id\":\"https:\/\/softplaysupply.com\/#website\"},\"primaryImageOfPage\":{\"@id\":\"https:\/\/softplaysupply.com\/product\/climbing-wall-holds\/#primaryimage\"},\"image\":{\"@id\":\"https:\/\/softplaysupply.com\/product\/climbing-wall-holds\/#primaryimage\"},\"thumbnailUrl\":\"https:\/\/softplaysupply.com\/wp-content\/uploads\/2025\/12\/Climbing-Wall-Holds-2.jpg\",\"datePublished\":\"2025-12-10T04:18:01+00:00\",\"dateModified\":\"2025-12-10T04:20:16+00:00\",\"breadcrumb\":{\"@id\":\"https:\/\/softplaysupply.com\/product\/climbing-wall-holds\/#breadcrumb\"},\"inLanguage\":\"pl-PL\",\"potentialAction\":[{\"@type\":\"ReadAction\",\"target\":[\"https:\/\/softplaysupply.com\/product\/climbing-wall-holds\/\"]}]},{\"@type\":\"ImageObject\",\"inLanguage\":\"pl-PL\",\"@id\":\"https:\/\/softplaysupply.com\/product\/climbing-wall-holds\/#primaryimage\",\"url\":\"https:\/\/softplaysupply.com\/wp-content\/uploads\/2025\/12\/Climbing-Wall-Holds-2.jpg\",\"contentUrl\":\"https:\/\/softplaysupply.com\/wp-content\/uploads\/2025\/12\/Climbing-Wall-Holds-2.jpg\",\"width\":750,\"height\":750},{\"@type\":\"BreadcrumbList\",\"@id\":\"https:\/\/softplaysupply.com\/product\/climbing-wall-holds\/#breadcrumb\",\"itemListElement\":[{\"@type\":\"ListItem\",\"position\":1,\"name\":\"Home\",\"item\":\"https:\/\/softplaysupply.com\/\"},{\"@type\":\"ListItem\",\"position\":2,\"name\":\"Climbing Walls\",\"item\":\"https:\/\/softplaysupply.com\/pcategory\/climbing-walls\/\"},{\"@type\":\"ListItem\",\"position\":3,\"name\":\"Indoor Playground Children Rock Climbing Wall Holds for Sale\"}]},{\"@type\":\"WebSite\",\"@id\":\"https:\/\/softplaysupply.com\/#website\",\"url\":\"https:\/\/softplaysupply.com\/\",\"name\":\"Soft Play Supplier\",\"description\":\"Soft Play Supplier\",\"publisher\":{\"@id\":\"https:\/\/softplaysupply.com\/#organization\"},\"potentialAction\":[{\"@type\":\"SearchAction\",\"target\":{\"@type\":\"EntryPoint\",\"urlTemplate\":\"https:\/\/softplaysupply.com\/?s={search_term_string}\"},\"query-input\":{\"@type\":\"PropertyValueSpecification\",\"valueRequired\":true,\"valueName\":\"search_term_string\"}}],\"inLanguage\":\"pl-PL\"},{\"@type\":\"Organization\",\"@id\":\"https:\/\/softplaysupply.com\/#organization\",\"name\":\"Nanpak\",\"url\":\"https:\/\/softplaysupply.com\/\",\"logo\":{\"@type\":\"ImageObject\",\"inLanguage\":\"pl-PL\",\"@id\":\"https:\/\/softplaysupply.com\/#\/schema\/logo\/image\/\",\"url\":\"https:\/\/softplaysupply.com\/wp-content\/uploads\/2025\/12\/cropped-mobile-logo.png\",\"contentUrl\":\"https:\/\/softplaysupply.com\/wp-content\/uploads\/2025\/12\/cropped-mobile-logo.png\",\"width\":263,\"height\":84,\"caption\":\"Nanpak\"},\"image\":{\"@id\":\"https:\/\/softplaysupply.com\/#\/schema\/logo\/image\/\"}}]}<\/script>\n<!-- \/ Yoast SEO plugin. -->","yoast_head_json":{"title":"Wewn\u0119trzny plac zabaw Drewniana \u015bcianka wspinaczkowa do domu","robots":{"index":"index","follow":"follow","max-snippet":"max-snippet:-1","max-image-preview":"max-image-preview:large","max-video-preview":"max-video-preview:-1"},"canonical":"https:\/\/softplaysupply.com\/pl\/produkt\/uchwyty-do-scianki-wspinaczkowej\/","og_locale":"pl_PL","og_type":"article","og_title":"Indoor Playground Wooden Climbing Wall for Home","og_description":"indoor playground children rock climbing wall holds for sale are made from durable fiberglass and reinforced polyester. These climbing holds are easy to install and perfect for both home and commercial use. Available in various shapes, sizes, and colors, they help children develop strength, coordination, and motor skills while having fun. Whether for a playroom, daycare, or gym, our rock climbing holds offer a safe, engaging climbing experience, making them a great investment for any space.","og_url":"https:\/\/softplaysupply.com\/pl\/produkt\/uchwyty-do-scianki-wspinaczkowej\/","og_site_name":"Nanpak","article_modified_time":"2025-12-10T04:20:16+00:00","og_image":[{"width":750,"height":750,"url":"https:\/\/softplaysupply.com\/wp-content\/uploads\/2025\/12\/Climbing-Wall-Holds-2.jpg","type":"image\/jpeg"}],"twitter_card":"summary_large_image","twitter_misc":{"Szacowany czas czytania":"5 minut"},"schema":{"@context":"https:\/\/schema.org","@graph":[{"@type":"WebPage","@id":"https:\/\/softplaysupply.com\/product\/climbing-wall-holds\/","url":"https:\/\/softplaysupply.com\/product\/climbing-wall-holds\/","name":"Wewn\u0119trzny plac zabaw Drewniana \u015bcianka wspinaczkowa do domu","isPartOf":{"@id":"https:\/\/softplaysupply.com\/#website"},"primaryImageOfPage":{"@id":"https:\/\/softplaysupply.com\/product\/climbing-wall-holds\/#primaryimage"},"image":{"@id":"https:\/\/softplaysupply.com\/product\/climbing-wall-holds\/#primaryimage"},"thumbnailUrl":"https:\/\/softplaysupply.com\/wp-content\/uploads\/2025\/12\/Climbing-Wall-Holds-2.jpg","datePublished":"2025-12-10T04:18:01+00:00","dateModified":"2025-12-10T04:20:16+00:00","breadcrumb":{"@id":"https:\/\/softplaysupply.com\/product\/climbing-wall-holds\/#breadcrumb"},"inLanguage":"pl-PL","potentialAction":[{"@type":"ReadAction","target":["https:\/\/softplaysupply.com\/product\/climbing-wall-holds\/"]}]},{"@type":"ImageObject","inLanguage":"pl-PL","@id":"https:\/\/softplaysupply.com\/product\/climbing-wall-holds\/#primaryimage","url":"https:\/\/softplaysupply.com\/wp-content\/uploads\/2025\/12\/Climbing-Wall-Holds-2.jpg","contentUrl":"https:\/\/softplaysupply.com\/wp-content\/uploads\/2025\/12\/Climbing-Wall-Holds-2.jpg","width":750,"height":750},{"@type":"BreadcrumbList","@id":"https:\/\/softplaysupply.com\/product\/climbing-wall-holds\/#breadcrumb","itemListElement":[{"@type":"ListItem","position":1,"name":"Home","item":"https:\/\/softplaysupply.com\/"},{"@type":"ListItem","position":2,"name":"Climbing Walls","item":"https:\/\/softplaysupply.com\/pcategory\/climbing-walls\/"},{"@type":"ListItem","position":3,"name":"Indoor Playground Children Rock Climbing Wall Holds for Sale"}]},{"@type":"WebSite","@id":"https:\/\/softplaysupply.com\/#website","url":"https:\/\/softplaysupply.com\/","name":"Dostawca mi\u0119kkich zabawek","description":"Dostawca mi\u0119kkich zabawek","publisher":{"@id":"https:\/\/softplaysupply.com\/#organization"},"potentialAction":[{"@type":"SearchAction","target":{"@type":"EntryPoint","urlTemplate":"https:\/\/softplaysupply.com\/?s={search_term_string}"},"query-input":{"@type":"PropertyValueSpecification","valueRequired":true,"valueName":"search_term_string"}}],"inLanguage":"pl-PL"},{"@type":"Organization","@id":"https:\/\/softplaysupply.com\/#organization","name":"Nanpak","url":"https:\/\/softplaysupply.com\/","logo":{"@type":"ImageObject","inLanguage":"pl-PL","@id":"https:\/\/softplaysupply.com\/#\/schema\/logo\/image\/","url":"https:\/\/softplaysupply.com\/wp-content\/uploads\/2025\/12\/cropped-mobile-logo.png","contentUrl":"https:\/\/softplaysupply.com\/wp-content\/uploads\/2025\/12\/cropped-mobile-logo.png","width":263,"height":84,"caption":"Nanpak"},"image":{"@id":"https:\/\/softplaysupply.com\/#\/schema\/logo\/image\/"}}]}},"taxonomy_info":{"pcategory":[{"value":16,"label":"Climbing Walls"}]},"featured_image_src_large":["https:\/\/softplaysupply.com\/wp-content\/uploads\/2025\/12\/Climbing-Wall-Holds-2.jpg",750,750,false],"author_info":[],"comment_info":"","_links":{"self":[{"href":"https:\/\/softplaysupply.com\/pl\/wp-json\/wp\/v2\/product\/3310","targetHints":{"allow":["GET"]}}],"collection":[{"href":"https:\/\/softplaysupply.com\/pl\/wp-json\/wp\/v2\/product"}],"about":[{"href":"https:\/\/softplaysupply.com\/pl\/wp-json\/wp\/v2\/types\/product"}],"wp:featuredmedia":[{"embeddable":true,"href":"https:\/\/softplaysupply.com\/pl\/wp-json\/wp\/v2\/media\/3313"}],"wp:attachment":[{"href":"https:\/\/softplaysupply.com\/pl\/wp-json\/wp\/v2\/media?parent=3310"}],"wp:term":[{"taxonomy":"pcategory","embeddable":true,"href":"https:\/\/softplaysupply.com\/pl\/wp-json\/wp\/v2\/pcategory?post=3310"},{"taxonomy":"ptag","embeddable":true,"href":"https:\/\/softplaysupply.com\/pl\/wp-json\/wp\/v2\/ptag?post=3310"}],"curies":[{"name":"wp","href":"https:\/\/api.w.org\/{rel}","templated":true}]}}