{"id":4309,"date":"2026-03-10T06:07:22","date_gmt":"2026-03-10T06:07:22","guid":{"rendered":"https:\/\/softplaysupply.com\/?post_type=product&#038;p=4309"},"modified":"2026-02-11T08:24:37","modified_gmt":"2026-02-11T08:24:37","slug":"kiddie-two-chairs-carousel-motorized-merry-go-round","status":"publish","type":"product","link":"https:\/\/softplaysupply.com\/fr\/produit\/kiddie-two-chairs-carousel-motorized-merry-go-round\/","title":{"rendered":"Carrousel motoris\u00e9 l\u00e9ger \u00e0 deux chaises pour enfants pour la maison de jeux int\u00e9rieure, le caf\u00e9 et l'aire de jeux"},"content":{"rendered":"<div style=\"background: white; padding: 45px; border-radius: 16px; box-shadow: 0 10px 35px rgba(0,0,0,0.08); border: 1px solid #ffc1e3;\">\n<p style=\"font-size: 30px; font-weight: bold; color: #c2185b; margin: 0 0 35px 0; text-align: center; letter-spacing: 0.5px; line-height: 1.3;\">Carrousel motoris\u00e9 l\u00e9ger \u00e0 deux chaises pour enfants pour la maison de jeux int\u00e9rieure, le caf\u00e9 et l'aire de jeux<\/p>\n<p style=\"font-size: 22px; font-weight: bold; color: #e91e63; margin: 0 0 30px 0; text-align: center; font-style: italic;\">Un jeu de rotation s\u00fbr, doux et riche en sensations pour les jeunes enfants<\/p>\n<p style=\"color: #4a5568; margin-bottom: 28px; font-size: 17px;\">Le carrousel motoris\u00e9 l\u00e9ger Kiddie Two Chairs Merry Go Round est une version moderne de l'\u00e9quipement classique d'aire de jeux, sp\u00e9cialement con\u00e7u pour les tout-petits et les jeunes enfants. Ce carrousel d'int\u00e9rieur compact et magnifiquement con\u00e7u combine une rotation excitante avec des normes de s\u00e9curit\u00e9 sup\u00e9rieures, ce qui en fait une pi\u00e8ce ma\u00eetresse parfaite pour les maisons de jeux, les caf\u00e9s pour enfants, les aires de jeux int\u00e9rieures, les cr\u00e8ches et les centres commerciaux.<\/p>\n<div style=\"width: 1280px;\" class=\"wp-video\"><video class=\"wp-video-shortcode\" id=\"video-4309-1\" width=\"1280\" height=\"720\" preload=\"metadata\" controls=\"controls\"><source type=\"video\/mp4\" src=\"https:\/\/softplaysupply.com\/wp-content\/uploads\/2026\/05\/Two-Chairs-Carousel-Motorized-Merry-Go-Round.mp4?_=1\" \/><a href=\"https:\/\/softplaysupply.com\/wp-content\/uploads\/2026\/05\/Two-Chairs-Carousel-Motorized-Merry-Go-Round.mp4\">https:\/\/softplaysupply.com\/wp-content\/uploads\/2026\/05\/Two-Chairs-Carousel-Motorized-Merry-Go-Round.mp4<\/a><\/video><\/div>\n<p style=\"color: #4a5568; margin-bottom: 28px; font-size: 17px;\">Contrairement aux tourniquets manuels traditionnels, ce man\u00e8ge motoris\u00e9 est dot\u00e9 d'un syst\u00e8me de rotation souple et contr\u00f4l\u00e9 qui garantit un mouvement stable et doux. La rotation \u00e0 basse vitesse, adapt\u00e9e aux enfants, procure des sensations fortes tout en garantissant un maximum de s\u00e9curit\u00e9 et de confort.<\/p>\n<p><img loading=\"lazy\" decoding=\"async\" class=\"alignnone size-full wp-image-4312\" src=\"https:\/\/softplaysupply.com\/wp-content\/uploads\/2026\/05\/Two-Chairs-Carousel-Motorized-Merry-Go-Round-1.jpg\" alt=\"Man\u00e8ge \u00e0 deux chaises motoris\u00e9 Merry Go Round\" width=\"800\" height=\"800\" srcset=\"https:\/\/softplaysupply.com\/wp-content\/uploads\/2026\/05\/Two-Chairs-Carousel-Motorized-Merry-Go-Round-1.jpg 800w, https:\/\/softplaysupply.com\/wp-content\/uploads\/2026\/05\/Two-Chairs-Carousel-Motorized-Merry-Go-Round-1-300x300.jpg 300w, https:\/\/softplaysupply.com\/wp-content\/uploads\/2026\/05\/Two-Chairs-Carousel-Motorized-Merry-Go-Round-1-150x150.jpg 150w, https:\/\/softplaysupply.com\/wp-content\/uploads\/2026\/05\/Two-Chairs-Carousel-Motorized-Merry-Go-Round-1-768x768.jpg 768w, https:\/\/softplaysupply.com\/wp-content\/uploads\/2026\/05\/Two-Chairs-Carousel-Motorized-Merry-Go-Round-1-12x12.jpg 12w\" sizes=\"auto, (max-width: 800px) 100vw, 800px\" \/> \u00a0<img loading=\"lazy\" decoding=\"async\" class=\"alignnone size-full wp-image-4314\" src=\"https:\/\/softplaysupply.com\/wp-content\/uploads\/2026\/05\/Two-Chairs-Carousel-Motorized-Merry-Go-Round-4.jpg\" alt=\"\" width=\"800\" height=\"800\" srcset=\"https:\/\/softplaysupply.com\/wp-content\/uploads\/2026\/05\/Two-Chairs-Carousel-Motorized-Merry-Go-Round-4.jpg 800w, https:\/\/softplaysupply.com\/wp-content\/uploads\/2026\/05\/Two-Chairs-Carousel-Motorized-Merry-Go-Round-4-300x300.jpg 300w, https:\/\/softplaysupply.com\/wp-content\/uploads\/2026\/05\/Two-Chairs-Carousel-Motorized-Merry-Go-Round-4-150x150.jpg 150w, https:\/\/softplaysupply.com\/wp-content\/uploads\/2026\/05\/Two-Chairs-Carousel-Motorized-Merry-Go-Round-4-768x768.jpg 768w, https:\/\/softplaysupply.com\/wp-content\/uploads\/2026\/05\/Two-Chairs-Carousel-Motorized-Merry-Go-Round-4-12x12.jpg 12w\" sizes=\"auto, (max-width: 800px) 100vw, 800px\" \/> <img loading=\"lazy\" decoding=\"async\" class=\"alignnone size-full wp-image-4315\" src=\"https:\/\/softplaysupply.com\/wp-content\/uploads\/2026\/05\/Two-Chairs-Carousel-Motorized-Merry-Go-Round-5.jpg\" alt=\"\" width=\"800\" height=\"800\" srcset=\"https:\/\/softplaysupply.com\/wp-content\/uploads\/2026\/05\/Two-Chairs-Carousel-Motorized-Merry-Go-Round-5.jpg 800w, https:\/\/softplaysupply.com\/wp-content\/uploads\/2026\/05\/Two-Chairs-Carousel-Motorized-Merry-Go-Round-5-300x300.jpg 300w, https:\/\/softplaysupply.com\/wp-content\/uploads\/2026\/05\/Two-Chairs-Carousel-Motorized-Merry-Go-Round-5-150x150.jpg 150w, https:\/\/softplaysupply.com\/wp-content\/uploads\/2026\/05\/Two-Chairs-Carousel-Motorized-Merry-Go-Round-5-768x768.jpg 768w, https:\/\/softplaysupply.com\/wp-content\/uploads\/2026\/05\/Two-Chairs-Carousel-Motorized-Merry-Go-Round-5-12x12.jpg 12w\" sizes=\"auto, (max-width: 800px) 100vw, 800px\" \/> <img loading=\"lazy\" decoding=\"async\" class=\"alignnone size-full wp-image-4316\" src=\"https:\/\/softplaysupply.com\/wp-content\/uploads\/2026\/05\/Two-Chairs-Carousel-Motorized-Merry-Go-Round-6.jpg\" alt=\"\" width=\"800\" height=\"800\" srcset=\"https:\/\/softplaysupply.com\/wp-content\/uploads\/2026\/05\/Two-Chairs-Carousel-Motorized-Merry-Go-Round-6.jpg 800w, https:\/\/softplaysupply.com\/wp-content\/uploads\/2026\/05\/Two-Chairs-Carousel-Motorized-Merry-Go-Round-6-300x300.jpg 300w, https:\/\/softplaysupply.com\/wp-content\/uploads\/2026\/05\/Two-Chairs-Carousel-Motorized-Merry-Go-Round-6-150x150.jpg 150w, https:\/\/softplaysupply.com\/wp-content\/uploads\/2026\/05\/Two-Chairs-Carousel-Motorized-Merry-Go-Round-6-768x768.jpg 768w, https:\/\/softplaysupply.com\/wp-content\/uploads\/2026\/05\/Two-Chairs-Carousel-Motorized-Merry-Go-Round-6-12x12.jpg 12w\" sizes=\"auto, (max-width: 800px) 100vw, 800px\" \/><\/p>\n<p style=\"font-size: 23px; font-weight: bold; color: #c2185b; margin: 50px 0 20px 0; border-bottom: 3px solid #f8bbd0; padding-bottom: 12px;\">Construction Soft Play de premi\u00e8re qualit\u00e9<\/p>\n<p style=\"color: #4a5568; margin-bottom: 25px; font-size: 17px;\">Chaque chaise rembourr\u00e9e de style seau est de forme ergonomique pour soutenir confortablement les jeunes cavaliers. Fabriqu\u00e9e en mousse haute densit\u00e9 et haute r\u00e9silience et recouverte de vinyle non toxique de qualit\u00e9 commerciale, la structure est tr\u00e8s performante :<\/p>\n<ul style=\"padding-left: 28px; color: #4a5568; margin-bottom: 30px; font-size: 17px; list-style-type: disc;\">\n<li style=\"margin-bottom: 12px;\">Protection douce au toucher<\/li>\n<li style=\"margin-bottom: 12px;\">Si\u00e8ge absorbant les chocs<\/li>\n<li style=\"margin-bottom: 12px;\">Surface facile \u00e0 nettoyer<\/li>\n<li style=\"margin-bottom: 12px;\">Durabilit\u00e9 \u00e0 long terme<\/li>\n<\/ul>\n<p style=\"color: #4a5568; margin-bottom: 28px; font-size: 17px;\">La structure interne renforc\u00e9e et la base rotative stable garantissent que ce man\u00e8ge motoris\u00e9 peut r\u00e9sister \u00e0 une utilisation commerciale fr\u00e9quente dans des environnements int\u00e9rieurs tr\u00e8s fr\u00e9quent\u00e9s.<\/p>\n<p style=\"font-size: 23px; font-weight: bold; color: #c2185b; margin: 50px 0 20px 0; border-bottom: 3px solid #f8bbd0; padding-bottom: 12px;\">Con\u00e7u pour la s\u00e9curit\u00e9 et la stabilit\u00e9<\/p>\n<p style=\"color: #4a5568; margin-bottom: 25px; font-size: 17px;\">La s\u00e9curit\u00e9 est au c\u0153ur de la conception de cet \u00e9quipement. Les caract\u00e9ristiques comprennent<\/p>\n<ul style=\"padding-left: 28px; color: #4a5568; margin-bottom: 30px; font-size: 17px; list-style-type: disc;\">\n<li style=\"margin-bottom: 12px;\">Si\u00e8ges enti\u00e8rement rembourr\u00e9s et cadre environnant<\/li>\n<li style=\"margin-bottom: 12px;\">Syst\u00e8me de rotation doux et discret<\/li>\n<li style=\"margin-bottom: 12px;\">Base antid\u00e9rapante stable<\/li>\n<li style=\"margin-bottom: 12px;\">Vitesse motoris\u00e9e contr\u00f4l\u00e9e<\/li>\n<li style=\"margin-bottom: 12px;\">Bords arrondis et mat\u00e9riaux sans danger pour les enfants<\/li>\n<\/ul>\n<p style=\"color: #4a5568; margin-bottom: 28px; font-size: 17px;\">La conception l\u00e9g\u00e8re permet \u00e9galement une installation et un d\u00e9placement plus faciles dans les espaces int\u00e9rieurs.<\/p>\n<p style=\"font-size: 23px; font-weight: bold; color: #c2185b; margin: 50px 0 20px 0; border-bottom: 3px solid #f8bbd0; padding-bottom: 12px;\">B\u00e9n\u00e9fices pour le d\u00e9veloppement et la soci\u00e9t\u00e9<\/p>\n<p style=\"color: #4a5568; margin-bottom: 25px; font-size: 17px;\">Au-del\u00e0 du divertissement, ce carrousel int\u00e9rieur promeut :<\/p>\n<ul style=\"padding-left: 28px; color: #4a5568; margin-bottom: 30px; font-size: 17px; list-style-type: disc;\">\n<li style=\"margin-bottom: 12px;\">D\u00e9veloppement sensoriel vestibulaire<\/li>\n<li style=\"margin-bottom: 12px;\">Comp\u00e9tences en mati\u00e8re d'\u00e9quilibre et de coordination<\/li>\n<li style=\"margin-bottom: 12px;\">Interaction sociale et prise de parole<\/li>\n<li style=\"margin-bottom: 12px;\">Renforcer la confiance en soi par le mouvement<\/li>\n<\/ul>\n<p style=\"color: #4a5568; margin-bottom: 28px; font-size: 17px;\">Le doux mouvement de rotation offre une exp\u00e9rience sensorielle attrayante qui favorise le d\u00e9veloppement de la petite enfance tout en divertissant les enfants.<\/p>\n<p style=\"font-size: 23px; font-weight: bold; color: #c2185b; margin: 50px 0 20px 0; border-bottom: 3px solid #f8bbd0; padding-bottom: 12px;\">Applications id\u00e9ales<\/p>\n<p style=\"color: #4a5568; margin-bottom: 25px; font-size: 17px;\">Ce man\u00e8ge motoris\u00e9 est parfait pour :<\/p>\n<ul style=\"padding-left: 28px; color: #4a5568; margin-bottom: 30px; font-size: 17px; list-style-type: disc;\">\n<li style=\"margin-bottom: 12px;\">Centres de jeux int\u00e9rieurs<\/li>\n<li style=\"margin-bottom: 12px;\">Caf\u00e9s pour enfants et lieux de divertissement pour les familles<\/li>\n<li style=\"margin-bottom: 12px;\">\u00c9coles maternelles et cr\u00e8ches<\/li>\n<li style=\"margin-bottom: 12px;\">Aires de jeux dans les centres commerciaux<\/li>\n<li style=\"margin-bottom: 12px;\">Entreprises de location de mat\u00e9riel de f\u00eate<\/li>\n<\/ul>\n<p style=\"color: #4a5568; margin-bottom: 28px; font-size: 17px;\">Ses options de couleurs vives et sa conception personnalisable lui permettent de s'adapter facilement aux diff\u00e9rents concepts de th\u00e8mes et aux besoins en mati\u00e8re d'image de marque.<\/p>\n<\/div>","protected":false},"excerpt":{"rendered":"<p>Le carrousel motoris\u00e9 l\u00e9ger \u00e0 deux chaises de Kiddie pour l'aire de jeux de la maison d'int\u00e9rieur Le carrousel motoris\u00e9 l\u00e9ger \u00e0 deux chaises de Kiddie pour l'aire de jeux de la maison d'int\u00e9rieur Le carrousel motoris\u00e9 l\u00e9ger \u00e0 deux chaises de Kiddie pour l'aire de jeux de la maison d'int\u00e9rieur est une am\u00e9lioration moderne de l'\u00e9quipement classique de l'aire de jeux, sp\u00e9cialement con\u00e7u pour les tout-petits et les jeunes enfants. Ce carrousel compact et...<\/p>","protected":false},"featured_media":4312,"parent":0,"template":"","meta":{"_acf_changed":false,"_kad_blocks_custom_css":"","_kad_blocks_head_custom_js":"","_kad_blocks_body_custom_js":"","_kad_blocks_footer_custom_js":"","_kadence_starter_templates_imported_post":false,"_kad_post_transparent":"default","_kad_post_title":"","_kad_post_layout":"default","_kad_post_sidebar_id":"","_kad_post_content_style":"default","_kad_post_vertical_padding":"default","_kad_post_feature":"","_kad_post_feature_position":"","_kad_post_header":false,"_kad_post_footer":false},"pcategory":[37,19],"ptag":[],"class_list":["post-4309","product","type-product","status-publish","has-post-thumbnail","hentry","pcategory-indoor-play-set","pcategory-merry-go-round"],"acf":[],"yoast_head":"<!-- This site is optimized with the Yoast SEO plugin v26.8 - https:\/\/yoast.com\/product\/yoast-seo-wordpress\/ -->\n<title>Light Weight Kiddie Two Chairs Carousel Motorized Merry Go Round for Indoor Playhouse Cafe Playground<\/title>\n<meta name=\"robots\" content=\"index, follow, max-snippet:-1, max-image-preview:large, max-video-preview:-1\" \/>\n<link rel=\"canonical\" href=\"https:\/\/softplaysupply.com\/fr\/produit\/kiddie-two-chairs-carousel-motorized-merry-go-round\/\" \/>\n<meta property=\"og:locale\" content=\"fr_FR\" \/>\n<meta property=\"og:type\" content=\"article\" \/>\n<meta property=\"og:title\" content=\"Light Weight Kiddie Two Chairs Carousel Motorized Merry Go Round for Indoor Playhouse Cafe Playground\" \/>\n<meta property=\"og:description\" content=\"Light Weight Kiddie Two Chairs Carousel Motorized Merry Go Round for Indoor Playhouse Cafe Playground Safe, Smooth &amp; Sensory-Rich Spinning Fun for Young Children The Light Weight Kiddie Two Chairs Carousel Motorized Merry Go Round is a modern upgrade of the classic spinning playground equipment, specially designed for toddlers and young children. This compact and...\" \/>\n<meta property=\"og:url\" content=\"https:\/\/softplaysupply.com\/fr\/produit\/kiddie-two-chairs-carousel-motorized-merry-go-round\/\" \/>\n<meta property=\"og:site_name\" content=\"Nanpak\" \/>\n<meta property=\"og:image\" content=\"https:\/\/softplaysupply.com\/wp-content\/uploads\/2026\/05\/Two-Chairs-Carousel-Motorized-Merry-Go-Round-1.jpg\" \/>\n\t<meta property=\"og:image:width\" content=\"800\" \/>\n\t<meta property=\"og:image:height\" content=\"800\" \/>\n\t<meta property=\"og:image:type\" content=\"image\/jpeg\" \/>\n<meta name=\"twitter:card\" content=\"summary_large_image\" \/>\n<meta name=\"twitter:label1\" content=\"Dur\u00e9e de lecture estim\u00e9e\" \/>\n\t<meta name=\"twitter:data1\" content=\"3 minutes\" \/>\n<script type=\"application\/ld+json\" class=\"yoast-schema-graph\">{\"@context\":\"https:\/\/schema.org\",\"@graph\":[{\"@type\":\"WebPage\",\"@id\":\"https:\/\/softplaysupply.com\/product\/kiddie-two-chairs-carousel-motorized-merry-go-round\/\",\"url\":\"https:\/\/softplaysupply.com\/product\/kiddie-two-chairs-carousel-motorized-merry-go-round\/\",\"name\":\"Light Weight Kiddie Two Chairs Carousel Motorized Merry Go Round for Indoor Playhouse Cafe Playground\",\"isPartOf\":{\"@id\":\"https:\/\/softplaysupply.com\/#website\"},\"primaryImageOfPage\":{\"@id\":\"https:\/\/softplaysupply.com\/product\/kiddie-two-chairs-carousel-motorized-merry-go-round\/#primaryimage\"},\"image\":{\"@id\":\"https:\/\/softplaysupply.com\/product\/kiddie-two-chairs-carousel-motorized-merry-go-round\/#primaryimage\"},\"thumbnailUrl\":\"https:\/\/softplaysupply.com\/wp-content\/uploads\/2026\/05\/Two-Chairs-Carousel-Motorized-Merry-Go-Round-1.jpg\",\"datePublished\":\"2026-03-10T06:07:22+00:00\",\"breadcrumb\":{\"@id\":\"https:\/\/softplaysupply.com\/product\/kiddie-two-chairs-carousel-motorized-merry-go-round\/#breadcrumb\"},\"inLanguage\":\"fr-FR\",\"potentialAction\":[{\"@type\":\"ReadAction\",\"target\":[\"https:\/\/softplaysupply.com\/product\/kiddie-two-chairs-carousel-motorized-merry-go-round\/\"]}]},{\"@type\":\"ImageObject\",\"inLanguage\":\"fr-FR\",\"@id\":\"https:\/\/softplaysupply.com\/product\/kiddie-two-chairs-carousel-motorized-merry-go-round\/#primaryimage\",\"url\":\"https:\/\/softplaysupply.com\/wp-content\/uploads\/2026\/05\/Two-Chairs-Carousel-Motorized-Merry-Go-Round-1.jpg\",\"contentUrl\":\"https:\/\/softplaysupply.com\/wp-content\/uploads\/2026\/05\/Two-Chairs-Carousel-Motorized-Merry-Go-Round-1.jpg\",\"width\":800,\"height\":800,\"caption\":\"Two Chairs Carousel Motorized Merry Go Round\"},{\"@type\":\"BreadcrumbList\",\"@id\":\"https:\/\/softplaysupply.com\/product\/kiddie-two-chairs-carousel-motorized-merry-go-round\/#breadcrumb\",\"itemListElement\":[{\"@type\":\"ListItem\",\"position\":1,\"name\":\"Home\",\"item\":\"https:\/\/softplaysupply.com\/\"},{\"@type\":\"ListItem\",\"position\":2,\"name\":\"Merry Go Round\",\"item\":\"https:\/\/softplaysupply.com\/pcategory\/merry-go-round\/\"},{\"@type\":\"ListItem\",\"position\":3,\"name\":\"Light Weight Kiddie Two Chairs Carousel Motorized Merry Go Round for Indoor Playhouse Cafe Playground\"}]},{\"@type\":\"WebSite\",\"@id\":\"https:\/\/softplaysupply.com\/#website\",\"url\":\"https:\/\/softplaysupply.com\/\",\"name\":\"Soft Play Supplier\",\"description\":\"Soft Play Supplier\",\"publisher\":{\"@id\":\"https:\/\/softplaysupply.com\/#organization\"},\"potentialAction\":[{\"@type\":\"SearchAction\",\"target\":{\"@type\":\"EntryPoint\",\"urlTemplate\":\"https:\/\/softplaysupply.com\/?s={search_term_string}\"},\"query-input\":{\"@type\":\"PropertyValueSpecification\",\"valueRequired\":true,\"valueName\":\"search_term_string\"}}],\"inLanguage\":\"fr-FR\"},{\"@type\":\"Organization\",\"@id\":\"https:\/\/softplaysupply.com\/#organization\",\"name\":\"Nanpak\",\"url\":\"https:\/\/softplaysupply.com\/\",\"logo\":{\"@type\":\"ImageObject\",\"inLanguage\":\"fr-FR\",\"@id\":\"https:\/\/softplaysupply.com\/#\/schema\/logo\/image\/\",\"url\":\"https:\/\/softplaysupply.com\/wp-content\/uploads\/2025\/12\/cropped-mobile-logo.png\",\"contentUrl\":\"https:\/\/softplaysupply.com\/wp-content\/uploads\/2025\/12\/cropped-mobile-logo.png\",\"width\":263,\"height\":84,\"caption\":\"Nanpak\"},\"image\":{\"@id\":\"https:\/\/softplaysupply.com\/#\/schema\/logo\/image\/\"}}]}<\/script>\n<!-- \/ Yoast SEO plugin. -->","yoast_head_json":{"title":"Carrousel motoris\u00e9 l\u00e9ger \u00e0 deux chaises pour enfants pour la maison de jeux int\u00e9rieure, le caf\u00e9 et l'aire de jeux","robots":{"index":"index","follow":"follow","max-snippet":"max-snippet:-1","max-image-preview":"max-image-preview:large","max-video-preview":"max-video-preview:-1"},"canonical":"https:\/\/softplaysupply.com\/fr\/produit\/kiddie-two-chairs-carousel-motorized-merry-go-round\/","og_locale":"fr_FR","og_type":"article","og_title":"Light Weight Kiddie Two Chairs Carousel Motorized Merry Go Round for Indoor Playhouse Cafe Playground","og_description":"Light Weight Kiddie Two Chairs Carousel Motorized Merry Go Round for Indoor Playhouse Cafe Playground Safe, Smooth &amp; Sensory-Rich Spinning Fun for Young Children The Light Weight Kiddie Two Chairs Carousel Motorized Merry Go Round is a modern upgrade of the classic spinning playground equipment, specially designed for toddlers and young children. This compact and...","og_url":"https:\/\/softplaysupply.com\/fr\/produit\/kiddie-two-chairs-carousel-motorized-merry-go-round\/","og_site_name":"Nanpak","og_image":[{"width":800,"height":800,"url":"https:\/\/softplaysupply.com\/wp-content\/uploads\/2026\/05\/Two-Chairs-Carousel-Motorized-Merry-Go-Round-1.jpg","type":"image\/jpeg"}],"twitter_card":"summary_large_image","twitter_misc":{"Dur\u00e9e de lecture estim\u00e9e":"3 minutes"},"schema":{"@context":"https:\/\/schema.org","@graph":[{"@type":"WebPage","@id":"https:\/\/softplaysupply.com\/product\/kiddie-two-chairs-carousel-motorized-merry-go-round\/","url":"https:\/\/softplaysupply.com\/product\/kiddie-two-chairs-carousel-motorized-merry-go-round\/","name":"Carrousel motoris\u00e9 l\u00e9ger \u00e0 deux chaises pour enfants pour la maison de jeux int\u00e9rieure, le caf\u00e9 et l'aire de jeux","isPartOf":{"@id":"https:\/\/softplaysupply.com\/#website"},"primaryImageOfPage":{"@id":"https:\/\/softplaysupply.com\/product\/kiddie-two-chairs-carousel-motorized-merry-go-round\/#primaryimage"},"image":{"@id":"https:\/\/softplaysupply.com\/product\/kiddie-two-chairs-carousel-motorized-merry-go-round\/#primaryimage"},"thumbnailUrl":"https:\/\/softplaysupply.com\/wp-content\/uploads\/2026\/05\/Two-Chairs-Carousel-Motorized-Merry-Go-Round-1.jpg","datePublished":"2026-03-10T06:07:22+00:00","breadcrumb":{"@id":"https:\/\/softplaysupply.com\/product\/kiddie-two-chairs-carousel-motorized-merry-go-round\/#breadcrumb"},"inLanguage":"fr-FR","potentialAction":[{"@type":"ReadAction","target":["https:\/\/softplaysupply.com\/product\/kiddie-two-chairs-carousel-motorized-merry-go-round\/"]}]},{"@type":"ImageObject","inLanguage":"fr-FR","@id":"https:\/\/softplaysupply.com\/product\/kiddie-two-chairs-carousel-motorized-merry-go-round\/#primaryimage","url":"https:\/\/softplaysupply.com\/wp-content\/uploads\/2026\/05\/Two-Chairs-Carousel-Motorized-Merry-Go-Round-1.jpg","contentUrl":"https:\/\/softplaysupply.com\/wp-content\/uploads\/2026\/05\/Two-Chairs-Carousel-Motorized-Merry-Go-Round-1.jpg","width":800,"height":800,"caption":"Two Chairs Carousel Motorized Merry Go Round"},{"@type":"BreadcrumbList","@id":"https:\/\/softplaysupply.com\/product\/kiddie-two-chairs-carousel-motorized-merry-go-round\/#breadcrumb","itemListElement":[{"@type":"ListItem","position":1,"name":"Home","item":"https:\/\/softplaysupply.com\/"},{"@type":"ListItem","position":2,"name":"Merry Go Round","item":"https:\/\/softplaysupply.com\/pcategory\/merry-go-round\/"},{"@type":"ListItem","position":3,"name":"Light Weight Kiddie Two Chairs Carousel Motorized Merry Go Round for Indoor Playhouse Cafe Playground"}]},{"@type":"WebSite","@id":"https:\/\/softplaysupply.com\/#website","url":"https:\/\/softplaysupply.com\/","name":"Fournisseur de jeux souples","description":"Fournisseur de jeux souples","publisher":{"@id":"https:\/\/softplaysupply.com\/#organization"},"potentialAction":[{"@type":"SearchAction","target":{"@type":"EntryPoint","urlTemplate":"https:\/\/softplaysupply.com\/?s={search_term_string}"},"query-input":{"@type":"PropertyValueSpecification","valueRequired":true,"valueName":"search_term_string"}}],"inLanguage":"fr-FR"},{"@type":"Organization","@id":"https:\/\/softplaysupply.com\/#organization","name":"Nanpak","url":"https:\/\/softplaysupply.com\/","logo":{"@type":"ImageObject","inLanguage":"fr-FR","@id":"https:\/\/softplaysupply.com\/#\/schema\/logo\/image\/","url":"https:\/\/softplaysupply.com\/wp-content\/uploads\/2025\/12\/cropped-mobile-logo.png","contentUrl":"https:\/\/softplaysupply.com\/wp-content\/uploads\/2025\/12\/cropped-mobile-logo.png","width":263,"height":84,"caption":"Nanpak"},"image":{"@id":"https:\/\/softplaysupply.com\/#\/schema\/logo\/image\/"}}]}},"taxonomy_info":{"pcategory":[{"value":37,"label":"Indoor Play Set"},{"value":19,"label":"Merry Go Round"}]},"featured_image_src_large":["https:\/\/softplaysupply.com\/wp-content\/uploads\/2026\/05\/Two-Chairs-Carousel-Motorized-Merry-Go-Round-1.jpg",800,800,false],"author_info":[],"comment_info":"","_links":{"self":[{"href":"https:\/\/softplaysupply.com\/fr\/wp-json\/wp\/v2\/product\/4309","targetHints":{"allow":["GET"]}}],"collection":[{"href":"https:\/\/softplaysupply.com\/fr\/wp-json\/wp\/v2\/product"}],"about":[{"href":"https:\/\/softplaysupply.com\/fr\/wp-json\/wp\/v2\/types\/product"}],"wp:featuredmedia":[{"embeddable":true,"href":"https:\/\/softplaysupply.com\/fr\/wp-json\/wp\/v2\/media\/4312"}],"wp:attachment":[{"href":"https:\/\/softplaysupply.com\/fr\/wp-json\/wp\/v2\/media?parent=4309"}],"wp:term":[{"taxonomy":"pcategory","embeddable":true,"href":"https:\/\/softplaysupply.com\/fr\/wp-json\/wp\/v2\/pcategory?post=4309"},{"taxonomy":"ptag","embeddable":true,"href":"https:\/\/softplaysupply.com\/fr\/wp-json\/wp\/v2\/ptag?post=4309"}],"curies":[{"name":"wp","href":"https:\/\/api.w.org\/{rel}","templated":true}]}}