{"id":4037,"date":"2026-04-23T03:18:01","date_gmt":"2026-04-23T03:18:01","guid":{"rendered":"https:\/\/softplaysupply.com\/?post_type=product&#038;p=4037"},"modified":"2026-01-23T04:05:11","modified_gmt":"2026-01-23T04:05:11","slug":"indoor-trampoline-park-with-ocean-ball-pool","status":"publish","type":"product","link":"https:\/\/softplaysupply.com\/fr\/produit\/indoor-trampoline-park-with-ocean-ball-pool\/","title":{"rendered":"Parc \u00e0 trampolines int\u00e9rieur avec piscine \u00e0 boules pour enfants"},"content":{"rendered":"<div style=\"background: white; border-radius: 16px; box-shadow: 0 8px 30px rgba(0,0,0,0.08); padding: 40px 35px; border: 1px solid #e0e7ff;\">\n<div style=\"text-align: center; margin-bottom: 35px; padding-bottom: 25px; border-bottom: 3px solid #6366f1;\">\n<div style=\"font-size: 32px; font-weight: 800; color: #4f46e5; letter-spacing: -0.5px;\">Parc \u00e0 trampolines personnalis\u00e9 tout-en-un avec piscine \u00e0 boules oc\u00e9aniques - Stimuler l'engagement dans les aires de jeux int\u00e9rieures pour enfants<\/div>\n<\/div>\n<div style=\"margin-bottom: 40px;\">\n<div style=\"font-size: 24px; font-weight: bold; color: #1e40af; margin-bottom: 18px;\"><span style=\"color: #374151; font-size: 16px; font-weight: normal;\">Le saut personnalis\u00e9 <a href=\"https:\/\/softplaysupply.com\/fr\/pcategory\/indoor-playground-equipment\/indoor-trampoline\/\" data-internallinksmanager029f6b8e52c=\"6\" title=\"trampoline d&#039;int\u00e9rieur\" target=\"_blank\" rel=\"noopener\">Trampoline d'int\u00e9rieur<\/a> Park with Ocean Ball Pool est une solution d'aire de jeux int\u00e9rieure de qualit\u00e9 commerciale sp\u00e9cialement con\u00e7ue pour les enfants et les centres de loisirs familiaux. En combinant un parc de trampolines \u00e9nergique avec une piscine interactive \u00e0 boules oc\u00e9aniques, cette aire de jeux cr\u00e9e un environnement de jeu tr\u00e8s attrayant qui encourage le jeu actif, l'exploration sensorielle et l'engagement durable des clients. <\/span><span style=\"color: #374151; font-size: 16px; font-weight: normal;\">Ce parc \u00e0 trampolines avec piscine \u00e0 boules oc\u00e9aniques est id\u00e9al pour les centres commerciaux, les aires de jeux int\u00e9rieures, les centres de divertissement familial et les lieux d'activit\u00e9s pour enfants qui cherchent \u00e0 augmenter la fr\u00e9quentation et le temps de jeu.<\/span><\/div>\n<div><img loading=\"lazy\" decoding=\"async\" class=\"alignnone size-full wp-image-4045\" src=\"https:\/\/softplaysupply.com\/wp-content\/uploads\/2026\/04\/Indoor-Trampoline-Parks-with-Pool-4.jpg\" alt=\"\" width=\"750\" height=\"562\" srcset=\"https:\/\/softplaysupply.com\/wp-content\/uploads\/2026\/04\/Indoor-Trampoline-Parks-with-Pool-4.jpg 750w, https:\/\/softplaysupply.com\/wp-content\/uploads\/2026\/04\/Indoor-Trampoline-Parks-with-Pool-4-300x225.jpg 300w, https:\/\/softplaysupply.com\/wp-content\/uploads\/2026\/04\/Indoor-Trampoline-Parks-with-Pool-4-16x12.jpg 16w\" sizes=\"auto, (max-width: 750px) 100vw, 750px\" \/><\/div>\n<div><img loading=\"lazy\" decoding=\"async\" class=\"alignnone size-full wp-image-4043\" src=\"https:\/\/softplaysupply.com\/wp-content\/uploads\/2026\/04\/Indoor-Trampoline-Parks-with-Pool-1.jpg\" alt=\"\" width=\"750\" height=\"1136\" srcset=\"https:\/\/softplaysupply.com\/wp-content\/uploads\/2026\/04\/Indoor-Trampoline-Parks-with-Pool-1.jpg 750w, https:\/\/softplaysupply.com\/wp-content\/uploads\/2026\/04\/Indoor-Trampoline-Parks-with-Pool-1-198x300.jpg 198w, https:\/\/softplaysupply.com\/wp-content\/uploads\/2026\/04\/Indoor-Trampoline-Parks-with-Pool-1-676x1024.jpg 676w, https:\/\/softplaysupply.com\/wp-content\/uploads\/2026\/04\/Indoor-Trampoline-Parks-with-Pool-1-8x12.jpg 8w\" sizes=\"auto, (max-width: 750px) 100vw, 750px\" \/> <img loading=\"lazy\" decoding=\"async\" class=\"alignnone size-full wp-image-4044\" src=\"https:\/\/softplaysupply.com\/wp-content\/uploads\/2026\/04\/Indoor-Trampoline-Parks-with-Pool-3.jpg\" alt=\"\" width=\"750\" height=\"563\" srcset=\"https:\/\/softplaysupply.com\/wp-content\/uploads\/2026\/04\/Indoor-Trampoline-Parks-with-Pool-3.jpg 750w, https:\/\/softplaysupply.com\/wp-content\/uploads\/2026\/04\/Indoor-Trampoline-Parks-with-Pool-3-300x225.jpg 300w, https:\/\/softplaysupply.com\/wp-content\/uploads\/2026\/04\/Indoor-Trampoline-Parks-with-Pool-3-16x12.jpg 16w\" sizes=\"auto, (max-width: 750px) 100vw, 750px\" \/><\/div>\n<\/div>\n<div style=\"margin-bottom: 40px;\">\n<div style=\"font-size: 24px; font-weight: bold; color: #1e40af; margin-bottom: 18px;\">Caract\u00e9ristiques principales du parc \u00e0 trampolines avec piscine \u00e0 boules oc\u00e9aniques<\/div>\n<div style=\"margin: 30px 0 20px;\">\n<div style=\"font-size: 20px; font-weight: bold; color: #4338ca;\">1. Parc \u00e0 trampolines int\u00e9gr\u00e9 \u00e0 la piscine Ocean Ball<\/div>\n<div style=\"margin-top: 12px; color: #374151;\">\n<p>Cette aire de jeux int\u00e8gre de mani\u00e8re transparente une zone de saut dynamique en trampoline et une zone de piscine \u00e0 boules color\u00e9es. Les enfants peuvent sauter, plonger, ramper et explorer librement, cr\u00e9ant ainsi une exp\u00e9rience de jeu plus riche que dans les parcs \u00e0 trampolines traditionnels.<\/p>\n<ul style=\"margin: 14px 0 0 25px; padding: 0; list-style-type: disc; color: #4b5563;\">\n<li>Tapis de saut \u00e0 haute \u00e9lasticit\u00e9 pour rebondir en toute s\u00e9curit\u00e9 et de mani\u00e8re \u00e9nergique<\/li>\n<li>Piscine \u00e0 boules de grande capacit\u00e9 aux couleurs vives et attrayantes<\/li>\n<li>Transitions douces entre la zone de trampolines et la zone de piscine \u00e0 balles<\/li>\n<\/ul>\n<p>La conception du parc \u00e0 trampolines avec piscine \u00e0 boules oc\u00e9aniques am\u00e9liore consid\u00e9rablement la diversit\u00e9 des jeux et les visites r\u00e9p\u00e9t\u00e9es.<\/p>\n<\/div>\n<\/div>\n<div style=\"margin: 30px 0 20px;\">\n<div style=\"font-size: 20px; font-weight: bold; color: #4338ca;\">2. Conception sur mesure pour les aires de jeux pour enfants<\/div>\n<div style=\"margin-top: 12px; color: #374151;\">\n<p>Chaque parc \u00e0 trampolines int\u00e9rieur avec piscine \u00e0 boules oc\u00e9aniques est enti\u00e8rement personnalis\u00e9 en fonction des besoins :<\/p>\n<ul style=\"margin: 14px 0 0 25px; padding: 0; list-style-type: disc; color: #4b5563;\">\n<li>Taille de la salle et hauteur du plafond<\/li>\n<li>Groupe d'\u00e2ge cible (enfants en bas \u00e2ge, enfants, ou \u00e2ges mixtes)<\/li>\n<li>Th\u00e8me, sch\u00e9ma de couleurs et exigences en mati\u00e8re d'image de marque<\/li>\n<\/ul>\n<p>Les concepteurs professionnels fournissent des plans d'am\u00e9nagement et des dessins en 3D pour garantir une utilisation optimale de l'espace et des flux de circulation.<\/p>\n<\/div>\n<\/div>\n<div style=\"margin: 30px 0 20px;\">\n<div style=\"font-size: 20px; font-weight: bold; color: #4338ca;\">3. Structure et mat\u00e9riaux de qualit\u00e9 commerciale<\/div>\n<div style=\"margin-top: 12px; color: #374151;\">\n<p>Construit pour une utilisation commerciale fr\u00e9quente, ce parc \u00e0 trampolines avec piscine \u00e0 boules oc\u00e9aniques pr\u00e9sente les caract\u00e9ristiques suivantes :<\/p>\n<ul style=\"margin: 14px 0 0 25px; padding: 0; list-style-type: disc; color: #4b5563;\">\n<li>Cadre en acier galvanis\u00e9 tr\u00e8s r\u00e9sistant<\/li>\n<li>Ressorts de trampoline durables et toile de saut de premi\u00e8re qualit\u00e9<\/li>\n<li>Rembourrage \u00e9pais en mousse et protection souple des bords<\/li>\n<li>Boules oc\u00e9aniques de haute qualit\u00e9 fabriqu\u00e9es \u00e0 partir de mat\u00e9riaux non toxiques et respectueux de l'environnement<\/li>\n<\/ul>\n<p>Tous les composants sont con\u00e7us pour un fonctionnement \u00e0 long terme et une maintenance minimale.<\/p>\n<\/div>\n<\/div>\n<div style=\"margin: 30px 0 20px;\">\n<div style=\"font-size: 20px; font-weight: bold; color: #4338ca;\">4. Des normes de s\u00e9curit\u00e9 \u00e9lev\u00e9es pour les enfants<\/div>\n<div style=\"margin-top: 12px; color: #374151;\">\n<p>La s\u00e9curit\u00e9 est une priorit\u00e9 absolue dans tous les parcs \u00e0 trampolines avec Ocean Ball Pool :<\/p>\n<ul style=\"margin: 14px 0 0 25px; padding: 0; list-style-type: disc; color: #4b5563;\">\n<li>Filet de s\u00e9curit\u00e9 enti\u00e8rement ferm\u00e9<\/li>\n<li>Protection en mousse absorbant les chocs<\/li>\n<li>Bords arrondis et connexions renforc\u00e9es<\/li>\n<li>Surfaces antid\u00e9rapantes dans les principales aires de jeux<\/li>\n<\/ul>\n<p>La structure est con\u00e7ue pour r\u00e9pondre aux exigences internationales en mati\u00e8re de s\u00e9curit\u00e9 des aires de jeux commerciales.<\/p>\n<\/div>\n<\/div>\n<div style=\"margin: 30px 0 20px;\">\n<div style=\"font-size: 20px; font-weight: bold; color: #4338ca;\">5. Forme, plaisir et d\u00e9veloppement sensoriel<\/div>\n<div style=\"margin-top: 12px; color: #374151;\">\n<p>La combinaison de sauts sur trampoline et de jeux de balles dans l'oc\u00e9an aide les enfants :<\/p>\n<ul style=\"margin: 14px 0 0 25px; padding: 0; list-style-type: disc; color: #4b5563;\">\n<li>Am\u00e9liorer l'\u00e9quilibre, la coordination et la force musculaire<\/li>\n<li>Am\u00e9liorer la perception sensorielle et le contr\u00f4le du corps<\/li>\n<li>Lib\u00e9rer de l'\u00e9nergie dans un environnement s\u00fbr et contr\u00f4l\u00e9<\/li>\n<\/ul>\n<p>Le parc de trampolines avec piscine \u00e0 balles de mer est donc \u00e0 la fois une attraction de divertissement et un espace de d\u00e9veloppement physique.<\/p>\n<\/div>\n<\/div>\n<\/div>\n<div style=\"margin: 40px 0;\">\n<div style=\"font-size: 24px; font-weight: bold; color: #1e40af; margin-bottom: 18px;\">Sc\u00e9narios d'application<\/div>\n<div style=\"color: #374151;\">\n<p>Le parc \u00e0 trampolines Custom Jump Indoor Trampoline Park avec Ocean Ball Pool est largement utilis\u00e9 dans :<\/p>\n<ul style=\"margin: 14px 0 0 25px; padding: 0; list-style-type: disc; color: #4b5563;\">\n<li>Aires de jeux int\u00e9rieures pour enfants<\/li>\n<li>Zones de divertissement dans les centres commerciaux<\/li>\n<li>Centres de divertissement familial (FEC)<\/li>\n<li>Centres d'activit\u00e9s et de sports pour enfants<\/li>\n<li>Projets commerciaux d'aires de jeux int\u00e9rieures<\/li>\n<\/ul>\n<\/div>\n<\/div>\n<div style=\"margin: 40px 0;\">\n<div style=\"font-size: 24px; font-weight: bold; color: #1e40af; margin-bottom: 18px;\">Une solution unique pour les parcs \u00e0 trampolines<\/div>\n<div style=\"color: #374151;\">\n<p>Nous proposons une solution compl\u00e8te de parc \u00e0 trampolines et de piscine \u00e0 boules oc\u00e9aniques, y compris :<\/p>\n<ul style=\"margin: 14px 0 0 25px; padding: 0; list-style-type: disc; color: #4b5563;\">\n<li>Conception et am\u00e9nagement de l'espace<\/li>\n<li>Production sur mesure et contr\u00f4le de la qualit\u00e9<\/li>\n<li>Emballage, livraison et conseils d'installation<\/li>\n<li>Assistance technique apr\u00e8s-vente<\/li>\n<\/ul>\n<\/div>\n<\/div>\n<div style=\"margin-top: 40px; padding-top: 30px; border-top: 2px dashed #c7d2fe;\">\n<div style=\"font-size: 24px; font-weight: bold; color: #1e40af; margin-bottom: 18px;\">Pourquoi choisir ce parc de trampolines avec piscine \u00e0 boules oc\u00e9aniques ?<\/div>\n<ul style=\"margin: 14px 0 0 25px; padding: 0; list-style-type: none; color: #374151;\">\n<li style=\"margin-bottom: 12px; position: relative; padding-left: 30px;\">\u2022 <span style=\"color: #6366f1; font-weight: 600;\">Un attrait visuel \u00e9lev\u00e9<\/span> qui attire les enfants et les parents<\/li>\n<li style=\"margin-bottom: 12px; position: relative; padding-left: 30px;\">\u2022 <span style=\"color: #6366f1; font-weight: 600;\">Augmentation de la valeur ludique<\/span> par rapport aux parcs de trampolines standard<\/li>\n<li style=\"margin-bottom: 12px; position: relative; padding-left: 30px;\">\u2022 <span style=\"color: #6366f1; font-weight: 600;\">Conception personnalisable<\/span> pour diff\u00e9rents espaces commerciaux<\/li>\n<li style=\"position: relative; padding-left: 30px;\">\u2022 <span style=\"color: #6366f1; font-weight: 600;\">Une structure \u00e9prouv\u00e9e<\/span> pour une exploitation commerciale \u00e0 long terme<\/li>\n<\/ul>\n<\/div>\n<\/div>","protected":false},"excerpt":{"rendered":"<p>Parc \u00e0 trampolines int\u00e9rieur con\u00e7u sur mesure avec piscine \u00e0 boules oc\u00e9aniques pour les aires de jeux pour enfants et les centres de loisirs familiaux. Structure de qualit\u00e9 commerciale, normes de s\u00e9curit\u00e9 \u00e9lev\u00e9es et design attrayant pour un fonctionnement \u00e0 long terme.<\/p>","protected":false},"featured_media":4041,"parent":0,"template":"","meta":{"_acf_changed":false,"_kad_blocks_custom_css":"","_kad_blocks_head_custom_js":"","_kad_blocks_body_custom_js":"","_kad_blocks_footer_custom_js":"","_kadence_starter_templates_imported_post":false,"_kad_post_transparent":"default","_kad_post_title":"","_kad_post_layout":"default","_kad_post_sidebar_id":"","_kad_post_content_style":"default","_kad_post_vertical_padding":"default","_kad_post_feature":"","_kad_post_feature_position":"","_kad_post_header":false,"_kad_post_footer":false},"pcategory":[5,35],"ptag":[],"class_list":["post-4037","product","type-product","status-publish","has-post-thumbnail","hentry","pcategory-indoor-playground-equipment","pcategory-indoor-trampoline"],"acf":[],"yoast_head":"<!-- This site is optimized with the Yoast SEO plugin v27.4 - https:\/\/yoast.com\/product\/yoast-seo-wordpress\/ -->\n<title>Custom Indoor Jump Arena Trampoline Park with Ocean Ball Pool for Children Playground<\/title>\n<meta name=\"description\" content=\"Custom-designed indoor trampoline park with ocean ball pool for children playgrounds and family entertainment centers. Commercial-grade structure, high safety standards, and attractive design for long-term operation.\" \/>\n<meta name=\"robots\" content=\"index, follow, max-snippet:-1, max-image-preview:large, max-video-preview:-1\" \/>\n<link rel=\"canonical\" href=\"https:\/\/softplaysupply.com\/fr\/produit\/indoor-trampoline-park-with-ocean-ball-pool\/\" \/>\n<meta property=\"og:locale\" content=\"fr_FR\" \/>\n<meta property=\"og:type\" content=\"article\" \/>\n<meta property=\"og:title\" content=\"Custom Indoor Jump Arena Trampoline Park with Ocean Ball Pool for Children Playground\" \/>\n<meta property=\"og:description\" content=\"Custom-designed indoor trampoline park with ocean ball pool for children playgrounds and family entertainment centers. Commercial-grade structure, high safety standards, and attractive design for long-term operation.\" \/>\n<meta property=\"og:url\" content=\"https:\/\/softplaysupply.com\/fr\/produit\/indoor-trampoline-park-with-ocean-ball-pool\/\" \/>\n<meta property=\"og:site_name\" content=\"Nanpak\" \/>\n<meta property=\"og:image\" content=\"https:\/\/softplaysupply.com\/wp-content\/uploads\/2026\/04\/Trampoline-Park-with-Ocean-Ball-Pool-1.jpg\" \/>\n\t<meta property=\"og:image:width\" content=\"800\" \/>\n\t<meta property=\"og:image:height\" content=\"800\" \/>\n\t<meta property=\"og:image:type\" content=\"image\/jpeg\" \/>\n<meta name=\"twitter:card\" content=\"summary_large_image\" \/>\n<meta name=\"twitter:label1\" content=\"Dur\u00e9e de lecture estim\u00e9e\" \/>\n\t<meta name=\"twitter:data1\" content=\"4 minutes\" \/>\n<script type=\"application\/ld+json\" class=\"yoast-schema-graph\">{\"@context\":\"https:\\\/\\\/schema.org\",\"@graph\":[{\"@type\":\"WebPage\",\"@id\":\"https:\\\/\\\/softplaysupply.com\\\/product\\\/indoor-trampoline-park-with-ocean-ball-pool\\\/\",\"url\":\"https:\\\/\\\/softplaysupply.com\\\/product\\\/indoor-trampoline-park-with-ocean-ball-pool\\\/\",\"name\":\"Custom Indoor Jump Arena Trampoline Park with Ocean Ball Pool for Children Playground\",\"isPartOf\":{\"@id\":\"https:\\\/\\\/softplaysupply.com\\\/#website\"},\"primaryImageOfPage\":{\"@id\":\"https:\\\/\\\/softplaysupply.com\\\/product\\\/indoor-trampoline-park-with-ocean-ball-pool\\\/#primaryimage\"},\"image\":{\"@id\":\"https:\\\/\\\/softplaysupply.com\\\/product\\\/indoor-trampoline-park-with-ocean-ball-pool\\\/#primaryimage\"},\"thumbnailUrl\":\"https:\\\/\\\/softplaysupply.com\\\/wp-content\\\/uploads\\\/2026\\\/04\\\/Trampoline-Park-with-Ocean-Ball-Pool-1.jpg\",\"datePublished\":\"2026-04-23T03:18:01+00:00\",\"description\":\"Custom-designed indoor trampoline park with ocean ball pool for children playgrounds and family entertainment centers. Commercial-grade structure, high safety standards, and attractive design for long-term operation.\",\"breadcrumb\":{\"@id\":\"https:\\\/\\\/softplaysupply.com\\\/product\\\/indoor-trampoline-park-with-ocean-ball-pool\\\/#breadcrumb\"},\"inLanguage\":\"fr-FR\",\"potentialAction\":[{\"@type\":\"ReadAction\",\"target\":[\"https:\\\/\\\/softplaysupply.com\\\/product\\\/indoor-trampoline-park-with-ocean-ball-pool\\\/\"]}]},{\"@type\":\"ImageObject\",\"inLanguage\":\"fr-FR\",\"@id\":\"https:\\\/\\\/softplaysupply.com\\\/product\\\/indoor-trampoline-park-with-ocean-ball-pool\\\/#primaryimage\",\"url\":\"https:\\\/\\\/softplaysupply.com\\\/wp-content\\\/uploads\\\/2026\\\/04\\\/Trampoline-Park-with-Ocean-Ball-Pool-1.jpg\",\"contentUrl\":\"https:\\\/\\\/softplaysupply.com\\\/wp-content\\\/uploads\\\/2026\\\/04\\\/Trampoline-Park-with-Ocean-Ball-Pool-1.jpg\",\"width\":800,\"height\":800},{\"@type\":\"BreadcrumbList\",\"@id\":\"https:\\\/\\\/softplaysupply.com\\\/product\\\/indoor-trampoline-park-with-ocean-ball-pool\\\/#breadcrumb\",\"itemListElement\":[{\"@type\":\"ListItem\",\"position\":1,\"name\":\"Home\",\"item\":\"https:\\\/\\\/softplaysupply.com\\\/\"},{\"@type\":\"ListItem\",\"position\":2,\"name\":\"Indoor Playground Equipment\",\"item\":\"https:\\\/\\\/softplaysupply.com\\\/pcategory\\\/indoor-playground-equipment\\\/\"},{\"@type\":\"ListItem\",\"position\":3,\"name\":\"Indoor Trampoline\",\"item\":\"https:\\\/\\\/softplaysupply.com\\\/pcategory\\\/indoor-playground-equipment\\\/indoor-trampoline\\\/\"},{\"@type\":\"ListItem\",\"position\":4,\"name\":\"Custom Indoor Jump Arena Trampoline Park with Ocean Ball Pool for Children Playground\"}]},{\"@type\":\"WebSite\",\"@id\":\"https:\\\/\\\/softplaysupply.com\\\/#website\",\"url\":\"https:\\\/\\\/softplaysupply.com\\\/\",\"name\":\"Soft Play Supplier\",\"description\":\"Soft Play Supplier\",\"publisher\":{\"@id\":\"https:\\\/\\\/softplaysupply.com\\\/#organization\"},\"potentialAction\":[{\"@type\":\"SearchAction\",\"target\":{\"@type\":\"EntryPoint\",\"urlTemplate\":\"https:\\\/\\\/softplaysupply.com\\\/?s={search_term_string}\"},\"query-input\":{\"@type\":\"PropertyValueSpecification\",\"valueRequired\":true,\"valueName\":\"search_term_string\"}}],\"inLanguage\":\"fr-FR\"},{\"@type\":\"Organization\",\"@id\":\"https:\\\/\\\/softplaysupply.com\\\/#organization\",\"name\":\"Nanpak\",\"url\":\"https:\\\/\\\/softplaysupply.com\\\/\",\"logo\":{\"@type\":\"ImageObject\",\"inLanguage\":\"fr-FR\",\"@id\":\"https:\\\/\\\/softplaysupply.com\\\/#\\\/schema\\\/logo\\\/image\\\/\",\"url\":\"https:\\\/\\\/softplaysupply.com\\\/wp-content\\\/uploads\\\/2025\\\/12\\\/cropped-mobile-logo.png\",\"contentUrl\":\"https:\\\/\\\/softplaysupply.com\\\/wp-content\\\/uploads\\\/2025\\\/12\\\/cropped-mobile-logo.png\",\"width\":263,\"height\":84,\"caption\":\"Nanpak\"},\"image\":{\"@id\":\"https:\\\/\\\/softplaysupply.com\\\/#\\\/schema\\\/logo\\\/image\\\/\"}}]}<\/script>\n<!-- \/ Yoast SEO plugin. -->","yoast_head_json":{"title":"Parc \u00e0 trampolines int\u00e9rieur avec piscine \u00e0 boules pour enfants","description":"Parc \u00e0 trampolines int\u00e9rieur con\u00e7u sur mesure avec piscine \u00e0 boules oc\u00e9aniques pour les aires de jeux pour enfants et les centres de loisirs familiaux. Structure de qualit\u00e9 commerciale, normes de s\u00e9curit\u00e9 \u00e9lev\u00e9es et design attrayant pour un fonctionnement \u00e0 long terme.","robots":{"index":"index","follow":"follow","max-snippet":"max-snippet:-1","max-image-preview":"max-image-preview:large","max-video-preview":"max-video-preview:-1"},"canonical":"https:\/\/softplaysupply.com\/fr\/produit\/indoor-trampoline-park-with-ocean-ball-pool\/","og_locale":"fr_FR","og_type":"article","og_title":"Custom Indoor Jump Arena Trampoline Park with Ocean Ball Pool for Children Playground","og_description":"Custom-designed indoor trampoline park with ocean ball pool for children playgrounds and family entertainment centers. Commercial-grade structure, high safety standards, and attractive design for long-term operation.","og_url":"https:\/\/softplaysupply.com\/fr\/produit\/indoor-trampoline-park-with-ocean-ball-pool\/","og_site_name":"Nanpak","og_image":[{"width":800,"height":800,"url":"https:\/\/softplaysupply.com\/wp-content\/uploads\/2026\/04\/Trampoline-Park-with-Ocean-Ball-Pool-1.jpg","type":"image\/jpeg"}],"twitter_card":"summary_large_image","twitter_misc":{"Dur\u00e9e de lecture estim\u00e9e":"4 minutes"},"schema":{"@context":"https:\/\/schema.org","@graph":[{"@type":"WebPage","@id":"https:\/\/softplaysupply.com\/product\/indoor-trampoline-park-with-ocean-ball-pool\/","url":"https:\/\/softplaysupply.com\/product\/indoor-trampoline-park-with-ocean-ball-pool\/","name":"Parc \u00e0 trampolines int\u00e9rieur avec piscine \u00e0 boules pour enfants","isPartOf":{"@id":"https:\/\/softplaysupply.com\/#website"},"primaryImageOfPage":{"@id":"https:\/\/softplaysupply.com\/product\/indoor-trampoline-park-with-ocean-ball-pool\/#primaryimage"},"image":{"@id":"https:\/\/softplaysupply.com\/product\/indoor-trampoline-park-with-ocean-ball-pool\/#primaryimage"},"thumbnailUrl":"https:\/\/softplaysupply.com\/wp-content\/uploads\/2026\/04\/Trampoline-Park-with-Ocean-Ball-Pool-1.jpg","datePublished":"2026-04-23T03:18:01+00:00","description":"Parc \u00e0 trampolines int\u00e9rieur con\u00e7u sur mesure avec piscine \u00e0 boules oc\u00e9aniques pour les aires de jeux pour enfants et les centres de loisirs familiaux. Structure de qualit\u00e9 commerciale, normes de s\u00e9curit\u00e9 \u00e9lev\u00e9es et design attrayant pour un fonctionnement \u00e0 long terme.","breadcrumb":{"@id":"https:\/\/softplaysupply.com\/product\/indoor-trampoline-park-with-ocean-ball-pool\/#breadcrumb"},"inLanguage":"fr-FR","potentialAction":[{"@type":"ReadAction","target":["https:\/\/softplaysupply.com\/product\/indoor-trampoline-park-with-ocean-ball-pool\/"]}]},{"@type":"ImageObject","inLanguage":"fr-FR","@id":"https:\/\/softplaysupply.com\/product\/indoor-trampoline-park-with-ocean-ball-pool\/#primaryimage","url":"https:\/\/softplaysupply.com\/wp-content\/uploads\/2026\/04\/Trampoline-Park-with-Ocean-Ball-Pool-1.jpg","contentUrl":"https:\/\/softplaysupply.com\/wp-content\/uploads\/2026\/04\/Trampoline-Park-with-Ocean-Ball-Pool-1.jpg","width":800,"height":800},{"@type":"BreadcrumbList","@id":"https:\/\/softplaysupply.com\/product\/indoor-trampoline-park-with-ocean-ball-pool\/#breadcrumb","itemListElement":[{"@type":"ListItem","position":1,"name":"Home","item":"https:\/\/softplaysupply.com\/"},{"@type":"ListItem","position":2,"name":"Indoor Playground Equipment","item":"https:\/\/softplaysupply.com\/pcategory\/indoor-playground-equipment\/"},{"@type":"ListItem","position":3,"name":"Indoor Trampoline","item":"https:\/\/softplaysupply.com\/pcategory\/indoor-playground-equipment\/indoor-trampoline\/"},{"@type":"ListItem","position":4,"name":"Custom Indoor Jump Arena Trampoline Park with Ocean Ball Pool for Children Playground"}]},{"@type":"WebSite","@id":"https:\/\/softplaysupply.com\/#website","url":"https:\/\/softplaysupply.com\/","name":"Fournisseur de jeux souples","description":"Fournisseur de jeux souples","publisher":{"@id":"https:\/\/softplaysupply.com\/#organization"},"potentialAction":[{"@type":"SearchAction","target":{"@type":"EntryPoint","urlTemplate":"https:\/\/softplaysupply.com\/?s={search_term_string}"},"query-input":{"@type":"PropertyValueSpecification","valueRequired":true,"valueName":"search_term_string"}}],"inLanguage":"fr-FR"},{"@type":"Organization","@id":"https:\/\/softplaysupply.com\/#organization","name":"Nanpak","url":"https:\/\/softplaysupply.com\/","logo":{"@type":"ImageObject","inLanguage":"fr-FR","@id":"https:\/\/softplaysupply.com\/#\/schema\/logo\/image\/","url":"https:\/\/softplaysupply.com\/wp-content\/uploads\/2025\/12\/cropped-mobile-logo.png","contentUrl":"https:\/\/softplaysupply.com\/wp-content\/uploads\/2025\/12\/cropped-mobile-logo.png","width":263,"height":84,"caption":"Nanpak"},"image":{"@id":"https:\/\/softplaysupply.com\/#\/schema\/logo\/image\/"}}]}},"taxonomy_info":{"pcategory":[{"value":5,"label":"Indoor Playground Equipment"},{"value":35,"label":"Indoor Trampoline"}]},"featured_image_src_large":["https:\/\/softplaysupply.com\/wp-content\/uploads\/2026\/04\/Trampoline-Park-with-Ocean-Ball-Pool-1.jpg",800,800,false],"author_info":[],"comment_info":"","_links":{"self":[{"href":"https:\/\/softplaysupply.com\/fr\/wp-json\/wp\/v2\/product\/4037","targetHints":{"allow":["GET"]}}],"collection":[{"href":"https:\/\/softplaysupply.com\/fr\/wp-json\/wp\/v2\/product"}],"about":[{"href":"https:\/\/softplaysupply.com\/fr\/wp-json\/wp\/v2\/types\/product"}],"wp:featuredmedia":[{"embeddable":true,"href":"https:\/\/softplaysupply.com\/fr\/wp-json\/wp\/v2\/media\/4041"}],"wp:attachment":[{"href":"https:\/\/softplaysupply.com\/fr\/wp-json\/wp\/v2\/media?parent=4037"}],"wp:term":[{"taxonomy":"pcategory","embeddable":true,"href":"https:\/\/softplaysupply.com\/fr\/wp-json\/wp\/v2\/pcategory?post=4037"},{"taxonomy":"ptag","embeddable":true,"href":"https:\/\/softplaysupply.com\/fr\/wp-json\/wp\/v2\/ptag?post=4037"}],"curies":[{"name":"wp","href":"https:\/\/api.w.org\/{rel}","templated":true}]}}