{"id":3774,"date":"2026-02-20T13:27:41","date_gmt":"2026-02-20T13:27:41","guid":{"rendered":"https:\/\/softplaysupply.com\/?post_type=product&#038;p=3774"},"modified":"2026-02-11T08:15:36","modified_gmt":"2026-02-11T08:15:36","slug":"commercial-green-ball-pit-for-sale","status":"publish","type":"product","link":"https:\/\/softplaysupply.com\/fr\/produit\/commercial-green-ball-pit-for-sale\/","title":{"rendered":"Puits \u00e0 balles vertes \u00e0 vendre - Id\u00e9al pour les jardins d'enfants, les cr\u00e8ches et les centres d'apprentissage pour jeunes enfants"},"content":{"rendered":"<p>Ce commerce <a href=\"https:\/\/softplaysupply.com\/fr\/produit\/commercial-green-ball-pit-for-sale\/\" data-internallinksmanager029f6b8e52c=\"18\" title=\"fosse \u00e0 balles vertes pour jeux souples\" target=\"_blank\" rel=\"noopener\">fosse \u00e0 balles vertes pour jeux souples<\/a> est sp\u00e9cialement con\u00e7u pour les jardins d'enfants, les cr\u00e8ches et les centres d'apprentissage pr\u00e9coce qui ont besoin d'une solution de jeu d'int\u00e9rieur s\u00fbre, durable et visuellement attrayante. Il cr\u00e9e un environnement de jeu doux et confortable qui encourage le jeu actif tout en garantissant la s\u00e9curit\u00e9 des enfants.<\/p>\n<p><img loading=\"lazy\" decoding=\"async\" class=\"alignnone size-full wp-image-3778\" src=\"https:\/\/softplaysupply.com\/wp-content\/uploads\/2026\/03\/soft-play-ball-pit-4.jpg\" alt=\"\" width=\"750\" height=\"750\" srcset=\"https:\/\/softplaysupply.com\/wp-content\/uploads\/2026\/03\/soft-play-ball-pit-4.jpg 750w, https:\/\/softplaysupply.com\/wp-content\/uploads\/2026\/03\/soft-play-ball-pit-4-300x300.jpg 300w, https:\/\/softplaysupply.com\/wp-content\/uploads\/2026\/03\/soft-play-ball-pit-4-150x150.jpg 150w, https:\/\/softplaysupply.com\/wp-content\/uploads\/2026\/03\/soft-play-ball-pit-4-12x12.jpg 12w\" sizes=\"auto, (max-width: 750px) 100vw, 750px\" \/><\/p>\n<p><strong>Caract\u00e9ristiques du produit<\/strong><\/p>\n<p>La fosse \u00e0 balles est fabriqu\u00e9e avec un rembourrage en mousse de haute densit\u00e9 et recouverte d'un mat\u00e9riau PVC de premi\u00e8re qualit\u00e9, offrant un excellent rembourrage, une grande durabilit\u00e9 et un entretien facile. Toutes les surfaces sont douces au toucher, ce qui permet de l'utiliser pour les jeunes enfants dans le cadre d'une utilisation commerciale quotidienne.<\/p>\n<p>La couleur verte fra\u00eeche produit un effet visuel apaisant et naturel, aidant les enfants \u00e0 se sentir d\u00e9tendus et engag\u00e9s pendant le jeu. Il favorise la stimulation sensorielle, le d\u00e9veloppement des capacit\u00e9s motrices et l'interaction sociale, ce qui le rend id\u00e9al pour les environnements d'\u00e9ducation pr\u00e9coce.<\/p>\n<p><strong>Applications<\/strong><\/p>\n<p>Ce bac \u00e0 balles vert est id\u00e9al pour les jardins d'enfants, les cr\u00e8ches, les \u00e9tablissements d'enseignement pr\u00e9scolaire, les aires de jeux int\u00e9rieures et les zones d'activit\u00e9s pour enfants. Elle peut \u00eatre utilis\u00e9e comme aire de jeu autonome ou combin\u00e9e \u00e0 d'autres \u00e9quipements de jeux souples pour cr\u00e9er une zone de jeux souples compl\u00e8te.<\/p>\n<p><strong>Personnalisation et utilisation<\/strong><\/p>\n<p>Convenant \u00e0 la fois \u00e0 la location et \u00e0 l'achat, cette fosse \u00e0 balles commerciale est con\u00e7ue pour une utilisation fr\u00e9quente dans des environnements tr\u00e8s fr\u00e9quent\u00e9s. Des tailles, des couleurs et des dispositions personnalis\u00e9es sont disponibles pour s'adapter \u00e0 diff\u00e9rents besoins d'espace et \u00e0 diff\u00e9rentes conceptions d'int\u00e9rieur. Facile \u00e0 nettoyer et \u00e0 entretenir, c'est un choix pratique pour une utilisation \u00e0 long terme.<\/p>","protected":false},"excerpt":{"rendered":"<p>Ce bac \u00e0 balles vert commercial est sp\u00e9cialement con\u00e7u pour les jardins d'enfants, les cr\u00e8ches et les centres d'apprentissage pr\u00e9coce qui ont besoin d'une solution de jeu d'int\u00e9rieur s\u00fbre, durable et visuellement attrayante. Il cr\u00e9e un environnement de jeu doux et confortable qui encourage le jeu actif tout en garantissant la s\u00e9curit\u00e9 des enfants. Caract\u00e9ristiques du produit La fosse \u00e0 balles est fabriqu\u00e9e en mousse haute densit\u00e9...<\/p>","protected":false},"featured_media":3775,"parent":0,"template":"","meta":{"_acf_changed":false,"_kad_blocks_custom_css":"","_kad_blocks_head_custom_js":"","_kad_blocks_body_custom_js":"","_kad_blocks_footer_custom_js":"","_kadence_starter_templates_imported_post":false,"_kad_post_transparent":"default","_kad_post_title":"","_kad_post_layout":"default","_kad_post_sidebar_id":"","_kad_post_content_style":"default","_kad_post_vertical_padding":"default","_kad_post_feature":"","_kad_post_feature_position":"","_kad_post_header":false,"_kad_post_footer":false},"pcategory":[22,39],"ptag":[],"class_list":["post-3774","product","type-product","status-publish","has-post-thumbnail","hentry","pcategory-soft-play-equipment","pcategory-soft-play-ball-pit"],"acf":[],"yoast_head":"<!-- This site is optimized with the Yoast SEO plugin v26.8 - https:\/\/yoast.com\/product\/yoast-seo-wordpress\/ -->\n<title>Commercial Green Soft Play Ball Pit for Sale \u2013 Ideal for Kindergartens, Daycare &amp; Early Learning Centers<\/title>\n<meta name=\"robots\" content=\"index, follow, max-snippet:-1, max-image-preview:large, max-video-preview:-1\" \/>\n<link rel=\"canonical\" href=\"https:\/\/softplaysupply.com\/fr\/produit\/commercial-green-ball-pit-for-sale\/\" \/>\n<meta property=\"og:locale\" content=\"fr_FR\" \/>\n<meta property=\"og:type\" content=\"article\" \/>\n<meta property=\"og:title\" content=\"Commercial Green Soft Play Ball Pit for Sale \u2013 Ideal for Kindergartens, Daycare &amp; Early Learning Centers\" \/>\n<meta property=\"og:description\" content=\"This commercial green soft play ball pit is specially designed for kindergartens, daycare centers, and early learning centers that require a safe, durable, and visually appealing indoor play solution. It creates a soft and comfortable play environment that encourages active play while ensuring child safety. Product Features The ball pit is made with high-density foam...\" \/>\n<meta property=\"og:url\" content=\"https:\/\/softplaysupply.com\/fr\/produit\/commercial-green-ball-pit-for-sale\/\" \/>\n<meta property=\"og:site_name\" content=\"Nanpak\" \/>\n<meta property=\"og:image\" content=\"https:\/\/softplaysupply.com\/wp-content\/uploads\/2026\/03\/soft-play-ball-pit-2.jpg\" \/>\n\t<meta property=\"og:image:width\" content=\"750\" \/>\n\t<meta property=\"og:image:height\" content=\"750\" \/>\n\t<meta property=\"og:image:type\" content=\"image\/jpeg\" \/>\n<meta name=\"twitter:card\" content=\"summary_large_image\" \/>\n<meta name=\"twitter:label1\" content=\"Dur\u00e9e de lecture estim\u00e9e\" \/>\n\t<meta name=\"twitter:data1\" content=\"2 minutes\" \/>\n<script type=\"application\/ld+json\" class=\"yoast-schema-graph\">{\"@context\":\"https:\/\/schema.org\",\"@graph\":[{\"@type\":\"WebPage\",\"@id\":\"https:\/\/softplaysupply.com\/product\/commercial-green-ball-pit-for-sale\/\",\"url\":\"https:\/\/softplaysupply.com\/product\/commercial-green-ball-pit-for-sale\/\",\"name\":\"Commercial Green Soft Play Ball Pit for Sale \u2013 Ideal for Kindergartens, Daycare & Early Learning Centers\",\"isPartOf\":{\"@id\":\"https:\/\/softplaysupply.com\/#website\"},\"primaryImageOfPage\":{\"@id\":\"https:\/\/softplaysupply.com\/product\/commercial-green-ball-pit-for-sale\/#primaryimage\"},\"image\":{\"@id\":\"https:\/\/softplaysupply.com\/product\/commercial-green-ball-pit-for-sale\/#primaryimage\"},\"thumbnailUrl\":\"https:\/\/softplaysupply.com\/wp-content\/uploads\/2026\/03\/soft-play-ball-pit-2.jpg\",\"datePublished\":\"2026-02-20T13:27:41+00:00\",\"breadcrumb\":{\"@id\":\"https:\/\/softplaysupply.com\/product\/commercial-green-ball-pit-for-sale\/#breadcrumb\"},\"inLanguage\":\"fr-FR\",\"potentialAction\":[{\"@type\":\"ReadAction\",\"target\":[\"https:\/\/softplaysupply.com\/product\/commercial-green-ball-pit-for-sale\/\"]}]},{\"@type\":\"ImageObject\",\"inLanguage\":\"fr-FR\",\"@id\":\"https:\/\/softplaysupply.com\/product\/commercial-green-ball-pit-for-sale\/#primaryimage\",\"url\":\"https:\/\/softplaysupply.com\/wp-content\/uploads\/2026\/03\/soft-play-ball-pit-2.jpg\",\"contentUrl\":\"https:\/\/softplaysupply.com\/wp-content\/uploads\/2026\/03\/soft-play-ball-pit-2.jpg\",\"width\":750,\"height\":750,\"caption\":\"soft play green ball pit\"},{\"@type\":\"BreadcrumbList\",\"@id\":\"https:\/\/softplaysupply.com\/product\/commercial-green-ball-pit-for-sale\/#breadcrumb\",\"itemListElement\":[{\"@type\":\"ListItem\",\"position\":1,\"name\":\"Home\",\"item\":\"https:\/\/softplaysupply.com\/\"},{\"@type\":\"ListItem\",\"position\":2,\"name\":\"Soft Play Equipment\",\"item\":\"https:\/\/softplaysupply.com\/pcategory\/soft-play-equipment\/\"},{\"@type\":\"ListItem\",\"position\":3,\"name\":\"Soft Play Ball Pit\",\"item\":\"https:\/\/softplaysupply.com\/pcategory\/soft-play-equipment\/soft-play-ball-pit\/\"},{\"@type\":\"ListItem\",\"position\":4,\"name\":\"Commercial Green Soft Play Ball Pit for Sale \u2013 Ideal for Kindergartens, Daycare &#038; Early Learning Centers\"}]},{\"@type\":\"WebSite\",\"@id\":\"https:\/\/softplaysupply.com\/#website\",\"url\":\"https:\/\/softplaysupply.com\/\",\"name\":\"Soft Play Supplier\",\"description\":\"Soft Play Supplier\",\"publisher\":{\"@id\":\"https:\/\/softplaysupply.com\/#organization\"},\"potentialAction\":[{\"@type\":\"SearchAction\",\"target\":{\"@type\":\"EntryPoint\",\"urlTemplate\":\"https:\/\/softplaysupply.com\/?s={search_term_string}\"},\"query-input\":{\"@type\":\"PropertyValueSpecification\",\"valueRequired\":true,\"valueName\":\"search_term_string\"}}],\"inLanguage\":\"fr-FR\"},{\"@type\":\"Organization\",\"@id\":\"https:\/\/softplaysupply.com\/#organization\",\"name\":\"Nanpak\",\"url\":\"https:\/\/softplaysupply.com\/\",\"logo\":{\"@type\":\"ImageObject\",\"inLanguage\":\"fr-FR\",\"@id\":\"https:\/\/softplaysupply.com\/#\/schema\/logo\/image\/\",\"url\":\"https:\/\/softplaysupply.com\/wp-content\/uploads\/2025\/12\/cropped-mobile-logo.png\",\"contentUrl\":\"https:\/\/softplaysupply.com\/wp-content\/uploads\/2025\/12\/cropped-mobile-logo.png\",\"width\":263,\"height\":84,\"caption\":\"Nanpak\"},\"image\":{\"@id\":\"https:\/\/softplaysupply.com\/#\/schema\/logo\/image\/\"}}]}<\/script>\n<!-- \/ Yoast SEO plugin. -->","yoast_head_json":{"title":"Puits \u00e0 balles vertes \u00e0 vendre - Id\u00e9al pour les jardins d'enfants, les cr\u00e8ches et les centres d'apprentissage de la petite enfance","robots":{"index":"index","follow":"follow","max-snippet":"max-snippet:-1","max-image-preview":"max-image-preview:large","max-video-preview":"max-video-preview:-1"},"canonical":"https:\/\/softplaysupply.com\/fr\/produit\/commercial-green-ball-pit-for-sale\/","og_locale":"fr_FR","og_type":"article","og_title":"Commercial Green Soft Play Ball Pit for Sale \u2013 Ideal for Kindergartens, Daycare & Early Learning Centers","og_description":"This commercial green soft play ball pit is specially designed for kindergartens, daycare centers, and early learning centers that require a safe, durable, and visually appealing indoor play solution. It creates a soft and comfortable play environment that encourages active play while ensuring child safety. Product Features The ball pit is made with high-density foam...","og_url":"https:\/\/softplaysupply.com\/fr\/produit\/commercial-green-ball-pit-for-sale\/","og_site_name":"Nanpak","og_image":[{"width":750,"height":750,"url":"https:\/\/softplaysupply.com\/wp-content\/uploads\/2026\/03\/soft-play-ball-pit-2.jpg","type":"image\/jpeg"}],"twitter_card":"summary_large_image","twitter_misc":{"Dur\u00e9e de lecture estim\u00e9e":"2 minutes"},"schema":{"@context":"https:\/\/schema.org","@graph":[{"@type":"WebPage","@id":"https:\/\/softplaysupply.com\/product\/commercial-green-ball-pit-for-sale\/","url":"https:\/\/softplaysupply.com\/product\/commercial-green-ball-pit-for-sale\/","name":"Puits \u00e0 balles vertes \u00e0 vendre - Id\u00e9al pour les jardins d'enfants, les cr\u00e8ches et les centres d'apprentissage de la petite enfance","isPartOf":{"@id":"https:\/\/softplaysupply.com\/#website"},"primaryImageOfPage":{"@id":"https:\/\/softplaysupply.com\/product\/commercial-green-ball-pit-for-sale\/#primaryimage"},"image":{"@id":"https:\/\/softplaysupply.com\/product\/commercial-green-ball-pit-for-sale\/#primaryimage"},"thumbnailUrl":"https:\/\/softplaysupply.com\/wp-content\/uploads\/2026\/03\/soft-play-ball-pit-2.jpg","datePublished":"2026-02-20T13:27:41+00:00","breadcrumb":{"@id":"https:\/\/softplaysupply.com\/product\/commercial-green-ball-pit-for-sale\/#breadcrumb"},"inLanguage":"fr-FR","potentialAction":[{"@type":"ReadAction","target":["https:\/\/softplaysupply.com\/product\/commercial-green-ball-pit-for-sale\/"]}]},{"@type":"ImageObject","inLanguage":"fr-FR","@id":"https:\/\/softplaysupply.com\/product\/commercial-green-ball-pit-for-sale\/#primaryimage","url":"https:\/\/softplaysupply.com\/wp-content\/uploads\/2026\/03\/soft-play-ball-pit-2.jpg","contentUrl":"https:\/\/softplaysupply.com\/wp-content\/uploads\/2026\/03\/soft-play-ball-pit-2.jpg","width":750,"height":750,"caption":"soft play green ball pit"},{"@type":"BreadcrumbList","@id":"https:\/\/softplaysupply.com\/product\/commercial-green-ball-pit-for-sale\/#breadcrumb","itemListElement":[{"@type":"ListItem","position":1,"name":"Home","item":"https:\/\/softplaysupply.com\/"},{"@type":"ListItem","position":2,"name":"Soft Play Equipment","item":"https:\/\/softplaysupply.com\/pcategory\/soft-play-equipment\/"},{"@type":"ListItem","position":3,"name":"Soft Play Ball Pit","item":"https:\/\/softplaysupply.com\/pcategory\/soft-play-equipment\/soft-play-ball-pit\/"},{"@type":"ListItem","position":4,"name":"Commercial Green Soft Play Ball Pit for Sale \u2013 Ideal for Kindergartens, Daycare &#038; Early Learning Centers"}]},{"@type":"WebSite","@id":"https:\/\/softplaysupply.com\/#website","url":"https:\/\/softplaysupply.com\/","name":"Fournisseur de jeux souples","description":"Fournisseur de jeux souples","publisher":{"@id":"https:\/\/softplaysupply.com\/#organization"},"potentialAction":[{"@type":"SearchAction","target":{"@type":"EntryPoint","urlTemplate":"https:\/\/softplaysupply.com\/?s={search_term_string}"},"query-input":{"@type":"PropertyValueSpecification","valueRequired":true,"valueName":"search_term_string"}}],"inLanguage":"fr-FR"},{"@type":"Organization","@id":"https:\/\/softplaysupply.com\/#organization","name":"Nanpak","url":"https:\/\/softplaysupply.com\/","logo":{"@type":"ImageObject","inLanguage":"fr-FR","@id":"https:\/\/softplaysupply.com\/#\/schema\/logo\/image\/","url":"https:\/\/softplaysupply.com\/wp-content\/uploads\/2025\/12\/cropped-mobile-logo.png","contentUrl":"https:\/\/softplaysupply.com\/wp-content\/uploads\/2025\/12\/cropped-mobile-logo.png","width":263,"height":84,"caption":"Nanpak"},"image":{"@id":"https:\/\/softplaysupply.com\/#\/schema\/logo\/image\/"}}]}},"taxonomy_info":{"pcategory":[{"value":22,"label":"Soft Play Equipment"},{"value":39,"label":"Soft Play Ball Pit"}]},"featured_image_src_large":["https:\/\/softplaysupply.com\/wp-content\/uploads\/2026\/03\/soft-play-ball-pit-2.jpg",750,750,false],"author_info":[],"comment_info":"","_links":{"self":[{"href":"https:\/\/softplaysupply.com\/fr\/wp-json\/wp\/v2\/product\/3774","targetHints":{"allow":["GET"]}}],"collection":[{"href":"https:\/\/softplaysupply.com\/fr\/wp-json\/wp\/v2\/product"}],"about":[{"href":"https:\/\/softplaysupply.com\/fr\/wp-json\/wp\/v2\/types\/product"}],"wp:featuredmedia":[{"embeddable":true,"href":"https:\/\/softplaysupply.com\/fr\/wp-json\/wp\/v2\/media\/3775"}],"wp:attachment":[{"href":"https:\/\/softplaysupply.com\/fr\/wp-json\/wp\/v2\/media?parent=3774"}],"wp:term":[{"taxonomy":"pcategory","embeddable":true,"href":"https:\/\/softplaysupply.com\/fr\/wp-json\/wp\/v2\/pcategory?post=3774"},{"taxonomy":"ptag","embeddable":true,"href":"https:\/\/softplaysupply.com\/fr\/wp-json\/wp\/v2\/ptag?post=3774"}],"curies":[{"name":"wp","href":"https:\/\/api.w.org\/{rel}","templated":true}]}}