{"id":3664,"date":"2026-01-06T04:59:55","date_gmt":"2026-01-06T04:59:55","guid":{"rendered":"https:\/\/softplaysupply.com\/?post_type=product&#038;p=3664"},"modified":"2026-01-06T05:03:19","modified_gmt":"2026-01-06T05:03:19","slug":"flower-shaped-soft-play-ball-pit","status":"publish","type":"product","link":"https:\/\/softplaysupply.com\/fr\/produit\/flower-shaped-soft-play-ball-pit\/","title":{"rendered":"Piscine \u00e0 balles souples en mousse durable en forme de marguerite \u00e0 vendre"},"content":{"rendered":"<p>Les \u00e9quipements de jeux souples sont devenus l'un des produits de location les plus populaires pour les f\u00eates d'enfants ces derni\u00e8res ann\u00e9es. Ils sont largement utilis\u00e9s pour les f\u00eates d'anniversaire, les \u00e9v\u00e9nements en salle et les aires de jeux commerciales.<br \/>\nCeci <strong>piscine \u00e0 balles souples en forme de fleurs<\/strong>\u00a0Cet ensemble est con\u00e7u pour cr\u00e9er un environnement de jeu amusant, s\u00fbr et visuellement attrayant, aidant les entreprises de location de mat\u00e9riel de f\u00eate \u00e0 am\u00e9liorer facilement la valeur de leurs services et l'exp\u00e9rience client.<\/p>\n<p><img loading=\"lazy\" decoding=\"async\" class=\"alignnone size-full wp-image-3666\" src=\"https:\/\/softplaysupply.com\/wp-content\/uploads\/2026\/01\/soft-play-flower-ball-pit-1.jpg\" alt=\"\" width=\"750\" height=\"750\" srcset=\"https:\/\/softplaysupply.com\/wp-content\/uploads\/2026\/01\/soft-play-flower-ball-pit-1.jpg 750w, https:\/\/softplaysupply.com\/wp-content\/uploads\/2026\/01\/soft-play-flower-ball-pit-1-300x300.jpg 300w, https:\/\/softplaysupply.com\/wp-content\/uploads\/2026\/01\/soft-play-flower-ball-pit-1-150x150.jpg 150w, https:\/\/softplaysupply.com\/wp-content\/uploads\/2026\/01\/soft-play-flower-ball-pit-1-12x12.jpg 12w\" sizes=\"auto, (max-width: 750px) 100vw, 750px\" \/> <img loading=\"lazy\" decoding=\"async\" class=\"alignnone size-full wp-image-3668\" src=\"https:\/\/softplaysupply.com\/wp-content\/uploads\/2026\/01\/soft-play-flower-ball-pit-3.jpg\" alt=\"\" width=\"750\" height=\"750\" srcset=\"https:\/\/softplaysupply.com\/wp-content\/uploads\/2026\/01\/soft-play-flower-ball-pit-3.jpg 750w, https:\/\/softplaysupply.com\/wp-content\/uploads\/2026\/01\/soft-play-flower-ball-pit-3-300x300.jpg 300w, https:\/\/softplaysupply.com\/wp-content\/uploads\/2026\/01\/soft-play-flower-ball-pit-3-150x150.jpg 150w, https:\/\/softplaysupply.com\/wp-content\/uploads\/2026\/01\/soft-play-flower-ball-pit-3-12x12.jpg 12w\" sizes=\"auto, (max-width: 750px) 100vw, 750px\" \/> <img loading=\"lazy\" decoding=\"async\" class=\"alignnone size-full wp-image-3670\" src=\"https:\/\/softplaysupply.com\/wp-content\/uploads\/2026\/01\/soft-play-flower-ball-pit-5.jpg\" alt=\"\" width=\"750\" height=\"750\" srcset=\"https:\/\/softplaysupply.com\/wp-content\/uploads\/2026\/01\/soft-play-flower-ball-pit-5.jpg 750w, https:\/\/softplaysupply.com\/wp-content\/uploads\/2026\/01\/soft-play-flower-ball-pit-5-300x300.jpg 300w, https:\/\/softplaysupply.com\/wp-content\/uploads\/2026\/01\/soft-play-flower-ball-pit-5-150x150.jpg 150w, https:\/\/softplaysupply.com\/wp-content\/uploads\/2026\/01\/soft-play-flower-ball-pit-5-12x12.jpg 12w\" sizes=\"auto, (max-width: 750px) 100vw, 750px\" \/> <img loading=\"lazy\" decoding=\"async\" class=\"alignnone size-full wp-image-3669\" src=\"https:\/\/softplaysupply.com\/wp-content\/uploads\/2026\/01\/soft-play-flower-ball-pit-4.jpg\" alt=\"piscine \u00e0 balles en forme de fleurs\" width=\"750\" height=\"750\" srcset=\"https:\/\/softplaysupply.com\/wp-content\/uploads\/2026\/01\/soft-play-flower-ball-pit-4.jpg 750w, https:\/\/softplaysupply.com\/wp-content\/uploads\/2026\/01\/soft-play-flower-ball-pit-4-300x300.jpg 300w, https:\/\/softplaysupply.com\/wp-content\/uploads\/2026\/01\/soft-play-flower-ball-pit-4-150x150.jpg 150w, https:\/\/softplaysupply.com\/wp-content\/uploads\/2026\/01\/soft-play-flower-ball-pit-4-12x12.jpg 12w\" sizes=\"auto, (max-width: 750px) 100vw, 750px\" \/> <img loading=\"lazy\" decoding=\"async\" class=\"alignnone size-full wp-image-3671\" src=\"https:\/\/softplaysupply.com\/wp-content\/uploads\/2026\/01\/soft-play-flower-ball-pit-7.jpg\" alt=\"\" width=\"750\" height=\"750\" srcset=\"https:\/\/softplaysupply.com\/wp-content\/uploads\/2026\/01\/soft-play-flower-ball-pit-7.jpg 750w, https:\/\/softplaysupply.com\/wp-content\/uploads\/2026\/01\/soft-play-flower-ball-pit-7-300x300.jpg 300w, https:\/\/softplaysupply.com\/wp-content\/uploads\/2026\/01\/soft-play-flower-ball-pit-7-150x150.jpg 150w, https:\/\/softplaysupply.com\/wp-content\/uploads\/2026\/01\/soft-play-flower-ball-pit-7-12x12.jpg 12w\" sizes=\"auto, (max-width: 750px) 100vw, 750px\" \/> <img loading=\"lazy\" decoding=\"async\" class=\"alignnone size-full wp-image-3672\" src=\"https:\/\/softplaysupply.com\/wp-content\/uploads\/2026\/01\/soft-play-flower-ball-pit-8.jpg\" alt=\"\" width=\"750\" height=\"750\" srcset=\"https:\/\/softplaysupply.com\/wp-content\/uploads\/2026\/01\/soft-play-flower-ball-pit-8.jpg 750w, https:\/\/softplaysupply.com\/wp-content\/uploads\/2026\/01\/soft-play-flower-ball-pit-8-300x300.jpg 300w, https:\/\/softplaysupply.com\/wp-content\/uploads\/2026\/01\/soft-play-flower-ball-pit-8-150x150.jpg 150w, https:\/\/softplaysupply.com\/wp-content\/uploads\/2026\/01\/soft-play-flower-ball-pit-8-12x12.jpg 12w\" sizes=\"auto, (max-width: 750px) 100vw, 750px\" \/><\/p>\n<p>Le <strong><a href=\"https:\/\/softplaysupply.com\/fr\/produit\/flower-shaped-soft-play-ball-pit\/\" data-internallinksmanager029f6b8e52c=\"19\" title=\"bassin \u00e0 balles en forme de fleur\" target=\"_blank\" rel=\"noopener\">bassin \u00e0 balles en forme de fleur<\/a><\/strong> Il arbore un adorable motif de marguerite et est livr\u00e9 avec des balles color\u00e9es sur le th\u00e8me de l'oc\u00e9an, ce qui en fait une pi\u00e8ce ma\u00eetresse remarquable pour toutes les f\u00eates d'enfants. Sa structure en mousse souple garantit une s\u00e9curit\u00e9 maximale tout en permettant aux enfants de ramper, de s'asseoir et de jouer librement. <strong>piscine \u00e0 balles en mousse<\/strong> non seulement attire l'attention des enfants, mais encourage \u00e9galement le jeu interactif et imaginatif.<\/p>\n<p><strong>Caract\u00e9ristiques et avantages principaux<\/strong><\/p>\n<ul>\n<li><strong>D\u00e9coration florale attrayante pour les \u00e9v\u00e9nements<\/strong><br \/>\nL'unique <strong>fleur de piscine \u00e0 balles<\/strong> Sa forme ajoute une touche charmante et ludique aux d\u00e9corations de f\u00eate, ce qui le rend tr\u00e8s populaire pour les f\u00eates \u00e0 th\u00e8me, les espaces photo et les \u00e9v\u00e9nements adapt\u00e9s aux r\u00e9seaux sociaux.<\/li>\n<li><strong>Construction durable et adapt\u00e9e \u00e0 la location<\/strong><br \/>\nFabriqu\u00e9 \u00e0 partir de rev\u00eatements en PVC\/PU de haute qualit\u00e9, d'un rembourrage en mousse et de contreplaqu\u00e9 renforc\u00e9, ce <strong>piscine \u00e0 balles fleuries<\/strong> est con\u00e7u pour une utilisation fr\u00e9quente en location, offrant une excellente durabilit\u00e9, une bonne tenue de forme et un entretien facile.<\/li>\n<li><strong>Syst\u00e8me modulaire de jeux souples<\/strong><br \/>\nL'ensemble peut \u00eatre combin\u00e9 librement avec d'autres \u00e9l\u00e9ments de jeu souples tels que des piscines \u00e0 balles souples, des barri\u00e8res souples, des blocs d'escalade, des toboggans et des tapis de jeu en mousse avec des dalles souples embo\u00eetables. Tous les composants peuvent \u00eatre assembl\u00e9s rapidement, ce qui permet aux soci\u00e9t\u00e9s de location de gagner du temps lors de l'installation.<\/li>\n<li><strong>Aire de jeux s\u00e9curis\u00e9e pour b\u00e9b\u00e9s et enfants<\/strong><br \/>\nDes bords arrondis, des mat\u00e9riaux non toxiques et des surfaces rembourr\u00e9es offrent un espace de jeu s\u00fbr et confortable pour les b\u00e9b\u00e9s et les jeunes enfants, permettant ainsi aux parents d'avoir l'esprit tranquille pendant les \u00e9v\u00e9nements.<\/li>\n<li><strong>Parfaitement adapt\u00e9 aux structures gonflables<\/strong><br \/>\nCeci <strong>jeu doux avec des fleurs<\/strong> Cet ensemble peut \u00eatre utilis\u00e9 avec des structures gonflables pour cr\u00e9er une aire de jeux plus grande et ferm\u00e9e, id\u00e9ale pour les installations de location de mat\u00e9riel de f\u00eate \u00e0 l'int\u00e9rieur comme \u00e0 l'ext\u00e9rieur.<\/li>\n<\/ul>\n<p><strong>Sp\u00e9cifications du produit<\/strong><\/p>\n<table border=\"1\" cellspacing=\"0\" cellpadding=\"8\">\n<tbody>\n<tr>\n<th>Nom du produit<\/th>\n<td>bassin \u00e0 balles en forme de fleur<\/td>\n<\/tr>\n<tr>\n<th>Mat\u00e9riau<\/th>\n<td>PVC \/ PU + \u00c9ponge + Contreplaqu\u00e9<\/td>\n<\/tr>\n<tr>\n<th>Taille<\/th>\n<td>Personnalis\u00e9<\/td>\n<\/tr>\n<tr>\n<th>Couleur<\/th>\n<td>Comme image ou personnalisable<\/td>\n<\/tr>\n<tr>\n<th>Occasion<\/th>\n<td>Garderies, aires de jeux publiques int\u00e9rieures, zones r\u00e9sidentielles, jardins d'enfants,<br \/>\naires de jeux \u00e9ducatives, lieux commerciaux et publics<\/td>\n<\/tr>\n<tr>\n<th>Certificats<\/th>\n<td>CE, EN71<\/td>\n<\/tr>\n<tr>\n<th>Garantie<\/th>\n<td>3 ans<\/td>\n<\/tr>\n<tr>\n<th>Quantit\u00e9 minimale de commande<\/th>\n<td>1 pi\u00e8ce<\/td>\n<\/tr>\n<\/tbody>\n<\/table>\n<p>&nbsp;<\/p>","protected":false},"excerpt":{"rendered":"<p>Piscine \u00e0 balles Flower Soft Play con\u00e7ue pour la location lors de f\u00eates. Cette piscine \u00e0 balles en mousse en forme de marguerite est fabriqu\u00e9e \u00e0 partir de mat\u00e9riaux s\u00fbrs et peut \u00eatre assembl\u00e9e de mani\u00e8re modulaire pour les f\u00eates et \u00e9v\u00e9nements destin\u00e9s aux enfants.<\/p>","protected":false},"featured_media":3669,"parent":0,"template":"","meta":{"_acf_changed":false,"_kad_blocks_custom_css":"","_kad_blocks_head_custom_js":"","_kad_blocks_body_custom_js":"","_kad_blocks_footer_custom_js":"","_kadence_starter_templates_imported_post":false,"_kad_post_transparent":"default","_kad_post_title":"","_kad_post_layout":"default","_kad_post_sidebar_id":"","_kad_post_content_style":"default","_kad_post_vertical_padding":"default","_kad_post_feature":"","_kad_post_feature_position":"","_kad_post_header":false,"_kad_post_footer":false},"pcategory":[22,39],"ptag":[],"class_list":["post-3664","product","type-product","status-publish","has-post-thumbnail","hentry","pcategory-soft-play-equipment","pcategory-soft-play-ball-pit"],"acf":[],"yoast_head":"<!-- This site is optimized with the Yoast SEO plugin v26.8 - https:\/\/yoast.com\/product\/yoast-seo-wordpress\/ -->\n<title>Durable Foam Daisy Flower shaped Soft Play Ball Pit for Sale - Nanpak<\/title>\n<meta name=\"description\" content=\"Flower soft play ball pit designed for party rentals. This foam flower ball pit features a daisy shape, safe materials and modular setup for kids parties and events.\" \/>\n<meta name=\"robots\" content=\"index, follow, max-snippet:-1, max-image-preview:large, max-video-preview:-1\" \/>\n<link rel=\"canonical\" href=\"https:\/\/softplaysupply.com\/fr\/produit\/flower-shaped-soft-play-ball-pit\/\" \/>\n<meta property=\"og:locale\" content=\"fr_FR\" \/>\n<meta property=\"og:type\" content=\"article\" \/>\n<meta property=\"og:title\" content=\"Durable Foam Daisy Flower shaped Soft Play Ball Pit for Sale - Nanpak\" \/>\n<meta property=\"og:description\" content=\"Flower soft play ball pit designed for party rentals. This foam flower ball pit features a daisy shape, safe materials and modular setup for kids parties and events.\" \/>\n<meta property=\"og:url\" content=\"https:\/\/softplaysupply.com\/fr\/produit\/flower-shaped-soft-play-ball-pit\/\" \/>\n<meta property=\"og:site_name\" content=\"Nanpak\" \/>\n<meta property=\"article:modified_time\" content=\"2026-01-06T05:03:19+00:00\" \/>\n<meta property=\"og:image\" content=\"https:\/\/softplaysupply.com\/wp-content\/uploads\/2026\/01\/soft-play-flower-ball-pit-4.jpg\" \/>\n\t<meta property=\"og:image:width\" content=\"750\" \/>\n\t<meta property=\"og:image:height\" content=\"750\" \/>\n\t<meta property=\"og:image:type\" content=\"image\/jpeg\" \/>\n<meta name=\"twitter:card\" content=\"summary_large_image\" \/>\n<meta name=\"twitter:label1\" content=\"Dur\u00e9e de lecture estim\u00e9e\" \/>\n\t<meta name=\"twitter:data1\" content=\"3 minutes\" \/>\n<script type=\"application\/ld+json\" class=\"yoast-schema-graph\">{\"@context\":\"https:\/\/schema.org\",\"@graph\":[{\"@type\":\"WebPage\",\"@id\":\"https:\/\/softplaysupply.com\/product\/flower-shaped-soft-play-ball-pit\/\",\"url\":\"https:\/\/softplaysupply.com\/product\/flower-shaped-soft-play-ball-pit\/\",\"name\":\"Durable Foam Daisy Flower shaped Soft Play Ball Pit for Sale - Nanpak\",\"isPartOf\":{\"@id\":\"https:\/\/softplaysupply.com\/#website\"},\"primaryImageOfPage\":{\"@id\":\"https:\/\/softplaysupply.com\/product\/flower-shaped-soft-play-ball-pit\/#primaryimage\"},\"image\":{\"@id\":\"https:\/\/softplaysupply.com\/product\/flower-shaped-soft-play-ball-pit\/#primaryimage\"},\"thumbnailUrl\":\"https:\/\/softplaysupply.com\/wp-content\/uploads\/2026\/01\/soft-play-flower-ball-pit-4.jpg\",\"datePublished\":\"2026-01-06T04:59:55+00:00\",\"dateModified\":\"2026-01-06T05:03:19+00:00\",\"description\":\"Flower soft play ball pit designed for party rentals. This foam flower ball pit features a daisy shape, safe materials and modular setup for kids parties and events.\",\"breadcrumb\":{\"@id\":\"https:\/\/softplaysupply.com\/product\/flower-shaped-soft-play-ball-pit\/#breadcrumb\"},\"inLanguage\":\"fr-FR\",\"potentialAction\":[{\"@type\":\"ReadAction\",\"target\":[\"https:\/\/softplaysupply.com\/product\/flower-shaped-soft-play-ball-pit\/\"]}]},{\"@type\":\"ImageObject\",\"inLanguage\":\"fr-FR\",\"@id\":\"https:\/\/softplaysupply.com\/product\/flower-shaped-soft-play-ball-pit\/#primaryimage\",\"url\":\"https:\/\/softplaysupply.com\/wp-content\/uploads\/2026\/01\/soft-play-flower-ball-pit-4.jpg\",\"contentUrl\":\"https:\/\/softplaysupply.com\/wp-content\/uploads\/2026\/01\/soft-play-flower-ball-pit-4.jpg\",\"width\":750,\"height\":750,\"caption\":\"soft play flower ball pit\"},{\"@type\":\"BreadcrumbList\",\"@id\":\"https:\/\/softplaysupply.com\/product\/flower-shaped-soft-play-ball-pit\/#breadcrumb\",\"itemListElement\":[{\"@type\":\"ListItem\",\"position\":1,\"name\":\"Home\",\"item\":\"https:\/\/softplaysupply.com\/\"},{\"@type\":\"ListItem\",\"position\":2,\"name\":\"Soft Play Equipment\",\"item\":\"https:\/\/softplaysupply.com\/pcategory\/soft-play-equipment\/\"},{\"@type\":\"ListItem\",\"position\":3,\"name\":\"Soft Play Ball Pit\",\"item\":\"https:\/\/softplaysupply.com\/pcategory\/soft-play-equipment\/soft-play-ball-pit\/\"},{\"@type\":\"ListItem\",\"position\":4,\"name\":\"Durable Foam Daisy Flower shaped Soft Play Ball Pit for Sale\"}]},{\"@type\":\"WebSite\",\"@id\":\"https:\/\/softplaysupply.com\/#website\",\"url\":\"https:\/\/softplaysupply.com\/\",\"name\":\"Soft Play Supplier\",\"description\":\"Soft Play Supplier\",\"publisher\":{\"@id\":\"https:\/\/softplaysupply.com\/#organization\"},\"potentialAction\":[{\"@type\":\"SearchAction\",\"target\":{\"@type\":\"EntryPoint\",\"urlTemplate\":\"https:\/\/softplaysupply.com\/?s={search_term_string}\"},\"query-input\":{\"@type\":\"PropertyValueSpecification\",\"valueRequired\":true,\"valueName\":\"search_term_string\"}}],\"inLanguage\":\"fr-FR\"},{\"@type\":\"Organization\",\"@id\":\"https:\/\/softplaysupply.com\/#organization\",\"name\":\"Nanpak\",\"url\":\"https:\/\/softplaysupply.com\/\",\"logo\":{\"@type\":\"ImageObject\",\"inLanguage\":\"fr-FR\",\"@id\":\"https:\/\/softplaysupply.com\/#\/schema\/logo\/image\/\",\"url\":\"https:\/\/softplaysupply.com\/wp-content\/uploads\/2025\/12\/cropped-mobile-logo.png\",\"contentUrl\":\"https:\/\/softplaysupply.com\/wp-content\/uploads\/2025\/12\/cropped-mobile-logo.png\",\"width\":263,\"height\":84,\"caption\":\"Nanpak\"},\"image\":{\"@id\":\"https:\/\/softplaysupply.com\/#\/schema\/logo\/image\/\"}}]}<\/script>\n<!-- \/ Yoast SEO plugin. -->","yoast_head_json":{"title":"Piscine \u00e0 balles souples en mousse durable en forme de marguerite \u00e0 vendre - Nanpak","description":"Piscine \u00e0 balles Flower Soft Play con\u00e7ue pour la location lors de f\u00eates. Cette piscine \u00e0 balles en mousse en forme de marguerite est fabriqu\u00e9e \u00e0 partir de mat\u00e9riaux s\u00fbrs et peut \u00eatre assembl\u00e9e de mani\u00e8re modulaire pour les f\u00eates et \u00e9v\u00e9nements destin\u00e9s aux enfants.","robots":{"index":"index","follow":"follow","max-snippet":"max-snippet:-1","max-image-preview":"max-image-preview:large","max-video-preview":"max-video-preview:-1"},"canonical":"https:\/\/softplaysupply.com\/fr\/produit\/flower-shaped-soft-play-ball-pit\/","og_locale":"fr_FR","og_type":"article","og_title":"Durable Foam Daisy Flower shaped Soft Play Ball Pit for Sale - Nanpak","og_description":"Flower soft play ball pit designed for party rentals. This foam flower ball pit features a daisy shape, safe materials and modular setup for kids parties and events.","og_url":"https:\/\/softplaysupply.com\/fr\/produit\/flower-shaped-soft-play-ball-pit\/","og_site_name":"Nanpak","article_modified_time":"2026-01-06T05:03:19+00:00","og_image":[{"width":750,"height":750,"url":"https:\/\/softplaysupply.com\/wp-content\/uploads\/2026\/01\/soft-play-flower-ball-pit-4.jpg","type":"image\/jpeg"}],"twitter_card":"summary_large_image","twitter_misc":{"Dur\u00e9e de lecture estim\u00e9e":"3 minutes"},"schema":{"@context":"https:\/\/schema.org","@graph":[{"@type":"WebPage","@id":"https:\/\/softplaysupply.com\/product\/flower-shaped-soft-play-ball-pit\/","url":"https:\/\/softplaysupply.com\/product\/flower-shaped-soft-play-ball-pit\/","name":"Piscine \u00e0 balles souples en mousse durable en forme de marguerite \u00e0 vendre - Nanpak","isPartOf":{"@id":"https:\/\/softplaysupply.com\/#website"},"primaryImageOfPage":{"@id":"https:\/\/softplaysupply.com\/product\/flower-shaped-soft-play-ball-pit\/#primaryimage"},"image":{"@id":"https:\/\/softplaysupply.com\/product\/flower-shaped-soft-play-ball-pit\/#primaryimage"},"thumbnailUrl":"https:\/\/softplaysupply.com\/wp-content\/uploads\/2026\/01\/soft-play-flower-ball-pit-4.jpg","datePublished":"2026-01-06T04:59:55+00:00","dateModified":"2026-01-06T05:03:19+00:00","description":"Piscine \u00e0 balles Flower Soft Play con\u00e7ue pour la location lors de f\u00eates. Cette piscine \u00e0 balles en mousse en forme de marguerite est fabriqu\u00e9e \u00e0 partir de mat\u00e9riaux s\u00fbrs et peut \u00eatre assembl\u00e9e de mani\u00e8re modulaire pour les f\u00eates et \u00e9v\u00e9nements destin\u00e9s aux enfants.","breadcrumb":{"@id":"https:\/\/softplaysupply.com\/product\/flower-shaped-soft-play-ball-pit\/#breadcrumb"},"inLanguage":"fr-FR","potentialAction":[{"@type":"ReadAction","target":["https:\/\/softplaysupply.com\/product\/flower-shaped-soft-play-ball-pit\/"]}]},{"@type":"ImageObject","inLanguage":"fr-FR","@id":"https:\/\/softplaysupply.com\/product\/flower-shaped-soft-play-ball-pit\/#primaryimage","url":"https:\/\/softplaysupply.com\/wp-content\/uploads\/2026\/01\/soft-play-flower-ball-pit-4.jpg","contentUrl":"https:\/\/softplaysupply.com\/wp-content\/uploads\/2026\/01\/soft-play-flower-ball-pit-4.jpg","width":750,"height":750,"caption":"soft play flower ball pit"},{"@type":"BreadcrumbList","@id":"https:\/\/softplaysupply.com\/product\/flower-shaped-soft-play-ball-pit\/#breadcrumb","itemListElement":[{"@type":"ListItem","position":1,"name":"Home","item":"https:\/\/softplaysupply.com\/"},{"@type":"ListItem","position":2,"name":"Soft Play Equipment","item":"https:\/\/softplaysupply.com\/pcategory\/soft-play-equipment\/"},{"@type":"ListItem","position":3,"name":"Soft Play Ball Pit","item":"https:\/\/softplaysupply.com\/pcategory\/soft-play-equipment\/soft-play-ball-pit\/"},{"@type":"ListItem","position":4,"name":"Durable Foam Daisy Flower shaped Soft Play Ball Pit for Sale"}]},{"@type":"WebSite","@id":"https:\/\/softplaysupply.com\/#website","url":"https:\/\/softplaysupply.com\/","name":"Fournisseur de jeux souples","description":"Fournisseur de jeux souples","publisher":{"@id":"https:\/\/softplaysupply.com\/#organization"},"potentialAction":[{"@type":"SearchAction","target":{"@type":"EntryPoint","urlTemplate":"https:\/\/softplaysupply.com\/?s={search_term_string}"},"query-input":{"@type":"PropertyValueSpecification","valueRequired":true,"valueName":"search_term_string"}}],"inLanguage":"fr-FR"},{"@type":"Organization","@id":"https:\/\/softplaysupply.com\/#organization","name":"Nanpak","url":"https:\/\/softplaysupply.com\/","logo":{"@type":"ImageObject","inLanguage":"fr-FR","@id":"https:\/\/softplaysupply.com\/#\/schema\/logo\/image\/","url":"https:\/\/softplaysupply.com\/wp-content\/uploads\/2025\/12\/cropped-mobile-logo.png","contentUrl":"https:\/\/softplaysupply.com\/wp-content\/uploads\/2025\/12\/cropped-mobile-logo.png","width":263,"height":84,"caption":"Nanpak"},"image":{"@id":"https:\/\/softplaysupply.com\/#\/schema\/logo\/image\/"}}]}},"taxonomy_info":{"pcategory":[{"value":22,"label":"Soft Play Equipment"},{"value":39,"label":"Soft Play Ball Pit"}]},"featured_image_src_large":["https:\/\/softplaysupply.com\/wp-content\/uploads\/2026\/01\/soft-play-flower-ball-pit-4.jpg",750,750,false],"author_info":[],"comment_info":"","_links":{"self":[{"href":"https:\/\/softplaysupply.com\/fr\/wp-json\/wp\/v2\/product\/3664","targetHints":{"allow":["GET"]}}],"collection":[{"href":"https:\/\/softplaysupply.com\/fr\/wp-json\/wp\/v2\/product"}],"about":[{"href":"https:\/\/softplaysupply.com\/fr\/wp-json\/wp\/v2\/types\/product"}],"wp:featuredmedia":[{"embeddable":true,"href":"https:\/\/softplaysupply.com\/fr\/wp-json\/wp\/v2\/media\/3669"}],"wp:attachment":[{"href":"https:\/\/softplaysupply.com\/fr\/wp-json\/wp\/v2\/media?parent=3664"}],"wp:term":[{"taxonomy":"pcategory","embeddable":true,"href":"https:\/\/softplaysupply.com\/fr\/wp-json\/wp\/v2\/pcategory?post=3664"},{"taxonomy":"ptag","embeddable":true,"href":"https:\/\/softplaysupply.com\/fr\/wp-json\/wp\/v2\/ptag?post=3664"}],"curies":[{"name":"wp","href":"https:\/\/api.w.org\/{rel}","templated":true}]}}