{"id":3585,"date":"2026-02-08T08:18:41","date_gmt":"2026-02-08T08:18:41","guid":{"rendered":"https:\/\/softplaysupply.com\/?post_type=product&#038;p=3585"},"modified":"2026-02-08T08:42:41","modified_gmt":"2026-02-08T08:42:41","slug":"nature-inspired-themed-indoor-playground","status":"publish","type":"product","link":"https:\/\/softplaysupply.com\/fr\/produit\/nature-inspired-themed-indoor-playground\/","title":{"rendered":"\u00c9quipement de terrain de jeu int\u00e9rieur personnalis\u00e9 sur le th\u00e8me de la nature \u00e0 vendre"},"content":{"rendered":"<div style=\"margin: 0 auto; padding: 60px 20px;\">\n<p><!-- Hero Banner Section --><\/p>\n<div style=\"background: linear-gradient(135deg, #065f46, #10b981); color: white; border-radius: 24px; overflow: hidden; margin-bottom: 80px; box-shadow: 0 20px 40px rgba(6,95,70,0.2);\">\n<div style=\"padding: 100px 40px; text-align: center;\">\n<div style=\"font-size: 48px; font-weight: 800; margin-bottom: 24px; letter-spacing: -0.5px;\">\u00c9quipement de terrain de jeu int\u00e9rieur personnalis\u00e9 sur le th\u00e8me de la nature \u00e0 vendre<\/div>\n<div style=\"font-size: 22px; max-width: 980px; margin: 0 auto; line-height: 1.6; opacity: 0.95;\">Notre nature <a href=\"https:\/\/softplaysupply.com\/fr\/pcategory\/indoor-playground-equipment\/themed-playground\/\" data-internallinksmanager029f6b8e52c=\"7\" title=\"aire de jeux \u00e0 th\u00e8me\" target=\"_blank\" rel=\"noopener\">aire de jeux \u00e0 th\u00e8me<\/a> Les \u00e9quipements sont con\u00e7us pour offrir aux enfants une exp\u00e9rience immersive dans un environnement qui reproduit fid\u00e8lement la beaut\u00e9 des grands espaces. Fabriqu\u00e9s \u00e0 partir de mat\u00e9riaux de haute qualit\u00e9, ces \u00e9quipements de jeux inspir\u00e9s de la nature sont parfaits pour cr\u00e9er une aire de jeux passionnante qui allie les merveilles de la nature au plaisir d'une aire de jeux int\u00e9rieure. Que vous recherchiez des \u00e9l\u00e9ments de jeux inspir\u00e9s de la nature tels que des arbres, des animaux ou des designs \u00e9cologiques, nos \u00e9quipements sont enti\u00e8rement personnalisables pour r\u00e9pondre aux besoins sp\u00e9cifiques de votre espace.<\/div>\n<\/div>\n<\/div>\n<p><!-- Why Choose Section - Clean & Box-free Style --><\/p>\n<div style=\"margin-bottom: 100px;\">\n<div style=\"text-align: center; margin-bottom: 60px;\">\n<div>\n<div style=\"font-size: 22px; max-width: 980px; margin: 0 auto; line-height: 1.6; opacity: 0.95;\"><\/div>\n<div><img loading=\"lazy\" decoding=\"async\" class=\"alignnone size-full wp-image-3590\" src=\"https:\/\/softplaysupply.com\/wp-content\/uploads\/2025\/12\/nature-themed-playground-5.jpg\" alt=\"\" width=\"750\" height=\"705\" srcset=\"https:\/\/softplaysupply.com\/wp-content\/uploads\/2025\/12\/nature-themed-playground-5.jpg 750w, https:\/\/softplaysupply.com\/wp-content\/uploads\/2025\/12\/nature-themed-playground-5-300x282.jpg 300w, https:\/\/softplaysupply.com\/wp-content\/uploads\/2025\/12\/nature-themed-playground-5-13x12.jpg 13w\" sizes=\"auto, (max-width: 750px) 100vw, 750px\" \/> <img loading=\"lazy\" decoding=\"async\" class=\"alignnone size-full wp-image-3587\" src=\"https:\/\/softplaysupply.com\/wp-content\/uploads\/2025\/12\/nature-themed-playground-2.jpg\" alt=\"\" width=\"750\" height=\"705\" srcset=\"https:\/\/softplaysupply.com\/wp-content\/uploads\/2025\/12\/nature-themed-playground-2.jpg 750w, https:\/\/softplaysupply.com\/wp-content\/uploads\/2025\/12\/nature-themed-playground-2-300x282.jpg 300w, https:\/\/softplaysupply.com\/wp-content\/uploads\/2025\/12\/nature-themed-playground-2-13x12.jpg 13w\" sizes=\"auto, (max-width: 750px) 100vw, 750px\" \/> <img loading=\"lazy\" decoding=\"async\" class=\"alignnone size-full wp-image-3586\" src=\"https:\/\/softplaysupply.com\/wp-content\/uploads\/2025\/12\/nature-themed-playground-1.jpg\" alt=\"\" width=\"750\" height=\"705\" srcset=\"https:\/\/softplaysupply.com\/wp-content\/uploads\/2025\/12\/nature-themed-playground-1.jpg 750w, https:\/\/softplaysupply.com\/wp-content\/uploads\/2025\/12\/nature-themed-playground-1-300x282.jpg 300w, https:\/\/softplaysupply.com\/wp-content\/uploads\/2025\/12\/nature-themed-playground-1-13x12.jpg 13w\" sizes=\"auto, (max-width: 750px) 100vw, 750px\" \/> <img loading=\"lazy\" decoding=\"async\" class=\"alignnone size-full wp-image-3592\" src=\"https:\/\/softplaysupply.com\/wp-content\/uploads\/2025\/12\/nature-themed-playground-7.jpg\" alt=\"\" width=\"750\" height=\"486\" srcset=\"https:\/\/softplaysupply.com\/wp-content\/uploads\/2025\/12\/nature-themed-playground-7.jpg 750w, https:\/\/softplaysupply.com\/wp-content\/uploads\/2025\/12\/nature-themed-playground-7-300x194.jpg 300w, https:\/\/softplaysupply.com\/wp-content\/uploads\/2025\/12\/nature-themed-playground-7-18x12.jpg 18w\" sizes=\"auto, (max-width: 750px) 100vw, 750px\" \/> <img loading=\"lazy\" decoding=\"async\" class=\"alignnone size-full wp-image-3593\" src=\"https:\/\/softplaysupply.com\/wp-content\/uploads\/2025\/12\/nature-themed-playground-8.jpg\" alt=\"\" width=\"750\" height=\"705\" srcset=\"https:\/\/softplaysupply.com\/wp-content\/uploads\/2025\/12\/nature-themed-playground-8.jpg 750w, https:\/\/softplaysupply.com\/wp-content\/uploads\/2025\/12\/nature-themed-playground-8-300x282.jpg 300w, https:\/\/softplaysupply.com\/wp-content\/uploads\/2025\/12\/nature-themed-playground-8-13x12.jpg 13w\" sizes=\"auto, (max-width: 750px) 100vw, 750px\" \/> <img loading=\"lazy\" decoding=\"async\" class=\"alignnone size-full wp-image-3588\" src=\"https:\/\/softplaysupply.com\/wp-content\/uploads\/2025\/12\/nature-themed-playground-3.jpg\" alt=\"\" width=\"750\" height=\"705\" srcset=\"https:\/\/softplaysupply.com\/wp-content\/uploads\/2025\/12\/nature-themed-playground-3.jpg 750w, https:\/\/softplaysupply.com\/wp-content\/uploads\/2025\/12\/nature-themed-playground-3-300x282.jpg 300w, https:\/\/softplaysupply.com\/wp-content\/uploads\/2025\/12\/nature-themed-playground-3-13x12.jpg 13w\" sizes=\"auto, (max-width: 750px) 100vw, 750px\" \/><\/div>\n<\/div>\n<div style=\"font-size: 42px; font-weight: bold; color: #065f46; margin-bottom: 16px;\">Pourquoi choisir nos \u00e9quipements de jeux inspir\u00e9s de la nature ?<\/div>\n<div style=\"height: 4px; width: 180px; background: #fbbf24; margin: 0 auto; border-radius: 2px;\"><\/div>\n<\/div>\n<p><!-- Feature 1 --><\/p>\n<div style=\"margin-bottom: 60px;\">\n<div style=\"font-size: 30px; font-weight: bold; color: #065f46; margin-bottom: 20px; border-left: 6px solid #10b981; padding-left: 20px;\">1. Des designs enti\u00e8rement personnalisables<\/div>\n<div style=\"font-size: 18px; color: #374151; max-width: 980px; margin: 0 auto;\">Nos \u00e9quipements pour aires de jeux sont non seulement esth\u00e9tiques, mais \u00e9galement adapt\u00e9s \u00e0 votre espace sp\u00e9cifique. Que vous recherchiez un th\u00e8me particulier, comme la for\u00eat tropicale, la for\u00eat ou la prairie, nous proposons des solutions personnalis\u00e9es sur le th\u00e8me de la nature. Vous pouvez tout choisir, des couleurs \u00e0 la disposition, afin que le design final corresponde parfaitement \u00e0 votre vision. Nous fournissons \u00e9galement des images d\u00e9taill\u00e9es afin que les clients puissent visualiser le design avant l'installation, ce qui rend le processus fluide et sans stress.<\/div>\n<\/div>\n<p><!-- Feature 2 --><\/p>\n<div style=\"margin-bottom: 60px;\">\n<div style=\"font-size: 30px; font-weight: bold; color: #065f46; margin-bottom: 20px; border-left: 6px solid #10b981; padding-left: 20px;\">2. Mat\u00e9riaux haut de gamme pour plus de durabilit\u00e9 et de s\u00e9curit\u00e9<\/div>\n<div style=\"font-size: 18px; color: #374151; max-width: 980px; margin: 0 auto;\">Notre \u00e9quipement est fabriqu\u00e9 \u00e0 partir de LLDPE import\u00e9 de Cor\u00e9e, connu pour sa haute r\u00e9sistance \u00e0 la temp\u00e9rature et ses propri\u00e9t\u00e9s non toxiques, garantissant ainsi la s\u00e9curit\u00e9 et la durabilit\u00e9 de l'aire de jeux. Les tubes en acier galvanis\u00e9 utilis\u00e9s pour la structure ont une \u00e9paisseur de 2,2 mm, conform\u00e9ment aux normes nationales en mati\u00e8re de s\u00e9curit\u00e9 et de durabilit\u00e9. Toutes les fixations sont en acier inoxydable 304, ce qui renforce encore la robustesse de l'aire de jeux. Des tapis en EVA, disponibles en diff\u00e9rentes tailles et couleurs, sont utilis\u00e9s pour plus de s\u00e9curit\u00e9 et de confort.<\/div>\n<\/div>\n<p><!-- Feature 3 --><\/p>\n<div style=\"margin-bottom: 60px;\">\n<div style=\"font-size: 30px; font-weight: bold; color: #065f46; margin-bottom: 20px; border-left: 6px solid #10b981; padding-left: 20px;\">3. Conception CAO professionnelle et assistance \u00e0 l'installation<\/div>\n<div style=\"font-size: 18px; color: #374151; max-width: 980px; margin: 0 auto;\">Nous fournissons des dessins CAO professionnels pour vous aider \u00e0 visualiser l'agencement de l'aire de jeux et nous assurer que chaque \u00e9l\u00e9ment s'int\u00e8gre parfaitement dans l'espace pr\u00e9vu. Notre \u00e9quipe peut faire appel \u00e0 des installateurs professionnels pour mettre en place l'aire de jeux, ou si vous pr\u00e9f\u00e9rez, nous vous guiderons tout au long du processus d'installation avec des instructions \u00e9tape par \u00e9tape. Vous pouvez \u00e9galement nous faire part de vos conceptions CAO personnalis\u00e9es, et nous donnerons vie \u00e0 l'aire de jeux de vos r\u00eaves.<\/div>\n<\/div>\n<p><!-- Feature 4 --><\/p>\n<div style=\"margin-bottom: 40px;\">\n<div style=\"font-size: 30px; font-weight: bold; color: #065f46; margin-bottom: 20px; border-left: 6px solid #10b981; padding-left: 20px;\">4. Conception respectueuse de l'environnement<\/div>\n<div style=\"font-size: 18px; color: #374151; max-width: 980px; margin: 0 auto;\">Notre aire de jeux inspir\u00e9e de la nature a \u00e9t\u00e9 con\u00e7ue dans le respect des principes \u00e9cologiques, \u00e0 partir de mat\u00e9riaux durables qui sont \u00e0 la fois s\u00fbrs pour les enfants et respectueux de l'environnement. Ces conceptions contribuent \u00e0 favoriser l'appr\u00e9ciation de la nature, rendant l'aire de jeux non seulement amusante, mais aussi \u00e9ducative.<\/div>\n<\/div>\n<\/div>\n<p><!-- Call to Action Section --><\/p>\n<div style=\"text-align: center; padding: 100px 40px; background: linear-gradient(135deg, #065f46, #10b981); color: white; border-radius: 24px; box-shadow: 0 20px 50px rgba(6,95,70,0.25);\">\n<div style=\"font-size: 40px; font-weight: 800; margin-bottom: 30px;\">Pr\u00eat \u00e0 cr\u00e9er une aire de jeux int\u00e9rieure amusante, s\u00e9curis\u00e9e et inspir\u00e9e de la nature ?<\/div>\n<div style=\"font-size: 22px; max-width: 800px; margin: 0 auto 40px; line-height: 1.6; opacity: 0.95;\">Contactez-nous d\u00e8s aujourd'hui pour obtenir un design personnalis\u00e9 de terrain de jeux sur le th\u00e8me de la nature et laissez-nous donner vie \u00e0 vos id\u00e9es !<\/div>\n<div style=\"display: inline-block; background: #fbbf24; color: #111827; font-size: 26px; font-weight: bold; padding: 22px 80px; border-radius: 999px; box-shadow: 0 10px 30px rgba(251,191,36,0.4); cursor: pointer; transition: all 0.3s; margin-top: 30px;\"><a href=\"https:\/\/softplaysupply.com\/fr\/get-a-quote\/\" target=\"_blank\" rel=\"noopener\">Contactez-nous d\u00e8s maintenant \u2192<\/a><\/div>\n<\/div>\n<\/div>","protected":false},"excerpt":{"rendered":"<p>Nos \u00e9quipements de jeux inspir\u00e9s de la nature sont con\u00e7us pour stimuler l'imagination et la cr\u00e9ativit\u00e9. Chaque \u00e9l\u00e9ment est enti\u00e8rement personnalisable, afin que l'aire de jeux s'adapte parfaitement \u00e0 votre espace et \u00e0 votre vision. Des arbres imposants aux animaux espi\u00e8gles, en passant par les fleurs aux couleurs vives et les paysages naturels, nos conceptions reproduisent \u00e0 la perfection la beaut\u00e9 du plein air \u00e0 l'int\u00e9rieur, offrant aux enfants un environnement s\u00fbr et passionnant \u00e0 explorer et \u00e0 appr\u00e9cier.<\/p>","protected":false},"featured_media":3593,"parent":0,"template":"","meta":{"_acf_changed":false,"_kad_blocks_custom_css":"","_kad_blocks_head_custom_js":"","_kad_blocks_body_custom_js":"","_kad_blocks_footer_custom_js":"","_kadence_starter_templates_imported_post":false,"_kad_post_transparent":"default","_kad_post_title":"","_kad_post_layout":"default","_kad_post_sidebar_id":"","_kad_post_content_style":"default","_kad_post_vertical_padding":"default","_kad_post_feature":"","_kad_post_feature_position":"","_kad_post_header":false,"_kad_post_footer":false},"pcategory":[5,34],"ptag":[],"class_list":["post-3585","product","type-product","status-publish","has-post-thumbnail","hentry","pcategory-indoor-playground-equipment","pcategory-themed-playground"],"acf":[],"yoast_head":"<!-- This site is optimized with the Yoast SEO plugin v26.8 - https:\/\/yoast.com\/product\/yoast-seo-wordpress\/ -->\n<title>Customized Nature Inspired Themed Indoor Playground Equipment for Sale<\/title>\n<meta name=\"robots\" content=\"index, follow, max-snippet:-1, max-image-preview:large, max-video-preview:-1\" \/>\n<link rel=\"canonical\" href=\"https:\/\/softplaysupply.com\/fr\/produit\/nature-inspired-themed-indoor-playground\/\" \/>\n<meta property=\"og:locale\" content=\"fr_FR\" \/>\n<meta property=\"og:type\" content=\"article\" \/>\n<meta property=\"og:title\" content=\"Customized Nature Inspired Themed Indoor Playground Equipment for Sale\" \/>\n<meta property=\"og:description\" content=\"Our nature-inspired playground equipment is designed to ignite imagination and creativity. Every element is fully customizable, ensuring that the playground perfectly matches your space and vision. From towering trees and playful animals to vibrant flowers and natural landscapes, our designs seamlessly bring the beauty of the outdoors inside, offering children a safe and exciting environment to explore and enjoy.\" \/>\n<meta property=\"og:url\" content=\"https:\/\/softplaysupply.com\/fr\/produit\/nature-inspired-themed-indoor-playground\/\" \/>\n<meta property=\"og:site_name\" content=\"Nanpak\" \/>\n<meta property=\"article:modified_time\" content=\"2026-02-08T08:42:41+00:00\" \/>\n<meta property=\"og:image\" content=\"https:\/\/softplaysupply.com\/wp-content\/uploads\/2025\/12\/nature-themed-playground-8.jpg\" \/>\n\t<meta property=\"og:image:width\" content=\"750\" \/>\n\t<meta property=\"og:image:height\" content=\"705\" \/>\n\t<meta property=\"og:image:type\" content=\"image\/jpeg\" \/>\n<meta name=\"twitter:card\" content=\"summary_large_image\" \/>\n<meta name=\"twitter:label1\" content=\"Dur\u00e9e de lecture estim\u00e9e\" \/>\n\t<meta name=\"twitter:data1\" content=\"4 minutes\" \/>\n<script type=\"application\/ld+json\" class=\"yoast-schema-graph\">{\"@context\":\"https:\/\/schema.org\",\"@graph\":[{\"@type\":\"WebPage\",\"@id\":\"https:\/\/softplaysupply.com\/product\/nature-inspired-themed-indoor-playground\/\",\"url\":\"https:\/\/softplaysupply.com\/product\/nature-inspired-themed-indoor-playground\/\",\"name\":\"Customized Nature Inspired Themed Indoor Playground Equipment for Sale\",\"isPartOf\":{\"@id\":\"https:\/\/softplaysupply.com\/#website\"},\"primaryImageOfPage\":{\"@id\":\"https:\/\/softplaysupply.com\/product\/nature-inspired-themed-indoor-playground\/#primaryimage\"},\"image\":{\"@id\":\"https:\/\/softplaysupply.com\/product\/nature-inspired-themed-indoor-playground\/#primaryimage\"},\"thumbnailUrl\":\"https:\/\/softplaysupply.com\/wp-content\/uploads\/2025\/12\/nature-themed-playground-8.jpg\",\"datePublished\":\"2026-02-08T08:18:41+00:00\",\"dateModified\":\"2026-02-08T08:42:41+00:00\",\"breadcrumb\":{\"@id\":\"https:\/\/softplaysupply.com\/product\/nature-inspired-themed-indoor-playground\/#breadcrumb\"},\"inLanguage\":\"fr-FR\",\"potentialAction\":[{\"@type\":\"ReadAction\",\"target\":[\"https:\/\/softplaysupply.com\/product\/nature-inspired-themed-indoor-playground\/\"]}]},{\"@type\":\"ImageObject\",\"inLanguage\":\"fr-FR\",\"@id\":\"https:\/\/softplaysupply.com\/product\/nature-inspired-themed-indoor-playground\/#primaryimage\",\"url\":\"https:\/\/softplaysupply.com\/wp-content\/uploads\/2025\/12\/nature-themed-playground-8.jpg\",\"contentUrl\":\"https:\/\/softplaysupply.com\/wp-content\/uploads\/2025\/12\/nature-themed-playground-8.jpg\",\"width\":750,\"height\":705},{\"@type\":\"BreadcrumbList\",\"@id\":\"https:\/\/softplaysupply.com\/product\/nature-inspired-themed-indoor-playground\/#breadcrumb\",\"itemListElement\":[{\"@type\":\"ListItem\",\"position\":1,\"name\":\"Home\",\"item\":\"https:\/\/softplaysupply.com\/\"},{\"@type\":\"ListItem\",\"position\":2,\"name\":\"Indoor Playground Equipment\",\"item\":\"https:\/\/softplaysupply.com\/pcategory\/indoor-playground-equipment\/\"},{\"@type\":\"ListItem\",\"position\":3,\"name\":\"Themed Playground\",\"item\":\"https:\/\/softplaysupply.com\/pcategory\/indoor-playground-equipment\/themed-playground\/\"},{\"@type\":\"ListItem\",\"position\":4,\"name\":\"Customized Nature Inspired Themed Indoor Playground Equipment for Sale\"}]},{\"@type\":\"WebSite\",\"@id\":\"https:\/\/softplaysupply.com\/#website\",\"url\":\"https:\/\/softplaysupply.com\/\",\"name\":\"Soft Play Supplier\",\"description\":\"Soft Play Supplier\",\"publisher\":{\"@id\":\"https:\/\/softplaysupply.com\/#organization\"},\"potentialAction\":[{\"@type\":\"SearchAction\",\"target\":{\"@type\":\"EntryPoint\",\"urlTemplate\":\"https:\/\/softplaysupply.com\/?s={search_term_string}\"},\"query-input\":{\"@type\":\"PropertyValueSpecification\",\"valueRequired\":true,\"valueName\":\"search_term_string\"}}],\"inLanguage\":\"fr-FR\"},{\"@type\":\"Organization\",\"@id\":\"https:\/\/softplaysupply.com\/#organization\",\"name\":\"Nanpak\",\"url\":\"https:\/\/softplaysupply.com\/\",\"logo\":{\"@type\":\"ImageObject\",\"inLanguage\":\"fr-FR\",\"@id\":\"https:\/\/softplaysupply.com\/#\/schema\/logo\/image\/\",\"url\":\"https:\/\/softplaysupply.com\/wp-content\/uploads\/2025\/12\/cropped-mobile-logo.png\",\"contentUrl\":\"https:\/\/softplaysupply.com\/wp-content\/uploads\/2025\/12\/cropped-mobile-logo.png\",\"width\":263,\"height\":84,\"caption\":\"Nanpak\"},\"image\":{\"@id\":\"https:\/\/softplaysupply.com\/#\/schema\/logo\/image\/\"}}]}<\/script>\n<!-- \/ Yoast SEO plugin. -->","yoast_head_json":{"title":"\u00c9quipement de terrain de jeu int\u00e9rieur personnalis\u00e9 sur le th\u00e8me de la nature \u00e0 vendre","robots":{"index":"index","follow":"follow","max-snippet":"max-snippet:-1","max-image-preview":"max-image-preview:large","max-video-preview":"max-video-preview:-1"},"canonical":"https:\/\/softplaysupply.com\/fr\/produit\/nature-inspired-themed-indoor-playground\/","og_locale":"fr_FR","og_type":"article","og_title":"Customized Nature Inspired Themed Indoor Playground Equipment for Sale","og_description":"Our nature-inspired playground equipment is designed to ignite imagination and creativity. Every element is fully customizable, ensuring that the playground perfectly matches your space and vision. From towering trees and playful animals to vibrant flowers and natural landscapes, our designs seamlessly bring the beauty of the outdoors inside, offering children a safe and exciting environment to explore and enjoy.","og_url":"https:\/\/softplaysupply.com\/fr\/produit\/nature-inspired-themed-indoor-playground\/","og_site_name":"Nanpak","article_modified_time":"2026-02-08T08:42:41+00:00","og_image":[{"width":750,"height":705,"url":"https:\/\/softplaysupply.com\/wp-content\/uploads\/2025\/12\/nature-themed-playground-8.jpg","type":"image\/jpeg"}],"twitter_card":"summary_large_image","twitter_misc":{"Dur\u00e9e de lecture estim\u00e9e":"4 minutes"},"schema":{"@context":"https:\/\/schema.org","@graph":[{"@type":"WebPage","@id":"https:\/\/softplaysupply.com\/product\/nature-inspired-themed-indoor-playground\/","url":"https:\/\/softplaysupply.com\/product\/nature-inspired-themed-indoor-playground\/","name":"\u00c9quipement de terrain de jeu int\u00e9rieur personnalis\u00e9 sur le th\u00e8me de la nature \u00e0 vendre","isPartOf":{"@id":"https:\/\/softplaysupply.com\/#website"},"primaryImageOfPage":{"@id":"https:\/\/softplaysupply.com\/product\/nature-inspired-themed-indoor-playground\/#primaryimage"},"image":{"@id":"https:\/\/softplaysupply.com\/product\/nature-inspired-themed-indoor-playground\/#primaryimage"},"thumbnailUrl":"https:\/\/softplaysupply.com\/wp-content\/uploads\/2025\/12\/nature-themed-playground-8.jpg","datePublished":"2026-02-08T08:18:41+00:00","dateModified":"2026-02-08T08:42:41+00:00","breadcrumb":{"@id":"https:\/\/softplaysupply.com\/product\/nature-inspired-themed-indoor-playground\/#breadcrumb"},"inLanguage":"fr-FR","potentialAction":[{"@type":"ReadAction","target":["https:\/\/softplaysupply.com\/product\/nature-inspired-themed-indoor-playground\/"]}]},{"@type":"ImageObject","inLanguage":"fr-FR","@id":"https:\/\/softplaysupply.com\/product\/nature-inspired-themed-indoor-playground\/#primaryimage","url":"https:\/\/softplaysupply.com\/wp-content\/uploads\/2025\/12\/nature-themed-playground-8.jpg","contentUrl":"https:\/\/softplaysupply.com\/wp-content\/uploads\/2025\/12\/nature-themed-playground-8.jpg","width":750,"height":705},{"@type":"BreadcrumbList","@id":"https:\/\/softplaysupply.com\/product\/nature-inspired-themed-indoor-playground\/#breadcrumb","itemListElement":[{"@type":"ListItem","position":1,"name":"Home","item":"https:\/\/softplaysupply.com\/"},{"@type":"ListItem","position":2,"name":"Indoor Playground Equipment","item":"https:\/\/softplaysupply.com\/pcategory\/indoor-playground-equipment\/"},{"@type":"ListItem","position":3,"name":"Themed Playground","item":"https:\/\/softplaysupply.com\/pcategory\/indoor-playground-equipment\/themed-playground\/"},{"@type":"ListItem","position":4,"name":"Customized Nature Inspired Themed Indoor Playground Equipment for Sale"}]},{"@type":"WebSite","@id":"https:\/\/softplaysupply.com\/#website","url":"https:\/\/softplaysupply.com\/","name":"Fournisseur de jeux souples","description":"Fournisseur de jeux souples","publisher":{"@id":"https:\/\/softplaysupply.com\/#organization"},"potentialAction":[{"@type":"SearchAction","target":{"@type":"EntryPoint","urlTemplate":"https:\/\/softplaysupply.com\/?s={search_term_string}"},"query-input":{"@type":"PropertyValueSpecification","valueRequired":true,"valueName":"search_term_string"}}],"inLanguage":"fr-FR"},{"@type":"Organization","@id":"https:\/\/softplaysupply.com\/#organization","name":"Nanpak","url":"https:\/\/softplaysupply.com\/","logo":{"@type":"ImageObject","inLanguage":"fr-FR","@id":"https:\/\/softplaysupply.com\/#\/schema\/logo\/image\/","url":"https:\/\/softplaysupply.com\/wp-content\/uploads\/2025\/12\/cropped-mobile-logo.png","contentUrl":"https:\/\/softplaysupply.com\/wp-content\/uploads\/2025\/12\/cropped-mobile-logo.png","width":263,"height":84,"caption":"Nanpak"},"image":{"@id":"https:\/\/softplaysupply.com\/#\/schema\/logo\/image\/"}}]}},"taxonomy_info":{"pcategory":[{"value":5,"label":"Indoor Playground Equipment"},{"value":34,"label":"Themed Playground"}]},"featured_image_src_large":["https:\/\/softplaysupply.com\/wp-content\/uploads\/2025\/12\/nature-themed-playground-8.jpg",750,705,false],"author_info":[],"comment_info":"","_links":{"self":[{"href":"https:\/\/softplaysupply.com\/fr\/wp-json\/wp\/v2\/product\/3585","targetHints":{"allow":["GET"]}}],"collection":[{"href":"https:\/\/softplaysupply.com\/fr\/wp-json\/wp\/v2\/product"}],"about":[{"href":"https:\/\/softplaysupply.com\/fr\/wp-json\/wp\/v2\/types\/product"}],"wp:featuredmedia":[{"embeddable":true,"href":"https:\/\/softplaysupply.com\/fr\/wp-json\/wp\/v2\/media\/3593"}],"wp:attachment":[{"href":"https:\/\/softplaysupply.com\/fr\/wp-json\/wp\/v2\/media?parent=3585"}],"wp:term":[{"taxonomy":"pcategory","embeddable":true,"href":"https:\/\/softplaysupply.com\/fr\/wp-json\/wp\/v2\/pcategory?post=3585"},{"taxonomy":"ptag","embeddable":true,"href":"https:\/\/softplaysupply.com\/fr\/wp-json\/wp\/v2\/ptag?post=3585"}],"curies":[{"name":"wp","href":"https:\/\/api.w.org\/{rel}","templated":true}]}}