{"id":3576,"date":"2026-02-05T04:13:49","date_gmt":"2026-02-05T04:13:49","guid":{"rendered":"https:\/\/softplaysupply.com\/?post_type=product&#038;p=3576"},"modified":"2025-12-26T06:01:58","modified_gmt":"2025-12-26T06:01:58","slug":"pirate-ship-themed-playground","status":"publish","type":"product","link":"https:\/\/softplaysupply.com\/fr\/produit\/pirate-ship-themed-playground\/","title":{"rendered":"Structure de jeu pour enfants sur le th\u00e8me des bateaux pirates, pour l'int\u00e9rieur"},"content":{"rendered":"<div class=\"product-description\">\n<p>Bateau pirate d'int\u00e9rieur pour enfants <a href=\"https:\/\/softplaysupply.com\/fr\/pcategory\/indoor-playground-equipment\/themed-playground\/\" data-internallinksmanager029f6b8e52c=\"7\" title=\"aire de jeux \u00e0 th\u00e8me\" target=\"_blank\" rel=\"noopener\">Aire de jeux \u00e0 th\u00e8me<\/a> \u00c9quipement de structure de jeu en forme de bateau, sp\u00e9cialement con\u00e7u pour cr\u00e9er une exp\u00e9rience immersive sur le th\u00e8me des pirates pour les enfants. Inspir\u00e9e des histoires classiques de pirates et de l'exploration oc\u00e9anique, cette structure de jeu d'int\u00e9rieur transforme n'importe quel espace en une zone d'aventure passionnante o\u00f9 les enfants peuvent grimper, ramper, glisser et jouer le r\u00f4le de courageux marins.<\/p>\n<p>Con\u00e7u comme une structure de jeu compl\u00e8te en forme de bateau pirate, cet \u00e9quipement encourage l'activit\u00e9 physique, l'interaction sociale et le jeu imaginatif. Les enfants peuvent explorer le pont, grimper et interagir avec des \u00e9l\u00e9ments th\u00e9matiques, ce qui en fait un terrain de jeu original en forme de bateau pirate qui captive les enfants pendant de longues p\u00e9riodes.<\/p>\n<p><img loading=\"lazy\" decoding=\"async\" class=\"alignnone size-full wp-image-3581\" src=\"https:\/\/softplaysupply.com\/wp-content\/uploads\/2025\/12\/Pirate-Ship-Themed-Playground-5.jpg\" alt=\"\" width=\"750\" height=\"750\" srcset=\"https:\/\/softplaysupply.com\/wp-content\/uploads\/2025\/12\/Pirate-Ship-Themed-Playground-5.jpg 750w, https:\/\/softplaysupply.com\/wp-content\/uploads\/2025\/12\/Pirate-Ship-Themed-Playground-5-300x300.jpg 300w, https:\/\/softplaysupply.com\/wp-content\/uploads\/2025\/12\/Pirate-Ship-Themed-Playground-5-150x150.jpg 150w, https:\/\/softplaysupply.com\/wp-content\/uploads\/2025\/12\/Pirate-Ship-Themed-Playground-5-12x12.jpg 12w\" sizes=\"auto, (max-width: 750px) 100vw, 750px\" \/> <img loading=\"lazy\" decoding=\"async\" class=\"alignnone size-full wp-image-3577\" src=\"https:\/\/softplaysupply.com\/wp-content\/uploads\/2025\/12\/Pirate-Ship-Themed-Playground-1.jpg\" alt=\"\" width=\"1000\" height=\"1000\" srcset=\"https:\/\/softplaysupply.com\/wp-content\/uploads\/2025\/12\/Pirate-Ship-Themed-Playground-1.jpg 1000w, https:\/\/softplaysupply.com\/wp-content\/uploads\/2025\/12\/Pirate-Ship-Themed-Playground-1-300x300.jpg 300w, https:\/\/softplaysupply.com\/wp-content\/uploads\/2025\/12\/Pirate-Ship-Themed-Playground-1-150x150.jpg 150w, https:\/\/softplaysupply.com\/wp-content\/uploads\/2025\/12\/Pirate-Ship-Themed-Playground-1-768x768.jpg 768w, https:\/\/softplaysupply.com\/wp-content\/uploads\/2025\/12\/Pirate-Ship-Themed-Playground-1-12x12.jpg 12w\" sizes=\"auto, (max-width: 1000px) 100vw, 1000px\" \/> <img loading=\"lazy\" decoding=\"async\" class=\"alignnone size-full wp-image-3578\" src=\"https:\/\/softplaysupply.com\/wp-content\/uploads\/2025\/12\/Pirate-Ship-Themed-Playground-2.jpg\" alt=\"\" width=\"1000\" height=\"1000\" srcset=\"https:\/\/softplaysupply.com\/wp-content\/uploads\/2025\/12\/Pirate-Ship-Themed-Playground-2.jpg 1000w, https:\/\/softplaysupply.com\/wp-content\/uploads\/2025\/12\/Pirate-Ship-Themed-Playground-2-300x300.jpg 300w, https:\/\/softplaysupply.com\/wp-content\/uploads\/2025\/12\/Pirate-Ship-Themed-Playground-2-150x150.jpg 150w, https:\/\/softplaysupply.com\/wp-content\/uploads\/2025\/12\/Pirate-Ship-Themed-Playground-2-768x768.jpg 768w, https:\/\/softplaysupply.com\/wp-content\/uploads\/2025\/12\/Pirate-Ship-Themed-Playground-2-12x12.jpg 12w\" sizes=\"auto, (max-width: 1000px) 100vw, 1000px\" \/><\/p>\n<p><strong>Avantages<\/strong><br \/>\na. Plastique alimentaire disponible dans une large gamme de couleurs qui restent vives et conservent leur aspect neuf pendant des ann\u00e9es.<br \/>\nb. Certifi\u00e9 conforme \u00e0 la norme europ\u00e9enne EN1176 et aux exigences de s\u00e9curit\u00e9 GS.<br \/>\nc. Fabriqu\u00e9 par une usine exp\u00e9riment\u00e9e qui compte plus de 30 ans d'exp\u00e9rience dans la fourniture mondiale et qui joue un r\u00f4le de premier plan dans l'industrie chinoise des outils p\u00e9dagogiques et des jouets \u00e9ducatifs.<\/p>\n<p><strong>Sp\u00e9cifications du produit<\/strong><br \/>\n\u00c2ge de l'utilisateur : 3 \u00e0 12 ans<br \/>\nCapacit\u00e9 : 25 \u00e0 60 enfants (selon la taille personnalis\u00e9e du site)<br \/>\nDur\u00e9e d'installation : environ 3 jours avec 5 personnes<br \/>\nDomaines d'application : parcs d'attractions, zones r\u00e9sidentielles, jardins d'enfants, \u00e9coles maternelles, centres commerciaux, restaurants et espaces ext\u00e9rieurs.<\/p>\n<p>Ce produit est id\u00e9al pour cr\u00e9er des aires de jeux pirates attrayantes, que vous envisagiez une aire de jeux compacte en forme de bateau pirate, une aire de jeux th\u00e9matique sur le th\u00e8me des pirates ou que vous recherchiez des \u00e9quipements fiables pour une aire de jeux sur le th\u00e8me des pirates. Il convient \u00e9galement aux clients qui recherchent une aire de jeux sur le th\u00e8me des pirates \u00e0 vendre, alliant un fort impact visuel \u00e0 des performances s\u00fbres et durables. Solution polyvalente d'\u00e9quipement de jeu sur le th\u00e8me des pirates, elle met en valeur n'importe quelle aire de jeux sur le th\u00e8me des pirates et offre des exp\u00e9riences de jeu m\u00e9morables. Cette aire de jeux int\u00e9rieure sur le th\u00e8me des pirates est con\u00e7ue dans un souci de s\u00e9curit\u00e9, de durabilit\u00e9 et d'impact visuel. Les composants en plastique sont fabriqu\u00e9s \u00e0 partir de LLDPE (poly\u00e9thyl\u00e8ne lin\u00e9aire \u00e0 basse densit\u00e9) de qualit\u00e9 alimentaire, tandis que la structure m\u00e9tallique utilise des tubes en acier galvanis\u00e9 \u00e0 haute r\u00e9sistance d'une \u00e9paisseur standard de 2,0 mm. Les ponts et les escaliers sont construits \u00e0 partir de plaques d'acier recouvertes d'un rev\u00eatement en poudre plastique ou en PVC afin d'am\u00e9liorer leur durabilit\u00e9 et leur r\u00e9sistance au glissement. Toutes les fixations sont en acier inoxydable SS304, garantissant une structure solide et s\u00fbre. Des mat\u00e9riaux personnalis\u00e9s sont disponibles sur demande.<\/p>\n<p><strong>Emballage et garantie<\/strong><br \/>\nLes pi\u00e8ces en plastique sont emball\u00e9es dans des sacs \u00e0 bulles et du film PP. Les composants en acier sont prot\u00e9g\u00e9s par du tissu en coton et du film PP. Nous offrons une garantie de 5 ans pour les pi\u00e8ces en plastique, les poteaux en acier, les plateformes m\u00e9talliques et les escaliers, et une garantie de 3 ans pour les composants en acier.<\/p>\n<\/div>","protected":false},"excerpt":{"rendered":"<p>Structure de jeu pour enfants sur le th\u00e8me des bateaux pirates, sp\u00e9cialement con\u00e7ue pour cr\u00e9er une exp\u00e9rience immersive sur le th\u00e8me des pirates pour les enfants. Inspir\u00e9e des histoires classiques de pirates et de l'exploration oc\u00e9anique, cette structure de jeu d'int\u00e9rieur transforme n'importe quel espace en une zone d'aventure passionnante o\u00f9 les enfants peuvent grimper, ramper, glisser et jouer le r\u00f4le de courageux marins. Con\u00e7ue comme...<\/p>","protected":false},"featured_media":3584,"parent":0,"template":"","meta":{"_acf_changed":false,"_kad_blocks_custom_css":"","_kad_blocks_head_custom_js":"","_kad_blocks_body_custom_js":"","_kad_blocks_footer_custom_js":"","_kadence_starter_templates_imported_post":false,"_kad_post_transparent":"default","_kad_post_title":"","_kad_post_layout":"default","_kad_post_sidebar_id":"","_kad_post_content_style":"default","_kad_post_vertical_padding":"default","_kad_post_feature":"","_kad_post_feature_position":"","_kad_post_header":false,"_kad_post_footer":false},"pcategory":[5,34],"ptag":[],"class_list":["post-3576","product","type-product","status-publish","has-post-thumbnail","hentry","pcategory-indoor-playground-equipment","pcategory-themed-playground"],"acf":[],"yoast_head":"<!-- This site is optimized with the Yoast SEO plugin v26.8 - https:\/\/yoast.com\/product\/yoast-seo-wordpress\/ -->\n<title>Kids Indoor Pirate Ship Themed Playground Boat Play Structure Equipment<\/title>\n<meta name=\"robots\" content=\"index, follow, max-snippet:-1, max-image-preview:large, max-video-preview:-1\" \/>\n<link rel=\"canonical\" href=\"https:\/\/softplaysupply.com\/fr\/produit\/pirate-ship-themed-playground\/\" \/>\n<meta property=\"og:locale\" content=\"fr_FR\" \/>\n<meta property=\"og:type\" content=\"article\" \/>\n<meta property=\"og:title\" content=\"Kids Indoor Pirate Ship Themed Playground Boat Play Structure Equipment\" \/>\n<meta property=\"og:description\" content=\"Kids Indoor Pirate Ship Themed Playground Boat Play Structure Equipment, specially designed to create an immersive pirate themed playground experience for children. Inspired by classic pirate stories and ocean exploration, this indoor play structure transforms any space into an exciting adventure zone where kids can climb, crawl, slide, and role-play as brave sailors. Designed as...\" \/>\n<meta property=\"og:url\" content=\"https:\/\/softplaysupply.com\/fr\/produit\/pirate-ship-themed-playground\/\" \/>\n<meta property=\"og:site_name\" content=\"Nanpak\" \/>\n<meta property=\"og:image\" content=\"https:\/\/softplaysupply.com\/wp-content\/uploads\/2026\/02\/pirate-ship-indoor-playground.jpg\" \/>\n\t<meta property=\"og:image:width\" content=\"800\" \/>\n\t<meta property=\"og:image:height\" content=\"800\" \/>\n\t<meta property=\"og:image:type\" content=\"image\/jpeg\" \/>\n<meta name=\"twitter:card\" content=\"summary_large_image\" \/>\n<meta name=\"twitter:label1\" content=\"Dur\u00e9e de lecture estim\u00e9e\" \/>\n\t<meta name=\"twitter:data1\" content=\"3 minutes\" \/>\n<script type=\"application\/ld+json\" class=\"yoast-schema-graph\">{\"@context\":\"https:\/\/schema.org\",\"@graph\":[{\"@type\":\"WebPage\",\"@id\":\"https:\/\/softplaysupply.com\/product\/pirate-ship-themed-playground\/\",\"url\":\"https:\/\/softplaysupply.com\/product\/pirate-ship-themed-playground\/\",\"name\":\"Kids Indoor Pirate Ship Themed Playground Boat Play Structure Equipment\",\"isPartOf\":{\"@id\":\"https:\/\/softplaysupply.com\/#website\"},\"primaryImageOfPage\":{\"@id\":\"https:\/\/softplaysupply.com\/product\/pirate-ship-themed-playground\/#primaryimage\"},\"image\":{\"@id\":\"https:\/\/softplaysupply.com\/product\/pirate-ship-themed-playground\/#primaryimage\"},\"thumbnailUrl\":\"https:\/\/softplaysupply.com\/wp-content\/uploads\/2026\/02\/pirate-ship-indoor-playground.jpg\",\"datePublished\":\"2026-02-05T04:13:49+00:00\",\"breadcrumb\":{\"@id\":\"https:\/\/softplaysupply.com\/product\/pirate-ship-themed-playground\/#breadcrumb\"},\"inLanguage\":\"fr-FR\",\"potentialAction\":[{\"@type\":\"ReadAction\",\"target\":[\"https:\/\/softplaysupply.com\/product\/pirate-ship-themed-playground\/\"]}]},{\"@type\":\"ImageObject\",\"inLanguage\":\"fr-FR\",\"@id\":\"https:\/\/softplaysupply.com\/product\/pirate-ship-themed-playground\/#primaryimage\",\"url\":\"https:\/\/softplaysupply.com\/wp-content\/uploads\/2026\/02\/pirate-ship-indoor-playground.jpg\",\"contentUrl\":\"https:\/\/softplaysupply.com\/wp-content\/uploads\/2026\/02\/pirate-ship-indoor-playground.jpg\",\"width\":800,\"height\":800,\"caption\":\"pirate ship indoor playground\"},{\"@type\":\"BreadcrumbList\",\"@id\":\"https:\/\/softplaysupply.com\/product\/pirate-ship-themed-playground\/#breadcrumb\",\"itemListElement\":[{\"@type\":\"ListItem\",\"position\":1,\"name\":\"Home\",\"item\":\"https:\/\/softplaysupply.com\/\"},{\"@type\":\"ListItem\",\"position\":2,\"name\":\"Indoor Playground Equipment\",\"item\":\"https:\/\/softplaysupply.com\/pcategory\/indoor-playground-equipment\/\"},{\"@type\":\"ListItem\",\"position\":3,\"name\":\"Kids Indoor Pirate Ship Themed Playground Boat Play Structure Equipment\"}]},{\"@type\":\"WebSite\",\"@id\":\"https:\/\/softplaysupply.com\/#website\",\"url\":\"https:\/\/softplaysupply.com\/\",\"name\":\"Soft Play Supplier\",\"description\":\"Soft Play Supplier\",\"publisher\":{\"@id\":\"https:\/\/softplaysupply.com\/#organization\"},\"potentialAction\":[{\"@type\":\"SearchAction\",\"target\":{\"@type\":\"EntryPoint\",\"urlTemplate\":\"https:\/\/softplaysupply.com\/?s={search_term_string}\"},\"query-input\":{\"@type\":\"PropertyValueSpecification\",\"valueRequired\":true,\"valueName\":\"search_term_string\"}}],\"inLanguage\":\"fr-FR\"},{\"@type\":\"Organization\",\"@id\":\"https:\/\/softplaysupply.com\/#organization\",\"name\":\"Nanpak\",\"url\":\"https:\/\/softplaysupply.com\/\",\"logo\":{\"@type\":\"ImageObject\",\"inLanguage\":\"fr-FR\",\"@id\":\"https:\/\/softplaysupply.com\/#\/schema\/logo\/image\/\",\"url\":\"https:\/\/softplaysupply.com\/wp-content\/uploads\/2025\/12\/cropped-mobile-logo.png\",\"contentUrl\":\"https:\/\/softplaysupply.com\/wp-content\/uploads\/2025\/12\/cropped-mobile-logo.png\",\"width\":263,\"height\":84,\"caption\":\"Nanpak\"},\"image\":{\"@id\":\"https:\/\/softplaysupply.com\/#\/schema\/logo\/image\/\"}}]}<\/script>\n<!-- \/ Yoast SEO plugin. -->","yoast_head_json":{"title":"Structure de jeu pour enfants sur le th\u00e8me des bateaux pirates, pour l'int\u00e9rieur","robots":{"index":"index","follow":"follow","max-snippet":"max-snippet:-1","max-image-preview":"max-image-preview:large","max-video-preview":"max-video-preview:-1"},"canonical":"https:\/\/softplaysupply.com\/fr\/produit\/pirate-ship-themed-playground\/","og_locale":"fr_FR","og_type":"article","og_title":"Kids Indoor Pirate Ship Themed Playground Boat Play Structure Equipment","og_description":"Kids Indoor Pirate Ship Themed Playground Boat Play Structure Equipment, specially designed to create an immersive pirate themed playground experience for children. Inspired by classic pirate stories and ocean exploration, this indoor play structure transforms any space into an exciting adventure zone where kids can climb, crawl, slide, and role-play as brave sailors. Designed as...","og_url":"https:\/\/softplaysupply.com\/fr\/produit\/pirate-ship-themed-playground\/","og_site_name":"Nanpak","og_image":[{"width":800,"height":800,"url":"https:\/\/softplaysupply.com\/wp-content\/uploads\/2026\/02\/pirate-ship-indoor-playground.jpg","type":"image\/jpeg"}],"twitter_card":"summary_large_image","twitter_misc":{"Dur\u00e9e de lecture estim\u00e9e":"3 minutes"},"schema":{"@context":"https:\/\/schema.org","@graph":[{"@type":"WebPage","@id":"https:\/\/softplaysupply.com\/product\/pirate-ship-themed-playground\/","url":"https:\/\/softplaysupply.com\/product\/pirate-ship-themed-playground\/","name":"Structure de jeu pour enfants sur le th\u00e8me des bateaux pirates, pour l'int\u00e9rieur","isPartOf":{"@id":"https:\/\/softplaysupply.com\/#website"},"primaryImageOfPage":{"@id":"https:\/\/softplaysupply.com\/product\/pirate-ship-themed-playground\/#primaryimage"},"image":{"@id":"https:\/\/softplaysupply.com\/product\/pirate-ship-themed-playground\/#primaryimage"},"thumbnailUrl":"https:\/\/softplaysupply.com\/wp-content\/uploads\/2026\/02\/pirate-ship-indoor-playground.jpg","datePublished":"2026-02-05T04:13:49+00:00","breadcrumb":{"@id":"https:\/\/softplaysupply.com\/product\/pirate-ship-themed-playground\/#breadcrumb"},"inLanguage":"fr-FR","potentialAction":[{"@type":"ReadAction","target":["https:\/\/softplaysupply.com\/product\/pirate-ship-themed-playground\/"]}]},{"@type":"ImageObject","inLanguage":"fr-FR","@id":"https:\/\/softplaysupply.com\/product\/pirate-ship-themed-playground\/#primaryimage","url":"https:\/\/softplaysupply.com\/wp-content\/uploads\/2026\/02\/pirate-ship-indoor-playground.jpg","contentUrl":"https:\/\/softplaysupply.com\/wp-content\/uploads\/2026\/02\/pirate-ship-indoor-playground.jpg","width":800,"height":800,"caption":"pirate ship indoor playground"},{"@type":"BreadcrumbList","@id":"https:\/\/softplaysupply.com\/product\/pirate-ship-themed-playground\/#breadcrumb","itemListElement":[{"@type":"ListItem","position":1,"name":"Home","item":"https:\/\/softplaysupply.com\/"},{"@type":"ListItem","position":2,"name":"Indoor Playground Equipment","item":"https:\/\/softplaysupply.com\/pcategory\/indoor-playground-equipment\/"},{"@type":"ListItem","position":3,"name":"Kids Indoor Pirate Ship Themed Playground Boat Play Structure Equipment"}]},{"@type":"WebSite","@id":"https:\/\/softplaysupply.com\/#website","url":"https:\/\/softplaysupply.com\/","name":"Fournisseur de jeux souples","description":"Fournisseur de jeux souples","publisher":{"@id":"https:\/\/softplaysupply.com\/#organization"},"potentialAction":[{"@type":"SearchAction","target":{"@type":"EntryPoint","urlTemplate":"https:\/\/softplaysupply.com\/?s={search_term_string}"},"query-input":{"@type":"PropertyValueSpecification","valueRequired":true,"valueName":"search_term_string"}}],"inLanguage":"fr-FR"},{"@type":"Organization","@id":"https:\/\/softplaysupply.com\/#organization","name":"Nanpak","url":"https:\/\/softplaysupply.com\/","logo":{"@type":"ImageObject","inLanguage":"fr-FR","@id":"https:\/\/softplaysupply.com\/#\/schema\/logo\/image\/","url":"https:\/\/softplaysupply.com\/wp-content\/uploads\/2025\/12\/cropped-mobile-logo.png","contentUrl":"https:\/\/softplaysupply.com\/wp-content\/uploads\/2025\/12\/cropped-mobile-logo.png","width":263,"height":84,"caption":"Nanpak"},"image":{"@id":"https:\/\/softplaysupply.com\/#\/schema\/logo\/image\/"}}]}},"taxonomy_info":{"pcategory":[{"value":5,"label":"Indoor Playground Equipment"},{"value":34,"label":"Themed Playground"}]},"featured_image_src_large":["https:\/\/softplaysupply.com\/wp-content\/uploads\/2026\/02\/pirate-ship-indoor-playground.jpg",800,800,false],"author_info":[],"comment_info":"","_links":{"self":[{"href":"https:\/\/softplaysupply.com\/fr\/wp-json\/wp\/v2\/product\/3576","targetHints":{"allow":["GET"]}}],"collection":[{"href":"https:\/\/softplaysupply.com\/fr\/wp-json\/wp\/v2\/product"}],"about":[{"href":"https:\/\/softplaysupply.com\/fr\/wp-json\/wp\/v2\/types\/product"}],"wp:featuredmedia":[{"embeddable":true,"href":"https:\/\/softplaysupply.com\/fr\/wp-json\/wp\/v2\/media\/3584"}],"wp:attachment":[{"href":"https:\/\/softplaysupply.com\/fr\/wp-json\/wp\/v2\/media?parent=3576"}],"wp:term":[{"taxonomy":"pcategory","embeddable":true,"href":"https:\/\/softplaysupply.com\/fr\/wp-json\/wp\/v2\/pcategory?post=3576"},{"taxonomy":"ptag","embeddable":true,"href":"https:\/\/softplaysupply.com\/fr\/wp-json\/wp\/v2\/ptag?post=3576"}],"curies":[{"name":"wp","href":"https:\/\/api.w.org\/{rel}","templated":true}]}}