{"id":3551,"date":"2026-01-31T06:12:11","date_gmt":"2026-01-31T06:12:11","guid":{"rendered":"https:\/\/softplaysupply.com\/?post_type=product&#038;p=3551"},"modified":"2025-12-25T07:27:26","modified_gmt":"2025-12-25T07:27:26","slug":"custom-dinosaur-themed-indoor-playground","status":"publish","type":"product","link":"https:\/\/softplaysupply.com\/fr\/produit\/custom-dinosaur-themed-indoor-playground\/","title":{"rendered":"\u00c9quipement de gymnastique d'int\u00e9rieur sur mesure sur le th\u00e8me des dinosaures pour les aires de jeux commerciales"},"content":{"rendered":"<p style=\"font-size: 19px; color: #34495e; margin: 0 0 50px; font-weight: 500; text-align: left;\">Donnez vie \u00e0 l'aventure pr\u00e9historique avec notre dinosaure <a href=\"https:\/\/softplaysupply.com\/fr\/pcategory\/indoor-playground-equipment\/themed-playground\/\" data-internallinksmanager029f6b8e52c=\"7\" title=\"aire de jeux \u00e0 th\u00e8me\" target=\"_blank\" rel=\"noopener\">aire de jeux \u00e0 th\u00e8me<\/a> Une exp\u00e9rience de jeu en int\u00e9rieur dynamique et immersive, con\u00e7ue pour \u00e9merveiller et captiver les enfants de tous \u00e2ges. Cette aire de jeux transforme n'importe quelle zone de jeux commerciale en un monde pr\u00e9historique o\u00f9 les enfants peuvent grimper, glisser, ramper et explorer parmi des structures r\u00e9alistes sur le th\u00e8me des dinosaures. Dot\u00e9e de toboggans \u00e0 plusieurs niveaux, de piscines \u00e0 balles, de tunnels d'escalade, de ponts de corde et d'\u00e9l\u00e9ments interactifs, elle encourage l'activit\u00e9 physique, le jeu imaginatif et l'interaction sociale. Id\u00e9ale pour les centres commerciaux, les centres de divertissement familial et les parcs d'attractions int\u00e9rieurs, cette aire de jeux est enti\u00e8rement personnalisable pour s'adapter \u00e0 votre espace et \u00e0 vos exigences th\u00e9matiques. Chaque d\u00e9tail est con\u00e7u dans un souci de s\u00e9curit\u00e9, de durabilit\u00e9 et de plaisir, ce qui en fait l'aire de jeux sur le th\u00e8me des dinosaures ultime pour les enfants \u00e2g\u00e9s de 3 \u00e0 15 ans.<\/p>\n<p><img loading=\"lazy\" decoding=\"async\" class=\"alignnone size-full wp-image-3553\" src=\"https:\/\/softplaysupply.com\/wp-content\/uploads\/2026\/01\/dinosaur-themed-playground-2-1.jpg\" alt=\"\" width=\"800\" height=\"502\" srcset=\"https:\/\/softplaysupply.com\/wp-content\/uploads\/2026\/01\/dinosaur-themed-playground-2-1.jpg 800w, https:\/\/softplaysupply.com\/wp-content\/uploads\/2026\/01\/dinosaur-themed-playground-2-1-300x188.jpg 300w, https:\/\/softplaysupply.com\/wp-content\/uploads\/2026\/01\/dinosaur-themed-playground-2-1-768x482.jpg 768w, https:\/\/softplaysupply.com\/wp-content\/uploads\/2026\/01\/dinosaur-themed-playground-2-1-18x12.jpg 18w\" sizes=\"auto, (max-width: 800px) 100vw, 800px\" \/> <img loading=\"lazy\" decoding=\"async\" class=\"alignnone size-full wp-image-3554\" src=\"https:\/\/softplaysupply.com\/wp-content\/uploads\/2026\/01\/dinosaur-themed-playground-3.jpg\" alt=\"\" width=\"749\" height=\"749\" srcset=\"https:\/\/softplaysupply.com\/wp-content\/uploads\/2026\/01\/dinosaur-themed-playground-3.jpg 749w, https:\/\/softplaysupply.com\/wp-content\/uploads\/2026\/01\/dinosaur-themed-playground-3-300x300.jpg 300w, https:\/\/softplaysupply.com\/wp-content\/uploads\/2026\/01\/dinosaur-themed-playground-3-150x150.jpg 150w, https:\/\/softplaysupply.com\/wp-content\/uploads\/2026\/01\/dinosaur-themed-playground-3-12x12.jpg 12w\" sizes=\"auto, (max-width: 749px) 100vw, 749px\" \/> <img loading=\"lazy\" decoding=\"async\" class=\"alignnone size-full wp-image-3558\" src=\"https:\/\/softplaysupply.com\/wp-content\/uploads\/2026\/01\/dinosaur-themed-playground-7.jpg\" alt=\"\" width=\"800\" height=\"707\" srcset=\"https:\/\/softplaysupply.com\/wp-content\/uploads\/2026\/01\/dinosaur-themed-playground-7.jpg 800w, https:\/\/softplaysupply.com\/wp-content\/uploads\/2026\/01\/dinosaur-themed-playground-7-300x265.jpg 300w, https:\/\/softplaysupply.com\/wp-content\/uploads\/2026\/01\/dinosaur-themed-playground-7-768x679.jpg 768w, https:\/\/softplaysupply.com\/wp-content\/uploads\/2026\/01\/dinosaur-themed-playground-7-14x12.jpg 14w\" sizes=\"auto, (max-width: 800px) 100vw, 800px\" \/> <img loading=\"lazy\" decoding=\"async\" class=\"alignnone size-full wp-image-3559\" src=\"https:\/\/softplaysupply.com\/wp-content\/uploads\/2026\/01\/dinosaur-themed-playground-8.jpg\" alt=\"\" width=\"640\" height=\"640\" srcset=\"https:\/\/softplaysupply.com\/wp-content\/uploads\/2026\/01\/dinosaur-themed-playground-8.jpg 640w, https:\/\/softplaysupply.com\/wp-content\/uploads\/2026\/01\/dinosaur-themed-playground-8-300x300.jpg 300w, https:\/\/softplaysupply.com\/wp-content\/uploads\/2026\/01\/dinosaur-themed-playground-8-150x150.jpg 150w, https:\/\/softplaysupply.com\/wp-content\/uploads\/2026\/01\/dinosaur-themed-playground-8-12x12.jpg 12w\" sizes=\"auto, (max-width: 640px) 100vw, 640px\" \/> <img loading=\"lazy\" decoding=\"async\" class=\"alignnone size-full wp-image-3562\" src=\"https:\/\/softplaysupply.com\/wp-content\/uploads\/2026\/01\/dinosaur-themed-playground-11.jpg\" alt=\"aire de jeux sur le th\u00e8me des dinosaures\" width=\"749\" height=\"749\" srcset=\"https:\/\/softplaysupply.com\/wp-content\/uploads\/2026\/01\/dinosaur-themed-playground-11.jpg 749w, https:\/\/softplaysupply.com\/wp-content\/uploads\/2026\/01\/dinosaur-themed-playground-11-300x300.jpg 300w, https:\/\/softplaysupply.com\/wp-content\/uploads\/2026\/01\/dinosaur-themed-playground-11-150x150.jpg 150w, https:\/\/softplaysupply.com\/wp-content\/uploads\/2026\/01\/dinosaur-themed-playground-11-12x12.jpg 12w\" sizes=\"auto, (max-width: 749px) 100vw, 749px\" \/> <img loading=\"lazy\" decoding=\"async\" class=\"alignnone size-full wp-image-3563\" src=\"https:\/\/softplaysupply.com\/wp-content\/uploads\/2026\/01\/dinosaur-themed-playground-12.jpg\" alt=\"\" width=\"800\" height=\"700\" srcset=\"https:\/\/softplaysupply.com\/wp-content\/uploads\/2026\/01\/dinosaur-themed-playground-12.jpg 800w, https:\/\/softplaysupply.com\/wp-content\/uploads\/2026\/01\/dinosaur-themed-playground-12-300x263.jpg 300w, https:\/\/softplaysupply.com\/wp-content\/uploads\/2026\/01\/dinosaur-themed-playground-12-768x672.jpg 768w, https:\/\/softplaysupply.com\/wp-content\/uploads\/2026\/01\/dinosaur-themed-playground-12-14x12.jpg 14w\" sizes=\"auto, (max-width: 800px) 100vw, 800px\" \/> <img loading=\"lazy\" decoding=\"async\" class=\"alignnone size-full wp-image-3560\" src=\"https:\/\/softplaysupply.com\/wp-content\/uploads\/2026\/01\/dinosaur-themed-playground-9.jpg\" alt=\"\" width=\"790\" height=\"1063\" srcset=\"https:\/\/softplaysupply.com\/wp-content\/uploads\/2026\/01\/dinosaur-themed-playground-9.jpg 790w, https:\/\/softplaysupply.com\/wp-content\/uploads\/2026\/01\/dinosaur-themed-playground-9-223x300.jpg 223w, https:\/\/softplaysupply.com\/wp-content\/uploads\/2026\/01\/dinosaur-themed-playground-9-761x1024.jpg 761w, https:\/\/softplaysupply.com\/wp-content\/uploads\/2026\/01\/dinosaur-themed-playground-9-768x1033.jpg 768w, https:\/\/softplaysupply.com\/wp-content\/uploads\/2026\/01\/dinosaur-themed-playground-9-9x12.jpg 9w\" sizes=\"auto, (max-width: 790px) 100vw, 790px\" \/> <img loading=\"lazy\" decoding=\"async\" class=\"alignnone size-full wp-image-3561\" src=\"https:\/\/softplaysupply.com\/wp-content\/uploads\/2026\/01\/dinosaur-themed-playground-10.jpg\" alt=\"\" width=\"638\" height=\"768\" srcset=\"https:\/\/softplaysupply.com\/wp-content\/uploads\/2026\/01\/dinosaur-themed-playground-10.jpg 638w, https:\/\/softplaysupply.com\/wp-content\/uploads\/2026\/01\/dinosaur-themed-playground-10-249x300.jpg 249w, https:\/\/softplaysupply.com\/wp-content\/uploads\/2026\/01\/dinosaur-themed-playground-10-10x12.jpg 10w\" sizes=\"auto, (max-width: 638px) 100vw, 638px\" \/><\/p>\n<p style=\"font-size: 28px; font-weight: bold; color: #2e7d32; margin: 70px 0 25px; text-align: left;\">Param\u00e8tres du produit<\/p>\n<div style=\"margin: 0 0 60px;\">\n<p style=\"font-size: 19px; font-weight: bold; color: #1a5c38; margin: 0 0 12px; text-align: left;\">Produit<\/p>\n<p style=\"font-size: 17px; color: #424242; margin: 0 0 25px; padding-left: 20px; text-align: left;\">Aire de jeux int\u00e9rieure pour enfants<\/p>\n<p style=\"font-size: 19px; font-weight: bold; color: #1a5c38; margin: 0 0 12px; text-align: left;\">Taille\/Couleur<\/p>\n<p style=\"font-size: 17px; color: #424242; margin: 0 0 25px; padding-left: 20px; text-align: left;\">Personnalis\u00e9<\/p>\n<p style=\"font-size: 19px; font-weight: bold; color: #1a5c38; margin: 0 0 12px; text-align: left;\">Certificats<\/p>\n<p style=\"font-size: 17px; color: #424242; margin: 0 0 25px; padding-left: 20px; text-align: left;\">CE, ISO9001, ISO8124, EN1176, STU, etc.<\/p>\n<p style=\"font-size: 19px; font-weight: bold; color: #1a5c38; margin: 0 0 12px; text-align: left;\">Tranche d'\u00e2ge<\/p>\n<p style=\"font-size: 17px; color: #424242; margin: 0 0 25px; padding-left: 20px; text-align: left;\">3 \u00e0 15 ans<\/p>\n<p style=\"font-size: 19px; font-weight: bold; color: #1a5c38; margin: 0 0 12px; text-align: left;\">Mat\u00e9riau principal<\/p>\n<p style=\"font-size: 17px; color: #424242; margin: 0 0 25px; padding-left: 20px; text-align: left;\">Tuyau en acier galvanis\u00e9 + contreplaqu\u00e9 haute densit\u00e9 ou plastique + remplissage EPE haute densit\u00e9 + rev\u00eatement PU de qualit\u00e9 + quincaillerie en acier inoxydable<\/p>\n<p style=\"font-size: 19px; font-weight: bold; color: #1a5c38; margin: 0 0 12px; text-align: left;\">Th\u00e8mes disponibles<\/p>\n<p style=\"font-size: 17px; color: #424242; margin: 0 0 25px; padding-left: 20px; text-align: left;\">Espace, Bonbons, Oc\u00e9an, Macaron, For\u00eat, Neige romantique, Britannique, S\u00e9rie Trampoline, Dinosaure, etc.<\/p>\n<p style=\"font-size: 19px; font-weight: bold; color: #1a5c38; margin: 0 0 12px; text-align: left;\">Installation<\/p>\n<p style=\"font-size: 17px; color: #424242; margin: 0 0 25px; padding-left: 20px; text-align: left;\">Formation professionnelle \u00e0 la CAO, proc\u00e9dures d'assemblage et \u00e9tudes de cas<\/p>\n<p style=\"font-size: 19px; font-weight: bold; color: #1a5c38; margin: 0 0 12px; text-align: left;\">Emballage<\/p>\n<p style=\"font-size: 17px; color: #424242; margin: 0 0 25px; padding-left: 20px; text-align: left;\">Emballage standard pour l'exportation<\/p>\n<p style=\"font-size: 19px; font-weight: bold; color: #1a5c38; margin: 0 0 12px; text-align: left;\">Avantages<\/p>\n<p style=\"font-size: 17px; color: #424242; margin: 0 0 25px; padding-left: 20px; text-align: left;\">Anti-fissures, anti-d\u00e9coloration, non toxique, r\u00e9sistance aux UV<\/p>\n<p style=\"font-size: 19px; font-weight: bold; color: #1a5c38; margin: 0 0 12px; text-align: left;\">Zones ou attractions<\/p>\n<p style=\"font-size: 17px; color: #424242; margin: 0 0 25px; padding-left: 20px; text-align: left;\">Piscine \u00e0 sable, piscine \u00e0 balles, blocs de construction en mousse EPP, pont \u00e0 cha\u00eene en fer, v\u00e9lo \u00e9lectrique, seau rotatif, ballon de yoga, man\u00e8ge, balan\u00e7oire \u00e0 balles, cocotier rotatif souple, pont de corde, balan\u00e7oire de boxe, lanceur de balles, tunnel spatial, tunnel \u00e0 ramper, ring de boxe gonflable, trampoline<\/p>\n<p style=\"font-size: 19px; font-weight: bold; color: #1a5c38; margin: 0 0 12px; text-align: left;\">D\u00e9lai de livraison<\/p>\n<p style=\"font-size: 17px; color: #424242; margin: 0 0 25px; padding-left: 20px; text-align: left;\">30 jours<\/p>\n<\/div>\n<p style=\"font-size: 28px; font-weight: bold; color: #2e7d32; margin: 70px 0 25px; text-align: left;\">Pourquoi nous choisir<\/p>\n<div style=\"margin: 0 0 60px;\">\n<p style=\"font-size: 20px; font-weight: bold; color: #1a5c38; margin: 0 0 15px; text-align: left;\">\u2022 Usine source et rapport co\u00fbt-performance \u00e9lev\u00e9<\/p>\n<p style=\"font-size: 17px; color: #424242; margin: 0 0 30px; text-align: left;\">Smart Sports est le fournisseur direct de l'usine, offrant un approvisionnement suffisant et les prix les plus comp\u00e9titifs pour des achats sans souci.<\/p>\n<p style=\"font-size: 20px; font-weight: bold; color: #1a5c38; margin: 0 0 15px; text-align: left;\">\u2022 Leadership en mati\u00e8re d'innovation<\/p>\n<p style=\"font-size: 17px; color: #424242; margin: 0 0 30px; text-align: left;\">La recherche et le d\u00e9veloppement continus garantissent des avanc\u00e9es technologiques et des am\u00e9liorations dans tous les d\u00e9partements, am\u00e9liorant ainsi la qualit\u00e9 et l'efficacit\u00e9 des produits.<\/p>\n<p style=\"font-size: 20px; font-weight: bold; color: #1a5c38; margin: 0 0 15px; text-align: left;\">\u2022 Produits d'excellence et de qualit\u00e9<\/p>\n<p style=\"font-size: 17px; color: #424242; margin: 0 0 30px; text-align: left;\">Une inspection rigoureuse des produits garantit une longue dur\u00e9e de vie et un faible taux de retour, offrant ainsi les aires de jeux les plus fiables.<\/p>\n<p style=\"font-size: 20px; font-weight: bold; color: #1a5c38; margin: 0 0 15px; text-align: left;\">\u2022 Service complet et assistance apr\u00e8s-vente<\/p>\n<p style=\"font-size: 17px; color: #424242; margin: 0 0 30px; text-align: left;\">Nous fournissons des services d'approvisionnement complets, de la conception \u00e0 la production, en passant par l'installation et le service apr\u00e8s-vente, garantissant ainsi la tranquillit\u00e9 d'esprit de nos clients commerciaux.<\/p>\n<\/div>\n<div style=\"margin: 80px 0 40px; padding: 50px 35px; background: linear-gradient(135deg, #e8f5e9, #f0fff0); border-radius: 30px; text-align: left;\">\n<p style=\"font-size: 26px; font-weight: bold; color: #1a5c38; margin: 0 0 25px;\">Pr\u00eat \u00e0 faire entrer le monde pr\u00e9historique dans votre \u00e9tablissement ?<\/p>\n<p style=\"font-size: 20px; font-weight: 600; color: #2e7d32; margin: 0;\">Contactez-nous d\u00e8s aujourd'hui pour obtenir votre aire de jeux enti\u00e8rement personnalis\u00e9e sur le th\u00e8me des dinosaures !<\/p>\n<p><iframe loading=\"lazy\" title=\"Aire de jeux int\u00e9rieure Dinosaur Adventure avec toboggans et piscine \u00e0 balles pour enfants #dinosaurthemedplayground\" width=\"563\" height=\"1000\" src=\"https:\/\/www.youtube.com\/embed\/Qbyyu4XOd5k?feature=oembed\" frameborder=\"0\" allow=\"accelerometer; autoplay; clipboard-write; encrypted-media; gyroscope; picture-in-picture; web-share\" referrerpolicy=\"strict-origin-when-cross-origin\" allowfullscreen><\/iframe><\/p>\n<\/div>","protected":false},"excerpt":{"rendered":"<p>Donnez vie \u00e0 l'aventure pr\u00e9historique gr\u00e2ce \u00e0 notre aire de jeux sur le th\u00e8me des dinosaures, une exp\u00e9rience ludique int\u00e9rieure dynamique et immersive con\u00e7ue pour \u00e9merveiller et captiver les enfants de tous \u00e2ges. Cette aire de jeux transforme n'importe quelle zone de jeux commerciale en un monde pr\u00e9historique o\u00f9 les enfants peuvent grimper, glisser, ramper et explorer parmi des structures r\u00e9alistes sur le th\u00e8me des dinosaures. Elle comprend des toboggans \u00e0 plusieurs niveaux, des piscines \u00e0 balles, des structures d'escalade...<\/p>","protected":false},"featured_media":3562,"parent":0,"template":"","meta":{"_acf_changed":false,"_kad_blocks_custom_css":"","_kad_blocks_head_custom_js":"","_kad_blocks_body_custom_js":"","_kad_blocks_footer_custom_js":"","_kadence_starter_templates_imported_post":false,"_kad_post_transparent":"default","_kad_post_title":"","_kad_post_layout":"default","_kad_post_sidebar_id":"","_kad_post_content_style":"default","_kad_post_vertical_padding":"default","_kad_post_feature":"","_kad_post_feature_position":"","_kad_post_header":false,"_kad_post_footer":false},"pcategory":[5,34],"ptag":[],"class_list":["post-3551","product","type-product","status-publish","has-post-thumbnail","hentry","pcategory-indoor-playground-equipment","pcategory-themed-playground"],"acf":[],"yoast_head":"<!-- This site is optimized with the Yoast SEO plugin v26.8 - https:\/\/yoast.com\/product\/yoast-seo-wordpress\/ -->\n<title>Custom Dinosaur Themed Indoor Playground Gym Equipment for Commercial Play Zones<\/title>\n<meta name=\"robots\" content=\"index, follow, max-snippet:-1, max-image-preview:large, max-video-preview:-1\" \/>\n<link rel=\"canonical\" href=\"https:\/\/softplaysupply.com\/fr\/produit\/custom-dinosaur-themed-indoor-playground\/\" \/>\n<meta property=\"og:locale\" content=\"fr_FR\" \/>\n<meta property=\"og:type\" content=\"article\" \/>\n<meta property=\"og:title\" content=\"Custom Dinosaur Themed Indoor Playground Gym Equipment for Commercial Play Zones\" \/>\n<meta property=\"og:description\" content=\"Bring prehistoric adventure to life with our dinosaur themed playground a vibrant and immersive indoor play experience designed to thrill and engage children of all ages. This playground transforms any commercial play zone into a prehistoric world where kids can climb, slide, crawl, and explore among life-like dinosaur-themed structures. Featuring multi-level slides, ball pits, climbing...\" \/>\n<meta property=\"og:url\" content=\"https:\/\/softplaysupply.com\/fr\/produit\/custom-dinosaur-themed-indoor-playground\/\" \/>\n<meta property=\"og:site_name\" content=\"Nanpak\" \/>\n<meta property=\"og:image\" content=\"https:\/\/softplaysupply.com\/wp-content\/uploads\/2026\/01\/dinosaur-themed-playground-11.jpg\" \/>\n\t<meta property=\"og:image:width\" content=\"749\" \/>\n\t<meta property=\"og:image:height\" content=\"749\" \/>\n\t<meta property=\"og:image:type\" content=\"image\/jpeg\" \/>\n<meta name=\"twitter:card\" content=\"summary_large_image\" \/>\n<meta name=\"twitter:label1\" content=\"Dur\u00e9e de lecture estim\u00e9e\" \/>\n\t<meta name=\"twitter:data1\" content=\"4 minutes\" \/>\n<script type=\"application\/ld+json\" class=\"yoast-schema-graph\">{\"@context\":\"https:\/\/schema.org\",\"@graph\":[{\"@type\":\"WebPage\",\"@id\":\"https:\/\/softplaysupply.com\/product\/custom-dinosaur-themed-indoor-playground\/\",\"url\":\"https:\/\/softplaysupply.com\/product\/custom-dinosaur-themed-indoor-playground\/\",\"name\":\"Custom Dinosaur Themed Indoor Playground Gym Equipment for Commercial Play Zones\",\"isPartOf\":{\"@id\":\"https:\/\/softplaysupply.com\/#website\"},\"primaryImageOfPage\":{\"@id\":\"https:\/\/softplaysupply.com\/product\/custom-dinosaur-themed-indoor-playground\/#primaryimage\"},\"image\":{\"@id\":\"https:\/\/softplaysupply.com\/product\/custom-dinosaur-themed-indoor-playground\/#primaryimage\"},\"thumbnailUrl\":\"https:\/\/softplaysupply.com\/wp-content\/uploads\/2026\/01\/dinosaur-themed-playground-11.jpg\",\"datePublished\":\"2026-01-31T06:12:11+00:00\",\"breadcrumb\":{\"@id\":\"https:\/\/softplaysupply.com\/product\/custom-dinosaur-themed-indoor-playground\/#breadcrumb\"},\"inLanguage\":\"fr-FR\",\"potentialAction\":[{\"@type\":\"ReadAction\",\"target\":[\"https:\/\/softplaysupply.com\/product\/custom-dinosaur-themed-indoor-playground\/\"]}]},{\"@type\":\"ImageObject\",\"inLanguage\":\"fr-FR\",\"@id\":\"https:\/\/softplaysupply.com\/product\/custom-dinosaur-themed-indoor-playground\/#primaryimage\",\"url\":\"https:\/\/softplaysupply.com\/wp-content\/uploads\/2026\/01\/dinosaur-themed-playground-11.jpg\",\"contentUrl\":\"https:\/\/softplaysupply.com\/wp-content\/uploads\/2026\/01\/dinosaur-themed-playground-11.jpg\",\"width\":749,\"height\":749,\"caption\":\"dinosaur themed playground\"},{\"@type\":\"BreadcrumbList\",\"@id\":\"https:\/\/softplaysupply.com\/product\/custom-dinosaur-themed-indoor-playground\/#breadcrumb\",\"itemListElement\":[{\"@type\":\"ListItem\",\"position\":1,\"name\":\"Home\",\"item\":\"https:\/\/softplaysupply.com\/\"},{\"@type\":\"ListItem\",\"position\":2,\"name\":\"Indoor Playground Equipment\",\"item\":\"https:\/\/softplaysupply.com\/pcategory\/indoor-playground-equipment\/\"},{\"@type\":\"ListItem\",\"position\":3,\"name\":\"Custom Dinosaur Themed Indoor Playground Gym Equipment for Commercial Play Zones\"}]},{\"@type\":\"WebSite\",\"@id\":\"https:\/\/softplaysupply.com\/#website\",\"url\":\"https:\/\/softplaysupply.com\/\",\"name\":\"Soft Play Supplier\",\"description\":\"Soft Play Supplier\",\"publisher\":{\"@id\":\"https:\/\/softplaysupply.com\/#organization\"},\"potentialAction\":[{\"@type\":\"SearchAction\",\"target\":{\"@type\":\"EntryPoint\",\"urlTemplate\":\"https:\/\/softplaysupply.com\/?s={search_term_string}\"},\"query-input\":{\"@type\":\"PropertyValueSpecification\",\"valueRequired\":true,\"valueName\":\"search_term_string\"}}],\"inLanguage\":\"fr-FR\"},{\"@type\":\"Organization\",\"@id\":\"https:\/\/softplaysupply.com\/#organization\",\"name\":\"Nanpak\",\"url\":\"https:\/\/softplaysupply.com\/\",\"logo\":{\"@type\":\"ImageObject\",\"inLanguage\":\"fr-FR\",\"@id\":\"https:\/\/softplaysupply.com\/#\/schema\/logo\/image\/\",\"url\":\"https:\/\/softplaysupply.com\/wp-content\/uploads\/2025\/12\/cropped-mobile-logo.png\",\"contentUrl\":\"https:\/\/softplaysupply.com\/wp-content\/uploads\/2025\/12\/cropped-mobile-logo.png\",\"width\":263,\"height\":84,\"caption\":\"Nanpak\"},\"image\":{\"@id\":\"https:\/\/softplaysupply.com\/#\/schema\/logo\/image\/\"}}]}<\/script>\n<!-- \/ Yoast SEO plugin. -->","yoast_head_json":{"title":"\u00c9quipement de gymnastique d'int\u00e9rieur sur mesure sur le th\u00e8me des dinosaures pour les aires de jeux commerciales","robots":{"index":"index","follow":"follow","max-snippet":"max-snippet:-1","max-image-preview":"max-image-preview:large","max-video-preview":"max-video-preview:-1"},"canonical":"https:\/\/softplaysupply.com\/fr\/produit\/custom-dinosaur-themed-indoor-playground\/","og_locale":"fr_FR","og_type":"article","og_title":"Custom Dinosaur Themed Indoor Playground Gym Equipment for Commercial Play Zones","og_description":"Bring prehistoric adventure to life with our dinosaur themed playground a vibrant and immersive indoor play experience designed to thrill and engage children of all ages. This playground transforms any commercial play zone into a prehistoric world where kids can climb, slide, crawl, and explore among life-like dinosaur-themed structures. Featuring multi-level slides, ball pits, climbing...","og_url":"https:\/\/softplaysupply.com\/fr\/produit\/custom-dinosaur-themed-indoor-playground\/","og_site_name":"Nanpak","og_image":[{"width":749,"height":749,"url":"https:\/\/softplaysupply.com\/wp-content\/uploads\/2026\/01\/dinosaur-themed-playground-11.jpg","type":"image\/jpeg"}],"twitter_card":"summary_large_image","twitter_misc":{"Dur\u00e9e de lecture estim\u00e9e":"4 minutes"},"schema":{"@context":"https:\/\/schema.org","@graph":[{"@type":"WebPage","@id":"https:\/\/softplaysupply.com\/product\/custom-dinosaur-themed-indoor-playground\/","url":"https:\/\/softplaysupply.com\/product\/custom-dinosaur-themed-indoor-playground\/","name":"\u00c9quipement de gymnastique d'int\u00e9rieur sur mesure sur le th\u00e8me des dinosaures pour les aires de jeux commerciales","isPartOf":{"@id":"https:\/\/softplaysupply.com\/#website"},"primaryImageOfPage":{"@id":"https:\/\/softplaysupply.com\/product\/custom-dinosaur-themed-indoor-playground\/#primaryimage"},"image":{"@id":"https:\/\/softplaysupply.com\/product\/custom-dinosaur-themed-indoor-playground\/#primaryimage"},"thumbnailUrl":"https:\/\/softplaysupply.com\/wp-content\/uploads\/2026\/01\/dinosaur-themed-playground-11.jpg","datePublished":"2026-01-31T06:12:11+00:00","breadcrumb":{"@id":"https:\/\/softplaysupply.com\/product\/custom-dinosaur-themed-indoor-playground\/#breadcrumb"},"inLanguage":"fr-FR","potentialAction":[{"@type":"ReadAction","target":["https:\/\/softplaysupply.com\/product\/custom-dinosaur-themed-indoor-playground\/"]}]},{"@type":"ImageObject","inLanguage":"fr-FR","@id":"https:\/\/softplaysupply.com\/product\/custom-dinosaur-themed-indoor-playground\/#primaryimage","url":"https:\/\/softplaysupply.com\/wp-content\/uploads\/2026\/01\/dinosaur-themed-playground-11.jpg","contentUrl":"https:\/\/softplaysupply.com\/wp-content\/uploads\/2026\/01\/dinosaur-themed-playground-11.jpg","width":749,"height":749,"caption":"dinosaur themed playground"},{"@type":"BreadcrumbList","@id":"https:\/\/softplaysupply.com\/product\/custom-dinosaur-themed-indoor-playground\/#breadcrumb","itemListElement":[{"@type":"ListItem","position":1,"name":"Home","item":"https:\/\/softplaysupply.com\/"},{"@type":"ListItem","position":2,"name":"Indoor Playground Equipment","item":"https:\/\/softplaysupply.com\/pcategory\/indoor-playground-equipment\/"},{"@type":"ListItem","position":3,"name":"Custom Dinosaur Themed Indoor Playground Gym Equipment for Commercial Play Zones"}]},{"@type":"WebSite","@id":"https:\/\/softplaysupply.com\/#website","url":"https:\/\/softplaysupply.com\/","name":"Fournisseur de jeux souples","description":"Fournisseur de jeux souples","publisher":{"@id":"https:\/\/softplaysupply.com\/#organization"},"potentialAction":[{"@type":"SearchAction","target":{"@type":"EntryPoint","urlTemplate":"https:\/\/softplaysupply.com\/?s={search_term_string}"},"query-input":{"@type":"PropertyValueSpecification","valueRequired":true,"valueName":"search_term_string"}}],"inLanguage":"fr-FR"},{"@type":"Organization","@id":"https:\/\/softplaysupply.com\/#organization","name":"Nanpak","url":"https:\/\/softplaysupply.com\/","logo":{"@type":"ImageObject","inLanguage":"fr-FR","@id":"https:\/\/softplaysupply.com\/#\/schema\/logo\/image\/","url":"https:\/\/softplaysupply.com\/wp-content\/uploads\/2025\/12\/cropped-mobile-logo.png","contentUrl":"https:\/\/softplaysupply.com\/wp-content\/uploads\/2025\/12\/cropped-mobile-logo.png","width":263,"height":84,"caption":"Nanpak"},"image":{"@id":"https:\/\/softplaysupply.com\/#\/schema\/logo\/image\/"}}]}},"taxonomy_info":{"pcategory":[{"value":5,"label":"Indoor Playground Equipment"},{"value":34,"label":"Themed Playground"}]},"featured_image_src_large":["https:\/\/softplaysupply.com\/wp-content\/uploads\/2026\/01\/dinosaur-themed-playground-11.jpg",749,749,false],"author_info":[],"comment_info":"","_links":{"self":[{"href":"https:\/\/softplaysupply.com\/fr\/wp-json\/wp\/v2\/product\/3551","targetHints":{"allow":["GET"]}}],"collection":[{"href":"https:\/\/softplaysupply.com\/fr\/wp-json\/wp\/v2\/product"}],"about":[{"href":"https:\/\/softplaysupply.com\/fr\/wp-json\/wp\/v2\/types\/product"}],"wp:featuredmedia":[{"embeddable":true,"href":"https:\/\/softplaysupply.com\/fr\/wp-json\/wp\/v2\/media\/3562"}],"wp:attachment":[{"href":"https:\/\/softplaysupply.com\/fr\/wp-json\/wp\/v2\/media?parent=3551"}],"wp:term":[{"taxonomy":"pcategory","embeddable":true,"href":"https:\/\/softplaysupply.com\/fr\/wp-json\/wp\/v2\/pcategory?post=3551"},{"taxonomy":"ptag","embeddable":true,"href":"https:\/\/softplaysupply.com\/fr\/wp-json\/wp\/v2\/ptag?post=3551"}],"curies":[{"name":"wp","href":"https:\/\/api.w.org\/{rel}","templated":true}]}}