{"id":3397,"date":"2025-12-29T07:02:03","date_gmt":"2025-12-29T07:02:03","guid":{"rendered":"https:\/\/softplaysupply.com\/?post_type=product&#038;p=3397"},"modified":"2025-12-18T07:47:15","modified_gmt":"2025-12-18T07:47:15","slug":"fire-station-playhouse","status":"publish","type":"product","link":"https:\/\/softplaysupply.com\/fr\/produit\/fire-station-playhouse\/","title":{"rendered":"Caserne de pompiers Playhouse Indoor Playtown \u00c9quipement de terrain de jeux Jeu de r\u00f4le Caserne de pompiers"},"content":{"rendered":"<p style=\"font-size: 16px; margin-bottom: 20px;\">Une caserne de pompiers int\u00e9rieure est un espace interactif passionnant qui permet aux enfants de vivre les sensations fortes d'une caserne de pompiers. Imaginez une maison d'aventure con\u00e7ue pour stimuler la cr\u00e9ativit\u00e9 et l'imagination, combinant des activit\u00e9s ludiques avec un th\u00e8me immersif. Cette maison de jeux est un r\u00eave devenu r\u00e9alit\u00e9 pour tout enfant qui aime jouer au pompier, offrant tout ce qu'il faut, des cloches d'incendie aux tunnels d'\u00e9vacuation, le tout dans un environnement s\u00fbr et passionnant.<\/p>\n<p><img loading=\"lazy\" decoding=\"async\" class=\"alignnone size-full wp-image-3396\" src=\"https:\/\/softplaysupply.com\/wp-content\/uploads\/2025\/12\/kids-role-play-house-6.jpg\" alt=\"\" width=\"750\" height=\"750\" srcset=\"https:\/\/softplaysupply.com\/wp-content\/uploads\/2025\/12\/kids-role-play-house-6.jpg 750w, https:\/\/softplaysupply.com\/wp-content\/uploads\/2025\/12\/kids-role-play-house-6-300x300.jpg 300w, https:\/\/softplaysupply.com\/wp-content\/uploads\/2025\/12\/kids-role-play-house-6-150x150.jpg 150w, https:\/\/softplaysupply.com\/wp-content\/uploads\/2025\/12\/kids-role-play-house-6-12x12.jpg 12w\" sizes=\"auto, (max-width: 750px) 100vw, 750px\" \/> <img loading=\"lazy\" decoding=\"async\" class=\"alignnone size-full wp-image-3398\" src=\"https:\/\/softplaysupply.com\/wp-content\/uploads\/2025\/12\/role-play-firehouse-1.jpg\" alt=\"\" width=\"750\" height=\"750\" srcset=\"https:\/\/softplaysupply.com\/wp-content\/uploads\/2025\/12\/role-play-firehouse-1.jpg 750w, https:\/\/softplaysupply.com\/wp-content\/uploads\/2025\/12\/role-play-firehouse-1-300x300.jpg 300w, https:\/\/softplaysupply.com\/wp-content\/uploads\/2025\/12\/role-play-firehouse-1-150x150.jpg 150w, https:\/\/softplaysupply.com\/wp-content\/uploads\/2025\/12\/role-play-firehouse-1-12x12.jpg 12w\" sizes=\"auto, (max-width: 750px) 100vw, 750px\" \/> <img loading=\"lazy\" decoding=\"async\" class=\"alignnone size-full wp-image-3400\" src=\"https:\/\/softplaysupply.com\/wp-content\/uploads\/2025\/12\/role-play-firehouse-3.jpg\" alt=\"\" width=\"750\" height=\"750\" srcset=\"https:\/\/softplaysupply.com\/wp-content\/uploads\/2025\/12\/role-play-firehouse-3.jpg 750w, https:\/\/softplaysupply.com\/wp-content\/uploads\/2025\/12\/role-play-firehouse-3-300x300.jpg 300w, https:\/\/softplaysupply.com\/wp-content\/uploads\/2025\/12\/role-play-firehouse-3-150x150.jpg 150w, https:\/\/softplaysupply.com\/wp-content\/uploads\/2025\/12\/role-play-firehouse-3-12x12.jpg 12w\" sizes=\"auto, (max-width: 750px) 100vw, 750px\" \/> <img loading=\"lazy\" decoding=\"async\" class=\"alignnone size-full wp-image-3401\" src=\"https:\/\/softplaysupply.com\/wp-content\/uploads\/2025\/12\/role-play-firehouse-4.jpg\" alt=\"jeu de r\u00f4le caserne de pompiers\" width=\"750\" height=\"750\" srcset=\"https:\/\/softplaysupply.com\/wp-content\/uploads\/2025\/12\/role-play-firehouse-4.jpg 750w, https:\/\/softplaysupply.com\/wp-content\/uploads\/2025\/12\/role-play-firehouse-4-300x300.jpg 300w, https:\/\/softplaysupply.com\/wp-content\/uploads\/2025\/12\/role-play-firehouse-4-150x150.jpg 150w, https:\/\/softplaysupply.com\/wp-content\/uploads\/2025\/12\/role-play-firehouse-4-12x12.jpg 12w\" sizes=\"auto, (max-width: 750px) 100vw, 750px\" \/> <img loading=\"lazy\" decoding=\"async\" class=\"alignnone size-full wp-image-3402\" src=\"https:\/\/softplaysupply.com\/wp-content\/uploads\/2025\/12\/role-play-firehouse-5.jpg\" alt=\"\" width=\"750\" height=\"750\" srcset=\"https:\/\/softplaysupply.com\/wp-content\/uploads\/2025\/12\/role-play-firehouse-5.jpg 750w, https:\/\/softplaysupply.com\/wp-content\/uploads\/2025\/12\/role-play-firehouse-5-300x300.jpg 300w, https:\/\/softplaysupply.com\/wp-content\/uploads\/2025\/12\/role-play-firehouse-5-150x150.jpg 150w, https:\/\/softplaysupply.com\/wp-content\/uploads\/2025\/12\/role-play-firehouse-5-12x12.jpg 12w\" sizes=\"auto, (max-width: 750px) 100vw, 750px\" \/> <img loading=\"lazy\" decoding=\"async\" class=\"alignnone size-full wp-image-3399\" src=\"https:\/\/softplaysupply.com\/wp-content\/uploads\/2025\/12\/role-play-firehouse-2.jpg\" alt=\"\" width=\"750\" height=\"750\" srcset=\"https:\/\/softplaysupply.com\/wp-content\/uploads\/2025\/12\/role-play-firehouse-2.jpg 750w, https:\/\/softplaysupply.com\/wp-content\/uploads\/2025\/12\/role-play-firehouse-2-300x300.jpg 300w, https:\/\/softplaysupply.com\/wp-content\/uploads\/2025\/12\/role-play-firehouse-2-150x150.jpg 150w, https:\/\/softplaysupply.com\/wp-content\/uploads\/2025\/12\/role-play-firehouse-2-12x12.jpg 12w\" sizes=\"auto, (max-width: 750px) 100vw, 750px\" \/><\/p>\n<p style=\"font-size: 22px; font-weight: bold; color: #d32f2f; margin: 30px 0 15px;\">Un th\u00e8me \u00ab caserne de pompiers \u00bb qui encourage les jeux de r\u00f4le<\/p>\n<p style=\"font-size: 16px; margin-bottom: 20px;\">La maison de jeux int\u00e9rieure \u00ab caserne de pompiers \u00bb est con\u00e7ue pour imiter une v\u00e9ritable caserne de pompiers avec toute une s\u00e9rie de fonctionnalit\u00e9s passionnantes. Elle comprend un grand garage \u00e0 double porte, un mur d'escalade, un poteau de pompier pour glisser et une balan\u00e7oire, le tout soigneusement con\u00e7u pour cr\u00e9er l'exp\u00e9rience ultime du pompier. \u00c0 l'int\u00e9rieur, des trappes et des \u00e9chelles cach\u00e9es relient les diff\u00e9rentes zones, ce qui en fait un endroit id\u00e9al pour que les enfants puissent explorer et jouer. Cette configuration permet aux enfants de grimper, de glisser et d'explorer librement, les occupant pendant des heures.<\/p>\n<p style=\"font-size: 16px; margin-bottom: 30px;\">Cette caserne de pompiers d'int\u00e9rieur est id\u00e9ale pour une utilisation \u00e0 la maison, dans les \u00e9coles, les centres communautaires ou les aires de jeux int\u00e9rieures. Elle cr\u00e9e un espace s\u00fbr o\u00f9 les enfants peuvent jouer \u00e0 faire semblant et simuler la vie dans une caserne de pompiers. Qu'ils sonnent l'alarme incendie, glissent le long de la perche ou se pr\u00e9cipitent hors du garage pour lutter contre les incendies, les possibilit\u00e9s de jeux imaginatifs sont infinies.<\/p>\n<p style=\"font-size: 22px; font-weight: bold; color: #d32f2f; margin: 30px 0 15px;\">L'espace id\u00e9al pour que les enfants puissent explorer<\/p>\n<p style=\"font-size: 16px; margin-bottom: 20px;\">L'une des principales caract\u00e9ristiques de cette maison de jeux int\u00e9rieure en forme de caserne de pompiers est son design spacieux. Avec son haut plafond et ses grandes fen\u00eatres, elle offre un espace g\u00e9n\u00e9reux et une lumi\u00e8re naturelle abondante. Cela cr\u00e9e une atmosph\u00e8re lumineuse et ouverte o\u00f9 les enfants peuvent se d\u00e9placer librement et profiter de leurs aventures. La structure est fabriqu\u00e9e \u00e0 partir de mat\u00e9riaux durables, notamment du bois, du silicone, du PVC et d'autres composants adapt\u00e9s aux enfants, garantissant ainsi la s\u00e9curit\u00e9 et la long\u00e9vit\u00e9 de la maison de jeux.<\/p>\n<p style=\"font-size: 16px; margin-bottom: 30px;\">Qu'elle soit install\u00e9e dans un jardin ou dans une aire de jeux pour enfants, la maisonnette caserne de pompiers d'int\u00e9rieur offre un environnement stimulant et s\u00e9curis\u00e9 o\u00f9 les enfants peuvent laisser libre cours \u00e0 leur imagination. La maisonnette est livr\u00e9e avec des plans d\u00e9taill\u00e9s, ce qui permet aux amateurs de bricolage de la construire et de la personnaliser facilement en fonction de leur espace.<\/p>\n<p style=\"font-size: 22px; font-weight: bold; color: #d32f2f; margin: 30px 0 15px;\">Id\u00e9al pour les maisons de jeux<\/p>\n<p style=\"font-size: 16px; margin-bottom: 20px;\">Si vous souhaitez recr\u00e9er chez vous ou dans votre \u00e9tablissement l'ambiance passionnante d'une caserne de pompiers, la maison de jeux \u00ab caserne de pompiers \u00bb d'int\u00e9rieur est le compl\u00e9ment id\u00e9al. Il ne s'agit pas seulement d'une aire de jeux, mais d'une exp\u00e9rience compl\u00e8te. De la cloche d'alarme aux bouches d'incendie, elle est con\u00e7ue pour encourager les enfants \u00e0 s'amuser activement en jouant des r\u00f4les avec leurs amis ou leur famille.<\/p>\n<p style=\"font-size: 16px; margin-bottom: 30px;\">En plus de ses caract\u00e9ristiques impressionnantes, la caserne de pompiers d'int\u00e9rieur peut \u00eatre personnalis\u00e9e selon vos besoins. Vous pouvez m\u00eame ajouter des \u00e9l\u00e9ments suppl\u00e9mentaires, tels qu'un toboggan ou un tunnel secret menant \u00e0 un b\u00e2timent en feu simul\u00e9 ou \u00e0 un camion de pompiers miniature. Les aventures que les enfants peuvent vivre dans cet espace passionnant sont illimit\u00e9es !<\/p>\n<p style=\"font-size: 22px; font-weight: bold; color: #d32f2f; margin: 30px 0 15px;\">Parfait pour divers environnements<\/p>\n<p style=\"font-size: 16px; margin-bottom: 30px;\">Cette maisonnette polyvalente peut \u00eatre utilis\u00e9e dans divers environnements, notamment les \u00e9coles, les jardins, les restaurants, les centres commerciaux, les h\u00f4tels et les h\u00f4pitaux. Elle constitue un excellent moyen d'inciter les enfants \u00e0 jouer de mani\u00e8re imaginative tout en leur offrant un environnement s\u00fbr et divertissant. Qu'il s'agisse d'une aire de jeux communautaire ou d'un jardin priv\u00e9, cette maisonnette de pompiers d'int\u00e9rieur deviendra \u00e0 coup s\u00fbr l'une des pr\u00e9f\u00e9r\u00e9es des enfants.<\/p>\n<p style=\"font-size: 22px; font-weight: bold; color: #d32f2f; margin: 30px 0 15px;\">Pourquoi choisir la cabane de pompier Nanpak ?<\/p>\n<div style=\"background-color: #fff; padding: 20px; border-radius: 10px; box-shadow: 0 2px 10px rgba(0,0,0,0.1); margin-bottom: 30px;\">\n<p style=\"font-size: 16px;\"><strong>Mat\u00e9riau :<\/strong> Bois, silicone, PVC, vinyle, nylon, peluche, PE, ABS, PP, PC, alliage, plastique, m\u00e9tal, fibre de verre, LLDPE, acier, aluminium, autres<\/p>\n<p style=\"font-size: 16px;\"><strong>Type :<\/strong> Int\u00e9rieur, ext\u00e9rieur<\/p>\n<p style=\"font-size: 16px;\"><strong>Nom de marque :<\/strong> Nanpak<\/p>\n<p style=\"font-size: 16px;\"><strong>Taille :<\/strong> Peut \u00eatre personnalis\u00e9<\/p>\n<p style=\"font-size: 16px;\"><strong>Conception :<\/strong> Gratuit, le rendu sera publi\u00e9 le jour m\u00eame.<\/p>\n<p style=\"font-size: 16px;\"><strong>Utilisation :<\/strong> \u00c9coles, jardins, restaurants, centres commerciaux, h\u00f4tels, h\u00f4pitaux<\/p>\n<p style=\"font-size: 16px; margin-top: 20px;\"><strong>Pourquoi nous choisir :<\/strong><\/p>\n<ol style=\"font-size: 16px; padding-left: 20px;\">\n<li>Service de conseil enti\u00e8rement personnalis\u00e9 et adapt\u00e9 aux besoins du client.<\/li>\n<li>Respect de toutes les normes de s\u00e9curit\u00e9 et de performance ; conformit\u00e9 \u00e0 la norme ISO9001 et aux certifications CE.<\/li>\n<li>Assistance technique sur site.<\/li>\n<li>Des prix abordables qui conviennent \u00e0 tous les budgets.<\/li>\n<\/ol>\n<\/div>","protected":false},"excerpt":{"rendered":"<p>La caserne de pompiers factice est un environnement immersif et amusant pour les enfants, avec des murs d'escalade, des poteaux de pompiers et des garages qui encouragent le jeu imaginatif et l'aventure dans les \u00e9coles, les centres de jeux ou les aires de jeux int\u00e9rieures.<\/p>","protected":false},"featured_media":3401,"parent":0,"template":"","meta":{"_acf_changed":false,"_kad_blocks_custom_css":"","_kad_blocks_head_custom_js":"","_kad_blocks_body_custom_js":"","_kad_blocks_footer_custom_js":"","_kadence_starter_templates_imported_post":false,"_kad_post_transparent":"default","_kad_post_title":"","_kad_post_layout":"default","_kad_post_sidebar_id":"","_kad_post_content_style":"default","_kad_post_vertical_padding":"default","_kad_post_feature":"","_kad_post_feature_position":"","_kad_post_header":false,"_kad_post_footer":false},"pcategory":[20],"ptag":[],"class_list":["post-3397","product","type-product","status-publish","has-post-thumbnail","hentry","pcategory-role-playhouse"],"acf":[],"yoast_head":"<!-- This site is optimized with the Yoast SEO plugin v26.8 - https:\/\/yoast.com\/product\/yoast-seo-wordpress\/ -->\n<title>Fire Station Playhouse Indoor Playtown Playground Equipment Role Pretend Play Firehouse<\/title>\n<meta name=\"description\" content=\"The fire station playhouse indoor offers an exciting, interactive experience for children with features like fire poles, climbing walls, and escape tunnels, making it perfect for homes, schools, and playgrounds.\" \/>\n<meta name=\"robots\" content=\"index, follow, max-snippet:-1, max-image-preview:large, max-video-preview:-1\" \/>\n<link rel=\"canonical\" href=\"https:\/\/softplaysupply.com\/fr\/produit\/fire-station-playhouse\/\" \/>\n<meta property=\"og:locale\" content=\"fr_FR\" \/>\n<meta property=\"og:type\" content=\"article\" \/>\n<meta property=\"og:title\" content=\"Fire Station Playhouse Indoor Playtown Playground Equipment Role Pretend Play Firehouse\" \/>\n<meta property=\"og:description\" content=\"The fire station playhouse indoor offers an exciting, interactive experience for children with features like fire poles, climbing walls, and escape tunnels, making it perfect for homes, schools, and playgrounds.\" \/>\n<meta property=\"og:url\" content=\"https:\/\/softplaysupply.com\/fr\/produit\/fire-station-playhouse\/\" \/>\n<meta property=\"og:site_name\" content=\"Nanpak\" \/>\n<meta property=\"og:image\" content=\"https:\/\/softplaysupply.com\/wp-content\/uploads\/2025\/12\/role-play-firehouse-4.jpg\" \/>\n\t<meta property=\"og:image:width\" content=\"750\" \/>\n\t<meta property=\"og:image:height\" content=\"750\" \/>\n\t<meta property=\"og:image:type\" content=\"image\/jpeg\" \/>\n<meta name=\"twitter:card\" content=\"summary_large_image\" \/>\n<meta name=\"twitter:label1\" content=\"Dur\u00e9e de lecture estim\u00e9e\" \/>\n\t<meta name=\"twitter:data1\" content=\"5 minutes\" \/>\n<script type=\"application\/ld+json\" class=\"yoast-schema-graph\">{\"@context\":\"https:\/\/schema.org\",\"@graph\":[{\"@type\":\"WebPage\",\"@id\":\"https:\/\/softplaysupply.com\/product\/fire-station-playhouse\/\",\"url\":\"https:\/\/softplaysupply.com\/product\/fire-station-playhouse\/\",\"name\":\"Fire Station Playhouse Indoor Playtown Playground Equipment Role Pretend Play Firehouse\",\"isPartOf\":{\"@id\":\"https:\/\/softplaysupply.com\/#website\"},\"primaryImageOfPage\":{\"@id\":\"https:\/\/softplaysupply.com\/product\/fire-station-playhouse\/#primaryimage\"},\"image\":{\"@id\":\"https:\/\/softplaysupply.com\/product\/fire-station-playhouse\/#primaryimage\"},\"thumbnailUrl\":\"https:\/\/softplaysupply.com\/wp-content\/uploads\/2025\/12\/role-play-firehouse-4.jpg\",\"datePublished\":\"2025-12-29T07:02:03+00:00\",\"description\":\"The fire station playhouse indoor offers an exciting, interactive experience for children with features like fire poles, climbing walls, and escape tunnels, making it perfect for homes, schools, and playgrounds.\",\"breadcrumb\":{\"@id\":\"https:\/\/softplaysupply.com\/product\/fire-station-playhouse\/#breadcrumb\"},\"inLanguage\":\"fr-FR\",\"potentialAction\":[{\"@type\":\"ReadAction\",\"target\":[\"https:\/\/softplaysupply.com\/product\/fire-station-playhouse\/\"]}]},{\"@type\":\"ImageObject\",\"inLanguage\":\"fr-FR\",\"@id\":\"https:\/\/softplaysupply.com\/product\/fire-station-playhouse\/#primaryimage\",\"url\":\"https:\/\/softplaysupply.com\/wp-content\/uploads\/2025\/12\/role-play-firehouse-4.jpg\",\"contentUrl\":\"https:\/\/softplaysupply.com\/wp-content\/uploads\/2025\/12\/role-play-firehouse-4.jpg\",\"width\":750,\"height\":750,\"caption\":\"role play firehouse\"},{\"@type\":\"BreadcrumbList\",\"@id\":\"https:\/\/softplaysupply.com\/product\/fire-station-playhouse\/#breadcrumb\",\"itemListElement\":[{\"@type\":\"ListItem\",\"position\":1,\"name\":\"Home\",\"item\":\"https:\/\/softplaysupply.com\/\"},{\"@type\":\"ListItem\",\"position\":2,\"name\":\"Role Playhouse\",\"item\":\"https:\/\/softplaysupply.com\/pcategory\/role-playhouse\/\"},{\"@type\":\"ListItem\",\"position\":3,\"name\":\"Fire Station Playhouse Indoor Playtown Playground Equipment Role Pretend Play Firehouse\"}]},{\"@type\":\"WebSite\",\"@id\":\"https:\/\/softplaysupply.com\/#website\",\"url\":\"https:\/\/softplaysupply.com\/\",\"name\":\"Soft Play Supplier\",\"description\":\"Soft Play Supplier\",\"publisher\":{\"@id\":\"https:\/\/softplaysupply.com\/#organization\"},\"potentialAction\":[{\"@type\":\"SearchAction\",\"target\":{\"@type\":\"EntryPoint\",\"urlTemplate\":\"https:\/\/softplaysupply.com\/?s={search_term_string}\"},\"query-input\":{\"@type\":\"PropertyValueSpecification\",\"valueRequired\":true,\"valueName\":\"search_term_string\"}}],\"inLanguage\":\"fr-FR\"},{\"@type\":\"Organization\",\"@id\":\"https:\/\/softplaysupply.com\/#organization\",\"name\":\"Nanpak\",\"url\":\"https:\/\/softplaysupply.com\/\",\"logo\":{\"@type\":\"ImageObject\",\"inLanguage\":\"fr-FR\",\"@id\":\"https:\/\/softplaysupply.com\/#\/schema\/logo\/image\/\",\"url\":\"https:\/\/softplaysupply.com\/wp-content\/uploads\/2025\/12\/cropped-mobile-logo.png\",\"contentUrl\":\"https:\/\/softplaysupply.com\/wp-content\/uploads\/2025\/12\/cropped-mobile-logo.png\",\"width\":263,\"height\":84,\"caption\":\"Nanpak\"},\"image\":{\"@id\":\"https:\/\/softplaysupply.com\/#\/schema\/logo\/image\/\"}}]}<\/script>\n<!-- \/ Yoast SEO plugin. -->","yoast_head_json":{"title":"Caserne de pompiers Playhouse Indoor Playtown \u00c9quipement de terrain de jeux Jeu de r\u00f4le Caserne de pompiers","description":"La caserne de pompiers d'int\u00e9rieur offre une exp\u00e9rience interactive passionnante pour les enfants, avec des \u00e9quipements tels que des poteaux de pompiers, des murs d'escalade et des tunnels d'\u00e9vacuation, ce qui la rend parfaite pour les maisons, les \u00e9coles et les aires de jeux.","robots":{"index":"index","follow":"follow","max-snippet":"max-snippet:-1","max-image-preview":"max-image-preview:large","max-video-preview":"max-video-preview:-1"},"canonical":"https:\/\/softplaysupply.com\/fr\/produit\/fire-station-playhouse\/","og_locale":"fr_FR","og_type":"article","og_title":"Fire Station Playhouse Indoor Playtown Playground Equipment Role Pretend Play Firehouse","og_description":"The fire station playhouse indoor offers an exciting, interactive experience for children with features like fire poles, climbing walls, and escape tunnels, making it perfect for homes, schools, and playgrounds.","og_url":"https:\/\/softplaysupply.com\/fr\/produit\/fire-station-playhouse\/","og_site_name":"Nanpak","og_image":[{"width":750,"height":750,"url":"https:\/\/softplaysupply.com\/wp-content\/uploads\/2025\/12\/role-play-firehouse-4.jpg","type":"image\/jpeg"}],"twitter_card":"summary_large_image","twitter_misc":{"Dur\u00e9e de lecture estim\u00e9e":"5 minutes"},"schema":{"@context":"https:\/\/schema.org","@graph":[{"@type":"WebPage","@id":"https:\/\/softplaysupply.com\/product\/fire-station-playhouse\/","url":"https:\/\/softplaysupply.com\/product\/fire-station-playhouse\/","name":"Caserne de pompiers Playhouse Indoor Playtown \u00c9quipement de terrain de jeux Jeu de r\u00f4le Caserne de pompiers","isPartOf":{"@id":"https:\/\/softplaysupply.com\/#website"},"primaryImageOfPage":{"@id":"https:\/\/softplaysupply.com\/product\/fire-station-playhouse\/#primaryimage"},"image":{"@id":"https:\/\/softplaysupply.com\/product\/fire-station-playhouse\/#primaryimage"},"thumbnailUrl":"https:\/\/softplaysupply.com\/wp-content\/uploads\/2025\/12\/role-play-firehouse-4.jpg","datePublished":"2025-12-29T07:02:03+00:00","description":"La caserne de pompiers d'int\u00e9rieur offre une exp\u00e9rience interactive passionnante pour les enfants, avec des \u00e9quipements tels que des poteaux de pompiers, des murs d'escalade et des tunnels d'\u00e9vacuation, ce qui la rend parfaite pour les maisons, les \u00e9coles et les aires de jeux.","breadcrumb":{"@id":"https:\/\/softplaysupply.com\/product\/fire-station-playhouse\/#breadcrumb"},"inLanguage":"fr-FR","potentialAction":[{"@type":"ReadAction","target":["https:\/\/softplaysupply.com\/product\/fire-station-playhouse\/"]}]},{"@type":"ImageObject","inLanguage":"fr-FR","@id":"https:\/\/softplaysupply.com\/product\/fire-station-playhouse\/#primaryimage","url":"https:\/\/softplaysupply.com\/wp-content\/uploads\/2025\/12\/role-play-firehouse-4.jpg","contentUrl":"https:\/\/softplaysupply.com\/wp-content\/uploads\/2025\/12\/role-play-firehouse-4.jpg","width":750,"height":750,"caption":"role play firehouse"},{"@type":"BreadcrumbList","@id":"https:\/\/softplaysupply.com\/product\/fire-station-playhouse\/#breadcrumb","itemListElement":[{"@type":"ListItem","position":1,"name":"Home","item":"https:\/\/softplaysupply.com\/"},{"@type":"ListItem","position":2,"name":"Role Playhouse","item":"https:\/\/softplaysupply.com\/pcategory\/role-playhouse\/"},{"@type":"ListItem","position":3,"name":"Fire Station Playhouse Indoor Playtown Playground Equipment Role Pretend Play Firehouse"}]},{"@type":"WebSite","@id":"https:\/\/softplaysupply.com\/#website","url":"https:\/\/softplaysupply.com\/","name":"Fournisseur de jeux souples","description":"Fournisseur de jeux souples","publisher":{"@id":"https:\/\/softplaysupply.com\/#organization"},"potentialAction":[{"@type":"SearchAction","target":{"@type":"EntryPoint","urlTemplate":"https:\/\/softplaysupply.com\/?s={search_term_string}"},"query-input":{"@type":"PropertyValueSpecification","valueRequired":true,"valueName":"search_term_string"}}],"inLanguage":"fr-FR"},{"@type":"Organization","@id":"https:\/\/softplaysupply.com\/#organization","name":"Nanpak","url":"https:\/\/softplaysupply.com\/","logo":{"@type":"ImageObject","inLanguage":"fr-FR","@id":"https:\/\/softplaysupply.com\/#\/schema\/logo\/image\/","url":"https:\/\/softplaysupply.com\/wp-content\/uploads\/2025\/12\/cropped-mobile-logo.png","contentUrl":"https:\/\/softplaysupply.com\/wp-content\/uploads\/2025\/12\/cropped-mobile-logo.png","width":263,"height":84,"caption":"Nanpak"},"image":{"@id":"https:\/\/softplaysupply.com\/#\/schema\/logo\/image\/"}}]}},"taxonomy_info":{"pcategory":[{"value":20,"label":"Role Playhouse"}]},"featured_image_src_large":["https:\/\/softplaysupply.com\/wp-content\/uploads\/2025\/12\/role-play-firehouse-4.jpg",750,750,false],"author_info":[],"comment_info":"","_links":{"self":[{"href":"https:\/\/softplaysupply.com\/fr\/wp-json\/wp\/v2\/product\/3397","targetHints":{"allow":["GET"]}}],"collection":[{"href":"https:\/\/softplaysupply.com\/fr\/wp-json\/wp\/v2\/product"}],"about":[{"href":"https:\/\/softplaysupply.com\/fr\/wp-json\/wp\/v2\/types\/product"}],"wp:featuredmedia":[{"embeddable":true,"href":"https:\/\/softplaysupply.com\/fr\/wp-json\/wp\/v2\/media\/3401"}],"wp:attachment":[{"href":"https:\/\/softplaysupply.com\/fr\/wp-json\/wp\/v2\/media?parent=3397"}],"wp:term":[{"taxonomy":"pcategory","embeddable":true,"href":"https:\/\/softplaysupply.com\/fr\/wp-json\/wp\/v2\/pcategory?post=3397"},{"taxonomy":"ptag","embeddable":true,"href":"https:\/\/softplaysupply.com\/fr\/wp-json\/wp\/v2\/ptag?post=3397"}],"curies":[{"name":"wp","href":"https:\/\/api.w.org\/{rel}","templated":true}]}}