{"id":3389,"date":"2025-12-26T14:20:47","date_gmt":"2025-12-26T14:20:47","guid":{"rendered":"https:\/\/softplaysupply.com\/?post_type=product&#038;p=3389"},"modified":"2025-12-17T15:31:23","modified_gmt":"2025-12-17T15:31:23","slug":"kids-role-play-houses","status":"publish","type":"product","link":"https:\/\/softplaysupply.com\/fr\/produit\/kids-role-play-houses\/","title":{"rendered":"\u00c9quipements de jeux d'int\u00e9rieur personnalis\u00e9s pour jeux de r\u00f4le commerciaux pour enfants en ville"},"content":{"rendered":"<div style=\"width: 1280px;\" class=\"wp-video\"><video class=\"wp-video-shortcode\" id=\"video-3389-1\" width=\"1280\" height=\"720\" preload=\"metadata\" controls=\"controls\"><source type=\"video\/mp4\" src=\"https:\/\/softplaysupply.com\/wp-content\/uploads\/2025\/12\/role-play-houses.mp4?_=1\" \/><a href=\"https:\/\/softplaysupply.com\/wp-content\/uploads\/2025\/12\/role-play-houses.mp4\">https:\/\/softplaysupply.com\/wp-content\/uploads\/2025\/12\/role-play-houses.mp4<\/a><\/video><\/div>\n<p style=\"text-align: justify; font-size: 16px; margin-bottom: 30px;\">Le syst\u00e8me personnalis\u00e9 de jeux de r\u00f4le pour enfants \u00ab Pretend Play City Kids Role Play House Indoor Playground Equipments \u00bb est une solution hautement interactive et attrayante con\u00e7ue pour stimuler l'imagination, les comp\u00e9tences sociales et la compr\u00e9hension des sc\u00e9narios de la vie r\u00e9elle chez les enfants gr\u00e2ce \u00e0 des exp\u00e9riences immersives de jeux de r\u00f4le. En recr\u00e9ant les environnements urbains quotidiens du point de vue d'un enfant, ce syst\u00e8me permet aux enfants d'apprendre v\u00e9ritablement par le jeu dans un cadre s\u00fbr, stimulant et joyeux.<\/p>\n<p><img loading=\"lazy\" decoding=\"async\" class=\"alignnone size-full wp-image-3396\" src=\"https:\/\/softplaysupply.com\/wp-content\/uploads\/2025\/12\/kids-role-play-house-6.jpg\" alt=\"\" width=\"750\" height=\"750\" srcset=\"https:\/\/softplaysupply.com\/wp-content\/uploads\/2025\/12\/kids-role-play-house-6.jpg 750w, https:\/\/softplaysupply.com\/wp-content\/uploads\/2025\/12\/kids-role-play-house-6-300x300.jpg 300w, https:\/\/softplaysupply.com\/wp-content\/uploads\/2025\/12\/kids-role-play-house-6-150x150.jpg 150w, https:\/\/softplaysupply.com\/wp-content\/uploads\/2025\/12\/kids-role-play-house-6-12x12.jpg 12w\" sizes=\"auto, (max-width: 750px) 100vw, 750px\" \/> <img loading=\"lazy\" decoding=\"async\" class=\"alignnone size-full wp-image-3395\" src=\"https:\/\/softplaysupply.com\/wp-content\/uploads\/2025\/12\/kids-role-play-house-5.jpg\" alt=\"\" width=\"750\" height=\"513\" srcset=\"https:\/\/softplaysupply.com\/wp-content\/uploads\/2025\/12\/kids-role-play-house-5.jpg 750w, https:\/\/softplaysupply.com\/wp-content\/uploads\/2025\/12\/kids-role-play-house-5-300x205.jpg 300w, https:\/\/softplaysupply.com\/wp-content\/uploads\/2025\/12\/kids-role-play-house-5-18x12.jpg 18w\" sizes=\"auto, (max-width: 750px) 100vw, 750px\" \/> <img loading=\"lazy\" decoding=\"async\" class=\"alignnone size-full wp-image-3394\" src=\"https:\/\/softplaysupply.com\/wp-content\/uploads\/2025\/12\/kids-role-play-house-4.jpg\" alt=\"\" width=\"800\" height=\"800\" srcset=\"https:\/\/softplaysupply.com\/wp-content\/uploads\/2025\/12\/kids-role-play-house-4.jpg 800w, https:\/\/softplaysupply.com\/wp-content\/uploads\/2025\/12\/kids-role-play-house-4-300x300.jpg 300w, https:\/\/softplaysupply.com\/wp-content\/uploads\/2025\/12\/kids-role-play-house-4-150x150.jpg 150w, https:\/\/softplaysupply.com\/wp-content\/uploads\/2025\/12\/kids-role-play-house-4-768x768.jpg 768w, https:\/\/softplaysupply.com\/wp-content\/uploads\/2025\/12\/kids-role-play-house-4-12x12.jpg 12w\" sizes=\"auto, (max-width: 800px) 100vw, 800px\" \/> <img loading=\"lazy\" decoding=\"async\" class=\"alignnone size-full wp-image-3393\" src=\"https:\/\/softplaysupply.com\/wp-content\/uploads\/2025\/12\/kids-role-play-house-3.jpg\" alt=\"\" width=\"800\" height=\"800\" srcset=\"https:\/\/softplaysupply.com\/wp-content\/uploads\/2025\/12\/kids-role-play-house-3.jpg 800w, https:\/\/softplaysupply.com\/wp-content\/uploads\/2025\/12\/kids-role-play-house-3-300x300.jpg 300w, https:\/\/softplaysupply.com\/wp-content\/uploads\/2025\/12\/kids-role-play-house-3-150x150.jpg 150w, https:\/\/softplaysupply.com\/wp-content\/uploads\/2025\/12\/kids-role-play-house-3-768x768.jpg 768w, https:\/\/softplaysupply.com\/wp-content\/uploads\/2025\/12\/kids-role-play-house-3-12x12.jpg 12w\" sizes=\"auto, (max-width: 800px) 100vw, 800px\" \/> <img loading=\"lazy\" decoding=\"async\" class=\"alignnone size-full wp-image-3392\" src=\"https:\/\/softplaysupply.com\/wp-content\/uploads\/2025\/12\/kids-role-play-house-2.jpg\" alt=\"maison de jeux pour enfants\" width=\"800\" height=\"800\" srcset=\"https:\/\/softplaysupply.com\/wp-content\/uploads\/2025\/12\/kids-role-play-house-2.jpg 800w, https:\/\/softplaysupply.com\/wp-content\/uploads\/2025\/12\/kids-role-play-house-2-300x300.jpg 300w, https:\/\/softplaysupply.com\/wp-content\/uploads\/2025\/12\/kids-role-play-house-2-150x150.jpg 150w, https:\/\/softplaysupply.com\/wp-content\/uploads\/2025\/12\/kids-role-play-house-2-768x768.jpg 768w, https:\/\/softplaysupply.com\/wp-content\/uploads\/2025\/12\/kids-role-play-house-2-12x12.jpg 12w\" sizes=\"auto, (max-width: 800px) 100vw, 800px\" \/><\/p>\n<p style=\"font-weight: bold; font-size: 22px; color: #e74c3c; margin: 40px 0 20px;\">Exp\u00e9rience immersive de jeu de r\u00f4le dans une mini-ville<\/p>\n<p style=\"text-align: justify; font-size: 16px; margin-bottom: 30px;\">Ce syst\u00e8me de jeu de r\u00f4le transforme une aire de jeux int\u00e9rieure en une mini-ville anim\u00e9e, avec une vari\u00e9t\u00e9 de maisons th\u00e9matiques telles que des supermarch\u00e9s, des cuisines, des caf\u00e9s, des h\u00f4pitaux, des casernes de pompiers, des commissariats de police et des bureaux de poste. Les enfants peuvent changer librement de r\u00f4le (commer\u00e7ant, chef cuisinier, pompier, m\u00e9decin ou client) et transposer des sc\u00e8nes de la vie quotidienne dans leur monde imaginaire. Ces maisons de jeu de r\u00f4le am\u00e9liorent consid\u00e9rablement la participation, prolongent le temps de jeu et augmentent la fr\u00e9quence des visites.<\/p>\n<p style=\"font-weight: bold; font-size: 22px; color: #e74c3c; margin: 40px 0 20px;\">Conception s\u00fbre, durable et r\u00e9aliste<\/p>\n<p style=\"text-align: justify; font-size: 16px; margin-bottom: 30px;\">Nanpak utilise des mat\u00e9riaux durables, sans danger pour les enfants et respectueux de l'environnement pour construire toutes ses maisons de jeux. Tous les produits sont conformes aux normes de s\u00e9curit\u00e9 internationales, notamment ASTM et EN. Des d\u00e9tails tels que les portes qui s'ouvrent, les comptoirs de jeu, les accessoires th\u00e9matiques et les accessoires r\u00e9alistes rendent l'exp\u00e9rience plus attrayante et authentique, faisant de ces maisons de jeux un choix id\u00e9al pour les aires de jeux int\u00e9rieures commerciales.<\/p>\n<p style=\"font-weight: bold; font-size: 22px; color: #e74c3c; margin: 40px 0 20px;\">Enti\u00e8rement personnalis\u00e9 pour r\u00e9pondre aux besoins commerciaux<\/p>\n<p style=\"text-align: justify; font-size: 16px; margin-bottom: 30px;\">Chaque solution d'aire de jeux int\u00e9rieure avec maison de jeux pour enfants est enti\u00e8rement personnalisable. Que vous souhaitiez ajouter une seule maison de jeux ou concevoir une aire de jeux int\u00e9rieure compl\u00e8te sous forme de \u201c ville de jeux \u201d, notre \u00e9quipe professionnelle vous aidera \u00e0 cr\u00e9er l'agencement le mieux adapt\u00e9 \u00e0 votre espace. Des solutions sont disponibles pour les coins de jeux compacts ainsi que pour les projets d'\u00e9quipements d'aires de jeux int\u00e9rieures commerciales \u00e0 grande \u00e9chelle.<\/p>\n<p style=\"font-weight: bold; font-size: 22px; color: #e74c3c; margin: 40px 0 20px;\">Th\u00e8mes populaires pour les jeux de r\u00f4le<\/p>\n<p style=\"text-align: justify; font-size: 16px; margin-bottom: 10px;\">Les maisons de jeu les plus couramment choisies sont les suivantes :<\/p>\n<ul style=\"font-size: 16px; padding-left: 40px; margin-bottom: 30px;\">\n<li><strong>Supermarch\u00e9<\/strong> \u2013 Ax\u00e9 sur la logique math\u00e9matique et les interactions sociales, \u00e9quip\u00e9 de caddies, de jouets alimentaires, de scanners et de caisses enregistreuses.<\/li>\n<li><strong>H\u00f4pital<\/strong> \u2013 D\u00e9velopper l'empathie et la curiosit\u00e9 scientifique \u00e0 l'aide de st\u00e9thoscopes, d'appareils de radiographie jouets et de lits d'h\u00f4pital.<\/li>\n<li><strong>Caserne de pompiers<\/strong> \u2013 D\u00e9veloppez votre courage et votre coordination physique \u00e0 l'aide d'uniformes de pompier, de casques et d'accessoires d'incendie souples.<\/li>\n<li><strong>Salon de coiffure<\/strong> \u2013 Encouragez la cr\u00e9ativit\u00e9 et l'esth\u00e9tique avec des miroirs, des accessoires de coiffure et des coiffeuses.<\/li>\n<li><strong>Chantier de construction<\/strong> \u2013 Renforcer la pens\u00e9e logique et les comp\u00e9tences pratiques \u00e0 l'aide de casques de s\u00e9curit\u00e9, de briques en mousse et de dessins techniques.<\/li>\n<\/ul>\n<p style=\"font-weight: bold; font-size: 22px; color: #e74c3c; margin: 40px 0 20px;\">Caract\u00e9ristiques principales<\/p>\n<ul style=\"font-size: 16px; padding-left: 40px; margin-bottom: 30px;\">\n<li><strong>Personnalisation avanc\u00e9e :<\/strong> Les couleurs, les th\u00e8mes, les agencements et les dimensions peuvent \u00eatre ajust\u00e9s pour s'adapter \u00e0 votre espace et \u00e0 votre marque. Les \u00e9l\u00e9ments interactifs optionnels comprennent des piscines \u00e0 balles, des toboggans, <a href=\"https:\/\/softplaysupply.com\/fr\/pcategory\/climbing-walls\/\" data-internallinksmanager029f6b8e52c=\"3\" title=\"murs d&#039;escalade\" target=\"_blank\" rel=\"noopener\">murs d'escalade<\/a>, et jeux de projection.<\/li>\n<li><strong>La s\u00e9curit\u00e9 avant tout :<\/strong> Les bords arrondis, les mat\u00e9riaux alimentaires non toxiques, le rev\u00eatement de sol antid\u00e9rapant et le rembourrage moelleux garantissent s\u00e9curit\u00e9 et durabilit\u00e9 pour une utilisation commerciale intensive.<\/li>\n<li><strong>Th\u00e8mes riches :<\/strong> Des dizaines de sc\u00e9narios de jeux de r\u00f4le r\u00e9alistes avec des accessoires d\u00e9taill\u00e9s tels que des ustensiles de cuisine, des trousses m\u00e9dicales et des caisses enregistreuses pour un jeu immersif.<\/li>\n<li><strong>Installation et maintenance faciles :<\/strong> La conception modulaire facilite le transport, l'installation et le nettoyage, ce qui est id\u00e9al pour les environnements int\u00e9rieurs climatis\u00e9s.<\/li>\n<\/ul>\n<p style=\"font-weight: bold; font-size: 22px; color: #e74c3c; margin: 40px 0 20px;\">Avantages en mati\u00e8re d'\u00e9ducation et de d\u00e9veloppement<\/p>\n<p style=\"text-align: justify; font-size: 16px; margin-bottom: 30px;\">Le jeu de r\u00f4le est un \u00e9l\u00e9ment essentiel du d\u00e9veloppement de la petite enfance. Ces maisons de jeu ne sont pas seulement des \u00e9quipements de jeux, mais aussi de puissants outils d'apprentissage :<\/p>\n<ul style=\"font-size: 16px; padding-left: 40px; margin-bottom: 30px;\">\n<li>Stimulez l'imagination et la cr\u00e9ativit\u00e9 en explorant diff\u00e9rentes professions.<\/li>\n<li>Am\u00e9liorer les comp\u00e9tences sociales et communicationnelles gr\u00e2ce \u00e0 l'interaction en groupe<\/li>\n<li>D\u00e9veloppez votre empathie en comprenant les diff\u00e9rents r\u00f4les et \u00e9motions.<\/li>\n<li>Am\u00e9liorer les comp\u00e9tences linguistiques et les capacit\u00e9s de r\u00e9solution de probl\u00e8mes<\/li>\n<li>Favoriser la coordination physique gr\u00e2ce \u00e0 l'escalade, la course et les jeux actifs.<\/li>\n<\/ul>\n<p style=\"font-weight: bold; font-size: 22px; color: #e74c3c; margin: 40px 0 20px;\">Un investissement intelligent pour les aires de jeux int\u00e9rieures<\/p>\n<p style=\"text-align: justify; font-size: 16px; margin-bottom: 30px;\">Par rapport aux grandes attractions \u00e0 sensations fortes ou aux jeux \u00e9lectroniques, les \u00e9quipements de jeux d'int\u00e9rieur de type \u00ab maison de jeux \u00bb offrent des co\u00fbts d'entretien r\u00e9duits, une valeur \u00e9ducative plus \u00e9lev\u00e9e, une interaction parent-enfant plus forte, une dur\u00e9e de jeu plus longue et une plus grande satisfaction des clients. Il s'agit d'une solution commerciale rentable pour les aires de jeux, avec des rendements stables \u00e0 long terme.<\/p>\n<p style=\"font-weight: bold; font-size: 22px; color: #e74c3c; margin: 40px 0 20px;\">Sc\u00e9narios d'application<\/p>\n<ul style=\"font-size: 16px; padding-left: 40px; margin-bottom: 30px;\">\n<li>Aires de jeux int\u00e9rieures commerciales<\/li>\n<li>Centres de divertissement familial (FEC)<\/li>\n<li>\u00c9coles maternelles et centres d'\u00e9ducation pr\u00e9scolaire<\/li>\n<li>Aires de jeux pour enfants dans les centres commerciaux<\/li>\n<li>Mus\u00e9es pour enfants et espaces d'apprentissage exp\u00e9rientiel<\/li>\n<\/ul>\n<p style=\"font-weight: bold; font-size: 22px; color: #e74c3c; margin: 40px 0 20px;\">Conclusion<\/p>\n<p style=\"text-align: justify; font-size: 16px; margin-bottom: 30px;\">Les \u00e9quipements d'aire de jeux int\u00e9rieure personnalis\u00e9s Customized Commercial Pretend Play City Kids Role Play House allient \u00e0 la perfection divertissement, \u00e9ducation et cr\u00e9ativit\u00e9. En offrant aux enfants une mini-ville r\u00e9aliste mais imaginative, remplie de maisons de jeux de r\u00f4le et de maisons de jeux fictives attrayantes, ils renforcent l'attrait g\u00e9n\u00e9ral des aires de jeux int\u00e9rieures tout en offrant des exp\u00e9riences de jeu enrichissantes qui incitent les familles \u00e0 revenir encore et encore.<\/p>","protected":false},"excerpt":{"rendered":"<p>\u00c9quipement de jeu commercial pour aire de jeux int\u00e9rieure avec des th\u00e8mes personnalisables tels que supermarch\u00e9, h\u00f4pital et caserne de pompiers, id\u00e9al pour les aires de jeux rentables pour enfants. Cr\u00e9ez une ville ludique et joyeuse avec l'\u00e9quipement de jeu int\u00e9rieur Role Play House, o\u00f9 des maisons immersives transforment la vie quotidienne en aventures amusantes.<\/p>","protected":false},"featured_media":3392,"parent":0,"template":"","meta":{"_acf_changed":false,"_kad_blocks_custom_css":"","_kad_blocks_head_custom_js":"","_kad_blocks_body_custom_js":"","_kad_blocks_footer_custom_js":"","_kadence_starter_templates_imported_post":false,"_kad_post_transparent":"default","_kad_post_title":"","_kad_post_layout":"default","_kad_post_sidebar_id":"","_kad_post_content_style":"default","_kad_post_vertical_padding":"default","_kad_post_feature":"","_kad_post_feature_position":"","_kad_post_header":false,"_kad_post_footer":false},"pcategory":[5,20],"ptag":[],"class_list":["post-3389","product","type-product","status-publish","has-post-thumbnail","hentry","pcategory-indoor-playground-equipment","pcategory-role-playhouse"],"acf":[],"yoast_head":"<!-- This site is optimized with the Yoast SEO plugin v26.8 - https:\/\/yoast.com\/product\/yoast-seo-wordpress\/ -->\n<title>Customized Commercial Pretend Play City Kids Role Play House Indoor Playground Equipments<\/title>\n<meta name=\"description\" content=\"Customized Commercial Pretend Play City Kids Role Play House indoor playground equipment featuring immersive pretend play houses, safe materials, and flexible customization to inspire creativity, social skills, and repeat visits.\" \/>\n<meta name=\"robots\" content=\"index, follow, max-snippet:-1, max-image-preview:large, max-video-preview:-1\" \/>\n<link rel=\"canonical\" href=\"https:\/\/softplaysupply.com\/fr\/produit\/kids-role-play-houses\/\" \/>\n<meta property=\"og:locale\" content=\"fr_FR\" \/>\n<meta property=\"og:type\" content=\"article\" \/>\n<meta property=\"og:title\" content=\"Customized Commercial Pretend Play City Kids Role Play House Indoor Playground Equipments\" \/>\n<meta property=\"og:description\" content=\"Customized Commercial Pretend Play City Kids Role Play House indoor playground equipment featuring immersive pretend play houses, safe materials, and flexible customization to inspire creativity, social skills, and repeat visits.\" \/>\n<meta property=\"og:url\" content=\"https:\/\/softplaysupply.com\/fr\/produit\/kids-role-play-houses\/\" \/>\n<meta property=\"og:site_name\" content=\"Nanpak\" \/>\n<meta property=\"og:image\" content=\"https:\/\/softplaysupply.com\/wp-content\/uploads\/2025\/12\/kids-role-play-house-2.jpg\" \/>\n\t<meta property=\"og:image:width\" content=\"800\" \/>\n\t<meta property=\"og:image:height\" content=\"800\" \/>\n\t<meta property=\"og:image:type\" content=\"image\/jpeg\" \/>\n<meta name=\"twitter:card\" content=\"summary_large_image\" \/>\n<meta name=\"twitter:label1\" content=\"Dur\u00e9e de lecture estim\u00e9e\" \/>\n\t<meta name=\"twitter:data1\" content=\"5 minutes\" \/>\n<script type=\"application\/ld+json\" class=\"yoast-schema-graph\">{\"@context\":\"https:\/\/schema.org\",\"@graph\":[{\"@type\":\"WebPage\",\"@id\":\"https:\/\/softplaysupply.com\/product\/kids-role-play-houses\/\",\"url\":\"https:\/\/softplaysupply.com\/product\/kids-role-play-houses\/\",\"name\":\"Customized Commercial Pretend Play City Kids Role Play House Indoor Playground Equipments\",\"isPartOf\":{\"@id\":\"https:\/\/softplaysupply.com\/#website\"},\"primaryImageOfPage\":{\"@id\":\"https:\/\/softplaysupply.com\/product\/kids-role-play-houses\/#primaryimage\"},\"image\":{\"@id\":\"https:\/\/softplaysupply.com\/product\/kids-role-play-houses\/#primaryimage\"},\"thumbnailUrl\":\"https:\/\/softplaysupply.com\/wp-content\/uploads\/2025\/12\/kids-role-play-house-2.jpg\",\"datePublished\":\"2025-12-26T14:20:47+00:00\",\"description\":\"Customized Commercial Pretend Play City Kids Role Play House indoor playground equipment featuring immersive pretend play houses, safe materials, and flexible customization to inspire creativity, social skills, and repeat visits.\",\"breadcrumb\":{\"@id\":\"https:\/\/softplaysupply.com\/product\/kids-role-play-houses\/#breadcrumb\"},\"inLanguage\":\"fr-FR\",\"potentialAction\":[{\"@type\":\"ReadAction\",\"target\":[\"https:\/\/softplaysupply.com\/product\/kids-role-play-houses\/\"]}]},{\"@type\":\"ImageObject\",\"inLanguage\":\"fr-FR\",\"@id\":\"https:\/\/softplaysupply.com\/product\/kids-role-play-houses\/#primaryimage\",\"url\":\"https:\/\/softplaysupply.com\/wp-content\/uploads\/2025\/12\/kids-role-play-house-2.jpg\",\"contentUrl\":\"https:\/\/softplaysupply.com\/wp-content\/uploads\/2025\/12\/kids-role-play-house-2.jpg\",\"width\":800,\"height\":800,\"caption\":\"kids role play house\"},{\"@type\":\"BreadcrumbList\",\"@id\":\"https:\/\/softplaysupply.com\/product\/kids-role-play-houses\/#breadcrumb\",\"itemListElement\":[{\"@type\":\"ListItem\",\"position\":1,\"name\":\"Home\",\"item\":\"https:\/\/softplaysupply.com\/\"},{\"@type\":\"ListItem\",\"position\":2,\"name\":\"Role Playhouse\",\"item\":\"https:\/\/softplaysupply.com\/pcategory\/role-playhouse\/\"},{\"@type\":\"ListItem\",\"position\":3,\"name\":\"Customized Commercial Pretend Play City Kids Role Play House Indoor Playground Equipments\"}]},{\"@type\":\"WebSite\",\"@id\":\"https:\/\/softplaysupply.com\/#website\",\"url\":\"https:\/\/softplaysupply.com\/\",\"name\":\"Soft Play Supplier\",\"description\":\"Soft Play Supplier\",\"publisher\":{\"@id\":\"https:\/\/softplaysupply.com\/#organization\"},\"potentialAction\":[{\"@type\":\"SearchAction\",\"target\":{\"@type\":\"EntryPoint\",\"urlTemplate\":\"https:\/\/softplaysupply.com\/?s={search_term_string}\"},\"query-input\":{\"@type\":\"PropertyValueSpecification\",\"valueRequired\":true,\"valueName\":\"search_term_string\"}}],\"inLanguage\":\"fr-FR\"},{\"@type\":\"Organization\",\"@id\":\"https:\/\/softplaysupply.com\/#organization\",\"name\":\"Nanpak\",\"url\":\"https:\/\/softplaysupply.com\/\",\"logo\":{\"@type\":\"ImageObject\",\"inLanguage\":\"fr-FR\",\"@id\":\"https:\/\/softplaysupply.com\/#\/schema\/logo\/image\/\",\"url\":\"https:\/\/softplaysupply.com\/wp-content\/uploads\/2025\/12\/cropped-mobile-logo.png\",\"contentUrl\":\"https:\/\/softplaysupply.com\/wp-content\/uploads\/2025\/12\/cropped-mobile-logo.png\",\"width\":263,\"height\":84,\"caption\":\"Nanpak\"},\"image\":{\"@id\":\"https:\/\/softplaysupply.com\/#\/schema\/logo\/image\/\"}}]}<\/script>\n<!-- \/ Yoast SEO plugin. -->","yoast_head_json":{"title":"\u00c9quipements de jeux d'int\u00e9rieur personnalis\u00e9s pour jeux de r\u00f4le commerciaux pour enfants en ville","description":"\u00c9quipement de jeu d'int\u00e9rieur personnalis\u00e9 pour enfants, comprenant des maisons de jeu immersives, des mat\u00e9riaux s\u00fbrs et une personnalisation flexible pour stimuler la cr\u00e9ativit\u00e9, les comp\u00e9tences sociales et les visites r\u00e9p\u00e9t\u00e9es.","robots":{"index":"index","follow":"follow","max-snippet":"max-snippet:-1","max-image-preview":"max-image-preview:large","max-video-preview":"max-video-preview:-1"},"canonical":"https:\/\/softplaysupply.com\/fr\/produit\/kids-role-play-houses\/","og_locale":"fr_FR","og_type":"article","og_title":"Customized Commercial Pretend Play City Kids Role Play House Indoor Playground Equipments","og_description":"Customized Commercial Pretend Play City Kids Role Play House indoor playground equipment featuring immersive pretend play houses, safe materials, and flexible customization to inspire creativity, social skills, and repeat visits.","og_url":"https:\/\/softplaysupply.com\/fr\/produit\/kids-role-play-houses\/","og_site_name":"Nanpak","og_image":[{"width":800,"height":800,"url":"https:\/\/softplaysupply.com\/wp-content\/uploads\/2025\/12\/kids-role-play-house-2.jpg","type":"image\/jpeg"}],"twitter_card":"summary_large_image","twitter_misc":{"Dur\u00e9e de lecture estim\u00e9e":"5 minutes"},"schema":{"@context":"https:\/\/schema.org","@graph":[{"@type":"WebPage","@id":"https:\/\/softplaysupply.com\/product\/kids-role-play-houses\/","url":"https:\/\/softplaysupply.com\/product\/kids-role-play-houses\/","name":"\u00c9quipements de jeux d'int\u00e9rieur personnalis\u00e9s pour jeux de r\u00f4le commerciaux pour enfants en ville","isPartOf":{"@id":"https:\/\/softplaysupply.com\/#website"},"primaryImageOfPage":{"@id":"https:\/\/softplaysupply.com\/product\/kids-role-play-houses\/#primaryimage"},"image":{"@id":"https:\/\/softplaysupply.com\/product\/kids-role-play-houses\/#primaryimage"},"thumbnailUrl":"https:\/\/softplaysupply.com\/wp-content\/uploads\/2025\/12\/kids-role-play-house-2.jpg","datePublished":"2025-12-26T14:20:47+00:00","description":"\u00c9quipement de jeu d'int\u00e9rieur personnalis\u00e9 pour enfants, comprenant des maisons de jeu immersives, des mat\u00e9riaux s\u00fbrs et une personnalisation flexible pour stimuler la cr\u00e9ativit\u00e9, les comp\u00e9tences sociales et les visites r\u00e9p\u00e9t\u00e9es.","breadcrumb":{"@id":"https:\/\/softplaysupply.com\/product\/kids-role-play-houses\/#breadcrumb"},"inLanguage":"fr-FR","potentialAction":[{"@type":"ReadAction","target":["https:\/\/softplaysupply.com\/product\/kids-role-play-houses\/"]}]},{"@type":"ImageObject","inLanguage":"fr-FR","@id":"https:\/\/softplaysupply.com\/product\/kids-role-play-houses\/#primaryimage","url":"https:\/\/softplaysupply.com\/wp-content\/uploads\/2025\/12\/kids-role-play-house-2.jpg","contentUrl":"https:\/\/softplaysupply.com\/wp-content\/uploads\/2025\/12\/kids-role-play-house-2.jpg","width":800,"height":800,"caption":"kids role play house"},{"@type":"BreadcrumbList","@id":"https:\/\/softplaysupply.com\/product\/kids-role-play-houses\/#breadcrumb","itemListElement":[{"@type":"ListItem","position":1,"name":"Home","item":"https:\/\/softplaysupply.com\/"},{"@type":"ListItem","position":2,"name":"Role Playhouse","item":"https:\/\/softplaysupply.com\/pcategory\/role-playhouse\/"},{"@type":"ListItem","position":3,"name":"Customized Commercial Pretend Play City Kids Role Play House Indoor Playground Equipments"}]},{"@type":"WebSite","@id":"https:\/\/softplaysupply.com\/#website","url":"https:\/\/softplaysupply.com\/","name":"Fournisseur de jeux souples","description":"Fournisseur de jeux souples","publisher":{"@id":"https:\/\/softplaysupply.com\/#organization"},"potentialAction":[{"@type":"SearchAction","target":{"@type":"EntryPoint","urlTemplate":"https:\/\/softplaysupply.com\/?s={search_term_string}"},"query-input":{"@type":"PropertyValueSpecification","valueRequired":true,"valueName":"search_term_string"}}],"inLanguage":"fr-FR"},{"@type":"Organization","@id":"https:\/\/softplaysupply.com\/#organization","name":"Nanpak","url":"https:\/\/softplaysupply.com\/","logo":{"@type":"ImageObject","inLanguage":"fr-FR","@id":"https:\/\/softplaysupply.com\/#\/schema\/logo\/image\/","url":"https:\/\/softplaysupply.com\/wp-content\/uploads\/2025\/12\/cropped-mobile-logo.png","contentUrl":"https:\/\/softplaysupply.com\/wp-content\/uploads\/2025\/12\/cropped-mobile-logo.png","width":263,"height":84,"caption":"Nanpak"},"image":{"@id":"https:\/\/softplaysupply.com\/#\/schema\/logo\/image\/"}}]}},"taxonomy_info":{"pcategory":[{"value":5,"label":"Indoor Playground Equipment"},{"value":20,"label":"Role Playhouse"}]},"featured_image_src_large":["https:\/\/softplaysupply.com\/wp-content\/uploads\/2025\/12\/kids-role-play-house-2.jpg",800,800,false],"author_info":[],"comment_info":"","_links":{"self":[{"href":"https:\/\/softplaysupply.com\/fr\/wp-json\/wp\/v2\/product\/3389","targetHints":{"allow":["GET"]}}],"collection":[{"href":"https:\/\/softplaysupply.com\/fr\/wp-json\/wp\/v2\/product"}],"about":[{"href":"https:\/\/softplaysupply.com\/fr\/wp-json\/wp\/v2\/types\/product"}],"wp:featuredmedia":[{"embeddable":true,"href":"https:\/\/softplaysupply.com\/fr\/wp-json\/wp\/v2\/media\/3392"}],"wp:attachment":[{"href":"https:\/\/softplaysupply.com\/fr\/wp-json\/wp\/v2\/media?parent=3389"}],"wp:term":[{"taxonomy":"pcategory","embeddable":true,"href":"https:\/\/softplaysupply.com\/fr\/wp-json\/wp\/v2\/pcategory?post=3389"},{"taxonomy":"ptag","embeddable":true,"href":"https:\/\/softplaysupply.com\/fr\/wp-json\/wp\/v2\/ptag?post=3389"}],"curies":[{"name":"wp","href":"https:\/\/api.w.org\/{rel}","templated":true}]}}