{"id":3343,"date":"2025-12-15T04:50:49","date_gmt":"2025-12-15T04:50:49","guid":{"rendered":"https:\/\/softplaysupply.com\/?post_type=product&#038;p=3343"},"modified":"2025-12-15T05:52:39","modified_gmt":"2025-12-15T05:52:39","slug":"all-in-one-ball-pit-washing-ball-cleaning-machine","status":"publish","type":"product","link":"https:\/\/softplaysupply.com\/fr\/produit\/all-in-one-ball-pit-washing-ball-cleaning-machine\/","title":{"rendered":"Machine multifonctionnelle tout-en-un pour le lavage et le nettoyage des balles de piscine \u00e0 balles"},"content":{"rendered":"<div style=\"width: 1280px;\" class=\"wp-video\"><video class=\"wp-video-shortcode\" id=\"video-3343-1\" width=\"1280\" height=\"720\" preload=\"auto\" controls=\"controls\"><source type=\"video\/mp4\" src=\"https:\/\/softplaysupply.com\/wp-content\/uploads\/2025\/12\/all-in-one-ball-washing-machine.mp4?_=1\" \/><a href=\"https:\/\/softplaysupply.com\/wp-content\/uploads\/2025\/12\/all-in-one-ball-washing-machine.mp4\">https:\/\/softplaysupply.com\/wp-content\/uploads\/2025\/12\/all-in-one-ball-washing-machine.mp4<\/a><\/video><\/div>\n<p>Les piscines \u00e0 balles sont un \u00e9l\u00e9ment central des aires de jeux pour enfants, des centres commerciaux et des parcs d'attractions couverts, mais elles posent \u00e9galement d'importants d\u00e9fis en mati\u00e8re d'hygi\u00e8ne. Le grand nombre de balles en plastique n\u00e9cessite un nettoyage continu, et les m\u00e9thodes traditionnelles sont \u00e0 la fois longues et laborieuses, et ne permettent souvent pas d'assurer la st\u00e9rilisation en profondeur n\u00e9cessaire pour garantir un environnement v\u00e9ritablement propre.<\/p>\n<p>D\u00e9couvrez la machine \u00e0 laver multifonctionnelle pour balles, un appareil de nettoyage r\u00e9volutionnaire et efficace sp\u00e9cialement con\u00e7u pour les grandes piscines \u00e0 balles. Cette machine \u00e0 laver tout-en-un transforme votre approche de l'hygi\u00e8ne en offrant une solution automatis\u00e9e et haut de gamme pour le nettoyage des piscines \u00e0 balles.<\/p>\n<p><img loading=\"lazy\" decoding=\"async\" class=\"alignnone size-medium wp-image-3348\" src=\"https:\/\/softplaysupply.com\/wp-content\/uploads\/2025\/12\/ball-pit-cleaning-machine-2-300x300.jpg\" alt=\"\" width=\"300\" height=\"300\" srcset=\"https:\/\/softplaysupply.com\/wp-content\/uploads\/2025\/12\/ball-pit-cleaning-machine-2-300x300.jpg 300w, https:\/\/softplaysupply.com\/wp-content\/uploads\/2025\/12\/ball-pit-cleaning-machine-2-150x150.jpg 150w, https:\/\/softplaysupply.com\/wp-content\/uploads\/2025\/12\/ball-pit-cleaning-machine-2-768x768.jpg 768w, https:\/\/softplaysupply.com\/wp-content\/uploads\/2025\/12\/ball-pit-cleaning-machine-2-12x12.jpg 12w, https:\/\/softplaysupply.com\/wp-content\/uploads\/2025\/12\/ball-pit-cleaning-machine-2.jpg 800w\" sizes=\"auto, (max-width: 300px) 100vw, 300px\" \/> <img loading=\"lazy\" decoding=\"async\" class=\"alignnone size-medium wp-image-3349\" src=\"https:\/\/softplaysupply.com\/wp-content\/uploads\/2025\/12\/ball-pit-cleaning-machine-3-300x300.jpg\" alt=\"\" width=\"300\" height=\"300\" srcset=\"https:\/\/softplaysupply.com\/wp-content\/uploads\/2025\/12\/ball-pit-cleaning-machine-3-300x300.jpg 300w, https:\/\/softplaysupply.com\/wp-content\/uploads\/2025\/12\/ball-pit-cleaning-machine-3-150x150.jpg 150w, https:\/\/softplaysupply.com\/wp-content\/uploads\/2025\/12\/ball-pit-cleaning-machine-3-768x768.jpg 768w, https:\/\/softplaysupply.com\/wp-content\/uploads\/2025\/12\/ball-pit-cleaning-machine-3-12x12.jpg 12w, https:\/\/softplaysupply.com\/wp-content\/uploads\/2025\/12\/ball-pit-cleaning-machine-3.jpg 800w\" sizes=\"auto, (max-width: 300px) 100vw, 300px\" \/> <img loading=\"lazy\" decoding=\"async\" class=\"alignnone size-medium wp-image-3351\" src=\"https:\/\/softplaysupply.com\/wp-content\/uploads\/2025\/12\/ball-pit-cleaning-machine-5-300x300.jpg\" alt=\"Machine de nettoyage pour piscine \u00e0 balles\" width=\"300\" height=\"300\" srcset=\"https:\/\/softplaysupply.com\/wp-content\/uploads\/2025\/12\/ball-pit-cleaning-machine-5-300x300.jpg 300w, https:\/\/softplaysupply.com\/wp-content\/uploads\/2025\/12\/ball-pit-cleaning-machine-5-150x150.jpg 150w, https:\/\/softplaysupply.com\/wp-content\/uploads\/2025\/12\/ball-pit-cleaning-machine-5-12x12.jpg 12w, https:\/\/softplaysupply.com\/wp-content\/uploads\/2025\/12\/ball-pit-cleaning-machine-5.jpg 750w\" sizes=\"auto, (max-width: 300px) 100vw, 300px\" \/><\/p>\n<h2 style=\"color: #2980b9;\"><strong>Principaux avantages : pourquoi choisir notre machine multifonctionnelle de lavage des balles ?<\/strong><\/h2>\n<ol>\n<li style=\"margin-bottom: 20px;\"><strong>Efficacit\u00e9 extr\u00eame, \u00e9conomies de co\u00fbts<\/strong><br \/>\n<strong>Ultra-haute efficacit\u00e9<\/strong>: Capable de nettoyer jusqu'\u00e0 25 000 ballons de plage en seulement une heure.<br \/>\n<strong>Retour sur investissement<\/strong>: En r\u00e9duisant la main-d'\u0153uvre et le temps n\u00e9cessaires au nettoyage manuel, notre machine de nettoyage des balles garantit un retour sur investissement rapide.<\/li>\n<li style=\"margin-bottom: 20px;\"><strong>St\u00e9rilisation en profondeur, s\u00e9curit\u00e9 fiable<\/strong><br \/>\n<strong>St\u00e9rilisation par lumi\u00e8re bleue<\/strong>: Le syst\u00e8me int\u00e9gr\u00e9 de st\u00e9rilisation par lumi\u00e8re bleue garantit une d\u00e9sinfection en profondeur des balles pendant le processus de lavage, atteignant un niveau de propret\u00e9 bien sup\u00e9rieur \u00e0 celui obtenu avec un lavage \u00e0 l'eau classique.<br \/>\n<strong>Syst\u00e8me de nettoyage sp\u00e9cial<\/strong>: Un d\u00e9sinfectant unique est ajout\u00e9 \u00e0 l'eau, associ\u00e9 \u00e0 un syst\u00e8me de filtration multicouche, afin d'obtenir une st\u00e9rilisation et une propret\u00e9 sup\u00e9rieures. Cela fait de notre machine \u00e0 laver pour piscines \u00e0 balles un \u00e9quipement indispensable pour les propri\u00e9taires de parcs soucieux de maintenir des normes \u00e9lev\u00e9es en mati\u00e8re de sant\u00e9 et de s\u00e9curit\u00e9.<\/li>\n<li style=\"margin-bottom: 20px;\"><strong>Fonctionnement intelligent, convivial<\/strong><br \/>\n<strong>Commande par \u00e9cran tactile intelligent<\/strong>: L'interface tactile intuitive et intelligente rend l'utilisation facile et intuitive.<br \/>\n<strong>D\u00e9marrage \u00e0 un seul bouton<\/strong>: Simplifie le processus pour le personnel non professionnel, le rendant accessible \u00e0 tous et facile \u00e0 utiliser.<\/li>\n<\/ol>\n<h2 style=\"color: #2980b9;\"><strong>Sp\u00e9cifications et caract\u00e9ristiques d\u00e9taill\u00e9es<\/strong><\/h2>\n<table style=\"width: 100%; border-collapse: collapse; margin: 20px 0; background-color: #fff;\">\n<thead>\n<tr style=\"background-color: #3498db; color: white;\">\n<th style=\"padding: 12px; text-align: left; border: 1px solid #ddd;\">Fonctionnalit\u00e9<\/th>\n<th style=\"padding: 12px; text-align: left; border: 1px solid #ddd;\">D\u00e9tails des sp\u00e9cifications<\/th>\n<th style=\"padding: 12px; text-align: left; border: 1px solid #ddd;\">Explication des avantages<\/th>\n<\/tr>\n<\/thead>\n<tbody>\n<tr>\n<td style=\"padding: 12px; border: 1px solid #ddd;\"><strong>Nom du produit<\/strong><\/td>\n<td style=\"padding: 12px; border: 1px solid #ddd;\">Machine multifonctionnelle pour le lavage des balles<\/td>\n<td style=\"padding: 12px; border: 1px solid #ddd;\">Conception int\u00e9gr\u00e9e qui r\u00e9pond aux besoins en mati\u00e8re de nettoyage, de d\u00e9sinfection et de s\u00e9chage.<\/td>\n<\/tr>\n<tr style=\"background-color: #ecf0f1;\">\n<td style=\"padding: 12px; border: 1px solid #ddd;\"><strong>Efficacit\u00e9 du nettoyage<\/strong><\/td>\n<td style=\"padding: 12px; border: 1px solid #ddd;\">25 000 pi\u00e8ces\/boules\/heure<\/td>\n<td style=\"padding: 12px; border: 1px solid #ddd;\">Capacit\u00e9 de nettoyage \u00e0 grande vitesse in\u00e9gal\u00e9e dans l'industrie.<\/td>\n<\/tr>\n<tr>\n<td style=\"padding: 12px; border: 1px solid #ddd;\"><strong>St\u00e9rilisation<\/strong><\/td>\n<td style=\"padding: 12px; border: 1px solid #ddd;\">St\u00e9rilisation par lumi\u00e8re bleue<\/td>\n<td style=\"padding: 12px; border: 1px solid #ddd;\">\u00c9limine efficacement les bact\u00e9ries et les virus de la surface de la balle.<\/td>\n<\/tr>\n<tr style=\"background-color: #ecf0f1;\">\n<td style=\"padding: 12px; border: 1px solid #ddd;\"><strong>Param\u00e8tres de l'appareil<\/strong><\/td>\n<td style=\"padding: 12px; border: 1px solid #ddd;\">Puissance totale 2,5 kW, courant 16 amp\u00e8res<\/td>\n<td style=\"padding: 12px; border: 1px solid #ddd;\">Puissance moteur \u00e9lev\u00e9e, personnalisable pour r\u00e9pondre \u00e0 diff\u00e9rentes exigences op\u00e9rationnelles.<\/td>\n<\/tr>\n<tr>\n<td style=\"padding: 12px; border: 1px solid #ddd;\"><strong>Technologie de base<\/strong><\/td>\n<td style=\"padding: 12px; border: 1px solid #ddd;\">Brosse ultra douce \u00e0 360\u00b0 + syst\u00e8me de filtration multicouche<\/td>\n<td style=\"padding: 12px; border: 1px solid #ddd;\">Nettoie et frotte d\u00e9licatement chaque centim\u00e8tre carr\u00e9 du ballon tout en recyclant efficacement l'eau.<\/td>\n<\/tr>\n<tr style=\"background-color: #ecf0f1;\">\n<td style=\"padding: 12px; border: 1px solid #ddd;\"><strong>Technologie de s\u00e9chage<\/strong><\/td>\n<td style=\"padding: 12px; border: 1px solid #ddd;\">\u201cFonction \u201d More Dry Ball \u00bb (Plus de balles s\u00e8ches)<\/td>\n<td style=\"padding: 12px; border: 1px solid #ddd;\">Le s\u00e9chage \u00e0 l'air tr\u00e8s efficace et l'essuyage avec un chiffon en coton garantissent que les balles sont pr\u00eates \u00e0 l'emploi instantan\u00e9ment.<\/td>\n<\/tr>\n<tr>\n<td style=\"padding: 12px; border: 1px solid #ddd;\"><strong>Taille\/Poids<\/strong><\/td>\n<td style=\"padding: 12px; border: 1px solid #ddd;\">Dimensions : 140 x 65 x 120 cm, poids : 110 kg<\/td>\n<td style=\"padding: 12px; border: 1px solid #ddd;\">Conception compacte et l\u00e9g\u00e8re, facile \u00e0 d\u00e9placer dans le lieu de l'\u00e9v\u00e9nement.<\/td>\n<\/tr>\n<tr style=\"background-color: #ecf0f1;\">\n<td style=\"padding: 12px; border: 1px solid #ddd;\"><strong>Informations sur l'emballage<\/strong><\/td>\n<td style=\"padding: 12px; border: 1px solid #ddd;\">Dimensions : 168*78*150 cm, poids brut : 180 kg<\/td>\n<td style=\"padding: 12px; border: 1px solid #ddd;\">Un emballage robuste garantit un transport s\u00fbr et s\u00e9curis\u00e9.<\/td>\n<\/tr>\n<\/tbody>\n<\/table>\n<h2 style=\"color: #2980b9;\"><strong>Fonctionnalit\u00e9 Workflow : de sale \u00e0 propre en une seule \u00e9tape<\/strong><\/h2>\n<p>Notre <strong><a href=\"https:\/\/softplaysupply.com\/fr\/produit\/all-in-one-ball-pit-washing-ball-cleaning-machine\/\" data-internallinksmanager029f6b8e52c=\"4\" title=\"Machine de nettoyage pour piscine \u00e0 balles\" target=\"_blank\" rel=\"noopener\">Machine de nettoyage pour piscine \u00e0 balles<\/a><\/strong> est con\u00e7u pour les parcs o\u00f9 le volume de balles est important. Le processus est simple et efficace :<\/p>\n<ol>\n<li><strong>Collecte et immersion<\/strong>: Les balles sont automatiquement aspir\u00e9es ou introduites dans la machine.<\/li>\n<li><strong>Lavage en profondeur \u00e0 360\u00b0<\/strong>: La brosse ultra-douce \u00e0 360\u00b0 frotte les boules en profondeur tandis que l'eau m\u00e9lang\u00e9e \u00e0 un d\u00e9sinfectant sp\u00e9cial garantit un nettoyage efficace.<\/li>\n<li><strong>Filtration de l'eau<\/strong>: L'eau sale est filtr\u00e9e et recycl\u00e9e gr\u00e2ce \u00e0 un syst\u00e8me de filtration multicouche.<\/li>\n<li><strong>D\u00e9sinfection par lumi\u00e8re bleue<\/strong>: La st\u00e9rilisation par lumi\u00e8re bleue fonctionne simultan\u00e9ment avec le lavage, garantissant ainsi que toutes les balles sont exemptes de bact\u00e9ries nocives.<\/li>\n<li><strong>S\u00e9chage \u00e0 l'air \u00e0 haut rendement<\/strong>: Les balles subissent un processus de s\u00e9chage et sont essuy\u00e9es avec un chiffon en coton pour un s\u00e9chage instantan\u00e9. Cette fonctionnalit\u00e9 permet de maintenir une disponibilit\u00e9 maximale de votre aire de jeux.<\/li>\n<\/ol>\n<h2 style=\"color: #2980b9;\"><strong>Agissez d\u00e8s maintenant : am\u00e9liorez vos normes op\u00e9rationnelles<\/strong><\/h2>\n<p>Investir dans notre machine multifonctionnelle de lavage de balles, c'est plus qu'acheter un \u00e9quipement, c'est investir dans la sant\u00e9, la s\u00e9curit\u00e9 et l'efficacit\u00e9 op\u00e9rationnelle globale de vos clients. Ne perdez plus de temps avec un nettoyage manuel inefficace. Cette machine de lavage de balles tout-en-un rationalisera vos processus, garantira une hygi\u00e8ne irr\u00e9prochable et contribuera \u00e0 maintenir un environnement propre et s\u00fbr pour tous les visiteurs.<\/p>\n<p>Que vous souhaitiez acheter une machine de nettoyage pour piscine \u00e0 balles ou que vous soyez int\u00e9ress\u00e9 par la location d'une telle machine, n'h\u00e9sitez pas \u00e0 nous contacter d\u00e8s aujourd'hui pour trouver la solution qui vous convient !<\/p>\n<div id=\"gtx-trans\" style=\"position: absolute; left: 460px; top: 39px;\">\n<div class=\"gtx-trans-icon\"><\/div>\n<\/div>","protected":false},"excerpt":{"rendered":"<p>Machine professionnelle de nettoyage des piscines \u00e0 balles con\u00e7ue pour les aires de jeux et les parcs d'attractions couverts. Le lavage automatis\u00e9, la st\u00e9rilisation par lumi\u00e8re bleue, le s\u00e9chage \u00e0 l'air et la filtration de l'eau garantissent un environnement de jeu s\u00fbr et hygi\u00e9nique.<\/p>","protected":false},"featured_media":3351,"parent":0,"template":"","meta":{"_acf_changed":false,"_kad_blocks_custom_css":"","_kad_blocks_head_custom_js":"","_kad_blocks_body_custom_js":"","_kad_blocks_footer_custom_js":"","_kadence_starter_templates_imported_post":false,"_kad_post_transparent":"default","_kad_post_title":"","_kad_post_layout":"default","_kad_post_sidebar_id":"","_kad_post_content_style":"default","_kad_post_vertical_padding":"default","_kad_post_feature":"","_kad_post_feature_position":"","_kad_post_header":false,"_kad_post_footer":false},"pcategory":[5],"ptag":[],"class_list":["post-3343","product","type-product","status-publish","has-post-thumbnail","hentry","pcategory-indoor-playground-equipment"],"acf":[],"yoast_head":"<!-- This site is optimized with the Yoast SEO plugin v26.8 - https:\/\/yoast.com\/product\/yoast-seo-wordpress\/ -->\n<title>Multi-Functional All In One Ball Pit Washing Ball Cleaning Machine<\/title>\n<meta name=\"description\" content=\"Multi-Functional all in one ball pit washing ball cleaning machine reduce labor costs and improve hygiene with our automatic ball pit washing machine. Features 360\u00b0 soft brush cleaning, blue light sterilization, smart touch screen, and fast ROI for commercial venues.\" \/>\n<meta name=\"robots\" content=\"index, follow, max-snippet:-1, max-image-preview:large, max-video-preview:-1\" \/>\n<link rel=\"canonical\" href=\"https:\/\/softplaysupply.com\/fr\/produit\/all-in-one-ball-pit-washing-ball-cleaning-machine\/\" \/>\n<meta property=\"og:locale\" content=\"fr_FR\" \/>\n<meta property=\"og:type\" content=\"article\" \/>\n<meta property=\"og:title\" content=\"Multi-Functional All In One Ball Pit Washing Ball Cleaning Machine\" \/>\n<meta property=\"og:description\" content=\"Multi-Functional all in one ball pit washing ball cleaning machine reduce labor costs and improve hygiene with our automatic ball pit washing machine. Features 360\u00b0 soft brush cleaning, blue light sterilization, smart touch screen, and fast ROI for commercial venues.\" \/>\n<meta property=\"og:url\" content=\"https:\/\/softplaysupply.com\/fr\/produit\/all-in-one-ball-pit-washing-ball-cleaning-machine\/\" \/>\n<meta property=\"og:site_name\" content=\"Nanpak\" \/>\n<meta property=\"article:modified_time\" content=\"2025-12-15T05:52:39+00:00\" \/>\n<meta property=\"og:image\" content=\"https:\/\/softplaysupply.com\/wp-content\/uploads\/2025\/12\/ball-pit-cleaning-machine-5.jpg\" \/>\n\t<meta property=\"og:image:width\" content=\"750\" \/>\n\t<meta property=\"og:image:height\" content=\"750\" \/>\n\t<meta property=\"og:image:type\" content=\"image\/jpeg\" \/>\n<meta name=\"twitter:card\" content=\"summary_large_image\" \/>\n<meta name=\"twitter:label1\" content=\"Dur\u00e9e de lecture estim\u00e9e\" \/>\n\t<meta name=\"twitter:data1\" content=\"4 minutes\" \/>\n<script type=\"application\/ld+json\" class=\"yoast-schema-graph\">{\"@context\":\"https:\/\/schema.org\",\"@graph\":[{\"@type\":\"WebPage\",\"@id\":\"https:\/\/softplaysupply.com\/product\/all-in-one-ball-pit-washing-ball-cleaning-machine\/\",\"url\":\"https:\/\/softplaysupply.com\/product\/all-in-one-ball-pit-washing-ball-cleaning-machine\/\",\"name\":\"Multi-Functional All In One Ball Pit Washing Ball Cleaning Machine\",\"isPartOf\":{\"@id\":\"https:\/\/softplaysupply.com\/#website\"},\"primaryImageOfPage\":{\"@id\":\"https:\/\/softplaysupply.com\/product\/all-in-one-ball-pit-washing-ball-cleaning-machine\/#primaryimage\"},\"image\":{\"@id\":\"https:\/\/softplaysupply.com\/product\/all-in-one-ball-pit-washing-ball-cleaning-machine\/#primaryimage\"},\"thumbnailUrl\":\"https:\/\/softplaysupply.com\/wp-content\/uploads\/2025\/12\/ball-pit-cleaning-machine-5.jpg\",\"datePublished\":\"2025-12-15T04:50:49+00:00\",\"dateModified\":\"2025-12-15T05:52:39+00:00\",\"description\":\"Multi-Functional all in one ball pit washing ball cleaning machine reduce labor costs and improve hygiene with our automatic ball pit washing machine. Features 360\u00b0 soft brush cleaning, blue light sterilization, smart touch screen, and fast ROI for commercial venues.\",\"breadcrumb\":{\"@id\":\"https:\/\/softplaysupply.com\/product\/all-in-one-ball-pit-washing-ball-cleaning-machine\/#breadcrumb\"},\"inLanguage\":\"fr-FR\",\"potentialAction\":[{\"@type\":\"ReadAction\",\"target\":[\"https:\/\/softplaysupply.com\/product\/all-in-one-ball-pit-washing-ball-cleaning-machine\/\"]}]},{\"@type\":\"ImageObject\",\"inLanguage\":\"fr-FR\",\"@id\":\"https:\/\/softplaysupply.com\/product\/all-in-one-ball-pit-washing-ball-cleaning-machine\/#primaryimage\",\"url\":\"https:\/\/softplaysupply.com\/wp-content\/uploads\/2025\/12\/ball-pit-cleaning-machine-5.jpg\",\"contentUrl\":\"https:\/\/softplaysupply.com\/wp-content\/uploads\/2025\/12\/ball-pit-cleaning-machine-5.jpg\",\"width\":750,\"height\":750,\"caption\":\"ball pit cleaning machine\"},{\"@type\":\"BreadcrumbList\",\"@id\":\"https:\/\/softplaysupply.com\/product\/all-in-one-ball-pit-washing-ball-cleaning-machine\/#breadcrumb\",\"itemListElement\":[{\"@type\":\"ListItem\",\"position\":1,\"name\":\"Home\",\"item\":\"https:\/\/softplaysupply.com\/\"},{\"@type\":\"ListItem\",\"position\":2,\"name\":\"Indoor Playground Equipment\",\"item\":\"https:\/\/softplaysupply.com\/pcategory\/indoor-playground-equipment\/\"},{\"@type\":\"ListItem\",\"position\":3,\"name\":\"Multi-Functional All In One Ball Pit Washing Ball Cleaning Machine\"}]},{\"@type\":\"WebSite\",\"@id\":\"https:\/\/softplaysupply.com\/#website\",\"url\":\"https:\/\/softplaysupply.com\/\",\"name\":\"Soft Play Supplier\",\"description\":\"Soft Play Supplier\",\"publisher\":{\"@id\":\"https:\/\/softplaysupply.com\/#organization\"},\"potentialAction\":[{\"@type\":\"SearchAction\",\"target\":{\"@type\":\"EntryPoint\",\"urlTemplate\":\"https:\/\/softplaysupply.com\/?s={search_term_string}\"},\"query-input\":{\"@type\":\"PropertyValueSpecification\",\"valueRequired\":true,\"valueName\":\"search_term_string\"}}],\"inLanguage\":\"fr-FR\"},{\"@type\":\"Organization\",\"@id\":\"https:\/\/softplaysupply.com\/#organization\",\"name\":\"Nanpak\",\"url\":\"https:\/\/softplaysupply.com\/\",\"logo\":{\"@type\":\"ImageObject\",\"inLanguage\":\"fr-FR\",\"@id\":\"https:\/\/softplaysupply.com\/#\/schema\/logo\/image\/\",\"url\":\"https:\/\/softplaysupply.com\/wp-content\/uploads\/2025\/12\/cropped-mobile-logo.png\",\"contentUrl\":\"https:\/\/softplaysupply.com\/wp-content\/uploads\/2025\/12\/cropped-mobile-logo.png\",\"width\":263,\"height\":84,\"caption\":\"Nanpak\"},\"image\":{\"@id\":\"https:\/\/softplaysupply.com\/#\/schema\/logo\/image\/\"}}]}<\/script>\n<!-- \/ Yoast SEO plugin. -->","yoast_head_json":{"title":"Machine multifonctionnelle tout-en-un pour le lavage et le nettoyage des balles de piscine \u00e0 balles","description":"La machine multifonctionnelle tout-en-un pour le lavage et le nettoyage des balles de piscine \u00e0 balles r\u00e9duit les co\u00fbts de main-d'\u0153uvre et am\u00e9liore l'hygi\u00e8ne gr\u00e2ce \u00e0 notre machine \u00e0 laver automatique pour balles de piscine \u00e0 balles. Elle offre un nettoyage \u00e0 360\u00b0 avec une brosse douce, une st\u00e9rilisation par lumi\u00e8re bleue, un \u00e9cran tactile intelligent et un retour sur investissement rapide pour les lieux commerciaux.","robots":{"index":"index","follow":"follow","max-snippet":"max-snippet:-1","max-image-preview":"max-image-preview:large","max-video-preview":"max-video-preview:-1"},"canonical":"https:\/\/softplaysupply.com\/fr\/produit\/all-in-one-ball-pit-washing-ball-cleaning-machine\/","og_locale":"fr_FR","og_type":"article","og_title":"Multi-Functional All In One Ball Pit Washing Ball Cleaning Machine","og_description":"Multi-Functional all in one ball pit washing ball cleaning machine reduce labor costs and improve hygiene with our automatic ball pit washing machine. Features 360\u00b0 soft brush cleaning, blue light sterilization, smart touch screen, and fast ROI for commercial venues.","og_url":"https:\/\/softplaysupply.com\/fr\/produit\/all-in-one-ball-pit-washing-ball-cleaning-machine\/","og_site_name":"Nanpak","article_modified_time":"2025-12-15T05:52:39+00:00","og_image":[{"width":750,"height":750,"url":"https:\/\/softplaysupply.com\/wp-content\/uploads\/2025\/12\/ball-pit-cleaning-machine-5.jpg","type":"image\/jpeg"}],"twitter_card":"summary_large_image","twitter_misc":{"Dur\u00e9e de lecture estim\u00e9e":"4 minutes"},"schema":{"@context":"https:\/\/schema.org","@graph":[{"@type":"WebPage","@id":"https:\/\/softplaysupply.com\/product\/all-in-one-ball-pit-washing-ball-cleaning-machine\/","url":"https:\/\/softplaysupply.com\/product\/all-in-one-ball-pit-washing-ball-cleaning-machine\/","name":"Machine multifonctionnelle tout-en-un pour le lavage et le nettoyage des balles de piscine \u00e0 balles","isPartOf":{"@id":"https:\/\/softplaysupply.com\/#website"},"primaryImageOfPage":{"@id":"https:\/\/softplaysupply.com\/product\/all-in-one-ball-pit-washing-ball-cleaning-machine\/#primaryimage"},"image":{"@id":"https:\/\/softplaysupply.com\/product\/all-in-one-ball-pit-washing-ball-cleaning-machine\/#primaryimage"},"thumbnailUrl":"https:\/\/softplaysupply.com\/wp-content\/uploads\/2025\/12\/ball-pit-cleaning-machine-5.jpg","datePublished":"2025-12-15T04:50:49+00:00","dateModified":"2025-12-15T05:52:39+00:00","description":"La machine multifonctionnelle tout-en-un pour le lavage et le nettoyage des balles de piscine \u00e0 balles r\u00e9duit les co\u00fbts de main-d'\u0153uvre et am\u00e9liore l'hygi\u00e8ne gr\u00e2ce \u00e0 notre machine \u00e0 laver automatique pour balles de piscine \u00e0 balles. Elle offre un nettoyage \u00e0 360\u00b0 avec une brosse douce, une st\u00e9rilisation par lumi\u00e8re bleue, un \u00e9cran tactile intelligent et un retour sur investissement rapide pour les lieux commerciaux.","breadcrumb":{"@id":"https:\/\/softplaysupply.com\/product\/all-in-one-ball-pit-washing-ball-cleaning-machine\/#breadcrumb"},"inLanguage":"fr-FR","potentialAction":[{"@type":"ReadAction","target":["https:\/\/softplaysupply.com\/product\/all-in-one-ball-pit-washing-ball-cleaning-machine\/"]}]},{"@type":"ImageObject","inLanguage":"fr-FR","@id":"https:\/\/softplaysupply.com\/product\/all-in-one-ball-pit-washing-ball-cleaning-machine\/#primaryimage","url":"https:\/\/softplaysupply.com\/wp-content\/uploads\/2025\/12\/ball-pit-cleaning-machine-5.jpg","contentUrl":"https:\/\/softplaysupply.com\/wp-content\/uploads\/2025\/12\/ball-pit-cleaning-machine-5.jpg","width":750,"height":750,"caption":"ball pit cleaning machine"},{"@type":"BreadcrumbList","@id":"https:\/\/softplaysupply.com\/product\/all-in-one-ball-pit-washing-ball-cleaning-machine\/#breadcrumb","itemListElement":[{"@type":"ListItem","position":1,"name":"Home","item":"https:\/\/softplaysupply.com\/"},{"@type":"ListItem","position":2,"name":"Indoor Playground Equipment","item":"https:\/\/softplaysupply.com\/pcategory\/indoor-playground-equipment\/"},{"@type":"ListItem","position":3,"name":"Multi-Functional All In One Ball Pit Washing Ball Cleaning Machine"}]},{"@type":"WebSite","@id":"https:\/\/softplaysupply.com\/#website","url":"https:\/\/softplaysupply.com\/","name":"Fournisseur de jeux souples","description":"Fournisseur de jeux souples","publisher":{"@id":"https:\/\/softplaysupply.com\/#organization"},"potentialAction":[{"@type":"SearchAction","target":{"@type":"EntryPoint","urlTemplate":"https:\/\/softplaysupply.com\/?s={search_term_string}"},"query-input":{"@type":"PropertyValueSpecification","valueRequired":true,"valueName":"search_term_string"}}],"inLanguage":"fr-FR"},{"@type":"Organization","@id":"https:\/\/softplaysupply.com\/#organization","name":"Nanpak","url":"https:\/\/softplaysupply.com\/","logo":{"@type":"ImageObject","inLanguage":"fr-FR","@id":"https:\/\/softplaysupply.com\/#\/schema\/logo\/image\/","url":"https:\/\/softplaysupply.com\/wp-content\/uploads\/2025\/12\/cropped-mobile-logo.png","contentUrl":"https:\/\/softplaysupply.com\/wp-content\/uploads\/2025\/12\/cropped-mobile-logo.png","width":263,"height":84,"caption":"Nanpak"},"image":{"@id":"https:\/\/softplaysupply.com\/#\/schema\/logo\/image\/"}}]}},"taxonomy_info":{"pcategory":[{"value":5,"label":"Indoor Playground Equipment"}]},"featured_image_src_large":["https:\/\/softplaysupply.com\/wp-content\/uploads\/2025\/12\/ball-pit-cleaning-machine-5.jpg",750,750,false],"author_info":[],"comment_info":"","_links":{"self":[{"href":"https:\/\/softplaysupply.com\/fr\/wp-json\/wp\/v2\/product\/3343","targetHints":{"allow":["GET"]}}],"collection":[{"href":"https:\/\/softplaysupply.com\/fr\/wp-json\/wp\/v2\/product"}],"about":[{"href":"https:\/\/softplaysupply.com\/fr\/wp-json\/wp\/v2\/types\/product"}],"wp:featuredmedia":[{"embeddable":true,"href":"https:\/\/softplaysupply.com\/fr\/wp-json\/wp\/v2\/media\/3351"}],"wp:attachment":[{"href":"https:\/\/softplaysupply.com\/fr\/wp-json\/wp\/v2\/media?parent=3343"}],"wp:term":[{"taxonomy":"pcategory","embeddable":true,"href":"https:\/\/softplaysupply.com\/fr\/wp-json\/wp\/v2\/pcategory?post=3343"},{"taxonomy":"ptag","embeddable":true,"href":"https:\/\/softplaysupply.com\/fr\/wp-json\/wp\/v2\/ptag?post=3343"}],"curies":[{"name":"wp","href":"https:\/\/api.w.org\/{rel}","templated":true}]}}