{"id":3310,"date":"2025-12-10T04:18:01","date_gmt":"2025-12-10T04:18:01","guid":{"rendered":"https:\/\/softplaysupply.com\/?post_type=product&#038;p=3310"},"modified":"2025-12-10T04:20:16","modified_gmt":"2025-12-10T04:20:16","slug":"prises-descalade","status":"publish","type":"product","link":"https:\/\/softplaysupply.com\/fr\/produit\/prises-descalade\/","title":{"rendered":"Muraille d'escalade pour enfants pour aire de jeux int\u00e9rieure \u00e0 vendre"},"content":{"rendered":"<div style=\"margin: 0 auto; background-color: #fff; padding: 30px; box-shadow: 0 4px 8px rgba(0, 0, 0, 0.1);\">\n<div style=\"color: #2a2a2a;\">\n<p><img loading=\"lazy\" decoding=\"async\" class=\"alignnone size-full wp-image-3315\" src=\"https:\/\/softplaysupply.com\/wp-content\/uploads\/2025\/12\/Children-Rock-Climbing-Wall-Holds-1.jpg\" alt=\"\" width=\"750\" height=\"750\" srcset=\"https:\/\/softplaysupply.com\/wp-content\/uploads\/2025\/12\/Children-Rock-Climbing-Wall-Holds-1.jpg 750w, https:\/\/softplaysupply.com\/wp-content\/uploads\/2025\/12\/Children-Rock-Climbing-Wall-Holds-1-300x300.jpg 300w, https:\/\/softplaysupply.com\/wp-content\/uploads\/2025\/12\/Children-Rock-Climbing-Wall-Holds-1-150x150.jpg 150w, https:\/\/softplaysupply.com\/wp-content\/uploads\/2025\/12\/Children-Rock-Climbing-Wall-Holds-1-12x12.jpg 12w\" sizes=\"auto, (max-width: 750px) 100vw, 750px\" \/> <img loading=\"lazy\" decoding=\"async\" class=\"alignnone size-full wp-image-3316\" src=\"https:\/\/softplaysupply.com\/wp-content\/uploads\/2025\/12\/Children-Rock-Climbing-Wall-Holds-2.jpg\" alt=\"\" width=\"750\" height=\"806\" srcset=\"https:\/\/softplaysupply.com\/wp-content\/uploads\/2025\/12\/Children-Rock-Climbing-Wall-Holds-2.jpg 750w, https:\/\/softplaysupply.com\/wp-content\/uploads\/2025\/12\/Children-Rock-Climbing-Wall-Holds-2-279x300.jpg 279w, https:\/\/softplaysupply.com\/wp-content\/uploads\/2025\/12\/Children-Rock-Climbing-Wall-Holds-2-11x12.jpg 11w\" sizes=\"auto, (max-width: 750px) 100vw, 750px\" \/><\/p>\n<p style=\"font-size: 16px; margin-top: 10px;\">Notre mur d'escalade en bois pour salle de jeux int\u00e9rieure est con\u00e7u pour apporter aventure et excitation dans la vie quotidienne de votre enfant. Parfait pour toute salle de jeux ou salle de sport \u00e0 domicile, ce mur d'escalade est \u00e9quip\u00e9 de prises d'escalade de haute qualit\u00e9 qui aident les enfants \u00e0 d\u00e9velopper leur force, leur coordination et leur confiance en eux lorsqu'ils grimpent et explorent. Fabriqu\u00e9 en fibre de verre durable et en polyester renforc\u00e9, le mur offre une exp\u00e9rience d'escalade s\u00fbre et amusante. C'est un moyen fantastique de garder les enfants actifs et occup\u00e9s \u00e0 l'int\u00e9rieur.<\/p>\n<p><img loading=\"lazy\" decoding=\"async\" class=\"alignnone size-full wp-image-3317\" src=\"https:\/\/softplaysupply.com\/wp-content\/uploads\/2025\/12\/Children-Rock-Climbing-Wall-Holds-3.jpg\" alt=\"\" width=\"750\" height=\"1195\" srcset=\"https:\/\/softplaysupply.com\/wp-content\/uploads\/2025\/12\/Children-Rock-Climbing-Wall-Holds-3.jpg 750w, https:\/\/softplaysupply.com\/wp-content\/uploads\/2025\/12\/Children-Rock-Climbing-Wall-Holds-3-188x300.jpg 188w, https:\/\/softplaysupply.com\/wp-content\/uploads\/2025\/12\/Children-Rock-Climbing-Wall-Holds-3-643x1024.jpg 643w, https:\/\/softplaysupply.com\/wp-content\/uploads\/2025\/12\/Children-Rock-Climbing-Wall-Holds-3-8x12.jpg 8w\" sizes=\"auto, (max-width: 750px) 100vw, 750px\" \/> <img loading=\"lazy\" decoding=\"async\" class=\"alignnone size-full wp-image-3318\" src=\"https:\/\/softplaysupply.com\/wp-content\/uploads\/2025\/12\/Children-Rock-Climbing-Wall-Holds-4.jpg\" alt=\"\" width=\"750\" height=\"839\" srcset=\"https:\/\/softplaysupply.com\/wp-content\/uploads\/2025\/12\/Children-Rock-Climbing-Wall-Holds-4.jpg 750w, https:\/\/softplaysupply.com\/wp-content\/uploads\/2025\/12\/Children-Rock-Climbing-Wall-Holds-4-268x300.jpg 268w, https:\/\/softplaysupply.com\/wp-content\/uploads\/2025\/12\/Children-Rock-Climbing-Wall-Holds-4-11x12.jpg 11w\" sizes=\"auto, (max-width: 750px) 100vw, 750px\" \/> <img loading=\"lazy\" decoding=\"async\" class=\"alignnone size-full wp-image-3319\" src=\"https:\/\/softplaysupply.com\/wp-content\/uploads\/2025\/12\/Children-Rock-Climbing-Wall-Holds-5.jpg\" alt=\"\" width=\"750\" height=\"1415\" srcset=\"https:\/\/softplaysupply.com\/wp-content\/uploads\/2025\/12\/Children-Rock-Climbing-Wall-Holds-5.jpg 750w, https:\/\/softplaysupply.com\/wp-content\/uploads\/2025\/12\/Children-Rock-Climbing-Wall-Holds-5-159x300.jpg 159w, https:\/\/softplaysupply.com\/wp-content\/uploads\/2025\/12\/Children-Rock-Climbing-Wall-Holds-5-543x1024.jpg 543w, https:\/\/softplaysupply.com\/wp-content\/uploads\/2025\/12\/Children-Rock-Climbing-Wall-Holds-5-6x12.jpg 6w\" sizes=\"auto, (max-width: 750px) 100vw, 750px\" \/> <img loading=\"lazy\" decoding=\"async\" class=\"alignnone size-full wp-image-3321\" src=\"https:\/\/softplaysupply.com\/wp-content\/uploads\/2025\/12\/Children-Rock-Climbing-Wall-Holds-7.jpg\" alt=\"\" width=\"750\" height=\"1130\" srcset=\"https:\/\/softplaysupply.com\/wp-content\/uploads\/2025\/12\/Children-Rock-Climbing-Wall-Holds-7.jpg 750w, https:\/\/softplaysupply.com\/wp-content\/uploads\/2025\/12\/Children-Rock-Climbing-Wall-Holds-7-199x300.jpg 199w, https:\/\/softplaysupply.com\/wp-content\/uploads\/2025\/12\/Children-Rock-Climbing-Wall-Holds-7-680x1024.jpg 680w, https:\/\/softplaysupply.com\/wp-content\/uploads\/2025\/12\/Children-Rock-Climbing-Wall-Holds-7-8x12.jpg 8w\" sizes=\"auto, (max-width: 750px) 100vw, 750px\" \/> <img loading=\"lazy\" decoding=\"async\" class=\"alignnone size-full wp-image-3322\" src=\"https:\/\/softplaysupply.com\/wp-content\/uploads\/2025\/12\/Children-Rock-Climbing-Wall-Holds-8.jpg\" alt=\"\" width=\"800\" height=\"800\" srcset=\"https:\/\/softplaysupply.com\/wp-content\/uploads\/2025\/12\/Children-Rock-Climbing-Wall-Holds-8.jpg 800w, https:\/\/softplaysupply.com\/wp-content\/uploads\/2025\/12\/Children-Rock-Climbing-Wall-Holds-8-300x300.jpg 300w, https:\/\/softplaysupply.com\/wp-content\/uploads\/2025\/12\/Children-Rock-Climbing-Wall-Holds-8-150x150.jpg 150w, https:\/\/softplaysupply.com\/wp-content\/uploads\/2025\/12\/Children-Rock-Climbing-Wall-Holds-8-768x768.jpg 768w, https:\/\/softplaysupply.com\/wp-content\/uploads\/2025\/12\/Children-Rock-Climbing-Wall-Holds-8-12x12.jpg 12w\" sizes=\"auto, (max-width: 800px) 100vw, 800px\" \/><\/p>\n<p style=\"font-size: 16px; font-weight: bold; color: #2a2a2a;\">Qu'est-ce qui rend notre mur d'escalade int\u00e9rieur si sp\u00e9cial ?<\/p>\n<p style=\"font-size: 16px;\">Notre mur d'escalade en bois pour salle de jeux int\u00e9rieure est fabriqu\u00e9 \u00e0 partir de mat\u00e9riaux de haute qualit\u00e9 tels que la fibre de verre (GRP) et le polyester renforc\u00e9. Ces mat\u00e9riaux sont l\u00e9gers, mais incroyablement r\u00e9sistants, garantissant ainsi que votre mur d'escalade durera de nombreuses ann\u00e9es. Nous proposons plusieurs options de couleurs telles que le gris, le jaune, le rouge et le vert, et nous pouvons personnaliser le design afin qu'il s'harmonise avec la d\u00e9coration de votre maison. Gr\u00e2ce aux prises d'escalade d'int\u00e9rieur, les enfants peuvent vivre une aventure palpitante et s\u00e9curis\u00e9e dans leur propre chambre.<\/p>\n<p style=\"font-size: 16px; font-weight: bold; color: #2a2a2a;\">Les bienfaits de l'escalade pour les enfants<\/p>\n<p style=\"font-size: 16px;\">Les prises d'escalade ne sont pas seulement amusantes, elles sont \u00e9galement b\u00e9n\u00e9fiques pour le d\u00e9veloppement physique des enfants. En grimpant sur des rochers de diff\u00e9rentes tailles et formes, les enfants renforcent leurs muscles et am\u00e9liorent leur motricit\u00e9. Ce processus les aide \u00e0 d\u00e9velopper leur concentration, leur coordination et leur \u00e9quilibre. Ces comp\u00e9tences sont essentielles \u00e0 la croissance des enfants, et nos prises d'escalade pour enfants leur permettent d'apprendre tout en s'amusant.<\/p>\n<p style=\"font-size: 16px;\">Que vous l'installiez dans la salle de jeux de votre enfant ou dans une garderie, nos prises d'escalade d'int\u00e9rieur offrent un \u00e9quilibre parfait entre plaisir et \u00e9ducation. Les prises d'escalade en vente sont disponibles en diff\u00e9rentes formes, couleurs et tailles, ce qui permet de personnaliser l'exp\u00e9rience d'escalade. Des petits enfants aux jeunes aventuriers, il y en a pour tous les go\u00fbts. Les prises d'escalade sont con\u00e7ues pour \u00eatre durables et peuvent r\u00e9sister \u00e0 un usage intensif, ce qui en fait un excellent investissement pour un usage domestique ou commercial.<\/p>\n<p style=\"font-size: 16px; font-weight: bold; color: #2a2a2a;\">Facile \u00e0 installer et \u00e0 entretenir<\/p>\n<p style=\"font-size: 16px;\">Nos prises d'escalade d'int\u00e9rieur sont con\u00e7ues pour \u00eatre faciles \u00e0 installer. Que vous soyez parent ou chef d'entreprise, vous trouverez le processus d'assemblage simple et intuitif. Le mur peut \u00eatre install\u00e9 rapidement dans n'importe quelle pi\u00e8ce, ce qui le rend id\u00e9al pour une utilisation \u00e0 domicile, dans les salles de classe ou les centres de loisirs. De plus, nos prises d'escalade n\u00e9cessitent un entretien minimal. Le mat\u00e9riau en fibre de verre est con\u00e7u pour durer et r\u00e9sister \u00e0 l'usure quotidienne, offrant une exp\u00e9rience s\u00fbre et fiable pendant des ann\u00e9es.<\/p>\n<p style=\"font-size: 16px;\">Une fois install\u00e9, le mur ne n\u00e9cessite qu'une inspection et un entretien occasionnels pour garantir la s\u00e9curit\u00e9 des rochers d'escalade. Nous fournissons un manuel de formation complet qui vous guide sur la mani\u00e8re d'entretenir et d'inspecter le mur pour garantir sa s\u00e9curit\u00e9 et ses performances. Pour plus de tranquillit\u00e9 d'esprit, nous proposons une formation \u00e0 l'entretien et \u00e0 l'inspection apr\u00e8s un an d'utilisation.<\/p>\n<p style=\"font-size: 20px; font-weight: bold; color: #2a2a2a;\">D\u00e9tails du produit<\/p>\n<table style=\"width: 100%; border-collapse: collapse; margin-top: 20px; background-color: #fff;\">\n<thead>\n<tr style=\"background-color: #f4f4f9; color: #333;\">\n<th style=\"padding: 12px; text-align: left; border: 1px solid #ddd;\">Mat\u00e9riau<\/th>\n<th style=\"padding: 12px; text-align: left; border: 1px solid #ddd;\">Fibre de verre (GRP), polyester renforc\u00e9<\/th>\n<\/tr>\n<tr>\n<th style=\"padding: 12px; text-align: left; border: 1px solid #ddd; background-color: #f9f9f9;\">Couleur disponible<\/th>\n<th style=\"padding: 12px; text-align: left; border: 1px solid #ddd;\">Gris, jaune, sienne, rouge, violet, bleu, vert ou combinaisons personnalis\u00e9es de deux couleurs<\/th>\n<\/tr>\n<tr style=\"background-color: #f9f9f9;\">\n<th style=\"padding: 12px; text-align: left; border: 1px solid #ddd;\">Code SH<\/th>\n<th style=\"padding: 12px; text-align: left; border: 1px solid #ddd;\">9506919000<\/th>\n<\/tr>\n<tr>\n<th style=\"padding: 12px; text-align: left; border: 1px solid #ddd; background-color: #f9f9f9;\">Caract\u00e9ristiques standard<\/th>\n<th style=\"padding: 12px; text-align: left; border: 1px solid #ddd;\">Climbing Wall g\u00e9n\u00e8re un flux de tr\u00e9sorerie important et une rentabilit\u00e9 impressionnante, un soutien fiable et un succ\u00e8s commercial av\u00e9r\u00e9.<\/th>\n<\/tr>\n<tr style=\"background-color: #f9f9f9;\">\n<th style=\"padding: 12px; text-align: left; border: 1px solid #ddd;\">Avantages<\/th>\n<th style=\"padding: 12px; text-align: left; border: 1px solid #ddd;\">1. Formes et couleurs attrayantes, personnalisables<br \/>\n2. Fibre de verre renforc\u00e9e de haute qualit\u00e9<br \/>\n3. L\u00e9ger<br \/>\n4. R\u00e9sistant aux intemp\u00e9ries<br \/>\n5. R\u00e9sistant \u00e0 la corrosion<br \/>\n6. Facile \u00e0 installer<br \/>\n7. Convient \u00e0 une utilisation \u00e0 l'int\u00e9rieur comme \u00e0 l'ext\u00e9rieur<br \/>\n8. Formation \u00e0 la maintenance et \u00e0 l'inspection apr\u00e8s un an d'utilisation<\/th>\n<\/tr>\n<tr>\n<th style=\"padding: 12px; text-align: left; border: 1px solid #ddd; background-color: #f9f9f9;\">D\u00e9lai de livraison<\/th>\n<th style=\"padding: 12px; text-align: left; border: 1px solid #ddd;\">Selon les conditions d'exp\u00e9dition : par voie maritime, a\u00e9rienne ou express<\/th>\n<\/tr>\n<tr style=\"background-color: #f9f9f9;\">\n<th style=\"padding: 12px; text-align: left; border: 1px solid #ddd;\">Conditions de paiement<\/th>\n<th style=\"padding: 12px; text-align: left; border: 1px solid #ddd;\">Virement bancaire, lettre de cr\u00e9dit, Western Union, etc.<\/th>\n<\/tr>\n<tr>\n<th style=\"padding: 12px; text-align: left; border: 1px solid #ddd; background-color: #f9f9f9;\">D\u00e9tails du forfait<\/th>\n<th style=\"padding: 12px; text-align: left; border: 1px solid #ddd;\">Emballage standard pour l'exportation<\/th>\n<\/tr>\n<tr style=\"background-color: #f9f9f9;\">\n<th style=\"padding: 12px; text-align: left; border: 1px solid #ddd;\">Garantie<\/th>\n<th style=\"padding: 12px; text-align: left; border: 1px solid #ddd;\">12 mois pour les produits et services techniques gratuits \u00e0 vie<\/th>\n<\/tr>\n<tr>\n<th style=\"padding: 12px; text-align: left; border: 1px solid #ddd; background-color: #f9f9f9;\">Service<\/th>\n<th style=\"padding: 12px; text-align: left; border: 1px solid #ddd;\">1. Plan d'affaires<br \/>\n2. Concept ou plans de conception<br \/>\n3. Production<br \/>\n4. Vid\u00e9o\/manuel d'installation<br \/>\n5. Manuel de formation<br \/>\n6. Manuel d'entretien et d'inspection<\/th>\n<\/tr>\n<tr style=\"background-color: #f9f9f9;\">\n<th style=\"padding: 12px; text-align: left; border: 1px solid #ddd;\">Certificat<\/th>\n<th style=\"padding: 12px; text-align: left; border: 1px solid #ddd;\">CE, ISO, UIAA, IFSC, RoHS<\/th>\n<\/tr>\n<tr>\n<th style=\"padding: 12px; text-align: left; border: 1px solid #ddd; background-color: #f9f9f9;\">Quantit\u00e9 minimale de commande<\/th>\n<th style=\"padding: 12px; text-align: left; border: 1px solid #ddd;\">1 ensemble<\/th>\n<\/tr>\n<\/thead>\n<\/table>\n<p style=\"font-size: 20px; font-weight: bold; color: #2a2a2a; margin-top: 20px;\">Commandez d\u00e8s aujourd'hui vos prises d'escalade<\/p>\n<p style=\"font-size: 16px;\">Pr\u00eat \u00e0 profiter des avantages et du plaisir de l'escalade chez vous ou dans votre entreprise ? Notre <strong>prises d'escalade<\/strong> offrent un excellent moyen de garder les enfants actifs, en bonne sant\u00e9 et divertis. De <strong>prises d'escalade<\/strong> \u00e0 <strong>prises d'escalade<\/strong>, nous proposons les meilleures solutions d'escalade disponibles. Contactez-nous d\u00e8s aujourd'hui pour en savoir plus sur nos <strong>prises d'escalade \u00e0 vendre<\/strong> et comment ils peuvent vous aider \u00e0 am\u00e9liorer votre exp\u00e9rience d'escalade en salle !<\/p>\n<\/div>\n<\/div>\n<p>&nbsp;<\/p>","protected":false},"excerpt":{"rendered":"<p>Les prises d'escalade pour enfants destin\u00e9es aux aires de jeux int\u00e9rieures sont fabriqu\u00e9es \u00e0 partir de fibre de verre durable et de polyester renforc\u00e9. Faciles \u00e0 installer, elles conviennent parfaitement \u00e0 un usage domestique ou commercial. Disponibles en diff\u00e9rentes formes, tailles et couleurs, elles aident les enfants \u00e0 d\u00e9velopper leur force, leur coordination et leur motricit\u00e9 tout en s'amusant. Que ce soit pour une salle de jeux, une cr\u00e8che ou une salle de sport, nos prises d'escalade offrent une exp\u00e9rience s\u00fbre et stimulante, ce qui en fait un excellent investissement pour tout type d'espace.<\/p>","protected":false},"featured_media":3313,"parent":0,"template":"","meta":{"_acf_changed":false,"_kad_blocks_custom_css":"","_kad_blocks_head_custom_js":"","_kad_blocks_body_custom_js":"","_kad_blocks_footer_custom_js":"","_kadence_starter_templates_imported_post":false,"_kad_post_transparent":"default","_kad_post_title":"","_kad_post_layout":"default","_kad_post_sidebar_id":"","_kad_post_content_style":"default","_kad_post_vertical_padding":"default","_kad_post_feature":"","_kad_post_feature_position":"","_kad_post_header":false,"_kad_post_footer":false},"pcategory":[16],"ptag":[],"class_list":["post-3310","product","type-product","status-publish","has-post-thumbnail","hentry","pcategory-climbing-walls"],"acf":[],"yoast_head":"<!-- This site is optimized with the Yoast SEO plugin v26.8 - https:\/\/yoast.com\/product\/yoast-seo-wordpress\/ -->\n<title>Indoor Playground Wooden Climbing Wall for Home<\/title>\n<meta name=\"robots\" content=\"index, follow, max-snippet:-1, max-image-preview:large, max-video-preview:-1\" \/>\n<link rel=\"canonical\" href=\"https:\/\/softplaysupply.com\/fr\/produit\/prises-descalade\/\" \/>\n<meta property=\"og:locale\" content=\"fr_FR\" \/>\n<meta property=\"og:type\" content=\"article\" \/>\n<meta property=\"og:title\" content=\"Indoor Playground Wooden Climbing Wall for Home\" \/>\n<meta property=\"og:description\" content=\"indoor playground children rock climbing wall holds for sale are made from durable fiberglass and reinforced polyester. These climbing holds are easy to install and perfect for both home and commercial use. Available in various shapes, sizes, and colors, they help children develop strength, coordination, and motor skills while having fun. Whether for a playroom, daycare, or gym, our rock climbing holds offer a safe, engaging climbing experience, making them a great investment for any space.\" \/>\n<meta property=\"og:url\" content=\"https:\/\/softplaysupply.com\/fr\/produit\/prises-descalade\/\" \/>\n<meta property=\"og:site_name\" content=\"Nanpak\" \/>\n<meta property=\"article:modified_time\" content=\"2025-12-10T04:20:16+00:00\" \/>\n<meta property=\"og:image\" content=\"https:\/\/softplaysupply.com\/wp-content\/uploads\/2025\/12\/Climbing-Wall-Holds-2.jpg\" \/>\n\t<meta property=\"og:image:width\" content=\"750\" \/>\n\t<meta property=\"og:image:height\" content=\"750\" \/>\n\t<meta property=\"og:image:type\" content=\"image\/jpeg\" \/>\n<meta name=\"twitter:card\" content=\"summary_large_image\" \/>\n<meta name=\"twitter:label1\" content=\"Dur\u00e9e de lecture estim\u00e9e\" \/>\n\t<meta name=\"twitter:data1\" content=\"5 minutes\" \/>\n<script type=\"application\/ld+json\" class=\"yoast-schema-graph\">{\"@context\":\"https:\/\/schema.org\",\"@graph\":[{\"@type\":\"WebPage\",\"@id\":\"https:\/\/softplaysupply.com\/product\/climbing-wall-holds\/\",\"url\":\"https:\/\/softplaysupply.com\/product\/climbing-wall-holds\/\",\"name\":\"Indoor Playground Wooden Climbing Wall for Home\",\"isPartOf\":{\"@id\":\"https:\/\/softplaysupply.com\/#website\"},\"primaryImageOfPage\":{\"@id\":\"https:\/\/softplaysupply.com\/product\/climbing-wall-holds\/#primaryimage\"},\"image\":{\"@id\":\"https:\/\/softplaysupply.com\/product\/climbing-wall-holds\/#primaryimage\"},\"thumbnailUrl\":\"https:\/\/softplaysupply.com\/wp-content\/uploads\/2025\/12\/Climbing-Wall-Holds-2.jpg\",\"datePublished\":\"2025-12-10T04:18:01+00:00\",\"dateModified\":\"2025-12-10T04:20:16+00:00\",\"breadcrumb\":{\"@id\":\"https:\/\/softplaysupply.com\/product\/climbing-wall-holds\/#breadcrumb\"},\"inLanguage\":\"fr-FR\",\"potentialAction\":[{\"@type\":\"ReadAction\",\"target\":[\"https:\/\/softplaysupply.com\/product\/climbing-wall-holds\/\"]}]},{\"@type\":\"ImageObject\",\"inLanguage\":\"fr-FR\",\"@id\":\"https:\/\/softplaysupply.com\/product\/climbing-wall-holds\/#primaryimage\",\"url\":\"https:\/\/softplaysupply.com\/wp-content\/uploads\/2025\/12\/Climbing-Wall-Holds-2.jpg\",\"contentUrl\":\"https:\/\/softplaysupply.com\/wp-content\/uploads\/2025\/12\/Climbing-Wall-Holds-2.jpg\",\"width\":750,\"height\":750},{\"@type\":\"BreadcrumbList\",\"@id\":\"https:\/\/softplaysupply.com\/product\/climbing-wall-holds\/#breadcrumb\",\"itemListElement\":[{\"@type\":\"ListItem\",\"position\":1,\"name\":\"Home\",\"item\":\"https:\/\/softplaysupply.com\/\"},{\"@type\":\"ListItem\",\"position\":2,\"name\":\"Climbing Walls\",\"item\":\"https:\/\/softplaysupply.com\/pcategory\/climbing-walls\/\"},{\"@type\":\"ListItem\",\"position\":3,\"name\":\"Indoor Playground Children Rock Climbing Wall Holds for Sale\"}]},{\"@type\":\"WebSite\",\"@id\":\"https:\/\/softplaysupply.com\/#website\",\"url\":\"https:\/\/softplaysupply.com\/\",\"name\":\"Soft Play Supplier\",\"description\":\"Soft Play Supplier\",\"publisher\":{\"@id\":\"https:\/\/softplaysupply.com\/#organization\"},\"potentialAction\":[{\"@type\":\"SearchAction\",\"target\":{\"@type\":\"EntryPoint\",\"urlTemplate\":\"https:\/\/softplaysupply.com\/?s={search_term_string}\"},\"query-input\":{\"@type\":\"PropertyValueSpecification\",\"valueRequired\":true,\"valueName\":\"search_term_string\"}}],\"inLanguage\":\"fr-FR\"},{\"@type\":\"Organization\",\"@id\":\"https:\/\/softplaysupply.com\/#organization\",\"name\":\"Nanpak\",\"url\":\"https:\/\/softplaysupply.com\/\",\"logo\":{\"@type\":\"ImageObject\",\"inLanguage\":\"fr-FR\",\"@id\":\"https:\/\/softplaysupply.com\/#\/schema\/logo\/image\/\",\"url\":\"https:\/\/softplaysupply.com\/wp-content\/uploads\/2025\/12\/cropped-mobile-logo.png\",\"contentUrl\":\"https:\/\/softplaysupply.com\/wp-content\/uploads\/2025\/12\/cropped-mobile-logo.png\",\"width\":263,\"height\":84,\"caption\":\"Nanpak\"},\"image\":{\"@id\":\"https:\/\/softplaysupply.com\/#\/schema\/logo\/image\/\"}}]}<\/script>\n<!-- \/ Yoast SEO plugin. -->","yoast_head_json":{"title":"Mur d'escalade en bois pour salle de jeux int\u00e9rieure \u00e0 domicile","robots":{"index":"index","follow":"follow","max-snippet":"max-snippet:-1","max-image-preview":"max-image-preview:large","max-video-preview":"max-video-preview:-1"},"canonical":"https:\/\/softplaysupply.com\/fr\/produit\/prises-descalade\/","og_locale":"fr_FR","og_type":"article","og_title":"Indoor Playground Wooden Climbing Wall for Home","og_description":"indoor playground children rock climbing wall holds for sale are made from durable fiberglass and reinforced polyester. These climbing holds are easy to install and perfect for both home and commercial use. Available in various shapes, sizes, and colors, they help children develop strength, coordination, and motor skills while having fun. Whether for a playroom, daycare, or gym, our rock climbing holds offer a safe, engaging climbing experience, making them a great investment for any space.","og_url":"https:\/\/softplaysupply.com\/fr\/produit\/prises-descalade\/","og_site_name":"Nanpak","article_modified_time":"2025-12-10T04:20:16+00:00","og_image":[{"width":750,"height":750,"url":"https:\/\/softplaysupply.com\/wp-content\/uploads\/2025\/12\/Climbing-Wall-Holds-2.jpg","type":"image\/jpeg"}],"twitter_card":"summary_large_image","twitter_misc":{"Dur\u00e9e de lecture estim\u00e9e":"5 minutes"},"schema":{"@context":"https:\/\/schema.org","@graph":[{"@type":"WebPage","@id":"https:\/\/softplaysupply.com\/product\/climbing-wall-holds\/","url":"https:\/\/softplaysupply.com\/product\/climbing-wall-holds\/","name":"Mur d'escalade en bois pour salle de jeux int\u00e9rieure \u00e0 domicile","isPartOf":{"@id":"https:\/\/softplaysupply.com\/#website"},"primaryImageOfPage":{"@id":"https:\/\/softplaysupply.com\/product\/climbing-wall-holds\/#primaryimage"},"image":{"@id":"https:\/\/softplaysupply.com\/product\/climbing-wall-holds\/#primaryimage"},"thumbnailUrl":"https:\/\/softplaysupply.com\/wp-content\/uploads\/2025\/12\/Climbing-Wall-Holds-2.jpg","datePublished":"2025-12-10T04:18:01+00:00","dateModified":"2025-12-10T04:20:16+00:00","breadcrumb":{"@id":"https:\/\/softplaysupply.com\/product\/climbing-wall-holds\/#breadcrumb"},"inLanguage":"fr-FR","potentialAction":[{"@type":"ReadAction","target":["https:\/\/softplaysupply.com\/product\/climbing-wall-holds\/"]}]},{"@type":"ImageObject","inLanguage":"fr-FR","@id":"https:\/\/softplaysupply.com\/product\/climbing-wall-holds\/#primaryimage","url":"https:\/\/softplaysupply.com\/wp-content\/uploads\/2025\/12\/Climbing-Wall-Holds-2.jpg","contentUrl":"https:\/\/softplaysupply.com\/wp-content\/uploads\/2025\/12\/Climbing-Wall-Holds-2.jpg","width":750,"height":750},{"@type":"BreadcrumbList","@id":"https:\/\/softplaysupply.com\/product\/climbing-wall-holds\/#breadcrumb","itemListElement":[{"@type":"ListItem","position":1,"name":"Home","item":"https:\/\/softplaysupply.com\/"},{"@type":"ListItem","position":2,"name":"Climbing Walls","item":"https:\/\/softplaysupply.com\/pcategory\/climbing-walls\/"},{"@type":"ListItem","position":3,"name":"Indoor Playground Children Rock Climbing Wall Holds for Sale"}]},{"@type":"WebSite","@id":"https:\/\/softplaysupply.com\/#website","url":"https:\/\/softplaysupply.com\/","name":"Fournisseur de jeux souples","description":"Fournisseur de jeux souples","publisher":{"@id":"https:\/\/softplaysupply.com\/#organization"},"potentialAction":[{"@type":"SearchAction","target":{"@type":"EntryPoint","urlTemplate":"https:\/\/softplaysupply.com\/?s={search_term_string}"},"query-input":{"@type":"PropertyValueSpecification","valueRequired":true,"valueName":"search_term_string"}}],"inLanguage":"fr-FR"},{"@type":"Organization","@id":"https:\/\/softplaysupply.com\/#organization","name":"Nanpak","url":"https:\/\/softplaysupply.com\/","logo":{"@type":"ImageObject","inLanguage":"fr-FR","@id":"https:\/\/softplaysupply.com\/#\/schema\/logo\/image\/","url":"https:\/\/softplaysupply.com\/wp-content\/uploads\/2025\/12\/cropped-mobile-logo.png","contentUrl":"https:\/\/softplaysupply.com\/wp-content\/uploads\/2025\/12\/cropped-mobile-logo.png","width":263,"height":84,"caption":"Nanpak"},"image":{"@id":"https:\/\/softplaysupply.com\/#\/schema\/logo\/image\/"}}]}},"taxonomy_info":{"pcategory":[{"value":16,"label":"Climbing Walls"}]},"featured_image_src_large":["https:\/\/softplaysupply.com\/wp-content\/uploads\/2025\/12\/Climbing-Wall-Holds-2.jpg",750,750,false],"author_info":[],"comment_info":"","_links":{"self":[{"href":"https:\/\/softplaysupply.com\/fr\/wp-json\/wp\/v2\/product\/3310","targetHints":{"allow":["GET"]}}],"collection":[{"href":"https:\/\/softplaysupply.com\/fr\/wp-json\/wp\/v2\/product"}],"about":[{"href":"https:\/\/softplaysupply.com\/fr\/wp-json\/wp\/v2\/types\/product"}],"wp:featuredmedia":[{"embeddable":true,"href":"https:\/\/softplaysupply.com\/fr\/wp-json\/wp\/v2\/media\/3313"}],"wp:attachment":[{"href":"https:\/\/softplaysupply.com\/fr\/wp-json\/wp\/v2\/media?parent=3310"}],"wp:term":[{"taxonomy":"pcategory","embeddable":true,"href":"https:\/\/softplaysupply.com\/fr\/wp-json\/wp\/v2\/pcategory?post=3310"},{"taxonomy":"ptag","embeddable":true,"href":"https:\/\/softplaysupply.com\/fr\/wp-json\/wp\/v2\/ptag?post=3310"}],"curies":[{"name":"wp","href":"https:\/\/api.w.org\/{rel}","templated":true}]}}