{"id":4290,"date":"2026-03-12T09:11:37","date_gmt":"2026-03-12T09:11:37","guid":{"rendered":"https:\/\/softplaysupply.com\/?post_type=product&#038;p=4290"},"modified":"2026-02-11T08:24:53","modified_gmt":"2026-02-11T08:24:53","slug":"corner-soft-play-foam-softscape-corner-climber","status":"publish","type":"product","link":"https:\/\/softplaysupply.com\/es\/producto\/corner-soft-play-foam-softscape-corner-climber\/","title":{"rendered":"Esquina Soft Play Espuma Softscape Escalador de esquina Escalador infantil interactivo para cafeter\u00eda y parque infantil"},"content":{"rendered":"<div style=\"margin: 40px auto; padding: 35px; background: #ffffff; border-radius: 18px; box-shadow: 0 12px 35px rgba(0,0,0,0.08);\">\n<div style=\"width: 1280px;\" class=\"wp-video\"><video class=\"wp-video-shortcode\" id=\"video-4290-1\" width=\"1280\" height=\"720\" preload=\"metadata\" controls=\"controls\"><source type=\"video\/mp4\" src=\"https:\/\/softplaysupply.com\/wp-content\/uploads\/2026\/02\/Foam-Softscape-Corner-Climber.mp4?_=1\" \/><a href=\"https:\/\/softplaysupply.com\/wp-content\/uploads\/2026\/02\/Foam-Softscape-Corner-Climber.mp4\">https:\/\/softplaysupply.com\/wp-content\/uploads\/2026\/02\/Foam-Softscape-Corner-Climber.mp4<\/a><\/video><\/div>\n<p>Esta estructura esquinera de juegos blandos a gran escala es una zona de actividades modular de dise\u00f1o profesional creada para aprovechar al m\u00e1ximo el espacio no utilizado de las esquinas, a la vez que ofrece un valor de juego de alto impacto. Como <strong style=\"color: #2563eb;\">escalador de esquinas de espuma<\/strong>, transforma espacios interiores ordinarios en din\u00e1micos entornos de juego para la primera infancia, ideales para cafeter\u00edas, centros comerciales, escuelas, guarder\u00edas y parques infantiles.<\/p>\n<p>Fabricada con espuma no t\u00f3xica de alta densidad y tapizada con vinilo de alta resistencia de calidad comercial, esta amplia estructura integra elementos de balanc\u00edn, rampas para trepar, pelda\u00f1os acolchados, t\u00faneles para gatear, arcos y plataformas deslizantes en un sistema interconectado. Las superficies blandas y absorbentes de impactos garantizan que los ni\u00f1os puedan explorar con confianza dentro de un entorno seguro y totalmente acolchado.<\/p>\n<hr style=\"border: none; border-top: 2px solid #e0e7ff; margin: 35px 0;\" \/>\n<p style=\"font-size: 20px; font-weight: bold; color: #1e40af;\">Sistema integrado de balanc\u00edn y escalada multiactividad<\/p>\n<p>En el coraz\u00f3n de este dise\u00f1o se encuentra un gran marco interactivo de escalada mecedora, a menudo inspirado en formas imaginativas como un barco, una monta\u00f1a o una estructura abstracta. Los elementos modulares unidos crean un circuito de juego sin fisuras, animando a los ni\u00f1os a trepar, gatear, mecerse suavemente y deslizarse hacia abajo en un flujo de movimiento continuo.<\/p>\n<p>Este cuidado dise\u00f1o <strong style=\"color: #2563eb;\">escalador de esquina softscape<\/strong> admite la exploraci\u00f3n activa manteniendo la eficiencia espacial, lo que lo hace especialmente adecuado para su instalaci\u00f3n en esquinas de espacios interiores comerciales.<\/p>\n<hr style=\"border: none; border-top: 2px solid #e0e7ff; margin: 35px 0;\" \/>\n<p style=\"font-size: 20px; font-weight: bold; color: #1e40af;\">Fomenta el desarrollo de la motricidad gruesa<\/p>\n<p>Trepar por diferentes elevaciones, mantener el equilibrio en rampas en \u00e1ngulo y balancearse suavemente fortalece los m\u00fasculos de las piernas, la estabilidad del tronco y la coordinaci\u00f3n. La suave construcci\u00f3n acolchada proporciona un entorno seguro para desarrollar las habilidades motoras gruesas esenciales durante la primera infancia.<\/p>\n<hr style=\"border: none; border-top: 2px solid #e0e7ff; margin: 35px 0;\" \/>\n<p style=\"font-size: 20px; font-weight: bold; color: #1e40af;\">Mejora la conciencia espacial y la resoluci\u00f3n de problemas<\/p>\n<p>La disposici\u00f3n en varios niveles supone un reto f\u00edsico natural. Los ni\u00f1os aprenden a evaluar distancias, planificar rutas y desplazar su cuerpo por el espacio. Estas decisiones basadas en el movimiento ayudan a fomentar el desarrollo cognitivo temprano y la capacidad de razonamiento espacial.<\/p>\n<hr style=\"border: none; border-top: 2px solid #e0e7ff; margin: 35px 0;\" \/>\n<p style=\"font-size: 20px; font-weight: bold; color: #1e40af;\">Fomenta la interacci\u00f3n social y el juego imaginativo<\/p>\n<p>La espaciosa estructura compartida fomenta los turnos, la cooperaci\u00f3n y el juego en grupo. Tanto si lo imagina como un barco que navega por el mar o como una expedici\u00f3n a la monta\u00f1a, este <strong style=\"color: #2563eb;\">soft play rinc\u00f3n trepador<\/strong> estimula la narraci\u00f3n creativa y los juegos de rol que fomentan el crecimiento emocional y social.<\/p>\n<hr style=\"border: none; border-top: 2px solid #e0e7ff; margin: 35px 0;\" \/>\n<p style=\"font-size: 20px; font-weight: bold; color: #1e40af;\">Est\u00e9tica moderna y relajante<\/p>\n<p>Dise\u00f1ada con una paleta de colores blancos y neutros, la estructura crea un entorno visualmente relajante. A diferencia de los equipos de pl\u00e1stico de colores brillantes, su est\u00e9tica minimalista reduce la sobreestimulaci\u00f3n y se integra a la perfecci\u00f3n en interiores de cafeter\u00edas modernas, salas de juego contempor\u00e1neas, colegios y salas de espera de cl\u00ednicas.<\/p>\n<hr style=\"border: none; border-top: 2px solid #e0e7ff; margin: 35px 0;\" \/>\n<p style=\"font-size: 20px; font-weight: bold; color: #1e40af;\">Construcci\u00f3n duradera, higi\u00e9nica y de calidad comercial<\/p>\n<p style=\"background: #f1f5ff; padding: 18px; border-radius: 12px;\">* Interior de espuma multicapa de alta resistencia<br \/>\n* Revestimiento de vinilo o nailon resistente al desgarro e impermeable<br \/>\n* Superficies no porosas y f\u00e1ciles de limpiar<br \/>\n* Construido para uso comercial a largo plazo<\/p>\n<p>Todos los materiales son seguros para los ni\u00f1os y f\u00e1ciles de desinfectar con soluciones de limpieza suaves, lo que garantiza una higiene superior en los espacios de juego compartidos.<\/p>\n<\/div>\n<p>&nbsp;<\/p>","protected":false},"excerpt":{"rendered":"<p>Escalador de espuma blanda de esquina grande para uso comercial con elementos de balanceo interactivos, rampas, t\u00faneles y pelda\u00f1os acolchados. Ideal para parques infantiles de interior de cafeter\u00edas, centros comerciales, guarder\u00edas y entornos de aprendizaje temprano. Dise\u00f1o modular que ahorra espacio con superficie de vinilo duradera y f\u00e1cil de limpiar.<\/p>","protected":false},"featured_media":4292,"parent":0,"template":"","meta":{"_acf_changed":false,"_kad_blocks_custom_css":"","_kad_blocks_head_custom_js":"","_kad_blocks_body_custom_js":"","_kad_blocks_footer_custom_js":"","_kadence_starter_templates_imported_post":false,"_kad_post_transparent":"default","_kad_post_title":"","_kad_post_layout":"default","_kad_post_sidebar_id":"","_kad_post_content_style":"default","_kad_post_vertical_padding":"default","_kad_post_feature":"","_kad_post_feature_position":"","_kad_post_header":false,"_kad_post_footer":false},"pcategory":[37,22,44],"ptag":[],"class_list":["post-4290","product","type-product","status-publish","has-post-thumbnail","hentry","pcategory-indoor-play-set","pcategory-soft-play-equipment","pcategory-soft-play-climber"],"acf":[],"yoast_head":"<!-- This site is optimized with the Yoast SEO plugin v26.8 - https:\/\/yoast.com\/product\/yoast-seo-wordpress\/ -->\n<title>Corner Soft Play Foam Softscape Corner Climber Kid Interactive Rocking Climber for Cafe and Playground<\/title>\n<meta name=\"robots\" content=\"index, follow, max-snippet:-1, max-image-preview:large, max-video-preview:-1\" \/>\n<link rel=\"canonical\" href=\"https:\/\/softplaysupply.com\/es\/producto\/corner-soft-play-foam-softscape-corner-climber\/\" \/>\n<meta property=\"og:locale\" content=\"es_ES\" \/>\n<meta property=\"og:type\" content=\"article\" \/>\n<meta property=\"og:title\" content=\"Corner Soft Play Foam Softscape Corner Climber Kid Interactive Rocking Climber for Cafe and Playground\" \/>\n<meta property=\"og:description\" content=\"Commercial-grade large corner soft play foam climber featuring interactive rocking elements, ramps, tunnels, and padded steps. Ideal for indoor playground cafes, malls, daycare centers, and early learning environments. Space-efficient modular design with durable, easy-clean vinyl surface.\" \/>\n<meta property=\"og:url\" content=\"https:\/\/softplaysupply.com\/es\/producto\/corner-soft-play-foam-softscape-corner-climber\/\" \/>\n<meta property=\"og:site_name\" content=\"Nanpak\" \/>\n<meta property=\"og:image\" content=\"https:\/\/softplaysupply.com\/wp-content\/uploads\/2026\/02\/Foam-Softscape-Corner-Climber-1.jpg\" \/>\n\t<meta property=\"og:image:width\" content=\"900\" \/>\n\t<meta property=\"og:image:height\" content=\"800\" \/>\n\t<meta property=\"og:image:type\" content=\"image\/jpeg\" \/>\n<meta name=\"twitter:card\" content=\"summary_large_image\" \/>\n<meta name=\"twitter:label1\" content=\"Tiempo de lectura\" \/>\n\t<meta name=\"twitter:data1\" content=\"2 minutos\" \/>\n<script type=\"application\/ld+json\" class=\"yoast-schema-graph\">{\"@context\":\"https:\/\/schema.org\",\"@graph\":[{\"@type\":\"WebPage\",\"@id\":\"https:\/\/softplaysupply.com\/product\/corner-soft-play-foam-softscape-corner-climber\/\",\"url\":\"https:\/\/softplaysupply.com\/product\/corner-soft-play-foam-softscape-corner-climber\/\",\"name\":\"Corner Soft Play Foam Softscape Corner Climber Kid Interactive Rocking Climber for Cafe and Playground\",\"isPartOf\":{\"@id\":\"https:\/\/softplaysupply.com\/#website\"},\"primaryImageOfPage\":{\"@id\":\"https:\/\/softplaysupply.com\/product\/corner-soft-play-foam-softscape-corner-climber\/#primaryimage\"},\"image\":{\"@id\":\"https:\/\/softplaysupply.com\/product\/corner-soft-play-foam-softscape-corner-climber\/#primaryimage\"},\"thumbnailUrl\":\"https:\/\/softplaysupply.com\/wp-content\/uploads\/2026\/02\/Foam-Softscape-Corner-Climber-1.jpg\",\"datePublished\":\"2026-03-12T09:11:37+00:00\",\"breadcrumb\":{\"@id\":\"https:\/\/softplaysupply.com\/product\/corner-soft-play-foam-softscape-corner-climber\/#breadcrumb\"},\"inLanguage\":\"es\",\"potentialAction\":[{\"@type\":\"ReadAction\",\"target\":[\"https:\/\/softplaysupply.com\/product\/corner-soft-play-foam-softscape-corner-climber\/\"]}]},{\"@type\":\"ImageObject\",\"inLanguage\":\"es\",\"@id\":\"https:\/\/softplaysupply.com\/product\/corner-soft-play-foam-softscape-corner-climber\/#primaryimage\",\"url\":\"https:\/\/softplaysupply.com\/wp-content\/uploads\/2026\/02\/Foam-Softscape-Corner-Climber-1.jpg\",\"contentUrl\":\"https:\/\/softplaysupply.com\/wp-content\/uploads\/2026\/02\/Foam-Softscape-Corner-Climber-1.jpg\",\"width\":900,\"height\":800},{\"@type\":\"BreadcrumbList\",\"@id\":\"https:\/\/softplaysupply.com\/product\/corner-soft-play-foam-softscape-corner-climber\/#breadcrumb\",\"itemListElement\":[{\"@type\":\"ListItem\",\"position\":1,\"name\":\"Home\",\"item\":\"https:\/\/softplaysupply.com\/\"},{\"@type\":\"ListItem\",\"position\":2,\"name\":\"Soft Play Equipment\",\"item\":\"https:\/\/softplaysupply.com\/pcategory\/soft-play-equipment\/\"},{\"@type\":\"ListItem\",\"position\":3,\"name\":\"Soft Play Climber\",\"item\":\"https:\/\/softplaysupply.com\/pcategory\/soft-play-equipment\/soft-play-climber\/\"},{\"@type\":\"ListItem\",\"position\":4,\"name\":\"Corner Soft Play Foam Softscape Corner Climber Kid Interactive Rocking Climber for Cafe and Playground\"}]},{\"@type\":\"WebSite\",\"@id\":\"https:\/\/softplaysupply.com\/#website\",\"url\":\"https:\/\/softplaysupply.com\/\",\"name\":\"Soft Play Supplier\",\"description\":\"Soft Play Supplier\",\"publisher\":{\"@id\":\"https:\/\/softplaysupply.com\/#organization\"},\"potentialAction\":[{\"@type\":\"SearchAction\",\"target\":{\"@type\":\"EntryPoint\",\"urlTemplate\":\"https:\/\/softplaysupply.com\/?s={search_term_string}\"},\"query-input\":{\"@type\":\"PropertyValueSpecification\",\"valueRequired\":true,\"valueName\":\"search_term_string\"}}],\"inLanguage\":\"es\"},{\"@type\":\"Organization\",\"@id\":\"https:\/\/softplaysupply.com\/#organization\",\"name\":\"Nanpak\",\"url\":\"https:\/\/softplaysupply.com\/\",\"logo\":{\"@type\":\"ImageObject\",\"inLanguage\":\"es\",\"@id\":\"https:\/\/softplaysupply.com\/#\/schema\/logo\/image\/\",\"url\":\"https:\/\/softplaysupply.com\/wp-content\/uploads\/2025\/12\/cropped-mobile-logo.png\",\"contentUrl\":\"https:\/\/softplaysupply.com\/wp-content\/uploads\/2025\/12\/cropped-mobile-logo.png\",\"width\":263,\"height\":84,\"caption\":\"Nanpak\"},\"image\":{\"@id\":\"https:\/\/softplaysupply.com\/#\/schema\/logo\/image\/\"}}]}<\/script>\n<!-- \/ Yoast SEO plugin. -->","yoast_head_json":{"title":"Esquina Soft Play Espuma Softscape Escalador de esquina Escalador infantil interactivo para cafeter\u00eda y parque infantil","robots":{"index":"index","follow":"follow","max-snippet":"max-snippet:-1","max-image-preview":"max-image-preview:large","max-video-preview":"max-video-preview:-1"},"canonical":"https:\/\/softplaysupply.com\/es\/producto\/corner-soft-play-foam-softscape-corner-climber\/","og_locale":"es_ES","og_type":"article","og_title":"Corner Soft Play Foam Softscape Corner Climber Kid Interactive Rocking Climber for Cafe and Playground","og_description":"Commercial-grade large corner soft play foam climber featuring interactive rocking elements, ramps, tunnels, and padded steps. Ideal for indoor playground cafes, malls, daycare centers, and early learning environments. Space-efficient modular design with durable, easy-clean vinyl surface.","og_url":"https:\/\/softplaysupply.com\/es\/producto\/corner-soft-play-foam-softscape-corner-climber\/","og_site_name":"Nanpak","og_image":[{"width":900,"height":800,"url":"https:\/\/softplaysupply.com\/wp-content\/uploads\/2026\/02\/Foam-Softscape-Corner-Climber-1.jpg","type":"image\/jpeg"}],"twitter_card":"summary_large_image","twitter_misc":{"Tiempo de lectura":"2 minutos"},"schema":{"@context":"https:\/\/schema.org","@graph":[{"@type":"WebPage","@id":"https:\/\/softplaysupply.com\/product\/corner-soft-play-foam-softscape-corner-climber\/","url":"https:\/\/softplaysupply.com\/product\/corner-soft-play-foam-softscape-corner-climber\/","name":"Esquina Soft Play Espuma Softscape Escalador de esquina Escalador infantil interactivo para cafeter\u00eda y parque infantil","isPartOf":{"@id":"https:\/\/softplaysupply.com\/#website"},"primaryImageOfPage":{"@id":"https:\/\/softplaysupply.com\/product\/corner-soft-play-foam-softscape-corner-climber\/#primaryimage"},"image":{"@id":"https:\/\/softplaysupply.com\/product\/corner-soft-play-foam-softscape-corner-climber\/#primaryimage"},"thumbnailUrl":"https:\/\/softplaysupply.com\/wp-content\/uploads\/2026\/02\/Foam-Softscape-Corner-Climber-1.jpg","datePublished":"2026-03-12T09:11:37+00:00","breadcrumb":{"@id":"https:\/\/softplaysupply.com\/product\/corner-soft-play-foam-softscape-corner-climber\/#breadcrumb"},"inLanguage":"es","potentialAction":[{"@type":"ReadAction","target":["https:\/\/softplaysupply.com\/product\/corner-soft-play-foam-softscape-corner-climber\/"]}]},{"@type":"ImageObject","inLanguage":"es","@id":"https:\/\/softplaysupply.com\/product\/corner-soft-play-foam-softscape-corner-climber\/#primaryimage","url":"https:\/\/softplaysupply.com\/wp-content\/uploads\/2026\/02\/Foam-Softscape-Corner-Climber-1.jpg","contentUrl":"https:\/\/softplaysupply.com\/wp-content\/uploads\/2026\/02\/Foam-Softscape-Corner-Climber-1.jpg","width":900,"height":800},{"@type":"BreadcrumbList","@id":"https:\/\/softplaysupply.com\/product\/corner-soft-play-foam-softscape-corner-climber\/#breadcrumb","itemListElement":[{"@type":"ListItem","position":1,"name":"Home","item":"https:\/\/softplaysupply.com\/"},{"@type":"ListItem","position":2,"name":"Soft Play Equipment","item":"https:\/\/softplaysupply.com\/pcategory\/soft-play-equipment\/"},{"@type":"ListItem","position":3,"name":"Soft Play Climber","item":"https:\/\/softplaysupply.com\/pcategory\/soft-play-equipment\/soft-play-climber\/"},{"@type":"ListItem","position":4,"name":"Corner Soft Play Foam Softscape Corner Climber Kid Interactive Rocking Climber for Cafe and Playground"}]},{"@type":"WebSite","@id":"https:\/\/softplaysupply.com\/#website","url":"https:\/\/softplaysupply.com\/","name":"Proveedor de juegos blandos","description":"Proveedor de juegos blandos","publisher":{"@id":"https:\/\/softplaysupply.com\/#organization"},"potentialAction":[{"@type":"SearchAction","target":{"@type":"EntryPoint","urlTemplate":"https:\/\/softplaysupply.com\/?s={search_term_string}"},"query-input":{"@type":"PropertyValueSpecification","valueRequired":true,"valueName":"search_term_string"}}],"inLanguage":"es"},{"@type":"Organization","@id":"https:\/\/softplaysupply.com\/#organization","name":"Nanpak","url":"https:\/\/softplaysupply.com\/","logo":{"@type":"ImageObject","inLanguage":"es","@id":"https:\/\/softplaysupply.com\/#\/schema\/logo\/image\/","url":"https:\/\/softplaysupply.com\/wp-content\/uploads\/2025\/12\/cropped-mobile-logo.png","contentUrl":"https:\/\/softplaysupply.com\/wp-content\/uploads\/2025\/12\/cropped-mobile-logo.png","width":263,"height":84,"caption":"Nanpak"},"image":{"@id":"https:\/\/softplaysupply.com\/#\/schema\/logo\/image\/"}}]}},"taxonomy_info":{"pcategory":[{"value":37,"label":"Indoor Play Set"},{"value":22,"label":"Soft Play Equipment"},{"value":44,"label":"Soft Play Climber"}]},"featured_image_src_large":["https:\/\/softplaysupply.com\/wp-content\/uploads\/2026\/02\/Foam-Softscape-Corner-Climber-1.jpg",900,800,false],"author_info":[],"comment_info":"","_links":{"self":[{"href":"https:\/\/softplaysupply.com\/es\/wp-json\/wp\/v2\/product\/4290","targetHints":{"allow":["GET"]}}],"collection":[{"href":"https:\/\/softplaysupply.com\/es\/wp-json\/wp\/v2\/product"}],"about":[{"href":"https:\/\/softplaysupply.com\/es\/wp-json\/wp\/v2\/types\/product"}],"wp:featuredmedia":[{"embeddable":true,"href":"https:\/\/softplaysupply.com\/es\/wp-json\/wp\/v2\/media\/4292"}],"wp:attachment":[{"href":"https:\/\/softplaysupply.com\/es\/wp-json\/wp\/v2\/media?parent=4290"}],"wp:term":[{"taxonomy":"pcategory","embeddable":true,"href":"https:\/\/softplaysupply.com\/es\/wp-json\/wp\/v2\/pcategory?post=4290"},{"taxonomy":"ptag","embeddable":true,"href":"https:\/\/softplaysupply.com\/es\/wp-json\/wp\/v2\/ptag?post=4290"}],"curies":[{"name":"wp","href":"https:\/\/api.w.org\/{rel}","templated":true}]}}