{"id":3814,"date":"2026-01-14T03:59:30","date_gmt":"2026-01-14T03:59:30","guid":{"rendered":"https:\/\/softplaysupply.com\/?post_type=product&#038;p=3814"},"modified":"2026-01-13T14:24:56","modified_gmt":"2026-01-13T14:24:56","slug":"commercial-soft-play-carousel","status":"publish","type":"product","link":"https:\/\/softplaysupply.com\/es\/producto\/commercial-soft-play-carousel\/","title":{"rendered":"Carrusel comercial de peluche para parques infantiles de interior y exterior"},"content":{"rendered":"<div style=\"background: white; border-radius: 16px; padding: 40px 35px; box-shadow: 0 8px 30px rgba(0,0,0,0.08);\">\n<p style=\"font-size: 18px; color: #444; text-align: justify; margin-bottom: 28px;\">El carrusel comercial de juegos blandos es un equipo de juego interactivo dise\u00f1ado espec\u00edficamente para ni\u00f1os, adecuado para diversos lugares de ocio de interior y exterior, como parques de atracciones, centros comerciales, centros de educaci\u00f3n infantil y zonas de ocio familiar. Su dise\u00f1o vers\u00e1til y su funcionalidad lo convierten en un punto focal en cualquier zona de juego infantil, proporcionando una experiencia giratoria segura e infinitamente divertida para los ni\u00f1os.<\/p>\n<p style=\"font-size: 18px; color: #444; text-align: justify; margin-bottom: 35px;\">El carrusel comercial est\u00e1 fabricado con materiales de alta calidad, como un armaz\u00f3n de madera, espuma de alta densidad, PVC, luces LED y PU, lo que garantiza una construcci\u00f3n resistente y una experiencia de juego suave y c\u00f3moda. La combinaci\u00f3n de la estructura de madera y la espuma de alta densidad no s\u00f3lo garantiza la seguridad, sino que tambi\u00e9n mejora la durabilidad del producto, por lo que es ideal para entornos comerciales de mucho tr\u00e1fico. El carrusel est\u00e1 equipado con iluminaci\u00f3n din\u00e1mica y efectos de sonido, lo que aumenta el entretenimiento y la interactividad, ofreciendo una experiencia sensorial enriquecida para los ni\u00f1os.<\/p>\n<p><img loading=\"lazy\" decoding=\"async\" class=\"alignnone size-full wp-image-3821\" src=\"https:\/\/softplaysupply.com\/wp-content\/uploads\/2026\/01\/soft-play-carousel-7.jpg\" alt=\"\" width=\"750\" height=\"750\" srcset=\"https:\/\/softplaysupply.com\/wp-content\/uploads\/2026\/01\/soft-play-carousel-7.jpg 750w, https:\/\/softplaysupply.com\/wp-content\/uploads\/2026\/01\/soft-play-carousel-7-300x300.jpg 300w, https:\/\/softplaysupply.com\/wp-content\/uploads\/2026\/01\/soft-play-carousel-7-150x150.jpg 150w, https:\/\/softplaysupply.com\/wp-content\/uploads\/2026\/01\/soft-play-carousel-7-12x12.jpg 12w\" sizes=\"auto, (max-width: 750px) 100vw, 750px\" \/> <img loading=\"lazy\" decoding=\"async\" class=\"alignnone size-full wp-image-3818\" src=\"https:\/\/softplaysupply.com\/wp-content\/uploads\/2026\/01\/soft-play-carousel-4.jpg\" alt=\"\" width=\"750\" height=\"750\" srcset=\"https:\/\/softplaysupply.com\/wp-content\/uploads\/2026\/01\/soft-play-carousel-4.jpg 750w, https:\/\/softplaysupply.com\/wp-content\/uploads\/2026\/01\/soft-play-carousel-4-300x300.jpg 300w, https:\/\/softplaysupply.com\/wp-content\/uploads\/2026\/01\/soft-play-carousel-4-150x150.jpg 150w, https:\/\/softplaysupply.com\/wp-content\/uploads\/2026\/01\/soft-play-carousel-4-12x12.jpg 12w\" sizes=\"auto, (max-width: 750px) 100vw, 750px\" \/> <img loading=\"lazy\" decoding=\"async\" class=\"alignnone size-full wp-image-3823\" src=\"https:\/\/softplaysupply.com\/wp-content\/uploads\/2026\/01\/soft-play-carousel-9.jpg\" alt=\"\" width=\"750\" height=\"750\" srcset=\"https:\/\/softplaysupply.com\/wp-content\/uploads\/2026\/01\/soft-play-carousel-9.jpg 750w, https:\/\/softplaysupply.com\/wp-content\/uploads\/2026\/01\/soft-play-carousel-9-300x300.jpg 300w, https:\/\/softplaysupply.com\/wp-content\/uploads\/2026\/01\/soft-play-carousel-9-150x150.jpg 150w, https:\/\/softplaysupply.com\/wp-content\/uploads\/2026\/01\/soft-play-carousel-9-12x12.jpg 12w\" sizes=\"auto, (max-width: 750px) 100vw, 750px\" \/> <img loading=\"lazy\" decoding=\"async\" class=\"alignnone size-full wp-image-3822\" src=\"https:\/\/softplaysupply.com\/wp-content\/uploads\/2026\/01\/soft-play-carousel-8.jpg\" alt=\"\" width=\"750\" height=\"750\" srcset=\"https:\/\/softplaysupply.com\/wp-content\/uploads\/2026\/01\/soft-play-carousel-8.jpg 750w, https:\/\/softplaysupply.com\/wp-content\/uploads\/2026\/01\/soft-play-carousel-8-300x300.jpg 300w, https:\/\/softplaysupply.com\/wp-content\/uploads\/2026\/01\/soft-play-carousel-8-150x150.jpg 150w, https:\/\/softplaysupply.com\/wp-content\/uploads\/2026\/01\/soft-play-carousel-8-12x12.jpg 12w\" sizes=\"auto, (max-width: 750px) 100vw, 750px\" \/> <img loading=\"lazy\" decoding=\"async\" class=\"alignnone size-full wp-image-3816\" src=\"https:\/\/softplaysupply.com\/wp-content\/uploads\/2026\/01\/soft-play-carousel-2.jpg\" alt=\"\" width=\"750\" height=\"750\" srcset=\"https:\/\/softplaysupply.com\/wp-content\/uploads\/2026\/01\/soft-play-carousel-2.jpg 750w, https:\/\/softplaysupply.com\/wp-content\/uploads\/2026\/01\/soft-play-carousel-2-300x300.jpg 300w, https:\/\/softplaysupply.com\/wp-content\/uploads\/2026\/01\/soft-play-carousel-2-150x150.jpg 150w, https:\/\/softplaysupply.com\/wp-content\/uploads\/2026\/01\/soft-play-carousel-2-12x12.jpg 12w\" sizes=\"auto, (max-width: 750px) 100vw, 750px\" \/> <img loading=\"lazy\" decoding=\"async\" class=\"alignnone size-full wp-image-3824\" src=\"https:\/\/softplaysupply.com\/wp-content\/uploads\/2026\/01\/soft-play-merry-go-round.jpg\" alt=\"juego blando tiovivo\" width=\"750\" height=\"750\" srcset=\"https:\/\/softplaysupply.com\/wp-content\/uploads\/2026\/01\/soft-play-merry-go-round.jpg 750w, https:\/\/softplaysupply.com\/wp-content\/uploads\/2026\/01\/soft-play-merry-go-round-300x300.jpg 300w, https:\/\/softplaysupply.com\/wp-content\/uploads\/2026\/01\/soft-play-merry-go-round-150x150.jpg 150w, https:\/\/softplaysupply.com\/wp-content\/uploads\/2026\/01\/soft-play-merry-go-round-12x12.jpg 12w\" sizes=\"auto, (max-width: 750px) 100vw, 750px\" \/><\/p>\n<div style=\"font-size: 26px; font-weight: bold; color: #7b2cbf; margin: 45px 0 20px; border-left: 6px solid #7b2cbf; padding-left: 15px;\">Tipos comunes:<\/div>\n<ul style=\"list-style: none; padding-left: 0; font-size: 17px; color: #333;\">\n<li style=\"margin-bottom: 22px; padding-left: 35px; position: relative;\"><span style=\"position: absolute; left: 0; color: #ff6b6b; font-size: 24px; line-height: 1;\">\u2022<\/span><strong style=\"color: #d63384;\">Rotaci\u00f3n manual (los ni\u00f1os empujan\/giran solos)<\/strong><br \/>\nEste carrusel manual permite a los ni\u00f1os empujar la atracci\u00f3n por s\u00ed solos, a\u00f1adiendo un divertido elemento de interacci\u00f3n f\u00edsica. Dise\u00f1ado pensando en la calidez y la seguridad, es perfecto para uso dom\u00e9stico, guarder\u00edas o \u00e1reas de juego peque\u00f1as. Fabricado con materiales suaves y una refrescante combinaci\u00f3n de colores blanco o rosa, se convierte en un elemento destacado en los espacios de juego para ni\u00f1os peque\u00f1os, especialmente para ni\u00f1os de 1 a 4 a\u00f1os.<\/li>\n<li style=\"margin-bottom: 22px; padding-left: 35px; position: relative;\"><span style=\"position: absolute; left: 0; color: #4ecdc4; font-size: 24px; line-height: 1;\">\u2022<\/span><strong style=\"color: #d63384;\">Versi\u00f3n manual con volante<\/strong><br \/>\nEl carrusel manual con volante permite a los ni\u00f1os disfrutar no s\u00f3lo de la diversi\u00f3n de girar, sino tambi\u00e9n simular una experiencia de conducci\u00f3n, ayudando a desarrollar sus habilidades de coordinaci\u00f3n. Al girar el volante, pueden controlar la direcci\u00f3n de la atracci\u00f3n, aumentando el nivel de interacci\u00f3n y diversi\u00f3n. Es ideal para ni\u00f1os de 2 a 5 a\u00f1os, adecuado para uso dom\u00e9stico, guarder\u00edas o lugares de alquiler.<\/li>\n<li style=\"margin-bottom: 22px; padding-left: 35px; position: relative;\"><span style=\"position: absolute; left: 0; color: #45b7d1; font-size: 24px; line-height: 1;\">\u2022<\/span><strong style=\"color: #d63384;\">Rotaci\u00f3n el\u00e9ctrica (accionada por motor)<\/strong><br \/>\nEl carrusel el\u00e9ctrico soft play es actualmente una de las opciones m\u00e1s populares en locales comerciales. Est\u00e1 equipado con un sistema motorizado que proporciona una rotaci\u00f3n suave y estable. Con funciones de iluminaci\u00f3n din\u00e1mica y m\u00fasica, crea un entorno de juego m\u00e1gico y resulta muy atractivo, especialmente para espacios comerciales, grandes parques de atracciones o alquileres de alto nivel, especialmente indicado para ni\u00f1os de 1,5 a 6 a\u00f1os.<\/li>\n<li style=\"margin-bottom: 22px; padding-left: 35px; position: relative;\"><span style=\"position: absolute; left: 0; color: #f4a261; font-size: 24px; line-height: 1;\">\u2022<\/span><strong style=\"color: #d63384;\">Animal\/Theme Versi\u00f3n el\u00e9ctrica<\/strong><br \/>\nEste carrusel el\u00e9ctrico blando de tem\u00e1tica animal presenta una gran variedad de simp\u00e1ticas formas de animales, como caballos, osos, leones, etc., con un dise\u00f1o inspirado en los cuentos de hadas. El carrusel no s\u00f3lo est\u00e1 motorizado, sino que tambi\u00e9n est\u00e1 equipado con m\u00fasica din\u00e1mica e iluminaci\u00f3n de colores, lo que a\u00f1ade entretenimiento visual y auditivo. Es perfecto para parques tem\u00e1ticos, centros comerciales y otros lugares, ya que permite a los ni\u00f1os disfrutar de la diversi\u00f3n de montar a caballo y, al mismo tiempo, se convierte en un popular punto de fotograf\u00eda para los padres. Adecuado para ni\u00f1os de 2 a 6 a\u00f1os.<\/li>\n<\/ul>\n<div style=\"font-size: 26px; font-weight: bold; color: #7b2cbf; margin: 50px 0 20px; border-left: 6px solid #7b2cbf; padding-left: 15px;\">Caracter\u00edsticas principales:<\/div>\n<ul style=\"list-style: none; padding-left: 0; font-size: 17px; color: #333;\">\n<li style=\"margin: 18px 0; padding-left: 35px; position: relative;\"><span style=\"position: absolute; left: 0; color: #ff9f1c; font-weight: bold;\">\u2605<\/span> <strong>1111Dise\u00f1o multifuncional<\/strong>: Apto para uso interior y exterior...<\/li>\n<li style=\"margin: 18px 0; padding-left: 35px; position: relative;\"><span style=\"position: absolute; left: 0; color: #ff9f1c; font-weight: bold;\">\u2605<\/span> <strong>Seguro y duradero<\/strong>: Fabricado con materiales de alta calidad aptos para ni\u00f1os....<\/li>\n<li style=\"margin: 18px 0; padding-left: 35px; position: relative;\"><span style=\"position: absolute; left: 0; color: #ff9f1c; font-weight: bold;\">\u2605<\/span> <strong>Diversi\u00f3n interactiva<\/strong>: Si lo desea, nuestro carrusel puede equiparse con funciones interactivas...<\/li>\n<li style=\"margin: 18px 0; padding-left: 35px; position: relative;\"><span style=\"position: absolute; left: 0; color: #ff9f1c; font-weight: bold;\">\u2605<\/span> <strong>Temas personalizables<\/strong>: Tanto si prefieres las formas cl\u00e1sicas de animales...<\/li>\n<li style=\"margin: 18px 0; padding-left: 35px; position: relative;\"><span style=\"position: absolute; left: 0; color: #ff9f1c; font-weight: bold;\">\u2605<\/span> <strong>F\u00e1cil instalaci\u00f3n y mantenimiento<\/strong>: Dise\u00f1ado para una instalaci\u00f3n f\u00e1cil y r\u00e1pida...<\/li>\n<li style=\"margin: 18px 0; padding-left: 35px; position: relative;\"><span style=\"position: absolute; left: 0; color: #ff9f1c; font-weight: bold;\">\u2605<\/span> <strong>Dise\u00f1o adaptado a la edad<\/strong>: Apto para ni\u00f1os a partir de 2 a\u00f1os...<\/li>\n<\/ul>\n<p style=\"font-size: 19px; font-weight: bold; color: #c71585; text-align: center; margin: 50px 0 25px; padding: 20px; background: rgba(199,21,133,0.08); border-radius: 12px; border: 2px dashed #ffb3d9;\">Perfecto para uso comercial: Con sus colores vibrantes, dise\u00f1o atractivo y construcci\u00f3n robusta, el carrusel de juego suave comercial es la elecci\u00f3n perfecta para espacios comerciales de alto tr\u00e1fico.<\/p>\n<div style=\"font-size: 22px; font-weight: bold; color: #d63384; margin: 45px 0 18px;\">Especificaciones:<\/div>\n<ul style=\"font-size: 17px; color: #444;\">\n<li><strong>Materiales:<\/strong> Armaz\u00f3n de madera, espuma de alta densidad, PVC, luces LED, PU<\/li>\n<li><strong>Opciones de tama\u00f1o:<\/strong> Disponible en varios tama\u00f1os adaptados a las distintas necesidades de espacio<\/li>\n<li><strong>Edad recomendada:<\/strong> Adecuado para ni\u00f1os de 2 a 12 a\u00f1os<\/li>\n<li><strong>Seguridad:<\/strong> Cumple las normas internacionales de seguridad de los juegos infantiles<\/li>\n<\/ul>\n<p style=\"font-size: 19px; color: #444; margin-top: 45px; text-align: center; font-weight: 500; background: linear-gradient(to right, #f48fb1, #ce93d8); -webkit-background-clip: text; -webkit-text-fill-color: transparent;\">El carrusel comercial de juegos blandos puede utilizarse de forma independiente o combinarse con otros equipos de juegos blandos (como zonas de gateo, toboganes, piscinas de bolas, etc.) para formar un sistema completo de juegos blandos. Tambi\u00e9n ofrecemos servicios personalizados, dise\u00f1ando y creando experiencias de juego \u00fanicas adaptadas a las necesidades de cada cliente.<\/p>\n<div style=\"text-align: center; margin-top: 60px; padding: 30px; background: linear-gradient(135deg, #ff9a9e, #fad0c4); border-radius: 20px; color: white; font-size: 24px; font-weight: bold; text-shadow: 1px 1px 4px rgba(0,0,0,0.3);\">Lleve la alegr\u00eda de girar a su zona de juegos con el carrusel blando comercial,<br \/>\ndonde la aventura, la imaginaci\u00f3n y la seguridad se combinan a la perfecci\u00f3n en una emocionante experiencia de juego.<\/div>\n<\/div>","protected":false},"excerpt":{"rendered":"<p>Carrusel comercial Soft Play para parques infantiles de interior y exterior, que ofrece opciones manuales y motorizadas. Perfectos para ni\u00f1os de 1 a 6 a\u00f1os, estos carruseles aportan diversi\u00f3n interactiva, seguridad y entretenimiento a parques tem\u00e1ticos, centros comerciales y guarder\u00edas.<\/p>","protected":false},"featured_media":3815,"parent":0,"template":"","meta":{"_acf_changed":false,"_kad_blocks_custom_css":"","_kad_blocks_head_custom_js":"","_kad_blocks_body_custom_js":"","_kad_blocks_footer_custom_js":"","_kadence_starter_templates_imported_post":false,"_kad_post_transparent":"default","_kad_post_title":"","_kad_post_layout":"default","_kad_post_sidebar_id":"","_kad_post_content_style":"default","_kad_post_vertical_padding":"default","_kad_post_feature":"","_kad_post_feature_position":"","_kad_post_header":false,"_kad_post_footer":false},"pcategory":[19],"ptag":[],"class_list":["post-3814","product","type-product","status-publish","has-post-thumbnail","hentry","pcategory-merry-go-round"],"acf":[],"yoast_head":"<!-- This site is optimized with the Yoast SEO plugin v26.8 - https:\/\/yoast.com\/product\/yoast-seo-wordpress\/ -->\n<title>Commercial Soft Play Carousel for Kids&#039; Indoor &amp; Outdoor Playgrounds<\/title>\n<meta name=\"description\" content=\"Commercial Soft Play Carousel for indoor and outdoor playgrounds, offering both manual and motorized options. Perfect for kids aged 1-6, these carousels bring interactive fun, safety, and entertainment to theme parks, shopping malls, and daycare centers.\" \/>\n<meta name=\"robots\" content=\"index, follow, max-snippet:-1, max-image-preview:large, max-video-preview:-1\" \/>\n<link rel=\"canonical\" href=\"https:\/\/softplaysupply.com\/es\/producto\/commercial-soft-play-carousel\/\" \/>\n<meta property=\"og:locale\" content=\"es_ES\" \/>\n<meta property=\"og:type\" content=\"article\" \/>\n<meta property=\"og:title\" content=\"Commercial Soft Play Carousel for Kids&#039; Indoor &amp; Outdoor Playgrounds\" \/>\n<meta property=\"og:description\" content=\"Commercial Soft Play Carousel for indoor and outdoor playgrounds, offering both manual and motorized options. Perfect for kids aged 1-6, these carousels bring interactive fun, safety, and entertainment to theme parks, shopping malls, and daycare centers.\" \/>\n<meta property=\"og:url\" content=\"https:\/\/softplaysupply.com\/es\/producto\/commercial-soft-play-carousel\/\" \/>\n<meta property=\"og:site_name\" content=\"Nanpak\" \/>\n<meta property=\"og:image\" content=\"https:\/\/softplaysupply.com\/wp-content\/uploads\/2026\/01\/soft-play-carousel-1.jpg\" \/>\n\t<meta property=\"og:image:width\" content=\"750\" \/>\n\t<meta property=\"og:image:height\" content=\"750\" \/>\n\t<meta property=\"og:image:type\" content=\"image\/jpeg\" \/>\n<meta name=\"twitter:card\" content=\"summary_large_image\" \/>\n<meta name=\"twitter:label1\" content=\"Tiempo de lectura\" \/>\n\t<meta name=\"twitter:data1\" content=\"5 minutos\" \/>\n<script type=\"application\/ld+json\" class=\"yoast-schema-graph\">{\"@context\":\"https:\/\/schema.org\",\"@graph\":[{\"@type\":\"WebPage\",\"@id\":\"https:\/\/softplaysupply.com\/product\/commercial-soft-play-carousel\/\",\"url\":\"https:\/\/softplaysupply.com\/product\/commercial-soft-play-carousel\/\",\"name\":\"Commercial Soft Play Carousel for Kids' Indoor & Outdoor Playgrounds\",\"isPartOf\":{\"@id\":\"https:\/\/softplaysupply.com\/#website\"},\"primaryImageOfPage\":{\"@id\":\"https:\/\/softplaysupply.com\/product\/commercial-soft-play-carousel\/#primaryimage\"},\"image\":{\"@id\":\"https:\/\/softplaysupply.com\/product\/commercial-soft-play-carousel\/#primaryimage\"},\"thumbnailUrl\":\"https:\/\/softplaysupply.com\/wp-content\/uploads\/2026\/01\/soft-play-carousel-1.jpg\",\"datePublished\":\"2026-01-14T03:59:30+00:00\",\"description\":\"Commercial Soft Play Carousel for indoor and outdoor playgrounds, offering both manual and motorized options. Perfect for kids aged 1-6, these carousels bring interactive fun, safety, and entertainment to theme parks, shopping malls, and daycare centers.\",\"breadcrumb\":{\"@id\":\"https:\/\/softplaysupply.com\/product\/commercial-soft-play-carousel\/#breadcrumb\"},\"inLanguage\":\"es\",\"potentialAction\":[{\"@type\":\"ReadAction\",\"target\":[\"https:\/\/softplaysupply.com\/product\/commercial-soft-play-carousel\/\"]}]},{\"@type\":\"ImageObject\",\"inLanguage\":\"es\",\"@id\":\"https:\/\/softplaysupply.com\/product\/commercial-soft-play-carousel\/#primaryimage\",\"url\":\"https:\/\/softplaysupply.com\/wp-content\/uploads\/2026\/01\/soft-play-carousel-1.jpg\",\"contentUrl\":\"https:\/\/softplaysupply.com\/wp-content\/uploads\/2026\/01\/soft-play-carousel-1.jpg\",\"width\":750,\"height\":750,\"caption\":\"soft play carousel\"},{\"@type\":\"BreadcrumbList\",\"@id\":\"https:\/\/softplaysupply.com\/product\/commercial-soft-play-carousel\/#breadcrumb\",\"itemListElement\":[{\"@type\":\"ListItem\",\"position\":1,\"name\":\"Home\",\"item\":\"https:\/\/softplaysupply.com\/\"},{\"@type\":\"ListItem\",\"position\":2,\"name\":\"Merry Go Round\",\"item\":\"https:\/\/softplaysupply.com\/pcategory\/merry-go-round\/\"},{\"@type\":\"ListItem\",\"position\":3,\"name\":\"Commercial Soft Play Carousel for Kids&#8217; Indoor &#038; Outdoor Playgrounds\"}]},{\"@type\":\"WebSite\",\"@id\":\"https:\/\/softplaysupply.com\/#website\",\"url\":\"https:\/\/softplaysupply.com\/\",\"name\":\"Soft Play Supplier\",\"description\":\"Soft Play Supplier\",\"publisher\":{\"@id\":\"https:\/\/softplaysupply.com\/#organization\"},\"potentialAction\":[{\"@type\":\"SearchAction\",\"target\":{\"@type\":\"EntryPoint\",\"urlTemplate\":\"https:\/\/softplaysupply.com\/?s={search_term_string}\"},\"query-input\":{\"@type\":\"PropertyValueSpecification\",\"valueRequired\":true,\"valueName\":\"search_term_string\"}}],\"inLanguage\":\"es\"},{\"@type\":\"Organization\",\"@id\":\"https:\/\/softplaysupply.com\/#organization\",\"name\":\"Nanpak\",\"url\":\"https:\/\/softplaysupply.com\/\",\"logo\":{\"@type\":\"ImageObject\",\"inLanguage\":\"es\",\"@id\":\"https:\/\/softplaysupply.com\/#\/schema\/logo\/image\/\",\"url\":\"https:\/\/softplaysupply.com\/wp-content\/uploads\/2025\/12\/cropped-mobile-logo.png\",\"contentUrl\":\"https:\/\/softplaysupply.com\/wp-content\/uploads\/2025\/12\/cropped-mobile-logo.png\",\"width\":263,\"height\":84,\"caption\":\"Nanpak\"},\"image\":{\"@id\":\"https:\/\/softplaysupply.com\/#\/schema\/logo\/image\/\"}}]}<\/script>\n<!-- \/ Yoast SEO plugin. -->","yoast_head_json":{"title":"Carrusel comercial de peluche para parques infantiles de interior y exterior","description":"Carrusel comercial Soft Play para parques infantiles de interior y exterior, que ofrece opciones manuales y motorizadas. Perfectos para ni\u00f1os de 1 a 6 a\u00f1os, estos carruseles aportan diversi\u00f3n interactiva, seguridad y entretenimiento a parques tem\u00e1ticos, centros comerciales y guarder\u00edas.","robots":{"index":"index","follow":"follow","max-snippet":"max-snippet:-1","max-image-preview":"max-image-preview:large","max-video-preview":"max-video-preview:-1"},"canonical":"https:\/\/softplaysupply.com\/es\/producto\/commercial-soft-play-carousel\/","og_locale":"es_ES","og_type":"article","og_title":"Commercial Soft Play Carousel for Kids' Indoor & Outdoor Playgrounds","og_description":"Commercial Soft Play Carousel for indoor and outdoor playgrounds, offering both manual and motorized options. Perfect for kids aged 1-6, these carousels bring interactive fun, safety, and entertainment to theme parks, shopping malls, and daycare centers.","og_url":"https:\/\/softplaysupply.com\/es\/producto\/commercial-soft-play-carousel\/","og_site_name":"Nanpak","og_image":[{"width":750,"height":750,"url":"https:\/\/softplaysupply.com\/wp-content\/uploads\/2026\/01\/soft-play-carousel-1.jpg","type":"image\/jpeg"}],"twitter_card":"summary_large_image","twitter_misc":{"Tiempo de lectura":"5 minutos"},"schema":{"@context":"https:\/\/schema.org","@graph":[{"@type":"WebPage","@id":"https:\/\/softplaysupply.com\/product\/commercial-soft-play-carousel\/","url":"https:\/\/softplaysupply.com\/product\/commercial-soft-play-carousel\/","name":"Carrusel comercial de peluche para parques infantiles de interior y exterior","isPartOf":{"@id":"https:\/\/softplaysupply.com\/#website"},"primaryImageOfPage":{"@id":"https:\/\/softplaysupply.com\/product\/commercial-soft-play-carousel\/#primaryimage"},"image":{"@id":"https:\/\/softplaysupply.com\/product\/commercial-soft-play-carousel\/#primaryimage"},"thumbnailUrl":"https:\/\/softplaysupply.com\/wp-content\/uploads\/2026\/01\/soft-play-carousel-1.jpg","datePublished":"2026-01-14T03:59:30+00:00","description":"Carrusel comercial Soft Play para parques infantiles de interior y exterior, que ofrece opciones manuales y motorizadas. Perfectos para ni\u00f1os de 1 a 6 a\u00f1os, estos carruseles aportan diversi\u00f3n interactiva, seguridad y entretenimiento a parques tem\u00e1ticos, centros comerciales y guarder\u00edas.","breadcrumb":{"@id":"https:\/\/softplaysupply.com\/product\/commercial-soft-play-carousel\/#breadcrumb"},"inLanguage":"es","potentialAction":[{"@type":"ReadAction","target":["https:\/\/softplaysupply.com\/product\/commercial-soft-play-carousel\/"]}]},{"@type":"ImageObject","inLanguage":"es","@id":"https:\/\/softplaysupply.com\/product\/commercial-soft-play-carousel\/#primaryimage","url":"https:\/\/softplaysupply.com\/wp-content\/uploads\/2026\/01\/soft-play-carousel-1.jpg","contentUrl":"https:\/\/softplaysupply.com\/wp-content\/uploads\/2026\/01\/soft-play-carousel-1.jpg","width":750,"height":750,"caption":"soft play carousel"},{"@type":"BreadcrumbList","@id":"https:\/\/softplaysupply.com\/product\/commercial-soft-play-carousel\/#breadcrumb","itemListElement":[{"@type":"ListItem","position":1,"name":"Home","item":"https:\/\/softplaysupply.com\/"},{"@type":"ListItem","position":2,"name":"Merry Go Round","item":"https:\/\/softplaysupply.com\/pcategory\/merry-go-round\/"},{"@type":"ListItem","position":3,"name":"Commercial Soft Play Carousel for Kids&#8217; Indoor &#038; Outdoor Playgrounds"}]},{"@type":"WebSite","@id":"https:\/\/softplaysupply.com\/#website","url":"https:\/\/softplaysupply.com\/","name":"Proveedor de juegos blandos","description":"Proveedor de juegos blandos","publisher":{"@id":"https:\/\/softplaysupply.com\/#organization"},"potentialAction":[{"@type":"SearchAction","target":{"@type":"EntryPoint","urlTemplate":"https:\/\/softplaysupply.com\/?s={search_term_string}"},"query-input":{"@type":"PropertyValueSpecification","valueRequired":true,"valueName":"search_term_string"}}],"inLanguage":"es"},{"@type":"Organization","@id":"https:\/\/softplaysupply.com\/#organization","name":"Nanpak","url":"https:\/\/softplaysupply.com\/","logo":{"@type":"ImageObject","inLanguage":"es","@id":"https:\/\/softplaysupply.com\/#\/schema\/logo\/image\/","url":"https:\/\/softplaysupply.com\/wp-content\/uploads\/2025\/12\/cropped-mobile-logo.png","contentUrl":"https:\/\/softplaysupply.com\/wp-content\/uploads\/2025\/12\/cropped-mobile-logo.png","width":263,"height":84,"caption":"Nanpak"},"image":{"@id":"https:\/\/softplaysupply.com\/#\/schema\/logo\/image\/"}}]}},"taxonomy_info":{"pcategory":[{"value":19,"label":"Merry Go Round"}]},"featured_image_src_large":["https:\/\/softplaysupply.com\/wp-content\/uploads\/2026\/01\/soft-play-carousel-1.jpg",750,750,false],"author_info":[],"comment_info":"","_links":{"self":[{"href":"https:\/\/softplaysupply.com\/es\/wp-json\/wp\/v2\/product\/3814","targetHints":{"allow":["GET"]}}],"collection":[{"href":"https:\/\/softplaysupply.com\/es\/wp-json\/wp\/v2\/product"}],"about":[{"href":"https:\/\/softplaysupply.com\/es\/wp-json\/wp\/v2\/types\/product"}],"wp:featuredmedia":[{"embeddable":true,"href":"https:\/\/softplaysupply.com\/es\/wp-json\/wp\/v2\/media\/3815"}],"wp:attachment":[{"href":"https:\/\/softplaysupply.com\/es\/wp-json\/wp\/v2\/media?parent=3814"}],"wp:term":[{"taxonomy":"pcategory","embeddable":true,"href":"https:\/\/softplaysupply.com\/es\/wp-json\/wp\/v2\/pcategory?post=3814"},{"taxonomy":"ptag","embeddable":true,"href":"https:\/\/softplaysupply.com\/es\/wp-json\/wp\/v2\/ptag?post=3814"}],"curies":[{"name":"wp","href":"https:\/\/api.w.org\/{rel}","templated":true}]}}