{"id":3576,"date":"2026-02-05T04:13:49","date_gmt":"2026-02-05T04:13:49","guid":{"rendered":"https:\/\/softplaysupply.com\/?post_type=product&#038;p=3576"},"modified":"2025-12-26T06:01:58","modified_gmt":"2025-12-26T06:01:58","slug":"pirate-ship-themed-playground","status":"publish","type":"product","link":"https:\/\/softplaysupply.com\/es\/producto\/pirate-ship-themed-playground\/","title":{"rendered":"Equipo para estructura de juego infantil con tem\u00e1tica de barco pirata para interiores"},"content":{"rendered":"<div class=\"product-description\">\n<p>Barco pirata infantil para interiores <a href=\"https:\/\/softplaysupply.com\/es\/pcategoria\/indoor-playground-equipment\/themed-playground\/\" data-internallinksmanager029f6b8e52c=\"7\" title=\"parque infantil tem\u00e1tico\" target=\"_blank\" rel=\"noopener\">Parque infantil tem\u00e1tico<\/a> Equipo para estructuras de juego con forma de barco, especialmente dise\u00f1ado para crear una experiencia de juego inmersiva con tem\u00e1tica pirata para los ni\u00f1os. Inspirada en las cl\u00e1sicas historias de piratas y la exploraci\u00f3n oce\u00e1nica, esta estructura de juego para interiores transforma cualquier espacio en una emocionante zona de aventuras donde los ni\u00f1os pueden trepar, gatear, deslizarse y jugar a ser valientes marineros.<\/p>\n<p>Dise\u00f1ado como una estructura de juego completa en forma de barco pirata, este equipo fomenta la actividad f\u00edsica, la interacci\u00f3n social y el juego imaginativo. Los ni\u00f1os pueden explorar la cubierta, trepar e interactuar con elementos tem\u00e1ticos, lo que lo convierte en un parque infantil con forma de barco pirata que destaca y mantiene a los ni\u00f1os entretenidos durante m\u00e1s tiempo.<\/p>\n<p><img loading=\"lazy\" decoding=\"async\" class=\"alignnone size-full wp-image-3581\" src=\"https:\/\/softplaysupply.com\/wp-content\/uploads\/2025\/12\/Pirate-Ship-Themed-Playground-5.jpg\" alt=\"\" width=\"750\" height=\"750\" srcset=\"https:\/\/softplaysupply.com\/wp-content\/uploads\/2025\/12\/Pirate-Ship-Themed-Playground-5.jpg 750w, https:\/\/softplaysupply.com\/wp-content\/uploads\/2025\/12\/Pirate-Ship-Themed-Playground-5-300x300.jpg 300w, https:\/\/softplaysupply.com\/wp-content\/uploads\/2025\/12\/Pirate-Ship-Themed-Playground-5-150x150.jpg 150w, https:\/\/softplaysupply.com\/wp-content\/uploads\/2025\/12\/Pirate-Ship-Themed-Playground-5-12x12.jpg 12w\" sizes=\"auto, (max-width: 750px) 100vw, 750px\" \/> <img loading=\"lazy\" decoding=\"async\" class=\"alignnone size-full wp-image-3577\" src=\"https:\/\/softplaysupply.com\/wp-content\/uploads\/2025\/12\/Pirate-Ship-Themed-Playground-1.jpg\" alt=\"\" width=\"1000\" height=\"1000\" srcset=\"https:\/\/softplaysupply.com\/wp-content\/uploads\/2025\/12\/Pirate-Ship-Themed-Playground-1.jpg 1000w, https:\/\/softplaysupply.com\/wp-content\/uploads\/2025\/12\/Pirate-Ship-Themed-Playground-1-300x300.jpg 300w, https:\/\/softplaysupply.com\/wp-content\/uploads\/2025\/12\/Pirate-Ship-Themed-Playground-1-150x150.jpg 150w, https:\/\/softplaysupply.com\/wp-content\/uploads\/2025\/12\/Pirate-Ship-Themed-Playground-1-768x768.jpg 768w, https:\/\/softplaysupply.com\/wp-content\/uploads\/2025\/12\/Pirate-Ship-Themed-Playground-1-12x12.jpg 12w\" sizes=\"auto, (max-width: 1000px) 100vw, 1000px\" \/> <img loading=\"lazy\" decoding=\"async\" class=\"alignnone size-full wp-image-3578\" src=\"https:\/\/softplaysupply.com\/wp-content\/uploads\/2025\/12\/Pirate-Ship-Themed-Playground-2.jpg\" alt=\"\" width=\"1000\" height=\"1000\" srcset=\"https:\/\/softplaysupply.com\/wp-content\/uploads\/2025\/12\/Pirate-Ship-Themed-Playground-2.jpg 1000w, https:\/\/softplaysupply.com\/wp-content\/uploads\/2025\/12\/Pirate-Ship-Themed-Playground-2-300x300.jpg 300w, https:\/\/softplaysupply.com\/wp-content\/uploads\/2025\/12\/Pirate-Ship-Themed-Playground-2-150x150.jpg 150w, https:\/\/softplaysupply.com\/wp-content\/uploads\/2025\/12\/Pirate-Ship-Themed-Playground-2-768x768.jpg 768w, https:\/\/softplaysupply.com\/wp-content\/uploads\/2025\/12\/Pirate-Ship-Themed-Playground-2-12x12.jpg 12w\" sizes=\"auto, (max-width: 1000px) 100vw, 1000px\" \/><\/p>\n<p><strong>Ventajas<\/strong><br \/>\na. Pl\u00e1stico apto para uso alimentario con una amplia gama de colores que se mantienen brillantes y con aspecto nuevo durante a\u00f1os.<br \/>\nb. Certificado seg\u00fan la norma europea EN1176 y los requisitos de seguridad GS.<br \/>\nc. Fabricado por una f\u00e1brica con m\u00e1s de 30 a\u00f1os de experiencia en el suministro a nivel mundial y l\u00edder en la industria china de herramientas did\u00e1cticas y juguetes educativos.<\/p>\n<p><strong>Especificaciones del producto<\/strong><br \/>\nEdad del usuario: 3-12 a\u00f1os<br \/>\nCapacidad: 25-60 ni\u00f1os (dependiendo del tama\u00f1o personalizado del sitio)<br \/>\nTiempo de instalaci\u00f3n: Aproximadamente 3 d\u00edas con 5 personas.<br \/>\n\u00c1reas de aplicaci\u00f3n: Parques de atracciones, zonas residenciales, guarder\u00edas, centros preescolares, centros comerciales, restaurantes y patios traseros.<\/p>\n<p>Este producto es ideal para crear atractivos parques infantiles piratas, tanto si est\u00e1 planeando un parque infantil compacto con forma de barco pirata, un parque infantil tem\u00e1tico con barco pirata o si busca equipamiento fiable para un parque infantil con barco pirata. Tambi\u00e9n es adecuado para clientes que buscan un parque infantil con barco pirata a la venta que combine una narrativa visual impactante con un rendimiento seguro y duradero. Como soluci\u00f3n vers\u00e1til de equipamiento de juego con barco pirata, realza cualquier tema pirata del parque infantil y ofrece experiencias de juego memorables. Este parque infantil interior con tem\u00e1tica pirata est\u00e1 construido teniendo en cuenta la seguridad, la durabilidad y el impacto visual. Los componentes de pl\u00e1stico est\u00e1n fabricados con LLDPE (polietileno lineal de baja densidad) de grado alimentario, mientras que la estructura met\u00e1lica utiliza tubos de acero galvanizado de alta resistencia con un grosor est\u00e1ndar de 2,0 mm. Las cubiertas y las escaleras est\u00e1n construidas con placas de acero con recubrimiento de polvo pl\u00e1stico o PVC para mejorar la durabilidad y la resistencia al deslizamiento. Todos los elementos de fijaci\u00f3n son de acero inoxidable SS304, lo que garantiza una estructura firme y segura. Se pueden suministrar materiales personalizados bajo pedido.<\/p>\n<p><strong>Embalaje y garant\u00eda<\/strong><br \/>\nLas piezas de pl\u00e1stico se embalan con bolsas de burbujas y film de PP. Los componentes de acero se protegen con tela de algod\u00f3n y film de PP. Ofrecemos una garant\u00eda de 5 a\u00f1os para las piezas de pl\u00e1stico, los postes de acero, las plataformas met\u00e1licas y las escaleras, y una garant\u00eda de 3 a\u00f1os para los componentes de acero.<\/p>\n<\/div>","protected":false},"excerpt":{"rendered":"<p>Equipo de estructura de juego para barco pirata de interior para ni\u00f1os, especialmente dise\u00f1ado para crear una experiencia de juego inmersiva con tem\u00e1tica pirata para los ni\u00f1os. Inspirada en las cl\u00e1sicas historias de piratas y la exploraci\u00f3n oce\u00e1nica, esta estructura de juego de interior transforma cualquier espacio en una emocionante zona de aventuras donde los ni\u00f1os pueden trepar, gatear, deslizarse y jugar a ser valientes marineros. Dise\u00f1ada como...<\/p>","protected":false},"featured_media":3584,"parent":0,"template":"","meta":{"_acf_changed":false,"_kad_blocks_custom_css":"","_kad_blocks_head_custom_js":"","_kad_blocks_body_custom_js":"","_kad_blocks_footer_custom_js":"","_kadence_starter_templates_imported_post":false,"_kad_post_transparent":"default","_kad_post_title":"","_kad_post_layout":"default","_kad_post_sidebar_id":"","_kad_post_content_style":"default","_kad_post_vertical_padding":"default","_kad_post_feature":"","_kad_post_feature_position":"","_kad_post_header":false,"_kad_post_footer":false},"pcategory":[5,34],"ptag":[],"class_list":["post-3576","product","type-product","status-publish","has-post-thumbnail","hentry","pcategory-indoor-playground-equipment","pcategory-themed-playground"],"acf":[],"yoast_head":"<!-- This site is optimized with the Yoast SEO plugin v26.8 - https:\/\/yoast.com\/product\/yoast-seo-wordpress\/ -->\n<title>Kids Indoor Pirate Ship Themed Playground Boat Play Structure Equipment<\/title>\n<meta name=\"robots\" content=\"index, follow, max-snippet:-1, max-image-preview:large, max-video-preview:-1\" \/>\n<link rel=\"canonical\" href=\"https:\/\/softplaysupply.com\/es\/producto\/pirate-ship-themed-playground\/\" \/>\n<meta property=\"og:locale\" content=\"es_ES\" \/>\n<meta property=\"og:type\" content=\"article\" \/>\n<meta property=\"og:title\" content=\"Kids Indoor Pirate Ship Themed Playground Boat Play Structure Equipment\" \/>\n<meta property=\"og:description\" content=\"Kids Indoor Pirate Ship Themed Playground Boat Play Structure Equipment, specially designed to create an immersive pirate themed playground experience for children. Inspired by classic pirate stories and ocean exploration, this indoor play structure transforms any space into an exciting adventure zone where kids can climb, crawl, slide, and role-play as brave sailors. Designed as...\" \/>\n<meta property=\"og:url\" content=\"https:\/\/softplaysupply.com\/es\/producto\/pirate-ship-themed-playground\/\" \/>\n<meta property=\"og:site_name\" content=\"Nanpak\" \/>\n<meta property=\"og:image\" content=\"https:\/\/softplaysupply.com\/wp-content\/uploads\/2026\/02\/pirate-ship-indoor-playground.jpg\" \/>\n\t<meta property=\"og:image:width\" content=\"800\" \/>\n\t<meta property=\"og:image:height\" content=\"800\" \/>\n\t<meta property=\"og:image:type\" content=\"image\/jpeg\" \/>\n<meta name=\"twitter:card\" content=\"summary_large_image\" \/>\n<meta name=\"twitter:label1\" content=\"Tiempo de lectura\" \/>\n\t<meta name=\"twitter:data1\" content=\"3 minutos\" \/>\n<script type=\"application\/ld+json\" class=\"yoast-schema-graph\">{\"@context\":\"https:\/\/schema.org\",\"@graph\":[{\"@type\":\"WebPage\",\"@id\":\"https:\/\/softplaysupply.com\/product\/pirate-ship-themed-playground\/\",\"url\":\"https:\/\/softplaysupply.com\/product\/pirate-ship-themed-playground\/\",\"name\":\"Kids Indoor Pirate Ship Themed Playground Boat Play Structure Equipment\",\"isPartOf\":{\"@id\":\"https:\/\/softplaysupply.com\/#website\"},\"primaryImageOfPage\":{\"@id\":\"https:\/\/softplaysupply.com\/product\/pirate-ship-themed-playground\/#primaryimage\"},\"image\":{\"@id\":\"https:\/\/softplaysupply.com\/product\/pirate-ship-themed-playground\/#primaryimage\"},\"thumbnailUrl\":\"https:\/\/softplaysupply.com\/wp-content\/uploads\/2026\/02\/pirate-ship-indoor-playground.jpg\",\"datePublished\":\"2026-02-05T04:13:49+00:00\",\"breadcrumb\":{\"@id\":\"https:\/\/softplaysupply.com\/product\/pirate-ship-themed-playground\/#breadcrumb\"},\"inLanguage\":\"es\",\"potentialAction\":[{\"@type\":\"ReadAction\",\"target\":[\"https:\/\/softplaysupply.com\/product\/pirate-ship-themed-playground\/\"]}]},{\"@type\":\"ImageObject\",\"inLanguage\":\"es\",\"@id\":\"https:\/\/softplaysupply.com\/product\/pirate-ship-themed-playground\/#primaryimage\",\"url\":\"https:\/\/softplaysupply.com\/wp-content\/uploads\/2026\/02\/pirate-ship-indoor-playground.jpg\",\"contentUrl\":\"https:\/\/softplaysupply.com\/wp-content\/uploads\/2026\/02\/pirate-ship-indoor-playground.jpg\",\"width\":800,\"height\":800,\"caption\":\"pirate ship indoor playground\"},{\"@type\":\"BreadcrumbList\",\"@id\":\"https:\/\/softplaysupply.com\/product\/pirate-ship-themed-playground\/#breadcrumb\",\"itemListElement\":[{\"@type\":\"ListItem\",\"position\":1,\"name\":\"Home\",\"item\":\"https:\/\/softplaysupply.com\/\"},{\"@type\":\"ListItem\",\"position\":2,\"name\":\"Indoor Playground Equipment\",\"item\":\"https:\/\/softplaysupply.com\/pcategory\/indoor-playground-equipment\/\"},{\"@type\":\"ListItem\",\"position\":3,\"name\":\"Kids Indoor Pirate Ship Themed Playground Boat Play Structure Equipment\"}]},{\"@type\":\"WebSite\",\"@id\":\"https:\/\/softplaysupply.com\/#website\",\"url\":\"https:\/\/softplaysupply.com\/\",\"name\":\"Soft Play Supplier\",\"description\":\"Soft Play Supplier\",\"publisher\":{\"@id\":\"https:\/\/softplaysupply.com\/#organization\"},\"potentialAction\":[{\"@type\":\"SearchAction\",\"target\":{\"@type\":\"EntryPoint\",\"urlTemplate\":\"https:\/\/softplaysupply.com\/?s={search_term_string}\"},\"query-input\":{\"@type\":\"PropertyValueSpecification\",\"valueRequired\":true,\"valueName\":\"search_term_string\"}}],\"inLanguage\":\"es\"},{\"@type\":\"Organization\",\"@id\":\"https:\/\/softplaysupply.com\/#organization\",\"name\":\"Nanpak\",\"url\":\"https:\/\/softplaysupply.com\/\",\"logo\":{\"@type\":\"ImageObject\",\"inLanguage\":\"es\",\"@id\":\"https:\/\/softplaysupply.com\/#\/schema\/logo\/image\/\",\"url\":\"https:\/\/softplaysupply.com\/wp-content\/uploads\/2025\/12\/cropped-mobile-logo.png\",\"contentUrl\":\"https:\/\/softplaysupply.com\/wp-content\/uploads\/2025\/12\/cropped-mobile-logo.png\",\"width\":263,\"height\":84,\"caption\":\"Nanpak\"},\"image\":{\"@id\":\"https:\/\/softplaysupply.com\/#\/schema\/logo\/image\/\"}}]}<\/script>\n<!-- \/ Yoast SEO plugin. -->","yoast_head_json":{"title":"Equipo para estructura de juego infantil con tem\u00e1tica de barco pirata para interiores","robots":{"index":"index","follow":"follow","max-snippet":"max-snippet:-1","max-image-preview":"max-image-preview:large","max-video-preview":"max-video-preview:-1"},"canonical":"https:\/\/softplaysupply.com\/es\/producto\/pirate-ship-themed-playground\/","og_locale":"es_ES","og_type":"article","og_title":"Kids Indoor Pirate Ship Themed Playground Boat Play Structure Equipment","og_description":"Kids Indoor Pirate Ship Themed Playground Boat Play Structure Equipment, specially designed to create an immersive pirate themed playground experience for children. Inspired by classic pirate stories and ocean exploration, this indoor play structure transforms any space into an exciting adventure zone where kids can climb, crawl, slide, and role-play as brave sailors. Designed as...","og_url":"https:\/\/softplaysupply.com\/es\/producto\/pirate-ship-themed-playground\/","og_site_name":"Nanpak","og_image":[{"width":800,"height":800,"url":"https:\/\/softplaysupply.com\/wp-content\/uploads\/2026\/02\/pirate-ship-indoor-playground.jpg","type":"image\/jpeg"}],"twitter_card":"summary_large_image","twitter_misc":{"Tiempo de lectura":"3 minutos"},"schema":{"@context":"https:\/\/schema.org","@graph":[{"@type":"WebPage","@id":"https:\/\/softplaysupply.com\/product\/pirate-ship-themed-playground\/","url":"https:\/\/softplaysupply.com\/product\/pirate-ship-themed-playground\/","name":"Equipo para estructura de juego infantil con tem\u00e1tica de barco pirata para interiores","isPartOf":{"@id":"https:\/\/softplaysupply.com\/#website"},"primaryImageOfPage":{"@id":"https:\/\/softplaysupply.com\/product\/pirate-ship-themed-playground\/#primaryimage"},"image":{"@id":"https:\/\/softplaysupply.com\/product\/pirate-ship-themed-playground\/#primaryimage"},"thumbnailUrl":"https:\/\/softplaysupply.com\/wp-content\/uploads\/2026\/02\/pirate-ship-indoor-playground.jpg","datePublished":"2026-02-05T04:13:49+00:00","breadcrumb":{"@id":"https:\/\/softplaysupply.com\/product\/pirate-ship-themed-playground\/#breadcrumb"},"inLanguage":"es","potentialAction":[{"@type":"ReadAction","target":["https:\/\/softplaysupply.com\/product\/pirate-ship-themed-playground\/"]}]},{"@type":"ImageObject","inLanguage":"es","@id":"https:\/\/softplaysupply.com\/product\/pirate-ship-themed-playground\/#primaryimage","url":"https:\/\/softplaysupply.com\/wp-content\/uploads\/2026\/02\/pirate-ship-indoor-playground.jpg","contentUrl":"https:\/\/softplaysupply.com\/wp-content\/uploads\/2026\/02\/pirate-ship-indoor-playground.jpg","width":800,"height":800,"caption":"pirate ship indoor playground"},{"@type":"BreadcrumbList","@id":"https:\/\/softplaysupply.com\/product\/pirate-ship-themed-playground\/#breadcrumb","itemListElement":[{"@type":"ListItem","position":1,"name":"Home","item":"https:\/\/softplaysupply.com\/"},{"@type":"ListItem","position":2,"name":"Indoor Playground Equipment","item":"https:\/\/softplaysupply.com\/pcategory\/indoor-playground-equipment\/"},{"@type":"ListItem","position":3,"name":"Kids Indoor Pirate Ship Themed Playground Boat Play Structure Equipment"}]},{"@type":"WebSite","@id":"https:\/\/softplaysupply.com\/#website","url":"https:\/\/softplaysupply.com\/","name":"Proveedor de juegos blandos","description":"Proveedor de juegos blandos","publisher":{"@id":"https:\/\/softplaysupply.com\/#organization"},"potentialAction":[{"@type":"SearchAction","target":{"@type":"EntryPoint","urlTemplate":"https:\/\/softplaysupply.com\/?s={search_term_string}"},"query-input":{"@type":"PropertyValueSpecification","valueRequired":true,"valueName":"search_term_string"}}],"inLanguage":"es"},{"@type":"Organization","@id":"https:\/\/softplaysupply.com\/#organization","name":"Nanpak","url":"https:\/\/softplaysupply.com\/","logo":{"@type":"ImageObject","inLanguage":"es","@id":"https:\/\/softplaysupply.com\/#\/schema\/logo\/image\/","url":"https:\/\/softplaysupply.com\/wp-content\/uploads\/2025\/12\/cropped-mobile-logo.png","contentUrl":"https:\/\/softplaysupply.com\/wp-content\/uploads\/2025\/12\/cropped-mobile-logo.png","width":263,"height":84,"caption":"Nanpak"},"image":{"@id":"https:\/\/softplaysupply.com\/#\/schema\/logo\/image\/"}}]}},"taxonomy_info":{"pcategory":[{"value":5,"label":"Indoor Playground Equipment"},{"value":34,"label":"Themed Playground"}]},"featured_image_src_large":["https:\/\/softplaysupply.com\/wp-content\/uploads\/2026\/02\/pirate-ship-indoor-playground.jpg",800,800,false],"author_info":[],"comment_info":"","_links":{"self":[{"href":"https:\/\/softplaysupply.com\/es\/wp-json\/wp\/v2\/product\/3576","targetHints":{"allow":["GET"]}}],"collection":[{"href":"https:\/\/softplaysupply.com\/es\/wp-json\/wp\/v2\/product"}],"about":[{"href":"https:\/\/softplaysupply.com\/es\/wp-json\/wp\/v2\/types\/product"}],"wp:featuredmedia":[{"embeddable":true,"href":"https:\/\/softplaysupply.com\/es\/wp-json\/wp\/v2\/media\/3584"}],"wp:attachment":[{"href":"https:\/\/softplaysupply.com\/es\/wp-json\/wp\/v2\/media?parent=3576"}],"wp:term":[{"taxonomy":"pcategory","embeddable":true,"href":"https:\/\/softplaysupply.com\/es\/wp-json\/wp\/v2\/pcategory?post=3576"},{"taxonomy":"ptag","embeddable":true,"href":"https:\/\/softplaysupply.com\/es\/wp-json\/wp\/v2\/ptag?post=3576"}],"curies":[{"name":"wp","href":"https:\/\/api.w.org\/{rel}","templated":true}]}}