{"id":3551,"date":"2026-01-31T06:12:11","date_gmt":"2026-01-31T06:12:11","guid":{"rendered":"https:\/\/softplaysupply.com\/?post_type=product&#038;p=3551"},"modified":"2025-12-25T07:27:26","modified_gmt":"2025-12-25T07:27:26","slug":"custom-dinosaur-themed-indoor-playground","status":"publish","type":"product","link":"https:\/\/softplaysupply.com\/es\/producto\/custom-dinosaur-themed-indoor-playground\/","title":{"rendered":"Equipo de gimnasio para parque infantil interior con tem\u00e1tica de dinosaurios personalizado para zonas de juego comerciales"},"content":{"rendered":"<p style=\"font-size: 19px; color: #34495e; margin: 0 0 50px; font-weight: 500; text-align: left;\">Da vida a la aventura prehist\u00f3rica con nuestro dinosaurio. <a href=\"https:\/\/softplaysupply.com\/es\/pcategoria\/indoor-playground-equipment\/themed-playground\/\" data-internallinksmanager029f6b8e52c=\"7\" title=\"parque infantil tem\u00e1tico\" target=\"_blank\" rel=\"noopener\">parque infantil tem\u00e1tico<\/a> Una experiencia de juego interior vibrante y envolvente, dise\u00f1ada para emocionar y atraer a ni\u00f1os de todas las edades. Este parque infantil transforma cualquier zona de juego comercial en un mundo prehist\u00f3rico donde los ni\u00f1os pueden trepar, deslizarse, gatear y explorar entre estructuras realistas con tem\u00e1tica de dinosaurios. Con toboganes de varios niveles, piscinas de bolas, t\u00faneles para trepar, puentes de cuerda y elementos interactivos, fomenta la actividad f\u00edsica, el juego imaginativo y la interacci\u00f3n social. Perfecto para centros comerciales, centros de entretenimiento familiar y parques de atracciones cubiertos, este parque infantil es totalmente personalizable para adaptarse a sus requisitos de espacio y tem\u00e1tica. Cada detalle est\u00e1 dise\u00f1ado teniendo en cuenta la seguridad, la durabilidad y la diversi\u00f3n, lo que lo convierte en el parque infantil definitivo con tem\u00e1tica de dinosaurios para ni\u00f1os de 3 a 15 a\u00f1os.<\/p>\n<p><img loading=\"lazy\" decoding=\"async\" class=\"alignnone size-full wp-image-3553\" src=\"https:\/\/softplaysupply.com\/wp-content\/uploads\/2026\/01\/dinosaur-themed-playground-2-1.jpg\" alt=\"\" width=\"800\" height=\"502\" srcset=\"https:\/\/softplaysupply.com\/wp-content\/uploads\/2026\/01\/dinosaur-themed-playground-2-1.jpg 800w, https:\/\/softplaysupply.com\/wp-content\/uploads\/2026\/01\/dinosaur-themed-playground-2-1-300x188.jpg 300w, https:\/\/softplaysupply.com\/wp-content\/uploads\/2026\/01\/dinosaur-themed-playground-2-1-768x482.jpg 768w, https:\/\/softplaysupply.com\/wp-content\/uploads\/2026\/01\/dinosaur-themed-playground-2-1-18x12.jpg 18w\" sizes=\"auto, (max-width: 800px) 100vw, 800px\" \/> <img loading=\"lazy\" decoding=\"async\" class=\"alignnone size-full wp-image-3554\" src=\"https:\/\/softplaysupply.com\/wp-content\/uploads\/2026\/01\/dinosaur-themed-playground-3.jpg\" alt=\"\" width=\"749\" height=\"749\" srcset=\"https:\/\/softplaysupply.com\/wp-content\/uploads\/2026\/01\/dinosaur-themed-playground-3.jpg 749w, https:\/\/softplaysupply.com\/wp-content\/uploads\/2026\/01\/dinosaur-themed-playground-3-300x300.jpg 300w, https:\/\/softplaysupply.com\/wp-content\/uploads\/2026\/01\/dinosaur-themed-playground-3-150x150.jpg 150w, https:\/\/softplaysupply.com\/wp-content\/uploads\/2026\/01\/dinosaur-themed-playground-3-12x12.jpg 12w\" sizes=\"auto, (max-width: 749px) 100vw, 749px\" \/> <img loading=\"lazy\" decoding=\"async\" class=\"alignnone size-full wp-image-3558\" src=\"https:\/\/softplaysupply.com\/wp-content\/uploads\/2026\/01\/dinosaur-themed-playground-7.jpg\" alt=\"\" width=\"800\" height=\"707\" srcset=\"https:\/\/softplaysupply.com\/wp-content\/uploads\/2026\/01\/dinosaur-themed-playground-7.jpg 800w, https:\/\/softplaysupply.com\/wp-content\/uploads\/2026\/01\/dinosaur-themed-playground-7-300x265.jpg 300w, https:\/\/softplaysupply.com\/wp-content\/uploads\/2026\/01\/dinosaur-themed-playground-7-768x679.jpg 768w, https:\/\/softplaysupply.com\/wp-content\/uploads\/2026\/01\/dinosaur-themed-playground-7-14x12.jpg 14w\" sizes=\"auto, (max-width: 800px) 100vw, 800px\" \/> <img loading=\"lazy\" decoding=\"async\" class=\"alignnone size-full wp-image-3559\" src=\"https:\/\/softplaysupply.com\/wp-content\/uploads\/2026\/01\/dinosaur-themed-playground-8.jpg\" alt=\"\" width=\"640\" height=\"640\" srcset=\"https:\/\/softplaysupply.com\/wp-content\/uploads\/2026\/01\/dinosaur-themed-playground-8.jpg 640w, https:\/\/softplaysupply.com\/wp-content\/uploads\/2026\/01\/dinosaur-themed-playground-8-300x300.jpg 300w, https:\/\/softplaysupply.com\/wp-content\/uploads\/2026\/01\/dinosaur-themed-playground-8-150x150.jpg 150w, https:\/\/softplaysupply.com\/wp-content\/uploads\/2026\/01\/dinosaur-themed-playground-8-12x12.jpg 12w\" sizes=\"auto, (max-width: 640px) 100vw, 640px\" \/> <img loading=\"lazy\" decoding=\"async\" class=\"alignnone size-full wp-image-3562\" src=\"https:\/\/softplaysupply.com\/wp-content\/uploads\/2026\/01\/dinosaur-themed-playground-11.jpg\" alt=\"parque infantil con tem\u00e1tica de dinosaurios\" width=\"749\" height=\"749\" srcset=\"https:\/\/softplaysupply.com\/wp-content\/uploads\/2026\/01\/dinosaur-themed-playground-11.jpg 749w, https:\/\/softplaysupply.com\/wp-content\/uploads\/2026\/01\/dinosaur-themed-playground-11-300x300.jpg 300w, https:\/\/softplaysupply.com\/wp-content\/uploads\/2026\/01\/dinosaur-themed-playground-11-150x150.jpg 150w, https:\/\/softplaysupply.com\/wp-content\/uploads\/2026\/01\/dinosaur-themed-playground-11-12x12.jpg 12w\" sizes=\"auto, (max-width: 749px) 100vw, 749px\" \/> <img loading=\"lazy\" decoding=\"async\" class=\"alignnone size-full wp-image-3563\" src=\"https:\/\/softplaysupply.com\/wp-content\/uploads\/2026\/01\/dinosaur-themed-playground-12.jpg\" alt=\"\" width=\"800\" height=\"700\" srcset=\"https:\/\/softplaysupply.com\/wp-content\/uploads\/2026\/01\/dinosaur-themed-playground-12.jpg 800w, https:\/\/softplaysupply.com\/wp-content\/uploads\/2026\/01\/dinosaur-themed-playground-12-300x263.jpg 300w, https:\/\/softplaysupply.com\/wp-content\/uploads\/2026\/01\/dinosaur-themed-playground-12-768x672.jpg 768w, https:\/\/softplaysupply.com\/wp-content\/uploads\/2026\/01\/dinosaur-themed-playground-12-14x12.jpg 14w\" sizes=\"auto, (max-width: 800px) 100vw, 800px\" \/> <img loading=\"lazy\" decoding=\"async\" class=\"alignnone size-full wp-image-3560\" src=\"https:\/\/softplaysupply.com\/wp-content\/uploads\/2026\/01\/dinosaur-themed-playground-9.jpg\" alt=\"\" width=\"790\" height=\"1063\" srcset=\"https:\/\/softplaysupply.com\/wp-content\/uploads\/2026\/01\/dinosaur-themed-playground-9.jpg 790w, https:\/\/softplaysupply.com\/wp-content\/uploads\/2026\/01\/dinosaur-themed-playground-9-223x300.jpg 223w, https:\/\/softplaysupply.com\/wp-content\/uploads\/2026\/01\/dinosaur-themed-playground-9-761x1024.jpg 761w, https:\/\/softplaysupply.com\/wp-content\/uploads\/2026\/01\/dinosaur-themed-playground-9-768x1033.jpg 768w, https:\/\/softplaysupply.com\/wp-content\/uploads\/2026\/01\/dinosaur-themed-playground-9-9x12.jpg 9w\" sizes=\"auto, (max-width: 790px) 100vw, 790px\" \/> <img loading=\"lazy\" decoding=\"async\" class=\"alignnone size-full wp-image-3561\" src=\"https:\/\/softplaysupply.com\/wp-content\/uploads\/2026\/01\/dinosaur-themed-playground-10.jpg\" alt=\"\" width=\"638\" height=\"768\" srcset=\"https:\/\/softplaysupply.com\/wp-content\/uploads\/2026\/01\/dinosaur-themed-playground-10.jpg 638w, https:\/\/softplaysupply.com\/wp-content\/uploads\/2026\/01\/dinosaur-themed-playground-10-249x300.jpg 249w, https:\/\/softplaysupply.com\/wp-content\/uploads\/2026\/01\/dinosaur-themed-playground-10-10x12.jpg 10w\" sizes=\"auto, (max-width: 638px) 100vw, 638px\" \/><\/p>\n<p style=\"font-size: 28px; font-weight: bold; color: #2e7d32; margin: 70px 0 25px; text-align: left;\">Par\u00e1metros del producto<\/p>\n<div style=\"margin: 0 0 60px;\">\n<p style=\"font-size: 19px; font-weight: bold; color: #1a5c38; margin: 0 0 12px; text-align: left;\">Producto<\/p>\n<p style=\"font-size: 17px; color: #424242; margin: 0 0 25px; padding-left: 20px; text-align: left;\">Parque infantil cubierto<\/p>\n<p style=\"font-size: 19px; font-weight: bold; color: #1a5c38; margin: 0 0 12px; text-align: left;\">Talla\/Color<\/p>\n<p style=\"font-size: 17px; color: #424242; margin: 0 0 25px; padding-left: 20px; text-align: left;\">Personalizado<\/p>\n<p style=\"font-size: 19px; font-weight: bold; color: #1a5c38; margin: 0 0 12px; text-align: left;\">Certificados<\/p>\n<p style=\"font-size: 17px; color: #424242; margin: 0 0 25px; padding-left: 20px; text-align: left;\">CE, ISO9001, ISO8124, EN1176, STU, etc.<\/p>\n<p style=\"font-size: 19px; font-weight: bold; color: #1a5c38; margin: 0 0 12px; text-align: left;\">Rango de edad<\/p>\n<p style=\"font-size: 17px; color: #424242; margin: 0 0 25px; padding-left: 20px; text-align: left;\">De 3 a 15 a\u00f1os<\/p>\n<p style=\"font-size: 19px; font-weight: bold; color: #1a5c38; margin: 0 0 12px; text-align: left;\">Material principal<\/p>\n<p style=\"font-size: 17px; color: #424242; margin: 0 0 25px; padding-left: 20px; text-align: left;\">Tubo de acero galvanizado + madera contrachapada de alta densidad o pl\u00e1stico + relleno de EPE de alta densidad + revestimiento de PU de calidad + herrajes de acero inoxidable<\/p>\n<p style=\"font-size: 19px; font-weight: bold; color: #1a5c38; margin: 0 0 12px; text-align: left;\">Temas disponibles<\/p>\n<p style=\"font-size: 17px; color: #424242; margin: 0 0 25px; padding-left: 20px; text-align: left;\">Espacio, Caramelos, Oc\u00e9ano, Macaron, Bosque, Nieve rom\u00e1ntica, Brit\u00e1nico, Serie Trampol\u00edn, Dinosaurio, etc.<\/p>\n<p style=\"font-size: 19px; font-weight: bold; color: #1a5c38; margin: 0 0 12px; text-align: left;\">Instalaci\u00f3n<\/p>\n<p style=\"font-size: 17px; color: #424242; margin: 0 0 25px; padding-left: 20px; text-align: left;\">Formaci\u00f3n profesional en CAD, procedimientos de montaje y casos pr\u00e1cticos.<\/p>\n<p style=\"font-size: 19px; font-weight: bold; color: #1a5c38; margin: 0 0 12px; text-align: left;\">Embalaje<\/p>\n<p style=\"font-size: 17px; color: #424242; margin: 0 0 25px; padding-left: 20px; text-align: left;\">Embalaje est\u00e1ndar para exportaci\u00f3n<\/p>\n<p style=\"font-size: 19px; font-weight: bold; color: #1a5c38; margin: 0 0 12px; text-align: left;\">Ventajas<\/p>\n<p style=\"font-size: 17px; color: #424242; margin: 0 0 25px; padding-left: 20px; text-align: left;\">Antifisuraci\u00f3n, antidescoloramiento, no t\u00f3xico, resistencia a los rayos UV.<\/p>\n<p style=\"font-size: 19px; font-weight: bold; color: #1a5c38; margin: 0 0 12px; text-align: left;\">Zonas o atracciones<\/p>\n<p style=\"font-size: 17px; color: #424242; margin: 0 0 25px; padding-left: 20px; text-align: left;\">Piscina de arena, piscina de bolas, bloques de construcci\u00f3n de espuma EPP, puente de cadena de hierro, bicicleta el\u00e9ctrica, cubo giratorio, pelota de yoga, tiovivo, columpio de bolas, \u00e1rbol de coco giratorio de juego blando, puente de cuerda, columpio de boxeo, lanzador de bolas, t\u00fanel espacial, t\u00fanel para gatear, ring de boxeo inflable, saltador.<\/p>\n<p style=\"font-size: 19px; font-weight: bold; color: #1a5c38; margin: 0 0 12px; text-align: left;\">Tiempo de env\u00edo<\/p>\n<p style=\"font-size: 17px; color: #424242; margin: 0 0 25px; padding-left: 20px; text-align: left;\">30 d\u00edas<\/p>\n<\/div>\n<p style=\"font-size: 28px; font-weight: bold; color: #2e7d32; margin: 70px 0 25px; text-align: left;\">\u00bfPor qu\u00e9 elegirnos?<\/p>\n<div style=\"margin: 0 0 60px;\">\n<p style=\"font-size: 20px; font-weight: bold; color: #1a5c38; margin: 0 0 15px; text-align: left;\">\u2022 F\u00e1brica de origen y alto rendimiento en cuanto a costes<\/p>\n<p style=\"font-size: 17px; color: #424242; margin: 0 0 30px; text-align: left;\">Smart Sports es el proveedor directo de f\u00e1brica, que ofrece un suministro suficiente y los precios m\u00e1s competitivos para una compra sin preocupaciones.<\/p>\n<p style=\"font-size: 20px; font-weight: bold; color: #1a5c38; margin: 0 0 15px; text-align: left;\">\u2022 Liderazgo en innovaci\u00f3n<\/p>\n<p style=\"font-size: 17px; color: #424242; margin: 0 0 30px; text-align: left;\">La investigaci\u00f3n y el desarrollo continuos garantizan avances tecnol\u00f3gicos y mejoras en todos los departamentos, lo que mejora la calidad y la eficiencia de los productos.<\/p>\n<p style=\"font-size: 20px; font-weight: bold; color: #1a5c38; margin: 0 0 15px; text-align: left;\">\u2022 Excelencia y productos de calidad<\/p>\n<p style=\"font-size: 17px; color: #424242; margin: 0 0 30px; text-align: left;\">La estricta inspecci\u00f3n de los productos garantiza una larga vida \u00fatil y una baja tasa de devoluciones, lo que se traduce en parques infantiles de m\u00e1xima fiabilidad.<\/p>\n<p style=\"font-size: 20px; font-weight: bold; color: #1a5c38; margin: 0 0 15px; text-align: left;\">\u2022 Servicio integral y asistencia posventa<\/p>\n<p style=\"font-size: 17px; color: #424242; margin: 0 0 30px; text-align: left;\">Ofrecemos servicios completos de adquisici\u00f3n, desde el dise\u00f1o y la producci\u00f3n hasta la instalaci\u00f3n y la asistencia posventa, lo que garantiza la tranquilidad de los clientes comerciales.<\/p>\n<\/div>\n<div style=\"margin: 80px 0 40px; padding: 50px 35px; background: linear-gradient(135deg, #e8f5e9, #f0fff0); border-radius: 30px; text-align: left;\">\n<p style=\"font-size: 26px; font-weight: bold; color: #1a5c38; margin: 0 0 25px;\">\u00bfListo para llevar el mundo prehist\u00f3rico a tu local?<\/p>\n<p style=\"font-size: 20px; font-weight: 600; color: #2e7d32; margin: 0;\">\u00a1P\u00f3ngase en contacto con nosotros hoy mismo para obtener su parque infantil totalmente personalizado con tem\u00e1tica de dinosaurios!<\/p>\n<p><iframe loading=\"lazy\" title=\"Parque infantil cubierto Dinosaur Adventure con toboganes y piscina de bolas para ni\u00f1os #dinosaurthemedplayground\" width=\"563\" height=\"1000\" src=\"https:\/\/www.youtube.com\/embed\/Qbyyu4XOd5k?feature=oembed\" frameborder=\"0\" allow=\"accelerometer; autoplay; clipboard-write; encrypted-media; gyroscope; picture-in-picture; web-share\" referrerpolicy=\"strict-origin-when-cross-origin\" allowfullscreen><\/iframe><\/p>\n<\/div>","protected":false},"excerpt":{"rendered":"<p>Da vida a la aventura prehist\u00f3rica con nuestro parque infantil tem\u00e1tico de dinosaurios, una experiencia de juego interior vibrante y envolvente dise\u00f1ada para emocionar y atraer a ni\u00f1os de todas las edades. Este parque infantil transforma cualquier zona de juego comercial en un mundo prehist\u00f3rico donde los ni\u00f1os pueden trepar, deslizarse, gatear y explorar entre estructuras tem\u00e1ticas de dinosaurios realistas. Cuenta con toboganes de varios niveles, piscinas de bolas, trepadores...<\/p>","protected":false},"featured_media":3562,"parent":0,"template":"","meta":{"_acf_changed":false,"_kad_blocks_custom_css":"","_kad_blocks_head_custom_js":"","_kad_blocks_body_custom_js":"","_kad_blocks_footer_custom_js":"","_kadence_starter_templates_imported_post":false,"_kad_post_transparent":"default","_kad_post_title":"","_kad_post_layout":"default","_kad_post_sidebar_id":"","_kad_post_content_style":"default","_kad_post_vertical_padding":"default","_kad_post_feature":"","_kad_post_feature_position":"","_kad_post_header":false,"_kad_post_footer":false},"pcategory":[5,34],"ptag":[],"class_list":["post-3551","product","type-product","status-publish","has-post-thumbnail","hentry","pcategory-indoor-playground-equipment","pcategory-themed-playground"],"acf":[],"yoast_head":"<!-- This site is optimized with the Yoast SEO plugin v26.8 - https:\/\/yoast.com\/product\/yoast-seo-wordpress\/ -->\n<title>Custom Dinosaur Themed Indoor Playground Gym Equipment for Commercial Play Zones<\/title>\n<meta name=\"robots\" content=\"index, follow, max-snippet:-1, max-image-preview:large, max-video-preview:-1\" \/>\n<link rel=\"canonical\" href=\"https:\/\/softplaysupply.com\/es\/producto\/custom-dinosaur-themed-indoor-playground\/\" \/>\n<meta property=\"og:locale\" content=\"es_ES\" \/>\n<meta property=\"og:type\" content=\"article\" \/>\n<meta property=\"og:title\" content=\"Custom Dinosaur Themed Indoor Playground Gym Equipment for Commercial Play Zones\" \/>\n<meta property=\"og:description\" content=\"Bring prehistoric adventure to life with our dinosaur themed playground a vibrant and immersive indoor play experience designed to thrill and engage children of all ages. This playground transforms any commercial play zone into a prehistoric world where kids can climb, slide, crawl, and explore among life-like dinosaur-themed structures. Featuring multi-level slides, ball pits, climbing...\" \/>\n<meta property=\"og:url\" content=\"https:\/\/softplaysupply.com\/es\/producto\/custom-dinosaur-themed-indoor-playground\/\" \/>\n<meta property=\"og:site_name\" content=\"Nanpak\" \/>\n<meta property=\"og:image\" content=\"https:\/\/softplaysupply.com\/wp-content\/uploads\/2026\/01\/dinosaur-themed-playground-11.jpg\" \/>\n\t<meta property=\"og:image:width\" content=\"749\" \/>\n\t<meta property=\"og:image:height\" content=\"749\" \/>\n\t<meta property=\"og:image:type\" content=\"image\/jpeg\" \/>\n<meta name=\"twitter:card\" content=\"summary_large_image\" \/>\n<meta name=\"twitter:label1\" content=\"Tiempo de lectura\" \/>\n\t<meta name=\"twitter:data1\" content=\"4 minutos\" \/>\n<script type=\"application\/ld+json\" class=\"yoast-schema-graph\">{\"@context\":\"https:\/\/schema.org\",\"@graph\":[{\"@type\":\"WebPage\",\"@id\":\"https:\/\/softplaysupply.com\/product\/custom-dinosaur-themed-indoor-playground\/\",\"url\":\"https:\/\/softplaysupply.com\/product\/custom-dinosaur-themed-indoor-playground\/\",\"name\":\"Custom Dinosaur Themed Indoor Playground Gym Equipment for Commercial Play Zones\",\"isPartOf\":{\"@id\":\"https:\/\/softplaysupply.com\/#website\"},\"primaryImageOfPage\":{\"@id\":\"https:\/\/softplaysupply.com\/product\/custom-dinosaur-themed-indoor-playground\/#primaryimage\"},\"image\":{\"@id\":\"https:\/\/softplaysupply.com\/product\/custom-dinosaur-themed-indoor-playground\/#primaryimage\"},\"thumbnailUrl\":\"https:\/\/softplaysupply.com\/wp-content\/uploads\/2026\/01\/dinosaur-themed-playground-11.jpg\",\"datePublished\":\"2026-01-31T06:12:11+00:00\",\"breadcrumb\":{\"@id\":\"https:\/\/softplaysupply.com\/product\/custom-dinosaur-themed-indoor-playground\/#breadcrumb\"},\"inLanguage\":\"es\",\"potentialAction\":[{\"@type\":\"ReadAction\",\"target\":[\"https:\/\/softplaysupply.com\/product\/custom-dinosaur-themed-indoor-playground\/\"]}]},{\"@type\":\"ImageObject\",\"inLanguage\":\"es\",\"@id\":\"https:\/\/softplaysupply.com\/product\/custom-dinosaur-themed-indoor-playground\/#primaryimage\",\"url\":\"https:\/\/softplaysupply.com\/wp-content\/uploads\/2026\/01\/dinosaur-themed-playground-11.jpg\",\"contentUrl\":\"https:\/\/softplaysupply.com\/wp-content\/uploads\/2026\/01\/dinosaur-themed-playground-11.jpg\",\"width\":749,\"height\":749,\"caption\":\"dinosaur themed playground\"},{\"@type\":\"BreadcrumbList\",\"@id\":\"https:\/\/softplaysupply.com\/product\/custom-dinosaur-themed-indoor-playground\/#breadcrumb\",\"itemListElement\":[{\"@type\":\"ListItem\",\"position\":1,\"name\":\"Home\",\"item\":\"https:\/\/softplaysupply.com\/\"},{\"@type\":\"ListItem\",\"position\":2,\"name\":\"Indoor Playground Equipment\",\"item\":\"https:\/\/softplaysupply.com\/pcategory\/indoor-playground-equipment\/\"},{\"@type\":\"ListItem\",\"position\":3,\"name\":\"Custom Dinosaur Themed Indoor Playground Gym Equipment for Commercial Play Zones\"}]},{\"@type\":\"WebSite\",\"@id\":\"https:\/\/softplaysupply.com\/#website\",\"url\":\"https:\/\/softplaysupply.com\/\",\"name\":\"Soft Play Supplier\",\"description\":\"Soft Play Supplier\",\"publisher\":{\"@id\":\"https:\/\/softplaysupply.com\/#organization\"},\"potentialAction\":[{\"@type\":\"SearchAction\",\"target\":{\"@type\":\"EntryPoint\",\"urlTemplate\":\"https:\/\/softplaysupply.com\/?s={search_term_string}\"},\"query-input\":{\"@type\":\"PropertyValueSpecification\",\"valueRequired\":true,\"valueName\":\"search_term_string\"}}],\"inLanguage\":\"es\"},{\"@type\":\"Organization\",\"@id\":\"https:\/\/softplaysupply.com\/#organization\",\"name\":\"Nanpak\",\"url\":\"https:\/\/softplaysupply.com\/\",\"logo\":{\"@type\":\"ImageObject\",\"inLanguage\":\"es\",\"@id\":\"https:\/\/softplaysupply.com\/#\/schema\/logo\/image\/\",\"url\":\"https:\/\/softplaysupply.com\/wp-content\/uploads\/2025\/12\/cropped-mobile-logo.png\",\"contentUrl\":\"https:\/\/softplaysupply.com\/wp-content\/uploads\/2025\/12\/cropped-mobile-logo.png\",\"width\":263,\"height\":84,\"caption\":\"Nanpak\"},\"image\":{\"@id\":\"https:\/\/softplaysupply.com\/#\/schema\/logo\/image\/\"}}]}<\/script>\n<!-- \/ Yoast SEO plugin. -->","yoast_head_json":{"title":"Equipo de gimnasio para parque infantil interior con tem\u00e1tica de dinosaurios personalizado para zonas de juego comerciales","robots":{"index":"index","follow":"follow","max-snippet":"max-snippet:-1","max-image-preview":"max-image-preview:large","max-video-preview":"max-video-preview:-1"},"canonical":"https:\/\/softplaysupply.com\/es\/producto\/custom-dinosaur-themed-indoor-playground\/","og_locale":"es_ES","og_type":"article","og_title":"Custom Dinosaur Themed Indoor Playground Gym Equipment for Commercial Play Zones","og_description":"Bring prehistoric adventure to life with our dinosaur themed playground a vibrant and immersive indoor play experience designed to thrill and engage children of all ages. This playground transforms any commercial play zone into a prehistoric world where kids can climb, slide, crawl, and explore among life-like dinosaur-themed structures. Featuring multi-level slides, ball pits, climbing...","og_url":"https:\/\/softplaysupply.com\/es\/producto\/custom-dinosaur-themed-indoor-playground\/","og_site_name":"Nanpak","og_image":[{"width":749,"height":749,"url":"https:\/\/softplaysupply.com\/wp-content\/uploads\/2026\/01\/dinosaur-themed-playground-11.jpg","type":"image\/jpeg"}],"twitter_card":"summary_large_image","twitter_misc":{"Tiempo de lectura":"4 minutos"},"schema":{"@context":"https:\/\/schema.org","@graph":[{"@type":"WebPage","@id":"https:\/\/softplaysupply.com\/product\/custom-dinosaur-themed-indoor-playground\/","url":"https:\/\/softplaysupply.com\/product\/custom-dinosaur-themed-indoor-playground\/","name":"Equipo de gimnasio para parque infantil interior con tem\u00e1tica de dinosaurios personalizado para zonas de juego comerciales","isPartOf":{"@id":"https:\/\/softplaysupply.com\/#website"},"primaryImageOfPage":{"@id":"https:\/\/softplaysupply.com\/product\/custom-dinosaur-themed-indoor-playground\/#primaryimage"},"image":{"@id":"https:\/\/softplaysupply.com\/product\/custom-dinosaur-themed-indoor-playground\/#primaryimage"},"thumbnailUrl":"https:\/\/softplaysupply.com\/wp-content\/uploads\/2026\/01\/dinosaur-themed-playground-11.jpg","datePublished":"2026-01-31T06:12:11+00:00","breadcrumb":{"@id":"https:\/\/softplaysupply.com\/product\/custom-dinosaur-themed-indoor-playground\/#breadcrumb"},"inLanguage":"es","potentialAction":[{"@type":"ReadAction","target":["https:\/\/softplaysupply.com\/product\/custom-dinosaur-themed-indoor-playground\/"]}]},{"@type":"ImageObject","inLanguage":"es","@id":"https:\/\/softplaysupply.com\/product\/custom-dinosaur-themed-indoor-playground\/#primaryimage","url":"https:\/\/softplaysupply.com\/wp-content\/uploads\/2026\/01\/dinosaur-themed-playground-11.jpg","contentUrl":"https:\/\/softplaysupply.com\/wp-content\/uploads\/2026\/01\/dinosaur-themed-playground-11.jpg","width":749,"height":749,"caption":"dinosaur themed playground"},{"@type":"BreadcrumbList","@id":"https:\/\/softplaysupply.com\/product\/custom-dinosaur-themed-indoor-playground\/#breadcrumb","itemListElement":[{"@type":"ListItem","position":1,"name":"Home","item":"https:\/\/softplaysupply.com\/"},{"@type":"ListItem","position":2,"name":"Indoor Playground Equipment","item":"https:\/\/softplaysupply.com\/pcategory\/indoor-playground-equipment\/"},{"@type":"ListItem","position":3,"name":"Custom Dinosaur Themed Indoor Playground Gym Equipment for Commercial Play Zones"}]},{"@type":"WebSite","@id":"https:\/\/softplaysupply.com\/#website","url":"https:\/\/softplaysupply.com\/","name":"Proveedor de juegos blandos","description":"Proveedor de juegos blandos","publisher":{"@id":"https:\/\/softplaysupply.com\/#organization"},"potentialAction":[{"@type":"SearchAction","target":{"@type":"EntryPoint","urlTemplate":"https:\/\/softplaysupply.com\/?s={search_term_string}"},"query-input":{"@type":"PropertyValueSpecification","valueRequired":true,"valueName":"search_term_string"}}],"inLanguage":"es"},{"@type":"Organization","@id":"https:\/\/softplaysupply.com\/#organization","name":"Nanpak","url":"https:\/\/softplaysupply.com\/","logo":{"@type":"ImageObject","inLanguage":"es","@id":"https:\/\/softplaysupply.com\/#\/schema\/logo\/image\/","url":"https:\/\/softplaysupply.com\/wp-content\/uploads\/2025\/12\/cropped-mobile-logo.png","contentUrl":"https:\/\/softplaysupply.com\/wp-content\/uploads\/2025\/12\/cropped-mobile-logo.png","width":263,"height":84,"caption":"Nanpak"},"image":{"@id":"https:\/\/softplaysupply.com\/#\/schema\/logo\/image\/"}}]}},"taxonomy_info":{"pcategory":[{"value":5,"label":"Indoor Playground Equipment"},{"value":34,"label":"Themed Playground"}]},"featured_image_src_large":["https:\/\/softplaysupply.com\/wp-content\/uploads\/2026\/01\/dinosaur-themed-playground-11.jpg",749,749,false],"author_info":[],"comment_info":"","_links":{"self":[{"href":"https:\/\/softplaysupply.com\/es\/wp-json\/wp\/v2\/product\/3551","targetHints":{"allow":["GET"]}}],"collection":[{"href":"https:\/\/softplaysupply.com\/es\/wp-json\/wp\/v2\/product"}],"about":[{"href":"https:\/\/softplaysupply.com\/es\/wp-json\/wp\/v2\/types\/product"}],"wp:featuredmedia":[{"embeddable":true,"href":"https:\/\/softplaysupply.com\/es\/wp-json\/wp\/v2\/media\/3562"}],"wp:attachment":[{"href":"https:\/\/softplaysupply.com\/es\/wp-json\/wp\/v2\/media?parent=3551"}],"wp:term":[{"taxonomy":"pcategory","embeddable":true,"href":"https:\/\/softplaysupply.com\/es\/wp-json\/wp\/v2\/pcategory?post=3551"},{"taxonomy":"ptag","embeddable":true,"href":"https:\/\/softplaysupply.com\/es\/wp-json\/wp\/v2\/ptag?post=3551"}],"curies":[{"name":"wp","href":"https:\/\/api.w.org\/{rel}","templated":true}]}}