{"id":3470,"date":"2026-01-13T03:54:57","date_gmt":"2026-01-13T03:54:57","guid":{"rendered":"https:\/\/softplaysupply.com\/?post_type=product&#038;p=3470"},"modified":"2025-12-22T04:47:59","modified_gmt":"2025-12-22T04:47:59","slug":"canon-de-mortero-lanzador-de-balas","status":"publish","type":"product","link":"https:\/\/softplaysupply.com\/es\/producto\/canon-de-mortero-lanzador-de-balas\/","title":{"rendered":"Equipo de m\u00e1quina lanzadora de balas de mortero giratoria para parque infantil interior con lanzador y lanzador de balas."},"content":{"rendered":"<p>La m\u00e1quina lanzadora de balas de mortero para parques infantiles cubiertos, con lanzador y disparador de balas, es una soluci\u00f3n de juego moderna e interactiva dise\u00f1ada para entornos de ocio cubiertos. Combina seguridad, durabilidad y emoci\u00f3n, lo que la hace ideal para centros comerciales, guarder\u00edas, centros de entretenimiento familiar y parques infantiles cubiertos. Esta m\u00e1quina lanzadora de balas de mortero est\u00e1 especialmente dise\u00f1ada para lanzar balas blandas de forma divertida y atractiva, al tiempo que garantiza un funcionamiento apto para ni\u00f1os.<\/p>\n<div style=\"width: 480px;\" class=\"wp-video\"><video class=\"wp-video-shortcode\" id=\"video-3470-1\" width=\"480\" height=\"480\" preload=\"metadata\" controls=\"controls\"><source type=\"video\/mp4\" src=\"https:\/\/softplaysupply.com\/wp-content\/uploads\/2026\/01\/Cannon-Ball-Blaster.mp4?_=1\" \/><a href=\"https:\/\/softplaysupply.com\/wp-content\/uploads\/2026\/01\/Cannon-Ball-Blaster.mp4\">https:\/\/softplaysupply.com\/wp-content\/uploads\/2026\/01\/Cannon-Ball-Blaster.mp4<\/a><\/video><\/div>\n<p><strong>\u00bfQu\u00e9 es un lanzador de balas de ca\u00f1\u00f3n de mortero?<\/strong><\/p>\n<p>Un lanzador de balas de mortero es un dispositivo recreativo para interiores que se utiliza para lanzar o disparar m\u00faltiples balas blandas mediante un flujo de aire controlado. La m\u00e1quina suele incluir un ca\u00f1\u00f3n giratorio, un sistema de carga de bolas y un mecanismo de soplado neum\u00e1tico. A diferencia de los lanzadores de un solo disparo, el lanzador de bolas de mortero crea un efecto de lanzamiento continuo, lanzando varias bolas a la vez para mejorar el impacto visual y la interacci\u00f3n. Este tipo de equipo se utiliza ampliamente en zonas de juego de pit ball y \u00e1reas sensoriales interactivas. Ofrece una alternativa segura a los juguetes de proyectiles tradicionales y fomenta el juego en grupo.<\/p>\n<p><img loading=\"lazy\" decoding=\"async\" class=\"alignnone size-full wp-image-3480\" src=\"https:\/\/softplaysupply.com\/wp-content\/uploads\/2026\/01\/Ocean-Ball-Spraying-for-Amusement-Parks-4.jpg\" alt=\"\" width=\"750\" height=\"1243\" srcset=\"https:\/\/softplaysupply.com\/wp-content\/uploads\/2026\/01\/Ocean-Ball-Spraying-for-Amusement-Parks-4.jpg 750w, https:\/\/softplaysupply.com\/wp-content\/uploads\/2026\/01\/Ocean-Ball-Spraying-for-Amusement-Parks-4-181x300.jpg 181w, https:\/\/softplaysupply.com\/wp-content\/uploads\/2026\/01\/Ocean-Ball-Spraying-for-Amusement-Parks-4-618x1024.jpg 618w, https:\/\/softplaysupply.com\/wp-content\/uploads\/2026\/01\/Ocean-Ball-Spraying-for-Amusement-Parks-4-7x12.jpg 7w\" sizes=\"auto, (max-width: 750px) 100vw, 750px\" \/> <img loading=\"lazy\" decoding=\"async\" class=\"alignnone size-full wp-image-3479\" src=\"https:\/\/softplaysupply.com\/wp-content\/uploads\/2026\/01\/Ocean-Ball-Spraying-for-Amusement-Parks-3.jpg\" alt=\"\" width=\"750\" height=\"1094\" srcset=\"https:\/\/softplaysupply.com\/wp-content\/uploads\/2026\/01\/Ocean-Ball-Spraying-for-Amusement-Parks-3.jpg 750w, https:\/\/softplaysupply.com\/wp-content\/uploads\/2026\/01\/Ocean-Ball-Spraying-for-Amusement-Parks-3-206x300.jpg 206w, https:\/\/softplaysupply.com\/wp-content\/uploads\/2026\/01\/Ocean-Ball-Spraying-for-Amusement-Parks-3-702x1024.jpg 702w, https:\/\/softplaysupply.com\/wp-content\/uploads\/2026\/01\/Ocean-Ball-Spraying-for-Amusement-Parks-3-8x12.jpg 8w\" sizes=\"auto, (max-width: 750px) 100vw, 750px\" \/> <img loading=\"lazy\" decoding=\"async\" class=\"alignnone size-full wp-image-3478\" src=\"https:\/\/softplaysupply.com\/wp-content\/uploads\/2026\/01\/Ocean-Ball-Spraying-for-Amusement-Parks-2.jpg\" alt=\"\" width=\"750\" height=\"1083\" srcset=\"https:\/\/softplaysupply.com\/wp-content\/uploads\/2026\/01\/Ocean-Ball-Spraying-for-Amusement-Parks-2.jpg 750w, https:\/\/softplaysupply.com\/wp-content\/uploads\/2026\/01\/Ocean-Ball-Spraying-for-Amusement-Parks-2-208x300.jpg 208w, https:\/\/softplaysupply.com\/wp-content\/uploads\/2026\/01\/Ocean-Ball-Spraying-for-Amusement-Parks-2-709x1024.jpg 709w, https:\/\/softplaysupply.com\/wp-content\/uploads\/2026\/01\/Ocean-Ball-Spraying-for-Amusement-Parks-2-8x12.jpg 8w\" sizes=\"auto, (max-width: 750px) 100vw, 750px\" \/> <img loading=\"lazy\" decoding=\"async\" class=\"alignnone size-full wp-image-3477\" src=\"https:\/\/softplaysupply.com\/wp-content\/uploads\/2026\/01\/Ocean-Ball-Spraying-for-Amusement-Parks-1.jpg\" alt=\"\" width=\"750\" height=\"1030\" srcset=\"https:\/\/softplaysupply.com\/wp-content\/uploads\/2026\/01\/Ocean-Ball-Spraying-for-Amusement-Parks-1.jpg 750w, https:\/\/softplaysupply.com\/wp-content\/uploads\/2026\/01\/Ocean-Ball-Spraying-for-Amusement-Parks-1-218x300.jpg 218w, https:\/\/softplaysupply.com\/wp-content\/uploads\/2026\/01\/Ocean-Ball-Spraying-for-Amusement-Parks-1-746x1024.jpg 746w, https:\/\/softplaysupply.com\/wp-content\/uploads\/2026\/01\/Ocean-Ball-Spraying-for-Amusement-Parks-1-9x12.jpg 9w\" sizes=\"auto, (max-width: 750px) 100vw, 750px\" \/> \u00a0<img loading=\"lazy\" decoding=\"async\" class=\"alignnone size-full wp-image-3473\" src=\"https:\/\/softplaysupply.com\/wp-content\/uploads\/2026\/01\/Cannon-Ball-Blaster-Machine-2.jpg\" alt=\"\" width=\"800\" height=\"800\" srcset=\"https:\/\/softplaysupply.com\/wp-content\/uploads\/2026\/01\/Cannon-Ball-Blaster-Machine-2.jpg 800w, https:\/\/softplaysupply.com\/wp-content\/uploads\/2026\/01\/Cannon-Ball-Blaster-Machine-2-300x300.jpg 300w, https:\/\/softplaysupply.com\/wp-content\/uploads\/2026\/01\/Cannon-Ball-Blaster-Machine-2-150x150.jpg 150w, https:\/\/softplaysupply.com\/wp-content\/uploads\/2026\/01\/Cannon-Ball-Blaster-Machine-2-768x768.jpg 768w, https:\/\/softplaysupply.com\/wp-content\/uploads\/2026\/01\/Cannon-Ball-Blaster-Machine-2-12x12.jpg 12w\" sizes=\"auto, (max-width: 800px) 100vw, 800px\" \/>\u00a0<img loading=\"lazy\" decoding=\"async\" class=\"alignnone size-full wp-image-3475\" src=\"https:\/\/softplaysupply.com\/wp-content\/uploads\/2026\/01\/Cannon-Ball-Blaster-Machine-4.jpg\" alt=\"M\u00e1quina lanzadora de balas de ca\u00f1\u00f3n\" width=\"800\" height=\"800\" srcset=\"https:\/\/softplaysupply.com\/wp-content\/uploads\/2026\/01\/Cannon-Ball-Blaster-Machine-4.jpg 800w, https:\/\/softplaysupply.com\/wp-content\/uploads\/2026\/01\/Cannon-Ball-Blaster-Machine-4-300x300.jpg 300w, https:\/\/softplaysupply.com\/wp-content\/uploads\/2026\/01\/Cannon-Ball-Blaster-Machine-4-150x150.jpg 150w, https:\/\/softplaysupply.com\/wp-content\/uploads\/2026\/01\/Cannon-Ball-Blaster-Machine-4-768x768.jpg 768w, https:\/\/softplaysupply.com\/wp-content\/uploads\/2026\/01\/Cannon-Ball-Blaster-Machine-4-12x12.jpg 12w\" sizes=\"auto, (max-width: 800px) 100vw, 800px\" \/><\/p>\n<p><strong>Experiencia de juego interior mejorada<\/strong><\/p>\n<p>La m\u00e1quina lanzadora de balas de mortero giratoria para interiores mejora significativamente la experiencia de juego en general. La interacci\u00f3n neum\u00e1tica mantiene a los ni\u00f1os activos y entretenidos. La funci\u00f3n giratoria, de hasta 45 grados, permite a los jugadores cambiar de direcci\u00f3n y explorar diferentes \u00e1ngulos de juego. Esto hace que la lanzadora de balas de mortero sea m\u00e1s din\u00e1mica que los lanzadores de balas fijos.<\/p>\n<p>El movimiento de lanzar y disparar a\u00f1ade emoci\u00f3n a las piscinas de bolas. Los ni\u00f1os pueden apuntar, soltar y ver c\u00f3mo vuelan m\u00faltiples bolas por el aire, creando diversi\u00f3n sin fin.<\/p>\n<p><strong>Dise\u00f1o seguro y apto para ni\u00f1os<\/strong><\/p>\n<p>La seguridad es una ventaja fundamental del Mortar Cannon Ball Blaster. Utiliza bolas de espuma ligeras o pelotas de playa blandas que son seguras para ni\u00f1os de diferentes edades. La intensidad del flujo de aire se puede ajustar, lo que permite a los operadores controlar la velocidad de las bolas y la fuerza de proyecci\u00f3n.<\/p>\n<p>Esto hace que el Mortar Cannon Ball Blaster sea adecuado tanto para ni\u00f1os peque\u00f1os como para ni\u00f1os mayores, lo que garantiza un uso inclusivo en los parques infantiles cubiertos.<\/p>\n<p><strong>Materiales duraderos y construcci\u00f3n OEM<\/strong><\/p>\n<p>Este equipo para parques infantiles cubiertos est\u00e1 fabricado con materiales de alta calidad. Las piezas transparentes est\u00e1n hechas de acr\u00edlico, combinadas con paneles de PE, pl\u00e1stico ABS, estructura de acero y revestimiento de cuero PU. Estos materiales le dan al Mortar Cannon Ball Blaster un aspecto realista y un acabado de lujo, al tiempo que garantizan una durabilidad a largo plazo.<\/p>\n<p><strong>Aplicaciones funcionales en parques infantiles cubiertos<\/strong><\/p>\n<p>El Mortar Cannon Ball Blaster est\u00e1 dise\u00f1ado para jugar con bolas en piscinas de bolas y para la interacci\u00f3n en parques infantiles cubiertos. Encaja perfectamente en zonas sensoriales, \u00e1reas con piscinas de bolas y espacios de juego tem\u00e1ticos. Tambi\u00e9n se puede combinar con un Ocean Ball Shooter para crear un sistema interactivo completo con bolas dentro de un parque infantil.<\/p>\n<p>Adem\u00e1s, la m\u00e1quina se puede combinar con un lanzador de pelotas Pit Ball Launcher para crear un entorno de juego competitivo o cooperativo que fomente el trabajo en equipo y la coordinaci\u00f3n.<\/p>\n<p><strong>Desarrollo de habilidades y beneficios interactivos<\/strong><\/p>\n<p>El uso del lanzador de balas de mortero ayuda a los ni\u00f1os a desarrollar la coordinaci\u00f3n mano-ojo y las habilidades motoras. El acto de apuntar, girar y controlar el flujo de aire fomenta el movimiento f\u00edsico y el pensamiento estrat\u00e9gico. El juego en grupo con el lanzador de balas de mortero tambi\u00e9n favorece la interacci\u00f3n social y el trabajo en equipo.<\/p>\n<p>Esto hace que el equipo no solo sea entretenido, sino tambi\u00e9n educativo, de una manera sutil y agradable.<\/p>\n<p><strong>Personalizaci\u00f3n e integraci\u00f3n de temas<\/strong><\/p>\n<p>La m\u00e1quina lanzadora de balas de mortero Rotate para parques infantiles cubiertos se puede personalizar en cuanto a color, tem\u00e1tica y dise\u00f1o. Se pueden aplicar tem\u00e1ticas oce\u00e1nicas, estilos modernos o marcas personalizadas para que se adapte al concepto general del parque infantil. Esta flexibilidad hace que la m\u00e1quina lanzadora de balas de mortero sea una gran atracci\u00f3n visual en proyectos de parques infantiles comerciales cubiertos.<\/p>\n<p><strong>La opci\u00f3n ideal para locales comerciales<\/strong><\/p>\n<p>Ya sea en centros comerciales, guarder\u00edas, parques de atracciones cubiertos o centros de entretenimiento familiar, el Mortar Cannon Ball Blaster ofrece un valor duradero. Su dise\u00f1o de bajo mantenimiento, su estructura resistente y su atractivo modo de juego lo convierten en una opci\u00f3n fiable para los operadores que desean mejorar su oferta de parques infantiles cubiertos.<\/p>\n<p>Al combinar seguridad, interactividad y personalizaci\u00f3n, la m\u00e1quina lanzadora de balas de mortero Rotate para parques infantiles cubiertos, con lanzador y disparador de balas, destaca como una soluci\u00f3n premium para los modernos espacios de juego cubiertos.<\/p>","protected":false},"excerpt":{"rendered":"<p>La m\u00e1quina lanzadora de balas de mortero para interiores con lanzador y disparador de balas es una soluci\u00f3n de juego moderna e interactiva dise\u00f1ada para entornos de entretenimiento en interiores. Combina seguridad, durabilidad y emoci\u00f3n, lo que la hace ideal para centros comerciales, guarder\u00edas, centros de entretenimiento familiar y parques infantiles cubiertos. Esta lanzadora de balas de mortero est\u00e1 especialmente dise\u00f1ada para...<\/p>","protected":false},"featured_media":3475,"parent":0,"template":"","meta":{"_acf_changed":false,"_kad_blocks_custom_css":"","_kad_blocks_head_custom_js":"","_kad_blocks_body_custom_js":"","_kad_blocks_footer_custom_js":"","_kadence_starter_templates_imported_post":false,"_kad_post_transparent":"default","_kad_post_title":"","_kad_post_layout":"default","_kad_post_sidebar_id":"","_kad_post_content_style":"default","_kad_post_vertical_padding":"default","_kad_post_feature":"","_kad_post_feature_position":"","_kad_post_header":false,"_kad_post_footer":false},"pcategory":[26],"ptag":[],"class_list":["post-3470","product","type-product","status-publish","has-post-thumbnail","hentry","pcategory-cannon-ball-blower"],"acf":[],"yoast_head":"<!-- This site is optimized with the Yoast SEO plugin v26.8 - https:\/\/yoast.com\/product\/yoast-seo-wordpress\/ -->\n<title>Indoor Playground Rotate Mortar Cannon Ball Blaster Machine Equipment with Ball Shooter and Launcher<\/title>\n<meta name=\"robots\" content=\"index, follow, max-snippet:-1, max-image-preview:large, max-video-preview:-1\" \/>\n<link rel=\"canonical\" href=\"https:\/\/softplaysupply.com\/es\/producto\/canon-de-mortero-lanzador-de-balas\/\" \/>\n<meta property=\"og:locale\" content=\"es_ES\" \/>\n<meta property=\"og:type\" content=\"article\" \/>\n<meta property=\"og:title\" content=\"Indoor Playground Rotate Mortar Cannon Ball Blaster Machine Equipment with Ball Shooter and Launcher\" \/>\n<meta property=\"og:description\" content=\"The Indoor Playground Rotate Mortar Cannon Ball Blaster Machine Equipment with Ball Shooter and Launcher is a modern and interactive play solution designed for indoor amusement environments. It combines safety, durability, and excitement, making it ideal for malls, daycare centers, family entertainment centers, and indoor playgrounds. This Mortar Cannon Ball Blaster is specially designed to...\" \/>\n<meta property=\"og:url\" content=\"https:\/\/softplaysupply.com\/es\/producto\/canon-de-mortero-lanzador-de-balas\/\" \/>\n<meta property=\"og:site_name\" content=\"Nanpak\" \/>\n<meta property=\"og:image\" content=\"https:\/\/softplaysupply.com\/wp-content\/uploads\/2026\/01\/Cannon-Ball-Blaster-Machine-4.jpg\" \/>\n\t<meta property=\"og:image:width\" content=\"800\" \/>\n\t<meta property=\"og:image:height\" content=\"800\" \/>\n\t<meta property=\"og:image:type\" content=\"image\/jpeg\" \/>\n<meta name=\"twitter:card\" content=\"summary_large_image\" \/>\n<meta name=\"twitter:label1\" content=\"Tiempo de lectura\" \/>\n\t<meta name=\"twitter:data1\" content=\"5 minutos\" \/>\n<script type=\"application\/ld+json\" class=\"yoast-schema-graph\">{\"@context\":\"https:\/\/schema.org\",\"@graph\":[{\"@type\":\"WebPage\",\"@id\":\"https:\/\/softplaysupply.com\/product\/mortar-cannon-ball-blaster\/\",\"url\":\"https:\/\/softplaysupply.com\/product\/mortar-cannon-ball-blaster\/\",\"name\":\"Indoor Playground Rotate Mortar Cannon Ball Blaster Machine Equipment with Ball Shooter and Launcher\",\"isPartOf\":{\"@id\":\"https:\/\/softplaysupply.com\/#website\"},\"primaryImageOfPage\":{\"@id\":\"https:\/\/softplaysupply.com\/product\/mortar-cannon-ball-blaster\/#primaryimage\"},\"image\":{\"@id\":\"https:\/\/softplaysupply.com\/product\/mortar-cannon-ball-blaster\/#primaryimage\"},\"thumbnailUrl\":\"https:\/\/softplaysupply.com\/wp-content\/uploads\/2026\/01\/Cannon-Ball-Blaster-Machine-4.jpg\",\"datePublished\":\"2026-01-13T03:54:57+00:00\",\"breadcrumb\":{\"@id\":\"https:\/\/softplaysupply.com\/product\/mortar-cannon-ball-blaster\/#breadcrumb\"},\"inLanguage\":\"es\",\"potentialAction\":[{\"@type\":\"ReadAction\",\"target\":[\"https:\/\/softplaysupply.com\/product\/mortar-cannon-ball-blaster\/\"]}]},{\"@type\":\"ImageObject\",\"inLanguage\":\"es\",\"@id\":\"https:\/\/softplaysupply.com\/product\/mortar-cannon-ball-blaster\/#primaryimage\",\"url\":\"https:\/\/softplaysupply.com\/wp-content\/uploads\/2026\/01\/Cannon-Ball-Blaster-Machine-4.jpg\",\"contentUrl\":\"https:\/\/softplaysupply.com\/wp-content\/uploads\/2026\/01\/Cannon-Ball-Blaster-Machine-4.jpg\",\"width\":800,\"height\":800,\"caption\":\"Cannon Ball Blaster Machine\"},{\"@type\":\"BreadcrumbList\",\"@id\":\"https:\/\/softplaysupply.com\/product\/mortar-cannon-ball-blaster\/#breadcrumb\",\"itemListElement\":[{\"@type\":\"ListItem\",\"position\":1,\"name\":\"Home\",\"item\":\"https:\/\/softplaysupply.com\/\"},{\"@type\":\"ListItem\",\"position\":2,\"name\":\"Cannon Ball Blower\",\"item\":\"https:\/\/softplaysupply.com\/pcategory\/cannon-ball-blower\/\"},{\"@type\":\"ListItem\",\"position\":3,\"name\":\"Indoor Playground Rotate Mortar Cannon Ball Blaster Machine Equipment with Ball Shooter and Launcher\"}]},{\"@type\":\"WebSite\",\"@id\":\"https:\/\/softplaysupply.com\/#website\",\"url\":\"https:\/\/softplaysupply.com\/\",\"name\":\"Soft Play Supplier\",\"description\":\"Soft Play Supplier\",\"publisher\":{\"@id\":\"https:\/\/softplaysupply.com\/#organization\"},\"potentialAction\":[{\"@type\":\"SearchAction\",\"target\":{\"@type\":\"EntryPoint\",\"urlTemplate\":\"https:\/\/softplaysupply.com\/?s={search_term_string}\"},\"query-input\":{\"@type\":\"PropertyValueSpecification\",\"valueRequired\":true,\"valueName\":\"search_term_string\"}}],\"inLanguage\":\"es\"},{\"@type\":\"Organization\",\"@id\":\"https:\/\/softplaysupply.com\/#organization\",\"name\":\"Nanpak\",\"url\":\"https:\/\/softplaysupply.com\/\",\"logo\":{\"@type\":\"ImageObject\",\"inLanguage\":\"es\",\"@id\":\"https:\/\/softplaysupply.com\/#\/schema\/logo\/image\/\",\"url\":\"https:\/\/softplaysupply.com\/wp-content\/uploads\/2025\/12\/cropped-mobile-logo.png\",\"contentUrl\":\"https:\/\/softplaysupply.com\/wp-content\/uploads\/2025\/12\/cropped-mobile-logo.png\",\"width\":263,\"height\":84,\"caption\":\"Nanpak\"},\"image\":{\"@id\":\"https:\/\/softplaysupply.com\/#\/schema\/logo\/image\/\"}}]}<\/script>\n<!-- \/ Yoast SEO plugin. -->","yoast_head_json":{"title":"Equipo de m\u00e1quina lanzadora de balas de mortero giratoria para parque infantil interior con lanzador y lanzador de balas.","robots":{"index":"index","follow":"follow","max-snippet":"max-snippet:-1","max-image-preview":"max-image-preview:large","max-video-preview":"max-video-preview:-1"},"canonical":"https:\/\/softplaysupply.com\/es\/producto\/canon-de-mortero-lanzador-de-balas\/","og_locale":"es_ES","og_type":"article","og_title":"Indoor Playground Rotate Mortar Cannon Ball Blaster Machine Equipment with Ball Shooter and Launcher","og_description":"The Indoor Playground Rotate Mortar Cannon Ball Blaster Machine Equipment with Ball Shooter and Launcher is a modern and interactive play solution designed for indoor amusement environments. It combines safety, durability, and excitement, making it ideal for malls, daycare centers, family entertainment centers, and indoor playgrounds. This Mortar Cannon Ball Blaster is specially designed to...","og_url":"https:\/\/softplaysupply.com\/es\/producto\/canon-de-mortero-lanzador-de-balas\/","og_site_name":"Nanpak","og_image":[{"width":800,"height":800,"url":"https:\/\/softplaysupply.com\/wp-content\/uploads\/2026\/01\/Cannon-Ball-Blaster-Machine-4.jpg","type":"image\/jpeg"}],"twitter_card":"summary_large_image","twitter_misc":{"Tiempo de lectura":"5 minutos"},"schema":{"@context":"https:\/\/schema.org","@graph":[{"@type":"WebPage","@id":"https:\/\/softplaysupply.com\/product\/mortar-cannon-ball-blaster\/","url":"https:\/\/softplaysupply.com\/product\/mortar-cannon-ball-blaster\/","name":"Equipo de m\u00e1quina lanzadora de balas de mortero giratoria para parque infantil interior con lanzador y lanzador de balas.","isPartOf":{"@id":"https:\/\/softplaysupply.com\/#website"},"primaryImageOfPage":{"@id":"https:\/\/softplaysupply.com\/product\/mortar-cannon-ball-blaster\/#primaryimage"},"image":{"@id":"https:\/\/softplaysupply.com\/product\/mortar-cannon-ball-blaster\/#primaryimage"},"thumbnailUrl":"https:\/\/softplaysupply.com\/wp-content\/uploads\/2026\/01\/Cannon-Ball-Blaster-Machine-4.jpg","datePublished":"2026-01-13T03:54:57+00:00","breadcrumb":{"@id":"https:\/\/softplaysupply.com\/product\/mortar-cannon-ball-blaster\/#breadcrumb"},"inLanguage":"es","potentialAction":[{"@type":"ReadAction","target":["https:\/\/softplaysupply.com\/product\/mortar-cannon-ball-blaster\/"]}]},{"@type":"ImageObject","inLanguage":"es","@id":"https:\/\/softplaysupply.com\/product\/mortar-cannon-ball-blaster\/#primaryimage","url":"https:\/\/softplaysupply.com\/wp-content\/uploads\/2026\/01\/Cannon-Ball-Blaster-Machine-4.jpg","contentUrl":"https:\/\/softplaysupply.com\/wp-content\/uploads\/2026\/01\/Cannon-Ball-Blaster-Machine-4.jpg","width":800,"height":800,"caption":"Cannon Ball Blaster Machine"},{"@type":"BreadcrumbList","@id":"https:\/\/softplaysupply.com\/product\/mortar-cannon-ball-blaster\/#breadcrumb","itemListElement":[{"@type":"ListItem","position":1,"name":"Home","item":"https:\/\/softplaysupply.com\/"},{"@type":"ListItem","position":2,"name":"Cannon Ball Blower","item":"https:\/\/softplaysupply.com\/pcategory\/cannon-ball-blower\/"},{"@type":"ListItem","position":3,"name":"Indoor Playground Rotate Mortar Cannon Ball Blaster Machine Equipment with Ball Shooter and Launcher"}]},{"@type":"WebSite","@id":"https:\/\/softplaysupply.com\/#website","url":"https:\/\/softplaysupply.com\/","name":"Proveedor de juegos blandos","description":"Proveedor de juegos blandos","publisher":{"@id":"https:\/\/softplaysupply.com\/#organization"},"potentialAction":[{"@type":"SearchAction","target":{"@type":"EntryPoint","urlTemplate":"https:\/\/softplaysupply.com\/?s={search_term_string}"},"query-input":{"@type":"PropertyValueSpecification","valueRequired":true,"valueName":"search_term_string"}}],"inLanguage":"es"},{"@type":"Organization","@id":"https:\/\/softplaysupply.com\/#organization","name":"Nanpak","url":"https:\/\/softplaysupply.com\/","logo":{"@type":"ImageObject","inLanguage":"es","@id":"https:\/\/softplaysupply.com\/#\/schema\/logo\/image\/","url":"https:\/\/softplaysupply.com\/wp-content\/uploads\/2025\/12\/cropped-mobile-logo.png","contentUrl":"https:\/\/softplaysupply.com\/wp-content\/uploads\/2025\/12\/cropped-mobile-logo.png","width":263,"height":84,"caption":"Nanpak"},"image":{"@id":"https:\/\/softplaysupply.com\/#\/schema\/logo\/image\/"}}]}},"taxonomy_info":{"pcategory":[{"value":26,"label":"Cannon Ball Blower"}]},"featured_image_src_large":["https:\/\/softplaysupply.com\/wp-content\/uploads\/2026\/01\/Cannon-Ball-Blaster-Machine-4.jpg",800,800,false],"author_info":[],"comment_info":"","_links":{"self":[{"href":"https:\/\/softplaysupply.com\/es\/wp-json\/wp\/v2\/product\/3470","targetHints":{"allow":["GET"]}}],"collection":[{"href":"https:\/\/softplaysupply.com\/es\/wp-json\/wp\/v2\/product"}],"about":[{"href":"https:\/\/softplaysupply.com\/es\/wp-json\/wp\/v2\/types\/product"}],"wp:featuredmedia":[{"embeddable":true,"href":"https:\/\/softplaysupply.com\/es\/wp-json\/wp\/v2\/media\/3475"}],"wp:attachment":[{"href":"https:\/\/softplaysupply.com\/es\/wp-json\/wp\/v2\/media?parent=3470"}],"wp:term":[{"taxonomy":"pcategory","embeddable":true,"href":"https:\/\/softplaysupply.com\/es\/wp-json\/wp\/v2\/pcategory?post=3470"},{"taxonomy":"ptag","embeddable":true,"href":"https:\/\/softplaysupply.com\/es\/wp-json\/wp\/v2\/ptag?post=3470"}],"curies":[{"name":"wp","href":"https:\/\/api.w.org\/{rel}","templated":true}]}}