{"id":3404,"date":"2025-12-31T07:04:42","date_gmt":"2025-12-31T07:04:42","guid":{"rendered":"https:\/\/softplaysupply.com\/?post_type=product&#038;p=3404"},"modified":"2025-12-20T08:21:52","modified_gmt":"2025-12-20T08:21:52","slug":"casa-de-juegos-de-cocina","status":"publish","type":"product","link":"https:\/\/softplaysupply.com\/es\/producto\/casa-de-juegos-de-cocina\/","title":{"rendered":"Casa de juegos de cocina de madera para ni\u00f1os con juguetes educativos para jugar a cocinar"},"content":{"rendered":"<div class=\"entry-content-asset videofit\"><iframe loading=\"lazy\" title=\"Casita de cocina con juguete para juegos de rol de cocina #PretendPlayKitchen #KitchenPlayHouse\" width=\"720\" height=\"540\" src=\"https:\/\/www.youtube.com\/embed\/rMK8Q5_iIlE?feature=oembed\" frameborder=\"0\" allow=\"accelerometer; autoplay; clipboard-write; encrypted-media; gyroscope; picture-in-picture; web-share\" referrerpolicy=\"strict-origin-when-cross-origin\" allowfullscreen><\/iframe><\/div>\n<p style=\"font-size: 16px; text-align: justify;\">Una casita de cocina bien dise\u00f1ada es m\u00e1s que una estructura de juego. Es un entorno completo de aprendizaje y juego de roles creado para los ni\u00f1os peque\u00f1os. Esta casita de cocina de madera para ni\u00f1os combina conceptos de juego suave y seguro en interiores con elementos educativos de juego simb\u00f3lico, lo que la hace ideal para beb\u00e9s y ni\u00f1os peque\u00f1os en parques infantiles comerciales cubiertos.<\/p>\n<p style=\"font-size: 16px; text-align: justify;\">Como fabricante experimentado de juegos infantiles para interiores, nos centramos en ofrecer estaciones de juego inmersivas que fomentan la imaginaci\u00f3n, la interacci\u00f3n social y el aprendizaje pr\u00e1ctico. Todas las cocinas infantiles est\u00e1n dise\u00f1adas para simular escenas de la vida real en la cocina de una manera adecuada para los ni\u00f1os, ayud\u00e1ndoles a aprender habilidades para la vida cotidiana a trav\u00e9s del juego.<\/p>\n<p><img loading=\"lazy\" decoding=\"async\" class=\"alignnone size-full wp-image-3413\" src=\"https:\/\/softplaysupply.com\/wp-content\/uploads\/2025\/12\/Kitchen-Role-Play-House-1-1.jpg\" alt=\"\" width=\"750\" height=\"600\" srcset=\"https:\/\/softplaysupply.com\/wp-content\/uploads\/2025\/12\/Kitchen-Role-Play-House-1-1.jpg 750w, https:\/\/softplaysupply.com\/wp-content\/uploads\/2025\/12\/Kitchen-Role-Play-House-1-1-300x240.jpg 300w, https:\/\/softplaysupply.com\/wp-content\/uploads\/2025\/12\/Kitchen-Role-Play-House-1-1-15x12.jpg 15w\" sizes=\"auto, (max-width: 750px) 100vw, 750px\" \/> <img loading=\"lazy\" decoding=\"async\" class=\"alignnone size-full wp-image-3414\" src=\"https:\/\/softplaysupply.com\/wp-content\/uploads\/2025\/12\/Kitchen-Role-Play-House-2-1.jpg\" alt=\"\" width=\"800\" height=\"800\" srcset=\"https:\/\/softplaysupply.com\/wp-content\/uploads\/2025\/12\/Kitchen-Role-Play-House-2-1.jpg 800w, https:\/\/softplaysupply.com\/wp-content\/uploads\/2025\/12\/Kitchen-Role-Play-House-2-1-300x300.jpg 300w, https:\/\/softplaysupply.com\/wp-content\/uploads\/2025\/12\/Kitchen-Role-Play-House-2-1-150x150.jpg 150w, https:\/\/softplaysupply.com\/wp-content\/uploads\/2025\/12\/Kitchen-Role-Play-House-2-1-768x768.jpg 768w, https:\/\/softplaysupply.com\/wp-content\/uploads\/2025\/12\/Kitchen-Role-Play-House-2-1-12x12.jpg 12w\" sizes=\"auto, (max-width: 800px) 100vw, 800px\" \/> <img loading=\"lazy\" decoding=\"async\" class=\"alignnone size-full wp-image-3415\" src=\"https:\/\/softplaysupply.com\/wp-content\/uploads\/2025\/12\/Kitchen-Role-Play-House-3-1.jpg\" alt=\"\" width=\"800\" height=\"800\" srcset=\"https:\/\/softplaysupply.com\/wp-content\/uploads\/2025\/12\/Kitchen-Role-Play-House-3-1.jpg 800w, https:\/\/softplaysupply.com\/wp-content\/uploads\/2025\/12\/Kitchen-Role-Play-House-3-1-300x300.jpg 300w, https:\/\/softplaysupply.com\/wp-content\/uploads\/2025\/12\/Kitchen-Role-Play-House-3-1-150x150.jpg 150w, https:\/\/softplaysupply.com\/wp-content\/uploads\/2025\/12\/Kitchen-Role-Play-House-3-1-768x768.jpg 768w, https:\/\/softplaysupply.com\/wp-content\/uploads\/2025\/12\/Kitchen-Role-Play-House-3-1-12x12.jpg 12w\" sizes=\"auto, (max-width: 800px) 100vw, 800px\" \/> <img loading=\"lazy\" decoding=\"async\" class=\"alignnone size-full wp-image-3416\" src=\"https:\/\/softplaysupply.com\/wp-content\/uploads\/2025\/12\/Kitchen-Role-Play-House-4-1.jpg\" alt=\"\" width=\"750\" height=\"450\" srcset=\"https:\/\/softplaysupply.com\/wp-content\/uploads\/2025\/12\/Kitchen-Role-Play-House-4-1.jpg 750w, https:\/\/softplaysupply.com\/wp-content\/uploads\/2025\/12\/Kitchen-Role-Play-House-4-1-300x180.jpg 300w, https:\/\/softplaysupply.com\/wp-content\/uploads\/2025\/12\/Kitchen-Role-Play-House-4-1-18x12.jpg 18w\" sizes=\"auto, (max-width: 750px) 100vw, 750px\" \/> <img loading=\"lazy\" decoding=\"async\" class=\"alignnone size-full wp-image-3417\" src=\"https:\/\/softplaysupply.com\/wp-content\/uploads\/2025\/12\/Kitchen-Role-Play-House-5-1.jpg\" alt=\"\" width=\"750\" height=\"450\" srcset=\"https:\/\/softplaysupply.com\/wp-content\/uploads\/2025\/12\/Kitchen-Role-Play-House-5-1.jpg 750w, https:\/\/softplaysupply.com\/wp-content\/uploads\/2025\/12\/Kitchen-Role-Play-House-5-1-300x180.jpg 300w, https:\/\/softplaysupply.com\/wp-content\/uploads\/2025\/12\/Kitchen-Role-Play-House-5-1-18x12.jpg 18w\" sizes=\"auto, (max-width: 750px) 100vw, 750px\" \/> \u00a0<img loading=\"lazy\" decoding=\"async\" class=\"alignnone size-full wp-image-3419\" src=\"https:\/\/softplaysupply.com\/wp-content\/uploads\/2025\/12\/Kitchen-Role-Play-House-7-1.jpg\" alt=\"\" width=\"800\" height=\"800\" srcset=\"https:\/\/softplaysupply.com\/wp-content\/uploads\/2025\/12\/Kitchen-Role-Play-House-7-1.jpg 800w, https:\/\/softplaysupply.com\/wp-content\/uploads\/2025\/12\/Kitchen-Role-Play-House-7-1-300x300.jpg 300w, https:\/\/softplaysupply.com\/wp-content\/uploads\/2025\/12\/Kitchen-Role-Play-House-7-1-150x150.jpg 150w, https:\/\/softplaysupply.com\/wp-content\/uploads\/2025\/12\/Kitchen-Role-Play-House-7-1-768x768.jpg 768w, https:\/\/softplaysupply.com\/wp-content\/uploads\/2025\/12\/Kitchen-Role-Play-House-7-1-12x12.jpg 12w\" sizes=\"auto, (max-width: 800px) 100vw, 800px\" \/> <img loading=\"lazy\" decoding=\"async\" class=\"alignnone size-full wp-image-3420\" src=\"https:\/\/softplaysupply.com\/wp-content\/uploads\/2025\/12\/Kitchen-Role-Play-House-8.jpg\" alt=\"\" width=\"800\" height=\"800\" srcset=\"https:\/\/softplaysupply.com\/wp-content\/uploads\/2025\/12\/Kitchen-Role-Play-House-8.jpg 800w, https:\/\/softplaysupply.com\/wp-content\/uploads\/2025\/12\/Kitchen-Role-Play-House-8-300x300.jpg 300w, https:\/\/softplaysupply.com\/wp-content\/uploads\/2025\/12\/Kitchen-Role-Play-House-8-150x150.jpg 150w, https:\/\/softplaysupply.com\/wp-content\/uploads\/2025\/12\/Kitchen-Role-Play-House-8-768x768.jpg 768w, https:\/\/softplaysupply.com\/wp-content\/uploads\/2025\/12\/Kitchen-Role-Play-House-8-12x12.jpg 12w\" sizes=\"auto, (max-width: 800px) 100vw, 800px\" \/> <img loading=\"lazy\" decoding=\"async\" class=\"alignnone size-full wp-image-3421\" src=\"https:\/\/softplaysupply.com\/wp-content\/uploads\/2025\/12\/Kitchen-Role-Play-House-9.jpg\" alt=\"\" width=\"1000\" height=\"1000\" srcset=\"https:\/\/softplaysupply.com\/wp-content\/uploads\/2025\/12\/Kitchen-Role-Play-House-9.jpg 1000w, https:\/\/softplaysupply.com\/wp-content\/uploads\/2025\/12\/Kitchen-Role-Play-House-9-300x300.jpg 300w, https:\/\/softplaysupply.com\/wp-content\/uploads\/2025\/12\/Kitchen-Role-Play-House-9-150x150.jpg 150w, https:\/\/softplaysupply.com\/wp-content\/uploads\/2025\/12\/Kitchen-Role-Play-House-9-768x768.jpg 768w, https:\/\/softplaysupply.com\/wp-content\/uploads\/2025\/12\/Kitchen-Role-Play-House-9-12x12.jpg 12w\" sizes=\"auto, (max-width: 1000px) 100vw, 1000px\" \/> <img loading=\"lazy\" decoding=\"async\" class=\"alignnone size-full wp-image-3422\" src=\"https:\/\/softplaysupply.com\/wp-content\/uploads\/2025\/12\/Kitchen-Role-Play-House-10.jpg\" alt=\"\" width=\"800\" height=\"800\" srcset=\"https:\/\/softplaysupply.com\/wp-content\/uploads\/2025\/12\/Kitchen-Role-Play-House-10.jpg 800w, https:\/\/softplaysupply.com\/wp-content\/uploads\/2025\/12\/Kitchen-Role-Play-House-10-300x300.jpg 300w, https:\/\/softplaysupply.com\/wp-content\/uploads\/2025\/12\/Kitchen-Role-Play-House-10-150x150.jpg 150w, https:\/\/softplaysupply.com\/wp-content\/uploads\/2025\/12\/Kitchen-Role-Play-House-10-768x768.jpg 768w, https:\/\/softplaysupply.com\/wp-content\/uploads\/2025\/12\/Kitchen-Role-Play-House-10-12x12.jpg 12w\" sizes=\"auto, (max-width: 800px) 100vw, 800px\" \/> <img loading=\"lazy\" decoding=\"async\" class=\"alignnone size-full wp-image-3423\" src=\"https:\/\/softplaysupply.com\/wp-content\/uploads\/2025\/12\/play-house-with-kitchen-1.jpg\" alt=\"\" width=\"800\" height=\"600\" srcset=\"https:\/\/softplaysupply.com\/wp-content\/uploads\/2025\/12\/play-house-with-kitchen-1.jpg 800w, https:\/\/softplaysupply.com\/wp-content\/uploads\/2025\/12\/play-house-with-kitchen-1-300x225.jpg 300w, https:\/\/softplaysupply.com\/wp-content\/uploads\/2025\/12\/play-house-with-kitchen-1-768x576.jpg 768w, https:\/\/softplaysupply.com\/wp-content\/uploads\/2025\/12\/play-house-with-kitchen-1-16x12.jpg 16w\" sizes=\"auto, (max-width: 800px) 100vw, 800px\" \/><\/p>\n<h3 style=\"color: #4ecdc4; font-size: 22px; margin-top: 30px; border-bottom: 2px solid #4ecdc4; padding-bottom: 8px;\">Experiencia inmersiva de juego de roles para ni\u00f1os<\/h3>\n<p style=\"font-size: 16px; text-align: justify;\">Este producto est\u00e1 dise\u00f1ado como una peque\u00f1a estaci\u00f3n de juego de rol de pueblo. Los ni\u00f1os pueden explorar una casa de juguete realista con cocina, donde pueden simular que cocinan, limpian y organizan como los adultos. A trav\u00e9s de actividades interactivas, los ni\u00f1os desarrollan de forma natural habilidades de comunicaci\u00f3n, conciencia de cooperaci\u00f3n y pensamiento creativo.<\/p>\n<p style=\"font-size: 16px; text-align: justify;\">La zona de cocina para juegos de rol est\u00e1 cuidadosamente dise\u00f1ada para adaptarse a centros de juegos cubiertos, centros comerciales y centros de entretenimiento familiar. En combinaci\u00f3n con los juguetes de cocina de simulaci\u00f3n, los ni\u00f1os pueden disfrutar de horas de diversi\u00f3n inmersiva mientras aprenden conceptos b\u00e1sicos sobre la preparaci\u00f3n de alimentos y las responsabilidades dom\u00e9sticas.<\/p>\n<h3 style=\"color: #4ecdc4; font-size: 22px; margin-top: 30px; border-bottom: 2px solid #4ecdc4; padding-bottom: 8px;\">Materiales seguros y fabricaci\u00f3n certificada<\/h3>\n<p style=\"font-size: 16px; text-align: justify;\">La seguridad es siempre la primera prioridad en todas las cocinas infantiles que fabricamos. La estructura est\u00e1 construida con tubos galvanizados para mayor estabilidad, mientras que las alfombrillas de EVA proporcionan una protecci\u00f3n suave y sin olores para el suelo. Los paneles de espuma de PVC y la malla de PE garantizan la durabilidad y la seguridad de los ni\u00f1os durante el juego. Nuestra f\u00e1brica cuenta con la certificaci\u00f3n ISO9001 y cumple con normas internacionales como CE, EN y ASTM. Esto garantiza que todas las cocinas infantiles cumplen con los requisitos globales de seguridad y calidad para uso comercial en interiores.<\/p>\n<h3 style=\"color: #4ecdc4; font-size: 22px; margin-top: 30px; border-bottom: 2px solid #4ecdc4; padding-bottom: 8px;\">Dise\u00f1o personalizado y soluciones llave en mano<\/h3>\n<p style=\"font-size: 16px; text-align: justify;\">Ofrecemos servicios de dise\u00f1o totalmente personalizados para adaptarnos a diferentes tama\u00f1os de locales, temas y presupuestos. Ya sea integrado en un parque infantil interior m\u00e1s grande o instalado como una zona de cocina independiente, cada proyecto es cuidadosamente planificado por nuestro equipo de dise\u00f1o profesional.<\/p>\n<h3 style=\"color: #4ecdc4; font-size: 22px; margin-top: 30px; border-bottom: 2px solid #4ecdc4; padding-bottom: 8px;\">F\u00e1cil instalaci\u00f3n y asistencia global<\/h3>\n<p style=\"font-size: 16px; text-align: justify;\">Para garantizar una ejecuci\u00f3n fluida del proyecto, contamos con ingenieros de montaje en el extranjero que se encargan de la instalaci\u00f3n in situ. Desde el dise\u00f1o y la producci\u00f3n hasta la entrega y la configuraci\u00f3n, ofrecemos una soluci\u00f3n de entretenimiento llave en mano. Con una cantidad m\u00ednima de pedido de solo un juego, este producto es adecuado tanto para proyectos nuevos como para actualizaciones de locales.<\/p>\n<p style=\"font-size: 16px; text-align: justify;\">Las formas de pago aceptadas incluyen T\/T, Western Union, cheques electr\u00f3nicos y VISA, con garant\u00eda comercial disponible para proveedores verificados.<\/p>\n<h3 style=\"color: #4ecdc4; font-size: 22px; margin-top: 30px; border-bottom: 2px solid #4ecdc4; padding-bottom: 8px;\">Un socio fiable para proyectos de juegos en interiores<\/h3>\n<p style=\"font-size: 16px; text-align: justify;\">Nanpak se dedica a proporcionar soluciones innovadoras y seguras para el entretenimiento en interiores en todo el mundo. Con una amplia experiencia internacional y un equipo profesional, ayudamos a los clientes a crear entornos atractivos de cocinas de juguete que inspiran la imaginaci\u00f3n y aportan un valor comercial a largo plazo. Este concepto de cocina de juguete es ideal para los operadores que buscan mejorar el contenido educativo sin perder el gran atractivo l\u00fadico de los modernos parques infantiles cubiertos.<\/p>","protected":false},"excerpt":{"rendered":"<p>Nuestra casita de cocina ofrece una experiencia de juego de pueblo en miniatura con juguetes de cocina de imitaci\u00f3n. Ideal para centros de juego interiores, esta casita de cocina proporciona un aprendizaje inmersivo y diversi\u00f3n sin l\u00edmites.<\/p>","protected":false},"featured_media":3407,"parent":0,"template":"","meta":{"_acf_changed":false,"_kad_blocks_custom_css":"","_kad_blocks_head_custom_js":"","_kad_blocks_body_custom_js":"","_kad_blocks_footer_custom_js":"","_kadence_starter_templates_imported_post":false,"_kad_post_transparent":"default","_kad_post_title":"","_kad_post_layout":"default","_kad_post_sidebar_id":"","_kad_post_content_style":"default","_kad_post_vertical_padding":"default","_kad_post_feature":"","_kad_post_feature_position":"","_kad_post_header":false,"_kad_post_footer":false},"pcategory":[20],"ptag":[],"class_list":["post-3404","product","type-product","status-publish","has-post-thumbnail","hentry","pcategory-role-playhouse"],"acf":[],"yoast_head":"<!-- This site is optimized with the Yoast SEO plugin v26.8 - https:\/\/yoast.com\/product\/yoast-seo-wordpress\/ -->\n<title>Children Wooden Kitchen Role Play House with Educational Pretend Play Cooking Toys<\/title>\n<meta name=\"robots\" content=\"index, follow, max-snippet:-1, max-image-preview:large, max-video-preview:-1\" \/>\n<link rel=\"canonical\" href=\"https:\/\/softplaysupply.com\/es\/producto\/casa-de-juegos-de-cocina\/\" \/>\n<meta property=\"og:locale\" content=\"es_ES\" \/>\n<meta property=\"og:type\" content=\"article\" \/>\n<meta property=\"og:title\" content=\"Children Wooden Kitchen Role Play House with Educational Pretend Play Cooking Toys\" \/>\n<meta property=\"og:description\" content=\"Our kitchen playhouse offers a tiny town game experience with pretend cooking toys. Ideal for indoor play centers, this play house kitchen provides immersive learning and endless fun.\" \/>\n<meta property=\"og:url\" content=\"https:\/\/softplaysupply.com\/es\/producto\/casa-de-juegos-de-cocina\/\" \/>\n<meta property=\"og:site_name\" content=\"Nanpak\" \/>\n<meta property=\"og:image\" content=\"https:\/\/softplaysupply.com\/wp-content\/uploads\/2025\/12\/Kitchen-Role-Play-House-3.jpg\" \/>\n\t<meta property=\"og:image:width\" content=\"800\" \/>\n\t<meta property=\"og:image:height\" content=\"800\" \/>\n\t<meta property=\"og:image:type\" content=\"image\/jpeg\" \/>\n<meta name=\"twitter:card\" content=\"summary_large_image\" \/>\n<meta name=\"twitter:label1\" content=\"Tiempo de lectura\" \/>\n\t<meta name=\"twitter:data1\" content=\"5 minutos\" \/>\n<script type=\"application\/ld+json\" class=\"yoast-schema-graph\">{\"@context\":\"https:\/\/schema.org\",\"@graph\":[{\"@type\":\"WebPage\",\"@id\":\"https:\/\/softplaysupply.com\/product\/kitchen-role-play-house\/\",\"url\":\"https:\/\/softplaysupply.com\/product\/kitchen-role-play-house\/\",\"name\":\"Children Wooden Kitchen Role Play House with Educational Pretend Play Cooking Toys\",\"isPartOf\":{\"@id\":\"https:\/\/softplaysupply.com\/#website\"},\"primaryImageOfPage\":{\"@id\":\"https:\/\/softplaysupply.com\/product\/kitchen-role-play-house\/#primaryimage\"},\"image\":{\"@id\":\"https:\/\/softplaysupply.com\/product\/kitchen-role-play-house\/#primaryimage\"},\"thumbnailUrl\":\"https:\/\/softplaysupply.com\/wp-content\/uploads\/2025\/12\/Kitchen-Role-Play-House-3.jpg\",\"datePublished\":\"2025-12-31T07:04:42+00:00\",\"breadcrumb\":{\"@id\":\"https:\/\/softplaysupply.com\/product\/kitchen-role-play-house\/#breadcrumb\"},\"inLanguage\":\"es\",\"potentialAction\":[{\"@type\":\"ReadAction\",\"target\":[\"https:\/\/softplaysupply.com\/product\/kitchen-role-play-house\/\"]}]},{\"@type\":\"ImageObject\",\"inLanguage\":\"es\",\"@id\":\"https:\/\/softplaysupply.com\/product\/kitchen-role-play-house\/#primaryimage\",\"url\":\"https:\/\/softplaysupply.com\/wp-content\/uploads\/2025\/12\/Kitchen-Role-Play-House-3.jpg\",\"contentUrl\":\"https:\/\/softplaysupply.com\/wp-content\/uploads\/2025\/12\/Kitchen-Role-Play-House-3.jpg\",\"width\":800,\"height\":800,\"caption\":\"Kitchen Role Play House\"},{\"@type\":\"BreadcrumbList\",\"@id\":\"https:\/\/softplaysupply.com\/product\/kitchen-role-play-house\/#breadcrumb\",\"itemListElement\":[{\"@type\":\"ListItem\",\"position\":1,\"name\":\"Home\",\"item\":\"https:\/\/softplaysupply.com\/\"},{\"@type\":\"ListItem\",\"position\":2,\"name\":\"Role Playhouse\",\"item\":\"https:\/\/softplaysupply.com\/pcategory\/role-playhouse\/\"},{\"@type\":\"ListItem\",\"position\":3,\"name\":\"Children Wooden Kitchen Role Play House with Educational Pretend Play Cooking Toys\"}]},{\"@type\":\"WebSite\",\"@id\":\"https:\/\/softplaysupply.com\/#website\",\"url\":\"https:\/\/softplaysupply.com\/\",\"name\":\"Soft Play Supplier\",\"description\":\"Soft Play Supplier\",\"publisher\":{\"@id\":\"https:\/\/softplaysupply.com\/#organization\"},\"potentialAction\":[{\"@type\":\"SearchAction\",\"target\":{\"@type\":\"EntryPoint\",\"urlTemplate\":\"https:\/\/softplaysupply.com\/?s={search_term_string}\"},\"query-input\":{\"@type\":\"PropertyValueSpecification\",\"valueRequired\":true,\"valueName\":\"search_term_string\"}}],\"inLanguage\":\"es\"},{\"@type\":\"Organization\",\"@id\":\"https:\/\/softplaysupply.com\/#organization\",\"name\":\"Nanpak\",\"url\":\"https:\/\/softplaysupply.com\/\",\"logo\":{\"@type\":\"ImageObject\",\"inLanguage\":\"es\",\"@id\":\"https:\/\/softplaysupply.com\/#\/schema\/logo\/image\/\",\"url\":\"https:\/\/softplaysupply.com\/wp-content\/uploads\/2025\/12\/cropped-mobile-logo.png\",\"contentUrl\":\"https:\/\/softplaysupply.com\/wp-content\/uploads\/2025\/12\/cropped-mobile-logo.png\",\"width\":263,\"height\":84,\"caption\":\"Nanpak\"},\"image\":{\"@id\":\"https:\/\/softplaysupply.com\/#\/schema\/logo\/image\/\"}}]}<\/script>\n<!-- \/ Yoast SEO plugin. -->","yoast_head_json":{"title":"Casa de juegos de cocina de madera para ni\u00f1os con juguetes educativos para jugar a cocinar","robots":{"index":"index","follow":"follow","max-snippet":"max-snippet:-1","max-image-preview":"max-image-preview:large","max-video-preview":"max-video-preview:-1"},"canonical":"https:\/\/softplaysupply.com\/es\/producto\/casa-de-juegos-de-cocina\/","og_locale":"es_ES","og_type":"article","og_title":"Children Wooden Kitchen Role Play House with Educational Pretend Play Cooking Toys","og_description":"Our kitchen playhouse offers a tiny town game experience with pretend cooking toys. Ideal for indoor play centers, this play house kitchen provides immersive learning and endless fun.","og_url":"https:\/\/softplaysupply.com\/es\/producto\/casa-de-juegos-de-cocina\/","og_site_name":"Nanpak","og_image":[{"width":800,"height":800,"url":"https:\/\/softplaysupply.com\/wp-content\/uploads\/2025\/12\/Kitchen-Role-Play-House-3.jpg","type":"image\/jpeg"}],"twitter_card":"summary_large_image","twitter_misc":{"Tiempo de lectura":"5 minutos"},"schema":{"@context":"https:\/\/schema.org","@graph":[{"@type":"WebPage","@id":"https:\/\/softplaysupply.com\/product\/kitchen-role-play-house\/","url":"https:\/\/softplaysupply.com\/product\/kitchen-role-play-house\/","name":"Casa de juegos de cocina de madera para ni\u00f1os con juguetes educativos para jugar a cocinar","isPartOf":{"@id":"https:\/\/softplaysupply.com\/#website"},"primaryImageOfPage":{"@id":"https:\/\/softplaysupply.com\/product\/kitchen-role-play-house\/#primaryimage"},"image":{"@id":"https:\/\/softplaysupply.com\/product\/kitchen-role-play-house\/#primaryimage"},"thumbnailUrl":"https:\/\/softplaysupply.com\/wp-content\/uploads\/2025\/12\/Kitchen-Role-Play-House-3.jpg","datePublished":"2025-12-31T07:04:42+00:00","breadcrumb":{"@id":"https:\/\/softplaysupply.com\/product\/kitchen-role-play-house\/#breadcrumb"},"inLanguage":"es","potentialAction":[{"@type":"ReadAction","target":["https:\/\/softplaysupply.com\/product\/kitchen-role-play-house\/"]}]},{"@type":"ImageObject","inLanguage":"es","@id":"https:\/\/softplaysupply.com\/product\/kitchen-role-play-house\/#primaryimage","url":"https:\/\/softplaysupply.com\/wp-content\/uploads\/2025\/12\/Kitchen-Role-Play-House-3.jpg","contentUrl":"https:\/\/softplaysupply.com\/wp-content\/uploads\/2025\/12\/Kitchen-Role-Play-House-3.jpg","width":800,"height":800,"caption":"Kitchen Role Play House"},{"@type":"BreadcrumbList","@id":"https:\/\/softplaysupply.com\/product\/kitchen-role-play-house\/#breadcrumb","itemListElement":[{"@type":"ListItem","position":1,"name":"Home","item":"https:\/\/softplaysupply.com\/"},{"@type":"ListItem","position":2,"name":"Role Playhouse","item":"https:\/\/softplaysupply.com\/pcategory\/role-playhouse\/"},{"@type":"ListItem","position":3,"name":"Children Wooden Kitchen Role Play House with Educational Pretend Play Cooking Toys"}]},{"@type":"WebSite","@id":"https:\/\/softplaysupply.com\/#website","url":"https:\/\/softplaysupply.com\/","name":"Proveedor de juegos blandos","description":"Proveedor de juegos blandos","publisher":{"@id":"https:\/\/softplaysupply.com\/#organization"},"potentialAction":[{"@type":"SearchAction","target":{"@type":"EntryPoint","urlTemplate":"https:\/\/softplaysupply.com\/?s={search_term_string}"},"query-input":{"@type":"PropertyValueSpecification","valueRequired":true,"valueName":"search_term_string"}}],"inLanguage":"es"},{"@type":"Organization","@id":"https:\/\/softplaysupply.com\/#organization","name":"Nanpak","url":"https:\/\/softplaysupply.com\/","logo":{"@type":"ImageObject","inLanguage":"es","@id":"https:\/\/softplaysupply.com\/#\/schema\/logo\/image\/","url":"https:\/\/softplaysupply.com\/wp-content\/uploads\/2025\/12\/cropped-mobile-logo.png","contentUrl":"https:\/\/softplaysupply.com\/wp-content\/uploads\/2025\/12\/cropped-mobile-logo.png","width":263,"height":84,"caption":"Nanpak"},"image":{"@id":"https:\/\/softplaysupply.com\/#\/schema\/logo\/image\/"}}]}},"taxonomy_info":{"pcategory":[{"value":20,"label":"Role Playhouse"}]},"featured_image_src_large":["https:\/\/softplaysupply.com\/wp-content\/uploads\/2025\/12\/Kitchen-Role-Play-House-3.jpg",800,800,false],"author_info":[],"comment_info":"","_links":{"self":[{"href":"https:\/\/softplaysupply.com\/es\/wp-json\/wp\/v2\/product\/3404","targetHints":{"allow":["GET"]}}],"collection":[{"href":"https:\/\/softplaysupply.com\/es\/wp-json\/wp\/v2\/product"}],"about":[{"href":"https:\/\/softplaysupply.com\/es\/wp-json\/wp\/v2\/types\/product"}],"wp:featuredmedia":[{"embeddable":true,"href":"https:\/\/softplaysupply.com\/es\/wp-json\/wp\/v2\/media\/3407"}],"wp:attachment":[{"href":"https:\/\/softplaysupply.com\/es\/wp-json\/wp\/v2\/media?parent=3404"}],"wp:term":[{"taxonomy":"pcategory","embeddable":true,"href":"https:\/\/softplaysupply.com\/es\/wp-json\/wp\/v2\/pcategory?post=3404"},{"taxonomy":"ptag","embeddable":true,"href":"https:\/\/softplaysupply.com\/es\/wp-json\/wp\/v2\/ptag?post=3404"}],"curies":[{"name":"wp","href":"https:\/\/api.w.org\/{rel}","templated":true}]}}