{"id":3397,"date":"2025-12-29T07:02:03","date_gmt":"2025-12-29T07:02:03","guid":{"rendered":"https:\/\/softplaysupply.com\/?post_type=product&#038;p=3397"},"modified":"2025-12-18T07:47:15","modified_gmt":"2025-12-18T07:47:15","slug":"casita-de-juegos-de-bomberos","status":"publish","type":"product","link":"https:\/\/softplaysupply.com\/es\/producto\/casita-de-juegos-de-bomberos\/","title":{"rendered":"Caseta de bomberos para jugar Equipamiento para parques infantiles de interior Juego de simulaci\u00f3n de roles Caseta de bomberos"},"content":{"rendered":"<p style=\"font-size: 16px; margin-bottom: 20px;\">Una casita de juegos interior con tem\u00e1tica de parque de bomberos es un espacio emocionante e interactivo que permite a los ni\u00f1os vivir la emoci\u00f3n de un parque de bomberos. Imag\u00ednese una casa de aventuras dise\u00f1ada para despertar la creatividad y la imaginaci\u00f3n, que combina actividades divertidas con una tem\u00e1tica envolvente. Esta casita de juegos es un sue\u00f1o hecho realidad para cualquier ni\u00f1o al que le guste jugar a ser bombero, ya que ofrece todo lo necesario, desde campanas de incendio hasta t\u00faneles de escape, todo ello en un entorno seguro y emocionante.<\/p>\n<p><img loading=\"lazy\" decoding=\"async\" class=\"alignnone size-full wp-image-3396\" src=\"https:\/\/softplaysupply.com\/wp-content\/uploads\/2025\/12\/kids-role-play-house-6.jpg\" alt=\"\" width=\"750\" height=\"750\" srcset=\"https:\/\/softplaysupply.com\/wp-content\/uploads\/2025\/12\/kids-role-play-house-6.jpg 750w, https:\/\/softplaysupply.com\/wp-content\/uploads\/2025\/12\/kids-role-play-house-6-300x300.jpg 300w, https:\/\/softplaysupply.com\/wp-content\/uploads\/2025\/12\/kids-role-play-house-6-150x150.jpg 150w, https:\/\/softplaysupply.com\/wp-content\/uploads\/2025\/12\/kids-role-play-house-6-12x12.jpg 12w\" sizes=\"auto, (max-width: 750px) 100vw, 750px\" \/> <img loading=\"lazy\" decoding=\"async\" class=\"alignnone size-full wp-image-3398\" src=\"https:\/\/softplaysupply.com\/wp-content\/uploads\/2025\/12\/role-play-firehouse-1.jpg\" alt=\"\" width=\"750\" height=\"750\" srcset=\"https:\/\/softplaysupply.com\/wp-content\/uploads\/2025\/12\/role-play-firehouse-1.jpg 750w, https:\/\/softplaysupply.com\/wp-content\/uploads\/2025\/12\/role-play-firehouse-1-300x300.jpg 300w, https:\/\/softplaysupply.com\/wp-content\/uploads\/2025\/12\/role-play-firehouse-1-150x150.jpg 150w, https:\/\/softplaysupply.com\/wp-content\/uploads\/2025\/12\/role-play-firehouse-1-12x12.jpg 12w\" sizes=\"auto, (max-width: 750px) 100vw, 750px\" \/> <img loading=\"lazy\" decoding=\"async\" class=\"alignnone size-full wp-image-3400\" src=\"https:\/\/softplaysupply.com\/wp-content\/uploads\/2025\/12\/role-play-firehouse-3.jpg\" alt=\"\" width=\"750\" height=\"750\" srcset=\"https:\/\/softplaysupply.com\/wp-content\/uploads\/2025\/12\/role-play-firehouse-3.jpg 750w, https:\/\/softplaysupply.com\/wp-content\/uploads\/2025\/12\/role-play-firehouse-3-300x300.jpg 300w, https:\/\/softplaysupply.com\/wp-content\/uploads\/2025\/12\/role-play-firehouse-3-150x150.jpg 150w, https:\/\/softplaysupply.com\/wp-content\/uploads\/2025\/12\/role-play-firehouse-3-12x12.jpg 12w\" sizes=\"auto, (max-width: 750px) 100vw, 750px\" \/> <img loading=\"lazy\" decoding=\"async\" class=\"alignnone size-full wp-image-3401\" src=\"https:\/\/softplaysupply.com\/wp-content\/uploads\/2025\/12\/role-play-firehouse-4.jpg\" alt=\"juego de roles en el parque de bomberos\" width=\"750\" height=\"750\" srcset=\"https:\/\/softplaysupply.com\/wp-content\/uploads\/2025\/12\/role-play-firehouse-4.jpg 750w, https:\/\/softplaysupply.com\/wp-content\/uploads\/2025\/12\/role-play-firehouse-4-300x300.jpg 300w, https:\/\/softplaysupply.com\/wp-content\/uploads\/2025\/12\/role-play-firehouse-4-150x150.jpg 150w, https:\/\/softplaysupply.com\/wp-content\/uploads\/2025\/12\/role-play-firehouse-4-12x12.jpg 12w\" sizes=\"auto, (max-width: 750px) 100vw, 750px\" \/> <img loading=\"lazy\" decoding=\"async\" class=\"alignnone size-full wp-image-3402\" src=\"https:\/\/softplaysupply.com\/wp-content\/uploads\/2025\/12\/role-play-firehouse-5.jpg\" alt=\"\" width=\"750\" height=\"750\" srcset=\"https:\/\/softplaysupply.com\/wp-content\/uploads\/2025\/12\/role-play-firehouse-5.jpg 750w, https:\/\/softplaysupply.com\/wp-content\/uploads\/2025\/12\/role-play-firehouse-5-300x300.jpg 300w, https:\/\/softplaysupply.com\/wp-content\/uploads\/2025\/12\/role-play-firehouse-5-150x150.jpg 150w, https:\/\/softplaysupply.com\/wp-content\/uploads\/2025\/12\/role-play-firehouse-5-12x12.jpg 12w\" sizes=\"auto, (max-width: 750px) 100vw, 750px\" \/> <img loading=\"lazy\" decoding=\"async\" class=\"alignnone size-full wp-image-3399\" src=\"https:\/\/softplaysupply.com\/wp-content\/uploads\/2025\/12\/role-play-firehouse-2.jpg\" alt=\"\" width=\"750\" height=\"750\" srcset=\"https:\/\/softplaysupply.com\/wp-content\/uploads\/2025\/12\/role-play-firehouse-2.jpg 750w, https:\/\/softplaysupply.com\/wp-content\/uploads\/2025\/12\/role-play-firehouse-2-300x300.jpg 300w, https:\/\/softplaysupply.com\/wp-content\/uploads\/2025\/12\/role-play-firehouse-2-150x150.jpg 150w, https:\/\/softplaysupply.com\/wp-content\/uploads\/2025\/12\/role-play-firehouse-2-12x12.jpg 12w\" sizes=\"auto, (max-width: 750px) 100vw, 750px\" \/><\/p>\n<p style=\"font-size: 22px; font-weight: bold; color: #d32f2f; margin: 30px 0 15px;\">Un tema de bomberos que fomenta el juego simb\u00f3lico<\/p>\n<p style=\"font-size: 16px; margin-bottom: 20px;\">La casita de juegos interior \u00abestaci\u00f3n de bomberos\u00bb est\u00e1 dise\u00f1ada para imitar una estaci\u00f3n de bomberos real con una serie de emocionantes caracter\u00edsticas. Incluye un gran garaje con doble puerta, un roc\u00f3dromo, un poste de bomberos para deslizarse y un columpio, todo ello cuidadosamente dise\u00f1ado para crear la mejor experiencia de bombero. En el interior, hay trampillas y escaleras ocultas que conectan las diferentes zonas, lo que lo convierte en un lugar perfecto para que los ni\u00f1os exploren y jueguen. Esta distribuci\u00f3n garantiza que los ni\u00f1os puedan trepar, deslizarse y explorar libremente, manteni\u00e9ndolos entretenidos durante horas.<\/p>\n<p style=\"font-size: 16px; margin-bottom: 30px;\">Esta casita de bomberos para interior es ideal para uso dom\u00e9stico, escuelas, centros comunitarios o parques infantiles cubiertos. Crea un espacio seguro donde los ni\u00f1os pueden jugar a simular la vida en un parque de bomberos. Ya sea tocando la campana de incendios, desliz\u00e1ndose por la barra de bomberos o saliendo a toda velocidad por las puertas del garaje para combatir incendios, las oportunidades de juego imaginativo son infinitas.<\/p>\n<p style=\"font-size: 22px; font-weight: bold; color: #d32f2f; margin: 30px 0 15px;\">El espacio ideal para que los ni\u00f1os exploren<\/p>\n<p style=\"font-size: 16px; margin-bottom: 20px;\">Una de las caracter\u00edsticas clave de esta casita de juegos para interiores con forma de estaci\u00f3n de bomberos es su dise\u00f1o espacioso. Con techos altos y grandes ventanas, garantiza un amplio espacio y mucha luz natural. Esto crea un ambiente luminoso y abierto donde los ni\u00f1os pueden moverse libremente y disfrutar de sus aventuras. La estructura est\u00e1 fabricada con materiales duraderos, como madera, silicona, PVC y otros componentes aptos para ni\u00f1os, lo que garantiza que la casita sea segura y duradera.<\/p>\n<p style=\"font-size: 16px; margin-bottom: 30px;\">Ya sea en el jard\u00edn de casa o en un centro de juegos infantil, la casita de bomberos para interiores ofrece un entorno atractivo y seguro para que los ni\u00f1os den rienda suelta a su imaginaci\u00f3n. La casita incluye planos de dise\u00f1o detallados, lo que facilita su construcci\u00f3n y personalizaci\u00f3n a los aficionados al bricolaje para adaptarla a su espacio.<\/p>\n<p style=\"font-size: 22px; font-weight: bold; color: #d32f2f; margin: 30px 0 15px;\">Ideal para casitas de juguete<\/p>\n<p style=\"font-size: 16px; margin-bottom: 20px;\">Si desea llevar la emoci\u00f3n de una estaci\u00f3n de bomberos de juguete a su hogar o centro, la casita de juegos de bomberos para interiores es el complemento perfecto. No es solo un parque infantil, es una experiencia completa. Desde la campana de incendios hasta las bocas de incendio, est\u00e1 dise\u00f1ada para fomentar el juego activo y la diversi\u00f3n mediante juegos de rol que los ni\u00f1os pueden disfrutar con sus amigos o familiares.<\/p>\n<p style=\"font-size: 16px; margin-bottom: 30px;\">Adem\u00e1s de sus impresionantes caracter\u00edsticas, la casita de juegos de bomberos para interiores se puede personalizar para adaptarse a tus necesidades. Incluso puedes a\u00f1adir elementos adicionales, como un tobog\u00e1n o un t\u00fanel secreto de escape que conduzca a un edificio en llamas simulado o un cami\u00f3n de bomberos de juguete. \u00a1No hay l\u00edmite para las aventuras que los ni\u00f1os pueden vivir en este emocionante espacio!<\/p>\n<p style=\"font-size: 22px; font-weight: bold; color: #d32f2f; margin: 30px 0 15px;\">Perfecto para diversos entornos<\/p>\n<p style=\"font-size: 16px; margin-bottom: 30px;\">Esta vers\u00e1til casita de juegos se puede utilizar en diversos entornos, como colegios, jardines, restaurantes, centros comerciales, hoteles y hospitales. Es una forma excelente de fomentar el juego imaginativo entre los ni\u00f1os, al tiempo que les proporciona un entorno seguro y entretenido. Ya sea en un parque infantil comunitario o en un jard\u00edn privado, esta casita de juegos con forma de parque de bomberos para interiores se convertir\u00e1 sin duda en la favorita de los ni\u00f1os.<\/p>\n<p style=\"font-size: 22px; font-weight: bold; color: #d32f2f; margin: 30px 0 15px;\">\u00bfPor qu\u00e9 elegir la casita de juegos \u00abEstaci\u00f3n de bomberos\u00bb de Nanpak?<\/p>\n<div style=\"background-color: #fff; padding: 20px; border-radius: 10px; box-shadow: 0 2px 10px rgba(0,0,0,0.1); margin-bottom: 30px;\">\n<p style=\"font-size: 16px;\"><strong>Material:<\/strong> Madera, silicona, PVC, vinilo, nailon, felpa, PE, ABS, PP, PC, aleaci\u00f3n, pl\u00e1stico, metal, fibra de vidrio, LLDPE, acero, aluminio, otros.<\/p>\n<p style=\"font-size: 16px;\"><strong>Tipo:<\/strong> Interior, Exterior<\/p>\n<p style=\"font-size: 16px;\"><strong>Marca:<\/strong> Nanpak<\/p>\n<p style=\"font-size: 16px;\"><strong>Tama\u00f1o:<\/strong> Se puede personalizar.<\/p>\n<p style=\"font-size: 16px;\"><strong>Dise\u00f1o:<\/strong> Gratis, la traducci\u00f3n se publicar\u00e1 el mismo d\u00eda.<\/p>\n<p style=\"font-size: 16px;\"><strong>Uso:<\/strong> Escuelas, jardines, restaurantes, centros comerciales, hoteles, hospitales.<\/p>\n<p style=\"font-size: 16px; margin-top: 20px;\"><strong>Por qu\u00e9 elegirnos:<\/strong><\/p>\n<ol style=\"font-size: 16px; padding-left: 20px;\">\n<li>Servicio de consultor\u00eda totalmente personalizado y adaptado al cliente.<\/li>\n<li>Cumplimiento de todas las normas de seguridad y rendimiento; cumplimiento de la norma ISO9001 y  certificaciones CE.<\/li>\n<li>Asistencia t\u00e9cnica in situ.<\/li>\n<li>Precios asequibles que se ajustan a cualquier presupuesto.<\/li>\n<\/ol>\n<\/div>","protected":false},"excerpt":{"rendered":"<p>La casita de juegos que simula una estaci\u00f3n de bomberos es un entorno inmersivo y divertido para los ni\u00f1os, con paredes para escalar, barras de bomberos y garajes que fomentan el juego imaginativo y la aventura en escuelas, centros de juegos o parques infantiles cubiertos.<\/p>","protected":false},"featured_media":3401,"parent":0,"template":"","meta":{"_acf_changed":false,"_kad_blocks_custom_css":"","_kad_blocks_head_custom_js":"","_kad_blocks_body_custom_js":"","_kad_blocks_footer_custom_js":"","_kadence_starter_templates_imported_post":false,"_kad_post_transparent":"default","_kad_post_title":"","_kad_post_layout":"default","_kad_post_sidebar_id":"","_kad_post_content_style":"default","_kad_post_vertical_padding":"default","_kad_post_feature":"","_kad_post_feature_position":"","_kad_post_header":false,"_kad_post_footer":false},"pcategory":[20],"ptag":[],"class_list":["post-3397","product","type-product","status-publish","has-post-thumbnail","hentry","pcategory-role-playhouse"],"acf":[],"yoast_head":"<!-- This site is optimized with the Yoast SEO plugin v26.8 - https:\/\/yoast.com\/product\/yoast-seo-wordpress\/ -->\n<title>Fire Station Playhouse Indoor Playtown Playground Equipment Role Pretend Play Firehouse<\/title>\n<meta name=\"description\" content=\"The fire station playhouse indoor offers an exciting, interactive experience for children with features like fire poles, climbing walls, and escape tunnels, making it perfect for homes, schools, and playgrounds.\" \/>\n<meta name=\"robots\" content=\"index, follow, max-snippet:-1, max-image-preview:large, max-video-preview:-1\" \/>\n<link rel=\"canonical\" href=\"https:\/\/softplaysupply.com\/es\/producto\/casita-de-juegos-de-bomberos\/\" \/>\n<meta property=\"og:locale\" content=\"es_ES\" \/>\n<meta property=\"og:type\" content=\"article\" \/>\n<meta property=\"og:title\" content=\"Fire Station Playhouse Indoor Playtown Playground Equipment Role Pretend Play Firehouse\" \/>\n<meta property=\"og:description\" content=\"The fire station playhouse indoor offers an exciting, interactive experience for children with features like fire poles, climbing walls, and escape tunnels, making it perfect for homes, schools, and playgrounds.\" \/>\n<meta property=\"og:url\" content=\"https:\/\/softplaysupply.com\/es\/producto\/casita-de-juegos-de-bomberos\/\" \/>\n<meta property=\"og:site_name\" content=\"Nanpak\" \/>\n<meta property=\"og:image\" content=\"https:\/\/softplaysupply.com\/wp-content\/uploads\/2025\/12\/role-play-firehouse-4.jpg\" \/>\n\t<meta property=\"og:image:width\" content=\"750\" \/>\n\t<meta property=\"og:image:height\" content=\"750\" \/>\n\t<meta property=\"og:image:type\" content=\"image\/jpeg\" \/>\n<meta name=\"twitter:card\" content=\"summary_large_image\" \/>\n<meta name=\"twitter:label1\" content=\"Tiempo de lectura\" \/>\n\t<meta name=\"twitter:data1\" content=\"5 minutos\" \/>\n<script type=\"application\/ld+json\" class=\"yoast-schema-graph\">{\"@context\":\"https:\/\/schema.org\",\"@graph\":[{\"@type\":\"WebPage\",\"@id\":\"https:\/\/softplaysupply.com\/product\/fire-station-playhouse\/\",\"url\":\"https:\/\/softplaysupply.com\/product\/fire-station-playhouse\/\",\"name\":\"Fire Station Playhouse Indoor Playtown Playground Equipment Role Pretend Play Firehouse\",\"isPartOf\":{\"@id\":\"https:\/\/softplaysupply.com\/#website\"},\"primaryImageOfPage\":{\"@id\":\"https:\/\/softplaysupply.com\/product\/fire-station-playhouse\/#primaryimage\"},\"image\":{\"@id\":\"https:\/\/softplaysupply.com\/product\/fire-station-playhouse\/#primaryimage\"},\"thumbnailUrl\":\"https:\/\/softplaysupply.com\/wp-content\/uploads\/2025\/12\/role-play-firehouse-4.jpg\",\"datePublished\":\"2025-12-29T07:02:03+00:00\",\"description\":\"The fire station playhouse indoor offers an exciting, interactive experience for children with features like fire poles, climbing walls, and escape tunnels, making it perfect for homes, schools, and playgrounds.\",\"breadcrumb\":{\"@id\":\"https:\/\/softplaysupply.com\/product\/fire-station-playhouse\/#breadcrumb\"},\"inLanguage\":\"es\",\"potentialAction\":[{\"@type\":\"ReadAction\",\"target\":[\"https:\/\/softplaysupply.com\/product\/fire-station-playhouse\/\"]}]},{\"@type\":\"ImageObject\",\"inLanguage\":\"es\",\"@id\":\"https:\/\/softplaysupply.com\/product\/fire-station-playhouse\/#primaryimage\",\"url\":\"https:\/\/softplaysupply.com\/wp-content\/uploads\/2025\/12\/role-play-firehouse-4.jpg\",\"contentUrl\":\"https:\/\/softplaysupply.com\/wp-content\/uploads\/2025\/12\/role-play-firehouse-4.jpg\",\"width\":750,\"height\":750,\"caption\":\"role play firehouse\"},{\"@type\":\"BreadcrumbList\",\"@id\":\"https:\/\/softplaysupply.com\/product\/fire-station-playhouse\/#breadcrumb\",\"itemListElement\":[{\"@type\":\"ListItem\",\"position\":1,\"name\":\"Home\",\"item\":\"https:\/\/softplaysupply.com\/\"},{\"@type\":\"ListItem\",\"position\":2,\"name\":\"Role Playhouse\",\"item\":\"https:\/\/softplaysupply.com\/pcategory\/role-playhouse\/\"},{\"@type\":\"ListItem\",\"position\":3,\"name\":\"Fire Station Playhouse Indoor Playtown Playground Equipment Role Pretend Play Firehouse\"}]},{\"@type\":\"WebSite\",\"@id\":\"https:\/\/softplaysupply.com\/#website\",\"url\":\"https:\/\/softplaysupply.com\/\",\"name\":\"Soft Play Supplier\",\"description\":\"Soft Play Supplier\",\"publisher\":{\"@id\":\"https:\/\/softplaysupply.com\/#organization\"},\"potentialAction\":[{\"@type\":\"SearchAction\",\"target\":{\"@type\":\"EntryPoint\",\"urlTemplate\":\"https:\/\/softplaysupply.com\/?s={search_term_string}\"},\"query-input\":{\"@type\":\"PropertyValueSpecification\",\"valueRequired\":true,\"valueName\":\"search_term_string\"}}],\"inLanguage\":\"es\"},{\"@type\":\"Organization\",\"@id\":\"https:\/\/softplaysupply.com\/#organization\",\"name\":\"Nanpak\",\"url\":\"https:\/\/softplaysupply.com\/\",\"logo\":{\"@type\":\"ImageObject\",\"inLanguage\":\"es\",\"@id\":\"https:\/\/softplaysupply.com\/#\/schema\/logo\/image\/\",\"url\":\"https:\/\/softplaysupply.com\/wp-content\/uploads\/2025\/12\/cropped-mobile-logo.png\",\"contentUrl\":\"https:\/\/softplaysupply.com\/wp-content\/uploads\/2025\/12\/cropped-mobile-logo.png\",\"width\":263,\"height\":84,\"caption\":\"Nanpak\"},\"image\":{\"@id\":\"https:\/\/softplaysupply.com\/#\/schema\/logo\/image\/\"}}]}<\/script>\n<!-- \/ Yoast SEO plugin. -->","yoast_head_json":{"title":"Caseta de bomberos para jugar Equipamiento para parques infantiles de interior Juego de simulaci\u00f3n de roles Caseta de bomberos","description":"La casita de juegos para interiores con tem\u00e1tica de estaci\u00f3n de bomberos ofrece una experiencia emocionante e interactiva para los ni\u00f1os, con elementos como barras de bomberos, roc\u00f3dromos y t\u00faneles de escape, lo que la hace perfecta para hogares, escuelas y parques infantiles.","robots":{"index":"index","follow":"follow","max-snippet":"max-snippet:-1","max-image-preview":"max-image-preview:large","max-video-preview":"max-video-preview:-1"},"canonical":"https:\/\/softplaysupply.com\/es\/producto\/casita-de-juegos-de-bomberos\/","og_locale":"es_ES","og_type":"article","og_title":"Fire Station Playhouse Indoor Playtown Playground Equipment Role Pretend Play Firehouse","og_description":"The fire station playhouse indoor offers an exciting, interactive experience for children with features like fire poles, climbing walls, and escape tunnels, making it perfect for homes, schools, and playgrounds.","og_url":"https:\/\/softplaysupply.com\/es\/producto\/casita-de-juegos-de-bomberos\/","og_site_name":"Nanpak","og_image":[{"width":750,"height":750,"url":"https:\/\/softplaysupply.com\/wp-content\/uploads\/2025\/12\/role-play-firehouse-4.jpg","type":"image\/jpeg"}],"twitter_card":"summary_large_image","twitter_misc":{"Tiempo de lectura":"5 minutos"},"schema":{"@context":"https:\/\/schema.org","@graph":[{"@type":"WebPage","@id":"https:\/\/softplaysupply.com\/product\/fire-station-playhouse\/","url":"https:\/\/softplaysupply.com\/product\/fire-station-playhouse\/","name":"Caseta de bomberos para jugar Equipamiento para parques infantiles de interior Juego de simulaci\u00f3n de roles Caseta de bomberos","isPartOf":{"@id":"https:\/\/softplaysupply.com\/#website"},"primaryImageOfPage":{"@id":"https:\/\/softplaysupply.com\/product\/fire-station-playhouse\/#primaryimage"},"image":{"@id":"https:\/\/softplaysupply.com\/product\/fire-station-playhouse\/#primaryimage"},"thumbnailUrl":"https:\/\/softplaysupply.com\/wp-content\/uploads\/2025\/12\/role-play-firehouse-4.jpg","datePublished":"2025-12-29T07:02:03+00:00","description":"La casita de juegos para interiores con tem\u00e1tica de estaci\u00f3n de bomberos ofrece una experiencia emocionante e interactiva para los ni\u00f1os, con elementos como barras de bomberos, roc\u00f3dromos y t\u00faneles de escape, lo que la hace perfecta para hogares, escuelas y parques infantiles.","breadcrumb":{"@id":"https:\/\/softplaysupply.com\/product\/fire-station-playhouse\/#breadcrumb"},"inLanguage":"es","potentialAction":[{"@type":"ReadAction","target":["https:\/\/softplaysupply.com\/product\/fire-station-playhouse\/"]}]},{"@type":"ImageObject","inLanguage":"es","@id":"https:\/\/softplaysupply.com\/product\/fire-station-playhouse\/#primaryimage","url":"https:\/\/softplaysupply.com\/wp-content\/uploads\/2025\/12\/role-play-firehouse-4.jpg","contentUrl":"https:\/\/softplaysupply.com\/wp-content\/uploads\/2025\/12\/role-play-firehouse-4.jpg","width":750,"height":750,"caption":"role play firehouse"},{"@type":"BreadcrumbList","@id":"https:\/\/softplaysupply.com\/product\/fire-station-playhouse\/#breadcrumb","itemListElement":[{"@type":"ListItem","position":1,"name":"Home","item":"https:\/\/softplaysupply.com\/"},{"@type":"ListItem","position":2,"name":"Role Playhouse","item":"https:\/\/softplaysupply.com\/pcategory\/role-playhouse\/"},{"@type":"ListItem","position":3,"name":"Fire Station Playhouse Indoor Playtown Playground Equipment Role Pretend Play Firehouse"}]},{"@type":"WebSite","@id":"https:\/\/softplaysupply.com\/#website","url":"https:\/\/softplaysupply.com\/","name":"Proveedor de juegos blandos","description":"Proveedor de juegos blandos","publisher":{"@id":"https:\/\/softplaysupply.com\/#organization"},"potentialAction":[{"@type":"SearchAction","target":{"@type":"EntryPoint","urlTemplate":"https:\/\/softplaysupply.com\/?s={search_term_string}"},"query-input":{"@type":"PropertyValueSpecification","valueRequired":true,"valueName":"search_term_string"}}],"inLanguage":"es"},{"@type":"Organization","@id":"https:\/\/softplaysupply.com\/#organization","name":"Nanpak","url":"https:\/\/softplaysupply.com\/","logo":{"@type":"ImageObject","inLanguage":"es","@id":"https:\/\/softplaysupply.com\/#\/schema\/logo\/image\/","url":"https:\/\/softplaysupply.com\/wp-content\/uploads\/2025\/12\/cropped-mobile-logo.png","contentUrl":"https:\/\/softplaysupply.com\/wp-content\/uploads\/2025\/12\/cropped-mobile-logo.png","width":263,"height":84,"caption":"Nanpak"},"image":{"@id":"https:\/\/softplaysupply.com\/#\/schema\/logo\/image\/"}}]}},"taxonomy_info":{"pcategory":[{"value":20,"label":"Role Playhouse"}]},"featured_image_src_large":["https:\/\/softplaysupply.com\/wp-content\/uploads\/2025\/12\/role-play-firehouse-4.jpg",750,750,false],"author_info":[],"comment_info":"","_links":{"self":[{"href":"https:\/\/softplaysupply.com\/es\/wp-json\/wp\/v2\/product\/3397","targetHints":{"allow":["GET"]}}],"collection":[{"href":"https:\/\/softplaysupply.com\/es\/wp-json\/wp\/v2\/product"}],"about":[{"href":"https:\/\/softplaysupply.com\/es\/wp-json\/wp\/v2\/types\/product"}],"wp:featuredmedia":[{"embeddable":true,"href":"https:\/\/softplaysupply.com\/es\/wp-json\/wp\/v2\/media\/3401"}],"wp:attachment":[{"href":"https:\/\/softplaysupply.com\/es\/wp-json\/wp\/v2\/media?parent=3397"}],"wp:term":[{"taxonomy":"pcategory","embeddable":true,"href":"https:\/\/softplaysupply.com\/es\/wp-json\/wp\/v2\/pcategory?post=3397"},{"taxonomy":"ptag","embeddable":true,"href":"https:\/\/softplaysupply.com\/es\/wp-json\/wp\/v2\/ptag?post=3397"}],"curies":[{"name":"wp","href":"https:\/\/api.w.org\/{rel}","templated":true}]}}